{"id":489,"date":"2025-09-19T08:03:22","date_gmt":"2025-09-19T08:03:22","guid":{"rendered":"https:\/\/aoxuancnc.com\/?post_type=product&#038;p=489"},"modified":"2025-09-19T08:11:54","modified_gmt":"2025-09-19T08:11:54","slug":"qc12k-83200mm-iron-steel-sheet-hydraulic-guillotine-shears-machine-with-e21s","status":"publish","type":"product","link":"http:\/\/aoxuancnc.com\/de\/produkt\/qc12k-83200mm-iron-steel-sheet-hydraulic-guillotine-shears-machine-with-e21s\/","title":{"rendered":"QC12K-8 * 3200 mm Hydraulische Guillotine-Scherenmaschine f\u00fcr Eisenstahlbleche mit E21S"},"content":{"rendered":"<div style=\"width: 640px;\" class=\"wp-video\"><video class=\"wp-video-shortcode\" id=\"video-489-1\" width=\"640\" height=\"480\" preload=\"metadata\" controls=\"controls\"><source type=\"video\/mp4\" src=\"https:\/\/aoxuancnc.com\/wp-content\/uploads\/2025\/09\/8X3200-hydraulic-sheaing-machine-with-E21S.mp4?_=1\" \/><a href=\"https:\/\/aoxuancnc.com\/wp-content\/uploads\/2025\/09\/8X3200-hydraulic-sheaing-machine-with-E21S.mp4\">https:\/\/aoxuancnc.com\/wp-content\/uploads\/2025\/09\/8X3200-hydraulic-sheaing-machine-with-E21S.mp4<\/a><\/video><\/div>\n<h3 class=\"magic-9\"><strong>Einf\u00fchren:<\/strong><\/h3>\n<h6 class=\"magic-9\">Die hydraulische Schermaschine der Serie QC11Y eignet sich zum Schneiden von Kohlenstoffstahl, Edelstahl, verzinktem Blech, Aluminium und vielen anderen Metallen. Sie wird h\u00e4ufig in der Metallverarbeitung, im Maschinenbau, im Hochbau, im Bergbau, im Eisenbahnbau und in der Luft- und Raumfahrtindustrie eingesetzt.<\/h6>\n<p><img loading=\"lazy\" decoding=\"async\" class=\"alignnone size-medium wp-image-483\" src=\"https:\/\/aoxuancnc.com\/wp-content\/uploads\/2025\/09\/8X3200-hydraulic-shearing-machine-with-E21S-2-500x375.jpg\" alt=\"\" width=\"500\" height=\"375\" srcset=\"http:\/\/aoxuancnc.com\/wp-content\/uploads\/2025\/09\/8X3200-hydraulic-shearing-machine-with-E21S-2-500x375.jpg 500w, http:\/\/aoxuancnc.com\/wp-content\/uploads\/2025\/09\/8X3200-hydraulic-shearing-machine-with-E21S-2-300x225.jpg 300w, http:\/\/aoxuancnc.com\/wp-content\/uploads\/2025\/09\/8X3200-hydraulic-shearing-machine-with-E21S-2-768x576.jpg 768w, http:\/\/aoxuancnc.com\/wp-content\/uploads\/2025\/09\/8X3200-hydraulic-shearing-machine-with-E21S-2-16x12.jpg 16w, http:\/\/aoxuancnc.com\/wp-content\/uploads\/2025\/09\/8X3200-hydraulic-shearing-machine-with-E21S-2-100x75.jpg 100w, http:\/\/aoxuancnc.com\/wp-content\/uploads\/2025\/09\/8X3200-hydraulic-shearing-machine-with-E21S-2-480x360.jpg 480w, http:\/\/aoxuancnc.com\/wp-content\/uploads\/2025\/09\/8X3200-hydraulic-shearing-machine-with-E21S-2.jpg 800w\" sizes=\"auto, (max-width:767px) 480px, 500px\" \/><\/p>\n<h3 class=\"magic-9\"><strong><span class=\"magic-10\">Hauptmerkmale:<\/span><\/strong><\/h3>\n<div class=\"magic-2\">\n<div class=\"magic-3\">\n<div class=\"magic-4\">\n<div class=\"magic-11\">1-Der Hauptrahmen der Biegemaschine ist mit einem speziellen numerischen Steuerungssystem ausgestattet.<br \/>\n2-Multi-Work-Stop-Programmierfunktion erm\u00f6glicht einen automatischen Betrieb und setzt die Positionierung von mehrstufigen Verfahren fort,<br \/>\nsowie eine automatische Feineinstellung der Positionen von Hinteranschlag und Gleitblock.<br \/>\n3-Die Maschine ist mit einer Biegungsz\u00e4hlfunktion ausgestattet, f\u00fcr eine Echtzeitanzeige der Verarbeitungsmenge und eines Stromausfallspeichers von<br \/>\nPositionen von Stopper und Gleitblock, sowie Vorgehensweise und Parameter.<br \/>\n4-Importierte Kugellager-Leitspindel und lineare F\u00fchrungsschiene werden f\u00fcr den hinteren Stopper verwendet, um die Positionierungspr\u00e4zision der R\u00fcckseite zu gew\u00e4hrleisten<br \/>\nStopper, um die Verarbeitungspr\u00e4zision der Maschine zu erh\u00f6hen.<\/div>\n<\/div>\n<\/div>\n<\/div>\n<p><img loading=\"lazy\" decoding=\"async\" class=\"alignnone size-medium wp-image-484\" src=\"https:\/\/aoxuancnc.com\/wp-content\/uploads\/2025\/09\/8X3200-hydraulic-shearing-machine-with-E21S-3-500x375.jpg\" alt=\"\" width=\"500\" height=\"375\" srcset=\"http:\/\/aoxuancnc.com\/wp-content\/uploads\/2025\/09\/8X3200-hydraulic-shearing-machine-with-E21S-3-500x375.jpg 500w, http:\/\/aoxuancnc.com\/wp-content\/uploads\/2025\/09\/8X3200-hydraulic-shearing-machine-with-E21S-3-300x225.jpg 300w, http:\/\/aoxuancnc.com\/wp-content\/uploads\/2025\/09\/8X3200-hydraulic-shearing-machine-with-E21S-3-768x576.jpg 768w, http:\/\/aoxuancnc.com\/wp-content\/uploads\/2025\/09\/8X3200-hydraulic-shearing-machine-with-E21S-3-16x12.jpg 16w, http:\/\/aoxuancnc.com\/wp-content\/uploads\/2025\/09\/8X3200-hydraulic-shearing-machine-with-E21S-3-100x75.jpg 100w, http:\/\/aoxuancnc.com\/wp-content\/uploads\/2025\/09\/8X3200-hydraulic-shearing-machine-with-E21S-3-480x360.jpg 480w, http:\/\/aoxuancnc.com\/wp-content\/uploads\/2025\/09\/8X3200-hydraulic-shearing-machine-with-E21S-3.jpg 800w\" sizes=\"auto, (max-width:767px) 480px, 500px\" \/><\/p>\n<p>&nbsp;<\/p>\n<div class=\"magic-4\">\n<div class=\"magic-5\">\n<h3 class=\"magic-6\"><strong><span class=\"magic-20\" style=\"color: #4e4e4e;\"><b>Serienausstattung<\/b>:<\/span><\/strong><\/h3>\n<h6>Estun E21S CNC-Steuerungssystem<br \/>\nAngetriebener Hinteranschlag X-Achse<br \/>\nDELTA Invertergesteuerter Hinteranschlag<br \/>\nHIWIN-Kugelumlaufspindeln und polierte Stangen mit einer Genauigkeit von 0,05 mm<br \/>\nAusrichtarm und vordere St\u00fctzarme<br \/>\nDeutschland Bosch-Rexroth Hydraulik<br \/>\nDeutschland EMB Schlauchverbinder<br \/>\nDeutschland Siemens Hauptmotor<br \/>\nSchneider Electrics<br \/>\nHydraulischer und elektrischer \u00dcberlastschutz<br \/>\nSchnittlinienbeleuchtung und Draht zum Schattenlinienschneiden<br \/>\nObere Klinge mit vier Schneidkanten und untere Klinge mit vier Schneidkanten. (6CrW2Si)<\/h6>\n<div data-spm-anchor-id=\"a2700.details-description.0.i0.934dDnf7Dnf7WH\"><img loading=\"lazy\" decoding=\"async\" class=\"alignnone wp-image-452\" src=\"https:\/\/aoxuancnc.com\/wp-content\/uploads\/2025\/09\/Shearing-machine-configuration-281x500.jpg\" alt=\"\" width=\"500\" height=\"890\" srcset=\"http:\/\/aoxuancnc.com\/wp-content\/uploads\/2025\/09\/Shearing-machine-configuration-281x500.jpg 281w, http:\/\/aoxuancnc.com\/wp-content\/uploads\/2025\/09\/Shearing-machine-configuration-674x1200.jpg 674w, http:\/\/aoxuancnc.com\/wp-content\/uploads\/2025\/09\/Shearing-machine-configuration-169x300.jpg 169w, http:\/\/aoxuancnc.com\/wp-content\/uploads\/2025\/09\/Shearing-machine-configuration-768x1367.jpg 768w, http:\/\/aoxuancnc.com\/wp-content\/uploads\/2025\/09\/Shearing-machine-configuration-7x12.jpg 7w, http:\/\/aoxuancnc.com\/wp-content\/uploads\/2025\/09\/Shearing-machine-configuration-42x75.jpg 42w, http:\/\/aoxuancnc.com\/wp-content\/uploads\/2025\/09\/Shearing-machine-configuration-480x854.jpg 480w, http:\/\/aoxuancnc.com\/wp-content\/uploads\/2025\/09\/Shearing-machine-configuration.jpg 800w\" sizes=\"auto, (max-width:767px) 480px, 500px\" \/><\/div>\n<div data-spm-anchor-id=\"a2700.details-description.0.i0.934dDnf7Dnf7WH\">\n<h3 class=\"magic-19\"><strong>E21S-Steuerungssystem:<\/strong><\/h3>\n<h6 class=\"magic-19\">\u25aa 160\u00d7160 LCD-Display \u25aa Positionierungssteuerung des Hinteranschlags. \u25aa Steuerbarer Schnittwinkel. \u25aa Steuerbarer Scherspalt. \u25aa Steuerbare Schnittzeit. \u25aa Steuerung eines gew\u00f6hnlichen Motors f\u00fcr allgemeine Wechselstrommotoren oder eines Frequenzumrichters. \u25aa Intelligente Positionierungsfunktion. \u25aa Einweg- und Zweiweg-Positionierungsfunktion, eliminiert effektiv den Spalt der Leitspindel. \u25aa Dualer programmierbarer Digitalausgang. \u25aa Funktion zum Zur\u00fcckziehen und Ausweichen von Material. \u25aa Automatische Suche nach Referenzpunktfunktion. \u25aa Funktion zum Sichern und Wiederherstellen von Parametern mit einer Taste. \u25aa Schnelle Positions-Teaching-Funktion. \u25aa Speicherplatz f\u00fcr 40 Mehrschrittprogramme, bis zu 25 Schritte pro Programm. \u25aa Ausschaltschutzfunktion. \u25aa Werkst\u00fcckz\u00e4hlung. \u25aa Umrechnung Zoll\/metrisch \u25aa Chinesisch\/Englisch<\/h6>\n<p><img loading=\"lazy\" decoding=\"async\" class=\"alignnone size-medium wp-image-486\" src=\"https:\/\/aoxuancnc.com\/wp-content\/uploads\/2025\/09\/8X3200-hydraulic-shearing-machine-with-E21S-5-500x375.jpg\" alt=\"\" width=\"500\" height=\"375\" srcset=\"http:\/\/aoxuancnc.com\/wp-content\/uploads\/2025\/09\/8X3200-hydraulic-shearing-machine-with-E21S-5-500x375.jpg 500w, http:\/\/aoxuancnc.com\/wp-content\/uploads\/2025\/09\/8X3200-hydraulic-shearing-machine-with-E21S-5-300x225.jpg 300w, http:\/\/aoxuancnc.com\/wp-content\/uploads\/2025\/09\/8X3200-hydraulic-shearing-machine-with-E21S-5-768x576.jpg 768w, http:\/\/aoxuancnc.com\/wp-content\/uploads\/2025\/09\/8X3200-hydraulic-shearing-machine-with-E21S-5-16x12.jpg 16w, http:\/\/aoxuancnc.com\/wp-content\/uploads\/2025\/09\/8X3200-hydraulic-shearing-machine-with-E21S-5-100x75.jpg 100w, http:\/\/aoxuancnc.com\/wp-content\/uploads\/2025\/09\/8X3200-hydraulic-shearing-machine-with-E21S-5-480x360.jpg 480w, http:\/\/aoxuancnc.com\/wp-content\/uploads\/2025\/09\/8X3200-hydraulic-shearing-machine-with-E21S-5.jpg 800w\" sizes=\"auto, (max-width:767px) 480px, 500px\" \/><\/p>\n<h6 class=\"magic-19\" data-spm-anchor-id=\"a2700.details-description.0.i2.7c08qpqgqpqg23\"><strong><span style=\"font-size: 25px;\">Parameter:<\/span><\/strong><\/h6>\n<\/div>\n<\/div>\n<\/div>\n<p><img loading=\"lazy\" decoding=\"async\" class=\"alignnone size-medium wp-image-467\" src=\"https:\/\/aoxuancnc.com\/wp-content\/uploads\/2025\/09\/shearing-machine-parameter-500x358.jpg\" alt=\"\" width=\"500\" height=\"358\" srcset=\"http:\/\/aoxuancnc.com\/wp-content\/uploads\/2025\/09\/shearing-machine-parameter-500x358.jpg 500w, http:\/\/aoxuancnc.com\/wp-content\/uploads\/2025\/09\/shearing-machine-parameter-300x215.jpg 300w, http:\/\/aoxuancnc.com\/wp-content\/uploads\/2025\/09\/shearing-machine-parameter-768x549.jpg 768w, http:\/\/aoxuancnc.com\/wp-content\/uploads\/2025\/09\/shearing-machine-parameter-18x12.jpg 18w, http:\/\/aoxuancnc.com\/wp-content\/uploads\/2025\/09\/shearing-machine-parameter-105x75.jpg 105w, http:\/\/aoxuancnc.com\/wp-content\/uploads\/2025\/09\/shearing-machine-parameter-480x343.jpg 480w, http:\/\/aoxuancnc.com\/wp-content\/uploads\/2025\/09\/shearing-machine-parameter.jpg 800w\" sizes=\"auto, (max-width:767px) 480px, 500px\" \/><\/p>\n<h3><strong>Kundenlob:<\/strong><\/h3>\n<p><img loading=\"lazy\" decoding=\"async\" class=\"alignnone size-medium wp-image-454\" src=\"https:\/\/aoxuancnc.com\/wp-content\/uploads\/2025\/09\/customer-feedback-500x323.png\" alt=\"\" width=\"500\" height=\"323\" srcset=\"http:\/\/aoxuancnc.com\/wp-content\/uploads\/2025\/09\/customer-feedback-500x323.png 500w, http:\/\/aoxuancnc.com\/wp-content\/uploads\/2025\/09\/customer-feedback-300x194.png 300w, http:\/\/aoxuancnc.com\/wp-content\/uploads\/2025\/09\/customer-feedback-768x495.png 768w, http:\/\/aoxuancnc.com\/wp-content\/uploads\/2025\/09\/customer-feedback-18x12.png 18w, http:\/\/aoxuancnc.com\/wp-content\/uploads\/2025\/09\/customer-feedback-116x75.png 116w, http:\/\/aoxuancnc.com\/wp-content\/uploads\/2025\/09\/customer-feedback-480x310.png 480w, http:\/\/aoxuancnc.com\/wp-content\/uploads\/2025\/09\/customer-feedback.png 800w\" sizes=\"auto, (max-width:767px) 480px, 500px\" \/><\/p>\n<h3><strong>CE-Zertifikat der Maschine:<\/strong><\/h3>\n<p><img loading=\"lazy\" decoding=\"async\" class=\"alignnone wp-image-455\" src=\"https:\/\/aoxuancnc.com\/wp-content\/uploads\/2025\/09\/shearing-machine-CE-352x500.jpg\" alt=\"\" width=\"500\" height=\"711\" srcset=\"http:\/\/aoxuancnc.com\/wp-content\/uploads\/2025\/09\/shearing-machine-CE-352x500.jpg 352w, http:\/\/aoxuancnc.com\/wp-content\/uploads\/2025\/09\/shearing-machine-CE-211x300.jpg 211w, http:\/\/aoxuancnc.com\/wp-content\/uploads\/2025\/09\/shearing-machine-CE-768x1092.jpg 768w, http:\/\/aoxuancnc.com\/wp-content\/uploads\/2025\/09\/shearing-machine-CE-8x12.jpg 8w, http:\/\/aoxuancnc.com\/wp-content\/uploads\/2025\/09\/shearing-machine-CE-53x75.jpg 53w, http:\/\/aoxuancnc.com\/wp-content\/uploads\/2025\/09\/shearing-machine-CE-480x682.jpg 480w, http:\/\/aoxuancnc.com\/wp-content\/uploads\/2025\/09\/shearing-machine-CE.jpg 800w\" sizes=\"auto, (max-width:767px) 480px, 500px\" \/><\/p>\n<h3><strong>Ausstellung:<\/strong><\/h3>\n<p><img loading=\"lazy\" decoding=\"async\" class=\"alignnone size-medium wp-image-475\" src=\"https:\/\/aoxuancnc.com\/wp-content\/uploads\/2025\/09\/Exhibition-1-500x500.jpg\" alt=\"\" width=\"500\" height=\"500\" srcset=\"http:\/\/aoxuancnc.com\/wp-content\/uploads\/2025\/09\/Exhibition-1-500x500.jpg 500w, http:\/\/aoxuancnc.com\/wp-content\/uploads\/2025\/09\/Exhibition-1-300x300.jpg 300w, http:\/\/aoxuancnc.com\/wp-content\/uploads\/2025\/09\/Exhibition-1-768x768.jpg 768w, http:\/\/aoxuancnc.com\/wp-content\/uploads\/2025\/09\/Exhibition-1-12x12.jpg 12w, http:\/\/aoxuancnc.com\/wp-content\/uploads\/2025\/09\/Exhibition-1-150x150.jpg 150w, http:\/\/aoxuancnc.com\/wp-content\/uploads\/2025\/09\/Exhibition-1-75x75.jpg 75w, http:\/\/aoxuancnc.com\/wp-content\/uploads\/2025\/09\/Exhibition-1-480x480.jpg 480w, http:\/\/aoxuancnc.com\/wp-content\/uploads\/2025\/09\/Exhibition-1.jpg 800w\" sizes=\"auto, (max-width:767px) 480px, 500px\" \/><\/p>\n<h3><strong>Unsere Fabrik:<\/strong><\/h3>\n<p><img loading=\"lazy\" decoding=\"async\" class=\"alignnone size-medium wp-image-477\" src=\"https:\/\/aoxuancnc.com\/wp-content\/uploads\/2025\/09\/factory-2_\u526f\u672c-500x500.jpg\" alt=\"\" width=\"500\" height=\"500\" srcset=\"http:\/\/aoxuancnc.com\/wp-content\/uploads\/2025\/09\/factory-2_\u526f\u672c-500x500.jpg 500w, http:\/\/aoxuancnc.com\/wp-content\/uploads\/2025\/09\/factory-2_\u526f\u672c-300x300.jpg 300w, http:\/\/aoxuancnc.com\/wp-content\/uploads\/2025\/09\/factory-2_\u526f\u672c-768x768.jpg 768w, http:\/\/aoxuancnc.com\/wp-content\/uploads\/2025\/09\/factory-2_\u526f\u672c-12x12.jpg 12w, http:\/\/aoxuancnc.com\/wp-content\/uploads\/2025\/09\/factory-2_\u526f\u672c-150x150.jpg 150w, http:\/\/aoxuancnc.com\/wp-content\/uploads\/2025\/09\/factory-2_\u526f\u672c-75x75.jpg 75w, http:\/\/aoxuancnc.com\/wp-content\/uploads\/2025\/09\/factory-2_\u526f\u672c-480x480.jpg 480w, http:\/\/aoxuancnc.com\/wp-content\/uploads\/2025\/09\/factory-2_\u526f\u672c.jpg 800w\" sizes=\"auto, (max-width:767px) 480px, 500px\" \/><\/p>\n<h3><strong>Verpackung und Lieferung:<\/strong><\/h3>\n<p><img loading=\"lazy\" decoding=\"async\" class=\"alignnone wp-image-442\" src=\"https:\/\/aoxuancnc.com\/wp-content\/uploads\/2025\/09\/packing-444x500.jpg\" alt=\"\" width=\"500\" height=\"563\" srcset=\"http:\/\/aoxuancnc.com\/wp-content\/uploads\/2025\/09\/packing-444x500.jpg 444w, http:\/\/aoxuancnc.com\/wp-content\/uploads\/2025\/09\/packing-267x300.jpg 267w, http:\/\/aoxuancnc.com\/wp-content\/uploads\/2025\/09\/packing-768x864.jpg 768w, http:\/\/aoxuancnc.com\/wp-content\/uploads\/2025\/09\/packing-11x12.jpg 11w, http:\/\/aoxuancnc.com\/wp-content\/uploads\/2025\/09\/packing-67x75.jpg 67w, http:\/\/aoxuancnc.com\/wp-content\/uploads\/2025\/09\/packing-480x540.jpg 480w, http:\/\/aoxuancnc.com\/wp-content\/uploads\/2025\/09\/packing.jpg 800w\" sizes=\"auto, (max-width:767px) 480px, 500px\" \/><\/p>\n<h3><strong>Unser Service:<\/strong><\/h3>\n<p>Vorverkauf.<br \/>\n* Projektdesign, Leistungseinf\u00fchrung, technische Vereinbarung, Vertragsunterzeichnung, Verpackung<br \/>\n* Anfrage- und Beratungsunterst\u00fctzung.<br \/>\n* Unterst\u00fctzung beim Testen von Beispielen.<\/p>\n<p>Im Verkauf.<br \/>\n* Wir informieren Sie \u00fcber die neuesten Fortschritte bei der Produktmontage, Verpackung und dem Transport.<\/p>\n<p>Nach dem Verkauf.<br \/>\n* Bei Sch\u00e4den an nichtmenschlichen K\u00f6rperteilen stellen wir kostenloses Zubeh\u00f6r zur Verf\u00fcgung.<br \/>\n* Schulung zur Installation der Maschine, Schulung zur Verwendung der Maschine mit Video usw.<br \/>\n* Und unser technisches Personal kann ins Ausland reisen, um technische Beratung zu leisten.<\/p>\n<p>&nbsp;<\/p>\n<p>&nbsp;<\/p>\n<p>&nbsp;<\/p>\n<p>&nbsp;<\/p>\n<p>&nbsp;<\/p>","protected":false},"excerpt":{"rendered":"<p><strong>Produktdetails<\/strong><br \/>\nHerkunftsort: China<br \/>\nMarkenname: AOXUANZG<br \/>\nZertifizierung: CE<br \/>\nModellnummer: QC11Y-8X3200<\/p>\n<p><strong>Zahlungs- und Versandbedingungen<\/strong><br \/>\nMindestbestellmenge: 1 Satz<br \/>\nVerpackungsdetails: Standard-Exportverpackung<br \/>\nLieferzeit: 30 Tage<br \/>\nZahlungsbedingungen: L\/C, T\/T, Western Union, MoneyGram<br \/>\nLieferf\u00e4higkeit: 50 S\u00e4tze\/Jahr<\/p>","protected":false},"featured_media":482,"template":"","meta":[],"product_brand":[21],"product_cat":[5],"product_tag":[50,28,25,27],"class_list":{"0":"post-489","1":"product","2":"type-product","3":"status-publish","4":"has-post-thumbnail","6":"product_brand-aoxuanzg","7":"product_cat-hydraulic-guillotine-shearing-machine","8":"product_tag-cnc-hydraulic-cutting-machine","9":"product_tag-e21s-hydraulic-cutter","10":"product_tag-guillotine-shearing-machine","11":"product_tag-metal-steel-plate-cutting-machine","13":"first","14":"instock","15":"shipping-taxable","16":"product-type-external"},"yoast_head":"<!-- This site is optimized with the Yoast SEO plugin v24.9 - https:\/\/yoast.com\/wordpress\/plugins\/seo\/ -->\n<title>QC12K-8*3200mm Iron Steel Sheet Hydraulic Guillotine Shears Machine with E21S - AOXUANZG<\/title>\n<meta name=\"robots\" content=\"index, follow, max-snippet:-1, max-image-preview:large, max-video-preview:-1\" \/>\n<link rel=\"canonical\" href=\"https:\/\/aoxuancnc.com\/de\/produkt\/qc12k-83200mm-iron-steel-sheet-hydraulic-guillotine-shears-machine-with-e21s\/\" \/>\n<meta property=\"og:locale\" content=\"de_DE\" \/>\n<meta property=\"og:type\" content=\"article\" \/>\n<meta property=\"og:title\" content=\"QC12K-8*3200mm Iron Steel Sheet Hydraulic Guillotine Shears Machine with E21S - AOXUANZG\" \/>\n<meta property=\"og:description\" content=\"Product Details Place of Origin: China Brand Name: AOXUANZG Certification: CE Model Number: QC11Y-8X3200  Payment &amp; Shipping Terms Minimum Order Quantity: 1 Set Packaging Details: Standard export packing Delivery time: 30 days Payment Terms: L\/C, T\/T, Western Union, MoneyGram Supply Ability: 50 sets\/Year\" \/>\n<meta property=\"og:url\" content=\"https:\/\/aoxuancnc.com\/de\/produkt\/qc12k-83200mm-iron-steel-sheet-hydraulic-guillotine-shears-machine-with-e21s\/\" \/>\n<meta property=\"og:site_name\" content=\"AOXUANZG\" \/>\n<meta property=\"article:modified_time\" content=\"2025-09-19T08:11:54+00:00\" \/>\n<meta property=\"og:image\" content=\"https:\/\/aoxuancnc.com\/wp-content\/uploads\/2025\/09\/8X3200-hydraulic-shearing-machine-with-E21S-9.jpg\" \/>\n\t<meta property=\"og:image:width\" content=\"800\" \/>\n\t<meta property=\"og:image:height\" content=\"800\" \/>\n\t<meta property=\"og:image:type\" content=\"image\/jpeg\" \/>\n<meta name=\"twitter:card\" content=\"summary_large_image\" \/>\n<meta name=\"twitter:label1\" content=\"Gesch\u00e4tzte Lesezeit\" \/>\n\t<meta name=\"twitter:data1\" content=\"5\u00a0Minuten\" \/>\n<script type=\"application\/ld+json\" class=\"yoast-schema-graph\">{\"@context\":\"https:\/\/schema.org\",\"@graph\":[{\"@type\":\"WebPage\",\"@id\":\"https:\/\/aoxuancnc.com\/ru\/product\/qc12k-83200mm-iron-steel-sheet-hydraulic-guillotine-shears-machine-with-e21s\/\",\"url\":\"https:\/\/aoxuancnc.com\/ru\/product\/qc12k-83200mm-iron-steel-sheet-hydraulic-guillotine-shears-machine-with-e21s\/\",\"name\":\"QC12K-8*3200mm Iron Steel Sheet Hydraulic Guillotine Shears Machine with E21S - AOXUANZG\",\"isPartOf\":{\"@id\":\"https:\/\/aoxuancnc.com\/ar\/#website\"},\"primaryImageOfPage\":{\"@id\":\"https:\/\/aoxuancnc.com\/ru\/product\/qc12k-83200mm-iron-steel-sheet-hydraulic-guillotine-shears-machine-with-e21s\/#primaryimage\"},\"image\":{\"@id\":\"https:\/\/aoxuancnc.com\/ru\/product\/qc12k-83200mm-iron-steel-sheet-hydraulic-guillotine-shears-machine-with-e21s\/#primaryimage\"},\"thumbnailUrl\":\"http:\/\/aoxuancnc.com\/wp-content\/uploads\/2025\/09\/8X3200-hydraulic-shearing-machine-with-E21S-9.jpg\",\"datePublished\":\"2025-09-19T08:03:22+00:00\",\"dateModified\":\"2025-09-19T08:11:54+00:00\",\"breadcrumb\":{\"@id\":\"https:\/\/aoxuancnc.com\/ru\/product\/qc12k-83200mm-iron-steel-sheet-hydraulic-guillotine-shears-machine-with-e21s\/#breadcrumb\"},\"inLanguage\":\"de\",\"potentialAction\":[{\"@type\":\"ReadAction\",\"target\":[\"https:\/\/aoxuancnc.com\/ru\/product\/qc12k-83200mm-iron-steel-sheet-hydraulic-guillotine-shears-machine-with-e21s\/\"]}]},{\"@type\":\"ImageObject\",\"inLanguage\":\"de\",\"@id\":\"https:\/\/aoxuancnc.com\/ru\/product\/qc12k-83200mm-iron-steel-sheet-hydraulic-guillotine-shears-machine-with-e21s\/#primaryimage\",\"url\":\"http:\/\/aoxuancnc.com\/wp-content\/uploads\/2025\/09\/8X3200-hydraulic-shearing-machine-with-E21S-9.jpg\",\"contentUrl\":\"http:\/\/aoxuancnc.com\/wp-content\/uploads\/2025\/09\/8X3200-hydraulic-shearing-machine-with-E21S-9.jpg\",\"width\":800,\"height\":800},{\"@type\":\"BreadcrumbList\",\"@id\":\"https:\/\/aoxuancnc.com\/ru\/product\/qc12k-83200mm-iron-steel-sheet-hydraulic-guillotine-shears-machine-with-e21s\/#breadcrumb\",\"itemListElement\":[{\"@type\":\"ListItem\",\"position\":1,\"name\":\"\u9996\u9875\",\"item\":\"https:\/\/aoxuancnc.com\/ar\/\"},{\"@type\":\"ListItem\",\"position\":2,\"name\":\"Product\",\"item\":\"https:\/\/aoxuancnc.com\/ar\/product\/\"},{\"@type\":\"ListItem\",\"position\":3,\"name\":\"QC12K-8*3200mm Iron Steel Sheet Hydraulic Guillotine Shears Machine with E21S\"}]},{\"@type\":\"WebSite\",\"@id\":\"https:\/\/aoxuancnc.com\/ar\/#website\",\"url\":\"https:\/\/aoxuancnc.com\/ar\/\",\"name\":\"AOXUANZG\",\"description\":\"Anhui Aoxuan Heavy Industry Machine Co., Ltd\",\"potentialAction\":[{\"@type\":\"SearchAction\",\"target\":{\"@type\":\"EntryPoint\",\"urlTemplate\":\"https:\/\/aoxuancnc.com\/ar\/?s={search_term_string}\"},\"query-input\":{\"@type\":\"PropertyValueSpecification\",\"valueRequired\":true,\"valueName\":\"search_term_string\"}}],\"inLanguage\":\"de\"}]}<\/script>\n<!-- \/ Yoast SEO plugin. -->","yoast_head_json":{"title":"QC12K-8*3200mm Iron Steel Sheet Hydraulic Guillotine Shears Machine with E21S - AOXUANZG","robots":{"index":"index","follow":"follow","max-snippet":"max-snippet:-1","max-image-preview":"max-image-preview:large","max-video-preview":"max-video-preview:-1"},"canonical":"https:\/\/aoxuancnc.com\/de\/produkt\/qc12k-83200mm-iron-steel-sheet-hydraulic-guillotine-shears-machine-with-e21s\/","og_locale":"de_DE","og_type":"article","og_title":"QC12K-8*3200mm Iron Steel Sheet Hydraulic Guillotine Shears Machine with E21S - AOXUANZG","og_description":"Product Details Place of Origin: China Brand Name: AOXUANZG Certification: CE Model Number: QC11Y-8X3200  Payment &amp; Shipping Terms Minimum Order Quantity: 1 Set Packaging Details: Standard export packing Delivery time: 30 days Payment Terms: L\/C, T\/T, Western Union, MoneyGram Supply Ability: 50 sets\/Year","og_url":"https:\/\/aoxuancnc.com\/de\/produkt\/qc12k-83200mm-iron-steel-sheet-hydraulic-guillotine-shears-machine-with-e21s\/","og_site_name":"AOXUANZG","article_modified_time":"2025-09-19T08:11:54+00:00","og_image":[{"width":800,"height":800,"url":"https:\/\/aoxuancnc.com\/wp-content\/uploads\/2025\/09\/8X3200-hydraulic-shearing-machine-with-E21S-9.jpg","type":"image\/jpeg"}],"twitter_card":"summary_large_image","twitter_misc":{"Gesch\u00e4tzte Lesezeit":"5\u00a0Minuten"},"schema":{"@context":"https:\/\/schema.org","@graph":[{"@type":"WebPage","@id":"https:\/\/aoxuancnc.com\/ru\/product\/qc12k-83200mm-iron-steel-sheet-hydraulic-guillotine-shears-machine-with-e21s\/","url":"https:\/\/aoxuancnc.com\/ru\/product\/qc12k-83200mm-iron-steel-sheet-hydraulic-guillotine-shears-machine-with-e21s\/","name":"QC12K-8*3200mm Iron Steel Sheet Hydraulic Guillotine Shears Machine with E21S - AOXUANZG","isPartOf":{"@id":"https:\/\/aoxuancnc.com\/ar\/#website"},"primaryImageOfPage":{"@id":"https:\/\/aoxuancnc.com\/ru\/product\/qc12k-83200mm-iron-steel-sheet-hydraulic-guillotine-shears-machine-with-e21s\/#primaryimage"},"image":{"@id":"https:\/\/aoxuancnc.com\/ru\/product\/qc12k-83200mm-iron-steel-sheet-hydraulic-guillotine-shears-machine-with-e21s\/#primaryimage"},"thumbnailUrl":"http:\/\/aoxuancnc.com\/wp-content\/uploads\/2025\/09\/8X3200-hydraulic-shearing-machine-with-E21S-9.jpg","datePublished":"2025-09-19T08:03:22+00:00","dateModified":"2025-09-19T08:11:54+00:00","breadcrumb":{"@id":"https:\/\/aoxuancnc.com\/ru\/product\/qc12k-83200mm-iron-steel-sheet-hydraulic-guillotine-shears-machine-with-e21s\/#breadcrumb"},"inLanguage":"de","potentialAction":[{"@type":"ReadAction","target":["https:\/\/aoxuancnc.com\/ru\/product\/qc12k-83200mm-iron-steel-sheet-hydraulic-guillotine-shears-machine-with-e21s\/"]}]},{"@type":"ImageObject","inLanguage":"de","@id":"https:\/\/aoxuancnc.com\/ru\/product\/qc12k-83200mm-iron-steel-sheet-hydraulic-guillotine-shears-machine-with-e21s\/#primaryimage","url":"http:\/\/aoxuancnc.com\/wp-content\/uploads\/2025\/09\/8X3200-hydraulic-shearing-machine-with-E21S-9.jpg","contentUrl":"http:\/\/aoxuancnc.com\/wp-content\/uploads\/2025\/09\/8X3200-hydraulic-shearing-machine-with-E21S-9.jpg","width":800,"height":800},{"@type":"BreadcrumbList","@id":"https:\/\/aoxuancnc.com\/ru\/product\/qc12k-83200mm-iron-steel-sheet-hydraulic-guillotine-shears-machine-with-e21s\/#breadcrumb","itemListElement":[{"@type":"ListItem","position":1,"name":"\u9996\u9875","item":"https:\/\/aoxuancnc.com\/ar\/"},{"@type":"ListItem","position":2,"name":"Product","item":"https:\/\/aoxuancnc.com\/ar\/product\/"},{"@type":"ListItem","position":3,"name":"QC12K-8*3200mm Iron Steel Sheet Hydraulic Guillotine Shears Machine with E21S"}]},{"@type":"WebSite","@id":"https:\/\/aoxuancnc.com\/ar\/#website","url":"https:\/\/aoxuancnc.com\/ar\/","name":"AOXUANZG","description":"Anhui Aoxuan Heavy Industry Machine Co., Ltd","potentialAction":[{"@type":"SearchAction","target":{"@type":"EntryPoint","urlTemplate":"https:\/\/aoxuancnc.com\/ar\/?s={search_term_string}"},"query-input":{"@type":"PropertyValueSpecification","valueRequired":true,"valueName":"search_term_string"}}],"inLanguage":"de"}]}},"_links":{"self":[{"href":"http:\/\/aoxuancnc.com\/de\/wp-json\/wp\/v2\/product\/489","targetHints":{"allow":["GET"]}}],"collection":[{"href":"http:\/\/aoxuancnc.com\/de\/wp-json\/wp\/v2\/product"}],"about":[{"href":"http:\/\/aoxuancnc.com\/de\/wp-json\/wp\/v2\/types\/product"}],"wp:featuredmedia":[{"embeddable":true,"href":"http:\/\/aoxuancnc.com\/de\/wp-json\/wp\/v2\/media\/482"}],"wp:attachment":[{"href":"http:\/\/aoxuancnc.com\/de\/wp-json\/wp\/v2\/media?parent=489"}],"wp:term":[{"taxonomy":"product_brand","embeddable":true,"href":"http:\/\/aoxuancnc.com\/de\/wp-json\/wp\/v2\/product_brand?post=489"},{"taxonomy":"product_cat","embeddable":true,"href":"http:\/\/aoxuancnc.com\/de\/wp-json\/wp\/v2\/product_cat?post=489"},{"taxonomy":"product_tag","embeddable":true,"href":"http:\/\/aoxuancnc.com\/de\/wp-json\/wp\/v2\/product_tag?post=489"}],"curies":[{"name":"wp","href":"https:\/\/api.w.org\/{rel}","templated":true}]}}