{"id":885,"date":"2025-09-30T06:31:03","date_gmt":"2025-09-30T06:31:03","guid":{"rendered":"https:\/\/aoxuancnc.com\/?post_type=product&#038;p=885"},"modified":"2025-09-30T06:35:16","modified_gmt":"2025-09-30T06:35:16","slug":"1000w-3000w-cnc-fiber-laser-cutting-machine-for-cutting-10mm-sheet-metal","status":"publish","type":"product","link":"http:\/\/aoxuancnc.com\/es\/producto\/1000w-3000w-cnc-fiber-laser-cutting-machine-for-cutting-10mm-sheet-metal\/","title":{"rendered":"M\u00e1quina de corte l\u00e1ser de fibra CNC de 1000 W a 3000 W para cortar chapa met\u00e1lica de 10 mm"},"content":{"rendered":"<h2 style=\"text-align: center;\"><strong>M\u00e1quina de corte l\u00e1ser de fibra CNC de 1000 W a 3000 W para cortar chapa met\u00e1lica de 10 mm<\/strong><\/h2>\n<p>&nbsp;<\/p>\n<p><img loading=\"lazy\" decoding=\"async\" class=\"alignnone wp-image-879 size-full\" src=\"https:\/\/aoxuancnc.com\/wp-content\/uploads\/2025\/09\/\u5fae\u4fe1\u56fe\u7247_202505301437507-1-scaled.jpg\" alt=\"\" width=\"2560\" height=\"1920\" srcset=\"http:\/\/aoxuancnc.com\/wp-content\/uploads\/2025\/09\/\u5fae\u4fe1\u56fe\u7247_202505301437507-1-scaled.jpg 2560w, http:\/\/aoxuancnc.com\/wp-content\/uploads\/2025\/09\/\u5fae\u4fe1\u56fe\u7247_202505301437507-1-500x375.jpg 500w, http:\/\/aoxuancnc.com\/wp-content\/uploads\/2025\/09\/\u5fae\u4fe1\u56fe\u7247_202505301437507-1-1200x900.jpg 1200w, http:\/\/aoxuancnc.com\/wp-content\/uploads\/2025\/09\/\u5fae\u4fe1\u56fe\u7247_202505301437507-1-300x225.jpg 300w, http:\/\/aoxuancnc.com\/wp-content\/uploads\/2025\/09\/\u5fae\u4fe1\u56fe\u7247_202505301437507-1-768x576.jpg 768w, http:\/\/aoxuancnc.com\/wp-content\/uploads\/2025\/09\/\u5fae\u4fe1\u56fe\u7247_202505301437507-1-1536x1152.jpg 1536w, http:\/\/aoxuancnc.com\/wp-content\/uploads\/2025\/09\/\u5fae\u4fe1\u56fe\u7247_202505301437507-1-2048x1536.jpg 2048w, http:\/\/aoxuancnc.com\/wp-content\/uploads\/2025\/09\/\u5fae\u4fe1\u56fe\u7247_202505301437507-1-16x12.jpg 16w, http:\/\/aoxuancnc.com\/wp-content\/uploads\/2025\/09\/\u5fae\u4fe1\u56fe\u7247_202505301437507-1-100x75.jpg 100w, http:\/\/aoxuancnc.com\/wp-content\/uploads\/2025\/09\/\u5fae\u4fe1\u56fe\u7247_202505301437507-1-960x720.jpg 960w, http:\/\/aoxuancnc.com\/wp-content\/uploads\/2025\/09\/\u5fae\u4fe1\u56fe\u7247_202505301437507-1-480x360.jpg 480w, http:\/\/aoxuancnc.com\/wp-content\/uploads\/2025\/09\/\u5fae\u4fe1\u56fe\u7247_202505301437507-1-800x600.jpg 800w\" sizes=\"auto, (max-width:767px) 480px, (max-width:2560px) 100vw, 2560px\" \/><\/p>\n<h3><strong>Caracter\u00edsticas:<\/strong><\/h3>\n<ul>\n<li class=\"magic-19\" data-spm-anchor-id=\"a2700.details-description.0.i3.6c6b8a6p8a6p87\">La velocidad de corte es r\u00e1pida, m\u00e1s de 100 veces la del corte con alambre.<\/li>\n<li class=\"magic-19\" data-spm-anchor-id=\"a2700.details-description.0.i3.6c6b8a6p8a6p87\">La m\u00e1quina de corte por l\u00e1ser de fibra tiene alta precisi\u00f3n y es adecuada para cortar accesorios de precisi\u00f3n.<\/li>\n<li class=\"magic-19\" data-spm-anchor-id=\"a2700.details-description.0.i3.6c6b8a6p8a6p87\">Peque\u00f1a \u00e1rea afectada por el calor, rendimiento estable, garantiza una producci\u00f3n continua, no se deforma f\u00e1cilmente, corte suave, hermoso, sin posprocesamiento y otras ventajas.<\/li>\n<\/ul>\n<p><img loading=\"lazy\" decoding=\"async\" class=\"alignnone wp-image-878 size-full\" src=\"https:\/\/aoxuancnc.com\/wp-content\/uploads\/2025\/09\/3015-1.5KW-1-scaled.jpg\" alt=\"\" width=\"2560\" height=\"1920\" srcset=\"http:\/\/aoxuancnc.com\/wp-content\/uploads\/2025\/09\/3015-1.5KW-1-scaled.jpg 2560w, http:\/\/aoxuancnc.com\/wp-content\/uploads\/2025\/09\/3015-1.5KW-1-500x375.jpg 500w, http:\/\/aoxuancnc.com\/wp-content\/uploads\/2025\/09\/3015-1.5KW-1-1200x900.jpg 1200w, http:\/\/aoxuancnc.com\/wp-content\/uploads\/2025\/09\/3015-1.5KW-1-300x225.jpg 300w, http:\/\/aoxuancnc.com\/wp-content\/uploads\/2025\/09\/3015-1.5KW-1-768x576.jpg 768w, http:\/\/aoxuancnc.com\/wp-content\/uploads\/2025\/09\/3015-1.5KW-1-1536x1152.jpg 1536w, http:\/\/aoxuancnc.com\/wp-content\/uploads\/2025\/09\/3015-1.5KW-1-2048x1536.jpg 2048w, http:\/\/aoxuancnc.com\/wp-content\/uploads\/2025\/09\/3015-1.5KW-1-16x12.jpg 16w, http:\/\/aoxuancnc.com\/wp-content\/uploads\/2025\/09\/3015-1.5KW-1-100x75.jpg 100w, http:\/\/aoxuancnc.com\/wp-content\/uploads\/2025\/09\/3015-1.5KW-1-960x720.jpg 960w, http:\/\/aoxuancnc.com\/wp-content\/uploads\/2025\/09\/3015-1.5KW-1-480x360.jpg 480w, http:\/\/aoxuancnc.com\/wp-content\/uploads\/2025\/09\/3015-1.5KW-1-800x600.jpg 800w\" sizes=\"auto, (max-width:767px) 480px, (max-width:2560px) 100vw, 2560px\" \/><\/p>\n<p>&nbsp;<\/p>\n<h3><strong>Especificaci\u00f3n:\u00a0<\/strong><\/h3>\n<p><img loading=\"lazy\" decoding=\"async\" class=\"alignnone wp-image-794\" src=\"https:\/\/aoxuancnc.com\/wp-content\/uploads\/2025\/09\/\u9002\u7528\u884c\u4e1a.png\" alt=\"\" width=\"701\" height=\"834\" srcset=\"http:\/\/aoxuancnc.com\/wp-content\/uploads\/2025\/09\/\u9002\u7528\u884c\u4e1a.png 625w, http:\/\/aoxuancnc.com\/wp-content\/uploads\/2025\/09\/\u9002\u7528\u884c\u4e1a-420x500.png 420w, http:\/\/aoxuancnc.com\/wp-content\/uploads\/2025\/09\/\u9002\u7528\u884c\u4e1a-252x300.png 252w, http:\/\/aoxuancnc.com\/wp-content\/uploads\/2025\/09\/\u9002\u7528\u884c\u4e1a-10x12.png 10w, http:\/\/aoxuancnc.com\/wp-content\/uploads\/2025\/09\/\u9002\u7528\u884c\u4e1a-63x75.png 63w, http:\/\/aoxuancnc.com\/wp-content\/uploads\/2025\/09\/\u9002\u7528\u884c\u4e1a-480x571.png 480w\" sizes=\"auto, (max-width:767px) 480px, 701px\" \/> <img loading=\"lazy\" decoding=\"async\" class=\"alignnone wp-image-793\" src=\"https:\/\/aoxuancnc.com\/wp-content\/uploads\/2025\/09\/\u4f18\u52bf\u529f\u80fd.png\" alt=\"\" width=\"701\" height=\"835\" srcset=\"http:\/\/aoxuancnc.com\/wp-content\/uploads\/2025\/09\/\u4f18\u52bf\u529f\u80fd.png 639w, http:\/\/aoxuancnc.com\/wp-content\/uploads\/2025\/09\/\u4f18\u52bf\u529f\u80fd-420x500.png 420w, http:\/\/aoxuancnc.com\/wp-content\/uploads\/2025\/09\/\u4f18\u52bf\u529f\u80fd-252x300.png 252w, http:\/\/aoxuancnc.com\/wp-content\/uploads\/2025\/09\/\u4f18\u52bf\u529f\u80fd-10x12.png 10w, http:\/\/aoxuancnc.com\/wp-content\/uploads\/2025\/09\/\u4f18\u52bf\u529f\u80fd-63x75.png 63w, http:\/\/aoxuancnc.com\/wp-content\/uploads\/2025\/09\/\u4f18\u52bf\u529f\u80fd-480x572.png 480w\" sizes=\"auto, (max-width:767px) 480px, 701px\" \/><\/p>\n<p><img loading=\"lazy\" decoding=\"async\" class=\"alignnone wp-image-788 size-full\" src=\"https:\/\/aoxuancnc.com\/wp-content\/uploads\/2025\/09\/2000W\u914d\u7f6e.png\" alt=\"\" width=\"701\" height=\"744\" srcset=\"http:\/\/aoxuancnc.com\/wp-content\/uploads\/2025\/09\/2000W\u914d\u7f6e.png 701w, http:\/\/aoxuancnc.com\/wp-content\/uploads\/2025\/09\/2000W\u914d\u7f6e-471x500.png 471w, http:\/\/aoxuancnc.com\/wp-content\/uploads\/2025\/09\/2000W\u914d\u7f6e-283x300.png 283w, http:\/\/aoxuancnc.com\/wp-content\/uploads\/2025\/09\/2000W\u914d\u7f6e-11x12.png 11w, http:\/\/aoxuancnc.com\/wp-content\/uploads\/2025\/09\/2000W\u914d\u7f6e-71x75.png 71w, http:\/\/aoxuancnc.com\/wp-content\/uploads\/2025\/09\/2000W\u914d\u7f6e-480x509.png 480w\" sizes=\"auto, (max-width:767px) 480px, 701px\" \/><\/p>\n<p><img loading=\"lazy\" decoding=\"async\" class=\"alignnone wp-image-804\" src=\"https:\/\/aoxuancnc.com\/wp-content\/uploads\/2025\/09\/3000W\u914d\u7f6e.png\" alt=\"\" width=\"701\" height=\"832\" srcset=\"http:\/\/aoxuancnc.com\/wp-content\/uploads\/2025\/09\/3000W\u914d\u7f6e.png 636w, http:\/\/aoxuancnc.com\/wp-content\/uploads\/2025\/09\/3000W\u914d\u7f6e-421x500.png 421w, http:\/\/aoxuancnc.com\/wp-content\/uploads\/2025\/09\/3000W\u914d\u7f6e-253x300.png 253w, http:\/\/aoxuancnc.com\/wp-content\/uploads\/2025\/09\/3000W\u914d\u7f6e-10x12.png 10w, http:\/\/aoxuancnc.com\/wp-content\/uploads\/2025\/09\/3000W\u914d\u7f6e-63x75.png 63w, http:\/\/aoxuancnc.com\/wp-content\/uploads\/2025\/09\/3000W\u914d\u7f6e-480x570.png 480w\" sizes=\"auto, (max-width:767px) 480px, 701px\" \/><\/p>\n<h3><strong>\u00a0Configuraci\u00f3n de la m\u00e1quina \u00a0\u00a0<\/strong><\/h3>\n<p><img loading=\"lazy\" decoding=\"async\" class=\"alignnone wp-image-789\" src=\"https:\/\/aoxuancnc.com\/wp-content\/uploads\/2025\/09\/2000W\u914d\u7f6e1.png\" alt=\"\" width=\"701\" height=\"522\" srcset=\"http:\/\/aoxuancnc.com\/wp-content\/uploads\/2025\/09\/2000W\u914d\u7f6e1.png 860w, http:\/\/aoxuancnc.com\/wp-content\/uploads\/2025\/09\/2000W\u914d\u7f6e1-500x372.png 500w, http:\/\/aoxuancnc.com\/wp-content\/uploads\/2025\/09\/2000W\u914d\u7f6e1-300x223.png 300w, http:\/\/aoxuancnc.com\/wp-content\/uploads\/2025\/09\/2000W\u914d\u7f6e1-768x572.png 768w, http:\/\/aoxuancnc.com\/wp-content\/uploads\/2025\/09\/2000W\u914d\u7f6e1-16x12.png 16w, http:\/\/aoxuancnc.com\/wp-content\/uploads\/2025\/09\/2000W\u914d\u7f6e1-101x75.png 101w, http:\/\/aoxuancnc.com\/wp-content\/uploads\/2025\/09\/2000W\u914d\u7f6e1-480x357.png 480w, http:\/\/aoxuancnc.com\/wp-content\/uploads\/2025\/09\/2000W\u914d\u7f6e1-800x595.png 800w\" sizes=\"auto, (max-width:767px) 480px, 701px\" \/><\/p>\n<h4><strong>Cabezal l\u00e1ser Raytools<\/strong><\/h4>\n<p><img loading=\"lazy\" decoding=\"async\" class=\"alignnone wp-image-791\" src=\"https:\/\/aoxuancnc.com\/wp-content\/uploads\/2025\/09\/\u5609\u5f3a\u5207\u5272\u5934.png\" alt=\"\" width=\"701\" height=\"917\" srcset=\"http:\/\/aoxuancnc.com\/wp-content\/uploads\/2025\/09\/\u5609\u5f3a\u5207\u5272\u5934.png 584w, http:\/\/aoxuancnc.com\/wp-content\/uploads\/2025\/09\/\u5609\u5f3a\u5207\u5272\u5934-382x500.png 382w, http:\/\/aoxuancnc.com\/wp-content\/uploads\/2025\/09\/\u5609\u5f3a\u5207\u5272\u5934-229x300.png 229w, http:\/\/aoxuancnc.com\/wp-content\/uploads\/2025\/09\/\u5609\u5f3a\u5207\u5272\u5934-9x12.png 9w, http:\/\/aoxuancnc.com\/wp-content\/uploads\/2025\/09\/\u5609\u5f3a\u5207\u5272\u5934-57x75.png 57w, http:\/\/aoxuancnc.com\/wp-content\/uploads\/2025\/09\/\u5609\u5f3a\u5207\u5272\u5934-480x628.png 480w\" sizes=\"auto, (max-width:767px) 480px, 701px\" \/><\/p>\n<h4><strong>Sistema de control CNC<\/strong><\/h4>\n<p><img loading=\"lazy\" decoding=\"async\" class=\"alignnone wp-image-792\" src=\"https:\/\/aoxuancnc.com\/wp-content\/uploads\/2025\/09\/\u5609\u5f3a\u7cfb\u7edf.png\" alt=\"\" width=\"701\" height=\"880\" srcset=\"http:\/\/aoxuancnc.com\/wp-content\/uploads\/2025\/09\/\u5609\u5f3a\u7cfb\u7edf.png 585w, http:\/\/aoxuancnc.com\/wp-content\/uploads\/2025\/09\/\u5609\u5f3a\u7cfb\u7edf-399x500.png 399w, http:\/\/aoxuancnc.com\/wp-content\/uploads\/2025\/09\/\u5609\u5f3a\u7cfb\u7edf-239x300.png 239w, http:\/\/aoxuancnc.com\/wp-content\/uploads\/2025\/09\/\u5609\u5f3a\u7cfb\u7edf-10x12.png 10w, http:\/\/aoxuancnc.com\/wp-content\/uploads\/2025\/09\/\u5609\u5f3a\u7cfb\u7edf-60x75.png 60w, http:\/\/aoxuancnc.com\/wp-content\/uploads\/2025\/09\/\u5609\u5f3a\u7cfb\u7edf-480x602.png 480w\" sizes=\"auto, (max-width:767px) 480px, 701px\" \/><\/p>\n<p>&nbsp;<\/p>","protected":false},"excerpt":{"rendered":"<p>1. Precio FOB de Shangh\u00e1i, China<\/p>\n<p>2\u3001Precio v\u00e1lido: dentro de 30 d\u00edas;<\/p>\n<p>3\u3001M\u00e9todo de pago: Cuando se firman el contrato de venta del producto y el acuerdo t\u00e9cnico, se pagar\u00e1 30% del monto total del contrato y 70% del monto total del contrato se pagar\u00e1 en el momento de la entrega mediante T\/T o L\/C.<\/p>\n<p>4\u3001Per\u00edodo de entrega: 30 d\u00edas h\u00e1biles despu\u00e9s de recibir el dep\u00f3sito;<\/p>\n<p>5\u3001Embalaje: embalaje simple, no reciclable;<\/p>","protected":false},"featured_media":880,"template":"","meta":[],"product_brand":[32,21],"product_cat":[41],"product_tag":[60,44,45,46],"class_list":{"0":"post-885","1":"product","2":"type-product","3":"status-publish","4":"has-post-thumbnail","6":"product_brand-aoxuan","7":"product_brand-aoxuanzg","8":"product_cat-laser-cutting-machine","9":"product_tag-cnc-laser-cutting-machine","10":"product_tag-fiber-laser-cutting-machine","11":"product_tag-laser-metal-cutting-machine","12":"product_tag-metal-cutting-machine","14":"first","15":"instock","16":"shipping-taxable","17":"product-type-simple"},"yoast_head":"<!-- This site is optimized with the Yoast SEO plugin v24.9 - https:\/\/yoast.com\/wordpress\/plugins\/seo\/ -->\n<title>CNC Fiber Laser Cutting Machine for Cutting 10mm Sheet Metal<\/title>\n<meta name=\"description\" content=\"Cnc fiber laser cutting machine: Fiber laser cutting machine has high preci-sion and is suitable forcutting precision accessories.\" \/>\n<meta name=\"robots\" content=\"index, follow, max-snippet:-1, max-image-preview:large, max-video-preview:-1\" \/>\n<link rel=\"canonical\" href=\"http:\/\/aoxuancnc.com\/es\/producto\/1000w-3000w-cnc-fiber-laser-cutting-machine-for-cutting-10mm-sheet-metal\/\" \/>\n<meta property=\"og:locale\" content=\"es_ES\" \/>\n<meta property=\"og:type\" content=\"article\" \/>\n<meta property=\"og:title\" content=\"CNC Fiber Laser Cutting Machine for Cutting 10mm Sheet Metal\" \/>\n<meta property=\"og:description\" content=\"Cnc fiber laser cutting machine: Fiber laser cutting machine has high preci-sion and is suitable forcutting precision accessories.\" \/>\n<meta property=\"og:url\" content=\"http:\/\/aoxuancnc.com\/es\/producto\/1000w-3000w-cnc-fiber-laser-cutting-machine-for-cutting-10mm-sheet-metal\/\" \/>\n<meta property=\"og:site_name\" content=\"AOXUANZG\" \/>\n<meta property=\"article:modified_time\" content=\"2025-09-30T06:35:16+00:00\" \/>\n<meta property=\"og:image\" content=\"http:\/\/aoxuancnc.com\/wp-content\/uploads\/2025\/09\/\u4e3b\u56fe-7.jpg\" \/>\n\t<meta property=\"og:image:width\" content=\"800\" \/>\n\t<meta property=\"og:image:height\" content=\"800\" \/>\n\t<meta property=\"og:image:type\" content=\"image\/jpeg\" \/>\n<meta name=\"twitter:card\" content=\"summary_large_image\" \/>\n<meta name=\"twitter:label1\" content=\"Tiempo de lectura\" \/>\n\t<meta name=\"twitter:data1\" content=\"3 minutos\" \/>\n<script type=\"application\/ld+json\" class=\"yoast-schema-graph\">{\"@context\":\"https:\/\/schema.org\",\"@graph\":[{\"@type\":\"WebPage\",\"@id\":\"http:\/\/aoxuancnc.com\/es\/producto\/1000w-3000w-cnc-fiber-laser-cutting-machine-for-cutting-10mm-sheet-metal\/\",\"url\":\"http:\/\/aoxuancnc.com\/es\/producto\/1000w-3000w-cnc-fiber-laser-cutting-machine-for-cutting-10mm-sheet-metal\/\",\"name\":\"CNC Fiber Laser Cutting Machine for Cutting 10mm Sheet Metal\",\"isPartOf\":{\"@id\":\"https:\/\/aoxuancnc.com\/ar\/#website\"},\"primaryImageOfPage\":{\"@id\":\"http:\/\/aoxuancnc.com\/es\/producto\/1000w-3000w-cnc-fiber-laser-cutting-machine-for-cutting-10mm-sheet-metal\/#primaryimage\"},\"image\":{\"@id\":\"http:\/\/aoxuancnc.com\/es\/producto\/1000w-3000w-cnc-fiber-laser-cutting-machine-for-cutting-10mm-sheet-metal\/#primaryimage\"},\"thumbnailUrl\":\"http:\/\/aoxuancnc.com\/wp-content\/uploads\/2025\/09\/\u4e3b\u56fe-7.jpg\",\"datePublished\":\"2025-09-30T06:31:03+00:00\",\"dateModified\":\"2025-09-30T06:35:16+00:00\",\"description\":\"Cnc fiber laser cutting machine: Fiber laser cutting machine has high preci-sion and is suitable forcutting precision accessories.\",\"breadcrumb\":{\"@id\":\"http:\/\/aoxuancnc.com\/es\/producto\/1000w-3000w-cnc-fiber-laser-cutting-machine-for-cutting-10mm-sheet-metal\/#breadcrumb\"},\"inLanguage\":\"es\",\"potentialAction\":[{\"@type\":\"ReadAction\",\"target\":[\"http:\/\/aoxuancnc.com\/es\/producto\/1000w-3000w-cnc-fiber-laser-cutting-machine-for-cutting-10mm-sheet-metal\/\"]}]},{\"@type\":\"ImageObject\",\"inLanguage\":\"es\",\"@id\":\"http:\/\/aoxuancnc.com\/es\/producto\/1000w-3000w-cnc-fiber-laser-cutting-machine-for-cutting-10mm-sheet-metal\/#primaryimage\",\"url\":\"http:\/\/aoxuancnc.com\/wp-content\/uploads\/2025\/09\/\u4e3b\u56fe-7.jpg\",\"contentUrl\":\"http:\/\/aoxuancnc.com\/wp-content\/uploads\/2025\/09\/\u4e3b\u56fe-7.jpg\",\"width\":800,\"height\":800},{\"@type\":\"BreadcrumbList\",\"@id\":\"http:\/\/aoxuancnc.com\/es\/producto\/1000w-3000w-cnc-fiber-laser-cutting-machine-for-cutting-10mm-sheet-metal\/#breadcrumb\",\"itemListElement\":[{\"@type\":\"ListItem\",\"position\":1,\"name\":\"\u9996\u9875\",\"item\":\"https:\/\/aoxuancnc.com\/ar\/\"},{\"@type\":\"ListItem\",\"position\":2,\"name\":\"Product\",\"item\":\"https:\/\/aoxuancnc.com\/ar\/product\/\"},{\"@type\":\"ListItem\",\"position\":3,\"name\":\"1000W-3000W CNC Fiber Laser Cutting Machine for Cutting 10mm Sheet Metal\"}]},{\"@type\":\"WebSite\",\"@id\":\"https:\/\/aoxuancnc.com\/ar\/#website\",\"url\":\"https:\/\/aoxuancnc.com\/ar\/\",\"name\":\"AOXUANZG\",\"description\":\"Anhui Aoxuan Heavy Industry Machine Co., Ltd\",\"potentialAction\":[{\"@type\":\"SearchAction\",\"target\":{\"@type\":\"EntryPoint\",\"urlTemplate\":\"https:\/\/aoxuancnc.com\/ar\/?s={search_term_string}\"},\"query-input\":{\"@type\":\"PropertyValueSpecification\",\"valueRequired\":true,\"valueName\":\"search_term_string\"}}],\"inLanguage\":\"es\"}]}<\/script>\n<!-- \/ Yoast SEO plugin. -->","yoast_head_json":{"title":"CNC Fiber Laser Cutting Machine for Cutting 10mm Sheet Metal","description":"Cnc fiber laser cutting machine: Fiber laser cutting machine has high preci-sion and is suitable forcutting precision accessories.","robots":{"index":"index","follow":"follow","max-snippet":"max-snippet:-1","max-image-preview":"max-image-preview:large","max-video-preview":"max-video-preview:-1"},"canonical":"http:\/\/aoxuancnc.com\/es\/producto\/1000w-3000w-cnc-fiber-laser-cutting-machine-for-cutting-10mm-sheet-metal\/","og_locale":"es_ES","og_type":"article","og_title":"CNC Fiber Laser Cutting Machine for Cutting 10mm Sheet Metal","og_description":"Cnc fiber laser cutting machine: Fiber laser cutting machine has high preci-sion and is suitable forcutting precision accessories.","og_url":"http:\/\/aoxuancnc.com\/es\/producto\/1000w-3000w-cnc-fiber-laser-cutting-machine-for-cutting-10mm-sheet-metal\/","og_site_name":"AOXUANZG","article_modified_time":"2025-09-30T06:35:16+00:00","og_image":[{"width":800,"height":800,"url":"http:\/\/aoxuancnc.com\/wp-content\/uploads\/2025\/09\/\u4e3b\u56fe-7.jpg","type":"image\/jpeg"}],"twitter_card":"summary_large_image","twitter_misc":{"Tiempo de lectura":"3 minutos"},"schema":{"@context":"https:\/\/schema.org","@graph":[{"@type":"WebPage","@id":"http:\/\/aoxuancnc.com\/es\/producto\/1000w-3000w-cnc-fiber-laser-cutting-machine-for-cutting-10mm-sheet-metal\/","url":"http:\/\/aoxuancnc.com\/es\/producto\/1000w-3000w-cnc-fiber-laser-cutting-machine-for-cutting-10mm-sheet-metal\/","name":"CNC Fiber Laser Cutting Machine for Cutting 10mm Sheet Metal","isPartOf":{"@id":"https:\/\/aoxuancnc.com\/ar\/#website"},"primaryImageOfPage":{"@id":"http:\/\/aoxuancnc.com\/es\/producto\/1000w-3000w-cnc-fiber-laser-cutting-machine-for-cutting-10mm-sheet-metal\/#primaryimage"},"image":{"@id":"http:\/\/aoxuancnc.com\/es\/producto\/1000w-3000w-cnc-fiber-laser-cutting-machine-for-cutting-10mm-sheet-metal\/#primaryimage"},"thumbnailUrl":"http:\/\/aoxuancnc.com\/wp-content\/uploads\/2025\/09\/\u4e3b\u56fe-7.jpg","datePublished":"2025-09-30T06:31:03+00:00","dateModified":"2025-09-30T06:35:16+00:00","description":"Cnc fiber laser cutting machine: Fiber laser cutting machine has high preci-sion and is suitable forcutting precision accessories.","breadcrumb":{"@id":"http:\/\/aoxuancnc.com\/es\/producto\/1000w-3000w-cnc-fiber-laser-cutting-machine-for-cutting-10mm-sheet-metal\/#breadcrumb"},"inLanguage":"es","potentialAction":[{"@type":"ReadAction","target":["http:\/\/aoxuancnc.com\/es\/producto\/1000w-3000w-cnc-fiber-laser-cutting-machine-for-cutting-10mm-sheet-metal\/"]}]},{"@type":"ImageObject","inLanguage":"es","@id":"http:\/\/aoxuancnc.com\/es\/producto\/1000w-3000w-cnc-fiber-laser-cutting-machine-for-cutting-10mm-sheet-metal\/#primaryimage","url":"http:\/\/aoxuancnc.com\/wp-content\/uploads\/2025\/09\/\u4e3b\u56fe-7.jpg","contentUrl":"http:\/\/aoxuancnc.com\/wp-content\/uploads\/2025\/09\/\u4e3b\u56fe-7.jpg","width":800,"height":800},{"@type":"BreadcrumbList","@id":"http:\/\/aoxuancnc.com\/es\/producto\/1000w-3000w-cnc-fiber-laser-cutting-machine-for-cutting-10mm-sheet-metal\/#breadcrumb","itemListElement":[{"@type":"ListItem","position":1,"name":"\u9996\u9875","item":"https:\/\/aoxuancnc.com\/ar\/"},{"@type":"ListItem","position":2,"name":"Product","item":"https:\/\/aoxuancnc.com\/ar\/product\/"},{"@type":"ListItem","position":3,"name":"1000W-3000W CNC Fiber Laser Cutting Machine for Cutting 10mm Sheet Metal"}]},{"@type":"WebSite","@id":"https:\/\/aoxuancnc.com\/ar\/#website","url":"https:\/\/aoxuancnc.com\/ar\/","name":"AOXUANZG","description":"Anhui Aoxuan Heavy Industry Machine Co., Ltd","potentialAction":[{"@type":"SearchAction","target":{"@type":"EntryPoint","urlTemplate":"https:\/\/aoxuancnc.com\/ar\/?s={search_term_string}"},"query-input":{"@type":"PropertyValueSpecification","valueRequired":true,"valueName":"search_term_string"}}],"inLanguage":"es"}]}},"_links":{"self":[{"href":"http:\/\/aoxuancnc.com\/es\/wp-json\/wp\/v2\/product\/885","targetHints":{"allow":["GET"]}}],"collection":[{"href":"http:\/\/aoxuancnc.com\/es\/wp-json\/wp\/v2\/product"}],"about":[{"href":"http:\/\/aoxuancnc.com\/es\/wp-json\/wp\/v2\/types\/product"}],"wp:featuredmedia":[{"embeddable":true,"href":"http:\/\/aoxuancnc.com\/es\/wp-json\/wp\/v2\/media\/880"}],"wp:attachment":[{"href":"http:\/\/aoxuancnc.com\/es\/wp-json\/wp\/v2\/media?parent=885"}],"wp:term":[{"taxonomy":"product_brand","embeddable":true,"href":"http:\/\/aoxuancnc.com\/es\/wp-json\/wp\/v2\/product_brand?post=885"},{"taxonomy":"product_cat","embeddable":true,"href":"http:\/\/aoxuancnc.com\/es\/wp-json\/wp\/v2\/product_cat?post=885"},{"taxonomy":"product_tag","embeddable":true,"href":"http:\/\/aoxuancnc.com\/es\/wp-json\/wp\/v2\/product_tag?post=885"}],"curies":[{"name":"wp","href":"https:\/\/api.w.org\/{rel}","templated":true}]}}