{"id":177,"date":"2025-06-18T07:35:56","date_gmt":"2025-06-18T07:35:56","guid":{"rendered":"https:\/\/aoxuancnc.com\/?post_type=product&#038;p=177"},"modified":"2025-10-08T01:41:10","modified_gmt":"2025-10-08T01:41:10","slug":"45t-aluminum-foil-pressing-pneumatic-punching-machine-for-lunch-containers","status":"publish","type":"product","link":"https:\/\/aoxuancnc.com\/de\/produkt\/45t-aluminum-foil-pressing-pneumatic-punching-machine-for-lunch-containers\/","title":{"rendered":"45T Aluminiumfolie Lunch Containers Halbautomatische Produktionslinie mit pneumatischer Stanzmaschine"},"content":{"rendered":"<p><strong>Produkteinf\u00fchrung:<\/strong><br \/>\nDie automatische Produktionslinie f\u00fcr Lunchboxen aus Aluminiumfolie besteht aus einem automatischen Zuf\u00fchrsystem mit \u00d6ltank, einer hochpr\u00e4zisen pneumatischen Stanze f\u00fcr Lunchboxen aus Aluminiumfolie, einer hochpr\u00e4zisen Mehrkavit\u00e4tenform (individuelle Gr\u00f6\u00dfe nach Kundenwunsch), einem mehrspurigen automatischen Stapler und einem Abfallsammelsystem. Diese Produktionslinie bietet die Vorteile hoher Pr\u00e4zision, hoher Effizienz, geringer Ausfallrate und geringer Abfallrate. Sie ist die beliebteste Wahl f\u00fcr kleine und mittlere Unternehmen. Sie kann verschiedene Arten von Lunchboxen aus Aluminiumfolie herstellen, mit einer Kavit\u00e4t, zwei Kavit\u00e4ten, drei Kavit\u00e4ten usw., und kann auch verschiedene Aluminiumfolienbeh\u00e4lter wie Kaffeekapseln produzieren.<\/p>\n<p><img loading=\"lazy\" decoding=\"async\" class=\"alignnone\" src=\"https:\/\/aoxuancnc.com\/wp-content\/uploads\/2025\/06\/\u5fae\u4fe1\u56fe\u7247_20220627141955-500x375.jpg\" alt=\"\" width=\"500\" height=\"375\" \/><\/p>\n<p><strong>Halbautomatische Komponenten:<\/strong><\/p>\n<p>1. Automatischer Futterspender.<br \/>\n2. Pneumatische Pressmaschine der Marke Aoxuanzg mit 45\/63\/80T.<br \/>\n3. Einzelkavit\u00e4t \/ 2-Kavit\u00e4ten \/ 3-Kavit\u00e4ten \u2026 Formen.<\/p>\n<p>4. Luftkompressor.<\/p>\n<p><img loading=\"lazy\" decoding=\"async\" src=\"https:\/\/aoxuancnc.com\/wp-content\/uploads\/2025\/06\/\u5fae\u4fe1\u56fe\u7247_20220627134718-500x500.jpg\" alt=\"\" width=\"500\" height=\"500\" \/><\/p>\n<p><strong>Vorteile dieser Produktionslinie:<\/strong><br \/>\n1. Der Feeder verwendet ein Servosystem mit automatischer Spannungsregelung und ist daher f\u00fcr d\u00fcnnere Materialien geeignet.<br \/>\n2. Die Position der Aluminiumfolie l\u00e4sst sich leicht anpassen, wodurch der Folienabfall w\u00e4hrend der Anpassungen reduziert wird.<br \/>\n3. Das optimierte Design des Stanz\u00f6ltanks reduziert den Kraftstoffverbrauch deutlich auf nur 5 Liter pro Tonne Material (50 Mikrometer).<br \/>\n4. Die erweiterte Parameterprogrammierung des Staplers erm\u00f6glicht eine einfache Anpassung, sodass eine oder eine halbe Person die gesamte Produktionslinie bedienen und verpacken kann.<br \/>\n5. Die SPS verwendet ein intelligentes Modellierungssystem, das 50 S\u00e4tze von Formspezifikationen und Anpassungsdaten speichert.<br \/>\n6. Kontinuierliche Verbesserungen der Maschinen- und Formentechnologie haben den Produktionsl\u00e4rm deutlich reduziert.<\/p>\n<p><img loading=\"lazy\" decoding=\"async\" src=\"https:\/\/aoxuancnc.com\/wp-content\/uploads\/2025\/06\/\u5fae\u4fe1\u56fe\u7247_20220627133851-375x500.jpg\" alt=\"\" width=\"375\" height=\"500\" \/><\/p>\n<p><strong>Parameter:<\/strong><\/p>\n<p><img loading=\"lazy\" decoding=\"async\" class=\"alignnone size-medium wp-image-292\" src=\"https:\/\/aoxuancnc.com\/wp-content\/uploads\/2025\/06\/\u5fae\u4fe1\u622a\u56fe_20250829101955-427x500.jpg\" alt=\"\" width=\"427\" height=\"500\" srcset=\"https:\/\/aoxuancnc.com\/wp-content\/uploads\/2025\/06\/\u5fae\u4fe1\u622a\u56fe_20250829101955-427x500.jpg 427w, https:\/\/aoxuancnc.com\/wp-content\/uploads\/2025\/06\/\u5fae\u4fe1\u622a\u56fe_20250829101955-256x300.jpg 256w, https:\/\/aoxuancnc.com\/wp-content\/uploads\/2025\/06\/\u5fae\u4fe1\u622a\u56fe_20250829101955-10x12.jpg 10w, https:\/\/aoxuancnc.com\/wp-content\/uploads\/2025\/06\/\u5fae\u4fe1\u622a\u56fe_20250829101955-64x75.jpg 64w, https:\/\/aoxuancnc.com\/wp-content\/uploads\/2025\/06\/\u5fae\u4fe1\u622a\u56fe_20250829101955-480x562.jpg 480w, https:\/\/aoxuancnc.com\/wp-content\/uploads\/2025\/06\/\u5fae\u4fe1\u622a\u56fe_20250829101955.jpg 702w\" sizes=\"auto, (max-width:767px) 427px, 427px\" \/><\/p>\n<p><strong>Formen:<\/strong><br \/>\n1. Die von uns entworfenen und hergestellten Formen sind f\u00fcr jede Art von Maschine oder Presse geeignet.<br \/>\n2. Wir produzieren Formen aus dem hochwertigsten Stahl in China. Und einige Hauptformbereiche werden f\u00fcr die richtige H\u00e4rte einer Hochtemperatur-W\u00e4rmebehandlung unterzogen, die eine Top-Qualit\u00e4t und lange Lebensdauer der Formen gew\u00e4hrleistet.<br \/>\n3. Um den unterschiedlichen Anforderungen der Kunden gerecht zu werden, entwerfen und fertigen wir die Form mit mehreren Felgen, z. B. G-Felge, L-Felge, H-Felge und IVC usw.<br \/>\n4. Wir k\u00f6nnen die Form mit mehreren Kavit\u00e4ten entwerfen und herstellen, mit 1, 2, 3, 4 oder mehr Kavit\u00e4ten. Egal, ob es sich um einen Beh\u00e4lter mit einem oder mehreren F\u00e4chern handelt.<br \/>\n5. Auf Wunsch drucken wir Ihre Wunschlogos auf.<br \/>\n6. Durch wissenschaftliches Design ist die Schnittausschussrate gut kontrollierbar.<br \/>\n7. Beh\u00e4lterformen: quadratisch, rechteckig, rund, oval, Sonderformen usw.<\/p>\n<p><img loading=\"lazy\" decoding=\"async\" src=\"https:\/\/aoxuancnc.com\/wp-content\/uploads\/2025\/06\/5040c4b45d7ca947bf0a1554d0fdb11-375x500.jpg\" alt=\"\" width=\"375\" height=\"500\" \/><\/p>\n<p><strong>Verpackung:<\/strong><br \/>\n1. Vor dem Verpacken werden die Maschinen strengen Tests unterzogen, um Stabilit\u00e4t und hohe Genauigkeit zu gew\u00e4hrleisten.<br \/>\n2. Nach dem Test werden die Maschinen mit Plastikfolie umwickelt,<br \/>\n3.a, Kleine Gr\u00f6\u00dfe: sorgf\u00e4ltig in Holzkisten verpackt;<br \/>\nb, Gro\u00dfe Gr\u00f6\u00dfe: Die Maschine wird mit Stahldraht sicher im Beh\u00e4lter verdrahtet.<\/p>\n<p><img loading=\"lazy\" decoding=\"async\" src=\"https:\/\/aoxuancnc.com\/wp-content\/uploads\/2025\/06\/packing-500x354.jpg\" alt=\"\" width=\"500\" height=\"354\" \/><\/p>\n<p><strong>F\u00fcr weitere Informationen kontaktieren Sie mich bitte ~*^-^*<\/strong><\/p>\n<p>&nbsp;<\/p>","protected":false},"excerpt":{"rendered":"<p><strong>Produktdetails<\/strong><br \/>\nHerkunftsort: China<br \/>\nMarkenname: AOXUANZG<br \/>\nZertifizierung: CE<br \/>\nModellnummer: JF21-45<\/p>\n<p><strong>Zahlungs- und Versandbedingungen<\/strong><br \/>\nMindestbestellmenge: 1 Satz<br \/>\nPreis: $23000-$50000\/Set<br \/>\nVerpackungsdetails: Standard-Exportverpackung<br \/>\nLieferzeit: 50-60 Tage<br \/>\nZahlungsbedingungen: L\/C, T\/T, Western Union, MoneyGram<br \/>\nLieferf\u00e4higkeit: 50 Sets\/Jahr<\/p>","protected":false},"featured_media":180,"template":"","meta":[],"product_brand":[21],"product_cat":[6],"product_tag":[22,23,24],"class_list":{"0":"post-177","1":"product","2":"type-product","3":"status-publish","4":"has-post-thumbnail","6":"product_brand-aoxuanzg","7":"product_cat-cnc-pneumatic-punching-machine","8":"product_tag-aluminum-foil-lunch-containers-full-automatic-production-line","9":"product_tag-aluminum-foil-lunch-containers-production-line","10":"product_tag-pneumatic-punching-machine","12":"first","13":"instock","14":"featured","15":"shipping-taxable","16":"product-type-external"},"yoast_head":"<!-- This site is optimized with the Yoast SEO plugin v24.9 - https:\/\/yoast.com\/wordpress\/plugins\/seo\/ -->\n<title>45T Aluminum Foil Lunch Containers Semi Automatic Production Line With Pneumatic Punching Machine - AOXUANZG<\/title>\n<meta name=\"robots\" content=\"index, follow, max-snippet:-1, max-image-preview:large, max-video-preview:-1\" \/>\n<link rel=\"canonical\" href=\"https:\/\/aoxuancnc.com\/de\/producto\/45t-aluminum-foil-pressing-pneumatic-punching-machine-for-lunch-containers\/\" \/>\n<meta property=\"og:locale\" content=\"de_DE\" \/>\n<meta property=\"og:type\" content=\"article\" \/>\n<meta property=\"og:title\" content=\"45T Aluminum Foil Lunch Containers Semi Automatic Production Line With Pneumatic Punching Machine - AOXUANZG\" \/>\n<meta property=\"og:description\" content=\"Product Details Place of Origin: China Brand Name: AOXUANZG Certification: CE Model Number: JF21-45  Payment &amp; Shipping Terms Minimum Order Quantity: 1 Set Price: $23000-$50000\/Set Packaging Details: Standard export packing Delivery time: 50-60 days Payment Terms: L\/C, T\/T, Western Union, MoneyGram Supply Ability: 50sets\/Year\" \/>\n<meta property=\"og:url\" content=\"https:\/\/aoxuancnc.com\/de\/producto\/45t-aluminum-foil-pressing-pneumatic-punching-machine-for-lunch-containers\/\" \/>\n<meta property=\"og:site_name\" content=\"AOXUANZG\" \/>\n<meta property=\"article:modified_time\" content=\"2025-10-08T01:41:10+00:00\" \/>\n<meta property=\"og:image\" content=\"https:\/\/aoxuancnc.com\/wp-content\/uploads\/2025\/06\/pl71366147-.webp\" \/>\n\t<meta property=\"og:image:width\" content=\"800\" \/>\n\t<meta property=\"og:image:height\" content=\"800\" \/>\n\t<meta property=\"og:image:type\" content=\"image\/webp\" \/>\n<meta name=\"twitter:card\" content=\"summary_large_image\" \/>\n<meta name=\"twitter:label1\" content=\"Gesch\u00e4tzte Lesezeit\" \/>\n\t<meta name=\"twitter:data1\" content=\"4\u00a0Minuten\" \/>\n<script type=\"application\/ld+json\" class=\"yoast-schema-graph\">{\"@context\":\"https:\/\/schema.org\",\"@graph\":[{\"@type\":\"WebPage\",\"@id\":\"https:\/\/aoxuancnc.com\/es\/producto\/45t-aluminum-foil-pressing-pneumatic-punching-machine-for-lunch-containers\/\",\"url\":\"https:\/\/aoxuancnc.com\/es\/producto\/45t-aluminum-foil-pressing-pneumatic-punching-machine-for-lunch-containers\/\",\"name\":\"45T Aluminum Foil Lunch Containers Semi Automatic Production Line With Pneumatic Punching Machine - AOXUANZG\",\"isPartOf\":{\"@id\":\"http:\/\/aoxuancnc.com\/#website\"},\"primaryImageOfPage\":{\"@id\":\"https:\/\/aoxuancnc.com\/es\/producto\/45t-aluminum-foil-pressing-pneumatic-punching-machine-for-lunch-containers\/#primaryimage\"},\"image\":{\"@id\":\"https:\/\/aoxuancnc.com\/es\/producto\/45t-aluminum-foil-pressing-pneumatic-punching-machine-for-lunch-containers\/#primaryimage\"},\"thumbnailUrl\":\"https:\/\/aoxuancnc.com\/wp-content\/uploads\/2025\/06\/pl71366147-.webp\",\"datePublished\":\"2025-06-18T07:35:56+00:00\",\"dateModified\":\"2025-10-08T01:41:10+00:00\",\"breadcrumb\":{\"@id\":\"https:\/\/aoxuancnc.com\/es\/producto\/45t-aluminum-foil-pressing-pneumatic-punching-machine-for-lunch-containers\/#breadcrumb\"},\"inLanguage\":\"de\",\"potentialAction\":[{\"@type\":\"ReadAction\",\"target\":[\"https:\/\/aoxuancnc.com\/es\/producto\/45t-aluminum-foil-pressing-pneumatic-punching-machine-for-lunch-containers\/\"]}]},{\"@type\":\"ImageObject\",\"inLanguage\":\"de\",\"@id\":\"https:\/\/aoxuancnc.com\/es\/producto\/45t-aluminum-foil-pressing-pneumatic-punching-machine-for-lunch-containers\/#primaryimage\",\"url\":\"https:\/\/aoxuancnc.com\/wp-content\/uploads\/2025\/06\/pl71366147-.webp\",\"contentUrl\":\"https:\/\/aoxuancnc.com\/wp-content\/uploads\/2025\/06\/pl71366147-.webp\",\"width\":800,\"height\":800},{\"@type\":\"BreadcrumbList\",\"@id\":\"https:\/\/aoxuancnc.com\/es\/producto\/45t-aluminum-foil-pressing-pneumatic-punching-machine-for-lunch-containers\/#breadcrumb\",\"itemListElement\":[{\"@type\":\"ListItem\",\"position\":1,\"name\":\"\u9996\u9875\",\"item\":\"http:\/\/aoxuancnc.com\/\"},{\"@type\":\"ListItem\",\"position\":2,\"name\":\"Product\",\"item\":\"https:\/\/aoxuancnc.com\/ru\/product\/\"},{\"@type\":\"ListItem\",\"position\":3,\"name\":\"45T Aluminum Foil Lunch Containers Semi Automatic Production Line With Pneumatic Punching Machine\"}]},{\"@type\":\"WebSite\",\"@id\":\"http:\/\/aoxuancnc.com\/#website\",\"url\":\"http:\/\/aoxuancnc.com\/\",\"name\":\"AOXUANZG\",\"description\":\"Anhui Aoxuan Heavy Industry Machine Co., Ltd\",\"potentialAction\":[{\"@type\":\"SearchAction\",\"target\":{\"@type\":\"EntryPoint\",\"urlTemplate\":\"http:\/\/aoxuancnc.com\/?s={search_term_string}\"},\"query-input\":{\"@type\":\"PropertyValueSpecification\",\"valueRequired\":true,\"valueName\":\"search_term_string\"}}],\"inLanguage\":\"de\"}]}<\/script>\n<!-- \/ Yoast SEO plugin. -->","yoast_head_json":{"title":"45T Aluminum Foil Lunch Containers Semi Automatic Production Line With Pneumatic Punching Machine - AOXUANZG","robots":{"index":"index","follow":"follow","max-snippet":"max-snippet:-1","max-image-preview":"max-image-preview:large","max-video-preview":"max-video-preview:-1"},"canonical":"https:\/\/aoxuancnc.com\/de\/producto\/45t-aluminum-foil-pressing-pneumatic-punching-machine-for-lunch-containers\/","og_locale":"de_DE","og_type":"article","og_title":"45T Aluminum Foil Lunch Containers Semi Automatic Production Line With Pneumatic Punching Machine - AOXUANZG","og_description":"Product Details Place of Origin: China Brand Name: AOXUANZG Certification: CE Model Number: JF21-45  Payment &amp; Shipping Terms Minimum Order Quantity: 1 Set Price: $23000-$50000\/Set Packaging Details: Standard export packing Delivery time: 50-60 days Payment Terms: L\/C, T\/T, Western Union, MoneyGram Supply Ability: 50sets\/Year","og_url":"https:\/\/aoxuancnc.com\/de\/producto\/45t-aluminum-foil-pressing-pneumatic-punching-machine-for-lunch-containers\/","og_site_name":"AOXUANZG","article_modified_time":"2025-10-08T01:41:10+00:00","og_image":[{"width":800,"height":800,"url":"https:\/\/aoxuancnc.com\/wp-content\/uploads\/2025\/06\/pl71366147-.webp","type":"image\/webp"}],"twitter_card":"summary_large_image","twitter_misc":{"Gesch\u00e4tzte Lesezeit":"4\u00a0Minuten"},"schema":{"@context":"https:\/\/schema.org","@graph":[{"@type":"WebPage","@id":"https:\/\/aoxuancnc.com\/es\/producto\/45t-aluminum-foil-pressing-pneumatic-punching-machine-for-lunch-containers\/","url":"https:\/\/aoxuancnc.com\/es\/producto\/45t-aluminum-foil-pressing-pneumatic-punching-machine-for-lunch-containers\/","name":"45T Aluminum Foil Lunch Containers Semi Automatic Production Line With Pneumatic Punching Machine - AOXUANZG","isPartOf":{"@id":"http:\/\/aoxuancnc.com\/#website"},"primaryImageOfPage":{"@id":"https:\/\/aoxuancnc.com\/es\/producto\/45t-aluminum-foil-pressing-pneumatic-punching-machine-for-lunch-containers\/#primaryimage"},"image":{"@id":"https:\/\/aoxuancnc.com\/es\/producto\/45t-aluminum-foil-pressing-pneumatic-punching-machine-for-lunch-containers\/#primaryimage"},"thumbnailUrl":"https:\/\/aoxuancnc.com\/wp-content\/uploads\/2025\/06\/pl71366147-.webp","datePublished":"2025-06-18T07:35:56+00:00","dateModified":"2025-10-08T01:41:10+00:00","breadcrumb":{"@id":"https:\/\/aoxuancnc.com\/es\/producto\/45t-aluminum-foil-pressing-pneumatic-punching-machine-for-lunch-containers\/#breadcrumb"},"inLanguage":"de","potentialAction":[{"@type":"ReadAction","target":["https:\/\/aoxuancnc.com\/es\/producto\/45t-aluminum-foil-pressing-pneumatic-punching-machine-for-lunch-containers\/"]}]},{"@type":"ImageObject","inLanguage":"de","@id":"https:\/\/aoxuancnc.com\/es\/producto\/45t-aluminum-foil-pressing-pneumatic-punching-machine-for-lunch-containers\/#primaryimage","url":"https:\/\/aoxuancnc.com\/wp-content\/uploads\/2025\/06\/pl71366147-.webp","contentUrl":"https:\/\/aoxuancnc.com\/wp-content\/uploads\/2025\/06\/pl71366147-.webp","width":800,"height":800},{"@type":"BreadcrumbList","@id":"https:\/\/aoxuancnc.com\/es\/producto\/45t-aluminum-foil-pressing-pneumatic-punching-machine-for-lunch-containers\/#breadcrumb","itemListElement":[{"@type":"ListItem","position":1,"name":"\u9996\u9875","item":"http:\/\/aoxuancnc.com\/"},{"@type":"ListItem","position":2,"name":"Product","item":"https:\/\/aoxuancnc.com\/ru\/product\/"},{"@type":"ListItem","position":3,"name":"45T Aluminum Foil Lunch Containers Semi Automatic Production Line With Pneumatic Punching Machine"}]},{"@type":"WebSite","@id":"http:\/\/aoxuancnc.com\/#website","url":"http:\/\/aoxuancnc.com\/","name":"AOXUANZG","description":"Anhui Aoxuan Heavy Industry Machine Co., Ltd","potentialAction":[{"@type":"SearchAction","target":{"@type":"EntryPoint","urlTemplate":"http:\/\/aoxuancnc.com\/?s={search_term_string}"},"query-input":{"@type":"PropertyValueSpecification","valueRequired":true,"valueName":"search_term_string"}}],"inLanguage":"de"}]}},"_links":{"self":[{"href":"https:\/\/aoxuancnc.com\/de\/wp-json\/wp\/v2\/product\/177","targetHints":{"allow":["GET"]}}],"collection":[{"href":"https:\/\/aoxuancnc.com\/de\/wp-json\/wp\/v2\/product"}],"about":[{"href":"https:\/\/aoxuancnc.com\/de\/wp-json\/wp\/v2\/types\/product"}],"wp:featuredmedia":[{"embeddable":true,"href":"https:\/\/aoxuancnc.com\/de\/wp-json\/wp\/v2\/media\/180"}],"wp:attachment":[{"href":"https:\/\/aoxuancnc.com\/de\/wp-json\/wp\/v2\/media?parent=177"}],"wp:term":[{"taxonomy":"product_brand","embeddable":true,"href":"https:\/\/aoxuancnc.com\/de\/wp-json\/wp\/v2\/product_brand?post=177"},{"taxonomy":"product_cat","embeddable":true,"href":"https:\/\/aoxuancnc.com\/de\/wp-json\/wp\/v2\/product_cat?post=177"},{"taxonomy":"product_tag","embeddable":true,"href":"https:\/\/aoxuancnc.com\/de\/wp-json\/wp\/v2\/product_tag?post=177"}],"curies":[{"name":"wp","href":"https:\/\/api.w.org\/{rel}","templated":true}]}}