{"id":231,"date":"2025-08-25T10:05:01","date_gmt":"2025-08-25T10:05:01","guid":{"rendered":"https:\/\/aoxuancnc.com\/?post_type=product&#038;p=231"},"modified":"2025-10-08T01:41:36","modified_gmt":"2025-10-08T01:41:36","slug":"170t2500mm-cnc-hydraulic-press-brake-41-axis-with-china-ax-68t-controller","status":"publish","type":"product","link":"https:\/\/aoxuancnc.com\/de\/produkt\/170t2500mm-cnc-hydraulic-press-brake-41-axis-with-china-ax-68t-controller\/","title":{"rendered":"170T2500MM CNC Hydraulische Abkantpresse 4+1 Achsen mit China AX-68T Controller"},"content":{"rendered":"<p>Diese CNC-hydraulische Abkantpresse ist technologisch fortschrittlich und zuverl\u00e4ssig in der Blechbiegeleistung. Sie wird h\u00e4ufig in der Flugzeug-, Automobil-, LKW-, Schiffsbau- und verschiedenen Fertigungsindustrien mit hoher Produktionseffizienz eingesetzt.<\/p>\n<p>.<img loading=\"lazy\" decoding=\"async\" class=\"alignnone size-medium wp-image-233\" src=\"https:\/\/aoxuancnc.com\/wp-content\/uploads\/2025\/08\/160T2500-41-Axis-AX-68T-1-500x375.jpg\" alt=\"\" width=\"500\" height=\"375\" srcset=\"https:\/\/aoxuancnc.com\/wp-content\/uploads\/2025\/08\/160T2500-41-Axis-AX-68T-1-500x375.jpg 500w, https:\/\/aoxuancnc.com\/wp-content\/uploads\/2025\/08\/160T2500-41-Axis-AX-68T-1-1200x901.jpg 1200w, https:\/\/aoxuancnc.com\/wp-content\/uploads\/2025\/08\/160T2500-41-Axis-AX-68T-1-300x225.jpg 300w, https:\/\/aoxuancnc.com\/wp-content\/uploads\/2025\/08\/160T2500-41-Axis-AX-68T-1-768x577.jpg 768w, https:\/\/aoxuancnc.com\/wp-content\/uploads\/2025\/08\/160T2500-41-Axis-AX-68T-1-1536x1153.jpg 1536w, https:\/\/aoxuancnc.com\/wp-content\/uploads\/2025\/08\/160T2500-41-Axis-AX-68T-1-2048x1538.jpg 2048w, https:\/\/aoxuancnc.com\/wp-content\/uploads\/2025\/08\/160T2500-41-Axis-AX-68T-1-16x12.jpg 16w, https:\/\/aoxuancnc.com\/wp-content\/uploads\/2025\/08\/160T2500-41-Axis-AX-68T-1-100x75.jpg 100w, https:\/\/aoxuancnc.com\/wp-content\/uploads\/2025\/08\/160T2500-41-Axis-AX-68T-1-960x720.jpg 960w, https:\/\/aoxuancnc.com\/wp-content\/uploads\/2025\/08\/160T2500-41-Axis-AX-68T-1-480x360.jpg 480w, https:\/\/aoxuancnc.com\/wp-content\/uploads\/2025\/08\/160T2500-41-Axis-AX-68T-1-800x601.jpg 800w\" sizes=\"auto, (max-width:767px) 480px, 500px\" \/><img loading=\"lazy\" decoding=\"async\" class=\"alignnone size-medium wp-image-234\" src=\"https:\/\/aoxuancnc.com\/wp-content\/uploads\/2025\/08\/160T2500-41-Axis-AX-68T-2-500x375.jpg\" alt=\"\" width=\"500\" height=\"375\" srcset=\"https:\/\/aoxuancnc.com\/wp-content\/uploads\/2025\/08\/160T2500-41-Axis-AX-68T-2-500x375.jpg 500w, https:\/\/aoxuancnc.com\/wp-content\/uploads\/2025\/08\/160T2500-41-Axis-AX-68T-2-1200x901.jpg 1200w, https:\/\/aoxuancnc.com\/wp-content\/uploads\/2025\/08\/160T2500-41-Axis-AX-68T-2-300x225.jpg 300w, https:\/\/aoxuancnc.com\/wp-content\/uploads\/2025\/08\/160T2500-41-Axis-AX-68T-2-768x577.jpg 768w, https:\/\/aoxuancnc.com\/wp-content\/uploads\/2025\/08\/160T2500-41-Axis-AX-68T-2-1536x1153.jpg 1536w, https:\/\/aoxuancnc.com\/wp-content\/uploads\/2025\/08\/160T2500-41-Axis-AX-68T-2-2048x1538.jpg 2048w, https:\/\/aoxuancnc.com\/wp-content\/uploads\/2025\/08\/160T2500-41-Axis-AX-68T-2-16x12.jpg 16w, https:\/\/aoxuancnc.com\/wp-content\/uploads\/2025\/08\/160T2500-41-Axis-AX-68T-2-100x75.jpg 100w, https:\/\/aoxuancnc.com\/wp-content\/uploads\/2025\/08\/160T2500-41-Axis-AX-68T-2-960x720.jpg 960w, https:\/\/aoxuancnc.com\/wp-content\/uploads\/2025\/08\/160T2500-41-Axis-AX-68T-2-480x360.jpg 480w, https:\/\/aoxuancnc.com\/wp-content\/uploads\/2025\/08\/160T2500-41-Axis-AX-68T-2-800x601.jpg 800w\" sizes=\"auto, (max-width:767px) 480px, 500px\" \/><img loading=\"lazy\" decoding=\"async\" class=\"alignnone size-medium wp-image-235\" src=\"https:\/\/aoxuancnc.com\/wp-content\/uploads\/2025\/08\/160T2500-41-Axis-AX-68T-3-500x375.jpg\" alt=\"\" width=\"500\" height=\"375\" srcset=\"https:\/\/aoxuancnc.com\/wp-content\/uploads\/2025\/08\/160T2500-41-Axis-AX-68T-3-500x375.jpg 500w, https:\/\/aoxuancnc.com\/wp-content\/uploads\/2025\/08\/160T2500-41-Axis-AX-68T-3-1200x901.jpg 1200w, https:\/\/aoxuancnc.com\/wp-content\/uploads\/2025\/08\/160T2500-41-Axis-AX-68T-3-300x225.jpg 300w, https:\/\/aoxuancnc.com\/wp-content\/uploads\/2025\/08\/160T2500-41-Axis-AX-68T-3-768x577.jpg 768w, https:\/\/aoxuancnc.com\/wp-content\/uploads\/2025\/08\/160T2500-41-Axis-AX-68T-3-1536x1153.jpg 1536w, https:\/\/aoxuancnc.com\/wp-content\/uploads\/2025\/08\/160T2500-41-Axis-AX-68T-3-2048x1538.jpg 2048w, https:\/\/aoxuancnc.com\/wp-content\/uploads\/2025\/08\/160T2500-41-Axis-AX-68T-3-16x12.jpg 16w, https:\/\/aoxuancnc.com\/wp-content\/uploads\/2025\/08\/160T2500-41-Axis-AX-68T-3-100x75.jpg 100w, https:\/\/aoxuancnc.com\/wp-content\/uploads\/2025\/08\/160T2500-41-Axis-AX-68T-3-960x720.jpg 960w, https:\/\/aoxuancnc.com\/wp-content\/uploads\/2025\/08\/160T2500-41-Axis-AX-68T-3-480x360.jpg 480w, https:\/\/aoxuancnc.com\/wp-content\/uploads\/2025\/08\/160T2500-41-Axis-AX-68T-3-800x601.jpg 800w\" sizes=\"auto, (max-width:767px) 480px, 500px\" \/><img loading=\"lazy\" decoding=\"async\" class=\"alignnone size-medium wp-image-237\" src=\"https:\/\/aoxuancnc.com\/wp-content\/uploads\/2025\/08\/160T2500-41-Axis-AX-68T-5-500x375.jpg\" alt=\"\" width=\"500\" height=\"375\" srcset=\"https:\/\/aoxuancnc.com\/wp-content\/uploads\/2025\/08\/160T2500-41-Axis-AX-68T-5-500x375.jpg 500w, https:\/\/aoxuancnc.com\/wp-content\/uploads\/2025\/08\/160T2500-41-Axis-AX-68T-5-1200x901.jpg 1200w, https:\/\/aoxuancnc.com\/wp-content\/uploads\/2025\/08\/160T2500-41-Axis-AX-68T-5-300x225.jpg 300w, https:\/\/aoxuancnc.com\/wp-content\/uploads\/2025\/08\/160T2500-41-Axis-AX-68T-5-768x577.jpg 768w, https:\/\/aoxuancnc.com\/wp-content\/uploads\/2025\/08\/160T2500-41-Axis-AX-68T-5-1536x1153.jpg 1536w, https:\/\/aoxuancnc.com\/wp-content\/uploads\/2025\/08\/160T2500-41-Axis-AX-68T-5-2048x1538.jpg 2048w, https:\/\/aoxuancnc.com\/wp-content\/uploads\/2025\/08\/160T2500-41-Axis-AX-68T-5-16x12.jpg 16w, https:\/\/aoxuancnc.com\/wp-content\/uploads\/2025\/08\/160T2500-41-Axis-AX-68T-5-100x75.jpg 100w, https:\/\/aoxuancnc.com\/wp-content\/uploads\/2025\/08\/160T2500-41-Axis-AX-68T-5-960x720.jpg 960w, https:\/\/aoxuancnc.com\/wp-content\/uploads\/2025\/08\/160T2500-41-Axis-AX-68T-5-480x360.jpg 480w, https:\/\/aoxuancnc.com\/wp-content\/uploads\/2025\/08\/160T2500-41-Axis-AX-68T-5-800x601.jpg 800w\" sizes=\"auto, (max-width:767px) 480px, 500px\" \/><img loading=\"lazy\" decoding=\"async\" class=\"alignnone size-medium wp-image-239\" src=\"https:\/\/aoxuancnc.com\/wp-content\/uploads\/2025\/08\/160T2500-41-Axis-AX-68T-7-500x375.jpg\" alt=\"\" width=\"500\" height=\"375\" srcset=\"https:\/\/aoxuancnc.com\/wp-content\/uploads\/2025\/08\/160T2500-41-Axis-AX-68T-7-500x375.jpg 500w, https:\/\/aoxuancnc.com\/wp-content\/uploads\/2025\/08\/160T2500-41-Axis-AX-68T-7-1200x901.jpg 1200w, https:\/\/aoxuancnc.com\/wp-content\/uploads\/2025\/08\/160T2500-41-Axis-AX-68T-7-300x225.jpg 300w, https:\/\/aoxuancnc.com\/wp-content\/uploads\/2025\/08\/160T2500-41-Axis-AX-68T-7-768x577.jpg 768w, https:\/\/aoxuancnc.com\/wp-content\/uploads\/2025\/08\/160T2500-41-Axis-AX-68T-7-1536x1153.jpg 1536w, https:\/\/aoxuancnc.com\/wp-content\/uploads\/2025\/08\/160T2500-41-Axis-AX-68T-7-2048x1538.jpg 2048w, https:\/\/aoxuancnc.com\/wp-content\/uploads\/2025\/08\/160T2500-41-Axis-AX-68T-7-16x12.jpg 16w, https:\/\/aoxuancnc.com\/wp-content\/uploads\/2025\/08\/160T2500-41-Axis-AX-68T-7-100x75.jpg 100w, https:\/\/aoxuancnc.com\/wp-content\/uploads\/2025\/08\/160T2500-41-Axis-AX-68T-7-960x720.jpg 960w, https:\/\/aoxuancnc.com\/wp-content\/uploads\/2025\/08\/160T2500-41-Axis-AX-68T-7-480x360.jpg 480w, https:\/\/aoxuancnc.com\/wp-content\/uploads\/2025\/08\/160T2500-41-Axis-AX-68T-7-800x601.jpg 800w\" sizes=\"auto, (max-width:767px) 480px, 500px\" \/><img loading=\"lazy\" decoding=\"async\" class=\"alignnone size-medium wp-image-238\" src=\"https:\/\/aoxuancnc.com\/wp-content\/uploads\/2025\/08\/160T2500-41-Axis-AX-68T-6-500x375.jpg\" alt=\"\" width=\"500\" height=\"375\" srcset=\"https:\/\/aoxuancnc.com\/wp-content\/uploads\/2025\/08\/160T2500-41-Axis-AX-68T-6-500x375.jpg 500w, https:\/\/aoxuancnc.com\/wp-content\/uploads\/2025\/08\/160T2500-41-Axis-AX-68T-6-1200x901.jpg 1200w, https:\/\/aoxuancnc.com\/wp-content\/uploads\/2025\/08\/160T2500-41-Axis-AX-68T-6-300x225.jpg 300w, https:\/\/aoxuancnc.com\/wp-content\/uploads\/2025\/08\/160T2500-41-Axis-AX-68T-6-768x577.jpg 768w, https:\/\/aoxuancnc.com\/wp-content\/uploads\/2025\/08\/160T2500-41-Axis-AX-68T-6-1536x1153.jpg 1536w, https:\/\/aoxuancnc.com\/wp-content\/uploads\/2025\/08\/160T2500-41-Axis-AX-68T-6-2048x1538.jpg 2048w, https:\/\/aoxuancnc.com\/wp-content\/uploads\/2025\/08\/160T2500-41-Axis-AX-68T-6-16x12.jpg 16w, https:\/\/aoxuancnc.com\/wp-content\/uploads\/2025\/08\/160T2500-41-Axis-AX-68T-6-100x75.jpg 100w, https:\/\/aoxuancnc.com\/wp-content\/uploads\/2025\/08\/160T2500-41-Axis-AX-68T-6-960x720.jpg 960w, https:\/\/aoxuancnc.com\/wp-content\/uploads\/2025\/08\/160T2500-41-Axis-AX-68T-6-480x360.jpg 480w, https:\/\/aoxuancnc.com\/wp-content\/uploads\/2025\/08\/160T2500-41-Axis-AX-68T-6-800x601.jpg 800w\" sizes=\"auto, (max-width:767px) 480px, 500px\" \/><\/p>\n<h3><span style=\"color: #0000ff;\"><strong>Beschreibung der CNC-hydraulischen Abkantpresse\u00a0<\/strong><\/span><\/h3>\n<p>1. Die Haupt\u00f6lzylinder auf beiden Seiten sind mit einem aus Deutschland importierten elektrohydraulischen Servoventil und einem Gitterlineal eines spanischen Unternehmens synchronisiert, um eine Regelung zu bilden. Das Feedback ist pr\u00e4zise und der Schieber l\u00e4uft pr\u00e4zise, sodass die Biegepr\u00e4zision und die wiederholbare Positionierungsgenauigkeit des Schiebers hoch sind.<\/p>\n<p>2. Die V-Achse kompensiert mechanisch. Beheben Sie die Auswirkungen der Verformung des Schiebers w\u00e4hrend des Biegevorgangs auf die Qualit\u00e4t des Werkst\u00fccks. Der Kompensationsbetrag wird automatisch vom CNC-System angepasst, was bequem und genau ist.<\/p>\n<p>3. Der Rumpf verf\u00fcgt \u00fcber eine geteilte Stahlblech-Schwei\u00dfstruktur. Nach dem Anlassen und der Vibrationsalterung werden die durch Schwei\u00df- und Verarbeitungsspannungen verursachten Verformungen beseitigt und die Genauigkeit der Werkzeugmaschine bleibt erhalten.<\/p>\n<p>4. Der Rumpf verf\u00fcgt \u00fcber eine geteilte Montagestruktur, die bequem zu transportieren und zu verarbeiten ist und die Pr\u00e4zision der Werkzeugmaschine gew\u00e4hrleisten kann.<\/p>\n<p>5. Die wichtigen Komponenten wie der Maschinenk\u00f6rper und der Schieber werden mit der Finite-Elemente-Analysesoftware ANSYS analysiert, um die Zuverl\u00e4ssigkeit der Werkzeugmaschine sicherzustellen.<\/p>\n<p>6. Das Hydrauliksystem verwendet das aus Deutschland importierte integrierte Steuerungssystem, das die Installation von Rohrleitungen reduziert, die Arbeitsstabilit\u00e4t der Werkzeugmaschine verbessert und ein sch\u00f6nes und pr\u00e4gnantes Erscheinungsbild aufweist.<\/p>\n<p>7. Es kann in Teile unterteilt und entsprechend den Anforderungen des Werkst\u00fccks auf eine bestimmte L\u00e4nge zusammengebaut werden, um den Verarbeitungsanforderungen spezieller Teile gerecht zu werden. Die obere Matrize verf\u00fcgt \u00fcber eine Sicherheitsgrabenstruktur (europ\u00e4ischer Standard), und die untere Matrize verf\u00fcgt \u00fcber eine modulare Struktur, um sich an verschiedene Teile anzupassen. Brauchen<\/p>\n<p>8.Das CNC-System verwendet den AX-68T<\/p>\n<p>9. Auf beiden Seiten des Rumpfes befinden sich C-f\u00f6rmige Platten, und die hochpr\u00e4zise Gitterskala ist auf der C-f\u00f6rmigen Platte installiert, um die Auswirkungen der Verformung des Rumpfes auf die Biegegenauigkeit w\u00e4hrend des Biegens zu vermeiden.<\/p>\n<p>10. Die Zylinder werden von einem professionellen Hersteller verarbeitet, versiegelte Sets aus Deutschland importiert, um \u00d6llecks zu vermeiden.<\/p>\n<p><img loading=\"lazy\" decoding=\"async\" class=\"alignnone size-medium wp-image-241\" src=\"https:\/\/aoxuancnc.com\/wp-content\/uploads\/2025\/08\/HTB1RyrAXdzvK1RkSnfoq6zMwVXaE-369x500.png\" alt=\"\" width=\"369\" height=\"500\" srcset=\"https:\/\/aoxuancnc.com\/wp-content\/uploads\/2025\/08\/HTB1RyrAXdzvK1RkSnfoq6zMwVXaE-369x500.png 369w, https:\/\/aoxuancnc.com\/wp-content\/uploads\/2025\/08\/HTB1RyrAXdzvK1RkSnfoq6zMwVXaE-886x1200.png 886w, https:\/\/aoxuancnc.com\/wp-content\/uploads\/2025\/08\/HTB1RyrAXdzvK1RkSnfoq6zMwVXaE-222x300.png 222w, https:\/\/aoxuancnc.com\/wp-content\/uploads\/2025\/08\/HTB1RyrAXdzvK1RkSnfoq6zMwVXaE-768x1040.png 768w, https:\/\/aoxuancnc.com\/wp-content\/uploads\/2025\/08\/HTB1RyrAXdzvK1RkSnfoq6zMwVXaE-9x12.png 9w, https:\/\/aoxuancnc.com\/wp-content\/uploads\/2025\/08\/HTB1RyrAXdzvK1RkSnfoq6zMwVXaE-55x75.png 55w, https:\/\/aoxuancnc.com\/wp-content\/uploads\/2025\/08\/HTB1RyrAXdzvK1RkSnfoq6zMwVXaE-480x650.png 480w, https:\/\/aoxuancnc.com\/wp-content\/uploads\/2025\/08\/HTB1RyrAXdzvK1RkSnfoq6zMwVXaE-800x1083.png 800w, https:\/\/aoxuancnc.com\/wp-content\/uploads\/2025\/08\/HTB1RyrAXdzvK1RkSnfoq6zMwVXaE.png 1000w\" sizes=\"auto, (max-width:767px) 369px, 369px\" \/><\/p>\n<p><strong style=\"color: #0000ff; font-size: 25px;\">\u00a0Maschinenkonfigurationen\u00a0<\/strong><\/p>\n<p><img loading=\"lazy\" decoding=\"async\" class=\"alignnone size-medium wp-image-242\" src=\"https:\/\/aoxuancnc.com\/wp-content\/uploads\/2025\/08\/Hydraulic-press-brake-configuations-500x300.png\" alt=\"\" width=\"500\" height=\"300\" srcset=\"https:\/\/aoxuancnc.com\/wp-content\/uploads\/2025\/08\/Hydraulic-press-brake-configuations-500x300.png 500w, https:\/\/aoxuancnc.com\/wp-content\/uploads\/2025\/08\/Hydraulic-press-brake-configuations-300x180.png 300w, https:\/\/aoxuancnc.com\/wp-content\/uploads\/2025\/08\/Hydraulic-press-brake-configuations-768x460.png 768w, https:\/\/aoxuancnc.com\/wp-content\/uploads\/2025\/08\/Hydraulic-press-brake-configuations-18x12.png 18w, https:\/\/aoxuancnc.com\/wp-content\/uploads\/2025\/08\/Hydraulic-press-brake-configuations-125x75.png 125w, https:\/\/aoxuancnc.com\/wp-content\/uploads\/2025\/08\/Hydraulic-press-brake-configuations-480x288.png 480w, https:\/\/aoxuancnc.com\/wp-content\/uploads\/2025\/08\/Hydraulic-press-brake-configuations-800x479.png 800w, https:\/\/aoxuancnc.com\/wp-content\/uploads\/2025\/08\/Hydraulic-press-brake-configuations.png 861w\" sizes=\"auto, (max-width:767px) 480px, 500px\" \/><\/p>\n<p>&nbsp;<\/p>\n<p>&nbsp;<\/p>\n<p>&nbsp;<\/p>\n<h4><\/h4>\n<p>&nbsp;<\/p>","protected":false},"excerpt":{"rendered":"<p>1. Preisinhalt FOB Shanghai-Preis, China<\/p>\n<p>2. G\u00fcltiger Preis: innerhalb von 30 Tagen;<\/p>\n<p>3. Zahlungsmethode: Wenn der Produktkaufvertrag und die technische Vereinbarung unterzeichnet sind, werden 30% des Gesamtbetrags des Vertrags bezahlt, und 70% des Gesamtbetrags des Vertrags werden zum Zeitpunkt der Lieferung per T\/T oder L\/C bezahlt.<\/p>\n<p>4. Lieferzeit: 30 Werktage nach Erhalt der Anzahlung;<\/p>\n<p>5. Verpackung: einfache Verpackung, kein Recycling;<\/p>","protected":false},"featured_media":291,"template":"","meta":[],"product_brand":[],"product_cat":[3],"product_tag":[17,18,19],"class_list":{"0":"post-231","1":"product","2":"type-product","3":"status-publish","4":"has-post-thumbnail","6":"product_cat-cnc-electro-hydraulic-press-brake","7":"product_tag-cnchydraulicpressbrake","8":"product_tag-metalbendingmachine","9":"product_tag-pressbrakebender-hydraulicpressbrake","11":"first","12":"instock","13":"sale","14":"shipping-taxable","15":"purchasable","16":"product-type-simple"},"yoast_head":"<!-- This site is optimized with the Yoast SEO plugin v24.9 - https:\/\/yoast.com\/wordpress\/plugins\/seo\/ -->\n<title>170T2500MM CNC Hydraulic press brake 4+1 axis with China AX-68T controller - AOXUANZG<\/title>\n<meta name=\"robots\" content=\"index, follow, max-snippet:-1, max-image-preview:large, max-video-preview:-1\" \/>\n<link rel=\"canonical\" href=\"https:\/\/aoxuancnc.com\/de\/produkt\/170t2500mm-cnc-hydraulic-press-brake-41-axis-with-china-ax-68t-controller\/\" \/>\n<meta property=\"og:locale\" content=\"de_DE\" \/>\n<meta property=\"og:type\" content=\"article\" \/>\n<meta property=\"og:title\" content=\"170T2500MM CNC Hydraulic press brake 4+1 axis with China AX-68T controller - AOXUANZG\" \/>\n<meta property=\"og:description\" content=\"1\u3001Price content FOB Shanghaiprice , China  2\u3001Valid\u00a0price:\u00a0within\u00a030\u00a0days;  3\u3001Payment\u00a0method:\u00a0When\u00a0the\u00a0product sales\u00a0contract\u00a0and technical\u00a0agreement\u00a0are signed,\u00a030%\u00a0of\u00a0the\u00a0total\u00a0amount\u00a0of\u00a0the\u00a0contract\u00a0will\u00a0be\u00a0paid,\u00a0and\u00a070%\u00a0of the\u00a0total\u00a0amount\u00a0of\u00a0the contract will\u00a0be\u00a0paid\u00a0at the\u00a0time\u00a0of\u00a0delivery\u00a0by\u00a0T\/T\u00a0or\u00a0L\/C.  4\u3001Delivery\u00a0period:\u00a030\u00a0working days\u00a0after\u00a0receipt\u00a0the\u00a0deposit;  5\u3001Packing: simple packaging, not recycling;\" \/>\n<meta property=\"og:url\" content=\"https:\/\/aoxuancnc.com\/de\/produkt\/170t2500mm-cnc-hydraulic-press-brake-41-axis-with-china-ax-68t-controller\/\" \/>\n<meta property=\"og:site_name\" content=\"AOXUANZG\" \/>\n<meta property=\"article:modified_time\" content=\"2025-10-08T01:41:36+00:00\" \/>\n<meta property=\"og:image\" content=\"https:\/\/aoxuancnc.com\/wp-content\/uploads\/2025\/08\/DSC00280_\u526f\u672c.png\" \/>\n\t<meta property=\"og:image:width\" content=\"900\" \/>\n\t<meta property=\"og:image:height\" content=\"900\" \/>\n\t<meta property=\"og:image:type\" content=\"image\/png\" \/>\n<meta name=\"twitter:card\" content=\"summary_large_image\" \/>\n<meta name=\"twitter:label1\" content=\"Gesch\u00e4tzte Lesezeit\" \/>\n\t<meta name=\"twitter:data1\" content=\"4\u00a0Minuten\" \/>\n<script type=\"application\/ld+json\" class=\"yoast-schema-graph\">{\"@context\":\"https:\/\/schema.org\",\"@graph\":[{\"@type\":\"WebPage\",\"@id\":\"https:\/\/aoxuancnc.com\/product\/170t2500mm-cnc-hydraulic-press-brake-41-axis-with-china-ax-68t-controller\/\",\"url\":\"https:\/\/aoxuancnc.com\/product\/170t2500mm-cnc-hydraulic-press-brake-41-axis-with-china-ax-68t-controller\/\",\"name\":\"170T2500MM CNC Hydraulic press brake 4+1 axis with China AX-68T controller - AOXUANZG\",\"isPartOf\":{\"@id\":\"http:\/\/aoxuancnc.com\/#website\"},\"primaryImageOfPage\":{\"@id\":\"https:\/\/aoxuancnc.com\/product\/170t2500mm-cnc-hydraulic-press-brake-41-axis-with-china-ax-68t-controller\/#primaryimage\"},\"image\":{\"@id\":\"https:\/\/aoxuancnc.com\/product\/170t2500mm-cnc-hydraulic-press-brake-41-axis-with-china-ax-68t-controller\/#primaryimage\"},\"thumbnailUrl\":\"https:\/\/aoxuancnc.com\/wp-content\/uploads\/2025\/08\/DSC00280_\u526f\u672c.png\",\"datePublished\":\"2025-08-25T10:05:01+00:00\",\"dateModified\":\"2025-10-08T01:41:36+00:00\",\"breadcrumb\":{\"@id\":\"https:\/\/aoxuancnc.com\/product\/170t2500mm-cnc-hydraulic-press-brake-41-axis-with-china-ax-68t-controller\/#breadcrumb\"},\"inLanguage\":\"de\",\"potentialAction\":[{\"@type\":\"ReadAction\",\"target\":[\"https:\/\/aoxuancnc.com\/product\/170t2500mm-cnc-hydraulic-press-brake-41-axis-with-china-ax-68t-controller\/\"]}]},{\"@type\":\"ImageObject\",\"inLanguage\":\"de\",\"@id\":\"https:\/\/aoxuancnc.com\/product\/170t2500mm-cnc-hydraulic-press-brake-41-axis-with-china-ax-68t-controller\/#primaryimage\",\"url\":\"https:\/\/aoxuancnc.com\/wp-content\/uploads\/2025\/08\/DSC00280_\u526f\u672c.png\",\"contentUrl\":\"https:\/\/aoxuancnc.com\/wp-content\/uploads\/2025\/08\/DSC00280_\u526f\u672c.png\",\"width\":900,\"height\":900},{\"@type\":\"BreadcrumbList\",\"@id\":\"https:\/\/aoxuancnc.com\/product\/170t2500mm-cnc-hydraulic-press-brake-41-axis-with-china-ax-68t-controller\/#breadcrumb\",\"itemListElement\":[{\"@type\":\"ListItem\",\"position\":1,\"name\":\"\u9996\u9875\",\"item\":\"http:\/\/aoxuancnc.com\/\"},{\"@type\":\"ListItem\",\"position\":2,\"name\":\"Product\",\"item\":\"https:\/\/aoxuancnc.com\/ru\/product\/\"},{\"@type\":\"ListItem\",\"position\":3,\"name\":\"170T2500MM CNC Hydraulic press brake 4+1 axis with China AX-68T controller\"}]},{\"@type\":\"WebSite\",\"@id\":\"http:\/\/aoxuancnc.com\/#website\",\"url\":\"http:\/\/aoxuancnc.com\/\",\"name\":\"AOXUANZG\",\"description\":\"Anhui Aoxuan Heavy Industry Machine Co., Ltd\",\"potentialAction\":[{\"@type\":\"SearchAction\",\"target\":{\"@type\":\"EntryPoint\",\"urlTemplate\":\"http:\/\/aoxuancnc.com\/?s={search_term_string}\"},\"query-input\":{\"@type\":\"PropertyValueSpecification\",\"valueRequired\":true,\"valueName\":\"search_term_string\"}}],\"inLanguage\":\"de\"}]}<\/script>\n<!-- \/ Yoast SEO plugin. -->","yoast_head_json":{"title":"170T2500MM CNC Hydraulic press brake 4+1 axis with China AX-68T controller - AOXUANZG","robots":{"index":"index","follow":"follow","max-snippet":"max-snippet:-1","max-image-preview":"max-image-preview:large","max-video-preview":"max-video-preview:-1"},"canonical":"https:\/\/aoxuancnc.com\/de\/produkt\/170t2500mm-cnc-hydraulic-press-brake-41-axis-with-china-ax-68t-controller\/","og_locale":"de_DE","og_type":"article","og_title":"170T2500MM CNC Hydraulic press brake 4+1 axis with China AX-68T controller - AOXUANZG","og_description":"1\u3001Price content FOB Shanghaiprice , China  2\u3001Valid\u00a0price:\u00a0within\u00a030\u00a0days;  3\u3001Payment\u00a0method:\u00a0When\u00a0the\u00a0product sales\u00a0contract\u00a0and technical\u00a0agreement\u00a0are signed,\u00a030%\u00a0of\u00a0the\u00a0total\u00a0amount\u00a0of\u00a0the\u00a0contract\u00a0will\u00a0be\u00a0paid,\u00a0and\u00a070%\u00a0of the\u00a0total\u00a0amount\u00a0of\u00a0the contract will\u00a0be\u00a0paid\u00a0at the\u00a0time\u00a0of\u00a0delivery\u00a0by\u00a0T\/T\u00a0or\u00a0L\/C.  4\u3001Delivery\u00a0period:\u00a030\u00a0working days\u00a0after\u00a0receipt\u00a0the\u00a0deposit;  5\u3001Packing: simple packaging, not recycling;","og_url":"https:\/\/aoxuancnc.com\/de\/produkt\/170t2500mm-cnc-hydraulic-press-brake-41-axis-with-china-ax-68t-controller\/","og_site_name":"AOXUANZG","article_modified_time":"2025-10-08T01:41:36+00:00","og_image":[{"width":900,"height":900,"url":"https:\/\/aoxuancnc.com\/wp-content\/uploads\/2025\/08\/DSC00280_\u526f\u672c.png","type":"image\/png"}],"twitter_card":"summary_large_image","twitter_misc":{"Gesch\u00e4tzte Lesezeit":"4\u00a0Minuten"},"schema":{"@context":"https:\/\/schema.org","@graph":[{"@type":"WebPage","@id":"https:\/\/aoxuancnc.com\/product\/170t2500mm-cnc-hydraulic-press-brake-41-axis-with-china-ax-68t-controller\/","url":"https:\/\/aoxuancnc.com\/product\/170t2500mm-cnc-hydraulic-press-brake-41-axis-with-china-ax-68t-controller\/","name":"170T2500MM CNC Hydraulic press brake 4+1 axis with China AX-68T controller - AOXUANZG","isPartOf":{"@id":"http:\/\/aoxuancnc.com\/#website"},"primaryImageOfPage":{"@id":"https:\/\/aoxuancnc.com\/product\/170t2500mm-cnc-hydraulic-press-brake-41-axis-with-china-ax-68t-controller\/#primaryimage"},"image":{"@id":"https:\/\/aoxuancnc.com\/product\/170t2500mm-cnc-hydraulic-press-brake-41-axis-with-china-ax-68t-controller\/#primaryimage"},"thumbnailUrl":"https:\/\/aoxuancnc.com\/wp-content\/uploads\/2025\/08\/DSC00280_\u526f\u672c.png","datePublished":"2025-08-25T10:05:01+00:00","dateModified":"2025-10-08T01:41:36+00:00","breadcrumb":{"@id":"https:\/\/aoxuancnc.com\/product\/170t2500mm-cnc-hydraulic-press-brake-41-axis-with-china-ax-68t-controller\/#breadcrumb"},"inLanguage":"de","potentialAction":[{"@type":"ReadAction","target":["https:\/\/aoxuancnc.com\/product\/170t2500mm-cnc-hydraulic-press-brake-41-axis-with-china-ax-68t-controller\/"]}]},{"@type":"ImageObject","inLanguage":"de","@id":"https:\/\/aoxuancnc.com\/product\/170t2500mm-cnc-hydraulic-press-brake-41-axis-with-china-ax-68t-controller\/#primaryimage","url":"https:\/\/aoxuancnc.com\/wp-content\/uploads\/2025\/08\/DSC00280_\u526f\u672c.png","contentUrl":"https:\/\/aoxuancnc.com\/wp-content\/uploads\/2025\/08\/DSC00280_\u526f\u672c.png","width":900,"height":900},{"@type":"BreadcrumbList","@id":"https:\/\/aoxuancnc.com\/product\/170t2500mm-cnc-hydraulic-press-brake-41-axis-with-china-ax-68t-controller\/#breadcrumb","itemListElement":[{"@type":"ListItem","position":1,"name":"\u9996\u9875","item":"http:\/\/aoxuancnc.com\/"},{"@type":"ListItem","position":2,"name":"Product","item":"https:\/\/aoxuancnc.com\/ru\/product\/"},{"@type":"ListItem","position":3,"name":"170T2500MM CNC Hydraulic press brake 4+1 axis with China AX-68T controller"}]},{"@type":"WebSite","@id":"http:\/\/aoxuancnc.com\/#website","url":"http:\/\/aoxuancnc.com\/","name":"AOXUANZG","description":"Anhui Aoxuan Heavy Industry Machine Co., Ltd","potentialAction":[{"@type":"SearchAction","target":{"@type":"EntryPoint","urlTemplate":"http:\/\/aoxuancnc.com\/?s={search_term_string}"},"query-input":{"@type":"PropertyValueSpecification","valueRequired":true,"valueName":"search_term_string"}}],"inLanguage":"de"}]}},"_links":{"self":[{"href":"https:\/\/aoxuancnc.com\/de\/wp-json\/wp\/v2\/product\/231","targetHints":{"allow":["GET"]}}],"collection":[{"href":"https:\/\/aoxuancnc.com\/de\/wp-json\/wp\/v2\/product"}],"about":[{"href":"https:\/\/aoxuancnc.com\/de\/wp-json\/wp\/v2\/types\/product"}],"wp:featuredmedia":[{"embeddable":true,"href":"https:\/\/aoxuancnc.com\/de\/wp-json\/wp\/v2\/media\/291"}],"wp:attachment":[{"href":"https:\/\/aoxuancnc.com\/de\/wp-json\/wp\/v2\/media?parent=231"}],"wp:term":[{"taxonomy":"product_brand","embeddable":true,"href":"https:\/\/aoxuancnc.com\/de\/wp-json\/wp\/v2\/product_brand?post=231"},{"taxonomy":"product_cat","embeddable":true,"href":"https:\/\/aoxuancnc.com\/de\/wp-json\/wp\/v2\/product_cat?post=231"},{"taxonomy":"product_tag","embeddable":true,"href":"https:\/\/aoxuancnc.com\/de\/wp-json\/wp\/v2\/product_tag?post=231"}],"curies":[{"name":"wp","href":"https:\/\/api.w.org\/{rel}","templated":true}]}}