{"id":244,"date":"2025-08-28T01:24:31","date_gmt":"2025-08-28T01:24:31","guid":{"rendered":"https:\/\/aoxuancnc.com\/?post_type=product&#038;p=244"},"modified":"2025-10-08T01:42:05","modified_gmt":"2025-10-08T01:42:05","slug":"qc11y-41600mm-small-nc-hydraulic-guillotine-shearing-machine-with-estun-e21s","status":"publish","type":"product","link":"https:\/\/aoxuancnc.com\/de\/produkt\/qc11y-41600mm-small-nc-hydraulic-guillotine-shearing-machine-with-estun-e21s\/","title":{"rendered":"QC11Y-4 * 1600mm Kleine NC Hydraulische Guillotine Schere Mit Estun E21s"},"content":{"rendered":"<p>NC-Hydraulikschere. Sie eignet sich zum Schneiden von Kohlenstoffstahl, Edelstahl, verzinktem Blech, Aluminium und vielen anderen Metallen. Sie wird h\u00e4ufig in der Metallverarbeitungsindustrie, im Maschinenbau, im Hochbau, im Bergbau, im Eisenbahnbau und in der Luft- und Raumfahrtindustrie eingesetzt.<\/p>\n<div id=\"attachment_249\" style=\"width: 510px\" class=\"wp-caption alignleft\"><img loading=\"lazy\" decoding=\"async\" aria-describedby=\"caption-attachment-249\" class=\"wp-image-249 size-medium\" src=\"https:\/\/aoxuancnc.com\/wp-content\/uploads\/2025\/08\/8-500x418.jpg\" alt=\"\" width=\"500\" height=\"418\" srcset=\"https:\/\/aoxuancnc.com\/wp-content\/uploads\/2025\/08\/8-500x418.jpg 500w, https:\/\/aoxuancnc.com\/wp-content\/uploads\/2025\/08\/8-300x251.jpg 300w, https:\/\/aoxuancnc.com\/wp-content\/uploads\/2025\/08\/8-768x641.jpg 768w, https:\/\/aoxuancnc.com\/wp-content\/uploads\/2025\/08\/8-14x12.jpg 14w, https:\/\/aoxuancnc.com\/wp-content\/uploads\/2025\/08\/8-90x75.jpg 90w, https:\/\/aoxuancnc.com\/wp-content\/uploads\/2025\/08\/8-480x401.jpg 480w, https:\/\/aoxuancnc.com\/wp-content\/uploads\/2025\/08\/8-800x668.jpg 800w, https:\/\/aoxuancnc.com\/wp-content\/uploads\/2025\/08\/8.jpg 958w\" sizes=\"auto, (max-width:767px) 480px, 500px\" \/><p id=\"caption-attachment-249\" class=\"wp-caption-text\">CNC-Guillotine-Schermaschine<\/p><\/div>\n<p>&nbsp;<\/p>\n<p>&nbsp;<\/p>\n<p>&nbsp;<\/p>\n<p>&nbsp;<\/p>\n<p>&nbsp;<\/p>\n<p>&nbsp;<\/p>\n<p>&nbsp;<\/p>\n<p>&nbsp;<\/p>\n<p>&nbsp;<\/p>\n<p>&nbsp;<\/p>\n<p>&nbsp;<\/p>\n<p>&nbsp;<\/p>\n<p>Die Guillotine-Schere macht Hochleistungsscheren erschwinglich. Rahmen und Schneidbalken bieten maximale Steifigkeit und Widerstandsf\u00e4higkeit gegen Durchbiegung und Torsionskr\u00e4fte f\u00fcr pr\u00e4zises Schneiden von Baustahl bis 30 mm. Diese Guillotine-Schere verf\u00fcgt \u00fcber vier Schneidkanten, die vor dem Schleifen dreimal gedreht werden k\u00f6nnen, um die Lebensdauer zu verl\u00e4ngern. Kosteng\u00fcnstig gefertigt. Unsere Guillotine-Schere passt sich Ihren Anforderungen und Ihrem Budget an.<\/p>\n<p><img loading=\"lazy\" decoding=\"async\" class=\"alignnone size-medium wp-image-246\" src=\"https:\/\/aoxuancnc.com\/wp-content\/uploads\/2025\/08\/2-500x463.jpg\" alt=\"\" width=\"500\" height=\"463\" srcset=\"https:\/\/aoxuancnc.com\/wp-content\/uploads\/2025\/08\/2-500x463.jpg 500w, https:\/\/aoxuancnc.com\/wp-content\/uploads\/2025\/08\/2-300x278.jpg 300w, https:\/\/aoxuancnc.com\/wp-content\/uploads\/2025\/08\/2-768x711.jpg 768w, https:\/\/aoxuancnc.com\/wp-content\/uploads\/2025\/08\/2-13x12.jpg 13w, https:\/\/aoxuancnc.com\/wp-content\/uploads\/2025\/08\/2-81x75.jpg 81w, https:\/\/aoxuancnc.com\/wp-content\/uploads\/2025\/08\/2-480x444.jpg 480w, https:\/\/aoxuancnc.com\/wp-content\/uploads\/2025\/08\/2-800x741.jpg 800w, https:\/\/aoxuancnc.com\/wp-content\/uploads\/2025\/08\/2.jpg 864w\" sizes=\"auto, (max-width:767px) 480px, 500px\" \/><\/p>\n<p><strong>Parameter:<\/strong><\/p>\n<p><img loading=\"lazy\" decoding=\"async\" class=\"alignnone size-medium wp-image-274\" src=\"https:\/\/aoxuancnc.com\/wp-content\/uploads\/2025\/08\/A-Shearing-cutting-machine\u526a\u677f\u673a-487x500.png\" alt=\"\" width=\"487\" height=\"500\" srcset=\"https:\/\/aoxuancnc.com\/wp-content\/uploads\/2025\/08\/A-Shearing-cutting-machine\u526a\u677f\u673a-487x500.png 487w, https:\/\/aoxuancnc.com\/wp-content\/uploads\/2025\/08\/A-Shearing-cutting-machine\u526a\u677f\u673a-1168x1200.png 1168w, https:\/\/aoxuancnc.com\/wp-content\/uploads\/2025\/08\/A-Shearing-cutting-machine\u526a\u677f\u673a-292x300.png 292w, https:\/\/aoxuancnc.com\/wp-content\/uploads\/2025\/08\/A-Shearing-cutting-machine\u526a\u677f\u673a-768x789.png 768w, https:\/\/aoxuancnc.com\/wp-content\/uploads\/2025\/08\/A-Shearing-cutting-machine\u526a\u677f\u673a-1495x1536.png 1495w, https:\/\/aoxuancnc.com\/wp-content\/uploads\/2025\/08\/A-Shearing-cutting-machine\u526a\u677f\u673a-1993x2048.png 1993w, https:\/\/aoxuancnc.com\/wp-content\/uploads\/2025\/08\/A-Shearing-cutting-machine\u526a\u677f\u673a-12x12.png 12w, https:\/\/aoxuancnc.com\/wp-content\/uploads\/2025\/08\/A-Shearing-cutting-machine\u526a\u677f\u673a-73x75.png 73w, https:\/\/aoxuancnc.com\/wp-content\/uploads\/2025\/08\/A-Shearing-cutting-machine\u526a\u677f\u673a-480x493.png 480w, https:\/\/aoxuancnc.com\/wp-content\/uploads\/2025\/08\/A-Shearing-cutting-machine\u526a\u677f\u673a-800x822.png 800w\" sizes=\"auto, (max-width:767px) 480px, 487px\" \/><\/p>\n<p>\u25cf Estun E21sNC-Steuerungssystem<br \/>\n\u25cf Angetriebene Hinteranschlag-X-Achse<br \/>\n\u25cf Invertergesteuerter Hinteranschlag<br \/>\n\u25cf HIWIN-Kugelumlaufspindeln und polierte Stange mit einer Genauigkeit von 0,05\u00a0mm.<br \/>\n\u25cf Ausrichtarm und vordere St\u00fctzarme<br \/>\n\u25cf Deutschland Bosch-Rexroth Hydraulik<br \/>\n\u25cf Schlauchverbinder<br \/>\n\u25cf Deutschland Siemens Hauptmotor<br \/>\n\u25cf Frankreich Schneider Electrics<br \/>\n\u25cf Hydraulischer und elektrischer \u00dcberlastschutz<br \/>\n\u25cf Schnittlinienbeleuchtung und Draht zum Schattenlinienschneiden (optional)<br \/>\n\u25cf Obere Klinge mit zwei Schneidkanten und untere Klinge mit vier Schneidkanten. (6CrW2Si)<\/p>\n<p><img loading=\"lazy\" decoding=\"async\" class=\"alignnone size-medium wp-image-247\" src=\"https:\/\/aoxuancnc.com\/wp-content\/uploads\/2025\/08\/3-500x500.jpg\" alt=\"\" width=\"500\" height=\"500\" srcset=\"https:\/\/aoxuancnc.com\/wp-content\/uploads\/2025\/08\/3-500x500.jpg 500w, https:\/\/aoxuancnc.com\/wp-content\/uploads\/2025\/08\/3-300x300.jpg 300w, https:\/\/aoxuancnc.com\/wp-content\/uploads\/2025\/08\/3-768x768.jpg 768w, https:\/\/aoxuancnc.com\/wp-content\/uploads\/2025\/08\/3-12x12.jpg 12w, https:\/\/aoxuancnc.com\/wp-content\/uploads\/2025\/08\/3-150x150.jpg 150w, https:\/\/aoxuancnc.com\/wp-content\/uploads\/2025\/08\/3-75x75.jpg 75w, https:\/\/aoxuancnc.com\/wp-content\/uploads\/2025\/08\/3-480x480.jpg 480w, https:\/\/aoxuancnc.com\/wp-content\/uploads\/2025\/08\/3.jpg 800w\" sizes=\"auto, (max-width:767px) 480px, 500px\" \/> <img loading=\"lazy\" decoding=\"async\" class=\"alignnone size-medium wp-image-248\" src=\"https:\/\/aoxuancnc.com\/wp-content\/uploads\/2025\/08\/4-500x500.jpg\" alt=\"\" width=\"500\" height=\"500\" srcset=\"https:\/\/aoxuancnc.com\/wp-content\/uploads\/2025\/08\/4-500x500.jpg 500w, https:\/\/aoxuancnc.com\/wp-content\/uploads\/2025\/08\/4-300x300.jpg 300w, https:\/\/aoxuancnc.com\/wp-content\/uploads\/2025\/08\/4-768x768.jpg 768w, https:\/\/aoxuancnc.com\/wp-content\/uploads\/2025\/08\/4-12x12.jpg 12w, https:\/\/aoxuancnc.com\/wp-content\/uploads\/2025\/08\/4-150x150.jpg 150w, https:\/\/aoxuancnc.com\/wp-content\/uploads\/2025\/08\/4-75x75.jpg 75w, https:\/\/aoxuancnc.com\/wp-content\/uploads\/2025\/08\/4-480x480.jpg 480w, https:\/\/aoxuancnc.com\/wp-content\/uploads\/2025\/08\/4.jpg 800w\" sizes=\"auto, (max-width:767px) 480px, 500px\" \/><\/p>\n<p><strong>Vorverkauf.<\/strong><br \/>\n* Projektdesign, Leistungseinf\u00fchrung, technische Vereinbarung, Vertragsunterzeichnung, Verpackung<br \/>\n* Anfrage- und Beratungsunterst\u00fctzung.<br \/>\n* Unterst\u00fctzung beim Testen von Beispielen.<\/p>\n<p><strong>Im Verkauf.<\/strong><br \/>\n* Wir informieren Sie \u00fcber die neuesten Fortschritte bei der Produktmontage, Verpackung und dem Transport.<\/p>\n<p><strong>Nach dem Verkauf.<\/strong><br \/>\n* Bei Sch\u00e4den an nichtmenschlichen K\u00f6rperteilen stellen wir kostenloses Zubeh\u00f6r zur Verf\u00fcgung.<br \/>\n* Schulung zur Installation der Maschine, Schulung zur Verwendung der Maschine mit Video usw.<br \/>\n* Und unser technisches Personal kann ins Ausland reisen, um technische Beratung zu leisten.<\/p>\n<p><img loading=\"lazy\" decoding=\"async\" class=\"alignnone size-medium wp-image-267\" src=\"https:\/\/aoxuancnc.com\/wp-content\/uploads\/2025\/08\/guillotine-shearing-machine-1-500x375.jpg\" alt=\"\" width=\"500\" height=\"375\" srcset=\"https:\/\/aoxuancnc.com\/wp-content\/uploads\/2025\/08\/guillotine-shearing-machine-1-500x375.jpg 500w, https:\/\/aoxuancnc.com\/wp-content\/uploads\/2025\/08\/guillotine-shearing-machine-1-1200x900.jpg 1200w, https:\/\/aoxuancnc.com\/wp-content\/uploads\/2025\/08\/guillotine-shearing-machine-1-300x225.jpg 300w, https:\/\/aoxuancnc.com\/wp-content\/uploads\/2025\/08\/guillotine-shearing-machine-1-768x576.jpg 768w, https:\/\/aoxuancnc.com\/wp-content\/uploads\/2025\/08\/guillotine-shearing-machine-1-1536x1152.jpg 1536w, https:\/\/aoxuancnc.com\/wp-content\/uploads\/2025\/08\/guillotine-shearing-machine-1-16x12.jpg 16w, https:\/\/aoxuancnc.com\/wp-content\/uploads\/2025\/08\/guillotine-shearing-machine-1-100x75.jpg 100w, https:\/\/aoxuancnc.com\/wp-content\/uploads\/2025\/08\/guillotine-shearing-machine-1-960x720.jpg 960w, https:\/\/aoxuancnc.com\/wp-content\/uploads\/2025\/08\/guillotine-shearing-machine-1-480x360.jpg 480w, https:\/\/aoxuancnc.com\/wp-content\/uploads\/2025\/08\/guillotine-shearing-machine-1-800x600.jpg 800w, https:\/\/aoxuancnc.com\/wp-content\/uploads\/2025\/08\/guillotine-shearing-machine-1.jpg 1706w\" sizes=\"auto, (max-width:767px) 480px, 500px\" \/> <img loading=\"lazy\" decoding=\"async\" class=\"alignnone size-medium wp-image-268\" src=\"https:\/\/aoxuancnc.com\/wp-content\/uploads\/2025\/08\/guillotine-shearing-machine-2-500x375.jpg\" alt=\"\" width=\"500\" height=\"375\" srcset=\"https:\/\/aoxuancnc.com\/wp-content\/uploads\/2025\/08\/guillotine-shearing-machine-2-500x375.jpg 500w, https:\/\/aoxuancnc.com\/wp-content\/uploads\/2025\/08\/guillotine-shearing-machine-2-1200x900.jpg 1200w, https:\/\/aoxuancnc.com\/wp-content\/uploads\/2025\/08\/guillotine-shearing-machine-2-300x225.jpg 300w, https:\/\/aoxuancnc.com\/wp-content\/uploads\/2025\/08\/guillotine-shearing-machine-2-768x576.jpg 768w, https:\/\/aoxuancnc.com\/wp-content\/uploads\/2025\/08\/guillotine-shearing-machine-2-1536x1152.jpg 1536w, https:\/\/aoxuancnc.com\/wp-content\/uploads\/2025\/08\/guillotine-shearing-machine-2-16x12.jpg 16w, https:\/\/aoxuancnc.com\/wp-content\/uploads\/2025\/08\/guillotine-shearing-machine-2-100x75.jpg 100w, https:\/\/aoxuancnc.com\/wp-content\/uploads\/2025\/08\/guillotine-shearing-machine-2-960x720.jpg 960w, https:\/\/aoxuancnc.com\/wp-content\/uploads\/2025\/08\/guillotine-shearing-machine-2-480x360.jpg 480w, https:\/\/aoxuancnc.com\/wp-content\/uploads\/2025\/08\/guillotine-shearing-machine-2-800x600.jpg 800w, https:\/\/aoxuancnc.com\/wp-content\/uploads\/2025\/08\/guillotine-shearing-machine-2.jpg 1706w\" sizes=\"auto, (max-width:767px) 480px, 500px\" \/><\/p>\n<p><strong>F\u00fcr weitere Informationen kontaktieren Sie mich bitte ~*^-^*<\/strong><\/p>\n<p>&nbsp;<\/p>\n<p>&nbsp;<\/p>","protected":false},"excerpt":{"rendered":"<p><strong>Produktdetails<\/strong><br \/>\nHerkunftsort: China<br \/>\nMarkenname: AOXUANZG<br \/>\nZertifizierung: CE<br \/>\nModellnummer: QC11Y-4*1600MM<\/p>\n<p><strong>Zahlungs- und Versandbedingungen<\/strong><br \/>\nMindestbestellmenge: 1 Satz<br \/>\nPreis: $4700-5000\/Einheit<br \/>\nVerpackungsdetails: Standard-Exportverpackung<br \/>\nLieferzeit: 30 Tage<br \/>\nZahlungsbedingungen: L\/C, T\/T, Western Union, MoneyGram<br \/>\nLieferf\u00e4higkeit: 50 S\u00e4tze\/Jahr<\/p>","protected":false},"featured_media":272,"template":"","meta":[],"product_brand":[21],"product_cat":[5],"product_tag":[28,25,27,26],"class_list":{"0":"post-244","1":"product","2":"type-product","3":"status-publish","4":"has-post-thumbnail","6":"product_brand-aoxuanzg","7":"product_cat-hydraulic-guillotine-shearing-machine","8":"product_tag-e21s-hydraulic-cutter","9":"product_tag-guillotine-shearing-machine","10":"product_tag-metal-steel-plate-cutting-machine","11":"product_tag-nc-shearing-machine","13":"first","14":"instock","15":"featured","16":"shipping-taxable","17":"product-type-external"},"yoast_head":"<!-- This site is optimized with the Yoast SEO plugin v24.9 - https:\/\/yoast.com\/wordpress\/plugins\/seo\/ -->\n<title>QC11Y-4*1600mm Small NC Hydraulic Guillotine Shearing Machine With Estun E21s - AOXUANZG<\/title>\n<meta name=\"robots\" content=\"index, follow, max-snippet:-1, max-image-preview:large, max-video-preview:-1\" \/>\n<link rel=\"canonical\" href=\"http:\/\/aoxuancnc.com\/de\/produkt\/qc11y-41600mm-small-nc-hydraulic-guillotine-shearing-machine-with-estun-e21s\/\" \/>\n<meta property=\"og:locale\" content=\"de_DE\" \/>\n<meta property=\"og:type\" content=\"article\" \/>\n<meta property=\"og:title\" content=\"QC11Y-4*1600mm Small NC Hydraulic Guillotine Shearing Machine With Estun E21s - AOXUANZG\" \/>\n<meta property=\"og:description\" content=\"Product Details Place of Origin: China Brand Name: AOXUANZG Certification: CE Model Number: QC11Y-4*1600MM  Payment &amp; Shipping Terms Minimum Order Quantity: 1 Set Price: $4700-5000\/unit Packaging Details: Standard export packing Delivery time: 30 days Payment Terms: L\/C, T\/T, Western Union, MoneyGram Supply Ability: 50 sets\/Year\" \/>\n<meta property=\"og:url\" content=\"http:\/\/aoxuancnc.com\/de\/produkt\/qc11y-41600mm-small-nc-hydraulic-guillotine-shearing-machine-with-estun-e21s\/\" \/>\n<meta property=\"og:site_name\" content=\"AOXUANZG\" \/>\n<meta property=\"article:modified_time\" content=\"2025-10-08T01:42:05+00:00\" \/>\n<meta property=\"og:image\" content=\"http:\/\/aoxuancnc.com\/wp-content\/uploads\/2025\/08\/1-1.jpg\" \/>\n\t<meta property=\"og:image:width\" content=\"800\" \/>\n\t<meta property=\"og:image:height\" content=\"800\" \/>\n\t<meta property=\"og:image:type\" content=\"image\/jpeg\" \/>\n<meta name=\"twitter:card\" content=\"summary_large_image\" \/>\n<meta name=\"twitter:label1\" content=\"Gesch\u00e4tzte Lesezeit\" \/>\n\t<meta name=\"twitter:data1\" content=\"3\u00a0Minuten\" \/>\n<script type=\"application\/ld+json\" class=\"yoast-schema-graph\">{\"@context\":\"https:\/\/schema.org\",\"@graph\":[{\"@type\":\"WebPage\",\"@id\":\"http:\/\/aoxuancnc.com\/ru\/product\/qc11y-41600mm-small-nc-hydraulic-guillotine-shearing-machine-with-estun-e21s\/\",\"url\":\"http:\/\/aoxuancnc.com\/ru\/product\/qc11y-41600mm-small-nc-hydraulic-guillotine-shearing-machine-with-estun-e21s\/\",\"name\":\"QC11Y-4*1600mm Small NC Hydraulic Guillotine Shearing Machine With Estun E21s - AOXUANZG\",\"isPartOf\":{\"@id\":\"http:\/\/aoxuancnc.com\/#website\"},\"primaryImageOfPage\":{\"@id\":\"http:\/\/aoxuancnc.com\/ru\/product\/qc11y-41600mm-small-nc-hydraulic-guillotine-shearing-machine-with-estun-e21s\/#primaryimage\"},\"image\":{\"@id\":\"http:\/\/aoxuancnc.com\/ru\/product\/qc11y-41600mm-small-nc-hydraulic-guillotine-shearing-machine-with-estun-e21s\/#primaryimage\"},\"thumbnailUrl\":\"https:\/\/aoxuancnc.com\/wp-content\/uploads\/2025\/08\/1-1.jpg\",\"datePublished\":\"2025-08-28T01:24:31+00:00\",\"dateModified\":\"2025-10-08T01:42:05+00:00\",\"breadcrumb\":{\"@id\":\"http:\/\/aoxuancnc.com\/ru\/product\/qc11y-41600mm-small-nc-hydraulic-guillotine-shearing-machine-with-estun-e21s\/#breadcrumb\"},\"inLanguage\":\"de\",\"potentialAction\":[{\"@type\":\"ReadAction\",\"target\":[\"http:\/\/aoxuancnc.com\/ru\/product\/qc11y-41600mm-small-nc-hydraulic-guillotine-shearing-machine-with-estun-e21s\/\"]}]},{\"@type\":\"ImageObject\",\"inLanguage\":\"de\",\"@id\":\"http:\/\/aoxuancnc.com\/ru\/product\/qc11y-41600mm-small-nc-hydraulic-guillotine-shearing-machine-with-estun-e21s\/#primaryimage\",\"url\":\"https:\/\/aoxuancnc.com\/wp-content\/uploads\/2025\/08\/1-1.jpg\",\"contentUrl\":\"https:\/\/aoxuancnc.com\/wp-content\/uploads\/2025\/08\/1-1.jpg\",\"width\":800,\"height\":800},{\"@type\":\"BreadcrumbList\",\"@id\":\"http:\/\/aoxuancnc.com\/ru\/product\/qc11y-41600mm-small-nc-hydraulic-guillotine-shearing-machine-with-estun-e21s\/#breadcrumb\",\"itemListElement\":[{\"@type\":\"ListItem\",\"position\":1,\"name\":\"\u9996\u9875\",\"item\":\"http:\/\/aoxuancnc.com\/\"},{\"@type\":\"ListItem\",\"position\":2,\"name\":\"Product\",\"item\":\"https:\/\/aoxuancnc.com\/ru\/product\/\"},{\"@type\":\"ListItem\",\"position\":3,\"name\":\"QC11Y-4*1600mm Small NC Hydraulic Guillotine Shearing Machine With Estun E21s\"}]},{\"@type\":\"WebSite\",\"@id\":\"http:\/\/aoxuancnc.com\/#website\",\"url\":\"http:\/\/aoxuancnc.com\/\",\"name\":\"AOXUANZG\",\"description\":\"Anhui Aoxuan Heavy Industry Machine Co., Ltd\",\"potentialAction\":[{\"@type\":\"SearchAction\",\"target\":{\"@type\":\"EntryPoint\",\"urlTemplate\":\"http:\/\/aoxuancnc.com\/?s={search_term_string}\"},\"query-input\":{\"@type\":\"PropertyValueSpecification\",\"valueRequired\":true,\"valueName\":\"search_term_string\"}}],\"inLanguage\":\"de\"}]}<\/script>\n<!-- \/ Yoast SEO plugin. -->","yoast_head_json":{"title":"QC11Y-4*1600mm Small NC Hydraulic Guillotine Shearing Machine With Estun E21s - AOXUANZG","robots":{"index":"index","follow":"follow","max-snippet":"max-snippet:-1","max-image-preview":"max-image-preview:large","max-video-preview":"max-video-preview:-1"},"canonical":"http:\/\/aoxuancnc.com\/de\/produkt\/qc11y-41600mm-small-nc-hydraulic-guillotine-shearing-machine-with-estun-e21s\/","og_locale":"de_DE","og_type":"article","og_title":"QC11Y-4*1600mm Small NC Hydraulic Guillotine Shearing Machine With Estun E21s - AOXUANZG","og_description":"Product Details Place of Origin: China Brand Name: AOXUANZG Certification: CE Model Number: QC11Y-4*1600MM  Payment &amp; Shipping Terms Minimum Order Quantity: 1 Set Price: $4700-5000\/unit Packaging Details: Standard export packing Delivery time: 30 days Payment Terms: L\/C, T\/T, Western Union, MoneyGram Supply Ability: 50 sets\/Year","og_url":"http:\/\/aoxuancnc.com\/de\/produkt\/qc11y-41600mm-small-nc-hydraulic-guillotine-shearing-machine-with-estun-e21s\/","og_site_name":"AOXUANZG","article_modified_time":"2025-10-08T01:42:05+00:00","og_image":[{"width":800,"height":800,"url":"http:\/\/aoxuancnc.com\/wp-content\/uploads\/2025\/08\/1-1.jpg","type":"image\/jpeg"}],"twitter_card":"summary_large_image","twitter_misc":{"Gesch\u00e4tzte Lesezeit":"3\u00a0Minuten"},"schema":{"@context":"https:\/\/schema.org","@graph":[{"@type":"WebPage","@id":"http:\/\/aoxuancnc.com\/ru\/product\/qc11y-41600mm-small-nc-hydraulic-guillotine-shearing-machine-with-estun-e21s\/","url":"http:\/\/aoxuancnc.com\/ru\/product\/qc11y-41600mm-small-nc-hydraulic-guillotine-shearing-machine-with-estun-e21s\/","name":"QC11Y-4*1600mm Small NC Hydraulic Guillotine Shearing Machine With Estun E21s - AOXUANZG","isPartOf":{"@id":"http:\/\/aoxuancnc.com\/#website"},"primaryImageOfPage":{"@id":"http:\/\/aoxuancnc.com\/ru\/product\/qc11y-41600mm-small-nc-hydraulic-guillotine-shearing-machine-with-estun-e21s\/#primaryimage"},"image":{"@id":"http:\/\/aoxuancnc.com\/ru\/product\/qc11y-41600mm-small-nc-hydraulic-guillotine-shearing-machine-with-estun-e21s\/#primaryimage"},"thumbnailUrl":"https:\/\/aoxuancnc.com\/wp-content\/uploads\/2025\/08\/1-1.jpg","datePublished":"2025-08-28T01:24:31+00:00","dateModified":"2025-10-08T01:42:05+00:00","breadcrumb":{"@id":"http:\/\/aoxuancnc.com\/ru\/product\/qc11y-41600mm-small-nc-hydraulic-guillotine-shearing-machine-with-estun-e21s\/#breadcrumb"},"inLanguage":"de","potentialAction":[{"@type":"ReadAction","target":["http:\/\/aoxuancnc.com\/ru\/product\/qc11y-41600mm-small-nc-hydraulic-guillotine-shearing-machine-with-estun-e21s\/"]}]},{"@type":"ImageObject","inLanguage":"de","@id":"http:\/\/aoxuancnc.com\/ru\/product\/qc11y-41600mm-small-nc-hydraulic-guillotine-shearing-machine-with-estun-e21s\/#primaryimage","url":"https:\/\/aoxuancnc.com\/wp-content\/uploads\/2025\/08\/1-1.jpg","contentUrl":"https:\/\/aoxuancnc.com\/wp-content\/uploads\/2025\/08\/1-1.jpg","width":800,"height":800},{"@type":"BreadcrumbList","@id":"http:\/\/aoxuancnc.com\/ru\/product\/qc11y-41600mm-small-nc-hydraulic-guillotine-shearing-machine-with-estun-e21s\/#breadcrumb","itemListElement":[{"@type":"ListItem","position":1,"name":"\u9996\u9875","item":"http:\/\/aoxuancnc.com\/"},{"@type":"ListItem","position":2,"name":"Product","item":"https:\/\/aoxuancnc.com\/ru\/product\/"},{"@type":"ListItem","position":3,"name":"QC11Y-4*1600mm Small NC Hydraulic Guillotine Shearing Machine With Estun E21s"}]},{"@type":"WebSite","@id":"http:\/\/aoxuancnc.com\/#website","url":"http:\/\/aoxuancnc.com\/","name":"AOXUANZG","description":"Anhui Aoxuan Heavy Industry Machine Co., Ltd","potentialAction":[{"@type":"SearchAction","target":{"@type":"EntryPoint","urlTemplate":"http:\/\/aoxuancnc.com\/?s={search_term_string}"},"query-input":{"@type":"PropertyValueSpecification","valueRequired":true,"valueName":"search_term_string"}}],"inLanguage":"de"}]}},"_links":{"self":[{"href":"https:\/\/aoxuancnc.com\/de\/wp-json\/wp\/v2\/product\/244","targetHints":{"allow":["GET"]}}],"collection":[{"href":"https:\/\/aoxuancnc.com\/de\/wp-json\/wp\/v2\/product"}],"about":[{"href":"https:\/\/aoxuancnc.com\/de\/wp-json\/wp\/v2\/types\/product"}],"wp:featuredmedia":[{"embeddable":true,"href":"https:\/\/aoxuancnc.com\/de\/wp-json\/wp\/v2\/media\/272"}],"wp:attachment":[{"href":"https:\/\/aoxuancnc.com\/de\/wp-json\/wp\/v2\/media?parent=244"}],"wp:term":[{"taxonomy":"product_brand","embeddable":true,"href":"https:\/\/aoxuancnc.com\/de\/wp-json\/wp\/v2\/product_brand?post=244"},{"taxonomy":"product_cat","embeddable":true,"href":"https:\/\/aoxuancnc.com\/de\/wp-json\/wp\/v2\/product_cat?post=244"},{"taxonomy":"product_tag","embeddable":true,"href":"https:\/\/aoxuancnc.com\/de\/wp-json\/wp\/v2\/product_tag?post=244"}],"curies":[{"name":"wp","href":"https:\/\/api.w.org\/{rel}","templated":true}]}}