{"id":295,"date":"2025-08-29T06:21:28","date_gmt":"2025-08-29T06:21:28","guid":{"rendered":"https:\/\/aoxuancnc.com\/?post_type=product&#038;p=295"},"modified":"2025-09-17T07:05:03","modified_gmt":"2025-09-17T07:05:03","slug":"high-efficiency-energy-saving-servo-main-motor-160t4000mm-cnc-electro-hydraulic-press-brake-with-da69t-81-axis","status":"publish","type":"product","link":"https:\/\/aoxuancnc.com\/de\/produkt\/high-efficiency-energy-saving-servo-main-motor-160t4000mm-cnc-electro-hydraulic-press-brake-with-da69t-81-axis\/","title":{"rendered":"Hocheffizienter, energiesparender Servo-Hauptmotor 160T4000MM CNC-elektrohydraulische Abkantpresse mit DA69T 8+1-Achse"},"content":{"rendered":"<p><strong>Eine Abkantpresse ist eine Maschine zum Biegen von Blechen, die ein breites Anwendungs- und Einsatzspektrum hat:<\/strong><br \/>\n1. In der Elektrizit\u00e4tsindustrie kann die Schermaschine die Platten in verschiedene Gr\u00f6\u00dfen schneiden und sie dann erneut durch die Abkantpresse verarbeiten. Auf diese Weise werden beispielsweise Computergeh\u00e4use, Schaltschr\u00e4nke, K\u00fchl- und Klimaanlagengeh\u00e4use usw. hergestellt.<br \/>\n2. In der Dekorationsindustrie werden h\u00e4ufig Hochgeschwindigkeits-CNC-Schermaschinen eingesetzt, im Allgemeinen in Verbindung mit CNC-Abkantpressen, um die Herstellung von Edelstahlplatten, T\u00fcren und Fenstern sowie die Dekoration an einigen besonderen Stellen abzuschlie\u00dfen.<br \/>\n3. In der Automobil- und Schiffbauindustrie werden im Allgemeinen gro\u00dfe CNC-Hydraulikscheren verwendet, haupts\u00e4chlich um die Scherarbeiten an der Platte abzuschlie\u00dfen und anschlie\u00dfend sekund\u00e4re Bearbeitungen wie Schwei\u00dfen, Biegen usw. durchzuf\u00fchren.<br \/>\n4. In der K\u00fcchen- und Gastronomiebranche werden K\u00fcchenutensilien aus Edelstahl verschiedener Sorten und Spezifikationen anschlie\u00dfend einer Weiterverarbeitung wie Schwei\u00dfen, Biegen usw. unterzogen.<br \/>\n5. In der Luft- und Raumfahrtindustrie ist im Allgemeinen eine hohe Pr\u00e4zision erforderlich, und es k\u00f6nnen hochpr\u00e4zise CNC-Schermaschinen und Abkantpressen ausgew\u00e4hlt werden, die genau und effizient sind.<br \/>\n6. In der Windkraftkommunikationsbranche werden Windkraftmasten, Stra\u00dfenlaternenmasten, Kommunikationsturmmasten, Ampelmasten, Verkehrssignalmasten, \u00dcberwachungsmasten usw. gebogen.<\/p>\n<p><img loading=\"lazy\" decoding=\"async\" class=\"alignnone wp-image-297 size-full\" src=\"https:\/\/aoxuancnc.com\/wp-content\/uploads\/2025\/08\/CNC-Press-brake-with-DA69T-3.jpg\" alt=\"\" width=\"800\" height=\"637\" srcset=\"https:\/\/aoxuancnc.com\/wp-content\/uploads\/2025\/08\/CNC-Press-brake-with-DA69T-3.jpg 800w, https:\/\/aoxuancnc.com\/wp-content\/uploads\/2025\/08\/CNC-Press-brake-with-DA69T-3-500x398.jpg 500w, https:\/\/aoxuancnc.com\/wp-content\/uploads\/2025\/08\/CNC-Press-brake-with-DA69T-3-300x239.jpg 300w, https:\/\/aoxuancnc.com\/wp-content\/uploads\/2025\/08\/CNC-Press-brake-with-DA69T-3-768x612.jpg 768w, https:\/\/aoxuancnc.com\/wp-content\/uploads\/2025\/08\/CNC-Press-brake-with-DA69T-3-15x12.jpg 15w, https:\/\/aoxuancnc.com\/wp-content\/uploads\/2025\/08\/CNC-Press-brake-with-DA69T-3-94x75.jpg 94w, https:\/\/aoxuancnc.com\/wp-content\/uploads\/2025\/08\/CNC-Press-brake-with-DA69T-3-480x382.jpg 480w\" sizes=\"auto, (max-width:767px) 480px, (max-width:800px) 100vw, 800px\" \/><\/p>\n<p>Abkantpresse: 160T 4000 mm<br \/>\nController: Delem DA69T<br \/>\nAchse: 8+1 Achsen (Y1, Y2, Z1, Z2, X1, X2, R1, R2, +Kompensation)<br \/>\nKlemme: Schnellklemme<br \/>\nMatrize: Standard-Oberstempel &amp; Standard-Matrizen-Untermatrize &amp; kundenspezifische Matrize (optional)<br \/>\nKugelumlaufspindel und Linearf\u00fchrung: HIWIN, Taiwan<br \/>\nHydraulikventil: Rexroth, Deutschland<br \/>\nGitterlineal: GIVI Italien<br \/>\nSchlauchverbinder: EMB, Deutschland<br \/>\nHauptmotor: Servomotor (optional)<br \/>\nElektrik: Schneider, Frankreich<br \/>\nHydraulikpumpe: SUNNY, USA<br \/>\nFu\u00dfschalter: Karcon, S\u00fcdkorea<br \/>\nCNC-Anschlagfinger mit doppeltem Linearf\u00fchrungsbalken<br \/>\nPlattenst\u00fctzarm: Beweglich<br \/>\nHydraulischer und elektrischer \u00dcberlastschutz<br \/>\nZaun: Rechtes und linkes Gel\u00e4nder $ hinten (optional)<\/p>\n<p><img loading=\"lazy\" decoding=\"async\" class=\"alignnone wp-image-302 size-full\" src=\"https:\/\/aoxuancnc.com\/wp-content\/uploads\/2025\/08\/CNC-Press-brake-with-DA69T-8.jpg\" alt=\"\" width=\"800\" height=\"600\" srcset=\"https:\/\/aoxuancnc.com\/wp-content\/uploads\/2025\/08\/CNC-Press-brake-with-DA69T-8.jpg 800w, https:\/\/aoxuancnc.com\/wp-content\/uploads\/2025\/08\/CNC-Press-brake-with-DA69T-8-500x375.jpg 500w, https:\/\/aoxuancnc.com\/wp-content\/uploads\/2025\/08\/CNC-Press-brake-with-DA69T-8-300x225.jpg 300w, https:\/\/aoxuancnc.com\/wp-content\/uploads\/2025\/08\/CNC-Press-brake-with-DA69T-8-768x576.jpg 768w, https:\/\/aoxuancnc.com\/wp-content\/uploads\/2025\/08\/CNC-Press-brake-with-DA69T-8-16x12.jpg 16w, https:\/\/aoxuancnc.com\/wp-content\/uploads\/2025\/08\/CNC-Press-brake-with-DA69T-8-100x75.jpg 100w, https:\/\/aoxuancnc.com\/wp-content\/uploads\/2025\/08\/CNC-Press-brake-with-DA69T-8-480x360.jpg 480w\" sizes=\"auto, (max-width:767px) 480px, (max-width:800px) 100vw, 800px\" \/><\/p>\n<p><strong>DA69T<\/strong><br \/>\n\u25cf Programmiermodus mit grafischem 3D- und 2D-Touchscreen.<br \/>\n\u25cf 3D-Visualisierung in Simulation und Produktion.<br \/>\n\u25cf 17\u2033 hochaufl\u00f6sendes Farb-TFT,<br \/>\n\u25cf Vollst\u00e4ndige Windows-Anwendungssuite.<br \/>\n\u25cf Kompatibilit\u00e4t mit Delem Modusys (Skalierbarkeit und Adaptivit\u00e4t des Moduls).<br \/>\n\u25cf USB, Peripherieschnittstelle.<br \/>\n\u25cf Benutzerspezifische Anwendungsunterst\u00fctzung innerhalb der Multitasking-Umgebung des Controllers.<br \/>\n\u25cf Schnittstelle f\u00fcr Sensorbiegung und -korrektur.<\/p>\n<p><strong>Parameter:<\/strong><\/p>\n<p><img loading=\"lazy\" decoding=\"async\" class=\"alignnone wp-image-305 size-full\" src=\"https:\/\/aoxuancnc.com\/wp-content\/uploads\/2025\/08\/\u5fae\u4fe1\u622a\u56fe_20250829144633.jpg\" alt=\"\" width=\"827\" height=\"811\" srcset=\"https:\/\/aoxuancnc.com\/wp-content\/uploads\/2025\/08\/\u5fae\u4fe1\u622a\u56fe_20250829144633.jpg 827w, https:\/\/aoxuancnc.com\/wp-content\/uploads\/2025\/08\/\u5fae\u4fe1\u622a\u56fe_20250829144633-500x490.jpg 500w, https:\/\/aoxuancnc.com\/wp-content\/uploads\/2025\/08\/\u5fae\u4fe1\u622a\u56fe_20250829144633-300x294.jpg 300w, https:\/\/aoxuancnc.com\/wp-content\/uploads\/2025\/08\/\u5fae\u4fe1\u622a\u56fe_20250829144633-768x753.jpg 768w, https:\/\/aoxuancnc.com\/wp-content\/uploads\/2025\/08\/\u5fae\u4fe1\u622a\u56fe_20250829144633-12x12.jpg 12w, https:\/\/aoxuancnc.com\/wp-content\/uploads\/2025\/08\/\u5fae\u4fe1\u622a\u56fe_20250829144633-76x75.jpg 76w, https:\/\/aoxuancnc.com\/wp-content\/uploads\/2025\/08\/\u5fae\u4fe1\u622a\u56fe_20250829144633-480x471.jpg 480w, https:\/\/aoxuancnc.com\/wp-content\/uploads\/2025\/08\/\u5fae\u4fe1\u622a\u56fe_20250829144633-800x785.jpg 800w\" sizes=\"auto, (max-width:767px) 480px, (max-width:827px) 100vw, 827px\" \/><\/p>\n<p><strong>Formen<\/strong><br \/>\nAnpassbar an Ihr Produkt<br \/>\n<strong>Schnellspanner<\/strong><br \/>\nSchneller Formwechsel<\/p>\n<p><img loading=\"lazy\" decoding=\"async\" class=\"alignnone wp-image-301 size-full\" src=\"https:\/\/aoxuancnc.com\/wp-content\/uploads\/2025\/08\/CNC-Press-brake-with-DA69T-7.jpg\" alt=\"\" width=\"800\" height=\"600\" srcset=\"https:\/\/aoxuancnc.com\/wp-content\/uploads\/2025\/08\/CNC-Press-brake-with-DA69T-7.jpg 800w, https:\/\/aoxuancnc.com\/wp-content\/uploads\/2025\/08\/CNC-Press-brake-with-DA69T-7-500x375.jpg 500w, https:\/\/aoxuancnc.com\/wp-content\/uploads\/2025\/08\/CNC-Press-brake-with-DA69T-7-300x225.jpg 300w, https:\/\/aoxuancnc.com\/wp-content\/uploads\/2025\/08\/CNC-Press-brake-with-DA69T-7-768x576.jpg 768w, https:\/\/aoxuancnc.com\/wp-content\/uploads\/2025\/08\/CNC-Press-brake-with-DA69T-7-16x12.jpg 16w, https:\/\/aoxuancnc.com\/wp-content\/uploads\/2025\/08\/CNC-Press-brake-with-DA69T-7-100x75.jpg 100w, https:\/\/aoxuancnc.com\/wp-content\/uploads\/2025\/08\/CNC-Press-brake-with-DA69T-7-480x360.jpg 480w\" sizes=\"auto, (max-width:767px) 480px, (max-width:800px) 100vw, 800px\" \/><\/p>\n<p><strong>Hinteranschlag<\/strong><br \/>\n8 +1 Achsen Y1, Y2, Z1, Z2, X1, X2, R1, R2, +Kr\u00e4hen. CNC-Hinteranschlag, einschlie\u00dflich R1 R2; X1 X2; Z1 Z2, kann nach oben und unten bewegt werden; vorn und hinten, links und rechts, die Feineinstellung mit hoher Genauigkeit bis zu \u00b1 0,02 mm.<\/p>\n<p><img loading=\"lazy\" decoding=\"async\" class=\"alignnone wp-image-296 size-full\" src=\"https:\/\/aoxuancnc.com\/wp-content\/uploads\/2025\/08\/CNC-Press-brake-with-DA69T-2.jpg\" alt=\"\" width=\"800\" height=\"600\" srcset=\"https:\/\/aoxuancnc.com\/wp-content\/uploads\/2025\/08\/CNC-Press-brake-with-DA69T-2.jpg 800w, https:\/\/aoxuancnc.com\/wp-content\/uploads\/2025\/08\/CNC-Press-brake-with-DA69T-2-500x375.jpg 500w, https:\/\/aoxuancnc.com\/wp-content\/uploads\/2025\/08\/CNC-Press-brake-with-DA69T-2-300x225.jpg 300w, https:\/\/aoxuancnc.com\/wp-content\/uploads\/2025\/08\/CNC-Press-brake-with-DA69T-2-768x576.jpg 768w, https:\/\/aoxuancnc.com\/wp-content\/uploads\/2025\/08\/CNC-Press-brake-with-DA69T-2-16x12.jpg 16w, https:\/\/aoxuancnc.com\/wp-content\/uploads\/2025\/08\/CNC-Press-brake-with-DA69T-2-100x75.jpg 100w, https:\/\/aoxuancnc.com\/wp-content\/uploads\/2025\/08\/CNC-Press-brake-with-DA69T-2-480x360.jpg 480w\" sizes=\"auto, (max-width:767px) 480px, (max-width:800px) 100vw, 800px\" \/><\/p>\n<p><strong>Laserschutzger\u00e4t (optional)<\/strong><br \/>\nEs kann das Auftreten von Einklemmen beim Arbeiten im Schnellmodus wirksam verhindern. Gute Sicherheitsleistung und lange Lebensdauer.<\/p>\n<p><img loading=\"lazy\" decoding=\"async\" class=\"alignnone wp-image-300 size-full\" src=\"https:\/\/aoxuancnc.com\/wp-content\/uploads\/2025\/08\/CNC-Press-brake-with-DA69T-6.jpg\" alt=\"\" width=\"800\" height=\"600\" srcset=\"https:\/\/aoxuancnc.com\/wp-content\/uploads\/2025\/08\/CNC-Press-brake-with-DA69T-6.jpg 800w, https:\/\/aoxuancnc.com\/wp-content\/uploads\/2025\/08\/CNC-Press-brake-with-DA69T-6-500x375.jpg 500w, https:\/\/aoxuancnc.com\/wp-content\/uploads\/2025\/08\/CNC-Press-brake-with-DA69T-6-300x225.jpg 300w, https:\/\/aoxuancnc.com\/wp-content\/uploads\/2025\/08\/CNC-Press-brake-with-DA69T-6-768x576.jpg 768w, https:\/\/aoxuancnc.com\/wp-content\/uploads\/2025\/08\/CNC-Press-brake-with-DA69T-6-16x12.jpg 16w, https:\/\/aoxuancnc.com\/wp-content\/uploads\/2025\/08\/CNC-Press-brake-with-DA69T-6-100x75.jpg 100w, https:\/\/aoxuancnc.com\/wp-content\/uploads\/2025\/08\/CNC-Press-brake-with-DA69T-6-480x360.jpg 480w\" sizes=\"auto, (max-width:767px) 480px, (max-width:800px) 100vw, 800px\" \/><\/p>\n<p><strong>F\u00fcr weitere Informationen kontaktieren Sie mich bitte ~*^-^*<\/strong><\/p>\n<p>&nbsp;<\/p>","protected":false},"excerpt":{"rendered":"<p><strong>Produktdetails<\/strong><br \/>\nHerkunftsort: China<br \/>\nMarkenname: AOXUANZG<br \/>\nZertifizierung: CE<br \/>\nModellnummer: WE67K-160T4000<\/p>\n<p><strong>Zahlungs- und Versandbedingungen<\/strong><br \/>\nMindestbestellmenge: 1 Satz<br \/>\nPreis: $48600-50000\/Einheit<br \/>\nVerpackungsdetails: Standard-Exportverpackung<br \/>\nLieferzeit: 30 Tage<br \/>\nZahlungsbedingungen: L\/C, T\/T, Western Union, MoneyGram&amp;amp;amp;amp;amp;amp;amp;amp;amp;amp;amp;amp;amp;amp;amp;amp;amp;amp;lt;br \/&gt;Lieferf\u00e4higkeit: 50 S\u00e4tze\/Jahr<\/p>","protected":false},"featured_media":298,"template":"","meta":[],"product_brand":[21],"product_cat":[3],"product_tag":[34,35,33],"class_list":{"0":"post-295","1":"product","2":"type-product","3":"status-publish","4":"has-post-thumbnail","6":"product_brand-aoxuanzg","7":"product_cat-cnc-electro-hydraulic-press-brake","8":"product_tag-cnc-press-brake","9":"product_tag-electro-hydraulic-press-brake","10":"product_tag-servo-press-brake","12":"first","13":"instock","14":"featured","15":"shipping-taxable","16":"product-type-external"},"yoast_head":"<!-- This site is optimized with the Yoast SEO plugin v24.9 - https:\/\/yoast.com\/wordpress\/plugins\/seo\/ -->\n<title>High efficiency energy saving servo main motor 160T4000MM CNC electro-hydraulic press brake with DA69T 8+1 axis - AOXUANZG<\/title>\n<meta name=\"robots\" content=\"index, follow, max-snippet:-1, max-image-preview:large, max-video-preview:-1\" \/>\n<link rel=\"canonical\" href=\"https:\/\/aoxuancnc.com\/de\/produkt\/high-efficiency-energy-saving-servo-main-motor-160t4000mm-cnc-electro-hydraulic-press-brake-with-da69t-81-axis\/\" \/>\n<meta property=\"og:locale\" content=\"de_DE\" \/>\n<meta property=\"og:type\" content=\"article\" \/>\n<meta property=\"og:title\" content=\"High efficiency energy saving servo main motor 160T4000MM CNC electro-hydraulic press brake with DA69T 8+1 axis - AOXUANZG\" \/>\n<meta property=\"og:description\" content=\"Product Details Place of Origin: China Brand Name: AOXUANZG Certification: CE Model Number: WE67K-160T4000  Payment &amp; Shipping Terms Minimum Order Quantity: 1 Set Price: $48600-50000\/unit Packaging Details: Standard export packing Delivery time: 30 days Payment Terms: L\/C, T\/T, Western Union, MoneyGram&amp;amp;amp;amp;amp;amp;amp;amp;amp;amp;amp;amp;amp;amp;amp;amp;amp;amp;amp;lt;br \/&gt;Supply Ability: 50 sets\/Year\" \/>\n<meta property=\"og:url\" content=\"https:\/\/aoxuancnc.com\/de\/produkt\/high-efficiency-energy-saving-servo-main-motor-160t4000mm-cnc-electro-hydraulic-press-brake-with-da69t-81-axis\/\" \/>\n<meta property=\"og:site_name\" content=\"AOXUANZG\" \/>\n<meta property=\"article:modified_time\" content=\"2025-09-17T07:05:03+00:00\" \/>\n<meta property=\"og:image\" content=\"https:\/\/aoxuancnc.com\/wp-content\/uploads\/2025\/08\/CNC-Press-brake-with-DA69T-4.jpg\" \/>\n\t<meta property=\"og:image:width\" content=\"800\" \/>\n\t<meta property=\"og:image:height\" content=\"800\" \/>\n\t<meta property=\"og:image:type\" content=\"image\/jpeg\" \/>\n<meta name=\"twitter:card\" content=\"summary_large_image\" \/>\n<meta name=\"twitter:label1\" content=\"Gesch\u00e4tzte Lesezeit\" \/>\n\t<meta name=\"twitter:data1\" content=\"4\u00a0Minuten\" \/>\n<script type=\"application\/ld+json\" class=\"yoast-schema-graph\">{\"@context\":\"https:\/\/schema.org\",\"@graph\":[{\"@type\":\"WebPage\",\"@id\":\"https:\/\/aoxuancnc.com\/product\/high-efficiency-energy-saving-servo-main-motor-160t4000mm-cnc-electro-hydraulic-press-brake-with-da69t-81-axis\/\",\"url\":\"https:\/\/aoxuancnc.com\/product\/high-efficiency-energy-saving-servo-main-motor-160t4000mm-cnc-electro-hydraulic-press-brake-with-da69t-81-axis\/\",\"name\":\"High efficiency energy saving servo main motor 160T4000MM CNC electro-hydraulic press brake with DA69T 8+1 axis - AOXUANZG\",\"isPartOf\":{\"@id\":\"http:\/\/aoxuancnc.com\/#website\"},\"primaryImageOfPage\":{\"@id\":\"https:\/\/aoxuancnc.com\/product\/high-efficiency-energy-saving-servo-main-motor-160t4000mm-cnc-electro-hydraulic-press-brake-with-da69t-81-axis\/#primaryimage\"},\"image\":{\"@id\":\"https:\/\/aoxuancnc.com\/product\/high-efficiency-energy-saving-servo-main-motor-160t4000mm-cnc-electro-hydraulic-press-brake-with-da69t-81-axis\/#primaryimage\"},\"thumbnailUrl\":\"https:\/\/aoxuancnc.com\/wp-content\/uploads\/2025\/08\/CNC-Press-brake-with-DA69T-4.jpg\",\"datePublished\":\"2025-08-29T06:21:28+00:00\",\"dateModified\":\"2025-09-17T07:05:03+00:00\",\"breadcrumb\":{\"@id\":\"https:\/\/aoxuancnc.com\/product\/high-efficiency-energy-saving-servo-main-motor-160t4000mm-cnc-electro-hydraulic-press-brake-with-da69t-81-axis\/#breadcrumb\"},\"inLanguage\":\"de\",\"potentialAction\":[{\"@type\":\"ReadAction\",\"target\":[\"https:\/\/aoxuancnc.com\/product\/high-efficiency-energy-saving-servo-main-motor-160t4000mm-cnc-electro-hydraulic-press-brake-with-da69t-81-axis\/\"]}]},{\"@type\":\"ImageObject\",\"inLanguage\":\"de\",\"@id\":\"https:\/\/aoxuancnc.com\/product\/high-efficiency-energy-saving-servo-main-motor-160t4000mm-cnc-electro-hydraulic-press-brake-with-da69t-81-axis\/#primaryimage\",\"url\":\"https:\/\/aoxuancnc.com\/wp-content\/uploads\/2025\/08\/CNC-Press-brake-with-DA69T-4.jpg\",\"contentUrl\":\"https:\/\/aoxuancnc.com\/wp-content\/uploads\/2025\/08\/CNC-Press-brake-with-DA69T-4.jpg\",\"width\":800,\"height\":800},{\"@type\":\"BreadcrumbList\",\"@id\":\"https:\/\/aoxuancnc.com\/product\/high-efficiency-energy-saving-servo-main-motor-160t4000mm-cnc-electro-hydraulic-press-brake-with-da69t-81-axis\/#breadcrumb\",\"itemListElement\":[{\"@type\":\"ListItem\",\"position\":1,\"name\":\"\u9996\u9875\",\"item\":\"http:\/\/aoxuancnc.com\/\"},{\"@type\":\"ListItem\",\"position\":2,\"name\":\"Product\",\"item\":\"https:\/\/aoxuancnc.com\/ru\/product\/\"},{\"@type\":\"ListItem\",\"position\":3,\"name\":\"High efficiency energy saving servo main motor 160T4000MM CNC electro-hydraulic press brake with DA69T 8+1 axis\"}]},{\"@type\":\"WebSite\",\"@id\":\"http:\/\/aoxuancnc.com\/#website\",\"url\":\"http:\/\/aoxuancnc.com\/\",\"name\":\"AOXUANZG\",\"description\":\"Anhui Aoxuan Heavy Industry Machine Co., Ltd\",\"potentialAction\":[{\"@type\":\"SearchAction\",\"target\":{\"@type\":\"EntryPoint\",\"urlTemplate\":\"http:\/\/aoxuancnc.com\/?s={search_term_string}\"},\"query-input\":{\"@type\":\"PropertyValueSpecification\",\"valueRequired\":true,\"valueName\":\"search_term_string\"}}],\"inLanguage\":\"de\"}]}<\/script>\n<!-- \/ Yoast SEO plugin. -->","yoast_head_json":{"title":"High efficiency energy saving servo main motor 160T4000MM CNC electro-hydraulic press brake with DA69T 8+1 axis - AOXUANZG","robots":{"index":"index","follow":"follow","max-snippet":"max-snippet:-1","max-image-preview":"max-image-preview:large","max-video-preview":"max-video-preview:-1"},"canonical":"https:\/\/aoxuancnc.com\/de\/produkt\/high-efficiency-energy-saving-servo-main-motor-160t4000mm-cnc-electro-hydraulic-press-brake-with-da69t-81-axis\/","og_locale":"de_DE","og_type":"article","og_title":"High efficiency energy saving servo main motor 160T4000MM CNC electro-hydraulic press brake with DA69T 8+1 axis - AOXUANZG","og_description":"Product Details Place of Origin: China Brand Name: AOXUANZG Certification: CE Model Number: WE67K-160T4000  Payment &amp; Shipping Terms Minimum Order Quantity: 1 Set Price: $48600-50000\/unit Packaging Details: Standard export packing Delivery time: 30 days Payment Terms: L\/C, T\/T, Western Union, MoneyGram&amp;amp;amp;amp;amp;amp;amp;amp;amp;amp;amp;amp;amp;amp;amp;amp;amp;amp;amp;lt;br \/&gt;Supply Ability: 50 sets\/Year","og_url":"https:\/\/aoxuancnc.com\/de\/produkt\/high-efficiency-energy-saving-servo-main-motor-160t4000mm-cnc-electro-hydraulic-press-brake-with-da69t-81-axis\/","og_site_name":"AOXUANZG","article_modified_time":"2025-09-17T07:05:03+00:00","og_image":[{"width":800,"height":800,"url":"https:\/\/aoxuancnc.com\/wp-content\/uploads\/2025\/08\/CNC-Press-brake-with-DA69T-4.jpg","type":"image\/jpeg"}],"twitter_card":"summary_large_image","twitter_misc":{"Gesch\u00e4tzte Lesezeit":"4\u00a0Minuten"},"schema":{"@context":"https:\/\/schema.org","@graph":[{"@type":"WebPage","@id":"https:\/\/aoxuancnc.com\/product\/high-efficiency-energy-saving-servo-main-motor-160t4000mm-cnc-electro-hydraulic-press-brake-with-da69t-81-axis\/","url":"https:\/\/aoxuancnc.com\/product\/high-efficiency-energy-saving-servo-main-motor-160t4000mm-cnc-electro-hydraulic-press-brake-with-da69t-81-axis\/","name":"High efficiency energy saving servo main motor 160T4000MM CNC electro-hydraulic press brake with DA69T 8+1 axis - AOXUANZG","isPartOf":{"@id":"http:\/\/aoxuancnc.com\/#website"},"primaryImageOfPage":{"@id":"https:\/\/aoxuancnc.com\/product\/high-efficiency-energy-saving-servo-main-motor-160t4000mm-cnc-electro-hydraulic-press-brake-with-da69t-81-axis\/#primaryimage"},"image":{"@id":"https:\/\/aoxuancnc.com\/product\/high-efficiency-energy-saving-servo-main-motor-160t4000mm-cnc-electro-hydraulic-press-brake-with-da69t-81-axis\/#primaryimage"},"thumbnailUrl":"https:\/\/aoxuancnc.com\/wp-content\/uploads\/2025\/08\/CNC-Press-brake-with-DA69T-4.jpg","datePublished":"2025-08-29T06:21:28+00:00","dateModified":"2025-09-17T07:05:03+00:00","breadcrumb":{"@id":"https:\/\/aoxuancnc.com\/product\/high-efficiency-energy-saving-servo-main-motor-160t4000mm-cnc-electro-hydraulic-press-brake-with-da69t-81-axis\/#breadcrumb"},"inLanguage":"de","potentialAction":[{"@type":"ReadAction","target":["https:\/\/aoxuancnc.com\/product\/high-efficiency-energy-saving-servo-main-motor-160t4000mm-cnc-electro-hydraulic-press-brake-with-da69t-81-axis\/"]}]},{"@type":"ImageObject","inLanguage":"de","@id":"https:\/\/aoxuancnc.com\/product\/high-efficiency-energy-saving-servo-main-motor-160t4000mm-cnc-electro-hydraulic-press-brake-with-da69t-81-axis\/#primaryimage","url":"https:\/\/aoxuancnc.com\/wp-content\/uploads\/2025\/08\/CNC-Press-brake-with-DA69T-4.jpg","contentUrl":"https:\/\/aoxuancnc.com\/wp-content\/uploads\/2025\/08\/CNC-Press-brake-with-DA69T-4.jpg","width":800,"height":800},{"@type":"BreadcrumbList","@id":"https:\/\/aoxuancnc.com\/product\/high-efficiency-energy-saving-servo-main-motor-160t4000mm-cnc-electro-hydraulic-press-brake-with-da69t-81-axis\/#breadcrumb","itemListElement":[{"@type":"ListItem","position":1,"name":"\u9996\u9875","item":"http:\/\/aoxuancnc.com\/"},{"@type":"ListItem","position":2,"name":"Product","item":"https:\/\/aoxuancnc.com\/ru\/product\/"},{"@type":"ListItem","position":3,"name":"High efficiency energy saving servo main motor 160T4000MM CNC electro-hydraulic press brake with DA69T 8+1 axis"}]},{"@type":"WebSite","@id":"http:\/\/aoxuancnc.com\/#website","url":"http:\/\/aoxuancnc.com\/","name":"AOXUANZG","description":"Anhui Aoxuan Heavy Industry Machine Co., Ltd","potentialAction":[{"@type":"SearchAction","target":{"@type":"EntryPoint","urlTemplate":"http:\/\/aoxuancnc.com\/?s={search_term_string}"},"query-input":{"@type":"PropertyValueSpecification","valueRequired":true,"valueName":"search_term_string"}}],"inLanguage":"de"}]}},"_links":{"self":[{"href":"https:\/\/aoxuancnc.com\/de\/wp-json\/wp\/v2\/product\/295","targetHints":{"allow":["GET"]}}],"collection":[{"href":"https:\/\/aoxuancnc.com\/de\/wp-json\/wp\/v2\/product"}],"about":[{"href":"https:\/\/aoxuancnc.com\/de\/wp-json\/wp\/v2\/types\/product"}],"wp:featuredmedia":[{"embeddable":true,"href":"https:\/\/aoxuancnc.com\/de\/wp-json\/wp\/v2\/media\/298"}],"wp:attachment":[{"href":"https:\/\/aoxuancnc.com\/de\/wp-json\/wp\/v2\/media?parent=295"}],"wp:term":[{"taxonomy":"product_brand","embeddable":true,"href":"https:\/\/aoxuancnc.com\/de\/wp-json\/wp\/v2\/product_brand?post=295"},{"taxonomy":"product_cat","embeddable":true,"href":"https:\/\/aoxuancnc.com\/de\/wp-json\/wp\/v2\/product_cat?post=295"},{"taxonomy":"product_tag","embeddable":true,"href":"https:\/\/aoxuancnc.com\/de\/wp-json\/wp\/v2\/product_tag?post=295"}],"curies":[{"name":"wp","href":"https:\/\/api.w.org\/{rel}","templated":true}]}}