{"id":306,"date":"2025-08-29T06:56:06","date_gmt":"2025-08-29T06:56:06","guid":{"rendered":"https:\/\/aoxuancnc.com\/?post_type=product&#038;p=306"},"modified":"2025-10-08T01:44:09","modified_gmt":"2025-10-08T01:44:09","slug":"apa-25t-small-high-speed-fully-automatic-pneumatic-punch-production-line-with-straightening-feeder","status":"publish","type":"product","link":"https:\/\/aoxuancnc.com\/de\/produkt\/apa-25t-small-high-speed-fully-automatic-pneumatic-punch-production-line-with-straightening-feeder\/","title":{"rendered":"APA-25T Kleine, vollautomatische Hochgeschwindigkeits-Produktionslinie f\u00fcr pneumatische Stanzmaschinen mit Richtzuf\u00fchrung"},"content":{"rendered":"<p><strong>Anwendungen<\/strong><br \/>\n1. Autoteile: Karosserieteile, Bremsen, Kraftstofftanks, Fahrgestelle, Achsgeh\u00e4use, Sto\u00dff\u00e4nger<br \/>\n2. Haushaltsger\u00e4te: Waschmaschine, Fernseher, K\u00fchlschrank, Klimaanlage, Reiskocher und andere Teile<br \/>\n3. K\u00fcchengeschirr: Sp\u00fcle, Teeservice und andere Arten von Beh\u00e4ltern.<\/p>\n<p><img loading=\"lazy\" decoding=\"async\" class=\"alignnone size-medium wp-image-313\" src=\"https:\/\/aoxuancnc.com\/wp-content\/uploads\/2025\/08\/12-500x375.jpg\" alt=\"\" width=\"500\" height=\"375\" srcset=\"https:\/\/aoxuancnc.com\/wp-content\/uploads\/2025\/08\/12-500x375.jpg 500w, https:\/\/aoxuancnc.com\/wp-content\/uploads\/2025\/08\/12-300x225.jpg 300w, https:\/\/aoxuancnc.com\/wp-content\/uploads\/2025\/08\/12-768x576.jpg 768w, https:\/\/aoxuancnc.com\/wp-content\/uploads\/2025\/08\/12-16x12.jpg 16w, https:\/\/aoxuancnc.com\/wp-content\/uploads\/2025\/08\/12-100x75.jpg 100w, https:\/\/aoxuancnc.com\/wp-content\/uploads\/2025\/08\/12-960x720.jpg 960w, https:\/\/aoxuancnc.com\/wp-content\/uploads\/2025\/08\/12-480x360.jpg 480w, https:\/\/aoxuancnc.com\/wp-content\/uploads\/2025\/08\/12-800x600.jpg 800w, https:\/\/aoxuancnc.com\/wp-content\/uploads\/2025\/08\/12.jpg 1067w\" sizes=\"auto, (max-width:767px) 480px, 500px\" \/><\/p>\n<p><b>Vorteile der Produktionslinie:<br \/>\n<\/b>1. Das Materialregal verf\u00fcgt \u00fcber eine integrierte Richt- und Zuf\u00fchrmaschine, um Platz zu sparen, Rohstoffe zu gl\u00e4tten und bessere Produktproduktionseffekte zu erzielen.<br \/>\n2. Der Feeder verf\u00fcgt \u00fcber ein Servosystem mit automatischer Spannungsregelung.<br \/>\n3. Die Anpassung der Rohstoffposition ist einfach, wodurch die Fehlersuche und Rohstoffverschwendung reduziert wird.<br \/>\n4.PLC verwendet ein intelligentes Modellsystem, das 50 S\u00e4tze von Formspezifikationen und Formanpassungsdaten speichern kann.<br \/>\n5. Durch die kontinuierliche Verbesserung der Maschinen- und Formentechnologie wird der Produktionsl\u00e4rm erheblich reduziert.<br \/>\n6. Ausgestattet mit einem fotoelektrischen Schutzbediener.<b><br \/>\n<\/b><\/p>\n<p><img loading=\"lazy\" decoding=\"async\" class=\"alignnone size-medium wp-image-307\" src=\"https:\/\/aoxuancnc.com\/wp-content\/uploads\/2025\/08\/punching-machine-1-1-500x500.jpg\" alt=\"\" width=\"500\" height=\"500\" srcset=\"https:\/\/aoxuancnc.com\/wp-content\/uploads\/2025\/08\/punching-machine-1-1-500x500.jpg 500w, https:\/\/aoxuancnc.com\/wp-content\/uploads\/2025\/08\/punching-machine-1-1-300x300.jpg 300w, https:\/\/aoxuancnc.com\/wp-content\/uploads\/2025\/08\/punching-machine-1-1-768x768.jpg 768w, https:\/\/aoxuancnc.com\/wp-content\/uploads\/2025\/08\/punching-machine-1-1-12x12.jpg 12w, https:\/\/aoxuancnc.com\/wp-content\/uploads\/2025\/08\/punching-machine-1-1-150x150.jpg 150w, https:\/\/aoxuancnc.com\/wp-content\/uploads\/2025\/08\/punching-machine-1-1-75x75.jpg 75w, https:\/\/aoxuancnc.com\/wp-content\/uploads\/2025\/08\/punching-machine-1-1-480x480.jpg 480w, https:\/\/aoxuancnc.com\/wp-content\/uploads\/2025\/08\/punching-machine-1-1.jpg 800w\" sizes=\"auto, (max-width:767px) 480px, 500px\" \/><\/p>\n<p><img loading=\"lazy\" decoding=\"async\" class=\"alignnone size-medium wp-image-309\" src=\"https:\/\/aoxuancnc.com\/wp-content\/uploads\/2025\/08\/punching-machine-3-500x375.jpg\" alt=\"\" width=\"500\" height=\"375\" srcset=\"https:\/\/aoxuancnc.com\/wp-content\/uploads\/2025\/08\/punching-machine-3-500x375.jpg 500w, https:\/\/aoxuancnc.com\/wp-content\/uploads\/2025\/08\/punching-machine-3-300x225.jpg 300w, https:\/\/aoxuancnc.com\/wp-content\/uploads\/2025\/08\/punching-machine-3-768x576.jpg 768w, https:\/\/aoxuancnc.com\/wp-content\/uploads\/2025\/08\/punching-machine-3-16x12.jpg 16w, https:\/\/aoxuancnc.com\/wp-content\/uploads\/2025\/08\/punching-machine-3-100x75.jpg 100w, https:\/\/aoxuancnc.com\/wp-content\/uploads\/2025\/08\/punching-machine-3-960x720.jpg 960w, https:\/\/aoxuancnc.com\/wp-content\/uploads\/2025\/08\/punching-machine-3-480x360.jpg 480w, https:\/\/aoxuancnc.com\/wp-content\/uploads\/2025\/08\/punching-machine-3-800x600.jpg 800w, https:\/\/aoxuancnc.com\/wp-content\/uploads\/2025\/08\/punching-machine-3.jpg 1067w\" sizes=\"auto, (max-width:767px) 480px, 500px\" \/><\/p>\n<p><strong>Parameter:<\/strong><\/p>\n<p><img loading=\"lazy\" decoding=\"async\" class=\"alignnone size-medium wp-image-314\" src=\"https:\/\/aoxuancnc.com\/wp-content\/uploads\/2025\/08\/\u5fae\u4fe1\u622a\u56fe_20250829151415-500x354.jpg\" alt=\"\" width=\"500\" height=\"354\" srcset=\"https:\/\/aoxuancnc.com\/wp-content\/uploads\/2025\/08\/\u5fae\u4fe1\u622a\u56fe_20250829151415-500x354.jpg 500w, https:\/\/aoxuancnc.com\/wp-content\/uploads\/2025\/08\/\u5fae\u4fe1\u622a\u56fe_20250829151415-300x213.jpg 300w, https:\/\/aoxuancnc.com\/wp-content\/uploads\/2025\/08\/\u5fae\u4fe1\u622a\u56fe_20250829151415-768x544.jpg 768w, https:\/\/aoxuancnc.com\/wp-content\/uploads\/2025\/08\/\u5fae\u4fe1\u622a\u56fe_20250829151415-18x12.jpg 18w, https:\/\/aoxuancnc.com\/wp-content\/uploads\/2025\/08\/\u5fae\u4fe1\u622a\u56fe_20250829151415-106x75.jpg 106w, https:\/\/aoxuancnc.com\/wp-content\/uploads\/2025\/08\/\u5fae\u4fe1\u622a\u56fe_20250829151415-480x340.jpg 480w, https:\/\/aoxuancnc.com\/wp-content\/uploads\/2025\/08\/\u5fae\u4fe1\u622a\u56fe_20250829151415-800x567.jpg 800w, https:\/\/aoxuancnc.com\/wp-content\/uploads\/2025\/08\/\u5fae\u4fe1\u622a\u56fe_20250829151415.jpg 1033w\" sizes=\"auto, (max-width:767px) 480px, 500px\" \/><\/p>\n<p><strong>Name: Automatische Stanzlinie<\/strong><br \/>\nMarke: Aoxuanzg, China<br \/>\nWir k\u00f6nnen die gesamte Linie, Abwickler, Richtmaschine, NC-Zuf\u00fchrung und Pressmaschine liefern und in unserem Werk testen.<\/p>\n<p><img loading=\"lazy\" decoding=\"async\" class=\"alignnone size-medium wp-image-312\" src=\"https:\/\/aoxuancnc.com\/wp-content\/uploads\/2025\/08\/punching-machine-6-500x375.jpg\" alt=\"\" width=\"500\" height=\"375\" srcset=\"https:\/\/aoxuancnc.com\/wp-content\/uploads\/2025\/08\/punching-machine-6-500x375.jpg 500w, https:\/\/aoxuancnc.com\/wp-content\/uploads\/2025\/08\/punching-machine-6-300x225.jpg 300w, https:\/\/aoxuancnc.com\/wp-content\/uploads\/2025\/08\/punching-machine-6-768x576.jpg 768w, https:\/\/aoxuancnc.com\/wp-content\/uploads\/2025\/08\/punching-machine-6-16x12.jpg 16w, https:\/\/aoxuancnc.com\/wp-content\/uploads\/2025\/08\/punching-machine-6-100x75.jpg 100w, https:\/\/aoxuancnc.com\/wp-content\/uploads\/2025\/08\/punching-machine-6-960x720.jpg 960w, https:\/\/aoxuancnc.com\/wp-content\/uploads\/2025\/08\/punching-machine-6-480x360.jpg 480w, https:\/\/aoxuancnc.com\/wp-content\/uploads\/2025\/08\/punching-machine-6-800x600.jpg 800w, https:\/\/aoxuancnc.com\/wp-content\/uploads\/2025\/08\/punching-machine-6.jpg 1067w\" sizes=\"auto, (max-width:767px) 480px, 500px\" \/><\/p>\n<p><strong>Verpackung:<\/strong><br \/>\n1. Vor dem Verpacken werden die Maschinen strengen Tests unterzogen, um Stabilit\u00e4t und hohe Genauigkeit zu gew\u00e4hrleisten.<br \/>\n2. Nach dem Test werden die Maschinen mit Plastikfolie umwickelt,<br \/>\n3.a, Kleine Gr\u00f6\u00dfe: sorgf\u00e4ltig in Holzkisten verpackt;<br \/>\nb, Gro\u00dfe Gr\u00f6\u00dfe: Die Maschine wird mit Stahldraht sicher im Beh\u00e4lter verdrahtet.<\/p>\n<p><img loading=\"lazy\" decoding=\"async\" src=\"https:\/\/aoxuancnc.com\/wp-content\/uploads\/2025\/06\/packing-500x354.jpg\" alt=\"\" width=\"500\" height=\"354\" \/><\/p>\n<p><strong>F\u00fcr weitere Informationen kontaktieren Sie mich bitte ~*^-^*<\/strong><\/p>\n<p>&nbsp;<\/p>","protected":false},"excerpt":{"rendered":"<p><strong>Produktdetails<\/strong><br \/>\nHerkunftsort: China<br \/>\nMarkenname: AOXUANZG<br \/>\nZertifizierung: CE<br \/>\nModellnummer: APA-25T<\/p>\n<p><strong>Zahlungs- und Versandbedingungen<\/strong><br \/>\nMindestbestellmenge: 1 Satz<br \/>\nPreis: $10000-$13000\/Set<br \/>\nVerpackungsdetails: Standard-Exportverpackung<br \/>\nLieferzeit: 50-60 Tage<br \/>\nZahlungsbedingungen: L\/C, T\/T, Western Union, MoneyGram<br \/>\nLieferf\u00e4higkeit: 50 Sets\/Jahr<\/p>","protected":false},"featured_media":308,"template":"","meta":[],"product_brand":[21],"product_cat":[6],"product_tag":[37,36,24,38],"class_list":{"0":"post-306","1":"product","2":"type-product","3":"status-publish","4":"has-post-thumbnail","6":"product_brand-aoxuanzg","7":"product_cat-cnc-pneumatic-punching-machine","8":"product_tag-fully-automatic-production-line","9":"product_tag-pneumatic-punch-production-line","10":"product_tag-pneumatic-punching-machine","11":"product_tag-straightening-feeder","13":"first","14":"instock","15":"featured","16":"shipping-taxable","17":"product-type-external"},"yoast_head":"<!-- This site is optimized with the Yoast SEO plugin v24.9 - https:\/\/yoast.com\/wordpress\/plugins\/seo\/ -->\n<title>APA-25T Small High-Speed \u200b\u200bFully Automatic Pneumatic Punch Production Line with Straightening Feeder - AOXUANZG<\/title>\n<meta name=\"robots\" content=\"index, follow, max-snippet:-1, max-image-preview:large, max-video-preview:-1\" \/>\n<link rel=\"canonical\" href=\"https:\/\/aoxuancnc.com\/de\/produkt\/apa-25t-small-high-speed-fully-automatic-pneumatic-punch-production-line-with-straightening-feeder\/\" \/>\n<meta property=\"og:locale\" content=\"de_DE\" \/>\n<meta property=\"og:type\" content=\"article\" \/>\n<meta property=\"og:title\" content=\"APA-25T Small High-Speed \u200b\u200bFully Automatic Pneumatic Punch Production Line with Straightening Feeder - AOXUANZG\" \/>\n<meta property=\"og:description\" content=\"Product Details Place of Origin: China Brand Name: AOXUANZG Certification: CE Model Number: APA-25T  Payment &amp; Shipping Terms Minimum Order Quantity: 1 Set Price: $10000-$13000\/Set Packaging Details: Standard export packing Delivery time: 50-60 days Payment Terms: L\/C, T\/T, Western Union, MoneyGram Supply Ability: 50sets\/Year\" \/>\n<meta property=\"og:url\" content=\"https:\/\/aoxuancnc.com\/de\/produkt\/apa-25t-small-high-speed-fully-automatic-pneumatic-punch-production-line-with-straightening-feeder\/\" \/>\n<meta property=\"og:site_name\" content=\"AOXUANZG\" \/>\n<meta property=\"article:modified_time\" content=\"2025-10-08T01:44:09+00:00\" \/>\n<meta property=\"og:image\" content=\"https:\/\/aoxuancnc.com\/wp-content\/uploads\/2025\/08\/punching-machine-2.jpg\" \/>\n\t<meta property=\"og:image:width\" content=\"800\" \/>\n\t<meta property=\"og:image:height\" content=\"800\" \/>\n\t<meta property=\"og:image:type\" content=\"image\/jpeg\" \/>\n<meta name=\"twitter:card\" content=\"summary_large_image\" \/>\n<meta name=\"twitter:label1\" content=\"Gesch\u00e4tzte Lesezeit\" \/>\n\t<meta name=\"twitter:data1\" content=\"3\u00a0Minuten\" \/>\n<script type=\"application\/ld+json\" class=\"yoast-schema-graph\">{\"@context\":\"https:\/\/schema.org\",\"@graph\":[{\"@type\":\"WebPage\",\"@id\":\"https:\/\/aoxuancnc.com\/product\/apa-25t-small-high-speed-fully-automatic-pneumatic-punch-production-line-with-straightening-feeder\/\",\"url\":\"https:\/\/aoxuancnc.com\/product\/apa-25t-small-high-speed-fully-automatic-pneumatic-punch-production-line-with-straightening-feeder\/\",\"name\":\"APA-25T Small High-Speed \u200b\u200bFully Automatic Pneumatic Punch Production Line with Straightening Feeder - AOXUANZG\",\"isPartOf\":{\"@id\":\"http:\/\/aoxuancnc.com\/#website\"},\"primaryImageOfPage\":{\"@id\":\"https:\/\/aoxuancnc.com\/product\/apa-25t-small-high-speed-fully-automatic-pneumatic-punch-production-line-with-straightening-feeder\/#primaryimage\"},\"image\":{\"@id\":\"https:\/\/aoxuancnc.com\/product\/apa-25t-small-high-speed-fully-automatic-pneumatic-punch-production-line-with-straightening-feeder\/#primaryimage\"},\"thumbnailUrl\":\"https:\/\/aoxuancnc.com\/wp-content\/uploads\/2025\/08\/punching-machine-2.jpg\",\"datePublished\":\"2025-08-29T06:56:06+00:00\",\"dateModified\":\"2025-10-08T01:44:09+00:00\",\"breadcrumb\":{\"@id\":\"https:\/\/aoxuancnc.com\/product\/apa-25t-small-high-speed-fully-automatic-pneumatic-punch-production-line-with-straightening-feeder\/#breadcrumb\"},\"inLanguage\":\"de\",\"potentialAction\":[{\"@type\":\"ReadAction\",\"target\":[\"https:\/\/aoxuancnc.com\/product\/apa-25t-small-high-speed-fully-automatic-pneumatic-punch-production-line-with-straightening-feeder\/\"]}]},{\"@type\":\"ImageObject\",\"inLanguage\":\"de\",\"@id\":\"https:\/\/aoxuancnc.com\/product\/apa-25t-small-high-speed-fully-automatic-pneumatic-punch-production-line-with-straightening-feeder\/#primaryimage\",\"url\":\"https:\/\/aoxuancnc.com\/wp-content\/uploads\/2025\/08\/punching-machine-2.jpg\",\"contentUrl\":\"https:\/\/aoxuancnc.com\/wp-content\/uploads\/2025\/08\/punching-machine-2.jpg\",\"width\":800,\"height\":800},{\"@type\":\"BreadcrumbList\",\"@id\":\"https:\/\/aoxuancnc.com\/product\/apa-25t-small-high-speed-fully-automatic-pneumatic-punch-production-line-with-straightening-feeder\/#breadcrumb\",\"itemListElement\":[{\"@type\":\"ListItem\",\"position\":1,\"name\":\"\u9996\u9875\",\"item\":\"http:\/\/aoxuancnc.com\/\"},{\"@type\":\"ListItem\",\"position\":2,\"name\":\"Product\",\"item\":\"https:\/\/aoxuancnc.com\/ru\/product\/\"},{\"@type\":\"ListItem\",\"position\":3,\"name\":\"APA-25T Small High-Speed \u200b\u200bFully Automatic Pneumatic Punch Production Line with Straightening Feeder\"}]},{\"@type\":\"WebSite\",\"@id\":\"http:\/\/aoxuancnc.com\/#website\",\"url\":\"http:\/\/aoxuancnc.com\/\",\"name\":\"AOXUANZG\",\"description\":\"Anhui Aoxuan Heavy Industry Machine Co., Ltd\",\"potentialAction\":[{\"@type\":\"SearchAction\",\"target\":{\"@type\":\"EntryPoint\",\"urlTemplate\":\"http:\/\/aoxuancnc.com\/?s={search_term_string}\"},\"query-input\":{\"@type\":\"PropertyValueSpecification\",\"valueRequired\":true,\"valueName\":\"search_term_string\"}}],\"inLanguage\":\"de\"}]}<\/script>\n<!-- \/ Yoast SEO plugin. -->","yoast_head_json":{"title":"APA-25T Small High-Speed \u200b\u200bFully Automatic Pneumatic Punch Production Line with Straightening Feeder - AOXUANZG","robots":{"index":"index","follow":"follow","max-snippet":"max-snippet:-1","max-image-preview":"max-image-preview:large","max-video-preview":"max-video-preview:-1"},"canonical":"https:\/\/aoxuancnc.com\/de\/produkt\/apa-25t-small-high-speed-fully-automatic-pneumatic-punch-production-line-with-straightening-feeder\/","og_locale":"de_DE","og_type":"article","og_title":"APA-25T Small High-Speed \u200b\u200bFully Automatic Pneumatic Punch Production Line with Straightening Feeder - AOXUANZG","og_description":"Product Details Place of Origin: China Brand Name: AOXUANZG Certification: CE Model Number: APA-25T  Payment &amp; Shipping Terms Minimum Order Quantity: 1 Set Price: $10000-$13000\/Set Packaging Details: Standard export packing Delivery time: 50-60 days Payment Terms: L\/C, T\/T, Western Union, MoneyGram Supply Ability: 50sets\/Year","og_url":"https:\/\/aoxuancnc.com\/de\/produkt\/apa-25t-small-high-speed-fully-automatic-pneumatic-punch-production-line-with-straightening-feeder\/","og_site_name":"AOXUANZG","article_modified_time":"2025-10-08T01:44:09+00:00","og_image":[{"width":800,"height":800,"url":"https:\/\/aoxuancnc.com\/wp-content\/uploads\/2025\/08\/punching-machine-2.jpg","type":"image\/jpeg"}],"twitter_card":"summary_large_image","twitter_misc":{"Gesch\u00e4tzte Lesezeit":"3\u00a0Minuten"},"schema":{"@context":"https:\/\/schema.org","@graph":[{"@type":"WebPage","@id":"https:\/\/aoxuancnc.com\/product\/apa-25t-small-high-speed-fully-automatic-pneumatic-punch-production-line-with-straightening-feeder\/","url":"https:\/\/aoxuancnc.com\/product\/apa-25t-small-high-speed-fully-automatic-pneumatic-punch-production-line-with-straightening-feeder\/","name":"APA-25T Small High-Speed \u200b\u200bFully Automatic Pneumatic Punch Production Line with Straightening Feeder - AOXUANZG","isPartOf":{"@id":"http:\/\/aoxuancnc.com\/#website"},"primaryImageOfPage":{"@id":"https:\/\/aoxuancnc.com\/product\/apa-25t-small-high-speed-fully-automatic-pneumatic-punch-production-line-with-straightening-feeder\/#primaryimage"},"image":{"@id":"https:\/\/aoxuancnc.com\/product\/apa-25t-small-high-speed-fully-automatic-pneumatic-punch-production-line-with-straightening-feeder\/#primaryimage"},"thumbnailUrl":"https:\/\/aoxuancnc.com\/wp-content\/uploads\/2025\/08\/punching-machine-2.jpg","datePublished":"2025-08-29T06:56:06+00:00","dateModified":"2025-10-08T01:44:09+00:00","breadcrumb":{"@id":"https:\/\/aoxuancnc.com\/product\/apa-25t-small-high-speed-fully-automatic-pneumatic-punch-production-line-with-straightening-feeder\/#breadcrumb"},"inLanguage":"de","potentialAction":[{"@type":"ReadAction","target":["https:\/\/aoxuancnc.com\/product\/apa-25t-small-high-speed-fully-automatic-pneumatic-punch-production-line-with-straightening-feeder\/"]}]},{"@type":"ImageObject","inLanguage":"de","@id":"https:\/\/aoxuancnc.com\/product\/apa-25t-small-high-speed-fully-automatic-pneumatic-punch-production-line-with-straightening-feeder\/#primaryimage","url":"https:\/\/aoxuancnc.com\/wp-content\/uploads\/2025\/08\/punching-machine-2.jpg","contentUrl":"https:\/\/aoxuancnc.com\/wp-content\/uploads\/2025\/08\/punching-machine-2.jpg","width":800,"height":800},{"@type":"BreadcrumbList","@id":"https:\/\/aoxuancnc.com\/product\/apa-25t-small-high-speed-fully-automatic-pneumatic-punch-production-line-with-straightening-feeder\/#breadcrumb","itemListElement":[{"@type":"ListItem","position":1,"name":"\u9996\u9875","item":"http:\/\/aoxuancnc.com\/"},{"@type":"ListItem","position":2,"name":"Product","item":"https:\/\/aoxuancnc.com\/ru\/product\/"},{"@type":"ListItem","position":3,"name":"APA-25T Small High-Speed \u200b\u200bFully Automatic Pneumatic Punch Production Line with Straightening Feeder"}]},{"@type":"WebSite","@id":"http:\/\/aoxuancnc.com\/#website","url":"http:\/\/aoxuancnc.com\/","name":"AOXUANZG","description":"Anhui Aoxuan Heavy Industry Machine Co., Ltd","potentialAction":[{"@type":"SearchAction","target":{"@type":"EntryPoint","urlTemplate":"http:\/\/aoxuancnc.com\/?s={search_term_string}"},"query-input":{"@type":"PropertyValueSpecification","valueRequired":true,"valueName":"search_term_string"}}],"inLanguage":"de"}]}},"_links":{"self":[{"href":"https:\/\/aoxuancnc.com\/de\/wp-json\/wp\/v2\/product\/306","targetHints":{"allow":["GET"]}}],"collection":[{"href":"https:\/\/aoxuancnc.com\/de\/wp-json\/wp\/v2\/product"}],"about":[{"href":"https:\/\/aoxuancnc.com\/de\/wp-json\/wp\/v2\/types\/product"}],"wp:featuredmedia":[{"embeddable":true,"href":"https:\/\/aoxuancnc.com\/de\/wp-json\/wp\/v2\/media\/308"}],"wp:attachment":[{"href":"https:\/\/aoxuancnc.com\/de\/wp-json\/wp\/v2\/media?parent=306"}],"wp:term":[{"taxonomy":"product_brand","embeddable":true,"href":"https:\/\/aoxuancnc.com\/de\/wp-json\/wp\/v2\/product_brand?post=306"},{"taxonomy":"product_cat","embeddable":true,"href":"https:\/\/aoxuancnc.com\/de\/wp-json\/wp\/v2\/product_cat?post=306"},{"taxonomy":"product_tag","embeddable":true,"href":"https:\/\/aoxuancnc.com\/de\/wp-json\/wp\/v2\/product_tag?post=306"}],"curies":[{"name":"wp","href":"https:\/\/api.w.org\/{rel}","templated":true}]}}