{"id":394,"date":"2025-09-01T09:49:44","date_gmt":"2025-09-01T09:49:44","guid":{"rendered":"https:\/\/aoxuancnc.com\/?post_type=product&#038;p=394"},"modified":"2025-09-22T09:54:12","modified_gmt":"2025-09-22T09:54:12","slug":"cnc-four-rollers-plate-rolling-machine-model-30x3000mm","status":"publish","type":"product","link":"https:\/\/aoxuancnc.com\/de\/produkt\/cnc-four-rollers-plate-rolling-machine-model-30x3000mm\/","title":{"rendered":"CNC-Blechwalzmaschine mit vier Walzen, Modell 30 x 3000 mm"},"content":{"rendered":"<h2><span style=\"color: #333300;\">\u00a0 CNC-Blechwalzmaschine mit vier Walzen, Modell 30 x 3000 mm \u00a0<\/span><\/h2>\n<p><img loading=\"lazy\" decoding=\"async\" class=\"alignnone wp-image-545\" src=\"https:\/\/aoxuancnc.com\/wp-content\/uploads\/2025\/09\/cnc-plate-rolling-machine_\u526f\u672c.png\" alt=\"\" width=\"800\" height=\"548\" srcset=\"https:\/\/aoxuancnc.com\/wp-content\/uploads\/2025\/09\/cnc-plate-rolling-machine_\u526f\u672c.png 1088w, https:\/\/aoxuancnc.com\/wp-content\/uploads\/2025\/09\/cnc-plate-rolling-machine_\u526f\u672c-500x342.png 500w, https:\/\/aoxuancnc.com\/wp-content\/uploads\/2025\/09\/cnc-plate-rolling-machine_\u526f\u672c-300x205.png 300w, https:\/\/aoxuancnc.com\/wp-content\/uploads\/2025\/09\/cnc-plate-rolling-machine_\u526f\u672c-768x526.png 768w, https:\/\/aoxuancnc.com\/wp-content\/uploads\/2025\/09\/cnc-plate-rolling-machine_\u526f\u672c-18x12.png 18w, https:\/\/aoxuancnc.com\/wp-content\/uploads\/2025\/09\/cnc-plate-rolling-machine_\u526f\u672c-110x75.png 110w, https:\/\/aoxuancnc.com\/wp-content\/uploads\/2025\/09\/cnc-plate-rolling-machine_\u526f\u672c-480x329.png 480w, https:\/\/aoxuancnc.com\/wp-content\/uploads\/2025\/09\/cnc-plate-rolling-machine_\u526f\u672c-800x548.png 800w\" sizes=\"auto, (max-width:767px) 480px, (max-width:800px) 100vw, 800px\" \/><\/p>\n<p class=\"ds-markdown-paragraph\"><strong>Vier-Rollen-Blechwalzmaschine der W12CNC-Serie<\/strong><\/p>\n<p class=\"ds-markdown-paragraph\">Diese Maschine ist mit fortschrittlicher deutscher Technologie ausgestattet.<br class=\"yoast-text-mark\" \/>&gt;&gt;Es verwendet eine SPS-programmierbare digitale Steuerung.<br class=\"yoast-text-mark\" \/>&gt;Es verf\u00fcgt \u00fcber einen vollhydraulischen Antrieb.<br class=\"yoast-text-mark\" \/>&gt;Es automatisiert den Vier-Walzen-CNC-Blechwalzprozess.<\/p>\n<p class=\"ds-markdown-paragraph\">Die Maschine verf\u00fcgt \u00fcber eine fortschrittliche Struktur.<br \/>\nEs bietet \u00fcberlegene Leistung und hohe Pr\u00e4zision.<br \/>\nEs arbeitet mit hoher Effizienz und ist sehr komfortabel.<br \/>\nSeine Technologie ist im Vergleich zu \u00e4hnlichen Produkten weltweit f\u00fchrend.<\/p>\n<p class=\"ds-markdown-paragraph\">Der Bediener f\u00e4hrt die untere Rolle nach oben.<br \/>\nEs klemmt die Stahlplatte gerade.<br \/>\nDie obere Walze bleibt in einer festen Position.<\/p>\n<p class=\"ds-markdown-paragraph\">Zwei seitliche Rollen bewegen sich zus\u00e4tzlich gerade nach oben.<br \/>\nDadurch wird der Kr\u00fcmmungsradius der Trommel angepasst.<br \/>\nEs f\u00fchrt das Blech nur einmal zu.<br \/>\nDamit ist das Vorbiegen und Rollen ohne Drehen abgeschlossen.<\/p>\n<p class=\"ds-markdown-paragraph\">Sie k\u00f6nnen den automatischen Modus zum Stapelrollen verwenden.<br \/>\nDadurch wird eine gleichm\u00e4\u00dfige Formgebung des Werkst\u00fccks gew\u00e4hrleistet.<\/p>\n<p class=\"ds-markdown-paragraph\">Es ist ideal zum Rollen verschiedener Formen.<br \/>\nHierzu z\u00e4hlen zylindrische, gekr\u00fcmmte und konische Werkst\u00fccke.<br \/>\nEs rollt auch rechteckige und andere Formen.<\/p>\n<p class=\"ds-markdown-paragraph\">Es ist das bevorzugte Modell f\u00fcr viele Branchen.<br \/>\nZu diesen Branchen z\u00e4hlen die Metallurgie und die Baustoffindustrie.<br \/>\nEs dient der Erd\u00f6l-, Chemie- und Wasserwirtschaft.<br \/>\nEs dient auch der Stromversorgung, der Br\u00fcckenversorgung und der Kohleversorgung.<br \/>\nWeitere Industriezweige sind der Bergbau, der Schiffsbau und die Kesselindustrie.<br \/>\nEs dient auch der Luftfahrt, dem Umweltbereich und der Metallkonstruktion.<\/p>\n<p><img loading=\"lazy\" decoding=\"async\" class=\"alignnone wp-image-397 size-full\" src=\"https:\/\/aoxuancnc.com\/wp-content\/uploads\/2025\/09\/cnc-four-plate-rolling-machine-2.png\" alt=\"\" width=\"800\" height=\"694\" srcset=\"https:\/\/aoxuancnc.com\/wp-content\/uploads\/2025\/09\/cnc-four-plate-rolling-machine-2.png 800w, https:\/\/aoxuancnc.com\/wp-content\/uploads\/2025\/09\/cnc-four-plate-rolling-machine-2-500x434.png 500w, https:\/\/aoxuancnc.com\/wp-content\/uploads\/2025\/09\/cnc-four-plate-rolling-machine-2-300x260.png 300w, https:\/\/aoxuancnc.com\/wp-content\/uploads\/2025\/09\/cnc-four-plate-rolling-machine-2-768x666.png 768w, https:\/\/aoxuancnc.com\/wp-content\/uploads\/2025\/09\/cnc-four-plate-rolling-machine-2-14x12.png 14w, https:\/\/aoxuancnc.com\/wp-content\/uploads\/2025\/09\/cnc-four-plate-rolling-machine-2-86x75.png 86w, https:\/\/aoxuancnc.com\/wp-content\/uploads\/2025\/09\/cnc-four-plate-rolling-machine-2-480x416.png 480w\" sizes=\"auto, (max-width:767px) 480px, (max-width:800px) 100vw, 800px\" \/><\/p>\n<p><img loading=\"lazy\" decoding=\"async\" class=\"alignnone wp-image-398 size-full\" src=\"https:\/\/aoxuancnc.com\/wp-content\/uploads\/2025\/09\/cnc-four-plate-rolling-machine-1.png\" alt=\"\" width=\"800\" height=\"617\" srcset=\"https:\/\/aoxuancnc.com\/wp-content\/uploads\/2025\/09\/cnc-four-plate-rolling-machine-1.png 800w, https:\/\/aoxuancnc.com\/wp-content\/uploads\/2025\/09\/cnc-four-plate-rolling-machine-1-500x386.png 500w, https:\/\/aoxuancnc.com\/wp-content\/uploads\/2025\/09\/cnc-four-plate-rolling-machine-1-300x231.png 300w, https:\/\/aoxuancnc.com\/wp-content\/uploads\/2025\/09\/cnc-four-plate-rolling-machine-1-768x592.png 768w, https:\/\/aoxuancnc.com\/wp-content\/uploads\/2025\/09\/cnc-four-plate-rolling-machine-1-16x12.png 16w, https:\/\/aoxuancnc.com\/wp-content\/uploads\/2025\/09\/cnc-four-plate-rolling-machine-1-97x75.png 97w, https:\/\/aoxuancnc.com\/wp-content\/uploads\/2025\/09\/cnc-four-plate-rolling-machine-1-480x370.png 480w\" sizes=\"auto, (max-width:767px) 480px, (max-width:800px) 100vw, 800px\" \/><\/p>\n<p><img loading=\"lazy\" decoding=\"async\" class=\"alignnone wp-image-399 size-full\" src=\"https:\/\/aoxuancnc.com\/wp-content\/uploads\/2025\/09\/cnc-four-plate-rolling-machine-2-1.png\" alt=\"\" width=\"703\" height=\"591\" srcset=\"https:\/\/aoxuancnc.com\/wp-content\/uploads\/2025\/09\/cnc-four-plate-rolling-machine-2-1.png 703w, https:\/\/aoxuancnc.com\/wp-content\/uploads\/2025\/09\/cnc-four-plate-rolling-machine-2-1-500x420.png 500w, https:\/\/aoxuancnc.com\/wp-content\/uploads\/2025\/09\/cnc-four-plate-rolling-machine-2-1-300x252.png 300w, https:\/\/aoxuancnc.com\/wp-content\/uploads\/2025\/09\/cnc-four-plate-rolling-machine-2-1-14x12.png 14w, https:\/\/aoxuancnc.com\/wp-content\/uploads\/2025\/09\/cnc-four-plate-rolling-machine-2-1-89x75.png 89w, https:\/\/aoxuancnc.com\/wp-content\/uploads\/2025\/09\/cnc-four-plate-rolling-machine-2-1-480x404.png 480w\" sizes=\"auto, (max-width:767px) 480px, 703px\" \/><\/p>\n<h2><span style=\"color: #000080;\">Maschinenparameter\u00a0<\/span><\/h2>\n<p><img loading=\"lazy\" decoding=\"async\" class=\"alignnone wp-image-400 size-full\" src=\"https:\/\/aoxuancnc.com\/wp-content\/uploads\/2025\/09\/cnc-four-plate-rolling-machine-3.jpg\" alt=\"\" width=\"751\" height=\"603\" srcset=\"https:\/\/aoxuancnc.com\/wp-content\/uploads\/2025\/09\/cnc-four-plate-rolling-machine-3.jpg 751w, https:\/\/aoxuancnc.com\/wp-content\/uploads\/2025\/09\/cnc-four-plate-rolling-machine-3-500x401.jpg 500w, https:\/\/aoxuancnc.com\/wp-content\/uploads\/2025\/09\/cnc-four-plate-rolling-machine-3-300x241.jpg 300w, https:\/\/aoxuancnc.com\/wp-content\/uploads\/2025\/09\/cnc-four-plate-rolling-machine-3-15x12.jpg 15w, https:\/\/aoxuancnc.com\/wp-content\/uploads\/2025\/09\/cnc-four-plate-rolling-machine-3-93x75.jpg 93w, https:\/\/aoxuancnc.com\/wp-content\/uploads\/2025\/09\/cnc-four-plate-rolling-machine-3-480x385.jpg 480w\" sizes=\"auto, (max-width:767px) 480px, 751px\" \/><\/p>\n<p><img loading=\"lazy\" decoding=\"async\" class=\"alignnone wp-image-401\" src=\"https:\/\/aoxuancnc.com\/wp-content\/uploads\/2025\/09\/cnc-four-plate-rolling-machine-2-1200x900.jpg\" alt=\"\" width=\"759\" height=\"569\" \/><\/p>\n<p><img loading=\"lazy\" decoding=\"async\" class=\"alignnone wp-image-402\" src=\"https:\/\/aoxuancnc.com\/wp-content\/uploads\/2025\/09\/cnc-four-plate-rolling-machine-1-1200x900.jpg\" alt=\"\" width=\"760\" height=\"570\" srcset=\"https:\/\/aoxuancnc.com\/wp-content\/uploads\/2025\/09\/cnc-four-plate-rolling-machine-1-1200x900.jpg 1200w, https:\/\/aoxuancnc.com\/wp-content\/uploads\/2025\/09\/cnc-four-plate-rolling-machine-1-500x375.jpg 500w, https:\/\/aoxuancnc.com\/wp-content\/uploads\/2025\/09\/cnc-four-plate-rolling-machine-1-300x225.jpg 300w, https:\/\/aoxuancnc.com\/wp-content\/uploads\/2025\/09\/cnc-four-plate-rolling-machine-1-768x576.jpg 768w, https:\/\/aoxuancnc.com\/wp-content\/uploads\/2025\/09\/cnc-four-plate-rolling-machine-1-1536x1152.jpg 1536w, https:\/\/aoxuancnc.com\/wp-content\/uploads\/2025\/09\/cnc-four-plate-rolling-machine-1-2048x1536.jpg 2048w, https:\/\/aoxuancnc.com\/wp-content\/uploads\/2025\/09\/cnc-four-plate-rolling-machine-1-16x12.jpg 16w, https:\/\/aoxuancnc.com\/wp-content\/uploads\/2025\/09\/cnc-four-plate-rolling-machine-1-100x75.jpg 100w, https:\/\/aoxuancnc.com\/wp-content\/uploads\/2025\/09\/cnc-four-plate-rolling-machine-1-960x720.jpg 960w, https:\/\/aoxuancnc.com\/wp-content\/uploads\/2025\/09\/cnc-four-plate-rolling-machine-1-480x360.jpg 480w, https:\/\/aoxuancnc.com\/wp-content\/uploads\/2025\/09\/cnc-four-plate-rolling-machine-1-800x600.jpg 800w\" sizes=\"auto, (max-width:767px) 480px, 760px\" \/><\/p>\n<p>Das System verwendet einen Rotationsgeber, der mit einem hochzuverl\u00e4ssigen Industrie-Controller kombiniert ist, wodurch ein Steuerungssystem mit stabiler Leistung entsteht.<\/p>\n<p>Das CNC-System erm\u00f6glicht eine Echtzeit\u00fcberwachung w\u00e4hrend des Walzprozesses. Zus\u00e4tzlich gew\u00e4hrleistet es einen reibungslosen Datentransfer. Dar\u00fcber hinaus ist es mit einer Power-Off-Memory-Funktion ausgestattet.<\/p>\n<p>Die SPS der Industriesteuerung pr\u00fcft die untere Position und die beiden Enden der Seitenrollenposition automatisch und steuert sie, um eine Synchronisierungsgenauigkeit von \u00b10,15 mm sicherzustellen<\/p>\n<p>Die programmierbare Anzeige zeigt die Position der unteren Walze und der beiden Enden der Seitenwalzen in Echtzeit an und kann eingestellt werden.<\/p>\n<p>Die Aufl\u00f6sung des Wegaufnehmers betr\u00e4gt 0,10 mm, die Anzeigegenauigkeit betr\u00e4gt \u00b10,10 mm<\/p>\n<p>Automatische Selbstbeurteilungsfunktion<\/p>\n<h2><span style=\"color: #003366;\"><strong><b>Plattenbiegeprozess<\/b><\/strong><\/span><\/h2>\n<p><img loading=\"lazy\" decoding=\"async\" class=\"alignnone wp-image-403\" src=\"https:\/\/aoxuancnc.com\/wp-content\/uploads\/2025\/09\/cnc-four-plate-rolling-machine-1-1-402x1200.png\" alt=\"\" width=\"569\" height=\"1698\" srcset=\"https:\/\/aoxuancnc.com\/wp-content\/uploads\/2025\/09\/cnc-four-plate-rolling-machine-1-1-402x1200.png 402w, https:\/\/aoxuancnc.com\/wp-content\/uploads\/2025\/09\/cnc-four-plate-rolling-machine-1-1-168x500.png 168w, https:\/\/aoxuancnc.com\/wp-content\/uploads\/2025\/09\/cnc-four-plate-rolling-machine-1-1-101x300.png 101w, https:\/\/aoxuancnc.com\/wp-content\/uploads\/2025\/09\/cnc-four-plate-rolling-machine-1-1-515x1536.png 515w, https:\/\/aoxuancnc.com\/wp-content\/uploads\/2025\/09\/cnc-four-plate-rolling-machine-1-1-4x12.png 4w, https:\/\/aoxuancnc.com\/wp-content\/uploads\/2025\/09\/cnc-four-plate-rolling-machine-1-1-25x75.png 25w, https:\/\/aoxuancnc.com\/wp-content\/uploads\/2025\/09\/cnc-four-plate-rolling-machine-1-1-322x960.png 322w, https:\/\/aoxuancnc.com\/wp-content\/uploads\/2025\/09\/cnc-four-plate-rolling-machine-1-1.png 703w\" sizes=\"auto, (max-width:767px) 480px, 569px\" \/><\/p>\n<h3><span style=\"color: #003366;\"><strong>Maschinenkonfigurationen\u00a0<\/strong><\/span><\/h3>\n<p><img loading=\"lazy\" decoding=\"async\" class=\"alignnone wp-image-404 size-full\" src=\"https:\/\/aoxuancnc.com\/wp-content\/uploads\/2025\/09\/Plate-rolling-machine-parameters-1.jpg\" alt=\"\" width=\"753\" height=\"507\" srcset=\"https:\/\/aoxuancnc.com\/wp-content\/uploads\/2025\/09\/Plate-rolling-machine-parameters-1.jpg 753w, https:\/\/aoxuancnc.com\/wp-content\/uploads\/2025\/09\/Plate-rolling-machine-parameters-1-500x337.jpg 500w, https:\/\/aoxuancnc.com\/wp-content\/uploads\/2025\/09\/Plate-rolling-machine-parameters-1-300x202.jpg 300w, https:\/\/aoxuancnc.com\/wp-content\/uploads\/2025\/09\/Plate-rolling-machine-parameters-1-18x12.jpg 18w, https:\/\/aoxuancnc.com\/wp-content\/uploads\/2025\/09\/Plate-rolling-machine-parameters-1-111x75.jpg 111w, https:\/\/aoxuancnc.com\/wp-content\/uploads\/2025\/09\/Plate-rolling-machine-parameters-1-480x323.jpg 480w\" sizes=\"auto, (max-width:767px) 480px, 753px\" \/><\/p>\n<p><img loading=\"lazy\" decoding=\"async\" class=\"alignnone wp-image-405 size-full\" src=\"https:\/\/aoxuancnc.com\/wp-content\/uploads\/2025\/09\/Plate-rolling-machine-parameters-2.jpg\" alt=\"\" width=\"752\" height=\"389\" srcset=\"https:\/\/aoxuancnc.com\/wp-content\/uploads\/2025\/09\/Plate-rolling-machine-parameters-2.jpg 752w, https:\/\/aoxuancnc.com\/wp-content\/uploads\/2025\/09\/Plate-rolling-machine-parameters-2-500x259.jpg 500w, https:\/\/aoxuancnc.com\/wp-content\/uploads\/2025\/09\/Plate-rolling-machine-parameters-2-300x155.jpg 300w, https:\/\/aoxuancnc.com\/wp-content\/uploads\/2025\/09\/Plate-rolling-machine-parameters-2-18x9.jpg 18w, https:\/\/aoxuancnc.com\/wp-content\/uploads\/2025\/09\/Plate-rolling-machine-parameters-2-145x75.jpg 145w, https:\/\/aoxuancnc.com\/wp-content\/uploads\/2025\/09\/Plate-rolling-machine-parameters-2-480x248.jpg 480w\" sizes=\"auto, (max-width:767px) 480px, 752px\" \/><\/p>\n<p>&nbsp;<\/p>\n<p>&nbsp;<\/p>","protected":false},"excerpt":{"rendered":"<p>1. Preisinhalt FOB Shanghai-Preis, China<\/p>\n<p>2. G\u00fcltiger Preis: innerhalb von 30 Tagen;<\/p>\n<p>3. Zahlungsmethode: Wenn der Produktkaufvertrag und die technische Vereinbarung unterzeichnet sind, werden 30% des Gesamtbetrags des Vertrags bezahlt, und 70% des Gesamtbetrags des Vertrags werden zum Zeitpunkt der Lieferung per T\/T oder L\/C bezahlt.<\/p>\n<p>4. Lieferzeit: 30 Werktage nach Erhalt der Anzahlung;<\/p>\n<p>5. Verpackung: einfache Verpackung, kein Recycling;<\/p>","protected":false},"featured_media":357,"template":"","meta":[],"product_brand":[],"product_cat":[43],"product_tag":[47,49,48],"class_list":{"0":"post-394","1":"product","2":"type-product","3":"status-publish","4":"has-post-thumbnail","6":"product_cat-cnc-metal-rolling-machine","7":"product_tag-cnc-metal-rolling-machine","8":"product_tag-four-roller-plate-bending-machine","9":"product_tag-plate-rolling-machine","11":"first","12":"instock","13":"shipping-taxable","14":"product-type-simple"},"yoast_head":"<!-- This site is optimized with the Yoast SEO plugin v24.9 - https:\/\/yoast.com\/wordpress\/plugins\/seo\/ -->\n<title>CNC four Rollers plate rolling machine Model 30X3000MM - AOXUANZG<\/title>\n<meta name=\"robots\" content=\"index, follow, max-snippet:-1, max-image-preview:large, max-video-preview:-1\" \/>\n<link rel=\"canonical\" href=\"https:\/\/aoxuancnc.com\/de\/producto\/cnc-four-rollers-plate-rolling-machine-model-30x3000mm\/\" \/>\n<meta property=\"og:locale\" content=\"de_DE\" \/>\n<meta property=\"og:type\" content=\"article\" \/>\n<meta property=\"og:title\" content=\"CNC four Rollers plate rolling machine Model 30X3000MM - AOXUANZG\" \/>\n<meta property=\"og:description\" content=\"1\u3001Price content FOB Shanghaiprice , China  2\u3001Valid\u00a0price:\u00a0within\u00a030\u00a0days;  3\u3001Payment\u00a0method:\u00a0When\u00a0the\u00a0product sales\u00a0contract\u00a0and technical\u00a0agreement\u00a0are signed,\u00a030%\u00a0of\u00a0the\u00a0total\u00a0amount\u00a0of\u00a0the\u00a0contract\u00a0will\u00a0be\u00a0paid,\u00a0and\u00a070%\u00a0of the\u00a0total\u00a0amount\u00a0of\u00a0the contract will\u00a0be\u00a0paid\u00a0at the\u00a0time\u00a0of\u00a0delivery\u00a0by\u00a0T\/T\u00a0or\u00a0L\/C.  4\u3001Delivery\u00a0period:\u00a030\u00a0working days\u00a0after\u00a0receipt\u00a0the\u00a0deposit;  5\u3001Packing: simple packaging, not recycling;\" \/>\n<meta property=\"og:url\" content=\"https:\/\/aoxuancnc.com\/de\/producto\/cnc-four-rollers-plate-rolling-machine-model-30x3000mm\/\" \/>\n<meta property=\"og:site_name\" content=\"AOXUANZG\" \/>\n<meta property=\"article:modified_time\" content=\"2025-09-22T09:54:12+00:00\" \/>\n<meta property=\"og:image\" content=\"https:\/\/aoxuancnc.com\/wp-content\/uploads\/2025\/09\/CNC-plate-rolling-machine.jpg\" \/>\n\t<meta property=\"og:image:width\" content=\"800\" \/>\n\t<meta property=\"og:image:height\" content=\"800\" \/>\n\t<meta property=\"og:image:type\" content=\"image\/jpeg\" \/>\n<meta name=\"twitter:card\" content=\"summary_large_image\" \/>\n<meta name=\"twitter:label1\" content=\"Gesch\u00e4tzte Lesezeit\" \/>\n\t<meta name=\"twitter:data1\" content=\"4\u00a0Minuten\" \/>\n<script type=\"application\/ld+json\" class=\"yoast-schema-graph\">{\"@context\":\"https:\/\/schema.org\",\"@graph\":[{\"@type\":\"WebPage\",\"@id\":\"https:\/\/aoxuancnc.com\/es\/producto\/cnc-four-rollers-plate-rolling-machine-model-30x3000mm\/\",\"url\":\"https:\/\/aoxuancnc.com\/es\/producto\/cnc-four-rollers-plate-rolling-machine-model-30x3000mm\/\",\"name\":\"CNC four Rollers plate rolling machine Model 30X3000MM - AOXUANZG\",\"isPartOf\":{\"@id\":\"http:\/\/aoxuancnc.com\/#website\"},\"primaryImageOfPage\":{\"@id\":\"https:\/\/aoxuancnc.com\/es\/producto\/cnc-four-rollers-plate-rolling-machine-model-30x3000mm\/#primaryimage\"},\"image\":{\"@id\":\"https:\/\/aoxuancnc.com\/es\/producto\/cnc-four-rollers-plate-rolling-machine-model-30x3000mm\/#primaryimage\"},\"thumbnailUrl\":\"https:\/\/aoxuancnc.com\/wp-content\/uploads\/2025\/09\/CNC-plate-rolling-machine.jpg\",\"datePublished\":\"2025-09-01T09:49:44+00:00\",\"dateModified\":\"2025-09-22T09:54:12+00:00\",\"breadcrumb\":{\"@id\":\"https:\/\/aoxuancnc.com\/es\/producto\/cnc-four-rollers-plate-rolling-machine-model-30x3000mm\/#breadcrumb\"},\"inLanguage\":\"de\",\"potentialAction\":[{\"@type\":\"ReadAction\",\"target\":[\"https:\/\/aoxuancnc.com\/es\/producto\/cnc-four-rollers-plate-rolling-machine-model-30x3000mm\/\"]}]},{\"@type\":\"ImageObject\",\"inLanguage\":\"de\",\"@id\":\"https:\/\/aoxuancnc.com\/es\/producto\/cnc-four-rollers-plate-rolling-machine-model-30x3000mm\/#primaryimage\",\"url\":\"https:\/\/aoxuancnc.com\/wp-content\/uploads\/2025\/09\/CNC-plate-rolling-machine.jpg\",\"contentUrl\":\"https:\/\/aoxuancnc.com\/wp-content\/uploads\/2025\/09\/CNC-plate-rolling-machine.jpg\",\"width\":800,\"height\":800},{\"@type\":\"BreadcrumbList\",\"@id\":\"https:\/\/aoxuancnc.com\/es\/producto\/cnc-four-rollers-plate-rolling-machine-model-30x3000mm\/#breadcrumb\",\"itemListElement\":[{\"@type\":\"ListItem\",\"position\":1,\"name\":\"\u9996\u9875\",\"item\":\"http:\/\/aoxuancnc.com\/\"},{\"@type\":\"ListItem\",\"position\":2,\"name\":\"Product\",\"item\":\"https:\/\/aoxuancnc.com\/ru\/product\/\"},{\"@type\":\"ListItem\",\"position\":3,\"name\":\"CNC four Rollers plate rolling machine Model 30X3000MM\"}]},{\"@type\":\"WebSite\",\"@id\":\"http:\/\/aoxuancnc.com\/#website\",\"url\":\"http:\/\/aoxuancnc.com\/\",\"name\":\"AOXUANZG\",\"description\":\"Anhui Aoxuan Heavy Industry Machine Co., Ltd\",\"potentialAction\":[{\"@type\":\"SearchAction\",\"target\":{\"@type\":\"EntryPoint\",\"urlTemplate\":\"http:\/\/aoxuancnc.com\/?s={search_term_string}\"},\"query-input\":{\"@type\":\"PropertyValueSpecification\",\"valueRequired\":true,\"valueName\":\"search_term_string\"}}],\"inLanguage\":\"de\"}]}<\/script>\n<!-- \/ Yoast SEO plugin. -->","yoast_head_json":{"title":"CNC four Rollers plate rolling machine Model 30X3000MM - AOXUANZG","robots":{"index":"index","follow":"follow","max-snippet":"max-snippet:-1","max-image-preview":"max-image-preview:large","max-video-preview":"max-video-preview:-1"},"canonical":"https:\/\/aoxuancnc.com\/de\/producto\/cnc-four-rollers-plate-rolling-machine-model-30x3000mm\/","og_locale":"de_DE","og_type":"article","og_title":"CNC four Rollers plate rolling machine Model 30X3000MM - AOXUANZG","og_description":"1\u3001Price content FOB Shanghaiprice , China  2\u3001Valid\u00a0price:\u00a0within\u00a030\u00a0days;  3\u3001Payment\u00a0method:\u00a0When\u00a0the\u00a0product sales\u00a0contract\u00a0and technical\u00a0agreement\u00a0are signed,\u00a030%\u00a0of\u00a0the\u00a0total\u00a0amount\u00a0of\u00a0the\u00a0contract\u00a0will\u00a0be\u00a0paid,\u00a0and\u00a070%\u00a0of the\u00a0total\u00a0amount\u00a0of\u00a0the contract will\u00a0be\u00a0paid\u00a0at the\u00a0time\u00a0of\u00a0delivery\u00a0by\u00a0T\/T\u00a0or\u00a0L\/C.  4\u3001Delivery\u00a0period:\u00a030\u00a0working days\u00a0after\u00a0receipt\u00a0the\u00a0deposit;  5\u3001Packing: simple packaging, not recycling;","og_url":"https:\/\/aoxuancnc.com\/de\/producto\/cnc-four-rollers-plate-rolling-machine-model-30x3000mm\/","og_site_name":"AOXUANZG","article_modified_time":"2025-09-22T09:54:12+00:00","og_image":[{"width":800,"height":800,"url":"https:\/\/aoxuancnc.com\/wp-content\/uploads\/2025\/09\/CNC-plate-rolling-machine.jpg","type":"image\/jpeg"}],"twitter_card":"summary_large_image","twitter_misc":{"Gesch\u00e4tzte Lesezeit":"4\u00a0Minuten"},"schema":{"@context":"https:\/\/schema.org","@graph":[{"@type":"WebPage","@id":"https:\/\/aoxuancnc.com\/es\/producto\/cnc-four-rollers-plate-rolling-machine-model-30x3000mm\/","url":"https:\/\/aoxuancnc.com\/es\/producto\/cnc-four-rollers-plate-rolling-machine-model-30x3000mm\/","name":"CNC four Rollers plate rolling machine Model 30X3000MM - AOXUANZG","isPartOf":{"@id":"http:\/\/aoxuancnc.com\/#website"},"primaryImageOfPage":{"@id":"https:\/\/aoxuancnc.com\/es\/producto\/cnc-four-rollers-plate-rolling-machine-model-30x3000mm\/#primaryimage"},"image":{"@id":"https:\/\/aoxuancnc.com\/es\/producto\/cnc-four-rollers-plate-rolling-machine-model-30x3000mm\/#primaryimage"},"thumbnailUrl":"https:\/\/aoxuancnc.com\/wp-content\/uploads\/2025\/09\/CNC-plate-rolling-machine.jpg","datePublished":"2025-09-01T09:49:44+00:00","dateModified":"2025-09-22T09:54:12+00:00","breadcrumb":{"@id":"https:\/\/aoxuancnc.com\/es\/producto\/cnc-four-rollers-plate-rolling-machine-model-30x3000mm\/#breadcrumb"},"inLanguage":"de","potentialAction":[{"@type":"ReadAction","target":["https:\/\/aoxuancnc.com\/es\/producto\/cnc-four-rollers-plate-rolling-machine-model-30x3000mm\/"]}]},{"@type":"ImageObject","inLanguage":"de","@id":"https:\/\/aoxuancnc.com\/es\/producto\/cnc-four-rollers-plate-rolling-machine-model-30x3000mm\/#primaryimage","url":"https:\/\/aoxuancnc.com\/wp-content\/uploads\/2025\/09\/CNC-plate-rolling-machine.jpg","contentUrl":"https:\/\/aoxuancnc.com\/wp-content\/uploads\/2025\/09\/CNC-plate-rolling-machine.jpg","width":800,"height":800},{"@type":"BreadcrumbList","@id":"https:\/\/aoxuancnc.com\/es\/producto\/cnc-four-rollers-plate-rolling-machine-model-30x3000mm\/#breadcrumb","itemListElement":[{"@type":"ListItem","position":1,"name":"\u9996\u9875","item":"http:\/\/aoxuancnc.com\/"},{"@type":"ListItem","position":2,"name":"Product","item":"https:\/\/aoxuancnc.com\/ru\/product\/"},{"@type":"ListItem","position":3,"name":"CNC four Rollers plate rolling machine Model 30X3000MM"}]},{"@type":"WebSite","@id":"http:\/\/aoxuancnc.com\/#website","url":"http:\/\/aoxuancnc.com\/","name":"AOXUANZG","description":"Anhui Aoxuan Heavy Industry Machine Co., Ltd","potentialAction":[{"@type":"SearchAction","target":{"@type":"EntryPoint","urlTemplate":"http:\/\/aoxuancnc.com\/?s={search_term_string}"},"query-input":{"@type":"PropertyValueSpecification","valueRequired":true,"valueName":"search_term_string"}}],"inLanguage":"de"}]}},"_links":{"self":[{"href":"https:\/\/aoxuancnc.com\/de\/wp-json\/wp\/v2\/product\/394","targetHints":{"allow":["GET"]}}],"collection":[{"href":"https:\/\/aoxuancnc.com\/de\/wp-json\/wp\/v2\/product"}],"about":[{"href":"https:\/\/aoxuancnc.com\/de\/wp-json\/wp\/v2\/types\/product"}],"wp:featuredmedia":[{"embeddable":true,"href":"https:\/\/aoxuancnc.com\/de\/wp-json\/wp\/v2\/media\/357"}],"wp:attachment":[{"href":"https:\/\/aoxuancnc.com\/de\/wp-json\/wp\/v2\/media?parent=394"}],"wp:term":[{"taxonomy":"product_brand","embeddable":true,"href":"https:\/\/aoxuancnc.com\/de\/wp-json\/wp\/v2\/product_brand?post=394"},{"taxonomy":"product_cat","embeddable":true,"href":"https:\/\/aoxuancnc.com\/de\/wp-json\/wp\/v2\/product_cat?post=394"},{"taxonomy":"product_tag","embeddable":true,"href":"https:\/\/aoxuancnc.com\/de\/wp-json\/wp\/v2\/product_tag?post=394"}],"curies":[{"name":"wp","href":"https:\/\/api.w.org\/{rel}","templated":true}]}}