{"id":440,"date":"2025-09-19T03:06:35","date_gmt":"2025-09-19T03:06:35","guid":{"rendered":"https:\/\/aoxuancnc.com\/?post_type=product&#038;p=440"},"modified":"2025-09-23T05:50:27","modified_gmt":"2025-09-23T05:50:27","slug":"qc11y-6x4000-cnc-hydraulic-shearing-guillotine-machine-with-dac360t","status":"publish","type":"product","link":"https:\/\/aoxuancnc.com\/de\/produkt\/qc11y-6x4000-cnc-hydraulic-shearing-guillotine-machine-with-dac360t\/","title":{"rendered":"QC11Y-6X4000 CNC-hydraulische Scher-Guillotine-Maschine mit DAC360T"},"content":{"rendered":"<div style=\"width: 640px;\" class=\"wp-video\"><video class=\"wp-video-shortcode\" id=\"video-440-1\" width=\"640\" height=\"480\" preload=\"metadata\" controls=\"controls\"><source type=\"video\/mp4\" src=\"https:\/\/aoxuancnc.com\/wp-content\/uploads\/2025\/09\/6X4000-DAC360T.mp4?_=1\" \/><a href=\"https:\/\/aoxuancnc.com\/wp-content\/uploads\/2025\/09\/6X4000-DAC360T.mp4\">https:\/\/aoxuancnc.com\/wp-content\/uploads\/2025\/09\/6X4000-DAC360T.mp4<\/a><\/video><\/div>\n<h3 class=\"magic-9\"><strong><span class=\"magic-10\">Hauptmerkmale:<\/span><\/strong><\/h3>\n<div class=\"magic-2\">\n<div class=\"magic-3\">\n<div class=\"magic-4\">\n<div class=\"magic-11\"><span class=\"magic-10\">1-Der Hauptrahmen der Biegemaschine ist mit einem speziellen numerischen Steuerungssystem ausgestattet. <\/span><\/div>\n<div class=\"magic-11\" data-spm-anchor-id=\"a2700.details-description.0.i1.5a36ojJEojJEpn\"><span class=\"magic-10\">2. Die Multi-Work-Stop-Programmierfunktion erm\u00f6glicht einen automatischen Betrieb und eine kontinuierliche Positionierung mehrstufiger Vorg\u00e4nge sowie eine automatische Pr\u00e4zisionseinstellung der Positionen des hinteren Stoppers und des Gleitblocks.<\/span><\/div>\n<div class=\"magic-11\"><span class=\"magic-10\">3-Die Maschine ist mit einer Biegungsz\u00e4hlfunktion ausgestattet, die eine Echtzeitanzeige der Verarbeitungsmenge und einen Stromausfallspeicher f\u00fcr die Positionen von Stopper und Gleitblock sowie Verfahren und Parameter erm\u00f6glicht.<\/span><\/div>\n<div class=\"magic-11\" data-spm-anchor-id=\"a2700.details-description.0.i0.5a36ojJEojJEpn\"><span class=\"magic-10\">4-F\u00fcr den hinteren Stopper werden importierte Kugellager-Leitspindeln und lineare F\u00fchrungsschienen verwendet, um die Positionierungspr\u00e4zision des hinteren Stoppers sicherzustellen und so die Verarbeitungspr\u00e4zision der Maschine zu erh\u00f6hen.<\/span><\/div>\n<\/div>\n<\/div>\n<\/div>\n<p><img loading=\"lazy\" decoding=\"async\" class=\"alignnone size-medium wp-image-434\" src=\"https:\/\/aoxuancnc.com\/wp-content\/uploads\/2025\/09\/6X4000-hydraulic-sheairng-machine-with-DAC360T-7-500x375.jpg\" alt=\"\" width=\"500\" height=\"375\" srcset=\"https:\/\/aoxuancnc.com\/wp-content\/uploads\/2025\/09\/6X4000-hydraulic-sheairng-machine-with-DAC360T-7-500x375.jpg 500w, https:\/\/aoxuancnc.com\/wp-content\/uploads\/2025\/09\/6X4000-hydraulic-sheairng-machine-with-DAC360T-7-300x225.jpg 300w, https:\/\/aoxuancnc.com\/wp-content\/uploads\/2025\/09\/6X4000-hydraulic-sheairng-machine-with-DAC360T-7-768x576.jpg 768w, https:\/\/aoxuancnc.com\/wp-content\/uploads\/2025\/09\/6X4000-hydraulic-sheairng-machine-with-DAC360T-7-16x12.jpg 16w, https:\/\/aoxuancnc.com\/wp-content\/uploads\/2025\/09\/6X4000-hydraulic-sheairng-machine-with-DAC360T-7-100x75.jpg 100w, https:\/\/aoxuancnc.com\/wp-content\/uploads\/2025\/09\/6X4000-hydraulic-sheairng-machine-with-DAC360T-7-480x360.jpg 480w, https:\/\/aoxuancnc.com\/wp-content\/uploads\/2025\/09\/6X4000-hydraulic-sheairng-machine-with-DAC360T-7.jpg 800w\" sizes=\"auto, (max-width:767px) 480px, 500px\" \/><\/p>\n<p>&nbsp;<\/p>\n<h3 class=\"magic-2\"><strong>Die Standardkonfiguration:<\/strong><\/h3>\n<p><img loading=\"lazy\" decoding=\"async\" class=\"alignnone size-medium wp-image-441\" src=\"https:\/\/aoxuancnc.com\/wp-content\/uploads\/2025\/09\/6X4000-hydraulic-sheairng-machine-with-DAC360T-1_\u526f\u672c-444x500.jpg\" alt=\"\" width=\"444\" height=\"500\" srcset=\"https:\/\/aoxuancnc.com\/wp-content\/uploads\/2025\/09\/6X4000-hydraulic-sheairng-machine-with-DAC360T-1_\u526f\u672c-444x500.jpg 444w, https:\/\/aoxuancnc.com\/wp-content\/uploads\/2025\/09\/6X4000-hydraulic-sheairng-machine-with-DAC360T-1_\u526f\u672c-267x300.jpg 267w, https:\/\/aoxuancnc.com\/wp-content\/uploads\/2025\/09\/6X4000-hydraulic-sheairng-machine-with-DAC360T-1_\u526f\u672c-768x864.jpg 768w, https:\/\/aoxuancnc.com\/wp-content\/uploads\/2025\/09\/6X4000-hydraulic-sheairng-machine-with-DAC360T-1_\u526f\u672c-11x12.jpg 11w, https:\/\/aoxuancnc.com\/wp-content\/uploads\/2025\/09\/6X4000-hydraulic-sheairng-machine-with-DAC360T-1_\u526f\u672c-67x75.jpg 67w, https:\/\/aoxuancnc.com\/wp-content\/uploads\/2025\/09\/6X4000-hydraulic-sheairng-machine-with-DAC360T-1_\u526f\u672c-480x540.jpg 480w, https:\/\/aoxuancnc.com\/wp-content\/uploads\/2025\/09\/6X4000-hydraulic-sheairng-machine-with-DAC360T-1_\u526f\u672c.jpg 800w\" sizes=\"auto, (max-width:767px) 444px, 444px\" \/><\/p>\n<div class=\"magic-4\">\n<div class=\"magic-5\">\n<div class=\"magic-6\">\n<p>Ausr\u00fcstung:<\/p>\n<div>1. Schnelle und pr\u00e4zise Einstellung des S\u00e4geblattabstands durch einen einzigen Griff am Seitenrahmen<\/div>\n<div>2. Mehrkantklingen zum Schneiden von Aluminium, Weichstahl und Edelstahl<\/div>\n<div>3. Schnittlinienbeleuchtung und Draht zum Schattenlinienschneiden<\/div>\n<div>4. Hubz\u00e4hler, Schnittl\u00e4ngeneinstellung<\/div>\n<div>5. Hydraulischer und elektrischer \u00dcberlastschutz<\/div>\n<div>6. Ausrichtarm und vordere St\u00fctzarme<\/div>\n<div>7. DAC360T-Steuerungssystem<\/div>\n<div>8.Deutschland Bosch-Rexroth Hydraulik<\/div>\n<div>9. Telemecanique\/SchneiderElectrics<\/div>\n<div>10. Hydraulischer und elektrischer \u00dcberlastschutz<\/div>\n<div>11. Delta-Wechselrichter mit Kugelumlaufspindel und polierter Stange mit 0,05 mm Genauigkeit.<\/div>\n<div data-spm-anchor-id=\"a2700.details-description.0.i0.934dDnf7Dnf7WH\">12. Der Seitenschutz entspricht standardm\u00e4\u00dfig den CE-Vorschriften.<\/div>\n<div data-spm-anchor-id=\"a2700.details-description.0.i0.934dDnf7Dnf7WH\"><\/div>\n<\/div>\n<\/div>\n<\/div>\n<p><img loading=\"lazy\" decoding=\"async\" class=\"alignnone size-medium wp-image-437\" src=\"https:\/\/aoxuancnc.com\/wp-content\/uploads\/2025\/09\/6X4000-hydraulic-sheairng-machine-with-DAC360T-2-500x375.jpg\" alt=\"\" width=\"500\" height=\"375\" srcset=\"https:\/\/aoxuancnc.com\/wp-content\/uploads\/2025\/09\/6X4000-hydraulic-sheairng-machine-with-DAC360T-2-500x375.jpg 500w, https:\/\/aoxuancnc.com\/wp-content\/uploads\/2025\/09\/6X4000-hydraulic-sheairng-machine-with-DAC360T-2-300x225.jpg 300w, https:\/\/aoxuancnc.com\/wp-content\/uploads\/2025\/09\/6X4000-hydraulic-sheairng-machine-with-DAC360T-2-768x576.jpg 768w, https:\/\/aoxuancnc.com\/wp-content\/uploads\/2025\/09\/6X4000-hydraulic-sheairng-machine-with-DAC360T-2-16x12.jpg 16w, https:\/\/aoxuancnc.com\/wp-content\/uploads\/2025\/09\/6X4000-hydraulic-sheairng-machine-with-DAC360T-2-100x75.jpg 100w, https:\/\/aoxuancnc.com\/wp-content\/uploads\/2025\/09\/6X4000-hydraulic-sheairng-machine-with-DAC360T-2-480x360.jpg 480w, https:\/\/aoxuancnc.com\/wp-content\/uploads\/2025\/09\/6X4000-hydraulic-sheairng-machine-with-DAC360T-2.jpg 800w\" sizes=\"auto, (max-width:767px) 480px, 500px\" \/><\/p>\n<p>Die Guillotine-Schere macht Hochleistungsscheren erschwinglich. Rahmen und Schneidbalken bieten maximale Steifigkeit und Widerstandsf\u00e4higkeit gegen Durchbiegung und Torsionskr\u00e4fte f\u00fcr pr\u00e4zises Schneiden von Baustahl bis 30 mm. Diese Guillotine-Schere verf\u00fcgt \u00fcber vier Schneidkanten, die vor dem Schleifen dreimal gedreht werden k\u00f6nnen, um die Lebensdauer zu verl\u00e4ngern. Kosteng\u00fcnstig gefertigt. Unsere Guillotine-Schere passt sich Ihren Anforderungen und Ihrem Budget an.<\/p>\n<h3><strong>Maschinen-Detailbild:<\/strong><\/h3>\n<p><img loading=\"lazy\" decoding=\"async\" class=\"alignnone size-medium wp-image-439\" src=\"https:\/\/aoxuancnc.com\/wp-content\/uploads\/2025\/09\/6X4000-hydraulic-sheairng-machine-with-DAC360T-4-500x375.jpg\" alt=\"\" width=\"500\" height=\"375\" srcset=\"https:\/\/aoxuancnc.com\/wp-content\/uploads\/2025\/09\/6X4000-hydraulic-sheairng-machine-with-DAC360T-4-500x375.jpg 500w, https:\/\/aoxuancnc.com\/wp-content\/uploads\/2025\/09\/6X4000-hydraulic-sheairng-machine-with-DAC360T-4-300x225.jpg 300w, https:\/\/aoxuancnc.com\/wp-content\/uploads\/2025\/09\/6X4000-hydraulic-sheairng-machine-with-DAC360T-4-768x576.jpg 768w, https:\/\/aoxuancnc.com\/wp-content\/uploads\/2025\/09\/6X4000-hydraulic-sheairng-machine-with-DAC360T-4-16x12.jpg 16w, https:\/\/aoxuancnc.com\/wp-content\/uploads\/2025\/09\/6X4000-hydraulic-sheairng-machine-with-DAC360T-4-100x75.jpg 100w, https:\/\/aoxuancnc.com\/wp-content\/uploads\/2025\/09\/6X4000-hydraulic-sheairng-machine-with-DAC360T-4-480x360.jpg 480w, https:\/\/aoxuancnc.com\/wp-content\/uploads\/2025\/09\/6X4000-hydraulic-sheairng-machine-with-DAC360T-4.jpg 800w\" sizes=\"auto, (max-width:767px) 480px, 500px\" \/><\/p>\n<p><img loading=\"lazy\" decoding=\"async\" class=\"alignnone size-medium wp-image-432\" src=\"https:\/\/aoxuancnc.com\/wp-content\/uploads\/2025\/09\/6X4000-hydraulic-sheairng-machine-with-DAC360T-5-500x375.jpg\" alt=\"\" width=\"500\" height=\"375\" srcset=\"https:\/\/aoxuancnc.com\/wp-content\/uploads\/2025\/09\/6X4000-hydraulic-sheairng-machine-with-DAC360T-5-500x375.jpg 500w, https:\/\/aoxuancnc.com\/wp-content\/uploads\/2025\/09\/6X4000-hydraulic-sheairng-machine-with-DAC360T-5-300x225.jpg 300w, https:\/\/aoxuancnc.com\/wp-content\/uploads\/2025\/09\/6X4000-hydraulic-sheairng-machine-with-DAC360T-5-768x576.jpg 768w, https:\/\/aoxuancnc.com\/wp-content\/uploads\/2025\/09\/6X4000-hydraulic-sheairng-machine-with-DAC360T-5-16x12.jpg 16w, https:\/\/aoxuancnc.com\/wp-content\/uploads\/2025\/09\/6X4000-hydraulic-sheairng-machine-with-DAC360T-5-100x75.jpg 100w, https:\/\/aoxuancnc.com\/wp-content\/uploads\/2025\/09\/6X4000-hydraulic-sheairng-machine-with-DAC360T-5-480x360.jpg 480w, https:\/\/aoxuancnc.com\/wp-content\/uploads\/2025\/09\/6X4000-hydraulic-sheairng-machine-with-DAC360T-5.jpg 800w\" sizes=\"auto, (max-width:767px) 480px, 500px\" \/><\/p>\n<p>&nbsp;<\/p>\n<h3>Parameter:<\/h3>\n<p><img loading=\"lazy\" decoding=\"async\" class=\"alignnone size-medium wp-image-274\" src=\"https:\/\/aoxuancnc.com\/wp-content\/uploads\/2025\/08\/A-Shearing-cutting-machine\u526a\u677f\u673a-487x500.png\" alt=\"\" width=\"487\" height=\"500\" srcset=\"https:\/\/aoxuancnc.com\/wp-content\/uploads\/2025\/08\/A-Shearing-cutting-machine\u526a\u677f\u673a-487x500.png 487w, https:\/\/aoxuancnc.com\/wp-content\/uploads\/2025\/08\/A-Shearing-cutting-machine\u526a\u677f\u673a-1168x1200.png 1168w, https:\/\/aoxuancnc.com\/wp-content\/uploads\/2025\/08\/A-Shearing-cutting-machine\u526a\u677f\u673a-292x300.png 292w, https:\/\/aoxuancnc.com\/wp-content\/uploads\/2025\/08\/A-Shearing-cutting-machine\u526a\u677f\u673a-768x789.png 768w, https:\/\/aoxuancnc.com\/wp-content\/uploads\/2025\/08\/A-Shearing-cutting-machine\u526a\u677f\u673a-1495x1536.png 1495w, https:\/\/aoxuancnc.com\/wp-content\/uploads\/2025\/08\/A-Shearing-cutting-machine\u526a\u677f\u673a-1993x2048.png 1993w, https:\/\/aoxuancnc.com\/wp-content\/uploads\/2025\/08\/A-Shearing-cutting-machine\u526a\u677f\u673a-12x12.png 12w, https:\/\/aoxuancnc.com\/wp-content\/uploads\/2025\/08\/A-Shearing-cutting-machine\u526a\u677f\u673a-73x75.png 73w, https:\/\/aoxuancnc.com\/wp-content\/uploads\/2025\/08\/A-Shearing-cutting-machine\u526a\u677f\u673a-480x493.png 480w, https:\/\/aoxuancnc.com\/wp-content\/uploads\/2025\/08\/A-Shearing-cutting-machine\u526a\u677f\u673a-800x822.png 800w\" sizes=\"auto, (max-width:767px) 480px, 487px\" \/><\/p>\n<p><strong>Vorverkauf.<\/strong><br \/>\n* Projektdesign, Leistungseinf\u00fchrung, technische Vereinbarung, Vertragsunterzeichnung, Verpackung<br \/>\n* Anfrage- und Beratungsunterst\u00fctzung.<br \/>\n* Unterst\u00fctzung beim Testen von Beispielen.<\/p>\n<p><strong>Im Verkauf.<\/strong><br \/>\n* Wir informieren Sie \u00fcber die neuesten Fortschritte bei der Produktmontage, Verpackung und dem Transport.<\/p>\n<p><strong>Nach dem Verkauf.<\/strong><br \/>\n* Bei Sch\u00e4den an nichtmenschlichen K\u00f6rperteilen stellen wir kostenloses Zubeh\u00f6r zur Verf\u00fcgung.<br \/>\n* Schulung zur Installation der Maschine, Schulung zur Verwendung der Maschine mit Video usw.<br \/>\n* Und unser technisches Personal kann ins Ausland reisen, um technische Beratung zu leisten.<\/p>\n<p><img loading=\"lazy\" decoding=\"async\" class=\"alignnone size-medium wp-image-267\" src=\"https:\/\/aoxuancnc.com\/wp-content\/uploads\/2025\/08\/guillotine-shearing-machine-1-500x375.jpg\" alt=\"\" width=\"500\" height=\"375\" srcset=\"https:\/\/aoxuancnc.com\/wp-content\/uploads\/2025\/08\/guillotine-shearing-machine-1-500x375.jpg 500w, https:\/\/aoxuancnc.com\/wp-content\/uploads\/2025\/08\/guillotine-shearing-machine-1-1200x900.jpg 1200w, https:\/\/aoxuancnc.com\/wp-content\/uploads\/2025\/08\/guillotine-shearing-machine-1-300x225.jpg 300w, https:\/\/aoxuancnc.com\/wp-content\/uploads\/2025\/08\/guillotine-shearing-machine-1-768x576.jpg 768w, https:\/\/aoxuancnc.com\/wp-content\/uploads\/2025\/08\/guillotine-shearing-machine-1-1536x1152.jpg 1536w, https:\/\/aoxuancnc.com\/wp-content\/uploads\/2025\/08\/guillotine-shearing-machine-1-16x12.jpg 16w, https:\/\/aoxuancnc.com\/wp-content\/uploads\/2025\/08\/guillotine-shearing-machine-1-100x75.jpg 100w, https:\/\/aoxuancnc.com\/wp-content\/uploads\/2025\/08\/guillotine-shearing-machine-1-960x720.jpg 960w, https:\/\/aoxuancnc.com\/wp-content\/uploads\/2025\/08\/guillotine-shearing-machine-1-480x360.jpg 480w, https:\/\/aoxuancnc.com\/wp-content\/uploads\/2025\/08\/guillotine-shearing-machine-1-800x600.jpg 800w, https:\/\/aoxuancnc.com\/wp-content\/uploads\/2025\/08\/guillotine-shearing-machine-1.jpg 1706w\" sizes=\"auto, (max-width:767px) 480px, 500px\" \/> <img loading=\"lazy\" decoding=\"async\" class=\"alignnone size-medium wp-image-268\" src=\"https:\/\/aoxuancnc.com\/wp-content\/uploads\/2025\/08\/guillotine-shearing-machine-2-500x375.jpg\" alt=\"\" width=\"500\" height=\"375\" srcset=\"https:\/\/aoxuancnc.com\/wp-content\/uploads\/2025\/08\/guillotine-shearing-machine-2-500x375.jpg 500w, https:\/\/aoxuancnc.com\/wp-content\/uploads\/2025\/08\/guillotine-shearing-machine-2-1200x900.jpg 1200w, https:\/\/aoxuancnc.com\/wp-content\/uploads\/2025\/08\/guillotine-shearing-machine-2-300x225.jpg 300w, https:\/\/aoxuancnc.com\/wp-content\/uploads\/2025\/08\/guillotine-shearing-machine-2-768x576.jpg 768w, https:\/\/aoxuancnc.com\/wp-content\/uploads\/2025\/08\/guillotine-shearing-machine-2-1536x1152.jpg 1536w, https:\/\/aoxuancnc.com\/wp-content\/uploads\/2025\/08\/guillotine-shearing-machine-2-16x12.jpg 16w, https:\/\/aoxuancnc.com\/wp-content\/uploads\/2025\/08\/guillotine-shearing-machine-2-100x75.jpg 100w, https:\/\/aoxuancnc.com\/wp-content\/uploads\/2025\/08\/guillotine-shearing-machine-2-960x720.jpg 960w, https:\/\/aoxuancnc.com\/wp-content\/uploads\/2025\/08\/guillotine-shearing-machine-2-480x360.jpg 480w, https:\/\/aoxuancnc.com\/wp-content\/uploads\/2025\/08\/guillotine-shearing-machine-2-800x600.jpg 800w, https:\/\/aoxuancnc.com\/wp-content\/uploads\/2025\/08\/guillotine-shearing-machine-2.jpg 1706w\" sizes=\"auto, (max-width:767px) 480px, 500px\" \/><\/p>\n<p>&nbsp;<\/p>\n<p>&nbsp;<\/p>\n<p>&nbsp;<\/p>","protected":false},"excerpt":{"rendered":"<p><strong>Produktdetails<\/strong><br \/>\nHerkunftsort: China<br \/>\nMarkenname: AOXUANZG<br \/>\nZertifizierung: CE<br \/>\nModellnummer: QC11Y-6X4000<\/p>\n<p><strong>Zahlungs- und Versandbedingungen<\/strong><br \/>\nMindestbestellmenge: 1 Satz<br \/>\nVerpackungsdetails: Standard-Exportverpackung<br \/>\nLieferzeit: 30 Tage<br \/>\nZahlungsbedingungen: L\/C, T\/T, Western Union, MoneyGram<br \/>\nLieferf\u00e4higkeit: 50 S\u00e4tze\/Jahr<\/p>","protected":false},"featured_media":569,"template":"","meta":[],"product_brand":[21],"product_cat":[5],"product_tag":[50,52,25,27],"class_list":{"0":"post-440","1":"product","2":"type-product","3":"status-publish","4":"has-post-thumbnail","6":"product_brand-aoxuanzg","7":"product_cat-hydraulic-guillotine-shearing-machine","8":"product_tag-cnc-hydraulic-cutting-machine","9":"product_tag-dac360t","10":"product_tag-guillotine-shearing-machine","11":"product_tag-metal-steel-plate-cutting-machine","13":"first","14":"instock","15":"shipping-taxable","16":"product-type-external"},"yoast_head":"<!-- This site is optimized with the Yoast SEO plugin v24.9 - https:\/\/yoast.com\/wordpress\/plugins\/seo\/ -->\n<title>QC11Y-6X4000 CNC Hydraulic Shearing Guillotine Machine With DAC360T - AOXUANZG<\/title>\n<meta name=\"robots\" content=\"index, follow, max-snippet:-1, max-image-preview:large, max-video-preview:-1\" \/>\n<link rel=\"canonical\" href=\"https:\/\/aoxuancnc.com\/de\/produkt\/qc11y-6x4000-cnc-hydraulic-shearing-guillotine-machine-with-dac360t\/\" \/>\n<meta property=\"og:locale\" content=\"de_DE\" \/>\n<meta property=\"og:type\" content=\"article\" \/>\n<meta property=\"og:title\" content=\"QC11Y-6X4000 CNC Hydraulic Shearing Guillotine Machine With DAC360T - AOXUANZG\" \/>\n<meta property=\"og:description\" content=\"Product Details Place of Origin: China Brand Name: AOXUANZG Certification: CE Model Number: QC11Y-6X4000  Payment &amp; Shipping Terms Minimum Order Quantity: 1 Set Packaging Details: Standard export packing Delivery time: 30 days Payment Terms: L\/C, T\/T, Western Union, MoneyGram Supply Ability: 50 sets\/Year\" \/>\n<meta property=\"og:url\" content=\"https:\/\/aoxuancnc.com\/de\/produkt\/qc11y-6x4000-cnc-hydraulic-shearing-guillotine-machine-with-dac360t\/\" \/>\n<meta property=\"og:site_name\" content=\"AOXUANZG\" \/>\n<meta property=\"article:modified_time\" content=\"2025-09-23T05:50:27+00:00\" \/>\n<meta property=\"og:image\" content=\"https:\/\/aoxuancnc.com\/wp-content\/uploads\/2025\/09\/6X4000-hydraulic-shearing-machine-with-DAC360T.png\" \/>\n\t<meta property=\"og:image:width\" content=\"800\" \/>\n\t<meta property=\"og:image:height\" content=\"800\" \/>\n\t<meta property=\"og:image:type\" content=\"image\/png\" \/>\n<meta name=\"twitter:card\" content=\"summary_large_image\" \/>\n<meta name=\"twitter:label1\" content=\"Gesch\u00e4tzte Lesezeit\" \/>\n\t<meta name=\"twitter:data1\" content=\"4\u00a0Minuten\" \/>\n<script type=\"application\/ld+json\" class=\"yoast-schema-graph\">{\"@context\":\"https:\/\/schema.org\",\"@graph\":[{\"@type\":\"WebPage\",\"@id\":\"https:\/\/aoxuancnc.com\/ar\/product\/qc11y-6x4000-cnc-hydraulic-shearing-guillotine-machine-with-dac360t\/\",\"url\":\"https:\/\/aoxuancnc.com\/ar\/product\/qc11y-6x4000-cnc-hydraulic-shearing-guillotine-machine-with-dac360t\/\",\"name\":\"QC11Y-6X4000 CNC Hydraulic Shearing Guillotine Machine With DAC360T - AOXUANZG\",\"isPartOf\":{\"@id\":\"http:\/\/aoxuancnc.com\/#website\"},\"primaryImageOfPage\":{\"@id\":\"https:\/\/aoxuancnc.com\/ar\/product\/qc11y-6x4000-cnc-hydraulic-shearing-guillotine-machine-with-dac360t\/#primaryimage\"},\"image\":{\"@id\":\"https:\/\/aoxuancnc.com\/ar\/product\/qc11y-6x4000-cnc-hydraulic-shearing-guillotine-machine-with-dac360t\/#primaryimage\"},\"thumbnailUrl\":\"https:\/\/aoxuancnc.com\/wp-content\/uploads\/2025\/09\/6X4000-hydraulic-shearing-machine-with-DAC360T.png\",\"datePublished\":\"2025-09-19T03:06:35+00:00\",\"dateModified\":\"2025-09-23T05:50:27+00:00\",\"breadcrumb\":{\"@id\":\"https:\/\/aoxuancnc.com\/ar\/product\/qc11y-6x4000-cnc-hydraulic-shearing-guillotine-machine-with-dac360t\/#breadcrumb\"},\"inLanguage\":\"de\",\"potentialAction\":[{\"@type\":\"ReadAction\",\"target\":[\"https:\/\/aoxuancnc.com\/ar\/product\/qc11y-6x4000-cnc-hydraulic-shearing-guillotine-machine-with-dac360t\/\"]}]},{\"@type\":\"ImageObject\",\"inLanguage\":\"de\",\"@id\":\"https:\/\/aoxuancnc.com\/ar\/product\/qc11y-6x4000-cnc-hydraulic-shearing-guillotine-machine-with-dac360t\/#primaryimage\",\"url\":\"https:\/\/aoxuancnc.com\/wp-content\/uploads\/2025\/09\/6X4000-hydraulic-shearing-machine-with-DAC360T.png\",\"contentUrl\":\"https:\/\/aoxuancnc.com\/wp-content\/uploads\/2025\/09\/6X4000-hydraulic-shearing-machine-with-DAC360T.png\",\"width\":800,\"height\":800},{\"@type\":\"BreadcrumbList\",\"@id\":\"https:\/\/aoxuancnc.com\/ar\/product\/qc11y-6x4000-cnc-hydraulic-shearing-guillotine-machine-with-dac360t\/#breadcrumb\",\"itemListElement\":[{\"@type\":\"ListItem\",\"position\":1,\"name\":\"\u9996\u9875\",\"item\":\"http:\/\/aoxuancnc.com\/\"},{\"@type\":\"ListItem\",\"position\":2,\"name\":\"Product\",\"item\":\"https:\/\/aoxuancnc.com\/ru\/product\/\"},{\"@type\":\"ListItem\",\"position\":3,\"name\":\"QC11Y-6X4000 CNC Hydraulic Shearing Guillotine Machine With DAC360T\"}]},{\"@type\":\"WebSite\",\"@id\":\"http:\/\/aoxuancnc.com\/#website\",\"url\":\"http:\/\/aoxuancnc.com\/\",\"name\":\"AOXUANZG\",\"description\":\"Anhui Aoxuan Heavy Industry Machine Co., Ltd\",\"potentialAction\":[{\"@type\":\"SearchAction\",\"target\":{\"@type\":\"EntryPoint\",\"urlTemplate\":\"http:\/\/aoxuancnc.com\/?s={search_term_string}\"},\"query-input\":{\"@type\":\"PropertyValueSpecification\",\"valueRequired\":true,\"valueName\":\"search_term_string\"}}],\"inLanguage\":\"de\"}]}<\/script>\n<!-- \/ Yoast SEO plugin. -->","yoast_head_json":{"title":"QC11Y-6X4000 CNC Hydraulic Shearing Guillotine Machine With DAC360T - AOXUANZG","robots":{"index":"index","follow":"follow","max-snippet":"max-snippet:-1","max-image-preview":"max-image-preview:large","max-video-preview":"max-video-preview:-1"},"canonical":"https:\/\/aoxuancnc.com\/de\/produkt\/qc11y-6x4000-cnc-hydraulic-shearing-guillotine-machine-with-dac360t\/","og_locale":"de_DE","og_type":"article","og_title":"QC11Y-6X4000 CNC Hydraulic Shearing Guillotine Machine With DAC360T - AOXUANZG","og_description":"Product Details Place of Origin: China Brand Name: AOXUANZG Certification: CE Model Number: QC11Y-6X4000  Payment &amp; Shipping Terms Minimum Order Quantity: 1 Set Packaging Details: Standard export packing Delivery time: 30 days Payment Terms: L\/C, T\/T, Western Union, MoneyGram Supply Ability: 50 sets\/Year","og_url":"https:\/\/aoxuancnc.com\/de\/produkt\/qc11y-6x4000-cnc-hydraulic-shearing-guillotine-machine-with-dac360t\/","og_site_name":"AOXUANZG","article_modified_time":"2025-09-23T05:50:27+00:00","og_image":[{"width":800,"height":800,"url":"https:\/\/aoxuancnc.com\/wp-content\/uploads\/2025\/09\/6X4000-hydraulic-shearing-machine-with-DAC360T.png","type":"image\/png"}],"twitter_card":"summary_large_image","twitter_misc":{"Gesch\u00e4tzte Lesezeit":"4\u00a0Minuten"},"schema":{"@context":"https:\/\/schema.org","@graph":[{"@type":"WebPage","@id":"https:\/\/aoxuancnc.com\/ar\/product\/qc11y-6x4000-cnc-hydraulic-shearing-guillotine-machine-with-dac360t\/","url":"https:\/\/aoxuancnc.com\/ar\/product\/qc11y-6x4000-cnc-hydraulic-shearing-guillotine-machine-with-dac360t\/","name":"QC11Y-6X4000 CNC Hydraulic Shearing Guillotine Machine With DAC360T - AOXUANZG","isPartOf":{"@id":"http:\/\/aoxuancnc.com\/#website"},"primaryImageOfPage":{"@id":"https:\/\/aoxuancnc.com\/ar\/product\/qc11y-6x4000-cnc-hydraulic-shearing-guillotine-machine-with-dac360t\/#primaryimage"},"image":{"@id":"https:\/\/aoxuancnc.com\/ar\/product\/qc11y-6x4000-cnc-hydraulic-shearing-guillotine-machine-with-dac360t\/#primaryimage"},"thumbnailUrl":"https:\/\/aoxuancnc.com\/wp-content\/uploads\/2025\/09\/6X4000-hydraulic-shearing-machine-with-DAC360T.png","datePublished":"2025-09-19T03:06:35+00:00","dateModified":"2025-09-23T05:50:27+00:00","breadcrumb":{"@id":"https:\/\/aoxuancnc.com\/ar\/product\/qc11y-6x4000-cnc-hydraulic-shearing-guillotine-machine-with-dac360t\/#breadcrumb"},"inLanguage":"de","potentialAction":[{"@type":"ReadAction","target":["https:\/\/aoxuancnc.com\/ar\/product\/qc11y-6x4000-cnc-hydraulic-shearing-guillotine-machine-with-dac360t\/"]}]},{"@type":"ImageObject","inLanguage":"de","@id":"https:\/\/aoxuancnc.com\/ar\/product\/qc11y-6x4000-cnc-hydraulic-shearing-guillotine-machine-with-dac360t\/#primaryimage","url":"https:\/\/aoxuancnc.com\/wp-content\/uploads\/2025\/09\/6X4000-hydraulic-shearing-machine-with-DAC360T.png","contentUrl":"https:\/\/aoxuancnc.com\/wp-content\/uploads\/2025\/09\/6X4000-hydraulic-shearing-machine-with-DAC360T.png","width":800,"height":800},{"@type":"BreadcrumbList","@id":"https:\/\/aoxuancnc.com\/ar\/product\/qc11y-6x4000-cnc-hydraulic-shearing-guillotine-machine-with-dac360t\/#breadcrumb","itemListElement":[{"@type":"ListItem","position":1,"name":"\u9996\u9875","item":"http:\/\/aoxuancnc.com\/"},{"@type":"ListItem","position":2,"name":"Product","item":"https:\/\/aoxuancnc.com\/ru\/product\/"},{"@type":"ListItem","position":3,"name":"QC11Y-6X4000 CNC Hydraulic Shearing Guillotine Machine With DAC360T"}]},{"@type":"WebSite","@id":"http:\/\/aoxuancnc.com\/#website","url":"http:\/\/aoxuancnc.com\/","name":"AOXUANZG","description":"Anhui Aoxuan Heavy Industry Machine Co., Ltd","potentialAction":[{"@type":"SearchAction","target":{"@type":"EntryPoint","urlTemplate":"http:\/\/aoxuancnc.com\/?s={search_term_string}"},"query-input":{"@type":"PropertyValueSpecification","valueRequired":true,"valueName":"search_term_string"}}],"inLanguage":"de"}]}},"_links":{"self":[{"href":"https:\/\/aoxuancnc.com\/de\/wp-json\/wp\/v2\/product\/440","targetHints":{"allow":["GET"]}}],"collection":[{"href":"https:\/\/aoxuancnc.com\/de\/wp-json\/wp\/v2\/product"}],"about":[{"href":"https:\/\/aoxuancnc.com\/de\/wp-json\/wp\/v2\/types\/product"}],"wp:featuredmedia":[{"embeddable":true,"href":"https:\/\/aoxuancnc.com\/de\/wp-json\/wp\/v2\/media\/569"}],"wp:attachment":[{"href":"https:\/\/aoxuancnc.com\/de\/wp-json\/wp\/v2\/media?parent=440"}],"wp:term":[{"taxonomy":"product_brand","embeddable":true,"href":"https:\/\/aoxuancnc.com\/de\/wp-json\/wp\/v2\/product_brand?post=440"},{"taxonomy":"product_cat","embeddable":true,"href":"https:\/\/aoxuancnc.com\/de\/wp-json\/wp\/v2\/product_cat?post=440"},{"taxonomy":"product_tag","embeddable":true,"href":"https:\/\/aoxuancnc.com\/de\/wp-json\/wp\/v2\/product_tag?post=440"}],"curies":[{"name":"wp","href":"https:\/\/api.w.org\/{rel}","templated":true}]}}