{"id":498,"date":"2025-09-19T09:03:46","date_gmt":"2025-09-19T09:03:46","guid":{"rendered":"https:\/\/aoxuancnc.com\/?post_type=product&#038;p=498"},"modified":"2025-09-19T09:17:06","modified_gmt":"2025-09-19T09:17:06","slug":"qc12k-42500mm-cnc-hydraulic-guillotine-shearing-machine-for-metal-sheet-cutter","status":"publish","type":"product","link":"https:\/\/aoxuancnc.com\/de\/produkt\/qc12k-42500mm-cnc-hydraulic-guillotine-shearing-machine-for-metal-sheet-cutter\/","title":{"rendered":"QC12K-4 * 2500 mm CNC-hydraulische Guillotine-Schermaschine f\u00fcr Blechschneider"},"content":{"rendered":"<div style=\"width: 960px;\" class=\"wp-video\"><video class=\"wp-video-shortcode\" id=\"video-498-1\" width=\"960\" height=\"720\" preload=\"metadata\" controls=\"controls\"><source type=\"video\/mp4\" src=\"https:\/\/aoxuancnc.com\/wp-content\/uploads\/2025\/09\/4X2500hydraulicshearing-machine-with-E21S-11.mp4?_=1\" \/><a href=\"https:\/\/aoxuancnc.com\/wp-content\/uploads\/2025\/09\/4X2500hydraulicshearing-machine-with-E21S-11.mp4\">https:\/\/aoxuancnc.com\/wp-content\/uploads\/2025\/09\/4X2500hydraulicshearing-machine-with-E21S-11.mp4<\/a><\/video><\/div>\n<p>&nbsp;<\/p>\n<h6 class=\"magic-9\"><span class=\"magic-10\">Hydraulische Blechschneidemaschinen sind eine h\u00e4ufig eingesetzte Schermaschine in der Metallverarbeitung. Aufgrund ihrer hervorragenden Produktivit\u00e4t und geringen Ger\u00e4uschentwicklung werden hydraulische Guillotinen zunehmend in der Metallverarbeitung eingesetzt. Dar\u00fcber hinaus gew\u00e4hrleistet das CNC-System eine einfache Bedienung und Einstellung.<\/span><\/h6>\n<h3 class=\"magic-9\"><strong><span class=\"magic-10\">Vorteile der Maschine:<\/span><\/strong><\/h3>\n<div class=\"magic-2\">\n<div class=\"magic-3\">\n<div class=\"magic-4\">\n<div class=\"magic-11\">1-Der Hauptrahmen der Biegemaschine ist mit einem speziellen numerischen Steuerungssystem ausgestattet.<br \/>\n2-Multi-Work-Stop-Programmierfunktion erm\u00f6glicht einen automatischen Betrieb und setzt die Positionierung von mehrstufigen Verfahren fort,<br \/>\nsowie eine automatische Feineinstellung der Positionen von Hinteranschlag und Gleitblock.<br \/>\n3-Die Maschine ist mit einer Biegungsz\u00e4hlfunktion ausgestattet, f\u00fcr eine Echtzeitanzeige der Verarbeitungsmenge und eines Stromausfallspeichers von<br \/>\nPositionen von Stopper und Gleitblock, sowie Vorgehensweise und Parameter.<br \/>\n4-Importierte Kugellager-Leitspindel und lineare F\u00fchrungsschiene werden f\u00fcr den hinteren Stopper verwendet, um die Positionierungspr\u00e4zision der R\u00fcckseite zu gew\u00e4hrleisten<br \/>\nStopper, um die Verarbeitungspr\u00e4zision der Maschine zu erh\u00f6hen.<\/div>\n<\/div>\n<\/div>\n<\/div>\n<p><img loading=\"lazy\" decoding=\"async\" class=\"alignnone size-medium wp-image-491\" src=\"https:\/\/aoxuancnc.com\/wp-content\/uploads\/2025\/09\/4X2500-hydraulic-shearing-machine-with-E21S-1-500x375.jpg\" alt=\"\" width=\"500\" height=\"375\" srcset=\"https:\/\/aoxuancnc.com\/wp-content\/uploads\/2025\/09\/4X2500-hydraulic-shearing-machine-with-E21S-1-500x375.jpg 500w, https:\/\/aoxuancnc.com\/wp-content\/uploads\/2025\/09\/4X2500-hydraulic-shearing-machine-with-E21S-1-300x225.jpg 300w, https:\/\/aoxuancnc.com\/wp-content\/uploads\/2025\/09\/4X2500-hydraulic-shearing-machine-with-E21S-1-768x576.jpg 768w, https:\/\/aoxuancnc.com\/wp-content\/uploads\/2025\/09\/4X2500-hydraulic-shearing-machine-with-E21S-1-16x12.jpg 16w, https:\/\/aoxuancnc.com\/wp-content\/uploads\/2025\/09\/4X2500-hydraulic-shearing-machine-with-E21S-1-100x75.jpg 100w, https:\/\/aoxuancnc.com\/wp-content\/uploads\/2025\/09\/4X2500-hydraulic-shearing-machine-with-E21S-1-480x360.jpg 480w, https:\/\/aoxuancnc.com\/wp-content\/uploads\/2025\/09\/4X2500-hydraulic-shearing-machine-with-E21S-1.jpg 800w\" sizes=\"auto, (max-width:767px) 480px, 500px\" \/><\/p>\n<p>&nbsp;<\/p>\n<div class=\"magic-4\">\n<div class=\"magic-5\">\n<h3 class=\"magic-6\"><strong><span class=\"magic-20\" style=\"color: #4e4e4e;\">Maschinenkonfiguration:<\/span><\/strong><\/h3>\n<h6>Estun E21S CNC-Steuerungssystem<br \/>\nAngetriebener Hinteranschlag X-Achse<br \/>\nDELTA Invertergesteuerter Hinteranschlag<br \/>\nHIWIN-Kugelumlaufspindeln und polierte Stangen mit einer Genauigkeit von 0,05 mm<br \/>\nAusrichtarm und vordere St\u00fctzarme<br \/>\nDeutschland Bosch-Rexroth Hydraulik<br \/>\nDeutschland EMB Schlauchverbinder<br \/>\nDeutschland Siemens Hauptmotor<br \/>\nSchneider Electrics<br \/>\nHydraulischer und elektrischer \u00dcberlastschutz<br \/>\nSchnittlinienbeleuchtung und Draht zum Schattenlinienschneiden<br \/>\nObere Klinge mit vier Schneidkanten und untere Klinge mit vier Schneidkanten. (6CrW2Si)<\/h6>\n<div data-spm-anchor-id=\"a2700.details-description.0.i0.934dDnf7Dnf7WH\"><img loading=\"lazy\" decoding=\"async\" class=\"alignnone wp-image-441\" src=\"https:\/\/aoxuancnc.com\/wp-content\/uploads\/2025\/09\/6X4000-hydraulic-sheairng-machine-with-DAC360T-1_\u526f\u672c-444x500.jpg\" alt=\"\" width=\"500\" height=\"563\" srcset=\"https:\/\/aoxuancnc.com\/wp-content\/uploads\/2025\/09\/6X4000-hydraulic-sheairng-machine-with-DAC360T-1_\u526f\u672c-444x500.jpg 444w, https:\/\/aoxuancnc.com\/wp-content\/uploads\/2025\/09\/6X4000-hydraulic-sheairng-machine-with-DAC360T-1_\u526f\u672c-267x300.jpg 267w, https:\/\/aoxuancnc.com\/wp-content\/uploads\/2025\/09\/6X4000-hydraulic-sheairng-machine-with-DAC360T-1_\u526f\u672c-768x864.jpg 768w, https:\/\/aoxuancnc.com\/wp-content\/uploads\/2025\/09\/6X4000-hydraulic-sheairng-machine-with-DAC360T-1_\u526f\u672c-11x12.jpg 11w, https:\/\/aoxuancnc.com\/wp-content\/uploads\/2025\/09\/6X4000-hydraulic-sheairng-machine-with-DAC360T-1_\u526f\u672c-67x75.jpg 67w, https:\/\/aoxuancnc.com\/wp-content\/uploads\/2025\/09\/6X4000-hydraulic-sheairng-machine-with-DAC360T-1_\u526f\u672c-480x540.jpg 480w, https:\/\/aoxuancnc.com\/wp-content\/uploads\/2025\/09\/6X4000-hydraulic-sheairng-machine-with-DAC360T-1_\u526f\u672c.jpg 800w\" sizes=\"auto, (max-width:767px) 480px, 500px\" \/><\/div>\n<div data-spm-anchor-id=\"a2700.details-description.0.i0.934dDnf7Dnf7WH\">\n<h3 class=\"magic-19\"><strong>Einf\u00fchrung des E21S-Steuerungssystems:<\/strong><\/h3>\n<h6 class=\"magic-19\">\u25aa 160\u00d7160 LCD-Display \u25aa Positionierungssteuerung des Hinteranschlags. \u25aa Steuerbarer Schnittwinkel. \u25aa Steuerbarer Scherspalt. \u25aa Steuerbare Schnittzeit. \u25aa Steuerung eines gew\u00f6hnlichen Motors f\u00fcr allgemeine Wechselstrommotoren oder eines Frequenzumrichters. \u25aa Intelligente Positionierungsfunktion. \u25aa Einweg- und Zweiweg-Positionierungsfunktion, eliminiert effektiv den Spalt der Leitspindel. \u25aa Dualer programmierbarer Digitalausgang. \u25aa Funktion zum Zur\u00fcckziehen und Ausweichen von Material. \u25aa Automatische Suche nach Referenzpunktfunktion. \u25aa Funktion zum Sichern und Wiederherstellen von Parametern mit einer Taste. \u25aa Schnelle Positions-Teaching-Funktion. \u25aa Speicherplatz f\u00fcr 40 Mehrschrittprogramme, bis zu 25 Schritte pro Programm. \u25aa Ausschaltschutzfunktion. \u25aa Werkst\u00fcckz\u00e4hlung. \u25aa Umrechnung Zoll\/metrisch \u25aa Chinesisch\/Englisch<\/h6>\n<p><img loading=\"lazy\" decoding=\"async\" class=\"alignnone size-medium wp-image-494\" src=\"https:\/\/aoxuancnc.com\/wp-content\/uploads\/2025\/09\/4X2500-hydraulic-shearing-machine-with-E21S-4-500x375.jpg\" alt=\"\" width=\"500\" height=\"375\" srcset=\"https:\/\/aoxuancnc.com\/wp-content\/uploads\/2025\/09\/4X2500-hydraulic-shearing-machine-with-E21S-4-500x375.jpg 500w, https:\/\/aoxuancnc.com\/wp-content\/uploads\/2025\/09\/4X2500-hydraulic-shearing-machine-with-E21S-4-300x225.jpg 300w, https:\/\/aoxuancnc.com\/wp-content\/uploads\/2025\/09\/4X2500-hydraulic-shearing-machine-with-E21S-4-768x576.jpg 768w, https:\/\/aoxuancnc.com\/wp-content\/uploads\/2025\/09\/4X2500-hydraulic-shearing-machine-with-E21S-4-16x12.jpg 16w, https:\/\/aoxuancnc.com\/wp-content\/uploads\/2025\/09\/4X2500-hydraulic-shearing-machine-with-E21S-4-100x75.jpg 100w, https:\/\/aoxuancnc.com\/wp-content\/uploads\/2025\/09\/4X2500-hydraulic-shearing-machine-with-E21S-4-480x360.jpg 480w, https:\/\/aoxuancnc.com\/wp-content\/uploads\/2025\/09\/4X2500-hydraulic-shearing-machine-with-E21S-4.jpg 800w\" sizes=\"auto, (max-width:767px) 480px, 500px\" \/><\/p>\n<h6 class=\"magic-19\" data-spm-anchor-id=\"a2700.details-description.0.i2.7c08qpqgqpqg23\"><strong><span style=\"font-size: 25px;\">Parameter:<\/span><\/strong><\/h6>\n<\/div>\n<\/div>\n<\/div>\n<p><img loading=\"lazy\" decoding=\"async\" class=\"alignnone size-medium wp-image-274\" src=\"https:\/\/aoxuancnc.com\/wp-content\/uploads\/2025\/08\/A-Shearing-cutting-machine\u526a\u677f\u673a-487x500.png\" alt=\"\" width=\"487\" height=\"500\" srcset=\"https:\/\/aoxuancnc.com\/wp-content\/uploads\/2025\/08\/A-Shearing-cutting-machine\u526a\u677f\u673a-487x500.png 487w, https:\/\/aoxuancnc.com\/wp-content\/uploads\/2025\/08\/A-Shearing-cutting-machine\u526a\u677f\u673a-1168x1200.png 1168w, https:\/\/aoxuancnc.com\/wp-content\/uploads\/2025\/08\/A-Shearing-cutting-machine\u526a\u677f\u673a-292x300.png 292w, https:\/\/aoxuancnc.com\/wp-content\/uploads\/2025\/08\/A-Shearing-cutting-machine\u526a\u677f\u673a-768x789.png 768w, https:\/\/aoxuancnc.com\/wp-content\/uploads\/2025\/08\/A-Shearing-cutting-machine\u526a\u677f\u673a-1495x1536.png 1495w, https:\/\/aoxuancnc.com\/wp-content\/uploads\/2025\/08\/A-Shearing-cutting-machine\u526a\u677f\u673a-1993x2048.png 1993w, https:\/\/aoxuancnc.com\/wp-content\/uploads\/2025\/08\/A-Shearing-cutting-machine\u526a\u677f\u673a-12x12.png 12w, https:\/\/aoxuancnc.com\/wp-content\/uploads\/2025\/08\/A-Shearing-cutting-machine\u526a\u677f\u673a-73x75.png 73w, https:\/\/aoxuancnc.com\/wp-content\/uploads\/2025\/08\/A-Shearing-cutting-machine\u526a\u677f\u673a-480x493.png 480w, https:\/\/aoxuancnc.com\/wp-content\/uploads\/2025\/08\/A-Shearing-cutting-machine\u526a\u677f\u673a-800x822.png 800w\" sizes=\"auto, (max-width:767px) 480px, 487px\" \/><\/p>\n<h3><strong>Kundenlob:<\/strong><\/h3>\n<p><img loading=\"lazy\" decoding=\"async\" class=\"alignnone size-medium wp-image-454\" src=\"https:\/\/aoxuancnc.com\/wp-content\/uploads\/2025\/09\/customer-feedback-500x323.png\" alt=\"\" width=\"500\" height=\"323\" srcset=\"https:\/\/aoxuancnc.com\/wp-content\/uploads\/2025\/09\/customer-feedback-500x323.png 500w, https:\/\/aoxuancnc.com\/wp-content\/uploads\/2025\/09\/customer-feedback-300x194.png 300w, https:\/\/aoxuancnc.com\/wp-content\/uploads\/2025\/09\/customer-feedback-768x495.png 768w, https:\/\/aoxuancnc.com\/wp-content\/uploads\/2025\/09\/customer-feedback-18x12.png 18w, https:\/\/aoxuancnc.com\/wp-content\/uploads\/2025\/09\/customer-feedback-116x75.png 116w, https:\/\/aoxuancnc.com\/wp-content\/uploads\/2025\/09\/customer-feedback-480x310.png 480w, https:\/\/aoxuancnc.com\/wp-content\/uploads\/2025\/09\/customer-feedback.png 800w\" sizes=\"auto, (max-width:767px) 480px, 500px\" \/><\/p>\n<h3><strong>CE-Zertifikat der Maschine:<\/strong><\/h3>\n<p><img loading=\"lazy\" decoding=\"async\" class=\"alignnone wp-image-455\" src=\"https:\/\/aoxuancnc.com\/wp-content\/uploads\/2025\/09\/shearing-machine-CE-352x500.jpg\" alt=\"\" width=\"500\" height=\"711\" srcset=\"https:\/\/aoxuancnc.com\/wp-content\/uploads\/2025\/09\/shearing-machine-CE-352x500.jpg 352w, https:\/\/aoxuancnc.com\/wp-content\/uploads\/2025\/09\/shearing-machine-CE-211x300.jpg 211w, https:\/\/aoxuancnc.com\/wp-content\/uploads\/2025\/09\/shearing-machine-CE-768x1092.jpg 768w, https:\/\/aoxuancnc.com\/wp-content\/uploads\/2025\/09\/shearing-machine-CE-8x12.jpg 8w, https:\/\/aoxuancnc.com\/wp-content\/uploads\/2025\/09\/shearing-machine-CE-53x75.jpg 53w, https:\/\/aoxuancnc.com\/wp-content\/uploads\/2025\/09\/shearing-machine-CE-480x682.jpg 480w, https:\/\/aoxuancnc.com\/wp-content\/uploads\/2025\/09\/shearing-machine-CE.jpg 800w\" sizes=\"auto, (max-width:767px) 480px, 500px\" \/><\/p>\n<h3><strong>Ausstellung:<\/strong><\/h3>\n<p><img loading=\"lazy\" decoding=\"async\" class=\"alignnone size-medium wp-image-475\" src=\"https:\/\/aoxuancnc.com\/wp-content\/uploads\/2025\/09\/Exhibition-1-500x500.jpg\" alt=\"\" width=\"500\" height=\"500\" srcset=\"https:\/\/aoxuancnc.com\/wp-content\/uploads\/2025\/09\/Exhibition-1-500x500.jpg 500w, https:\/\/aoxuancnc.com\/wp-content\/uploads\/2025\/09\/Exhibition-1-300x300.jpg 300w, https:\/\/aoxuancnc.com\/wp-content\/uploads\/2025\/09\/Exhibition-1-768x768.jpg 768w, https:\/\/aoxuancnc.com\/wp-content\/uploads\/2025\/09\/Exhibition-1-12x12.jpg 12w, https:\/\/aoxuancnc.com\/wp-content\/uploads\/2025\/09\/Exhibition-1-150x150.jpg 150w, https:\/\/aoxuancnc.com\/wp-content\/uploads\/2025\/09\/Exhibition-1-75x75.jpg 75w, https:\/\/aoxuancnc.com\/wp-content\/uploads\/2025\/09\/Exhibition-1-480x480.jpg 480w, https:\/\/aoxuancnc.com\/wp-content\/uploads\/2025\/09\/Exhibition-1.jpg 800w\" sizes=\"auto, (max-width:767px) 480px, 500px\" \/><\/p>\n<p>&nbsp;<\/p>\n<h3><strong>Verpackung und Lieferung:<\/strong><\/h3>\n<p><img loading=\"lazy\" decoding=\"async\" class=\"alignnone size-medium wp-image-262\" src=\"https:\/\/aoxuancnc.com\/wp-content\/uploads\/2025\/08\/\u5fae\u4fe1\u56fe\u7247_20250219113044-500x375.jpg\" alt=\"\" width=\"500\" height=\"375\" srcset=\"https:\/\/aoxuancnc.com\/wp-content\/uploads\/2025\/08\/\u5fae\u4fe1\u56fe\u7247_20250219113044-500x375.jpg 500w, https:\/\/aoxuancnc.com\/wp-content\/uploads\/2025\/08\/\u5fae\u4fe1\u56fe\u7247_20250219113044-1200x900.jpg 1200w, https:\/\/aoxuancnc.com\/wp-content\/uploads\/2025\/08\/\u5fae\u4fe1\u56fe\u7247_20250219113044-300x225.jpg 300w, https:\/\/aoxuancnc.com\/wp-content\/uploads\/2025\/08\/\u5fae\u4fe1\u56fe\u7247_20250219113044-768x576.jpg 768w, https:\/\/aoxuancnc.com\/wp-content\/uploads\/2025\/08\/\u5fae\u4fe1\u56fe\u7247_20250219113044-1536x1152.jpg 1536w, https:\/\/aoxuancnc.com\/wp-content\/uploads\/2025\/08\/\u5fae\u4fe1\u56fe\u7247_20250219113044-16x12.jpg 16w, https:\/\/aoxuancnc.com\/wp-content\/uploads\/2025\/08\/\u5fae\u4fe1\u56fe\u7247_20250219113044-100x75.jpg 100w, https:\/\/aoxuancnc.com\/wp-content\/uploads\/2025\/08\/\u5fae\u4fe1\u56fe\u7247_20250219113044-960x720.jpg 960w, https:\/\/aoxuancnc.com\/wp-content\/uploads\/2025\/08\/\u5fae\u4fe1\u56fe\u7247_20250219113044-480x360.jpg 480w, https:\/\/aoxuancnc.com\/wp-content\/uploads\/2025\/08\/\u5fae\u4fe1\u56fe\u7247_20250219113044-800x600.jpg 800w, https:\/\/aoxuancnc.com\/wp-content\/uploads\/2025\/08\/\u5fae\u4fe1\u56fe\u7247_20250219113044.jpg 1706w\" sizes=\"auto, (max-width:767px) 480px, 500px\" \/><\/p>\n<h3><strong>H\u00e4ufig gestellte Fragen:<\/strong><\/h3>\n<p>1. Sind Sie der Hersteller? K\u00f6nnen wir Ihre Fabrik besichtigen?<br \/>\nWir sind Hersteller und haben unseren Sitz in Anhui, China. Und wir haben unser eigenes Designteam f\u00fcr das Produktdesign.<\/p>\n<p>2.Was ist Ihr Hauptprodukt und was ist Ihr wichtigster Auslandsmarkt?<br \/>\nUnsere Hauptprodukte sind Abkantpressen, Scherenmaschinen, Pressen, Schneidemaschinen, Verriegelungsmaschinen, automatische Kanalleitungen und verwandte Produkte.<br \/>\nUnsere wichtigsten Auslandsm\u00e4rkte sind Asien, Nordamerika, Europa und Afrika.<\/p>\n<p>3. Was sind die Vorteile Ihrer Maschinen? Und wie kann ich der Qualit\u00e4t Ihres Produkts vertrauen?<br \/>\nDie Hauptkonfiguration besteht darin, Qualit\u00e4tsprodukte zu importieren, und ein professionelles Team zur Produktqualit\u00e4tspr\u00fcfung stellt sicher, dass die Maschine in<br \/>\nH\u00f6chste Qualit\u00e4t, Pr\u00e4zision und Lebensdauer.<\/p>\n<p>4. K\u00f6nnen Sie die Informationen zum Produktionsprozess rechtzeitig nach der Bestellung aktualisieren?<br \/>\nNachdem wir Ihre Bestellung best\u00e4tigt haben, halten wir Sie per E-Mail und mit Fotos \u00fcber die Produktionsdetails auf dem Laufenden.<\/p>\n<p>5. K\u00f6nnen wir Ihr Agent sein?<br \/>\nJa, wir suchen einen globalen Agenten. Wir werden dem Agenten helfen, den Markt zu verbessern.<\/p>\n<p>6. Zahlungsbedingungen?<br \/>\nT\/T, L\/C, Western Union, Paypal, Alibaba Sichere Zahlung usw.<\/p>\n<p>7. Stellen Sie Metallteile f\u00fcr das Produkt bereit und geben Sie uns technische Anleitungen?<br \/>\nVerschlei\u00dfteile, Demontagewerkzeug (kostenlos) sind, was wir zur Verf\u00fcgung stellen k\u00f6nnten. Und wir k\u00f6nnen Ihnen technische Beratung geben. Unser technisches Personal kann gehen<br \/>\nim Ausland, um Sie technisch zu beraten.<\/p>\n<p>8. Wie lange ist Ihre Garantie?<br \/>\n13 Monate kostenlose Garantie, lebenslange Wartung.<\/p>\n<p>9. Akzeptieren Sie Kundenlogos und individuelle Anpassungen?<br \/>\nJa.<\/p>\n<p>&nbsp;<\/p>\n<p>&nbsp;<\/p>\n<p>&nbsp;<\/p>\n<p>&nbsp;<\/p>\n<p>&nbsp;<\/p>","protected":false},"excerpt":{"rendered":"<p><strong>Produktdetails<\/strong><br \/>\nHerkunftsort: China<br \/>\nMarkenname: AOXUANZG<br \/>\nZertifizierung: CE<br \/>\nModellnummer: QC11Y-4X2500<\/p>\n<p><strong>Zahlungs- und Versandbedingungen<\/strong><br \/>\nMindestbestellmenge: 1 Satz<br \/>\nVerpackungsdetails: Standard-Exportverpackung<br \/>\nLieferzeit: 30 Tage<br \/>\nZahlungsbedingungen: L\/C, T\/T, Western Union, MoneyGram<br \/>\nLieferf\u00e4higkeit: 50 S\u00e4tze\/Jahr<\/p>","protected":false},"featured_media":497,"template":"","meta":[],"product_brand":[21],"product_cat":[5],"product_tag":[50,28,25,27],"class_list":{"0":"post-498","1":"product","2":"type-product","3":"status-publish","4":"has-post-thumbnail","6":"product_brand-aoxuanzg","7":"product_cat-hydraulic-guillotine-shearing-machine","8":"product_tag-cnc-hydraulic-cutting-machine","9":"product_tag-e21s-hydraulic-cutter","10":"product_tag-guillotine-shearing-machine","11":"product_tag-metal-steel-plate-cutting-machine","13":"first","14":"instock","15":"shipping-taxable","16":"product-type-external"},"yoast_head":"<!-- This site is optimized with the Yoast SEO plugin v24.9 - https:\/\/yoast.com\/wordpress\/plugins\/seo\/ -->\n<title>QC12K-4*2500mm CNC Hydraulic Guillotine Shearing Machine for Metal Sheet Cutter - AOXUANZG<\/title>\n<meta name=\"robots\" content=\"index, follow, max-snippet:-1, max-image-preview:large, max-video-preview:-1\" \/>\n<link rel=\"canonical\" href=\"http:\/\/aoxuancnc.com\/de\/produkt\/qc12k-42500mm-cnc-hydraulic-guillotine-shearing-machine-for-metal-sheet-cutter\/\" \/>\n<meta property=\"og:locale\" content=\"de_DE\" \/>\n<meta property=\"og:type\" content=\"article\" \/>\n<meta property=\"og:title\" content=\"QC12K-4*2500mm CNC Hydraulic Guillotine Shearing Machine for Metal Sheet Cutter - AOXUANZG\" \/>\n<meta property=\"og:description\" content=\"Product Details Place of Origin: China Brand Name: AOXUANZG Certification: CE Model Number: QC11Y-4X2500  Payment &amp; Shipping Terms Minimum Order Quantity: 1 Set Packaging Details: Standard export packing Delivery time: 30 days Payment Terms: L\/C, T\/T, Western Union, MoneyGram Supply Ability: 50 sets\/Year\" \/>\n<meta property=\"og:url\" content=\"http:\/\/aoxuancnc.com\/de\/produkt\/qc12k-42500mm-cnc-hydraulic-guillotine-shearing-machine-for-metal-sheet-cutter\/\" \/>\n<meta property=\"og:site_name\" content=\"AOXUANZG\" \/>\n<meta property=\"article:modified_time\" content=\"2025-09-19T09:17:06+00:00\" \/>\n<meta property=\"og:image\" content=\"http:\/\/aoxuancnc.com\/wp-content\/uploads\/2025\/09\/4X2500-hydraulic-shearing-machine-with-E21S-8_\u526f\u672c.jpg\" \/>\n\t<meta property=\"og:image:width\" content=\"800\" \/>\n\t<meta property=\"og:image:height\" content=\"800\" \/>\n\t<meta property=\"og:image:type\" content=\"image\/jpeg\" \/>\n<meta name=\"twitter:card\" content=\"summary_large_image\" \/>\n<meta name=\"twitter:label1\" content=\"Gesch\u00e4tzte Lesezeit\" \/>\n\t<meta name=\"twitter:data1\" content=\"5\u00a0Minuten\" \/>\n<script type=\"application\/ld+json\" class=\"yoast-schema-graph\">{\"@context\":\"https:\/\/schema.org\",\"@graph\":[{\"@type\":\"WebPage\",\"@id\":\"http:\/\/aoxuancnc.com\/product\/qc12k-42500mm-cnc-hydraulic-guillotine-shearing-machine-for-metal-sheet-cutter\/\",\"url\":\"http:\/\/aoxuancnc.com\/product\/qc12k-42500mm-cnc-hydraulic-guillotine-shearing-machine-for-metal-sheet-cutter\/\",\"name\":\"QC12K-4*2500mm CNC Hydraulic Guillotine Shearing Machine for Metal Sheet Cutter - AOXUANZG\",\"isPartOf\":{\"@id\":\"http:\/\/aoxuancnc.com\/#website\"},\"primaryImageOfPage\":{\"@id\":\"http:\/\/aoxuancnc.com\/product\/qc12k-42500mm-cnc-hydraulic-guillotine-shearing-machine-for-metal-sheet-cutter\/#primaryimage\"},\"image\":{\"@id\":\"http:\/\/aoxuancnc.com\/product\/qc12k-42500mm-cnc-hydraulic-guillotine-shearing-machine-for-metal-sheet-cutter\/#primaryimage\"},\"thumbnailUrl\":\"https:\/\/aoxuancnc.com\/wp-content\/uploads\/2025\/09\/4X2500-hydraulic-shearing-machine-with-E21S-8_\u526f\u672c.jpg\",\"datePublished\":\"2025-09-19T09:03:46+00:00\",\"dateModified\":\"2025-09-19T09:17:06+00:00\",\"breadcrumb\":{\"@id\":\"http:\/\/aoxuancnc.com\/product\/qc12k-42500mm-cnc-hydraulic-guillotine-shearing-machine-for-metal-sheet-cutter\/#breadcrumb\"},\"inLanguage\":\"de\",\"potentialAction\":[{\"@type\":\"ReadAction\",\"target\":[\"http:\/\/aoxuancnc.com\/product\/qc12k-42500mm-cnc-hydraulic-guillotine-shearing-machine-for-metal-sheet-cutter\/\"]}]},{\"@type\":\"ImageObject\",\"inLanguage\":\"de\",\"@id\":\"http:\/\/aoxuancnc.com\/product\/qc12k-42500mm-cnc-hydraulic-guillotine-shearing-machine-for-metal-sheet-cutter\/#primaryimage\",\"url\":\"https:\/\/aoxuancnc.com\/wp-content\/uploads\/2025\/09\/4X2500-hydraulic-shearing-machine-with-E21S-8_\u526f\u672c.jpg\",\"contentUrl\":\"https:\/\/aoxuancnc.com\/wp-content\/uploads\/2025\/09\/4X2500-hydraulic-shearing-machine-with-E21S-8_\u526f\u672c.jpg\",\"width\":800,\"height\":800},{\"@type\":\"BreadcrumbList\",\"@id\":\"http:\/\/aoxuancnc.com\/product\/qc12k-42500mm-cnc-hydraulic-guillotine-shearing-machine-for-metal-sheet-cutter\/#breadcrumb\",\"itemListElement\":[{\"@type\":\"ListItem\",\"position\":1,\"name\":\"\u9996\u9875\",\"item\":\"http:\/\/aoxuancnc.com\/\"},{\"@type\":\"ListItem\",\"position\":2,\"name\":\"Product\",\"item\":\"https:\/\/aoxuancnc.com\/ru\/product\/\"},{\"@type\":\"ListItem\",\"position\":3,\"name\":\"QC12K-4*2500mm CNC Hydraulic Guillotine Shearing Machine for Metal Sheet Cutter\"}]},{\"@type\":\"WebSite\",\"@id\":\"http:\/\/aoxuancnc.com\/#website\",\"url\":\"http:\/\/aoxuancnc.com\/\",\"name\":\"AOXUANZG\",\"description\":\"Anhui Aoxuan Heavy Industry Machine Co., Ltd\",\"potentialAction\":[{\"@type\":\"SearchAction\",\"target\":{\"@type\":\"EntryPoint\",\"urlTemplate\":\"http:\/\/aoxuancnc.com\/?s={search_term_string}\"},\"query-input\":{\"@type\":\"PropertyValueSpecification\",\"valueRequired\":true,\"valueName\":\"search_term_string\"}}],\"inLanguage\":\"de\"}]}<\/script>\n<!-- \/ Yoast SEO plugin. -->","yoast_head_json":{"title":"QC12K-4*2500mm CNC Hydraulic Guillotine Shearing Machine for Metal Sheet Cutter - AOXUANZG","robots":{"index":"index","follow":"follow","max-snippet":"max-snippet:-1","max-image-preview":"max-image-preview:large","max-video-preview":"max-video-preview:-1"},"canonical":"http:\/\/aoxuancnc.com\/de\/produkt\/qc12k-42500mm-cnc-hydraulic-guillotine-shearing-machine-for-metal-sheet-cutter\/","og_locale":"de_DE","og_type":"article","og_title":"QC12K-4*2500mm CNC Hydraulic Guillotine Shearing Machine for Metal Sheet Cutter - AOXUANZG","og_description":"Product Details Place of Origin: China Brand Name: AOXUANZG Certification: CE Model Number: QC11Y-4X2500  Payment &amp; Shipping Terms Minimum Order Quantity: 1 Set Packaging Details: Standard export packing Delivery time: 30 days Payment Terms: L\/C, T\/T, Western Union, MoneyGram Supply Ability: 50 sets\/Year","og_url":"http:\/\/aoxuancnc.com\/de\/produkt\/qc12k-42500mm-cnc-hydraulic-guillotine-shearing-machine-for-metal-sheet-cutter\/","og_site_name":"AOXUANZG","article_modified_time":"2025-09-19T09:17:06+00:00","og_image":[{"width":800,"height":800,"url":"http:\/\/aoxuancnc.com\/wp-content\/uploads\/2025\/09\/4X2500-hydraulic-shearing-machine-with-E21S-8_\u526f\u672c.jpg","type":"image\/jpeg"}],"twitter_card":"summary_large_image","twitter_misc":{"Gesch\u00e4tzte Lesezeit":"5\u00a0Minuten"},"schema":{"@context":"https:\/\/schema.org","@graph":[{"@type":"WebPage","@id":"http:\/\/aoxuancnc.com\/product\/qc12k-42500mm-cnc-hydraulic-guillotine-shearing-machine-for-metal-sheet-cutter\/","url":"http:\/\/aoxuancnc.com\/product\/qc12k-42500mm-cnc-hydraulic-guillotine-shearing-machine-for-metal-sheet-cutter\/","name":"QC12K-4*2500mm CNC Hydraulic Guillotine Shearing Machine for Metal Sheet Cutter - AOXUANZG","isPartOf":{"@id":"http:\/\/aoxuancnc.com\/#website"},"primaryImageOfPage":{"@id":"http:\/\/aoxuancnc.com\/product\/qc12k-42500mm-cnc-hydraulic-guillotine-shearing-machine-for-metal-sheet-cutter\/#primaryimage"},"image":{"@id":"http:\/\/aoxuancnc.com\/product\/qc12k-42500mm-cnc-hydraulic-guillotine-shearing-machine-for-metal-sheet-cutter\/#primaryimage"},"thumbnailUrl":"https:\/\/aoxuancnc.com\/wp-content\/uploads\/2025\/09\/4X2500-hydraulic-shearing-machine-with-E21S-8_\u526f\u672c.jpg","datePublished":"2025-09-19T09:03:46+00:00","dateModified":"2025-09-19T09:17:06+00:00","breadcrumb":{"@id":"http:\/\/aoxuancnc.com\/product\/qc12k-42500mm-cnc-hydraulic-guillotine-shearing-machine-for-metal-sheet-cutter\/#breadcrumb"},"inLanguage":"de","potentialAction":[{"@type":"ReadAction","target":["http:\/\/aoxuancnc.com\/product\/qc12k-42500mm-cnc-hydraulic-guillotine-shearing-machine-for-metal-sheet-cutter\/"]}]},{"@type":"ImageObject","inLanguage":"de","@id":"http:\/\/aoxuancnc.com\/product\/qc12k-42500mm-cnc-hydraulic-guillotine-shearing-machine-for-metal-sheet-cutter\/#primaryimage","url":"https:\/\/aoxuancnc.com\/wp-content\/uploads\/2025\/09\/4X2500-hydraulic-shearing-machine-with-E21S-8_\u526f\u672c.jpg","contentUrl":"https:\/\/aoxuancnc.com\/wp-content\/uploads\/2025\/09\/4X2500-hydraulic-shearing-machine-with-E21S-8_\u526f\u672c.jpg","width":800,"height":800},{"@type":"BreadcrumbList","@id":"http:\/\/aoxuancnc.com\/product\/qc12k-42500mm-cnc-hydraulic-guillotine-shearing-machine-for-metal-sheet-cutter\/#breadcrumb","itemListElement":[{"@type":"ListItem","position":1,"name":"\u9996\u9875","item":"http:\/\/aoxuancnc.com\/"},{"@type":"ListItem","position":2,"name":"Product","item":"https:\/\/aoxuancnc.com\/ru\/product\/"},{"@type":"ListItem","position":3,"name":"QC12K-4*2500mm CNC Hydraulic Guillotine Shearing Machine for Metal Sheet Cutter"}]},{"@type":"WebSite","@id":"http:\/\/aoxuancnc.com\/#website","url":"http:\/\/aoxuancnc.com\/","name":"AOXUANZG","description":"Anhui Aoxuan Heavy Industry Machine Co., Ltd","potentialAction":[{"@type":"SearchAction","target":{"@type":"EntryPoint","urlTemplate":"http:\/\/aoxuancnc.com\/?s={search_term_string}"},"query-input":{"@type":"PropertyValueSpecification","valueRequired":true,"valueName":"search_term_string"}}],"inLanguage":"de"}]}},"_links":{"self":[{"href":"https:\/\/aoxuancnc.com\/de\/wp-json\/wp\/v2\/product\/498","targetHints":{"allow":["GET"]}}],"collection":[{"href":"https:\/\/aoxuancnc.com\/de\/wp-json\/wp\/v2\/product"}],"about":[{"href":"https:\/\/aoxuancnc.com\/de\/wp-json\/wp\/v2\/types\/product"}],"wp:featuredmedia":[{"embeddable":true,"href":"https:\/\/aoxuancnc.com\/de\/wp-json\/wp\/v2\/media\/497"}],"wp:attachment":[{"href":"https:\/\/aoxuancnc.com\/de\/wp-json\/wp\/v2\/media?parent=498"}],"wp:term":[{"taxonomy":"product_brand","embeddable":true,"href":"https:\/\/aoxuancnc.com\/de\/wp-json\/wp\/v2\/product_brand?post=498"},{"taxonomy":"product_cat","embeddable":true,"href":"https:\/\/aoxuancnc.com\/de\/wp-json\/wp\/v2\/product_cat?post=498"},{"taxonomy":"product_tag","embeddable":true,"href":"https:\/\/aoxuancnc.com\/de\/wp-json\/wp\/v2\/product_tag?post=498"}],"curies":[{"name":"wp","href":"https:\/\/api.w.org\/{rel}","templated":true}]}}