{"id":499,"date":"2025-09-22T03:12:02","date_gmt":"2025-09-22T03:12:02","guid":{"rendered":"https:\/\/aoxuancnc.com\/?post_type=product&#038;p=499"},"modified":"2025-09-22T06:58:54","modified_gmt":"2025-09-22T06:58:54","slug":"110t3200-ax68t-41-axis-stainless-steel-synchronized-hydraulic-servo-bending-cnc-electric-hydraulic-press-brake-machine","status":"publish","type":"product","link":"https:\/\/aoxuancnc.com\/de\/produkt\/110t3200-ax68t-41-axis-stainless-steel-synchronized-hydraulic-servo-bending-cnc-electric-hydraulic-press-brake-machine\/","title":{"rendered":"110T3200 AX68T 4+1-Achsen-Edelstahl-synchronisierte hydraulische Servo-Biege-CNC-elektrische hydraulische Abkantpresse"},"content":{"rendered":"<div style=\"width: 640px;\" class=\"wp-video\"><video class=\"wp-video-shortcode\" id=\"video-499-1\" width=\"640\" height=\"480\" preload=\"metadata\" controls=\"controls\"><source type=\"video\/mp4\" src=\"https:\/\/aoxuancnc.com\/wp-content\/uploads\/2025\/09\/110T3200-AX68T-41.mp4?_=1\" \/><a href=\"https:\/\/aoxuancnc.com\/wp-content\/uploads\/2025\/09\/110T3200-AX68T-41.mp4\">https:\/\/aoxuancnc.com\/wp-content\/uploads\/2025\/09\/110T3200-AX68T-41.mp4<\/a><\/video><\/div>\n<p><!--more--><\/p>\n<h3 class=\"magic-9\"><strong><span class=\"magic-10\">Hauptmerkmale:<\/span><\/strong><\/h3>\n<div class=\"magic-2\">\n<div class=\"magic-3\">\n<div class=\"magic-4\">\n<div class=\"magic-11\">\n<p class=\"ds-markdown-paragraph\" style=\"text-align: left;\">1. Die Maschine verf\u00fcgt \u00fcber ein geschwei\u00dftes Geh\u00e4use und eine integrierte Struktur, wobei die wichtigsten Komponenten mit der Finite-Elemente-Software ANSISTM analysiert werden, um Zuverl\u00e4ssigkeit und Pr\u00e4zision zu gew\u00e4hrleisten.<\/p>\n<p class=\"ds-markdown-paragraph\">2. Doppelte Haupt\u00f6lzylinder verwenden eine geschlossene Regelschleife mit deutschen elektrohydraulischen Servoventilen und importierten Gitterlinealen und ersetzen herk\u00f6mmliche mechanische Anschl\u00e4ge f\u00fcr hochpr\u00e4zises und wiederholbares Biegen.<\/p>\n<p class=\"ds-markdown-paragraph\">3. Alle Hinteranschlagkomponenten werden f\u00fcr eine genaue Positionierung importiert. Um spezifische Kundenanforderungen zu erf\u00fcllen, ist eine mehrachsige Blockierung verf\u00fcgbar.<\/p>\n<p class=\"ds-markdown-paragraph\">4. Das in Deutschland integrierte Hydrauliksystem reduziert den Rohrleitungsaufwand, verbessert die Stabilit\u00e4t und sorgt f\u00fcr ein sauberes, stromlinienf\u00f6rmiges Erscheinungsbild.<\/p>\n<p class=\"ds-markdown-paragraph\">5. Dar\u00fcber hinaus beherbergen C-f\u00f6rmige Seitenplatten hochpr\u00e4zise Gitterlineale, die sie w\u00e4hrend des Biegevorgangs wirksam vor jeglicher K\u00f6rperverformung sch\u00fctzen und so eine gleichbleibende Genauigkeit gew\u00e4hrleisten.<\/p>\n<p class=\"ds-markdown-paragraph\" style=\"text-align: left;\">6. Die untere Werkbank verf\u00fcgt \u00fcber eine hydraulische automatische Durchbiegungskompensation, die tote Winkel eliminiert und langfristig ein gleichbleibendes, hochpr\u00e4zises Biegen gew\u00e4hrleistet.<\/p>\n<\/div>\n<\/div>\n<\/div>\n<\/div>\n<p><img loading=\"lazy\" decoding=\"async\" class=\"alignnone wp-image-502 size-medium\" src=\"https:\/\/aoxuancnc.com\/wp-content\/uploads\/2025\/09\/02-500x375.jpg\" alt=\"\" width=\"500\" height=\"375\" srcset=\"https:\/\/aoxuancnc.com\/wp-content\/uploads\/2025\/09\/02-500x375.jpg 500w, https:\/\/aoxuancnc.com\/wp-content\/uploads\/2025\/09\/02-300x225.jpg 300w, https:\/\/aoxuancnc.com\/wp-content\/uploads\/2025\/09\/02-768x576.jpg 768w, https:\/\/aoxuancnc.com\/wp-content\/uploads\/2025\/09\/02-16x12.jpg 16w, https:\/\/aoxuancnc.com\/wp-content\/uploads\/2025\/09\/02-100x75.jpg 100w, https:\/\/aoxuancnc.com\/wp-content\/uploads\/2025\/09\/02-480x360.jpg 480w, https:\/\/aoxuancnc.com\/wp-content\/uploads\/2025\/09\/02.jpg 800w\" sizes=\"auto, (max-width:767px) 480px, 500px\" \/><\/p>\n<p>&nbsp;<\/p>\n<h3 class=\"magic-2\"><strong>Die Standardkonfiguration:<\/strong><\/h3>\n<p><img loading=\"lazy\" decoding=\"async\" class=\"alignnone wp-image-503\" src=\"https:\/\/aoxuancnc.com\/wp-content\/uploads\/2025\/09\/d49be8a92db4bb8fee50548b44d358b-387x500.png\" alt=\"\" width=\"455\" height=\"588\" srcset=\"https:\/\/aoxuancnc.com\/wp-content\/uploads\/2025\/09\/d49be8a92db4bb8fee50548b44d358b-387x500.png 387w, https:\/\/aoxuancnc.com\/wp-content\/uploads\/2025\/09\/d49be8a92db4bb8fee50548b44d358b-232x300.png 232w, https:\/\/aoxuancnc.com\/wp-content\/uploads\/2025\/09\/d49be8a92db4bb8fee50548b44d358b-9x12.png 9w, https:\/\/aoxuancnc.com\/wp-content\/uploads\/2025\/09\/d49be8a92db4bb8fee50548b44d358b-58x75.png 58w, https:\/\/aoxuancnc.com\/wp-content\/uploads\/2025\/09\/d49be8a92db4bb8fee50548b44d358b-480x620.png 480w, https:\/\/aoxuancnc.com\/wp-content\/uploads\/2025\/09\/d49be8a92db4bb8fee50548b44d358b.png 617w\" sizes=\"auto, (max-width:767px) 455px, 455px\" \/><\/p>\n<div class=\"magic-4\">\n<div class=\"magic-5\">\n<div class=\"magic-6\">\n<h3>Einf\u00fchrung zum AX68T-Controller:<\/h3>\n<div><b>3D-Animation Biegen <\/b><\/div>\n<div><b>Automatisches Sortieren von Biegen <\/b><\/div>\n<div><b>CAD-Zeichnungsimport <\/b><\/div>\n<div><b>Druck: 501 <\/b><\/div>\n<div><b>18,5-Zoll-Vollfarb-Touchscreen Funktionseinf\u00fchrung <\/b><\/div>\n<div><b>01.Unterst\u00fctzung der Winkelprogrammierung und Tiefenprogrammierung beim Umschalten <\/b><\/div>\n<div><b>02.Unterst\u00fctzung der Produktbibliothekseinstellung der Formenbibliothek <\/b><\/div>\n<div><b>03.Jede Stufe kann die \u00d6ffnungsh\u00f6he frei einstellen <\/b><\/div>\n<div><b>04.Die Position des Geschwindigkeits\u00e4nderungspunkts kann frei gesteuert werden <\/b><\/div>\n<div><b>05.Standard Y1, Y2, R und andere Mehrachsenerweiterungen <\/b><\/div>\n<div><b>06.Unterst\u00fctzung der mechanischen Kompensations-Werkbanksteuerung <\/b><\/div>\n<div><b>07.Unterst\u00fctzung Unterst\u00fctzt die automatische Programmgenerierung mit gro\u00dfem Bogen <\/b><\/div>\n<div><b>08. Unterst\u00fctzt mehrere Schrittwechseloptionen wie oberen Totpunkt, unteren Totpunkt, losen Fu\u00df, Verz\u00f6gerung usw., wodurch die Verarbeitungseffizienz effektiv verbessert wird <\/b><\/div>\n<div><b>09. Unterst\u00fctzung einer einfachen Elektromagnetbr\u00fccke <\/b><\/div>\n<div><b>10. Unterst\u00fctzt die vollautomatische pneumatische Schleppbr\u00fcckenfunktion<\/b><\/div>\n<div><b> 11. Unterst\u00fctzt automatisches Biegen, realisiert unbemannte Biegesteuerung und unterst\u00fctzt bis zu 25 Schritte des automatischen Biegens <\/b><\/div>\n<div><b>12. Unterst\u00fctzt die Ventilgruppenkonfigurationsfunktion, schnelles Herunterfahren, Verlangsamen, Zur\u00fcckfahren, Entladevorgang und Steuerung der Ventilaktionszeit <\/b><\/div>\n<div><b>13. 200 Produktbibliotheken 25 Schritte, jeder Produktbibliotheksname wird in Chinesisch und Englisch angepasst, gro\u00dfer Bogen unterst\u00fctzt 99 Schritte<\/b><\/div>\n<div data-spm-anchor-id=\"a2700.details-description.0.i0.934dDnf7Dnf7WH\"><\/div>\n<\/div>\n<\/div>\n<\/div>\n<p><img loading=\"lazy\" decoding=\"async\" class=\"alignnone wp-image-504 size-medium\" src=\"https:\/\/aoxuancnc.com\/wp-content\/uploads\/2025\/09\/09-500x375.jpg\" alt=\"\" width=\"500\" height=\"375\" srcset=\"https:\/\/aoxuancnc.com\/wp-content\/uploads\/2025\/09\/09-500x375.jpg 500w, https:\/\/aoxuancnc.com\/wp-content\/uploads\/2025\/09\/09-300x225.jpg 300w, https:\/\/aoxuancnc.com\/wp-content\/uploads\/2025\/09\/09-768x576.jpg 768w, https:\/\/aoxuancnc.com\/wp-content\/uploads\/2025\/09\/09-16x12.jpg 16w, https:\/\/aoxuancnc.com\/wp-content\/uploads\/2025\/09\/09-100x75.jpg 100w, https:\/\/aoxuancnc.com\/wp-content\/uploads\/2025\/09\/09-480x360.jpg 480w, https:\/\/aoxuancnc.com\/wp-content\/uploads\/2025\/09\/09.jpg 800w\" sizes=\"auto, (max-width:767px) 480px, 500px\" \/><\/p>\n<h3><strong>Maschinen-Detailbild:<\/strong><\/h3>\n<p><img loading=\"lazy\" decoding=\"async\" class=\"alignnone wp-image-505 size-medium\" src=\"https:\/\/aoxuancnc.com\/wp-content\/uploads\/2025\/09\/04-500x375.jpg\" alt=\"\" width=\"500\" height=\"375\" srcset=\"https:\/\/aoxuancnc.com\/wp-content\/uploads\/2025\/09\/04-500x375.jpg 500w, https:\/\/aoxuancnc.com\/wp-content\/uploads\/2025\/09\/04-300x225.jpg 300w, https:\/\/aoxuancnc.com\/wp-content\/uploads\/2025\/09\/04-768x576.jpg 768w, https:\/\/aoxuancnc.com\/wp-content\/uploads\/2025\/09\/04-16x12.jpg 16w, https:\/\/aoxuancnc.com\/wp-content\/uploads\/2025\/09\/04-100x75.jpg 100w, https:\/\/aoxuancnc.com\/wp-content\/uploads\/2025\/09\/04-480x360.jpg 480w, https:\/\/aoxuancnc.com\/wp-content\/uploads\/2025\/09\/04.jpg 800w\" sizes=\"auto, (max-width:767px) 480px, 500px\" \/><\/p>\n<p><img loading=\"lazy\" decoding=\"async\" class=\"alignnone wp-image-508 size-medium\" src=\"https:\/\/aoxuancnc.com\/wp-content\/uploads\/2025\/09\/08-500x375.jpg\" alt=\"\" width=\"500\" height=\"375\" srcset=\"https:\/\/aoxuancnc.com\/wp-content\/uploads\/2025\/09\/08-500x375.jpg 500w, https:\/\/aoxuancnc.com\/wp-content\/uploads\/2025\/09\/08-300x225.jpg 300w, https:\/\/aoxuancnc.com\/wp-content\/uploads\/2025\/09\/08-768x576.jpg 768w, https:\/\/aoxuancnc.com\/wp-content\/uploads\/2025\/09\/08-16x12.jpg 16w, https:\/\/aoxuancnc.com\/wp-content\/uploads\/2025\/09\/08-100x75.jpg 100w, https:\/\/aoxuancnc.com\/wp-content\/uploads\/2025\/09\/08-480x360.jpg 480w, https:\/\/aoxuancnc.com\/wp-content\/uploads\/2025\/09\/08.jpg 800w\" sizes=\"auto, (max-width:767px) 480px, 500px\" \/><\/p>\n<p><img loading=\"lazy\" decoding=\"async\" class=\"alignnone size-medium wp-image-509\" src=\"https:\/\/aoxuancnc.com\/wp-content\/uploads\/2025\/09\/10-500x375.jpg\" alt=\"\" width=\"500\" height=\"375\" srcset=\"https:\/\/aoxuancnc.com\/wp-content\/uploads\/2025\/09\/10-500x375.jpg 500w, https:\/\/aoxuancnc.com\/wp-content\/uploads\/2025\/09\/10-300x225.jpg 300w, https:\/\/aoxuancnc.com\/wp-content\/uploads\/2025\/09\/10-768x576.jpg 768w, https:\/\/aoxuancnc.com\/wp-content\/uploads\/2025\/09\/10-16x12.jpg 16w, https:\/\/aoxuancnc.com\/wp-content\/uploads\/2025\/09\/10-100x75.jpg 100w, https:\/\/aoxuancnc.com\/wp-content\/uploads\/2025\/09\/10-480x360.jpg 480w, https:\/\/aoxuancnc.com\/wp-content\/uploads\/2025\/09\/10.jpg 800w\" sizes=\"auto, (max-width:767px) 480px, 500px\" \/><\/p>\n<h3>Parameter:<\/h3>\n<p><img loading=\"lazy\" decoding=\"async\" class=\"alignnone wp-image-510 size-large\" src=\"https:\/\/aoxuancnc.com\/wp-content\/uploads\/2025\/09\/\u578b\u53f7\u56fe-886x1200.png\" alt=\"\" width=\"886\" height=\"1200\" srcset=\"https:\/\/aoxuancnc.com\/wp-content\/uploads\/2025\/09\/\u578b\u53f7\u56fe-886x1200.png 886w, https:\/\/aoxuancnc.com\/wp-content\/uploads\/2025\/09\/\u578b\u53f7\u56fe-369x500.png 369w, https:\/\/aoxuancnc.com\/wp-content\/uploads\/2025\/09\/\u578b\u53f7\u56fe-222x300.png 222w, https:\/\/aoxuancnc.com\/wp-content\/uploads\/2025\/09\/\u578b\u53f7\u56fe-768x1040.png 768w, https:\/\/aoxuancnc.com\/wp-content\/uploads\/2025\/09\/\u578b\u53f7\u56fe-9x12.png 9w, https:\/\/aoxuancnc.com\/wp-content\/uploads\/2025\/09\/\u578b\u53f7\u56fe-55x75.png 55w, https:\/\/aoxuancnc.com\/wp-content\/uploads\/2025\/09\/\u578b\u53f7\u56fe-480x650.png 480w, https:\/\/aoxuancnc.com\/wp-content\/uploads\/2025\/09\/\u578b\u53f7\u56fe-800x1083.png 800w, https:\/\/aoxuancnc.com\/wp-content\/uploads\/2025\/09\/\u578b\u53f7\u56fe.png 1000w\" sizes=\"auto, (max-width:767px) 480px, (max-width:886px) 100vw, 886px\" \/><\/p>\n<h5><strong>Vorverkauf.<\/strong><br \/>\n* Projektdesign, Leistungseinf\u00fchrung, technische Vereinbarung, Vertragsunterzeichnung, Verpackung<br \/>\n* Anfrage- und Beratungsunterst\u00fctzung.<br \/>\n* Unterst\u00fctzung beim Testen von Beispielen.<\/h5>\n<h5><strong>Im Verkauf.<\/strong><br \/>\n* Wir informieren Sie \u00fcber die neuesten Fortschritte bei der Produktmontage, Verpackung und dem Transport.<\/h5>\n<h5><strong>Nach dem Verkauf.<\/strong><br \/>\n* Bei Sch\u00e4den an nichtmenschlichen K\u00f6rperteilen stellen wir kostenloses Zubeh\u00f6r zur Verf\u00fcgung.<\/h5>\n<h5>*Das Supportpaket umfasst Schulungen wie Anleitungen zur Maschineninstallation sowie videobasierte Betriebsschulungen und andere damit verbundene Dienstleistungen.<\/h5>\n<h5>* Und unser technisches Personal kann ins Ausland reisen, um technische Beratung zu leisten.<\/h5>\n<h3><strong>Verpackung &amp; Versand<\/strong><\/h3>\n<p><img loading=\"lazy\" decoding=\"async\" class=\"alignnone wp-image-511 size-medium\" src=\"https:\/\/aoxuancnc.com\/wp-content\/uploads\/2025\/09\/\u5305\u88c51-500x402.png\" alt=\"\" width=\"500\" height=\"402\" srcset=\"https:\/\/aoxuancnc.com\/wp-content\/uploads\/2025\/09\/\u5305\u88c51-500x402.png 500w, https:\/\/aoxuancnc.com\/wp-content\/uploads\/2025\/09\/\u5305\u88c51-300x241.png 300w, https:\/\/aoxuancnc.com\/wp-content\/uploads\/2025\/09\/\u5305\u88c51-15x12.png 15w, https:\/\/aoxuancnc.com\/wp-content\/uploads\/2025\/09\/\u5305\u88c51-93x75.png 93w, https:\/\/aoxuancnc.com\/wp-content\/uploads\/2025\/09\/\u5305\u88c51-480x386.png 480w, https:\/\/aoxuancnc.com\/wp-content\/uploads\/2025\/09\/\u5305\u88c51.png 750w\" sizes=\"auto, (max-width:767px) 480px, 500px\" \/><img loading=\"lazy\" decoding=\"async\" class=\"alignnone wp-image-512 size-medium\" src=\"https:\/\/aoxuancnc.com\/wp-content\/uploads\/2025\/09\/\u5305\u88c52-500x344.png\" alt=\"\" width=\"500\" height=\"344\" srcset=\"https:\/\/aoxuancnc.com\/wp-content\/uploads\/2025\/09\/\u5305\u88c52-500x344.png 500w, https:\/\/aoxuancnc.com\/wp-content\/uploads\/2025\/09\/\u5305\u88c52-300x206.png 300w, https:\/\/aoxuancnc.com\/wp-content\/uploads\/2025\/09\/\u5305\u88c52-768x528.png 768w, https:\/\/aoxuancnc.com\/wp-content\/uploads\/2025\/09\/\u5305\u88c52-18x12.png 18w, https:\/\/aoxuancnc.com\/wp-content\/uploads\/2025\/09\/\u5305\u88c52-109x75.png 109w, https:\/\/aoxuancnc.com\/wp-content\/uploads\/2025\/09\/\u5305\u88c52-480x330.png 480w, https:\/\/aoxuancnc.com\/wp-content\/uploads\/2025\/09\/\u5305\u88c52-800x550.png 800w, https:\/\/aoxuancnc.com\/wp-content\/uploads\/2025\/09\/\u5305\u88c52.png 1076w\" sizes=\"auto, (max-width:767px) 480px, 500px\" \/><\/p>\n<p>&nbsp;<\/p>\n<p>&nbsp;<\/p>","protected":false},"excerpt":{"rendered":"<p><strong>Produktdetails<\/strong><br \/>\nHerkunftsort: China<br \/>\nMarkenname: AOXUANZG<br \/>\nZertifizierung: CE<br \/>\nModellnummer: WE67K-110T3200<\/p>\n<p><strong>Zahlungs- und Versandbedingungen<\/strong><br \/>\nMindestbestellmenge: 1 Satz<br \/>\nVerpackungsdetails: Standard-Exportverpackung<br \/>\nLieferzeit: 30 Tage<br \/>\nZahlungsbedingungen: L\/C, T\/T, Western Union, MoneyGram<br \/>\nLieferf\u00e4higkeit: 120 S\u00e4tze\/Jahr<\/p>","protected":false},"featured_media":500,"template":"","meta":[],"product_brand":[21],"product_cat":[3],"product_tag":[56,53,54,55,19],"class_list":{"0":"post-499","1":"product","2":"type-product","3":"status-publish","4":"has-post-thumbnail","6":"product_brand-aoxuanzg","7":"product_cat-cnc-electro-hydraulic-press-brake","8":"product_tag-cnc-electro-hydraulic-press-brake","9":"product_tag-cnc-hydryaulic-press-brake-machine","10":"product_tag-hydraulic-bending-machine","11":"product_tag-press-brake-machine","12":"product_tag-pressbrakebender-hydraulicpressbrake","14":"first","15":"instock","16":"shipping-taxable","17":"product-type-external"},"yoast_head":"<!-- This site is optimized with the Yoast SEO plugin v24.9 - https:\/\/yoast.com\/wordpress\/plugins\/seo\/ -->\n<title>110T3200 AX68T 4+1 Axis Stainless Steel Synchronized Hydraulic Servo Bending Cnc Electric Hydraulic Press Brake Machine - AOXUANZG<\/title>\n<meta name=\"robots\" content=\"index, follow, max-snippet:-1, max-image-preview:large, max-video-preview:-1\" \/>\n<link rel=\"canonical\" href=\"https:\/\/aoxuancnc.com\/de\/produkt\/110t3200-ax68t-41-axis-stainless-steel-synchronized-hydraulic-servo-bending-cnc-electric-hydraulic-press-brake-machine\/\" \/>\n<meta property=\"og:locale\" content=\"de_DE\" \/>\n<meta property=\"og:type\" content=\"article\" \/>\n<meta property=\"og:title\" content=\"110T3200 AX68T 4+1 Axis Stainless Steel Synchronized Hydraulic Servo Bending Cnc Electric Hydraulic Press Brake Machine - AOXUANZG\" \/>\n<meta property=\"og:description\" content=\"Product Details Place of Origin: China Brand Name: AOXUANZG Certification: CE Model Number: WE67K-110T3200  Payment &amp; Shipping Terms Minimum Order Quantity: 1 Set Packaging Details: Standard export packing Delivery time: 30 days Payment Terms: L\/C, T\/T, Western Union, MoneyGram Supply Ability:120 sets\/Year\" \/>\n<meta property=\"og:url\" content=\"https:\/\/aoxuancnc.com\/de\/produkt\/110t3200-ax68t-41-axis-stainless-steel-synchronized-hydraulic-servo-bending-cnc-electric-hydraulic-press-brake-machine\/\" \/>\n<meta property=\"og:site_name\" content=\"AOXUANZG\" \/>\n<meta property=\"article:modified_time\" content=\"2025-09-22T06:58:54+00:00\" \/>\n<meta property=\"og:image\" content=\"https:\/\/aoxuancnc.com\/wp-content\/uploads\/2025\/09\/\u767d\u5e95\u56fe_\u526f\u672c.png\" \/>\n\t<meta property=\"og:image:width\" content=\"800\" \/>\n\t<meta property=\"og:image:height\" content=\"800\" \/>\n\t<meta property=\"og:image:type\" content=\"image\/png\" \/>\n<meta name=\"twitter:card\" content=\"summary_large_image\" \/>\n<meta name=\"twitter:label1\" content=\"Gesch\u00e4tzte Lesezeit\" \/>\n\t<meta name=\"twitter:data1\" content=\"4\u00a0Minuten\" \/>\n<script type=\"application\/ld+json\" class=\"yoast-schema-graph\">{\"@context\":\"https:\/\/schema.org\",\"@graph\":[{\"@type\":\"WebPage\",\"@id\":\"https:\/\/aoxuancnc.com\/product\/110t3200-ax68t-41-axis-stainless-steel-synchronized-hydraulic-servo-bending-cnc-electric-hydraulic-press-brake-machine\/\",\"url\":\"https:\/\/aoxuancnc.com\/product\/110t3200-ax68t-41-axis-stainless-steel-synchronized-hydraulic-servo-bending-cnc-electric-hydraulic-press-brake-machine\/\",\"name\":\"110T3200 AX68T 4+1 Axis Stainless Steel Synchronized Hydraulic Servo Bending Cnc Electric Hydraulic Press Brake Machine - AOXUANZG\",\"isPartOf\":{\"@id\":\"http:\/\/aoxuancnc.com\/#website\"},\"primaryImageOfPage\":{\"@id\":\"https:\/\/aoxuancnc.com\/product\/110t3200-ax68t-41-axis-stainless-steel-synchronized-hydraulic-servo-bending-cnc-electric-hydraulic-press-brake-machine\/#primaryimage\"},\"image\":{\"@id\":\"https:\/\/aoxuancnc.com\/product\/110t3200-ax68t-41-axis-stainless-steel-synchronized-hydraulic-servo-bending-cnc-electric-hydraulic-press-brake-machine\/#primaryimage\"},\"thumbnailUrl\":\"https:\/\/aoxuancnc.com\/wp-content\/uploads\/2025\/09\/\u767d\u5e95\u56fe_\u526f\u672c.png\",\"datePublished\":\"2025-09-22T03:12:02+00:00\",\"dateModified\":\"2025-09-22T06:58:54+00:00\",\"breadcrumb\":{\"@id\":\"https:\/\/aoxuancnc.com\/product\/110t3200-ax68t-41-axis-stainless-steel-synchronized-hydraulic-servo-bending-cnc-electric-hydraulic-press-brake-machine\/#breadcrumb\"},\"inLanguage\":\"de\",\"potentialAction\":[{\"@type\":\"ReadAction\",\"target\":[\"https:\/\/aoxuancnc.com\/product\/110t3200-ax68t-41-axis-stainless-steel-synchronized-hydraulic-servo-bending-cnc-electric-hydraulic-press-brake-machine\/\"]}]},{\"@type\":\"ImageObject\",\"inLanguage\":\"de\",\"@id\":\"https:\/\/aoxuancnc.com\/product\/110t3200-ax68t-41-axis-stainless-steel-synchronized-hydraulic-servo-bending-cnc-electric-hydraulic-press-brake-machine\/#primaryimage\",\"url\":\"https:\/\/aoxuancnc.com\/wp-content\/uploads\/2025\/09\/\u767d\u5e95\u56fe_\u526f\u672c.png\",\"contentUrl\":\"https:\/\/aoxuancnc.com\/wp-content\/uploads\/2025\/09\/\u767d\u5e95\u56fe_\u526f\u672c.png\",\"width\":800,\"height\":800},{\"@type\":\"BreadcrumbList\",\"@id\":\"https:\/\/aoxuancnc.com\/product\/110t3200-ax68t-41-axis-stainless-steel-synchronized-hydraulic-servo-bending-cnc-electric-hydraulic-press-brake-machine\/#breadcrumb\",\"itemListElement\":[{\"@type\":\"ListItem\",\"position\":1,\"name\":\"\u9996\u9875\",\"item\":\"http:\/\/aoxuancnc.com\/\"},{\"@type\":\"ListItem\",\"position\":2,\"name\":\"Product\",\"item\":\"https:\/\/aoxuancnc.com\/ru\/product\/\"},{\"@type\":\"ListItem\",\"position\":3,\"name\":\"110T3200 AX68T 4+1 Axis Stainless Steel Synchronized Hydraulic Servo Bending Cnc Electric Hydraulic Press Brake Machine\"}]},{\"@type\":\"WebSite\",\"@id\":\"http:\/\/aoxuancnc.com\/#website\",\"url\":\"http:\/\/aoxuancnc.com\/\",\"name\":\"AOXUANZG\",\"description\":\"Anhui Aoxuan Heavy Industry Machine Co., Ltd\",\"potentialAction\":[{\"@type\":\"SearchAction\",\"target\":{\"@type\":\"EntryPoint\",\"urlTemplate\":\"http:\/\/aoxuancnc.com\/?s={search_term_string}\"},\"query-input\":{\"@type\":\"PropertyValueSpecification\",\"valueRequired\":true,\"valueName\":\"search_term_string\"}}],\"inLanguage\":\"de\"}]}<\/script>\n<!-- \/ Yoast SEO plugin. -->","yoast_head_json":{"title":"110T3200 AX68T 4+1 Axis Stainless Steel Synchronized Hydraulic Servo Bending Cnc Electric Hydraulic Press Brake Machine - AOXUANZG","robots":{"index":"index","follow":"follow","max-snippet":"max-snippet:-1","max-image-preview":"max-image-preview:large","max-video-preview":"max-video-preview:-1"},"canonical":"https:\/\/aoxuancnc.com\/de\/produkt\/110t3200-ax68t-41-axis-stainless-steel-synchronized-hydraulic-servo-bending-cnc-electric-hydraulic-press-brake-machine\/","og_locale":"de_DE","og_type":"article","og_title":"110T3200 AX68T 4+1 Axis Stainless Steel Synchronized Hydraulic Servo Bending Cnc Electric Hydraulic Press Brake Machine - AOXUANZG","og_description":"Product Details Place of Origin: China Brand Name: AOXUANZG Certification: CE Model Number: WE67K-110T3200  Payment &amp; Shipping Terms Minimum Order Quantity: 1 Set Packaging Details: Standard export packing Delivery time: 30 days Payment Terms: L\/C, T\/T, Western Union, MoneyGram Supply Ability:120 sets\/Year","og_url":"https:\/\/aoxuancnc.com\/de\/produkt\/110t3200-ax68t-41-axis-stainless-steel-synchronized-hydraulic-servo-bending-cnc-electric-hydraulic-press-brake-machine\/","og_site_name":"AOXUANZG","article_modified_time":"2025-09-22T06:58:54+00:00","og_image":[{"width":800,"height":800,"url":"https:\/\/aoxuancnc.com\/wp-content\/uploads\/2025\/09\/\u767d\u5e95\u56fe_\u526f\u672c.png","type":"image\/png"}],"twitter_card":"summary_large_image","twitter_misc":{"Gesch\u00e4tzte Lesezeit":"4\u00a0Minuten"},"schema":{"@context":"https:\/\/schema.org","@graph":[{"@type":"WebPage","@id":"https:\/\/aoxuancnc.com\/product\/110t3200-ax68t-41-axis-stainless-steel-synchronized-hydraulic-servo-bending-cnc-electric-hydraulic-press-brake-machine\/","url":"https:\/\/aoxuancnc.com\/product\/110t3200-ax68t-41-axis-stainless-steel-synchronized-hydraulic-servo-bending-cnc-electric-hydraulic-press-brake-machine\/","name":"110T3200 AX68T 4+1 Axis Stainless Steel Synchronized Hydraulic Servo Bending Cnc Electric Hydraulic Press Brake Machine - AOXUANZG","isPartOf":{"@id":"http:\/\/aoxuancnc.com\/#website"},"primaryImageOfPage":{"@id":"https:\/\/aoxuancnc.com\/product\/110t3200-ax68t-41-axis-stainless-steel-synchronized-hydraulic-servo-bending-cnc-electric-hydraulic-press-brake-machine\/#primaryimage"},"image":{"@id":"https:\/\/aoxuancnc.com\/product\/110t3200-ax68t-41-axis-stainless-steel-synchronized-hydraulic-servo-bending-cnc-electric-hydraulic-press-brake-machine\/#primaryimage"},"thumbnailUrl":"https:\/\/aoxuancnc.com\/wp-content\/uploads\/2025\/09\/\u767d\u5e95\u56fe_\u526f\u672c.png","datePublished":"2025-09-22T03:12:02+00:00","dateModified":"2025-09-22T06:58:54+00:00","breadcrumb":{"@id":"https:\/\/aoxuancnc.com\/product\/110t3200-ax68t-41-axis-stainless-steel-synchronized-hydraulic-servo-bending-cnc-electric-hydraulic-press-brake-machine\/#breadcrumb"},"inLanguage":"de","potentialAction":[{"@type":"ReadAction","target":["https:\/\/aoxuancnc.com\/product\/110t3200-ax68t-41-axis-stainless-steel-synchronized-hydraulic-servo-bending-cnc-electric-hydraulic-press-brake-machine\/"]}]},{"@type":"ImageObject","inLanguage":"de","@id":"https:\/\/aoxuancnc.com\/product\/110t3200-ax68t-41-axis-stainless-steel-synchronized-hydraulic-servo-bending-cnc-electric-hydraulic-press-brake-machine\/#primaryimage","url":"https:\/\/aoxuancnc.com\/wp-content\/uploads\/2025\/09\/\u767d\u5e95\u56fe_\u526f\u672c.png","contentUrl":"https:\/\/aoxuancnc.com\/wp-content\/uploads\/2025\/09\/\u767d\u5e95\u56fe_\u526f\u672c.png","width":800,"height":800},{"@type":"BreadcrumbList","@id":"https:\/\/aoxuancnc.com\/product\/110t3200-ax68t-41-axis-stainless-steel-synchronized-hydraulic-servo-bending-cnc-electric-hydraulic-press-brake-machine\/#breadcrumb","itemListElement":[{"@type":"ListItem","position":1,"name":"\u9996\u9875","item":"http:\/\/aoxuancnc.com\/"},{"@type":"ListItem","position":2,"name":"Product","item":"https:\/\/aoxuancnc.com\/ru\/product\/"},{"@type":"ListItem","position":3,"name":"110T3200 AX68T 4+1 Axis Stainless Steel Synchronized Hydraulic Servo Bending Cnc Electric Hydraulic Press Brake Machine"}]},{"@type":"WebSite","@id":"http:\/\/aoxuancnc.com\/#website","url":"http:\/\/aoxuancnc.com\/","name":"AOXUANZG","description":"Anhui Aoxuan Heavy Industry Machine Co., Ltd","potentialAction":[{"@type":"SearchAction","target":{"@type":"EntryPoint","urlTemplate":"http:\/\/aoxuancnc.com\/?s={search_term_string}"},"query-input":{"@type":"PropertyValueSpecification","valueRequired":true,"valueName":"search_term_string"}}],"inLanguage":"de"}]}},"_links":{"self":[{"href":"https:\/\/aoxuancnc.com\/de\/wp-json\/wp\/v2\/product\/499","targetHints":{"allow":["GET"]}}],"collection":[{"href":"https:\/\/aoxuancnc.com\/de\/wp-json\/wp\/v2\/product"}],"about":[{"href":"https:\/\/aoxuancnc.com\/de\/wp-json\/wp\/v2\/types\/product"}],"wp:featuredmedia":[{"embeddable":true,"href":"https:\/\/aoxuancnc.com\/de\/wp-json\/wp\/v2\/media\/500"}],"wp:attachment":[{"href":"https:\/\/aoxuancnc.com\/de\/wp-json\/wp\/v2\/media?parent=499"}],"wp:term":[{"taxonomy":"product_brand","embeddable":true,"href":"https:\/\/aoxuancnc.com\/de\/wp-json\/wp\/v2\/product_brand?post=499"},{"taxonomy":"product_cat","embeddable":true,"href":"https:\/\/aoxuancnc.com\/de\/wp-json\/wp\/v2\/product_cat?post=499"},{"taxonomy":"product_tag","embeddable":true,"href":"https:\/\/aoxuancnc.com\/de\/wp-json\/wp\/v2\/product_tag?post=499"}],"curies":[{"name":"wp","href":"https:\/\/api.w.org\/{rel}","templated":true}]}}