{"id":582,"date":"2025-09-23T06:10:41","date_gmt":"2025-09-23T06:10:41","guid":{"rendered":"https:\/\/aoxuancnc.com\/?post_type=product&#038;p=582"},"modified":"2025-09-23T06:16:16","modified_gmt":"2025-09-23T06:16:16","slug":"qc11y-hydraulic-guillotine-shearing-machine-e21s-63200-metal-plate-cutting-machine-for-iron","status":"publish","type":"product","link":"https:\/\/aoxuancnc.com\/de\/produkt\/qc11y-hydraulic-guillotine-shearing-machine-e21s-63200-metal-plate-cutting-machine-for-iron\/","title":{"rendered":"QC11Y Hydraulische Guillotine-Schermaschine E21S 6*3200 Metallplatten-Schneidemaschine f\u00fcr Eisen"},"content":{"rendered":"<div style=\"width: 1220px;\" class=\"wp-video\"><video class=\"wp-video-shortcode\" id=\"video-582-1\" width=\"1220\" height=\"686\" preload=\"metadata\" controls=\"controls\"><source type=\"video\/mp4\" src=\"https:\/\/aoxuancnc.com\/wp-content\/uploads\/2025\/09\/6X3200-hydraulic-shearing-machine-with-E21S-11.mp4?_=1\" \/><a href=\"https:\/\/aoxuancnc.com\/wp-content\/uploads\/2025\/09\/6X3200-hydraulic-shearing-machine-with-E21S-11.mp4\">https:\/\/aoxuancnc.com\/wp-content\/uploads\/2025\/09\/6X3200-hydraulic-shearing-machine-with-E21S-11.mp4<\/a><\/video><\/div>\n<h6 class=\"magic-9\"><\/h6>\n<h3 class=\"magic-9\"><strong><span class=\"magic-10\">Vorteile:<\/span><\/strong><\/h3>\n<div class=\"magic-2\">\n<div class=\"magic-3\">\n<div class=\"magic-4\">\n<div class=\"magic-11\">1-Der Hauptrahmen der Biegemaschine ist mit einem speziellen numerischen Steuerungssystem ausgestattet.<br \/>\n2-Multi-Work-Stop-Programmierfunktion erm\u00f6glicht einen automatischen Betrieb und setzt die Positionierung von mehrstufigen Verfahren fort,<br \/>\nsowie eine automatische Feineinstellung der Positionen von Hinteranschlag und Gleitblock.<br \/>\n3-Die Maschine ist mit einer Biegungsz\u00e4hlfunktion ausgestattet, f\u00fcr eine Echtzeitanzeige der Verarbeitungsmenge und eines Stromausfallspeichers von<br \/>\nPositionen von Stopper und Gleitblock, sowie Vorgehensweise und Parameter.<br \/>\n4-Importierte Kugellager-Leitspindel und lineare F\u00fchrungsschiene werden f\u00fcr den hinteren Stopper verwendet, um die Positionierungspr\u00e4zision der R\u00fcckseite zu gew\u00e4hrleisten<br \/>\nStopper, um die Verarbeitungspr\u00e4zision der Maschine zu erh\u00f6hen.<\/div>\n<\/div>\n<\/div>\n<\/div>\n<p><img loading=\"lazy\" decoding=\"async\" class=\"alignnone size-medium wp-image-573\" src=\"https:\/\/aoxuancnc.com\/wp-content\/uploads\/2025\/09\/6x3200-hydraulic-cutting-with-with-E21S-1-500x376.jpg\" alt=\"\" width=\"500\" height=\"376\" srcset=\"https:\/\/aoxuancnc.com\/wp-content\/uploads\/2025\/09\/6x3200-hydraulic-cutting-with-with-E21S-1-500x376.jpg 500w, https:\/\/aoxuancnc.com\/wp-content\/uploads\/2025\/09\/6x3200-hydraulic-cutting-with-with-E21S-1-300x225.jpg 300w, https:\/\/aoxuancnc.com\/wp-content\/uploads\/2025\/09\/6x3200-hydraulic-cutting-with-with-E21S-1-768x577.jpg 768w, https:\/\/aoxuancnc.com\/wp-content\/uploads\/2025\/09\/6x3200-hydraulic-cutting-with-with-E21S-1-16x12.jpg 16w, https:\/\/aoxuancnc.com\/wp-content\/uploads\/2025\/09\/6x3200-hydraulic-cutting-with-with-E21S-1-100x75.jpg 100w, https:\/\/aoxuancnc.com\/wp-content\/uploads\/2025\/09\/6x3200-hydraulic-cutting-with-with-E21S-1-480x361.jpg 480w, https:\/\/aoxuancnc.com\/wp-content\/uploads\/2025\/09\/6x3200-hydraulic-cutting-with-with-E21S-1.jpg 800w\" sizes=\"auto, (max-width:767px) 480px, 500px\" \/><\/p>\n<p>&nbsp;<\/p>\n<div class=\"magic-4\">\n<div class=\"magic-5\">\n<h3 class=\"magic-6\"><strong><span class=\"magic-20\" style=\"color: #4e4e4e;\">Konfiguration:<\/span><\/strong><\/h3>\n<h6>Estun E21S CNC-Steuerungssystem<br \/>\nAngetriebener Hinteranschlag X-Achse<br \/>\nDELTA Invertergesteuerter Hinteranschlag<br \/>\nHIWIN-Kugelumlaufspindeln und polierte Stangen mit einer Genauigkeit von 0,05 mm<br \/>\nAusrichtarm und vordere St\u00fctzarme<br \/>\nDeutschland Bosch-Rexroth Hydraulik<br \/>\nDeutschland EMB Schlauchverbinder<br \/>\nDeutschland Siemens Hauptmotor<br \/>\nSchneider Electrics<br \/>\nHydraulischer und elektrischer \u00dcberlastschutz<br \/>\nSchnittlinienbeleuchtung und Draht zum Schattenlinienschneiden<br \/>\nObere Klinge mit vier Schneidkanten und untere Klinge mit vier Schneidkanten. (6CrW2Si)<\/h6>\n<div data-spm-anchor-id=\"a2700.details-description.0.i0.934dDnf7Dnf7WH\"><img loading=\"lazy\" decoding=\"async\" class=\"alignnone wp-image-441\" src=\"https:\/\/aoxuancnc.com\/wp-content\/uploads\/2025\/09\/6X4000-hydraulic-sheairng-machine-with-DAC360T-1_\u526f\u672c-444x500.jpg\" alt=\"\" width=\"500\" height=\"563\" srcset=\"https:\/\/aoxuancnc.com\/wp-content\/uploads\/2025\/09\/6X4000-hydraulic-sheairng-machine-with-DAC360T-1_\u526f\u672c-444x500.jpg 444w, https:\/\/aoxuancnc.com\/wp-content\/uploads\/2025\/09\/6X4000-hydraulic-sheairng-machine-with-DAC360T-1_\u526f\u672c-267x300.jpg 267w, https:\/\/aoxuancnc.com\/wp-content\/uploads\/2025\/09\/6X4000-hydraulic-sheairng-machine-with-DAC360T-1_\u526f\u672c-768x864.jpg 768w, https:\/\/aoxuancnc.com\/wp-content\/uploads\/2025\/09\/6X4000-hydraulic-sheairng-machine-with-DAC360T-1_\u526f\u672c-11x12.jpg 11w, https:\/\/aoxuancnc.com\/wp-content\/uploads\/2025\/09\/6X4000-hydraulic-sheairng-machine-with-DAC360T-1_\u526f\u672c-67x75.jpg 67w, https:\/\/aoxuancnc.com\/wp-content\/uploads\/2025\/09\/6X4000-hydraulic-sheairng-machine-with-DAC360T-1_\u526f\u672c-480x540.jpg 480w, https:\/\/aoxuancnc.com\/wp-content\/uploads\/2025\/09\/6X4000-hydraulic-sheairng-machine-with-DAC360T-1_\u526f\u672c.jpg 800w\" sizes=\"auto, (max-width:767px) 480px, 500px\" \/><\/div>\n<div data-spm-anchor-id=\"a2700.details-description.0.i0.934dDnf7Dnf7WH\">\n<h3 class=\"magic-19\"><strong>E21S-Steuerungssystem:<\/strong><\/h3>\n<h6 class=\"magic-19\">\u25aa 160\u00d7160 LCD-Display \u25aa Positionierungssteuerung des Hinteranschlags. \u25aa Steuerbarer Schnittwinkel. \u25aa Steuerbarer Scherspalt. \u25aa Steuerbare Schnittzeit. \u25aa Steuerung eines gew\u00f6hnlichen Motors f\u00fcr allgemeine Wechselstrommotoren oder eines Frequenzumrichters. \u25aa Intelligente Positionierungsfunktion. \u25aa Einweg- und Zweiweg-Positionierungsfunktion, eliminiert effektiv den Spalt der Leitspindel. \u25aa Dualer programmierbarer Digitalausgang. \u25aa Funktion zum Zur\u00fcckziehen und Ausweichen von Material. \u25aa Automatische Suche nach Referenzpunktfunktion. \u25aa Funktion zum Sichern und Wiederherstellen von Parametern mit einer Taste. \u25aa Schnelle Positions-Teaching-Funktion. \u25aa Speicherplatz f\u00fcr 40 Mehrschrittprogramme, bis zu 25 Schritte pro Programm. \u25aa Ausschaltschutzfunktion. \u25aa Werkst\u00fcckz\u00e4hlung. \u25aa Umrechnung Zoll\/metrisch \u25aa Chinesisch\/Englisch<\/h6>\n<p><img loading=\"lazy\" decoding=\"async\" class=\"alignnone size-medium wp-image-575\" src=\"https:\/\/aoxuancnc.com\/wp-content\/uploads\/2025\/09\/6x3200-hydraulic-cutting-with-with-E21S-3-500x376.jpg\" alt=\"\" width=\"500\" height=\"376\" srcset=\"https:\/\/aoxuancnc.com\/wp-content\/uploads\/2025\/09\/6x3200-hydraulic-cutting-with-with-E21S-3-500x376.jpg 500w, https:\/\/aoxuancnc.com\/wp-content\/uploads\/2025\/09\/6x3200-hydraulic-cutting-with-with-E21S-3-300x225.jpg 300w, https:\/\/aoxuancnc.com\/wp-content\/uploads\/2025\/09\/6x3200-hydraulic-cutting-with-with-E21S-3-768x577.jpg 768w, https:\/\/aoxuancnc.com\/wp-content\/uploads\/2025\/09\/6x3200-hydraulic-cutting-with-with-E21S-3-16x12.jpg 16w, https:\/\/aoxuancnc.com\/wp-content\/uploads\/2025\/09\/6x3200-hydraulic-cutting-with-with-E21S-3-100x75.jpg 100w, https:\/\/aoxuancnc.com\/wp-content\/uploads\/2025\/09\/6x3200-hydraulic-cutting-with-with-E21S-3-480x361.jpg 480w, https:\/\/aoxuancnc.com\/wp-content\/uploads\/2025\/09\/6x3200-hydraulic-cutting-with-with-E21S-3.jpg 800w\" sizes=\"auto, (max-width:767px) 480px, 500px\" \/><\/p>\n<h6 class=\"magic-19\" data-spm-anchor-id=\"a2700.details-description.0.i2.7c08qpqgqpqg23\"><strong><span style=\"font-size: 25px;\">Parameter:<\/span><\/strong><\/h6>\n<\/div>\n<\/div>\n<\/div>\n<p><img loading=\"lazy\" decoding=\"async\" class=\"alignnone size-medium wp-image-467\" src=\"https:\/\/aoxuancnc.com\/wp-content\/uploads\/2025\/09\/shearing-machine-parameter-500x358.jpg\" alt=\"\" width=\"500\" height=\"358\" srcset=\"https:\/\/aoxuancnc.com\/wp-content\/uploads\/2025\/09\/shearing-machine-parameter-500x358.jpg 500w, https:\/\/aoxuancnc.com\/wp-content\/uploads\/2025\/09\/shearing-machine-parameter-300x215.jpg 300w, https:\/\/aoxuancnc.com\/wp-content\/uploads\/2025\/09\/shearing-machine-parameter-768x549.jpg 768w, https:\/\/aoxuancnc.com\/wp-content\/uploads\/2025\/09\/shearing-machine-parameter-18x12.jpg 18w, https:\/\/aoxuancnc.com\/wp-content\/uploads\/2025\/09\/shearing-machine-parameter-105x75.jpg 105w, https:\/\/aoxuancnc.com\/wp-content\/uploads\/2025\/09\/shearing-machine-parameter-480x343.jpg 480w, https:\/\/aoxuancnc.com\/wp-content\/uploads\/2025\/09\/shearing-machine-parameter.jpg 800w\" sizes=\"auto, (max-width:767px) 480px, 500px\" \/><\/p>\n<h3><strong>Kundenlob:<\/strong><\/h3>\n<p><img loading=\"lazy\" decoding=\"async\" class=\"alignnone size-medium wp-image-454\" src=\"https:\/\/aoxuancnc.com\/wp-content\/uploads\/2025\/09\/customer-feedback-500x323.png\" alt=\"\" width=\"500\" height=\"323\" srcset=\"https:\/\/aoxuancnc.com\/wp-content\/uploads\/2025\/09\/customer-feedback-500x323.png 500w, https:\/\/aoxuancnc.com\/wp-content\/uploads\/2025\/09\/customer-feedback-300x194.png 300w, https:\/\/aoxuancnc.com\/wp-content\/uploads\/2025\/09\/customer-feedback-768x495.png 768w, https:\/\/aoxuancnc.com\/wp-content\/uploads\/2025\/09\/customer-feedback-18x12.png 18w, https:\/\/aoxuancnc.com\/wp-content\/uploads\/2025\/09\/customer-feedback-116x75.png 116w, https:\/\/aoxuancnc.com\/wp-content\/uploads\/2025\/09\/customer-feedback-480x310.png 480w, https:\/\/aoxuancnc.com\/wp-content\/uploads\/2025\/09\/customer-feedback.png 800w\" sizes=\"auto, (max-width:767px) 480px, 500px\" \/><\/p>\n<h3><strong>CE-Zertifikat der Maschine:<\/strong><\/h3>\n<p><img loading=\"lazy\" decoding=\"async\" class=\"alignnone wp-image-455\" src=\"https:\/\/aoxuancnc.com\/wp-content\/uploads\/2025\/09\/shearing-machine-CE-352x500.jpg\" alt=\"\" width=\"500\" height=\"711\" srcset=\"https:\/\/aoxuancnc.com\/wp-content\/uploads\/2025\/09\/shearing-machine-CE-352x500.jpg 352w, https:\/\/aoxuancnc.com\/wp-content\/uploads\/2025\/09\/shearing-machine-CE-211x300.jpg 211w, https:\/\/aoxuancnc.com\/wp-content\/uploads\/2025\/09\/shearing-machine-CE-768x1092.jpg 768w, https:\/\/aoxuancnc.com\/wp-content\/uploads\/2025\/09\/shearing-machine-CE-8x12.jpg 8w, https:\/\/aoxuancnc.com\/wp-content\/uploads\/2025\/09\/shearing-machine-CE-53x75.jpg 53w, https:\/\/aoxuancnc.com\/wp-content\/uploads\/2025\/09\/shearing-machine-CE-480x682.jpg 480w, https:\/\/aoxuancnc.com\/wp-content\/uploads\/2025\/09\/shearing-machine-CE.jpg 800w\" sizes=\"auto, (max-width:767px) 480px, 500px\" \/><\/p>\n<h3><strong>Ausstellung:<\/strong><\/h3>\n<p><img loading=\"lazy\" decoding=\"async\" class=\"alignnone size-medium wp-image-475\" src=\"https:\/\/aoxuancnc.com\/wp-content\/uploads\/2025\/09\/Exhibition-1-500x500.jpg\" alt=\"\" width=\"500\" height=\"500\" srcset=\"https:\/\/aoxuancnc.com\/wp-content\/uploads\/2025\/09\/Exhibition-1-500x500.jpg 500w, https:\/\/aoxuancnc.com\/wp-content\/uploads\/2025\/09\/Exhibition-1-300x300.jpg 300w, https:\/\/aoxuancnc.com\/wp-content\/uploads\/2025\/09\/Exhibition-1-768x768.jpg 768w, https:\/\/aoxuancnc.com\/wp-content\/uploads\/2025\/09\/Exhibition-1-12x12.jpg 12w, https:\/\/aoxuancnc.com\/wp-content\/uploads\/2025\/09\/Exhibition-1-150x150.jpg 150w, https:\/\/aoxuancnc.com\/wp-content\/uploads\/2025\/09\/Exhibition-1-75x75.jpg 75w, https:\/\/aoxuancnc.com\/wp-content\/uploads\/2025\/09\/Exhibition-1-480x480.jpg 480w, https:\/\/aoxuancnc.com\/wp-content\/uploads\/2025\/09\/Exhibition-1.jpg 800w\" sizes=\"auto, (max-width:767px) 480px, 500px\" \/><\/p>\n<p>&nbsp;<\/p>\n<h3><strong>Verpackung und Lieferung:<\/strong><\/h3>\n<p><img loading=\"lazy\" decoding=\"async\" class=\"alignnone wp-image-442\" src=\"https:\/\/aoxuancnc.com\/wp-content\/uploads\/2025\/09\/packing-444x500.jpg\" alt=\"\" width=\"500\" height=\"563\" srcset=\"https:\/\/aoxuancnc.com\/wp-content\/uploads\/2025\/09\/packing-444x500.jpg 444w, https:\/\/aoxuancnc.com\/wp-content\/uploads\/2025\/09\/packing-267x300.jpg 267w, https:\/\/aoxuancnc.com\/wp-content\/uploads\/2025\/09\/packing-768x864.jpg 768w, https:\/\/aoxuancnc.com\/wp-content\/uploads\/2025\/09\/packing-11x12.jpg 11w, https:\/\/aoxuancnc.com\/wp-content\/uploads\/2025\/09\/packing-67x75.jpg 67w, https:\/\/aoxuancnc.com\/wp-content\/uploads\/2025\/09\/packing-480x540.jpg 480w, https:\/\/aoxuancnc.com\/wp-content\/uploads\/2025\/09\/packing.jpg 800w\" sizes=\"auto, (max-width:767px) 480px, 500px\" \/><\/p>\n<h3><strong>H\u00e4ufig gestellte Fragen:<\/strong><\/h3>\n<p>1. Sind Sie der Hersteller? K\u00f6nnen wir Ihre Fabrik besichtigen?<br \/>\nWir sind Hersteller und haben unseren Sitz in Anhui, China. Und wir haben unser eigenes Designteam f\u00fcr das Produktdesign.<\/p>\n<p>2.Was ist Ihr Hauptprodukt und was ist Ihr wichtigster Auslandsmarkt?<br \/>\nUnsere Hauptprodukte sind Abkantpressen, Scherenmaschinen, Pressen, Schneidemaschinen, Verriegelungsmaschinen, automatische Kanalleitungen und verwandte Produkte.<br \/>\nUnsere wichtigsten Auslandsm\u00e4rkte sind Asien, Nordamerika, Europa und Afrika.<\/p>\n<p>3. Was sind die Vorteile Ihrer Maschinen? Und wie kann ich der Qualit\u00e4t Ihres Produkts vertrauen?<br \/>\nDie Hauptkonfiguration besteht darin, Qualit\u00e4tsprodukte zu importieren, und ein professionelles Team zur Produktqualit\u00e4tspr\u00fcfung stellt sicher, dass die Maschine in<br \/>\nH\u00f6chste Qualit\u00e4t, Pr\u00e4zision und Lebensdauer.<\/p>\n<p>4. K\u00f6nnen Sie die Informationen zum Produktionsprozess rechtzeitig nach der Bestellung aktualisieren?<br \/>\nNachdem wir Ihre Bestellung best\u00e4tigt haben, halten wir Sie per E-Mail und mit Fotos \u00fcber die Produktionsdetails auf dem Laufenden.<\/p>\n<p>5. K\u00f6nnen wir Ihr Agent sein?<br \/>\nJa, wir suchen einen globalen Agenten. Wir werden dem Agenten helfen, den Markt zu verbessern.<\/p>\n<p>6. Zahlungsbedingungen?<br \/>\nT\/T, L\/C, Western Union, Paypal, Alibaba Sichere Zahlung usw.<\/p>\n<p>7. Stellen Sie Metallteile f\u00fcr das Produkt bereit und geben Sie uns technische Anleitungen?<br \/>\nVerschlei\u00dfteile, Demontagewerkzeug (kostenlos) sind, was wir zur Verf\u00fcgung stellen k\u00f6nnten. Und wir k\u00f6nnen Ihnen technische Beratung geben. Unser technisches Personal kann gehen<br \/>\nim Ausland, um Sie technisch zu beraten.<\/p>\n<p>8. Wie lange ist Ihre Garantie?<br \/>\n13 Monate kostenlose Garantie, lebenslange Wartung.<\/p>\n<p>9. Akzeptieren Sie Kundenlogos und individuelle Anpassungen?<br \/>\nJa.<\/p>\n<p>&nbsp;<\/p>\n<p>&nbsp;<\/p>\n<p>&nbsp;<\/p>\n<p>&nbsp;<\/p>\n<p>&nbsp;<\/p>","protected":false},"excerpt":{"rendered":"<p><strong>Produktdetails<\/strong><br \/>\nHerkunftsort: China<br \/>\nMarkenname: AOXUANZG<br \/>\nZertifizierung: CE<br \/>\nModellnummer: QC11Y-6X3200<\/p>\n<p><strong>Zahlungs- und Versandbedingungen<\/strong><br \/>\nMindestbestellmenge: 1 Satz<br \/>\nVerpackungsdetails: Standard-Exportverpackung<br \/>\nLieferzeit: 30 Tage<br \/>\nZahlungsbedingungen: L\/C, T\/T, Western Union, MoneyGram<br \/>\nLieferf\u00e4higkeit: 50 S\u00e4tze\/Jahr<\/p>","protected":false},"featured_media":579,"template":"","meta":[],"product_brand":[21],"product_cat":[5],"product_tag":[50,28,25,27],"class_list":{"0":"post-582","1":"product","2":"type-product","3":"status-publish","4":"has-post-thumbnail","6":"product_brand-aoxuanzg","7":"product_cat-hydraulic-guillotine-shearing-machine","8":"product_tag-cnc-hydraulic-cutting-machine","9":"product_tag-e21s-hydraulic-cutter","10":"product_tag-guillotine-shearing-machine","11":"product_tag-metal-steel-plate-cutting-machine","13":"first","14":"instock","15":"shipping-taxable","16":"product-type-external"},"yoast_head":"<!-- This site is optimized with the Yoast SEO plugin v24.9 - https:\/\/yoast.com\/wordpress\/plugins\/seo\/ -->\n<title>QC11Y Hydraulic Guillotine Shearing Machine E21S 6*3200 Metal Plate Cutting Machine for Iron - AOXUANZG<\/title>\n<meta name=\"robots\" content=\"index, follow, max-snippet:-1, max-image-preview:large, max-video-preview:-1\" \/>\n<link rel=\"canonical\" href=\"http:\/\/aoxuancnc.com\/de\/produkt\/qc11y-hydraulic-guillotine-shearing-machine-e21s-63200-metal-plate-cutting-machine-for-iron\/\" \/>\n<meta property=\"og:locale\" content=\"de_DE\" \/>\n<meta property=\"og:type\" content=\"article\" \/>\n<meta property=\"og:title\" content=\"QC11Y Hydraulic Guillotine Shearing Machine E21S 6*3200 Metal Plate Cutting Machine for Iron - AOXUANZG\" \/>\n<meta property=\"og:description\" content=\"Product Details Place of Origin: China Brand Name: AOXUANZG Certification: CE Model Number: QC11Y-6X3200  Payment &amp; Shipping Terms Minimum Order Quantity: 1 Set Packaging Details: Standard export packing Delivery time: 30 days Payment Terms: L\/C, T\/T, Western Union, MoneyGram Supply Ability: 50 sets\/Year\" \/>\n<meta property=\"og:url\" content=\"http:\/\/aoxuancnc.com\/de\/produkt\/qc11y-hydraulic-guillotine-shearing-machine-e21s-63200-metal-plate-cutting-machine-for-iron\/\" \/>\n<meta property=\"og:site_name\" content=\"AOXUANZG\" \/>\n<meta property=\"article:modified_time\" content=\"2025-09-23T06:16:16+00:00\" \/>\n<meta property=\"og:image\" content=\"http:\/\/aoxuancnc.com\/wp-content\/uploads\/2025\/09\/6x3200-hydraulic-cutting-with-with-E21S-8.jpg\" \/>\n\t<meta property=\"og:image:width\" content=\"800\" \/>\n\t<meta property=\"og:image:height\" content=\"800\" \/>\n\t<meta property=\"og:image:type\" content=\"image\/jpeg\" \/>\n<meta name=\"twitter:card\" content=\"summary_large_image\" \/>\n<meta name=\"twitter:label1\" content=\"Gesch\u00e4tzte Lesezeit\" \/>\n\t<meta name=\"twitter:data1\" content=\"5\u00a0Minuten\" \/>\n<script type=\"application\/ld+json\" class=\"yoast-schema-graph\">{\"@context\":\"https:\/\/schema.org\",\"@graph\":[{\"@type\":\"WebPage\",\"@id\":\"http:\/\/aoxuancnc.com\/product\/qc11y-hydraulic-guillotine-shearing-machine-e21s-63200-metal-plate-cutting-machine-for-iron\/\",\"url\":\"http:\/\/aoxuancnc.com\/product\/qc11y-hydraulic-guillotine-shearing-machine-e21s-63200-metal-plate-cutting-machine-for-iron\/\",\"name\":\"QC11Y Hydraulic Guillotine Shearing Machine E21S 6*3200 Metal Plate Cutting Machine for Iron - AOXUANZG\",\"isPartOf\":{\"@id\":\"http:\/\/aoxuancnc.com\/#website\"},\"primaryImageOfPage\":{\"@id\":\"http:\/\/aoxuancnc.com\/product\/qc11y-hydraulic-guillotine-shearing-machine-e21s-63200-metal-plate-cutting-machine-for-iron\/#primaryimage\"},\"image\":{\"@id\":\"http:\/\/aoxuancnc.com\/product\/qc11y-hydraulic-guillotine-shearing-machine-e21s-63200-metal-plate-cutting-machine-for-iron\/#primaryimage\"},\"thumbnailUrl\":\"https:\/\/aoxuancnc.com\/wp-content\/uploads\/2025\/09\/6x3200-hydraulic-cutting-with-with-E21S-8.jpg\",\"datePublished\":\"2025-09-23T06:10:41+00:00\",\"dateModified\":\"2025-09-23T06:16:16+00:00\",\"breadcrumb\":{\"@id\":\"http:\/\/aoxuancnc.com\/product\/qc11y-hydraulic-guillotine-shearing-machine-e21s-63200-metal-plate-cutting-machine-for-iron\/#breadcrumb\"},\"inLanguage\":\"de\",\"potentialAction\":[{\"@type\":\"ReadAction\",\"target\":[\"http:\/\/aoxuancnc.com\/product\/qc11y-hydraulic-guillotine-shearing-machine-e21s-63200-metal-plate-cutting-machine-for-iron\/\"]}]},{\"@type\":\"ImageObject\",\"inLanguage\":\"de\",\"@id\":\"http:\/\/aoxuancnc.com\/product\/qc11y-hydraulic-guillotine-shearing-machine-e21s-63200-metal-plate-cutting-machine-for-iron\/#primaryimage\",\"url\":\"https:\/\/aoxuancnc.com\/wp-content\/uploads\/2025\/09\/6x3200-hydraulic-cutting-with-with-E21S-8.jpg\",\"contentUrl\":\"https:\/\/aoxuancnc.com\/wp-content\/uploads\/2025\/09\/6x3200-hydraulic-cutting-with-with-E21S-8.jpg\",\"width\":800,\"height\":800},{\"@type\":\"BreadcrumbList\",\"@id\":\"http:\/\/aoxuancnc.com\/product\/qc11y-hydraulic-guillotine-shearing-machine-e21s-63200-metal-plate-cutting-machine-for-iron\/#breadcrumb\",\"itemListElement\":[{\"@type\":\"ListItem\",\"position\":1,\"name\":\"\u9996\u9875\",\"item\":\"http:\/\/aoxuancnc.com\/\"},{\"@type\":\"ListItem\",\"position\":2,\"name\":\"Product\",\"item\":\"https:\/\/aoxuancnc.com\/ru\/product\/\"},{\"@type\":\"ListItem\",\"position\":3,\"name\":\"QC11Y Hydraulic Guillotine Shearing Machine E21S 6*3200 Metal Plate Cutting Machine for Iron\"}]},{\"@type\":\"WebSite\",\"@id\":\"http:\/\/aoxuancnc.com\/#website\",\"url\":\"http:\/\/aoxuancnc.com\/\",\"name\":\"AOXUANZG\",\"description\":\"Anhui Aoxuan Heavy Industry Machine Co., Ltd\",\"potentialAction\":[{\"@type\":\"SearchAction\",\"target\":{\"@type\":\"EntryPoint\",\"urlTemplate\":\"http:\/\/aoxuancnc.com\/?s={search_term_string}\"},\"query-input\":{\"@type\":\"PropertyValueSpecification\",\"valueRequired\":true,\"valueName\":\"search_term_string\"}}],\"inLanguage\":\"de\"}]}<\/script>\n<!-- \/ Yoast SEO plugin. -->","yoast_head_json":{"title":"QC11Y Hydraulic Guillotine Shearing Machine E21S 6*3200 Metal Plate Cutting Machine for Iron - AOXUANZG","robots":{"index":"index","follow":"follow","max-snippet":"max-snippet:-1","max-image-preview":"max-image-preview:large","max-video-preview":"max-video-preview:-1"},"canonical":"http:\/\/aoxuancnc.com\/de\/produkt\/qc11y-hydraulic-guillotine-shearing-machine-e21s-63200-metal-plate-cutting-machine-for-iron\/","og_locale":"de_DE","og_type":"article","og_title":"QC11Y Hydraulic Guillotine Shearing Machine E21S 6*3200 Metal Plate Cutting Machine for Iron - AOXUANZG","og_description":"Product Details Place of Origin: China Brand Name: AOXUANZG Certification: CE Model Number: QC11Y-6X3200  Payment &amp; Shipping Terms Minimum Order Quantity: 1 Set Packaging Details: Standard export packing Delivery time: 30 days Payment Terms: L\/C, T\/T, Western Union, MoneyGram Supply Ability: 50 sets\/Year","og_url":"http:\/\/aoxuancnc.com\/de\/produkt\/qc11y-hydraulic-guillotine-shearing-machine-e21s-63200-metal-plate-cutting-machine-for-iron\/","og_site_name":"AOXUANZG","article_modified_time":"2025-09-23T06:16:16+00:00","og_image":[{"width":800,"height":800,"url":"http:\/\/aoxuancnc.com\/wp-content\/uploads\/2025\/09\/6x3200-hydraulic-cutting-with-with-E21S-8.jpg","type":"image\/jpeg"}],"twitter_card":"summary_large_image","twitter_misc":{"Gesch\u00e4tzte Lesezeit":"5\u00a0Minuten"},"schema":{"@context":"https:\/\/schema.org","@graph":[{"@type":"WebPage","@id":"http:\/\/aoxuancnc.com\/product\/qc11y-hydraulic-guillotine-shearing-machine-e21s-63200-metal-plate-cutting-machine-for-iron\/","url":"http:\/\/aoxuancnc.com\/product\/qc11y-hydraulic-guillotine-shearing-machine-e21s-63200-metal-plate-cutting-machine-for-iron\/","name":"QC11Y Hydraulic Guillotine Shearing Machine E21S 6*3200 Metal Plate Cutting Machine for Iron - AOXUANZG","isPartOf":{"@id":"http:\/\/aoxuancnc.com\/#website"},"primaryImageOfPage":{"@id":"http:\/\/aoxuancnc.com\/product\/qc11y-hydraulic-guillotine-shearing-machine-e21s-63200-metal-plate-cutting-machine-for-iron\/#primaryimage"},"image":{"@id":"http:\/\/aoxuancnc.com\/product\/qc11y-hydraulic-guillotine-shearing-machine-e21s-63200-metal-plate-cutting-machine-for-iron\/#primaryimage"},"thumbnailUrl":"https:\/\/aoxuancnc.com\/wp-content\/uploads\/2025\/09\/6x3200-hydraulic-cutting-with-with-E21S-8.jpg","datePublished":"2025-09-23T06:10:41+00:00","dateModified":"2025-09-23T06:16:16+00:00","breadcrumb":{"@id":"http:\/\/aoxuancnc.com\/product\/qc11y-hydraulic-guillotine-shearing-machine-e21s-63200-metal-plate-cutting-machine-for-iron\/#breadcrumb"},"inLanguage":"de","potentialAction":[{"@type":"ReadAction","target":["http:\/\/aoxuancnc.com\/product\/qc11y-hydraulic-guillotine-shearing-machine-e21s-63200-metal-plate-cutting-machine-for-iron\/"]}]},{"@type":"ImageObject","inLanguage":"de","@id":"http:\/\/aoxuancnc.com\/product\/qc11y-hydraulic-guillotine-shearing-machine-e21s-63200-metal-plate-cutting-machine-for-iron\/#primaryimage","url":"https:\/\/aoxuancnc.com\/wp-content\/uploads\/2025\/09\/6x3200-hydraulic-cutting-with-with-E21S-8.jpg","contentUrl":"https:\/\/aoxuancnc.com\/wp-content\/uploads\/2025\/09\/6x3200-hydraulic-cutting-with-with-E21S-8.jpg","width":800,"height":800},{"@type":"BreadcrumbList","@id":"http:\/\/aoxuancnc.com\/product\/qc11y-hydraulic-guillotine-shearing-machine-e21s-63200-metal-plate-cutting-machine-for-iron\/#breadcrumb","itemListElement":[{"@type":"ListItem","position":1,"name":"\u9996\u9875","item":"http:\/\/aoxuancnc.com\/"},{"@type":"ListItem","position":2,"name":"Product","item":"https:\/\/aoxuancnc.com\/ru\/product\/"},{"@type":"ListItem","position":3,"name":"QC11Y Hydraulic Guillotine Shearing Machine E21S 6*3200 Metal Plate Cutting Machine for Iron"}]},{"@type":"WebSite","@id":"http:\/\/aoxuancnc.com\/#website","url":"http:\/\/aoxuancnc.com\/","name":"AOXUANZG","description":"Anhui Aoxuan Heavy Industry Machine Co., Ltd","potentialAction":[{"@type":"SearchAction","target":{"@type":"EntryPoint","urlTemplate":"http:\/\/aoxuancnc.com\/?s={search_term_string}"},"query-input":{"@type":"PropertyValueSpecification","valueRequired":true,"valueName":"search_term_string"}}],"inLanguage":"de"}]}},"_links":{"self":[{"href":"https:\/\/aoxuancnc.com\/de\/wp-json\/wp\/v2\/product\/582","targetHints":{"allow":["GET"]}}],"collection":[{"href":"https:\/\/aoxuancnc.com\/de\/wp-json\/wp\/v2\/product"}],"about":[{"href":"https:\/\/aoxuancnc.com\/de\/wp-json\/wp\/v2\/types\/product"}],"wp:featuredmedia":[{"embeddable":true,"href":"https:\/\/aoxuancnc.com\/de\/wp-json\/wp\/v2\/media\/579"}],"wp:attachment":[{"href":"https:\/\/aoxuancnc.com\/de\/wp-json\/wp\/v2\/media?parent=582"}],"wp:term":[{"taxonomy":"product_brand","embeddable":true,"href":"https:\/\/aoxuancnc.com\/de\/wp-json\/wp\/v2\/product_brand?post=582"},{"taxonomy":"product_cat","embeddable":true,"href":"https:\/\/aoxuancnc.com\/de\/wp-json\/wp\/v2\/product_cat?post=582"},{"taxonomy":"product_tag","embeddable":true,"href":"https:\/\/aoxuancnc.com\/de\/wp-json\/wp\/v2\/product_tag?post=582"}],"curies":[{"name":"wp","href":"https:\/\/api.w.org\/{rel}","templated":true}]}}