{"id":586,"date":"2025-09-23T06:25:40","date_gmt":"2025-09-23T06:25:40","guid":{"rendered":"https:\/\/aoxuancnc.com\/?post_type=product&#038;p=586"},"modified":"2025-09-23T07:31:46","modified_gmt":"2025-09-23T07:31:46","slug":"pre-bending-202500mm-hydraulic-4-roller-plate-rolling-bending-machine-cnc-rolling-machine","status":"publish","type":"product","link":"https:\/\/aoxuancnc.com\/de\/produkt\/pre-bending-202500mm-hydraulic-4-roller-plate-rolling-bending-machine-cnc-rolling-machine\/","title":{"rendered":"Vorbiegen 20*2500mm Hydraulische 4-Rollen-Plattenwalzbiegemaschine CNC-Walzmaschine"},"content":{"rendered":"<p><iframe loading=\"lazy\" title=\"Vier-Walzen-CNC-Walzmaschine\" width=\"1220\" height=\"915\" src=\"https:\/\/www.youtube.com\/embed\/khio25160Zo?feature=oembed\" frameborder=\"0\" allow=\"accelerometer; autoplay; clipboard-write; encrypted-media; gyroscope; picture-in-picture; web-share\" referrerpolicy=\"strict-origin-when-cross-origin\" allowfullscreen><\/iframe><\/p>\n<h1 title=\"Vorbiegen 20*3000mm Hydraulische 4-Rollen-Plattenwalzbiegemaschine CNC-Walzmaschine\" data-spm-anchor-id=\"a2700.details.0.i36.3c81593fca0WK1\">Vorbiegen 20*2500mm Hydraulische 4-Rollen-Plattenwalzbiegemaschine CNC-Walzmaschine<\/h1>\n<p><img loading=\"lazy\" decoding=\"async\" class=\"alignnone wp-image-588 size-full\" src=\"https:\/\/aoxuancnc.com\/wp-content\/uploads\/2025\/09\/cnc-plate-rolling-machine-four-roll-bending-machine-1-e1758608887942.jpeg\" alt=\"\" width=\"800\" height=\"571\" \/><\/p>\n<h4 class=\"ds-markdown-paragraph\"><strong>Vier-Rollen-Blechwalzmaschine der W12CNC-Serie<\/strong><\/h4>\n<p class=\"ds-markdown-paragraph\">Bei dieser Maschine handelt es sich um eine Vierwalzen-Blechwalzmaschine. Ihr Funktionsprinzip beruht auf der koordinierten Bewegung von vier Walzen:<\/p>\n<ul>\n<li>\n<p class=\"ds-markdown-paragraph\"><strong>Obere Walze:<\/strong>\u00a0Fungiert als Hauptantrieb und dreht sich, um die Platte durchzuziehen.<\/p>\n<\/li>\n<li>\n<p class=\"ds-markdown-paragraph\"><strong>Untere Walze:<\/strong>\u00a0Bewegt sich vertikal, um die Platte festzuklemmen und die notwendige Vorschubreibung zu erzeugen.<\/p>\n<\/li>\n<li>\n<p class=\"ds-markdown-paragraph\"><strong>Seitenrollen:<\/strong>\u00a0Passen Sie die Platte in einem Winkel zur vertikalen Achse nach oben und unten an und wenden Sie dabei pr\u00e4zise Kraft an, um sie in die gew\u00fcnschte Kr\u00fcmmung zu biegen.<\/p>\n<\/li>\n<\/ul>\n<p class=\"ds-markdown-paragraph\">Der wesentliche Vorteil dieser Konfiguration liegt in der M\u00f6glichkeit, die Seitenrollen sowohl f\u00fcr symmetrisches als auch f\u00fcr asymmetrisches Biegen einzustellen. Dadurch werden die ungebogenen flachen Enden an den Vorder- und Hinterkanten der Platte minimiert. Im Gegensatz zu Drei-Rollen-Maschinen entf\u00e4llt somit ein separater Vorbiegevorgang und spezielle Ausr\u00fcstung. Gleichzeitig wird eine Grobnivellierung erm\u00f6glicht.<\/p>\n<p class=\"ds-markdown-paragraph\">Aufgrund dieser Effizienz wird diese Maschine h\u00e4ufig in kritischen Sektoren eingesetzt, darunter in der Erd\u00f6l- und Chemieindustrie, im Kessel- und Druckbeh\u00e4lterbau, im Schiffsbau, in der Wasserkraft-, Metallbau- und Maschinenbauindustrie.<\/p>\n<h4 class=\"ds-markdown-paragraph\"><strong>Warum sollten Sie sich f\u00fcr unsere Vierwalzen-Biegemaschine entscheiden?<\/strong><\/h4>\n<ul>\n<li>\n<p class=\"ds-markdown-paragraph\"><strong>Erhebliche Energieeinsparungen:<\/strong>\u00a0Ein hocheffizientes hydraulisches Antriebssystem senkt den Energieverbrauch im Vergleich zu herk\u00f6mmlichen Maschinen um 40%.<\/p>\n<\/li>\n<li>\n<p class=\"ds-markdown-paragraph\"><strong>Wartungsfreier Betrieb:<\/strong>\u00a0Die Technologie der Dauerschmierung stellt sicher, dass die Lager w\u00e4hrend ihrer gesamten Lebensdauer wartungsfrei sind, was Zeit und Kosten spart.<\/p>\n<\/li>\n<li>\n<p class=\"ds-markdown-paragraph\"><strong>Maximale Produktivit\u00e4t:<\/strong>\u00a0Der einstellbare Klemmdruck verhindert ein Verrutschen und steigert Ihre Leistung um 50-80% im Vergleich zu Modellen mit drei Rollen.<\/p>\n<\/li>\n<li>\n<p class=\"ds-markdown-paragraph\"><strong>Au\u00dfergew\u00f6hnliche Flexibilit\u00e4t:<\/strong>\u00a0Erreichen Sie engere Biegungen und formen Sie Zylinder mit Durchmessern, die nur 1,1-mal so gro\u00df sind wie die Gr\u00f6\u00dfe der oberen Walze.<\/p>\n<\/li>\n<\/ul>\n<h2><span style=\"color: #003366;\"><strong><b>Plattenbiegeprozess<\/b><\/strong><\/span><\/h2>\n<p><img loading=\"lazy\" decoding=\"async\" class=\"alignnone wp-image-554\" src=\"https:\/\/aoxuancnc.com\/wp-content\/uploads\/2025\/09\/Rolling-process.png\" alt=\"\" width=\"900\" height=\"505\" srcset=\"https:\/\/aoxuancnc.com\/wp-content\/uploads\/2025\/09\/Rolling-process.png 800w, https:\/\/aoxuancnc.com\/wp-content\/uploads\/2025\/09\/Rolling-process-500x281.png 500w, https:\/\/aoxuancnc.com\/wp-content\/uploads\/2025\/09\/Rolling-process-300x168.png 300w, https:\/\/aoxuancnc.com\/wp-content\/uploads\/2025\/09\/Rolling-process-768x431.png 768w, https:\/\/aoxuancnc.com\/wp-content\/uploads\/2025\/09\/Rolling-process-18x10.png 18w, https:\/\/aoxuancnc.com\/wp-content\/uploads\/2025\/09\/Rolling-process-134x75.png 134w, https:\/\/aoxuancnc.com\/wp-content\/uploads\/2025\/09\/Rolling-process-480x269.png 480w\" sizes=\"auto, (max-width:767px) 480px, (max-width:900px) 100vw, 900px\" \/><\/p>\n<ol>\n<li>\n<p class=\"ds-markdown-paragraph\"><strong>Standardverfahren zum Walzen von Blechen<\/strong><\/p>\n<ol start=\"1\">\n<li>\n<p class=\"ds-markdown-paragraph\"><strong>Positionieren und Klemmen:<\/strong>\u00a0Richten Sie die Vorderkante der Platte an der vorderen Hauptrolle aus. Heben Sie die untere Rolle an, um die Platte sicher festzuklemmen.<\/p>\n<\/li>\n<li>\n<p class=\"ds-markdown-paragraph\"><strong>Set zum Vorbiegen:<\/strong>\u00a0Ziehen Sie die Platte zur\u00fcck, sodass sich ihre Vorderkante in der N\u00e4he des Quetschpunkts der oberen und unteren Walzen befindet. Senken Sie die vordere Walze ab und heben Sie die hintere Walze in ihre Vorbiegepositionen an.<\/p>\n<\/li>\n<li>\n<p class=\"ds-markdown-paragraph\"><strong>Kante vorbiegen:<\/strong>\u00a0Treiben Sie die Hauptrollen an, um die Platte zu drehen. Biegen Sie die Vorderkante auf die gew\u00fcnschte Kr\u00fcmmung vor.<\/p>\n<\/li>\n<li>\n<p class=\"ds-markdown-paragraph\"><strong>Zum Rollen bereit:<\/strong>\u00a0Senken Sie die hintere Seitenrolle ab und heben Sie die vordere Seitenrolle in ihre Ausgangspositionen f\u00fcr den vollst\u00e4ndigen Walzzyklus an.<\/p>\n<\/li>\n<li>\n<p class=\"ds-markdown-paragraph\"><strong>Rollen Sie den Teller:<\/strong>\u00a0Treiben Sie die Hauptrollen an, um die Platte kontinuierlich zu einem Zylinder zu rollen.<\/p>\n<\/li>\n<li>\n<p class=\"ds-markdown-paragraph\"><strong>Rolle fertigstellen:<\/strong>\u00a0Sobald sich die Hinterkante der Platte dem Quetschpunkt n\u00e4hert, stoppen Sie die Drehung, um den Rollvorgang abzuschlie\u00dfen.<\/p>\n<\/li>\n<\/ol>\n<\/li>\n<\/ol>\n<p><img loading=\"lazy\" decoding=\"async\" class=\"alignnone wp-image-399\" src=\"https:\/\/aoxuancnc.com\/wp-content\/uploads\/2025\/09\/cnc-four-plate-rolling-machine-2-1.png\" alt=\"\" width=\"800\" height=\"673\" srcset=\"https:\/\/aoxuancnc.com\/wp-content\/uploads\/2025\/09\/cnc-four-plate-rolling-machine-2-1.png 703w, https:\/\/aoxuancnc.com\/wp-content\/uploads\/2025\/09\/cnc-four-plate-rolling-machine-2-1-500x420.png 500w, https:\/\/aoxuancnc.com\/wp-content\/uploads\/2025\/09\/cnc-four-plate-rolling-machine-2-1-300x252.png 300w, https:\/\/aoxuancnc.com\/wp-content\/uploads\/2025\/09\/cnc-four-plate-rolling-machine-2-1-14x12.png 14w, https:\/\/aoxuancnc.com\/wp-content\/uploads\/2025\/09\/cnc-four-plate-rolling-machine-2-1-89x75.png 89w, https:\/\/aoxuancnc.com\/wp-content\/uploads\/2025\/09\/cnc-four-plate-rolling-machine-2-1-480x404.png 480w\" sizes=\"auto, (max-width:767px) 480px, (max-width:800px) 100vw, 800px\" \/><\/p>\n<p><img loading=\"lazy\" decoding=\"async\" class=\"alignnone wp-image-589 size-full\" src=\"https:\/\/aoxuancnc.com\/wp-content\/uploads\/2025\/09\/cnc-plate-rolling-machine-four-roll-bending-machine-1-1-e1758609065640.png\" alt=\"\" width=\"800\" height=\"512\" \/><\/p>\n<h2><span style=\"color: #000080;\">Maschinenparameter\u00a0<\/span><\/h2>\n<p><img loading=\"lazy\" decoding=\"async\" class=\"alignnone wp-image-400 size-full\" src=\"https:\/\/aoxuancnc.com\/wp-content\/uploads\/2025\/09\/cnc-four-plate-rolling-machine-3.jpg\" alt=\"\" width=\"751\" height=\"603\" srcset=\"https:\/\/aoxuancnc.com\/wp-content\/uploads\/2025\/09\/cnc-four-plate-rolling-machine-3.jpg 751w, https:\/\/aoxuancnc.com\/wp-content\/uploads\/2025\/09\/cnc-four-plate-rolling-machine-3-500x401.jpg 500w, https:\/\/aoxuancnc.com\/wp-content\/uploads\/2025\/09\/cnc-four-plate-rolling-machine-3-300x241.jpg 300w, https:\/\/aoxuancnc.com\/wp-content\/uploads\/2025\/09\/cnc-four-plate-rolling-machine-3-15x12.jpg 15w, https:\/\/aoxuancnc.com\/wp-content\/uploads\/2025\/09\/cnc-four-plate-rolling-machine-3-93x75.jpg 93w, https:\/\/aoxuancnc.com\/wp-content\/uploads\/2025\/09\/cnc-four-plate-rolling-machine-3-480x385.jpg 480w\" sizes=\"auto, (max-width:767px) 480px, 751px\" \/><\/p>\n<p><img loading=\"lazy\" decoding=\"async\" class=\"alignnone wp-image-402\" src=\"https:\/\/aoxuancnc.com\/wp-content\/uploads\/2025\/09\/cnc-four-plate-rolling-machine-1-1200x900.jpg\" alt=\"\" width=\"760\" height=\"570\" srcset=\"https:\/\/aoxuancnc.com\/wp-content\/uploads\/2025\/09\/cnc-four-plate-rolling-machine-1-1200x900.jpg 1200w, https:\/\/aoxuancnc.com\/wp-content\/uploads\/2025\/09\/cnc-four-plate-rolling-machine-1-500x375.jpg 500w, https:\/\/aoxuancnc.com\/wp-content\/uploads\/2025\/09\/cnc-four-plate-rolling-machine-1-300x225.jpg 300w, https:\/\/aoxuancnc.com\/wp-content\/uploads\/2025\/09\/cnc-four-plate-rolling-machine-1-768x576.jpg 768w, https:\/\/aoxuancnc.com\/wp-content\/uploads\/2025\/09\/cnc-four-plate-rolling-machine-1-1536x1152.jpg 1536w, https:\/\/aoxuancnc.com\/wp-content\/uploads\/2025\/09\/cnc-four-plate-rolling-machine-1-2048x1536.jpg 2048w, https:\/\/aoxuancnc.com\/wp-content\/uploads\/2025\/09\/cnc-four-plate-rolling-machine-1-16x12.jpg 16w, https:\/\/aoxuancnc.com\/wp-content\/uploads\/2025\/09\/cnc-four-plate-rolling-machine-1-100x75.jpg 100w, https:\/\/aoxuancnc.com\/wp-content\/uploads\/2025\/09\/cnc-four-plate-rolling-machine-1-960x720.jpg 960w, https:\/\/aoxuancnc.com\/wp-content\/uploads\/2025\/09\/cnc-four-plate-rolling-machine-1-480x360.jpg 480w, https:\/\/aoxuancnc.com\/wp-content\/uploads\/2025\/09\/cnc-four-plate-rolling-machine-1-800x600.jpg 800w\" sizes=\"auto, (max-width:767px) 480px, 760px\" \/><\/p>\n<p class=\"ds-markdown-paragraph\"><strong>Technische Merkmale des Steuerungssystems<\/strong><\/p>\n<ul>\n<li>\n<p class=\"ds-markdown-paragraph\"><strong>Kernarchitektur:<\/strong>\u00a0Besteht aus einer hochzuverl\u00e4ssigen industriellen SPS und Drehgebern und bildet ein leistungsstarkes, stabiles Steuerungssystem.<\/p>\n<\/li>\n<li>\n<p class=\"ds-markdown-paragraph\"><strong>CNC-Funktionen:<\/strong>\u00a0Bietet Echtzeit\u00fcberwachung, nahtlose Daten\u00fcbertragung und eine Ausschaltspeicherfunktion zum Beibehalten der Einstellungen.<\/p>\n<\/li>\n<li>\n<p class=\"ds-markdown-paragraph\"><strong>Pr\u00e4zise Synchronisierung:<\/strong>\u00a0Die SPS steuert automatisch die Unter- und Seitenrollen und garantiert eine Synchronisationspr\u00e4zision von \u00b10,15 mm.<\/p>\n<\/li>\n<li>\n<p class=\"ds-markdown-paragraph\"><strong>Mensch-Maschine-Schnittstelle (HMI):<\/strong>\u00a0Ein programmierbares Display zeigt die Rollenpositionen in Echtzeit an und erm\u00f6glicht die Parametereinstellung.<\/p>\n<\/li>\n<li>\n<p class=\"ds-markdown-paragraph\"><strong>Hochpr\u00e4zise Erfassung:<\/strong>\u00a0Wegaufnehmer bieten eine Aufl\u00f6sung von 0,10 mm und eine Anzeigegenauigkeit von \u00b10,10 mm.<\/p>\n<\/li>\n<li>\n<p class=\"ds-markdown-paragraph\"><strong>Intelligente Funktionalit\u00e4t:<\/strong>\u00a0Ausgestattet mit einer automatischen Selbstdiagnose- und Beurteilungsfunktion.<\/p>\n<\/li>\n<\/ul>\n<ol>\n<li style=\"list-style-type: none;\"><\/li>\n<\/ol>\n<h3><span style=\"color: #003366;\"><strong>Hydraulische Vierwalzenwalzmaschinenkonfigurationen\u00a0<\/strong><\/span><\/h3>\n<p><img loading=\"lazy\" decoding=\"async\" class=\"alignnone wp-image-404 size-full\" src=\"https:\/\/aoxuancnc.com\/wp-content\/uploads\/2025\/09\/Plate-rolling-machine-parameters-1.jpg\" alt=\"\" width=\"753\" height=\"507\" srcset=\"https:\/\/aoxuancnc.com\/wp-content\/uploads\/2025\/09\/Plate-rolling-machine-parameters-1.jpg 753w, https:\/\/aoxuancnc.com\/wp-content\/uploads\/2025\/09\/Plate-rolling-machine-parameters-1-500x337.jpg 500w, https:\/\/aoxuancnc.com\/wp-content\/uploads\/2025\/09\/Plate-rolling-machine-parameters-1-300x202.jpg 300w, https:\/\/aoxuancnc.com\/wp-content\/uploads\/2025\/09\/Plate-rolling-machine-parameters-1-18x12.jpg 18w, https:\/\/aoxuancnc.com\/wp-content\/uploads\/2025\/09\/Plate-rolling-machine-parameters-1-111x75.jpg 111w, https:\/\/aoxuancnc.com\/wp-content\/uploads\/2025\/09\/Plate-rolling-machine-parameters-1-480x323.jpg 480w\" sizes=\"auto, (max-width:767px) 480px, 753px\" \/><\/p>\n<p><img loading=\"lazy\" decoding=\"async\" class=\"alignnone wp-image-405 size-full\" src=\"https:\/\/aoxuancnc.com\/wp-content\/uploads\/2025\/09\/Plate-rolling-machine-parameters-2.jpg\" alt=\"\" width=\"752\" height=\"389\" srcset=\"https:\/\/aoxuancnc.com\/wp-content\/uploads\/2025\/09\/Plate-rolling-machine-parameters-2.jpg 752w, https:\/\/aoxuancnc.com\/wp-content\/uploads\/2025\/09\/Plate-rolling-machine-parameters-2-500x259.jpg 500w, https:\/\/aoxuancnc.com\/wp-content\/uploads\/2025\/09\/Plate-rolling-machine-parameters-2-300x155.jpg 300w, https:\/\/aoxuancnc.com\/wp-content\/uploads\/2025\/09\/Plate-rolling-machine-parameters-2-18x9.jpg 18w, https:\/\/aoxuancnc.com\/wp-content\/uploads\/2025\/09\/Plate-rolling-machine-parameters-2-145x75.jpg 145w, https:\/\/aoxuancnc.com\/wp-content\/uploads\/2025\/09\/Plate-rolling-machine-parameters-2-480x248.jpg 480w\" sizes=\"auto, (max-width:767px) 480px, 752px\" \/><\/p>\n<p><img loading=\"lazy\" decoding=\"async\" class=\"alignnone wp-image-557 size-full\" src=\"https:\/\/aoxuancnc.com\/wp-content\/uploads\/2025\/09\/cnc-plate-rolling-machine-four-roll-bending-machine-6.jpeg\" alt=\"\" width=\"800\" height=\"827\" srcset=\"https:\/\/aoxuancnc.com\/wp-content\/uploads\/2025\/09\/cnc-plate-rolling-machine-four-roll-bending-machine-6.jpeg 800w, https:\/\/aoxuancnc.com\/wp-content\/uploads\/2025\/09\/cnc-plate-rolling-machine-four-roll-bending-machine-6-484x500.jpeg 484w, https:\/\/aoxuancnc.com\/wp-content\/uploads\/2025\/09\/cnc-plate-rolling-machine-four-roll-bending-machine-6-290x300.jpeg 290w, https:\/\/aoxuancnc.com\/wp-content\/uploads\/2025\/09\/cnc-plate-rolling-machine-four-roll-bending-machine-6-768x794.jpeg 768w, https:\/\/aoxuancnc.com\/wp-content\/uploads\/2025\/09\/cnc-plate-rolling-machine-four-roll-bending-machine-6-12x12.jpeg 12w, https:\/\/aoxuancnc.com\/wp-content\/uploads\/2025\/09\/cnc-plate-rolling-machine-four-roll-bending-machine-6-73x75.jpeg 73w, https:\/\/aoxuancnc.com\/wp-content\/uploads\/2025\/09\/cnc-plate-rolling-machine-four-roll-bending-machine-6-480x496.jpeg 480w\" sizes=\"auto, (max-width:767px) 480px, (max-width:800px) 100vw, 800px\" \/><\/p>\n<p>&nbsp;<\/p>","protected":false},"excerpt":{"rendered":"<p>1. Preisinhalt FOB Shanghai-Preis, China<\/p>\n<p>2. G\u00fcltiger Preis: innerhalb von 30 Tagen;<\/p>\n<p>3. Zahlungsmethode: Wenn der Produktkaufvertrag und die technische Vereinbarung unterzeichnet sind, werden 30% des Gesamtbetrags des Vertrags bezahlt, und 70% des Gesamtbetrags des Vertrags werden zum Zeitpunkt der Lieferung per T\/T oder L\/C bezahlt.<\/p>\n<p>4. Lieferzeit: 30 Werktage nach Erhalt der Anzahlung;<\/p>\n<p>5. Verpackung: einfache Verpackung, kein Recycling;<\/p>","protected":false},"featured_media":587,"template":"","meta":[],"product_brand":[21],"product_cat":[43],"product_tag":[47,49,57,48],"class_list":{"0":"post-586","1":"product","2":"type-product","3":"status-publish","4":"has-post-thumbnail","6":"product_brand-aoxuanzg","7":"product_cat-cnc-metal-rolling-machine","8":"product_tag-cnc-metal-rolling-machine","9":"product_tag-four-roller-plate-bending-machine","10":"product_tag-hydraulic-plate-rolling-machine","11":"product_tag-plate-rolling-machine","13":"first","14":"instock","15":"shipping-taxable","16":"product-type-simple"},"yoast_head":"<!-- This site is optimized with the Yoast SEO plugin v24.9 - https:\/\/yoast.com\/wordpress\/plugins\/seo\/ -->\n<title>Pre Bending 20*2500mm Hydraulic 4 Roller Plate Rolling Bending Machine CNC Rolling Machine - AOXUANZG<\/title>\n<meta name=\"robots\" content=\"index, follow, max-snippet:-1, max-image-preview:large, max-video-preview:-1\" \/>\n<link rel=\"canonical\" href=\"https:\/\/aoxuancnc.com\/de\/produkt\/pre-bending-202500mm-hydraulic-4-roller-plate-rolling-bending-machine-cnc-rolling-machine\/\" \/>\n<meta property=\"og:locale\" content=\"de_DE\" \/>\n<meta property=\"og:type\" content=\"article\" \/>\n<meta property=\"og:title\" content=\"Pre Bending 20*2500mm Hydraulic 4 Roller Plate Rolling Bending Machine CNC Rolling Machine - AOXUANZG\" \/>\n<meta property=\"og:description\" content=\"1\u3001Price content FOB Shanghaiprice , China  2\u3001Valid\u00a0price:\u00a0within\u00a030\u00a0days;  3\u3001Payment\u00a0method:\u00a0When\u00a0the\u00a0product sales\u00a0contract\u00a0and technical\u00a0agreement\u00a0are signed,\u00a030%\u00a0of\u00a0the\u00a0total\u00a0amount\u00a0of\u00a0the\u00a0contract\u00a0will\u00a0be\u00a0paid,\u00a0and\u00a070%\u00a0of the\u00a0total\u00a0amount\u00a0of\u00a0the contract will\u00a0be\u00a0paid\u00a0at the\u00a0time\u00a0of\u00a0delivery\u00a0by\u00a0T\/T\u00a0or\u00a0L\/C.  4\u3001Delivery\u00a0period:\u00a030\u00a0working days\u00a0after\u00a0receipt\u00a0the\u00a0deposit;  5\u3001Packing: simple packaging, not recycling;\" \/>\n<meta property=\"og:url\" content=\"https:\/\/aoxuancnc.com\/de\/produkt\/pre-bending-202500mm-hydraulic-4-roller-plate-rolling-bending-machine-cnc-rolling-machine\/\" \/>\n<meta property=\"og:site_name\" content=\"AOXUANZG\" \/>\n<meta property=\"article:modified_time\" content=\"2025-09-23T07:31:46+00:00\" \/>\n<meta property=\"og:image\" content=\"https:\/\/aoxuancnc.com\/wp-content\/uploads\/2025\/09\/Hydraulic-Four-Roller-Plate-Bending-Machine-1.jpg\" \/>\n\t<meta property=\"og:image:width\" content=\"800\" \/>\n\t<meta property=\"og:image:height\" content=\"800\" \/>\n\t<meta property=\"og:image:type\" content=\"image\/jpeg\" \/>\n<meta name=\"twitter:card\" content=\"summary_large_image\" \/>\n<meta name=\"twitter:label1\" content=\"Gesch\u00e4tzte Lesezeit\" \/>\n\t<meta name=\"twitter:data1\" content=\"5\u00a0Minuten\" \/>\n<script type=\"application\/ld+json\" class=\"yoast-schema-graph\">{\"@context\":\"https:\/\/schema.org\",\"@graph\":[{\"@type\":\"WebPage\",\"@id\":\"https:\/\/aoxuancnc.com\/product\/pre-bending-202500mm-hydraulic-4-roller-plate-rolling-bending-machine-cnc-rolling-machine\/\",\"url\":\"https:\/\/aoxuancnc.com\/product\/pre-bending-202500mm-hydraulic-4-roller-plate-rolling-bending-machine-cnc-rolling-machine\/\",\"name\":\"Pre Bending 20*2500mm Hydraulic 4 Roller Plate Rolling Bending Machine CNC Rolling Machine - AOXUANZG\",\"isPartOf\":{\"@id\":\"http:\/\/aoxuancnc.com\/#website\"},\"primaryImageOfPage\":{\"@id\":\"https:\/\/aoxuancnc.com\/product\/pre-bending-202500mm-hydraulic-4-roller-plate-rolling-bending-machine-cnc-rolling-machine\/#primaryimage\"},\"image\":{\"@id\":\"https:\/\/aoxuancnc.com\/product\/pre-bending-202500mm-hydraulic-4-roller-plate-rolling-bending-machine-cnc-rolling-machine\/#primaryimage\"},\"thumbnailUrl\":\"https:\/\/aoxuancnc.com\/wp-content\/uploads\/2025\/09\/Hydraulic-Four-Roller-Plate-Bending-Machine-1.jpg\",\"datePublished\":\"2025-09-23T06:25:40+00:00\",\"dateModified\":\"2025-09-23T07:31:46+00:00\",\"breadcrumb\":{\"@id\":\"https:\/\/aoxuancnc.com\/product\/pre-bending-202500mm-hydraulic-4-roller-plate-rolling-bending-machine-cnc-rolling-machine\/#breadcrumb\"},\"inLanguage\":\"de\",\"potentialAction\":[{\"@type\":\"ReadAction\",\"target\":[\"https:\/\/aoxuancnc.com\/product\/pre-bending-202500mm-hydraulic-4-roller-plate-rolling-bending-machine-cnc-rolling-machine\/\"]}]},{\"@type\":\"ImageObject\",\"inLanguage\":\"de\",\"@id\":\"https:\/\/aoxuancnc.com\/product\/pre-bending-202500mm-hydraulic-4-roller-plate-rolling-bending-machine-cnc-rolling-machine\/#primaryimage\",\"url\":\"https:\/\/aoxuancnc.com\/wp-content\/uploads\/2025\/09\/Hydraulic-Four-Roller-Plate-Bending-Machine-1.jpg\",\"contentUrl\":\"https:\/\/aoxuancnc.com\/wp-content\/uploads\/2025\/09\/Hydraulic-Four-Roller-Plate-Bending-Machine-1.jpg\",\"width\":800,\"height\":800},{\"@type\":\"BreadcrumbList\",\"@id\":\"https:\/\/aoxuancnc.com\/product\/pre-bending-202500mm-hydraulic-4-roller-plate-rolling-bending-machine-cnc-rolling-machine\/#breadcrumb\",\"itemListElement\":[{\"@type\":\"ListItem\",\"position\":1,\"name\":\"\u9996\u9875\",\"item\":\"http:\/\/aoxuancnc.com\/\"},{\"@type\":\"ListItem\",\"position\":2,\"name\":\"Product\",\"item\":\"https:\/\/aoxuancnc.com\/ru\/product\/\"},{\"@type\":\"ListItem\",\"position\":3,\"name\":\"Pre Bending 20*2500mm Hydraulic 4 Roller Plate Rolling Bending Machine CNC Rolling Machine\"}]},{\"@type\":\"WebSite\",\"@id\":\"http:\/\/aoxuancnc.com\/#website\",\"url\":\"http:\/\/aoxuancnc.com\/\",\"name\":\"AOXUANZG\",\"description\":\"Anhui Aoxuan Heavy Industry Machine Co., Ltd\",\"potentialAction\":[{\"@type\":\"SearchAction\",\"target\":{\"@type\":\"EntryPoint\",\"urlTemplate\":\"http:\/\/aoxuancnc.com\/?s={search_term_string}\"},\"query-input\":{\"@type\":\"PropertyValueSpecification\",\"valueRequired\":true,\"valueName\":\"search_term_string\"}}],\"inLanguage\":\"de\"}]}<\/script>\n<!-- \/ Yoast SEO plugin. -->","yoast_head_json":{"title":"Pre Bending 20*2500mm Hydraulic 4 Roller Plate Rolling Bending Machine CNC Rolling Machine - AOXUANZG","robots":{"index":"index","follow":"follow","max-snippet":"max-snippet:-1","max-image-preview":"max-image-preview:large","max-video-preview":"max-video-preview:-1"},"canonical":"https:\/\/aoxuancnc.com\/de\/produkt\/pre-bending-202500mm-hydraulic-4-roller-plate-rolling-bending-machine-cnc-rolling-machine\/","og_locale":"de_DE","og_type":"article","og_title":"Pre Bending 20*2500mm Hydraulic 4 Roller Plate Rolling Bending Machine CNC Rolling Machine - AOXUANZG","og_description":"1\u3001Price content FOB Shanghaiprice , China  2\u3001Valid\u00a0price:\u00a0within\u00a030\u00a0days;  3\u3001Payment\u00a0method:\u00a0When\u00a0the\u00a0product sales\u00a0contract\u00a0and technical\u00a0agreement\u00a0are signed,\u00a030%\u00a0of\u00a0the\u00a0total\u00a0amount\u00a0of\u00a0the\u00a0contract\u00a0will\u00a0be\u00a0paid,\u00a0and\u00a070%\u00a0of the\u00a0total\u00a0amount\u00a0of\u00a0the contract will\u00a0be\u00a0paid\u00a0at the\u00a0time\u00a0of\u00a0delivery\u00a0by\u00a0T\/T\u00a0or\u00a0L\/C.  4\u3001Delivery\u00a0period:\u00a030\u00a0working days\u00a0after\u00a0receipt\u00a0the\u00a0deposit;  5\u3001Packing: simple packaging, not recycling;","og_url":"https:\/\/aoxuancnc.com\/de\/produkt\/pre-bending-202500mm-hydraulic-4-roller-plate-rolling-bending-machine-cnc-rolling-machine\/","og_site_name":"AOXUANZG","article_modified_time":"2025-09-23T07:31:46+00:00","og_image":[{"width":800,"height":800,"url":"https:\/\/aoxuancnc.com\/wp-content\/uploads\/2025\/09\/Hydraulic-Four-Roller-Plate-Bending-Machine-1.jpg","type":"image\/jpeg"}],"twitter_card":"summary_large_image","twitter_misc":{"Gesch\u00e4tzte Lesezeit":"5\u00a0Minuten"},"schema":{"@context":"https:\/\/schema.org","@graph":[{"@type":"WebPage","@id":"https:\/\/aoxuancnc.com\/product\/pre-bending-202500mm-hydraulic-4-roller-plate-rolling-bending-machine-cnc-rolling-machine\/","url":"https:\/\/aoxuancnc.com\/product\/pre-bending-202500mm-hydraulic-4-roller-plate-rolling-bending-machine-cnc-rolling-machine\/","name":"Pre Bending 20*2500mm Hydraulic 4 Roller Plate Rolling Bending Machine CNC Rolling Machine - AOXUANZG","isPartOf":{"@id":"http:\/\/aoxuancnc.com\/#website"},"primaryImageOfPage":{"@id":"https:\/\/aoxuancnc.com\/product\/pre-bending-202500mm-hydraulic-4-roller-plate-rolling-bending-machine-cnc-rolling-machine\/#primaryimage"},"image":{"@id":"https:\/\/aoxuancnc.com\/product\/pre-bending-202500mm-hydraulic-4-roller-plate-rolling-bending-machine-cnc-rolling-machine\/#primaryimage"},"thumbnailUrl":"https:\/\/aoxuancnc.com\/wp-content\/uploads\/2025\/09\/Hydraulic-Four-Roller-Plate-Bending-Machine-1.jpg","datePublished":"2025-09-23T06:25:40+00:00","dateModified":"2025-09-23T07:31:46+00:00","breadcrumb":{"@id":"https:\/\/aoxuancnc.com\/product\/pre-bending-202500mm-hydraulic-4-roller-plate-rolling-bending-machine-cnc-rolling-machine\/#breadcrumb"},"inLanguage":"de","potentialAction":[{"@type":"ReadAction","target":["https:\/\/aoxuancnc.com\/product\/pre-bending-202500mm-hydraulic-4-roller-plate-rolling-bending-machine-cnc-rolling-machine\/"]}]},{"@type":"ImageObject","inLanguage":"de","@id":"https:\/\/aoxuancnc.com\/product\/pre-bending-202500mm-hydraulic-4-roller-plate-rolling-bending-machine-cnc-rolling-machine\/#primaryimage","url":"https:\/\/aoxuancnc.com\/wp-content\/uploads\/2025\/09\/Hydraulic-Four-Roller-Plate-Bending-Machine-1.jpg","contentUrl":"https:\/\/aoxuancnc.com\/wp-content\/uploads\/2025\/09\/Hydraulic-Four-Roller-Plate-Bending-Machine-1.jpg","width":800,"height":800},{"@type":"BreadcrumbList","@id":"https:\/\/aoxuancnc.com\/product\/pre-bending-202500mm-hydraulic-4-roller-plate-rolling-bending-machine-cnc-rolling-machine\/#breadcrumb","itemListElement":[{"@type":"ListItem","position":1,"name":"\u9996\u9875","item":"http:\/\/aoxuancnc.com\/"},{"@type":"ListItem","position":2,"name":"Product","item":"https:\/\/aoxuancnc.com\/ru\/product\/"},{"@type":"ListItem","position":3,"name":"Pre Bending 20*2500mm Hydraulic 4 Roller Plate Rolling Bending Machine CNC Rolling Machine"}]},{"@type":"WebSite","@id":"http:\/\/aoxuancnc.com\/#website","url":"http:\/\/aoxuancnc.com\/","name":"AOXUANZG","description":"Anhui Aoxuan Heavy Industry Machine Co., Ltd","potentialAction":[{"@type":"SearchAction","target":{"@type":"EntryPoint","urlTemplate":"http:\/\/aoxuancnc.com\/?s={search_term_string}"},"query-input":{"@type":"PropertyValueSpecification","valueRequired":true,"valueName":"search_term_string"}}],"inLanguage":"de"}]}},"_links":{"self":[{"href":"https:\/\/aoxuancnc.com\/de\/wp-json\/wp\/v2\/product\/586","targetHints":{"allow":["GET"]}}],"collection":[{"href":"https:\/\/aoxuancnc.com\/de\/wp-json\/wp\/v2\/product"}],"about":[{"href":"https:\/\/aoxuancnc.com\/de\/wp-json\/wp\/v2\/types\/product"}],"wp:featuredmedia":[{"embeddable":true,"href":"https:\/\/aoxuancnc.com\/de\/wp-json\/wp\/v2\/media\/587"}],"wp:attachment":[{"href":"https:\/\/aoxuancnc.com\/de\/wp-json\/wp\/v2\/media?parent=586"}],"wp:term":[{"taxonomy":"product_brand","embeddable":true,"href":"https:\/\/aoxuancnc.com\/de\/wp-json\/wp\/v2\/product_brand?post=586"},{"taxonomy":"product_cat","embeddable":true,"href":"https:\/\/aoxuancnc.com\/de\/wp-json\/wp\/v2\/product_cat?post=586"},{"taxonomy":"product_tag","embeddable":true,"href":"https:\/\/aoxuancnc.com\/de\/wp-json\/wp\/v2\/product_tag?post=586"}],"curies":[{"name":"wp","href":"https:\/\/api.w.org\/{rel}","templated":true}]}}