{"id":795,"date":"2025-09-25T08:27:23","date_gmt":"2025-09-25T08:27:23","guid":{"rendered":"https:\/\/aoxuancnc.com\/?post_type=product&#038;p=795"},"modified":"2025-09-25T09:00:16","modified_gmt":"2025-09-25T09:00:16","slug":"3000w-metal-cnc-fiber-laser-cutting-machine-for-carbon-steel-stainless-steel","status":"publish","type":"product","link":"https:\/\/aoxuancnc.com\/de\/produkt\/3000w-metal-cnc-fiber-laser-cutting-machine-for-carbon-steel-stainless-steel\/","title":{"rendered":"3000 W Metall-CNC-Faserlaser-Schneidemaschine f\u00fcr Kohlenstoffstahl und Edelstahl"},"content":{"rendered":"<h2 style=\"text-align: center;\"><span style=\"color: #333300;\"><strong> 3000 W Metall-CNC-Faserlaser-Schneidemaschine f\u00fcr Kohlenstoffstahl und Edelstahl\u00a0<\/strong><\/span><\/h2>\n<p>&nbsp;<\/p>\n<p><img loading=\"lazy\" decoding=\"async\" class=\"alignnone wp-image-801 size-full\" src=\"https:\/\/aoxuancnc.com\/wp-content\/uploads\/2025\/09\/\u5fae\u4fe1\u56fe\u7247_20240509172147.jpg\" alt=\"\" width=\"2000\" height=\"1499\" srcset=\"https:\/\/aoxuancnc.com\/wp-content\/uploads\/2025\/09\/\u5fae\u4fe1\u56fe\u7247_20240509172147.jpg 2000w, https:\/\/aoxuancnc.com\/wp-content\/uploads\/2025\/09\/\u5fae\u4fe1\u56fe\u7247_20240509172147-500x375.jpg 500w, https:\/\/aoxuancnc.com\/wp-content\/uploads\/2025\/09\/\u5fae\u4fe1\u56fe\u7247_20240509172147-1200x899.jpg 1200w, https:\/\/aoxuancnc.com\/wp-content\/uploads\/2025\/09\/\u5fae\u4fe1\u56fe\u7247_20240509172147-300x225.jpg 300w, https:\/\/aoxuancnc.com\/wp-content\/uploads\/2025\/09\/\u5fae\u4fe1\u56fe\u7247_20240509172147-768x576.jpg 768w, https:\/\/aoxuancnc.com\/wp-content\/uploads\/2025\/09\/\u5fae\u4fe1\u56fe\u7247_20240509172147-1536x1151.jpg 1536w, https:\/\/aoxuancnc.com\/wp-content\/uploads\/2025\/09\/\u5fae\u4fe1\u56fe\u7247_20240509172147-16x12.jpg 16w, https:\/\/aoxuancnc.com\/wp-content\/uploads\/2025\/09\/\u5fae\u4fe1\u56fe\u7247_20240509172147-100x75.jpg 100w, https:\/\/aoxuancnc.com\/wp-content\/uploads\/2025\/09\/\u5fae\u4fe1\u56fe\u7247_20240509172147-960x720.jpg 960w, https:\/\/aoxuancnc.com\/wp-content\/uploads\/2025\/09\/\u5fae\u4fe1\u56fe\u7247_20240509172147-480x360.jpg 480w, https:\/\/aoxuancnc.com\/wp-content\/uploads\/2025\/09\/\u5fae\u4fe1\u56fe\u7247_20240509172147-800x600.jpg 800w\" sizes=\"auto, (max-width:767px) 480px, (max-width:2000px) 100vw, 2000px\" \/><\/p>\n<p><img loading=\"lazy\" decoding=\"async\" class=\"alignnone wp-image-393 size-full\" src=\"https:\/\/aoxuancnc.com\/wp-content\/uploads\/2025\/09\/laser-cutting-machine-sample.jpeg\" alt=\"\" width=\"1000\" height=\"449\" srcset=\"https:\/\/aoxuancnc.com\/wp-content\/uploads\/2025\/09\/laser-cutting-machine-sample.jpeg 1000w, https:\/\/aoxuancnc.com\/wp-content\/uploads\/2025\/09\/laser-cutting-machine-sample-500x225.jpeg 500w, https:\/\/aoxuancnc.com\/wp-content\/uploads\/2025\/09\/laser-cutting-machine-sample-300x135.jpeg 300w, https:\/\/aoxuancnc.com\/wp-content\/uploads\/2025\/09\/laser-cutting-machine-sample-768x345.jpeg 768w, https:\/\/aoxuancnc.com\/wp-content\/uploads\/2025\/09\/laser-cutting-machine-sample-18x8.jpeg 18w, https:\/\/aoxuancnc.com\/wp-content\/uploads\/2025\/09\/laser-cutting-machine-sample-150x67.jpeg 150w, https:\/\/aoxuancnc.com\/wp-content\/uploads\/2025\/09\/laser-cutting-machine-sample-480x216.jpeg 480w, https:\/\/aoxuancnc.com\/wp-content\/uploads\/2025\/09\/laser-cutting-machine-sample-800x359.jpeg 800w\" sizes=\"auto, (max-width:767px) 480px, (max-width:1000px) 100vw, 1000px\" \/><\/p>\n<h5><strong>Ideal f\u00fcr eine Vielzahl von Branchen<\/strong>:<\/h5>\n<h5>1. Luftfahrt, Raumfahrt, Waffen, Schiffbau, Automobilindustrie, Petrochemie und Medizin.<br \/>\n2. Mechanische Teile, elektrische Instrumentenkomponenten, S\u00e4gebl\u00e4tter, Federn, Beschl\u00e4ge, Messersch\u00e4rfer und Blechkonstruktionen.<br \/>\n3. Herstellung von Hoch- und Niederspannungsschaltschr\u00e4nken, Werbeschildern, Metallhandwerk, K\u00fcchengeschirr und Innenarchitektur.<\/h5>\n<h4><strong>Kernfunktionen<\/strong><\/h4>\n<ul>\n<li><span class=\"magic-11\" style=\"font-family: Arial;\"><span class=\"magic-17\"><span class=\"magic-21\" data-spm-anchor-id=\"a2700.details-description.0.i2.6c6b8a6p8a6p87\">Hervorragende Qualit\u00e4t des Lichtstrahls: kleinere Fokusblende, feinere Schnittlinie, h\u00f6here Arbeitseffizienz, bessere Verarbeitungsqualit\u00e4t.<\/span><\/span><\/span><\/li>\n<li><span class=\"magic-11\" style=\"font-family: Arial;\"><span class=\"magic-17\"><span class=\"magic-21\">Hohe Schnittgeschwindigkeit: 2-malige CO2-Laserschneidgeschwindigkeit bei gleicher Leistung.<\/span><\/span><\/span><\/li>\n<li><span class=\"magic-11\" style=\"font-family: Arial;\"><span class=\"magic-17\"><span class=\"magic-21\">Hohe Stabilit\u00e4t: Verwendung einer weltweit f\u00fchrenden importierten Faserlaserquelle, stabile Leistung, die Nutzungsdauer wichtiger Teile kann bis zu 100.000 Stunden betragen.<\/span><\/span><\/span><\/li>\n<li><span class=\"magic-11\" style=\"font-family: Arial;\"><span class=\"magic-17\"><span class=\"magic-21\">Hohe Effizienz der photoelektrischen Umwandlung: Die Faserlaserschneidmaschine ist dreimal so effizient wie eine CO2-Laserschneidmaschine, was Energie spart und die Umwelt sch\u00fctzt.<\/span><\/span><\/span><\/li>\n<li><span class=\"magic-11\" style=\"font-family: Arial;\"><span class=\"magic-17\"><span class=\"magic-21\" data-spm-anchor-id=\"a2700.details-description.0.i1.6c6b8a6p8a6p87\">Niedrige Betriebskosten: Der Stromverbrauch der gesamten Maschine betr\u00e4gt bei gleicher Leistung nur 20\u2013301 TP3T einer CO2-Laserschneidmaschine.<\/span><\/span><\/span><\/li>\n<li><span class=\"magic-11\" style=\"font-family: Arial;\"><span class=\"magic-17\"><span class=\"magic-21\">Geringe Wartungskosten: kein Arbeitsgas f\u00fcr die Laserquelle; Glasfaser\u00fcbertragung, keine reflektierende Linse erforderlich; kann hohe Wartungskosten einsparen.<\/span><\/span><\/span><\/li>\n<li><span class=\"magic-11\" style=\"font-family: Arial;\"><span class=\"magic-17\"><span class=\"magic-21\">Bequeme Bedienung und Wartung des Produkts: Glasfaser\u00fcbertragung, keine Anpassung des optischen Pfads erforderlich.<\/span><\/span><\/span><\/li>\n<li><span class=\"magic-11\" style=\"font-family: Arial;\"><span class=\"magic-17\"><span class=\"magic-21\">Starke, weiche optische Effekte: kompaktes Volumen und Struktur, die den Anforderungen einer weichen Verarbeitung gerecht werden.<\/span><\/span><\/span><\/li>\n<\/ul>\n<p><img loading=\"lazy\" decoding=\"async\" class=\"alignnone wp-image-802 size-full\" src=\"https:\/\/aoxuancnc.com\/wp-content\/uploads\/2025\/09\/\u5fae\u4fe1\u56fe\u7247_20240514100832.jpg\" alt=\"\" width=\"2000\" height=\"1500\" srcset=\"https:\/\/aoxuancnc.com\/wp-content\/uploads\/2025\/09\/\u5fae\u4fe1\u56fe\u7247_20240514100832.jpg 2000w, https:\/\/aoxuancnc.com\/wp-content\/uploads\/2025\/09\/\u5fae\u4fe1\u56fe\u7247_20240514100832-500x375.jpg 500w, https:\/\/aoxuancnc.com\/wp-content\/uploads\/2025\/09\/\u5fae\u4fe1\u56fe\u7247_20240514100832-1200x900.jpg 1200w, https:\/\/aoxuancnc.com\/wp-content\/uploads\/2025\/09\/\u5fae\u4fe1\u56fe\u7247_20240514100832-300x225.jpg 300w, https:\/\/aoxuancnc.com\/wp-content\/uploads\/2025\/09\/\u5fae\u4fe1\u56fe\u7247_20240514100832-768x576.jpg 768w, https:\/\/aoxuancnc.com\/wp-content\/uploads\/2025\/09\/\u5fae\u4fe1\u56fe\u7247_20240514100832-1536x1152.jpg 1536w, https:\/\/aoxuancnc.com\/wp-content\/uploads\/2025\/09\/\u5fae\u4fe1\u56fe\u7247_20240514100832-16x12.jpg 16w, https:\/\/aoxuancnc.com\/wp-content\/uploads\/2025\/09\/\u5fae\u4fe1\u56fe\u7247_20240514100832-100x75.jpg 100w, https:\/\/aoxuancnc.com\/wp-content\/uploads\/2025\/09\/\u5fae\u4fe1\u56fe\u7247_20240514100832-960x720.jpg 960w, https:\/\/aoxuancnc.com\/wp-content\/uploads\/2025\/09\/\u5fae\u4fe1\u56fe\u7247_20240514100832-480x360.jpg 480w, https:\/\/aoxuancnc.com\/wp-content\/uploads\/2025\/09\/\u5fae\u4fe1\u56fe\u7247_20240514100832-800x600.jpg 800w\" sizes=\"auto, (max-width:767px) 480px, (max-width:2000px) 100vw, 2000px\" \/><\/p>\n<p>&nbsp;<\/p>\n<h3><strong>Spezifikation:\u00a0<\/strong><\/h3>\n<p><img loading=\"lazy\" decoding=\"async\" class=\"alignnone wp-image-788 size-full\" src=\"https:\/\/aoxuancnc.com\/wp-content\/uploads\/2025\/09\/2000W\u914d\u7f6e.png\" alt=\"\" width=\"701\" height=\"744\" srcset=\"https:\/\/aoxuancnc.com\/wp-content\/uploads\/2025\/09\/2000W\u914d\u7f6e.png 701w, https:\/\/aoxuancnc.com\/wp-content\/uploads\/2025\/09\/2000W\u914d\u7f6e-471x500.png 471w, https:\/\/aoxuancnc.com\/wp-content\/uploads\/2025\/09\/2000W\u914d\u7f6e-283x300.png 283w, https:\/\/aoxuancnc.com\/wp-content\/uploads\/2025\/09\/2000W\u914d\u7f6e-11x12.png 11w, https:\/\/aoxuancnc.com\/wp-content\/uploads\/2025\/09\/2000W\u914d\u7f6e-71x75.png 71w, https:\/\/aoxuancnc.com\/wp-content\/uploads\/2025\/09\/2000W\u914d\u7f6e-480x509.png 480w\" sizes=\"auto, (max-width:767px) 480px, 701px\" \/><\/p>\n<p><img loading=\"lazy\" decoding=\"async\" class=\"alignnone wp-image-804\" src=\"https:\/\/aoxuancnc.com\/wp-content\/uploads\/2025\/09\/3000W\u914d\u7f6e.png\" alt=\"\" width=\"701\" height=\"832\" srcset=\"https:\/\/aoxuancnc.com\/wp-content\/uploads\/2025\/09\/3000W\u914d\u7f6e.png 636w, https:\/\/aoxuancnc.com\/wp-content\/uploads\/2025\/09\/3000W\u914d\u7f6e-421x500.png 421w, https:\/\/aoxuancnc.com\/wp-content\/uploads\/2025\/09\/3000W\u914d\u7f6e-253x300.png 253w, https:\/\/aoxuancnc.com\/wp-content\/uploads\/2025\/09\/3000W\u914d\u7f6e-10x12.png 10w, https:\/\/aoxuancnc.com\/wp-content\/uploads\/2025\/09\/3000W\u914d\u7f6e-63x75.png 63w, https:\/\/aoxuancnc.com\/wp-content\/uploads\/2025\/09\/3000W\u914d\u7f6e-480x570.png 480w\" sizes=\"auto, (max-width:767px) 480px, 701px\" \/><\/p>\n<h3><strong>\u00a0Maschinenkonfiguration \u00a0\u00a0<\/strong><\/h3>\n<p><img loading=\"lazy\" decoding=\"async\" class=\"alignnone wp-image-789\" src=\"https:\/\/aoxuancnc.com\/wp-content\/uploads\/2025\/09\/2000W\u914d\u7f6e1.png\" alt=\"\" width=\"701\" height=\"522\" srcset=\"https:\/\/aoxuancnc.com\/wp-content\/uploads\/2025\/09\/2000W\u914d\u7f6e1.png 860w, https:\/\/aoxuancnc.com\/wp-content\/uploads\/2025\/09\/2000W\u914d\u7f6e1-500x372.png 500w, https:\/\/aoxuancnc.com\/wp-content\/uploads\/2025\/09\/2000W\u914d\u7f6e1-300x223.png 300w, https:\/\/aoxuancnc.com\/wp-content\/uploads\/2025\/09\/2000W\u914d\u7f6e1-768x572.png 768w, https:\/\/aoxuancnc.com\/wp-content\/uploads\/2025\/09\/2000W\u914d\u7f6e1-16x12.png 16w, https:\/\/aoxuancnc.com\/wp-content\/uploads\/2025\/09\/2000W\u914d\u7f6e1-101x75.png 101w, https:\/\/aoxuancnc.com\/wp-content\/uploads\/2025\/09\/2000W\u914d\u7f6e1-480x357.png 480w, https:\/\/aoxuancnc.com\/wp-content\/uploads\/2025\/09\/2000W\u914d\u7f6e1-800x595.png 800w\" sizes=\"auto, (max-width:767px) 480px, 701px\" \/><\/p>\n<h4><strong>Raytools Laserkopf<\/strong><\/h4>\n<p><img loading=\"lazy\" decoding=\"async\" class=\"alignnone wp-image-791\" src=\"https:\/\/aoxuancnc.com\/wp-content\/uploads\/2025\/09\/\u5609\u5f3a\u5207\u5272\u5934.png\" alt=\"\" width=\"701\" height=\"917\" srcset=\"https:\/\/aoxuancnc.com\/wp-content\/uploads\/2025\/09\/\u5609\u5f3a\u5207\u5272\u5934.png 584w, https:\/\/aoxuancnc.com\/wp-content\/uploads\/2025\/09\/\u5609\u5f3a\u5207\u5272\u5934-382x500.png 382w, https:\/\/aoxuancnc.com\/wp-content\/uploads\/2025\/09\/\u5609\u5f3a\u5207\u5272\u5934-229x300.png 229w, https:\/\/aoxuancnc.com\/wp-content\/uploads\/2025\/09\/\u5609\u5f3a\u5207\u5272\u5934-9x12.png 9w, https:\/\/aoxuancnc.com\/wp-content\/uploads\/2025\/09\/\u5609\u5f3a\u5207\u5272\u5934-57x75.png 57w, https:\/\/aoxuancnc.com\/wp-content\/uploads\/2025\/09\/\u5609\u5f3a\u5207\u5272\u5934-480x628.png 480w\" sizes=\"auto, (max-width:767px) 480px, 701px\" \/><\/p>\n<h4><strong>CNC-Steuerungssystem<\/strong><\/h4>\n<p><img loading=\"lazy\" decoding=\"async\" class=\"alignnone wp-image-792\" src=\"https:\/\/aoxuancnc.com\/wp-content\/uploads\/2025\/09\/\u5609\u5f3a\u7cfb\u7edf.png\" alt=\"\" width=\"701\" height=\"880\" srcset=\"https:\/\/aoxuancnc.com\/wp-content\/uploads\/2025\/09\/\u5609\u5f3a\u7cfb\u7edf.png 585w, https:\/\/aoxuancnc.com\/wp-content\/uploads\/2025\/09\/\u5609\u5f3a\u7cfb\u7edf-399x500.png 399w, https:\/\/aoxuancnc.com\/wp-content\/uploads\/2025\/09\/\u5609\u5f3a\u7cfb\u7edf-239x300.png 239w, https:\/\/aoxuancnc.com\/wp-content\/uploads\/2025\/09\/\u5609\u5f3a\u7cfb\u7edf-10x12.png 10w, https:\/\/aoxuancnc.com\/wp-content\/uploads\/2025\/09\/\u5609\u5f3a\u7cfb\u7edf-60x75.png 60w, https:\/\/aoxuancnc.com\/wp-content\/uploads\/2025\/09\/\u5609\u5f3a\u7cfb\u7edf-480x602.png 480w\" sizes=\"auto, (max-width:767px) 480px, 701px\" \/><\/p>\n<p>&nbsp;<\/p>\n<p>&nbsp;<\/p>\n<p>&nbsp;<\/p>\n<p><img loading=\"lazy\" decoding=\"async\" class=\"alignnone wp-image-794\" src=\"https:\/\/aoxuancnc.com\/wp-content\/uploads\/2025\/09\/\u9002\u7528\u884c\u4e1a.png\" alt=\"\" width=\"701\" height=\"834\" srcset=\"https:\/\/aoxuancnc.com\/wp-content\/uploads\/2025\/09\/\u9002\u7528\u884c\u4e1a.png 625w, https:\/\/aoxuancnc.com\/wp-content\/uploads\/2025\/09\/\u9002\u7528\u884c\u4e1a-420x500.png 420w, https:\/\/aoxuancnc.com\/wp-content\/uploads\/2025\/09\/\u9002\u7528\u884c\u4e1a-252x300.png 252w, https:\/\/aoxuancnc.com\/wp-content\/uploads\/2025\/09\/\u9002\u7528\u884c\u4e1a-10x12.png 10w, https:\/\/aoxuancnc.com\/wp-content\/uploads\/2025\/09\/\u9002\u7528\u884c\u4e1a-63x75.png 63w, https:\/\/aoxuancnc.com\/wp-content\/uploads\/2025\/09\/\u9002\u7528\u884c\u4e1a-480x571.png 480w\" sizes=\"auto, (max-width:767px) 480px, 701px\" \/><\/p>\n<p>&nbsp;<\/p>","protected":false},"excerpt":{"rendered":"<p>1. Preisinhalt FOB Shanghai-Preis, China<\/p>\n<p>2. G\u00fcltiger Preis: innerhalb von 30 Tagen;<\/p>\n<p>3. Zahlungsmethode: Wenn der Produktkaufvertrag und die technische Vereinbarung unterzeichnet sind, werden 30% des Gesamtbetrags des Vertrags bezahlt, und 70% des Gesamtbetrags des Vertrags werden zum Zeitpunkt der Lieferung per T\/T oder L\/C bezahlt.<\/p>\n<p>4. Lieferzeit: 30 Werktage nach Erhalt der Anzahlung;<\/p>\n<p>5. Verpackung: einfache Verpackung, kein Recycling;<\/p>","protected":false},"featured_media":803,"template":"","meta":[],"product_brand":[32,21],"product_cat":[41],"product_tag":[60,44,45,46],"class_list":{"0":"post-795","1":"product","2":"type-product","3":"status-publish","4":"has-post-thumbnail","6":"product_brand-aoxuan","7":"product_brand-aoxuanzg","8":"product_cat-laser-cutting-machine","9":"product_tag-cnc-laser-cutting-machine","10":"product_tag-fiber-laser-cutting-machine","11":"product_tag-laser-metal-cutting-machine","12":"product_tag-metal-cutting-machine","14":"first","15":"instock","16":"shipping-taxable","17":"product-type-simple"},"yoast_head":"<!-- This site is optimized with the Yoast SEO plugin v24.9 - https:\/\/yoast.com\/wordpress\/plugins\/seo\/ -->\n<title>3000W Metal CNC Fiber Laser Cutting Machine for Carbon Steel Stainless Steel AOXUANZG<\/title>\n<meta name=\"description\" content=\"Cnc fiber laser cutting machine: Support groove cutting , double chuck clamping, suitable for all kinds of irregular pipe fitts\" \/>\n<meta name=\"robots\" content=\"index, follow, max-snippet:-1, max-image-preview:large, max-video-preview:-1\" \/>\n<link rel=\"canonical\" href=\"https:\/\/aoxuancnc.com\/de\/produkt\/3000w-metal-cnc-fiber-laser-cutting-machine-for-carbon-steel-stainless-steel\/\" \/>\n<meta property=\"og:locale\" content=\"de_DE\" \/>\n<meta property=\"og:type\" content=\"article\" \/>\n<meta property=\"og:title\" content=\"3000W Metal CNC Fiber Laser Cutting Machine for Carbon Steel Stainless Steel AOXUANZG\" \/>\n<meta property=\"og:description\" content=\"Cnc fiber laser cutting machine: Support groove cutting , double chuck clamping, suitable for all kinds of irregular pipe fitts\" \/>\n<meta property=\"og:url\" content=\"https:\/\/aoxuancnc.com\/de\/produkt\/3000w-metal-cnc-fiber-laser-cutting-machine-for-carbon-steel-stainless-steel\/\" \/>\n<meta property=\"og:site_name\" content=\"AOXUANZG\" \/>\n<meta property=\"article:modified_time\" content=\"2025-09-25T09:00:16+00:00\" \/>\n<meta property=\"og:image\" content=\"https:\/\/aoxuancnc.com\/wp-content\/uploads\/2025\/09\/\u4e3b\u56fe-1.jpg\" \/>\n\t<meta property=\"og:image:width\" content=\"800\" \/>\n\t<meta property=\"og:image:height\" content=\"800\" \/>\n\t<meta property=\"og:image:type\" content=\"image\/jpeg\" \/>\n<meta name=\"twitter:card\" content=\"summary_large_image\" \/>\n<meta name=\"twitter:label1\" content=\"Gesch\u00e4tzte Lesezeit\" \/>\n\t<meta name=\"twitter:data1\" content=\"3\u00a0Minuten\" \/>\n<script type=\"application\/ld+json\" class=\"yoast-schema-graph\">{\"@context\":\"https:\/\/schema.org\",\"@graph\":[{\"@type\":\"WebPage\",\"@id\":\"https:\/\/aoxuancnc.com\/product\/3000w-metal-cnc-fiber-laser-cutting-machine-for-carbon-steel-stainless-steel\/\",\"url\":\"https:\/\/aoxuancnc.com\/product\/3000w-metal-cnc-fiber-laser-cutting-machine-for-carbon-steel-stainless-steel\/\",\"name\":\"3000W Metal CNC Fiber Laser Cutting Machine for Carbon Steel Stainless Steel AOXUANZG\",\"isPartOf\":{\"@id\":\"http:\/\/aoxuancnc.com\/#website\"},\"primaryImageOfPage\":{\"@id\":\"https:\/\/aoxuancnc.com\/product\/3000w-metal-cnc-fiber-laser-cutting-machine-for-carbon-steel-stainless-steel\/#primaryimage\"},\"image\":{\"@id\":\"https:\/\/aoxuancnc.com\/product\/3000w-metal-cnc-fiber-laser-cutting-machine-for-carbon-steel-stainless-steel\/#primaryimage\"},\"thumbnailUrl\":\"https:\/\/aoxuancnc.com\/wp-content\/uploads\/2025\/09\/\u4e3b\u56fe-1.jpg\",\"datePublished\":\"2025-09-25T08:27:23+00:00\",\"dateModified\":\"2025-09-25T09:00:16+00:00\",\"description\":\"Cnc fiber laser cutting machine: Support groove cutting , double chuck clamping, suitable for all kinds of irregular pipe fitts\",\"breadcrumb\":{\"@id\":\"https:\/\/aoxuancnc.com\/product\/3000w-metal-cnc-fiber-laser-cutting-machine-for-carbon-steel-stainless-steel\/#breadcrumb\"},\"inLanguage\":\"de\",\"potentialAction\":[{\"@type\":\"ReadAction\",\"target\":[\"https:\/\/aoxuancnc.com\/product\/3000w-metal-cnc-fiber-laser-cutting-machine-for-carbon-steel-stainless-steel\/\"]}]},{\"@type\":\"ImageObject\",\"inLanguage\":\"de\",\"@id\":\"https:\/\/aoxuancnc.com\/product\/3000w-metal-cnc-fiber-laser-cutting-machine-for-carbon-steel-stainless-steel\/#primaryimage\",\"url\":\"https:\/\/aoxuancnc.com\/wp-content\/uploads\/2025\/09\/\u4e3b\u56fe-1.jpg\",\"contentUrl\":\"https:\/\/aoxuancnc.com\/wp-content\/uploads\/2025\/09\/\u4e3b\u56fe-1.jpg\",\"width\":800,\"height\":800},{\"@type\":\"BreadcrumbList\",\"@id\":\"https:\/\/aoxuancnc.com\/product\/3000w-metal-cnc-fiber-laser-cutting-machine-for-carbon-steel-stainless-steel\/#breadcrumb\",\"itemListElement\":[{\"@type\":\"ListItem\",\"position\":1,\"name\":\"\u9996\u9875\",\"item\":\"http:\/\/aoxuancnc.com\/\"},{\"@type\":\"ListItem\",\"position\":2,\"name\":\"Product\",\"item\":\"https:\/\/aoxuancnc.com\/ru\/product\/\"},{\"@type\":\"ListItem\",\"position\":3,\"name\":\"3000W Metal CNC Fiber Laser Cutting Machine for Carbon Steel Stainless Steel\"}]},{\"@type\":\"WebSite\",\"@id\":\"http:\/\/aoxuancnc.com\/#website\",\"url\":\"http:\/\/aoxuancnc.com\/\",\"name\":\"AOXUANZG\",\"description\":\"Anhui Aoxuan Heavy Industry Machine Co., Ltd\",\"potentialAction\":[{\"@type\":\"SearchAction\",\"target\":{\"@type\":\"EntryPoint\",\"urlTemplate\":\"http:\/\/aoxuancnc.com\/?s={search_term_string}\"},\"query-input\":{\"@type\":\"PropertyValueSpecification\",\"valueRequired\":true,\"valueName\":\"search_term_string\"}}],\"inLanguage\":\"de\"}]}<\/script>\n<!-- \/ Yoast SEO plugin. -->","yoast_head_json":{"title":"3000W Metal CNC Fiber Laser Cutting Machine for Carbon Steel Stainless Steel AOXUANZG","description":"Cnc fiber laser cutting machine: Support groove cutting , double chuck clamping, suitable for all kinds of irregular pipe fitts","robots":{"index":"index","follow":"follow","max-snippet":"max-snippet:-1","max-image-preview":"max-image-preview:large","max-video-preview":"max-video-preview:-1"},"canonical":"https:\/\/aoxuancnc.com\/de\/produkt\/3000w-metal-cnc-fiber-laser-cutting-machine-for-carbon-steel-stainless-steel\/","og_locale":"de_DE","og_type":"article","og_title":"3000W Metal CNC Fiber Laser Cutting Machine for Carbon Steel Stainless Steel AOXUANZG","og_description":"Cnc fiber laser cutting machine: Support groove cutting , double chuck clamping, suitable for all kinds of irregular pipe fitts","og_url":"https:\/\/aoxuancnc.com\/de\/produkt\/3000w-metal-cnc-fiber-laser-cutting-machine-for-carbon-steel-stainless-steel\/","og_site_name":"AOXUANZG","article_modified_time":"2025-09-25T09:00:16+00:00","og_image":[{"width":800,"height":800,"url":"https:\/\/aoxuancnc.com\/wp-content\/uploads\/2025\/09\/\u4e3b\u56fe-1.jpg","type":"image\/jpeg"}],"twitter_card":"summary_large_image","twitter_misc":{"Gesch\u00e4tzte Lesezeit":"3\u00a0Minuten"},"schema":{"@context":"https:\/\/schema.org","@graph":[{"@type":"WebPage","@id":"https:\/\/aoxuancnc.com\/product\/3000w-metal-cnc-fiber-laser-cutting-machine-for-carbon-steel-stainless-steel\/","url":"https:\/\/aoxuancnc.com\/product\/3000w-metal-cnc-fiber-laser-cutting-machine-for-carbon-steel-stainless-steel\/","name":"3000W Metal CNC Fiber Laser Cutting Machine for Carbon Steel Stainless Steel AOXUANZG","isPartOf":{"@id":"http:\/\/aoxuancnc.com\/#website"},"primaryImageOfPage":{"@id":"https:\/\/aoxuancnc.com\/product\/3000w-metal-cnc-fiber-laser-cutting-machine-for-carbon-steel-stainless-steel\/#primaryimage"},"image":{"@id":"https:\/\/aoxuancnc.com\/product\/3000w-metal-cnc-fiber-laser-cutting-machine-for-carbon-steel-stainless-steel\/#primaryimage"},"thumbnailUrl":"https:\/\/aoxuancnc.com\/wp-content\/uploads\/2025\/09\/\u4e3b\u56fe-1.jpg","datePublished":"2025-09-25T08:27:23+00:00","dateModified":"2025-09-25T09:00:16+00:00","description":"Cnc fiber laser cutting machine: Support groove cutting , double chuck clamping, suitable for all kinds of irregular pipe fitts","breadcrumb":{"@id":"https:\/\/aoxuancnc.com\/product\/3000w-metal-cnc-fiber-laser-cutting-machine-for-carbon-steel-stainless-steel\/#breadcrumb"},"inLanguage":"de","potentialAction":[{"@type":"ReadAction","target":["https:\/\/aoxuancnc.com\/product\/3000w-metal-cnc-fiber-laser-cutting-machine-for-carbon-steel-stainless-steel\/"]}]},{"@type":"ImageObject","inLanguage":"de","@id":"https:\/\/aoxuancnc.com\/product\/3000w-metal-cnc-fiber-laser-cutting-machine-for-carbon-steel-stainless-steel\/#primaryimage","url":"https:\/\/aoxuancnc.com\/wp-content\/uploads\/2025\/09\/\u4e3b\u56fe-1.jpg","contentUrl":"https:\/\/aoxuancnc.com\/wp-content\/uploads\/2025\/09\/\u4e3b\u56fe-1.jpg","width":800,"height":800},{"@type":"BreadcrumbList","@id":"https:\/\/aoxuancnc.com\/product\/3000w-metal-cnc-fiber-laser-cutting-machine-for-carbon-steel-stainless-steel\/#breadcrumb","itemListElement":[{"@type":"ListItem","position":1,"name":"\u9996\u9875","item":"http:\/\/aoxuancnc.com\/"},{"@type":"ListItem","position":2,"name":"Product","item":"https:\/\/aoxuancnc.com\/ru\/product\/"},{"@type":"ListItem","position":3,"name":"3000W Metal CNC Fiber Laser Cutting Machine for Carbon Steel Stainless Steel"}]},{"@type":"WebSite","@id":"http:\/\/aoxuancnc.com\/#website","url":"http:\/\/aoxuancnc.com\/","name":"AOXUANZG","description":"Anhui Aoxuan Heavy Industry Machine Co., Ltd","potentialAction":[{"@type":"SearchAction","target":{"@type":"EntryPoint","urlTemplate":"http:\/\/aoxuancnc.com\/?s={search_term_string}"},"query-input":{"@type":"PropertyValueSpecification","valueRequired":true,"valueName":"search_term_string"}}],"inLanguage":"de"}]}},"_links":{"self":[{"href":"https:\/\/aoxuancnc.com\/de\/wp-json\/wp\/v2\/product\/795","targetHints":{"allow":["GET"]}}],"collection":[{"href":"https:\/\/aoxuancnc.com\/de\/wp-json\/wp\/v2\/product"}],"about":[{"href":"https:\/\/aoxuancnc.com\/de\/wp-json\/wp\/v2\/types\/product"}],"wp:featuredmedia":[{"embeddable":true,"href":"https:\/\/aoxuancnc.com\/de\/wp-json\/wp\/v2\/media\/803"}],"wp:attachment":[{"href":"https:\/\/aoxuancnc.com\/de\/wp-json\/wp\/v2\/media?parent=795"}],"wp:term":[{"taxonomy":"product_brand","embeddable":true,"href":"https:\/\/aoxuancnc.com\/de\/wp-json\/wp\/v2\/product_brand?post=795"},{"taxonomy":"product_cat","embeddable":true,"href":"https:\/\/aoxuancnc.com\/de\/wp-json\/wp\/v2\/product_cat?post=795"},{"taxonomy":"product_tag","embeddable":true,"href":"https:\/\/aoxuancnc.com\/de\/wp-json\/wp\/v2\/product_tag?post=795"}],"curies":[{"name":"wp","href":"https:\/\/api.w.org\/{rel}","templated":true}]}}