{"id":895,"date":"2025-09-30T07:07:59","date_gmt":"2025-09-30T07:07:59","guid":{"rendered":"https:\/\/aoxuancnc.com\/?post_type=product&#038;p=895"},"modified":"2025-09-30T08:51:37","modified_gmt":"2025-09-30T08:51:37","slug":"3015-cnc-fiber-laser-cutting-machine-for-sheet-metal-1500w-3000w-6000w","status":"publish","type":"product","link":"https:\/\/aoxuancnc.com\/de\/produkt\/3015-cnc-fiber-laser-cutting-machine-for-sheet-metal-1500w-3000w-6000w\/","title":{"rendered":"3015 CNC-Faserlaser-Schneidemaschine f\u00fcr Blech 1500 W\/3000 W\/6000 W"},"content":{"rendered":"<h2 style=\"text-align: center;\"><strong>3015 CNC-Faserlaser-Schneidemaschine f\u00fcr Blech 1500 W\/3000 W\/6000 W<\/strong><\/h2>\n<p>&nbsp;<\/p>\n<p><img loading=\"lazy\" decoding=\"async\" class=\"alignnone wp-image-905 size-full\" src=\"https:\/\/aoxuancnc.com\/wp-content\/uploads\/2025\/09\/7-scaled.jpg\" alt=\"\" width=\"2560\" height=\"1920\" srcset=\"https:\/\/aoxuancnc.com\/wp-content\/uploads\/2025\/09\/7-scaled.jpg 2560w, https:\/\/aoxuancnc.com\/wp-content\/uploads\/2025\/09\/7-500x375.jpg 500w, https:\/\/aoxuancnc.com\/wp-content\/uploads\/2025\/09\/7-1200x900.jpg 1200w, https:\/\/aoxuancnc.com\/wp-content\/uploads\/2025\/09\/7-300x225.jpg 300w, https:\/\/aoxuancnc.com\/wp-content\/uploads\/2025\/09\/7-768x576.jpg 768w, https:\/\/aoxuancnc.com\/wp-content\/uploads\/2025\/09\/7-1536x1152.jpg 1536w, https:\/\/aoxuancnc.com\/wp-content\/uploads\/2025\/09\/7-2048x1536.jpg 2048w, https:\/\/aoxuancnc.com\/wp-content\/uploads\/2025\/09\/7-16x12.jpg 16w, https:\/\/aoxuancnc.com\/wp-content\/uploads\/2025\/09\/7-100x75.jpg 100w, https:\/\/aoxuancnc.com\/wp-content\/uploads\/2025\/09\/7-960x720.jpg 960w, https:\/\/aoxuancnc.com\/wp-content\/uploads\/2025\/09\/7-480x360.jpg 480w, https:\/\/aoxuancnc.com\/wp-content\/uploads\/2025\/09\/7-800x600.jpg 800w\" sizes=\"auto, (max-width:767px) 480px, (max-width:2560px) 100vw, 2560px\" \/><\/p>\n<p><img loading=\"lazy\" decoding=\"async\" class=\"alignnone wp-image-393 size-full\" src=\"https:\/\/aoxuancnc.com\/wp-content\/uploads\/2025\/09\/laser-cutting-machine-sample.jpeg\" alt=\"\" width=\"1000\" height=\"449\" srcset=\"https:\/\/aoxuancnc.com\/wp-content\/uploads\/2025\/09\/laser-cutting-machine-sample.jpeg 1000w, https:\/\/aoxuancnc.com\/wp-content\/uploads\/2025\/09\/laser-cutting-machine-sample-500x225.jpeg 500w, https:\/\/aoxuancnc.com\/wp-content\/uploads\/2025\/09\/laser-cutting-machine-sample-300x135.jpeg 300w, https:\/\/aoxuancnc.com\/wp-content\/uploads\/2025\/09\/laser-cutting-machine-sample-768x345.jpeg 768w, https:\/\/aoxuancnc.com\/wp-content\/uploads\/2025\/09\/laser-cutting-machine-sample-18x8.jpeg 18w, https:\/\/aoxuancnc.com\/wp-content\/uploads\/2025\/09\/laser-cutting-machine-sample-150x67.jpeg 150w, https:\/\/aoxuancnc.com\/wp-content\/uploads\/2025\/09\/laser-cutting-machine-sample-480x216.jpeg 480w, https:\/\/aoxuancnc.com\/wp-content\/uploads\/2025\/09\/laser-cutting-machine-sample-800x359.jpeg 800w\" sizes=\"auto, (max-width:767px) 480px, (max-width:1000px) 100vw, 1000px\" \/><\/p>\n<h5><strong>Ideal f\u00fcr eine Vielzahl von Branchen<\/strong>:<\/h5>\n<h5>1. Luftfahrt, Raumfahrt, Waffen, Schiffbau, Automobilindustrie, Petrochemie und Medizin.<br \/>\n2. Mechanische Teile, elektrische Instrumentenkomponenten, S\u00e4gebl\u00e4tter, Federn, Beschl\u00e4ge, Messersch\u00e4rfer und Blechkonstruktionen.<br \/>\n3. Herstellung von Hoch- und Niederspannungsschaltschr\u00e4nken, Werbeschildern, Metallhandwerk, K\u00fcchengeschirr und Innenarchitektur.<\/h5>\n<p>Kernfunktionen<\/p>\n<p><strong>Hochpr\u00e4zises Schneiden:<\/strong><br \/>\nDie Schnittbreite betr\u00e4gt lediglich 0,1\u20130,3 mm, was zu glatten, gratfreien Kanten f\u00fchrt und keine Nachbearbeitung erfordert.<\/p>\n<p>Durch die CNC-Programmierung und Wiederholbarkeit wird eine Positioniergenauigkeit von \u00b10,05 mm erreicht, sodass sie f\u00fcr die Verarbeitung komplexer Geometrien geeignet sind.<\/p>\n<p><strong>Ber\u00fchrungslose Verarbeitung:<\/strong><br \/>\nUnsere Lasertechnologie macht physischen Kontakt \u00fcberfl\u00fcssig, verhindert Oberfl\u00e4chensch\u00e4den und ist daher ideal f\u00fcr empfindliche und Pr\u00e4zisionsteile.<\/p>\n<p><strong>Breite Materialkompatibilit\u00e4t:<\/strong><br \/>\nZu den Metallmaterialien geh\u00f6ren Kohlenstoffstahl (maximale Schnittdicke 12 mm), Edelstahl (10 mm) und Aluminiumlegierung.<\/p>\n<p>Von Holz, Acryl und Glas bis hin zu verschiedenen Kunststoffen verarbeitet unsere Lasertechnologie problemlos diverse Nichtmetalle und erf\u00fcllt die spezifischen Anforderungen der Werbe-, Bekleidungs- und Beschilderungsbranche.<\/p>\n<p>\u200c<strong>Hohe Effizienz und Automatisierung:<\/strong><br \/>\nSchnittgeschwindigkeiten von bis zu 40 m\/min, Unterst\u00fctzung f\u00fcr 3D-Mehrachsenschneiden und integrierte automatische Zufuhr- und Rauchabsaugsysteme.<strong>Typische Anwendungen<\/strong><br \/>\n\u200cIndustrielle Fertigung\u200c: Schneiden von Karosserieteilen, Metallteilen f\u00fcr die Luft- und Raumfahrt und speziell geformten Rohren f\u00fcr Maschinenbau. \u200c<br \/>\n\u200cElektronik und Medizin: Mikron-basierte Verarbeitung von Pr\u00e4zisionsleiterplatten, mikropor\u00f6sen Stents und anderen Anwendungen. \u200c<br \/>\n\u200cKonsumg\u00fcterindustrie\u200c: Ledergravur, Acryl-Kunstschnitt und Herstellung von Werbeschildern. \u200c<br \/>\n<strong>Wichtige technische Parameter<\/strong><br \/>\nLeistungsbereich: 500 W bis 20 kW (Faserlaser ist die g\u00e4ngige Konfiguration).<br \/>\n\u200cVerarbeitungsformat\u200c: Standard-Blattgr\u00f6\u00dfen von 1500 mm x 3000 mm, mit Unterst\u00fctzung f\u00fcr die individuelle Verarbeitung gr\u00f6\u00dferer Werkst\u00fccke. \u200c<br \/>\n\u200cUnsere Systeme steigern Effizienz und Pr\u00e4zision mit Funktionen wie automatischer Fokuseinstellung, optimierter Gasflusskontrolle und visuell unterst\u00fctzter Verfolgung.<\/p>\n<p><img loading=\"lazy\" decoding=\"async\" class=\"alignnone wp-image-907 size-full\" src=\"https:\/\/aoxuancnc.com\/wp-content\/uploads\/2025\/09\/967f162e97dc75d0f3cd928d8394c40-scaled.jpg\" alt=\"\" width=\"2560\" height=\"1920\" srcset=\"https:\/\/aoxuancnc.com\/wp-content\/uploads\/2025\/09\/967f162e97dc75d0f3cd928d8394c40-scaled.jpg 2560w, https:\/\/aoxuancnc.com\/wp-content\/uploads\/2025\/09\/967f162e97dc75d0f3cd928d8394c40-500x375.jpg 500w, https:\/\/aoxuancnc.com\/wp-content\/uploads\/2025\/09\/967f162e97dc75d0f3cd928d8394c40-1200x900.jpg 1200w, https:\/\/aoxuancnc.com\/wp-content\/uploads\/2025\/09\/967f162e97dc75d0f3cd928d8394c40-300x225.jpg 300w, https:\/\/aoxuancnc.com\/wp-content\/uploads\/2025\/09\/967f162e97dc75d0f3cd928d8394c40-768x576.jpg 768w, https:\/\/aoxuancnc.com\/wp-content\/uploads\/2025\/09\/967f162e97dc75d0f3cd928d8394c40-1536x1152.jpg 1536w, https:\/\/aoxuancnc.com\/wp-content\/uploads\/2025\/09\/967f162e97dc75d0f3cd928d8394c40-2048x1536.jpg 2048w, https:\/\/aoxuancnc.com\/wp-content\/uploads\/2025\/09\/967f162e97dc75d0f3cd928d8394c40-16x12.jpg 16w, https:\/\/aoxuancnc.com\/wp-content\/uploads\/2025\/09\/967f162e97dc75d0f3cd928d8394c40-100x75.jpg 100w, https:\/\/aoxuancnc.com\/wp-content\/uploads\/2025\/09\/967f162e97dc75d0f3cd928d8394c40-960x720.jpg 960w, https:\/\/aoxuancnc.com\/wp-content\/uploads\/2025\/09\/967f162e97dc75d0f3cd928d8394c40-480x360.jpg 480w, https:\/\/aoxuancnc.com\/wp-content\/uploads\/2025\/09\/967f162e97dc75d0f3cd928d8394c40-800x600.jpg 800w\" sizes=\"auto, (max-width:767px) 480px, (max-width:2560px) 100vw, 2560px\" \/><\/p>\n<p>&nbsp;<\/p>\n<h3><strong>1. Spezifikation:\u00a0<\/strong><\/h3>\n<p><img loading=\"lazy\" decoding=\"async\" class=\"alignnone wp-image-788 size-full\" src=\"https:\/\/aoxuancnc.com\/wp-content\/uploads\/2025\/09\/2000W\u914d\u7f6e.png\" alt=\"\" width=\"701\" height=\"744\" srcset=\"https:\/\/aoxuancnc.com\/wp-content\/uploads\/2025\/09\/2000W\u914d\u7f6e.png 701w, https:\/\/aoxuancnc.com\/wp-content\/uploads\/2025\/09\/2000W\u914d\u7f6e-471x500.png 471w, https:\/\/aoxuancnc.com\/wp-content\/uploads\/2025\/09\/2000W\u914d\u7f6e-283x300.png 283w, https:\/\/aoxuancnc.com\/wp-content\/uploads\/2025\/09\/2000W\u914d\u7f6e-11x12.png 11w, https:\/\/aoxuancnc.com\/wp-content\/uploads\/2025\/09\/2000W\u914d\u7f6e-71x75.png 71w, https:\/\/aoxuancnc.com\/wp-content\/uploads\/2025\/09\/2000W\u914d\u7f6e-480x509.png 480w\" sizes=\"auto, (max-width:767px) 480px, 701px\" \/><\/p>\n<p><img loading=\"lazy\" decoding=\"async\" class=\"alignnone wp-image-790\" src=\"https:\/\/aoxuancnc.com\/wp-content\/uploads\/2025\/09\/2000W\u914d\u7f6e2.png\" alt=\"\" width=\"701\" height=\"832\" srcset=\"https:\/\/aoxuancnc.com\/wp-content\/uploads\/2025\/09\/2000W\u914d\u7f6e2.png 636w, https:\/\/aoxuancnc.com\/wp-content\/uploads\/2025\/09\/2000W\u914d\u7f6e2-421x500.png 421w, https:\/\/aoxuancnc.com\/wp-content\/uploads\/2025\/09\/2000W\u914d\u7f6e2-253x300.png 253w, https:\/\/aoxuancnc.com\/wp-content\/uploads\/2025\/09\/2000W\u914d\u7f6e2-10x12.png 10w, https:\/\/aoxuancnc.com\/wp-content\/uploads\/2025\/09\/2000W\u914d\u7f6e2-63x75.png 63w, https:\/\/aoxuancnc.com\/wp-content\/uploads\/2025\/09\/2000W\u914d\u7f6e2-480x570.png 480w\" sizes=\"auto, (max-width:767px) 480px, 701px\" \/><\/p>\n<h3><strong>\u00a02.Maschinenkonfiguration \u00a0\u00a0<\/strong><\/h3>\n<p><img loading=\"lazy\" decoding=\"async\" class=\"alignnone wp-image-789\" src=\"https:\/\/aoxuancnc.com\/wp-content\/uploads\/2025\/09\/2000W\u914d\u7f6e1.png\" alt=\"\" width=\"701\" height=\"522\" srcset=\"https:\/\/aoxuancnc.com\/wp-content\/uploads\/2025\/09\/2000W\u914d\u7f6e1.png 860w, https:\/\/aoxuancnc.com\/wp-content\/uploads\/2025\/09\/2000W\u914d\u7f6e1-500x372.png 500w, https:\/\/aoxuancnc.com\/wp-content\/uploads\/2025\/09\/2000W\u914d\u7f6e1-300x223.png 300w, https:\/\/aoxuancnc.com\/wp-content\/uploads\/2025\/09\/2000W\u914d\u7f6e1-768x572.png 768w, https:\/\/aoxuancnc.com\/wp-content\/uploads\/2025\/09\/2000W\u914d\u7f6e1-16x12.png 16w, https:\/\/aoxuancnc.com\/wp-content\/uploads\/2025\/09\/2000W\u914d\u7f6e1-101x75.png 101w, https:\/\/aoxuancnc.com\/wp-content\/uploads\/2025\/09\/2000W\u914d\u7f6e1-480x357.png 480w, https:\/\/aoxuancnc.com\/wp-content\/uploads\/2025\/09\/2000W\u914d\u7f6e1-800x595.png 800w\" sizes=\"auto, (max-width:767px) 480px, 701px\" \/><\/p>\n<h4><strong>Raytools Laserkopf<\/strong><\/h4>\n<p><img loading=\"lazy\" decoding=\"async\" class=\"alignnone wp-image-791\" src=\"https:\/\/aoxuancnc.com\/wp-content\/uploads\/2025\/09\/\u5609\u5f3a\u5207\u5272\u5934.png\" alt=\"\" width=\"701\" height=\"917\" srcset=\"https:\/\/aoxuancnc.com\/wp-content\/uploads\/2025\/09\/\u5609\u5f3a\u5207\u5272\u5934.png 584w, https:\/\/aoxuancnc.com\/wp-content\/uploads\/2025\/09\/\u5609\u5f3a\u5207\u5272\u5934-382x500.png 382w, https:\/\/aoxuancnc.com\/wp-content\/uploads\/2025\/09\/\u5609\u5f3a\u5207\u5272\u5934-229x300.png 229w, https:\/\/aoxuancnc.com\/wp-content\/uploads\/2025\/09\/\u5609\u5f3a\u5207\u5272\u5934-9x12.png 9w, https:\/\/aoxuancnc.com\/wp-content\/uploads\/2025\/09\/\u5609\u5f3a\u5207\u5272\u5934-57x75.png 57w, https:\/\/aoxuancnc.com\/wp-content\/uploads\/2025\/09\/\u5609\u5f3a\u5207\u5272\u5934-480x628.png 480w\" sizes=\"auto, (max-width:767px) 480px, 701px\" \/><\/p>\n<h4><strong>CNC-Steuerungssystem<\/strong><\/h4>\n<p><img loading=\"lazy\" decoding=\"async\" class=\"alignnone wp-image-792\" src=\"https:\/\/aoxuancnc.com\/wp-content\/uploads\/2025\/09\/\u5609\u5f3a\u7cfb\u7edf.png\" alt=\"\" width=\"701\" height=\"880\" srcset=\"https:\/\/aoxuancnc.com\/wp-content\/uploads\/2025\/09\/\u5609\u5f3a\u7cfb\u7edf.png 585w, https:\/\/aoxuancnc.com\/wp-content\/uploads\/2025\/09\/\u5609\u5f3a\u7cfb\u7edf-399x500.png 399w, https:\/\/aoxuancnc.com\/wp-content\/uploads\/2025\/09\/\u5609\u5f3a\u7cfb\u7edf-239x300.png 239w, https:\/\/aoxuancnc.com\/wp-content\/uploads\/2025\/09\/\u5609\u5f3a\u7cfb\u7edf-10x12.png 10w, https:\/\/aoxuancnc.com\/wp-content\/uploads\/2025\/09\/\u5609\u5f3a\u7cfb\u7edf-60x75.png 60w, https:\/\/aoxuancnc.com\/wp-content\/uploads\/2025\/09\/\u5609\u5f3a\u7cfb\u7edf-480x602.png 480w\" sizes=\"auto, (max-width:767px) 480px, 701px\" \/><\/p>\n<p>&nbsp;<\/p>\n<p>&nbsp;<\/p>\n<p>&nbsp;<\/p>\n<p><img loading=\"lazy\" decoding=\"async\" class=\"alignnone wp-image-794\" src=\"https:\/\/aoxuancnc.com\/wp-content\/uploads\/2025\/09\/\u9002\u7528\u884c\u4e1a.png\" alt=\"\" width=\"701\" height=\"834\" srcset=\"https:\/\/aoxuancnc.com\/wp-content\/uploads\/2025\/09\/\u9002\u7528\u884c\u4e1a.png 625w, https:\/\/aoxuancnc.com\/wp-content\/uploads\/2025\/09\/\u9002\u7528\u884c\u4e1a-420x500.png 420w, https:\/\/aoxuancnc.com\/wp-content\/uploads\/2025\/09\/\u9002\u7528\u884c\u4e1a-252x300.png 252w, https:\/\/aoxuancnc.com\/wp-content\/uploads\/2025\/09\/\u9002\u7528\u884c\u4e1a-10x12.png 10w, https:\/\/aoxuancnc.com\/wp-content\/uploads\/2025\/09\/\u9002\u7528\u884c\u4e1a-63x75.png 63w, https:\/\/aoxuancnc.com\/wp-content\/uploads\/2025\/09\/\u9002\u7528\u884c\u4e1a-480x571.png 480w\" sizes=\"auto, (max-width:767px) 480px, 701px\" \/><\/p>\n<p><img loading=\"lazy\" decoding=\"async\" class=\"alignnone wp-image-793\" src=\"https:\/\/aoxuancnc.com\/wp-content\/uploads\/2025\/09\/\u4f18\u52bf\u529f\u80fd.png\" alt=\"\" width=\"701\" height=\"835\" srcset=\"https:\/\/aoxuancnc.com\/wp-content\/uploads\/2025\/09\/\u4f18\u52bf\u529f\u80fd.png 639w, https:\/\/aoxuancnc.com\/wp-content\/uploads\/2025\/09\/\u4f18\u52bf\u529f\u80fd-420x500.png 420w, https:\/\/aoxuancnc.com\/wp-content\/uploads\/2025\/09\/\u4f18\u52bf\u529f\u80fd-252x300.png 252w, https:\/\/aoxuancnc.com\/wp-content\/uploads\/2025\/09\/\u4f18\u52bf\u529f\u80fd-10x12.png 10w, https:\/\/aoxuancnc.com\/wp-content\/uploads\/2025\/09\/\u4f18\u52bf\u529f\u80fd-63x75.png 63w, https:\/\/aoxuancnc.com\/wp-content\/uploads\/2025\/09\/\u4f18\u52bf\u529f\u80fd-480x572.png 480w\" sizes=\"auto, (max-width:767px) 480px, 701px\" \/><\/p>","protected":false},"excerpt":{"rendered":"<p>1. Preisinhalt FOB Shanghai-Preis, China<\/p>\n<p>2. G\u00fcltiger Preis: innerhalb von 30 Tagen;<\/p>\n<p>3. Zahlungsmethode: Wenn der Produktkaufvertrag und die technische Vereinbarung unterzeichnet sind, werden 30% des Gesamtbetrags des Vertrags bezahlt, und 70% des Gesamtbetrags des Vertrags werden zum Zeitpunkt der Lieferung per T\/T oder L\/C bezahlt.<\/p>\n<p>4. Lieferzeit: 30 Werktage nach Erhalt der Anzahlung;<\/p>\n<p>5. Verpackung: einfache Verpackung, kein Recycling;<\/p>","protected":false},"featured_media":908,"template":"","meta":[],"product_brand":[],"product_cat":[41],"product_tag":[44,45,46],"class_list":{"0":"post-895","1":"product","2":"type-product","3":"status-publish","4":"has-post-thumbnail","6":"product_cat-laser-cutting-machine","7":"product_tag-fiber-laser-cutting-machine","8":"product_tag-laser-metal-cutting-machine","9":"product_tag-metal-cutting-machine","11":"first","12":"instock","13":"shipping-taxable","14":"product-type-simple"},"yoast_head":"<!-- This site is optimized with the Yoast SEO plugin v24.9 - https:\/\/yoast.com\/wordpress\/plugins\/seo\/ -->\n<title>3015 CNC Fiber Laser Cutting Machine for Sheet Metal<\/title>\n<meta name=\"description\" content=\"Cnc fiber laser cutting machine: Support groove cutting , double chuck clamping, suitable for all kinds of irregular pipe fitts\" \/>\n<meta name=\"robots\" content=\"index, follow, max-snippet:-1, max-image-preview:large, max-video-preview:-1\" \/>\n<link rel=\"canonical\" href=\"https:\/\/aoxuancnc.com\/de\/produkt\/3015-cnc-fiber-laser-cutting-machine-for-sheet-metal-1500w-3000w-6000w\/\" \/>\n<meta property=\"og:locale\" content=\"de_DE\" \/>\n<meta property=\"og:type\" content=\"article\" \/>\n<meta property=\"og:title\" content=\"3015 CNC Fiber Laser Cutting Machine for Sheet Metal\" \/>\n<meta property=\"og:description\" content=\"Cnc fiber laser cutting machine: Support groove cutting , double chuck clamping, suitable for all kinds of irregular pipe fitts\" \/>\n<meta property=\"og:url\" content=\"https:\/\/aoxuancnc.com\/de\/produkt\/3015-cnc-fiber-laser-cutting-machine-for-sheet-metal-1500w-3000w-6000w\/\" \/>\n<meta property=\"og:site_name\" content=\"AOXUANZG\" \/>\n<meta property=\"article:modified_time\" content=\"2025-09-30T08:51:37+00:00\" \/>\n<meta property=\"og:image\" content=\"https:\/\/aoxuancnc.com\/wp-content\/uploads\/2025\/09\/ae95829bb0e24218de49d793f4aaa69.jpg\" \/>\n\t<meta property=\"og:image:width\" content=\"800\" \/>\n\t<meta property=\"og:image:height\" content=\"800\" \/>\n\t<meta property=\"og:image:type\" content=\"image\/jpeg\" \/>\n<meta name=\"twitter:card\" content=\"summary_large_image\" \/>\n<meta name=\"twitter:label1\" content=\"Gesch\u00e4tzte Lesezeit\" \/>\n\t<meta name=\"twitter:data1\" content=\"4\u00a0Minuten\" \/>\n<script type=\"application\/ld+json\" class=\"yoast-schema-graph\">{\"@context\":\"https:\/\/schema.org\",\"@graph\":[{\"@type\":\"WebPage\",\"@id\":\"https:\/\/aoxuancnc.com\/product\/3015-cnc-fiber-laser-cutting-machine-for-sheet-metal-1500w-3000w-6000w\/\",\"url\":\"https:\/\/aoxuancnc.com\/product\/3015-cnc-fiber-laser-cutting-machine-for-sheet-metal-1500w-3000w-6000w\/\",\"name\":\"3015 CNC Fiber Laser Cutting Machine for Sheet Metal\",\"isPartOf\":{\"@id\":\"http:\/\/aoxuancnc.com\/#website\"},\"primaryImageOfPage\":{\"@id\":\"https:\/\/aoxuancnc.com\/product\/3015-cnc-fiber-laser-cutting-machine-for-sheet-metal-1500w-3000w-6000w\/#primaryimage\"},\"image\":{\"@id\":\"https:\/\/aoxuancnc.com\/product\/3015-cnc-fiber-laser-cutting-machine-for-sheet-metal-1500w-3000w-6000w\/#primaryimage\"},\"thumbnailUrl\":\"https:\/\/aoxuancnc.com\/wp-content\/uploads\/2025\/09\/ae95829bb0e24218de49d793f4aaa69.jpg\",\"datePublished\":\"2025-09-30T07:07:59+00:00\",\"dateModified\":\"2025-09-30T08:51:37+00:00\",\"description\":\"Cnc fiber laser cutting machine: Support groove cutting , double chuck clamping, suitable for all kinds of irregular pipe fitts\",\"breadcrumb\":{\"@id\":\"https:\/\/aoxuancnc.com\/product\/3015-cnc-fiber-laser-cutting-machine-for-sheet-metal-1500w-3000w-6000w\/#breadcrumb\"},\"inLanguage\":\"de\",\"potentialAction\":[{\"@type\":\"ReadAction\",\"target\":[\"https:\/\/aoxuancnc.com\/product\/3015-cnc-fiber-laser-cutting-machine-for-sheet-metal-1500w-3000w-6000w\/\"]}]},{\"@type\":\"ImageObject\",\"inLanguage\":\"de\",\"@id\":\"https:\/\/aoxuancnc.com\/product\/3015-cnc-fiber-laser-cutting-machine-for-sheet-metal-1500w-3000w-6000w\/#primaryimage\",\"url\":\"https:\/\/aoxuancnc.com\/wp-content\/uploads\/2025\/09\/ae95829bb0e24218de49d793f4aaa69.jpg\",\"contentUrl\":\"https:\/\/aoxuancnc.com\/wp-content\/uploads\/2025\/09\/ae95829bb0e24218de49d793f4aaa69.jpg\",\"width\":800,\"height\":800},{\"@type\":\"BreadcrumbList\",\"@id\":\"https:\/\/aoxuancnc.com\/product\/3015-cnc-fiber-laser-cutting-machine-for-sheet-metal-1500w-3000w-6000w\/#breadcrumb\",\"itemListElement\":[{\"@type\":\"ListItem\",\"position\":1,\"name\":\"\u9996\u9875\",\"item\":\"http:\/\/aoxuancnc.com\/\"},{\"@type\":\"ListItem\",\"position\":2,\"name\":\"Product\",\"item\":\"https:\/\/aoxuancnc.com\/ru\/product\/\"},{\"@type\":\"ListItem\",\"position\":3,\"name\":\"3015 CNC Fiber Laser Cutting Machine for Sheet Metal 1500W\/3000W\/6000W\"}]},{\"@type\":\"WebSite\",\"@id\":\"http:\/\/aoxuancnc.com\/#website\",\"url\":\"http:\/\/aoxuancnc.com\/\",\"name\":\"AOXUANZG\",\"description\":\"Anhui Aoxuan Heavy Industry Machine Co., Ltd\",\"potentialAction\":[{\"@type\":\"SearchAction\",\"target\":{\"@type\":\"EntryPoint\",\"urlTemplate\":\"http:\/\/aoxuancnc.com\/?s={search_term_string}\"},\"query-input\":{\"@type\":\"PropertyValueSpecification\",\"valueRequired\":true,\"valueName\":\"search_term_string\"}}],\"inLanguage\":\"de\"}]}<\/script>\n<!-- \/ Yoast SEO plugin. -->","yoast_head_json":{"title":"3015 CNC Fiber Laser Cutting Machine for Sheet Metal","description":"Cnc fiber laser cutting machine: Support groove cutting , double chuck clamping, suitable for all kinds of irregular pipe fitts","robots":{"index":"index","follow":"follow","max-snippet":"max-snippet:-1","max-image-preview":"max-image-preview:large","max-video-preview":"max-video-preview:-1"},"canonical":"https:\/\/aoxuancnc.com\/de\/produkt\/3015-cnc-fiber-laser-cutting-machine-for-sheet-metal-1500w-3000w-6000w\/","og_locale":"de_DE","og_type":"article","og_title":"3015 CNC Fiber Laser Cutting Machine for Sheet Metal","og_description":"Cnc fiber laser cutting machine: Support groove cutting , double chuck clamping, suitable for all kinds of irregular pipe fitts","og_url":"https:\/\/aoxuancnc.com\/de\/produkt\/3015-cnc-fiber-laser-cutting-machine-for-sheet-metal-1500w-3000w-6000w\/","og_site_name":"AOXUANZG","article_modified_time":"2025-09-30T08:51:37+00:00","og_image":[{"width":800,"height":800,"url":"https:\/\/aoxuancnc.com\/wp-content\/uploads\/2025\/09\/ae95829bb0e24218de49d793f4aaa69.jpg","type":"image\/jpeg"}],"twitter_card":"summary_large_image","twitter_misc":{"Gesch\u00e4tzte Lesezeit":"4\u00a0Minuten"},"schema":{"@context":"https:\/\/schema.org","@graph":[{"@type":"WebPage","@id":"https:\/\/aoxuancnc.com\/product\/3015-cnc-fiber-laser-cutting-machine-for-sheet-metal-1500w-3000w-6000w\/","url":"https:\/\/aoxuancnc.com\/product\/3015-cnc-fiber-laser-cutting-machine-for-sheet-metal-1500w-3000w-6000w\/","name":"3015 CNC Fiber Laser Cutting Machine for Sheet Metal","isPartOf":{"@id":"http:\/\/aoxuancnc.com\/#website"},"primaryImageOfPage":{"@id":"https:\/\/aoxuancnc.com\/product\/3015-cnc-fiber-laser-cutting-machine-for-sheet-metal-1500w-3000w-6000w\/#primaryimage"},"image":{"@id":"https:\/\/aoxuancnc.com\/product\/3015-cnc-fiber-laser-cutting-machine-for-sheet-metal-1500w-3000w-6000w\/#primaryimage"},"thumbnailUrl":"https:\/\/aoxuancnc.com\/wp-content\/uploads\/2025\/09\/ae95829bb0e24218de49d793f4aaa69.jpg","datePublished":"2025-09-30T07:07:59+00:00","dateModified":"2025-09-30T08:51:37+00:00","description":"Cnc fiber laser cutting machine: Support groove cutting , double chuck clamping, suitable for all kinds of irregular pipe fitts","breadcrumb":{"@id":"https:\/\/aoxuancnc.com\/product\/3015-cnc-fiber-laser-cutting-machine-for-sheet-metal-1500w-3000w-6000w\/#breadcrumb"},"inLanguage":"de","potentialAction":[{"@type":"ReadAction","target":["https:\/\/aoxuancnc.com\/product\/3015-cnc-fiber-laser-cutting-machine-for-sheet-metal-1500w-3000w-6000w\/"]}]},{"@type":"ImageObject","inLanguage":"de","@id":"https:\/\/aoxuancnc.com\/product\/3015-cnc-fiber-laser-cutting-machine-for-sheet-metal-1500w-3000w-6000w\/#primaryimage","url":"https:\/\/aoxuancnc.com\/wp-content\/uploads\/2025\/09\/ae95829bb0e24218de49d793f4aaa69.jpg","contentUrl":"https:\/\/aoxuancnc.com\/wp-content\/uploads\/2025\/09\/ae95829bb0e24218de49d793f4aaa69.jpg","width":800,"height":800},{"@type":"BreadcrumbList","@id":"https:\/\/aoxuancnc.com\/product\/3015-cnc-fiber-laser-cutting-machine-for-sheet-metal-1500w-3000w-6000w\/#breadcrumb","itemListElement":[{"@type":"ListItem","position":1,"name":"\u9996\u9875","item":"http:\/\/aoxuancnc.com\/"},{"@type":"ListItem","position":2,"name":"Product","item":"https:\/\/aoxuancnc.com\/ru\/product\/"},{"@type":"ListItem","position":3,"name":"3015 CNC Fiber Laser Cutting Machine for Sheet Metal 1500W\/3000W\/6000W"}]},{"@type":"WebSite","@id":"http:\/\/aoxuancnc.com\/#website","url":"http:\/\/aoxuancnc.com\/","name":"AOXUANZG","description":"Anhui Aoxuan Heavy Industry Machine Co., Ltd","potentialAction":[{"@type":"SearchAction","target":{"@type":"EntryPoint","urlTemplate":"http:\/\/aoxuancnc.com\/?s={search_term_string}"},"query-input":{"@type":"PropertyValueSpecification","valueRequired":true,"valueName":"search_term_string"}}],"inLanguage":"de"}]}},"_links":{"self":[{"href":"https:\/\/aoxuancnc.com\/de\/wp-json\/wp\/v2\/product\/895","targetHints":{"allow":["GET"]}}],"collection":[{"href":"https:\/\/aoxuancnc.com\/de\/wp-json\/wp\/v2\/product"}],"about":[{"href":"https:\/\/aoxuancnc.com\/de\/wp-json\/wp\/v2\/types\/product"}],"wp:featuredmedia":[{"embeddable":true,"href":"https:\/\/aoxuancnc.com\/de\/wp-json\/wp\/v2\/media\/908"}],"wp:attachment":[{"href":"https:\/\/aoxuancnc.com\/de\/wp-json\/wp\/v2\/media?parent=895"}],"wp:term":[{"taxonomy":"product_brand","embeddable":true,"href":"https:\/\/aoxuancnc.com\/de\/wp-json\/wp\/v2\/product_brand?post=895"},{"taxonomy":"product_cat","embeddable":true,"href":"https:\/\/aoxuancnc.com\/de\/wp-json\/wp\/v2\/product_cat?post=895"},{"taxonomy":"product_tag","embeddable":true,"href":"https:\/\/aoxuancnc.com\/de\/wp-json\/wp\/v2\/product_tag?post=895"}],"curies":[{"name":"wp","href":"https:\/\/api.w.org\/{rel}","templated":true}]}}