{"id":930,"date":"2025-10-28T08:02:19","date_gmt":"2025-10-28T08:02:19","guid":{"rendered":"https:\/\/aoxuancnc.com\/?post_type=product&#038;p=930"},"modified":"2025-10-28T09:43:00","modified_gmt":"2025-10-28T09:43:00","slug":"high-efficiency-cnc-power-saving-pure-electric-press-brake-6t400mm-with-eco-10es-system","status":"publish","type":"product","link":"https:\/\/aoxuancnc.com\/de\/produkt\/high-efficiency-cnc-power-saving-pure-electric-press-brake-6t400mm-with-eco-10es-system\/","title":{"rendered":"Hocheffiziente, energiesparende, rein elektrische CNC-Abkantpresse 6T400MM mit SCS500-System"},"content":{"rendered":"<p>Hocheffiziente, energiesparende, rein elektrische CNC-Abkantpresse 6T400MM mit SCS500-System<\/p>\n<p><img loading=\"lazy\" decoding=\"async\" class=\"alignnone wp-image-935 size-full\" src=\"https:\/\/aoxuancnc.com\/wp-content\/uploads\/2025\/10\/pure-electric-bending-machine-4-scaled-e1761641377111.jpg\" alt=\"\" width=\"900\" height=\"1200\" \/><\/p>\n<p><img loading=\"lazy\" decoding=\"async\" class=\"alignnone wp-image-933 size-full\" src=\"https:\/\/aoxuancnc.com\/wp-content\/uploads\/2025\/10\/pure-electric-bending-machine-2-scaled-e1761641358954.jpg\" alt=\"\" width=\"900\" height=\"675\" \/><\/p>\n<p><strong>Vorteile:<\/strong><br \/>\nRein elektrische Servo-Abkantpressen bieten dank ihres servoelektrischen Antriebssystems die Vorteile hoher Beschleunigung, Verz\u00f6gerung und schneller Reaktionszeiten. Im Vergleich zu herk\u00f6mmlichen Abkantpressen lassen sich mit ihnen erhebliche Produktivit\u00e4tssteigerungen erzielen; eine Verk\u00fcrzung der Zykluszeiten um bis zu 30% oder mehr ist realistisch.<\/p>\n<p><img loading=\"lazy\" decoding=\"async\" class=\"alignnone wp-image-940 size-full\" src=\"https:\/\/aoxuancnc.com\/wp-content\/uploads\/2025\/10\/pure-electric-bending-machine-9-scaled-e1761644024768.jpg\" alt=\"\" width=\"900\" height=\"675\" \/><\/p>\n<p><strong>Hauptmerkmale:<\/strong><br \/>\n\u2022 Mini-CNC-Abkantpresse, 6\u201318 Tonnen<br \/>\n\u2022 Die Antriebstechnologie mit zwei Servomotoren sorgt f\u00fcr hochpr\u00e4zise Biegeergebnisse.<br \/>\n\u2022 100% Elektroantrieb, keine Schmierung erforderlich.<br \/>\n\u2022 Bis zu 50% geringerer Energieverbrauch im Vergleich zu hydraulischen Abkantpressen.<br \/>\n\u2022 35% h\u00f6here Geschwindigkeit im Vergleich zu hydraulischen Abkantpressen.<br \/>\n\u2022 Hohe Effizienz und Pr\u00e4zision.<br \/>\n\u2022 Schnelle Biegegeschwindigkeit und geringe Ger\u00e4uschentwicklung.<br \/>\n\u2022 Erreichen Sie die volle Biegel\u00e4nge zwischen den Seitenrahmen.<br \/>\n\u2022 Geringe Wartungskosten.<br \/>\n\u2022 Umweltfreundlich.<br \/>\n\u2022 Benutzerfreundliche Schnittstelle.<\/p>\n<p><img loading=\"lazy\" decoding=\"async\" class=\"alignnone wp-image-937 size-full\" src=\"https:\/\/aoxuancnc.com\/wp-content\/uploads\/2025\/10\/pure-electric-bending-machine-6-scaled-e1761641468456.jpg\" alt=\"\" width=\"900\" height=\"1200\" \/><\/p>\n<p><strong>\u00a0 \u00a0 \u00a0 \u00a0 \u00a0 \u00a0 \u00a0 \u00a0 \u00a0 \u00a0 \u00a0 \u00a0 \u00a0 \u00a0 \u00a0 \u00a0 \u00a0 \u00a0 \u00a0 \u00a0 \u00a0 \u00a0 \u00a0 \u00a0 \u00a0 \u00a0 \u00a0 \u00a0 \u00a0 \u00a0 \u00a0 \u00a0 \u00a0 \u00a0 \u00a0 \u00a0 \u00a0 \u00a0 \u00a0 \u00a0 \u00a0 \u00a0 \u00a0 \u00a0 \u00a0 \u00a0 \u00a0 \u00a0 \u00a0 \u00a0 \u00a0 \u00a0 \u00a0 \u00a0 \u00a0 \u00a0SCS500-System<\/strong><\/p>\n<p><strong>Parameter:<\/strong><\/p>\n<p><img loading=\"lazy\" decoding=\"async\" class=\"alignnone wp-image-284 size-full\" src=\"https:\/\/aoxuancnc.com\/wp-content\/uploads\/2025\/08\/pure.jpg\" alt=\"\" width=\"752\" height=\"297\" srcset=\"https:\/\/aoxuancnc.com\/wp-content\/uploads\/2025\/08\/pure.jpg 752w, https:\/\/aoxuancnc.com\/wp-content\/uploads\/2025\/08\/pure-500x197.jpg 500w, https:\/\/aoxuancnc.com\/wp-content\/uploads\/2025\/08\/pure-300x118.jpg 300w, https:\/\/aoxuancnc.com\/wp-content\/uploads\/2025\/08\/pure-18x7.jpg 18w, https:\/\/aoxuancnc.com\/wp-content\/uploads\/2025\/08\/pure-150x59.jpg 150w, https:\/\/aoxuancnc.com\/wp-content\/uploads\/2025\/08\/pure-480x190.jpg 480w\" sizes=\"auto, (max-width:767px) 480px, 752px\" \/><\/p>\n<p><strong>Formen<\/strong><br \/>\nAnpassbar an Ihr Produkt<br \/>\n<strong>Schnellspanner<\/strong><br \/>\nSchneller Formwechsel<\/p>\n<p><img loading=\"lazy\" decoding=\"async\" class=\"alignnone wp-image-944 size-large\" src=\"https:\/\/aoxuancnc.com\/wp-content\/uploads\/2025\/10\/pure-electric-pressbrake-1200x479.png\" alt=\"\" width=\"1200\" height=\"479\" \/><\/p>\n<p>&nbsp;<\/p>\n<p><strong>F\u00fcr weitere Informationen kontaktieren Sie mich bitte ~*^-^*<\/strong><\/p>\n<p>&nbsp;<\/p>\n<div style=\"width: 720px;\" class=\"wp-video\"><video class=\"wp-video-shortcode\" id=\"video-930-1\" width=\"720\" height=\"1280\" preload=\"metadata\" controls=\"controls\"><source type=\"video\/mp4\" src=\"https:\/\/aoxuancnc.com\/wp-content\/uploads\/2025\/10\/electric-pure-bending-machine.mp4?_=1\" \/><a href=\"https:\/\/aoxuancnc.com\/wp-content\/uploads\/2025\/10\/electric-pure-bending-machine.mp4\">https:\/\/aoxuancnc.com\/wp-content\/uploads\/2025\/10\/electric-pure-bending-machine.mp4<\/a><\/video><\/div>","protected":false},"excerpt":{"rendered":"<p><strong>Produktdetails<\/strong><br \/>\nHerkunftsort: China<br \/>\nMarkenname: AOXUANZG<br \/>\nZertifizierung: CE<br \/>\nModellnummer: AX-6T400<\/p>\n<p><strong>Zahlungs- und Versandbedingungen<\/strong><br \/>\nMindestbestellmenge: 1 Satz<br \/>\nPreis: $7400-9000\/Einheit<br \/>\nVerpackungsdetails: Standard-Exportverpackung<br \/>\nLieferzeit: 30 Tage<br \/>\nZahlungsbedingungen: L\/C, T\/T, Western Union, MoneyGram<br \/>\nLieferf\u00e4higkeit: 50 S\u00e4tze\/Jahr<\/p>","protected":false},"featured_media":942,"template":"","meta":[],"product_brand":[21],"product_cat":[4],"product_tag":[31,30,29],"class_list":{"0":"post-930","1":"product","2":"type-product","3":"status-publish","4":"has-post-thumbnail","6":"product_brand-aoxuanzg","7":"product_cat-pure-electric-press-brake","8":"product_tag-electric-servo-motor-bending-machine","9":"product_tag-electric-servo-motor-press-brake","10":"product_tag-pure-electric-press-brake","12":"first","13":"instock","14":"featured","15":"shipping-taxable","16":"product-type-external"},"yoast_head":"<!-- This site is optimized with the Yoast SEO plugin v24.9 - https:\/\/yoast.com\/wordpress\/plugins\/seo\/ -->\n<title>High Efficiency CNC Power Saving Pure Electric Press Brake 6T400MM with SCS500 System - AOXUANZG<\/title>\n<meta name=\"robots\" content=\"index, follow, max-snippet:-1, max-image-preview:large, max-video-preview:-1\" \/>\n<link rel=\"canonical\" href=\"https:\/\/aoxuancnc.com\/de\/produkt\/high-efficiency-cnc-power-saving-pure-electric-press-brake-6t400mm-with-eco-10es-system\/\" \/>\n<meta property=\"og:locale\" content=\"de_DE\" \/>\n<meta property=\"og:type\" content=\"article\" \/>\n<meta property=\"og:title\" content=\"High Efficiency CNC Power Saving Pure Electric Press Brake 6T400MM with SCS500 System - AOXUANZG\" \/>\n<meta property=\"og:description\" content=\"Product Details Place of Origin: China Brand Name: AOXUANZG Certification: CE Model Number: AX-6T400  Payment &amp; Shipping Terms Minimum Order Quantity: 1 Set Price: $7400-9000\/unit Packaging Details: Standard export packing Delivery time: 30 days Payment Terms: L\/C, T\/T, Western Union, MoneyGram Supply Ability: 50 sets\/Year\" \/>\n<meta property=\"og:url\" content=\"https:\/\/aoxuancnc.com\/de\/produkt\/high-efficiency-cnc-power-saving-pure-electric-press-brake-6t400mm-with-eco-10es-system\/\" \/>\n<meta property=\"og:site_name\" content=\"AOXUANZG\" \/>\n<meta property=\"article:modified_time\" content=\"2025-10-28T09:43:00+00:00\" \/>\n<meta property=\"og:image\" content=\"https:\/\/aoxuancnc.com\/wp-content\/uploads\/2025\/10\/pure-electric-bending-machine.jpg\" \/>\n\t<meta property=\"og:image:width\" content=\"1000\" \/>\n\t<meta property=\"og:image:height\" content=\"1000\" \/>\n\t<meta property=\"og:image:type\" content=\"image\/jpeg\" \/>\n<meta name=\"twitter:card\" content=\"summary_large_image\" \/>\n<meta name=\"twitter:label1\" content=\"Gesch\u00e4tzte Lesezeit\" \/>\n\t<meta name=\"twitter:data1\" content=\"3\u00a0Minuten\" \/>\n<script type=\"application\/ld+json\" class=\"yoast-schema-graph\">{\"@context\":\"https:\/\/schema.org\",\"@graph\":[{\"@type\":\"WebPage\",\"@id\":\"https:\/\/aoxuancnc.com\/ru\/product\/high-efficiency-cnc-power-saving-pure-electric-press-brake-6t400mm-with-eco-10es-system\/\",\"url\":\"https:\/\/aoxuancnc.com\/ru\/product\/high-efficiency-cnc-power-saving-pure-electric-press-brake-6t400mm-with-eco-10es-system\/\",\"name\":\"High Efficiency CNC Power Saving Pure Electric Press Brake 6T400MM with SCS500 System - AOXUANZG\",\"isPartOf\":{\"@id\":\"http:\/\/aoxuancnc.com\/#website\"},\"primaryImageOfPage\":{\"@id\":\"https:\/\/aoxuancnc.com\/ru\/product\/high-efficiency-cnc-power-saving-pure-electric-press-brake-6t400mm-with-eco-10es-system\/#primaryimage\"},\"image\":{\"@id\":\"https:\/\/aoxuancnc.com\/ru\/product\/high-efficiency-cnc-power-saving-pure-electric-press-brake-6t400mm-with-eco-10es-system\/#primaryimage\"},\"thumbnailUrl\":\"https:\/\/aoxuancnc.com\/wp-content\/uploads\/2025\/10\/pure-electric-bending-machine.jpg\",\"datePublished\":\"2025-10-28T08:02:19+00:00\",\"dateModified\":\"2025-10-28T09:43:00+00:00\",\"breadcrumb\":{\"@id\":\"https:\/\/aoxuancnc.com\/ru\/product\/high-efficiency-cnc-power-saving-pure-electric-press-brake-6t400mm-with-eco-10es-system\/#breadcrumb\"},\"inLanguage\":\"de\",\"potentialAction\":[{\"@type\":\"ReadAction\",\"target\":[\"https:\/\/aoxuancnc.com\/ru\/product\/high-efficiency-cnc-power-saving-pure-electric-press-brake-6t400mm-with-eco-10es-system\/\"]}]},{\"@type\":\"ImageObject\",\"inLanguage\":\"de\",\"@id\":\"https:\/\/aoxuancnc.com\/ru\/product\/high-efficiency-cnc-power-saving-pure-electric-press-brake-6t400mm-with-eco-10es-system\/#primaryimage\",\"url\":\"https:\/\/aoxuancnc.com\/wp-content\/uploads\/2025\/10\/pure-electric-bending-machine.jpg\",\"contentUrl\":\"https:\/\/aoxuancnc.com\/wp-content\/uploads\/2025\/10\/pure-electric-bending-machine.jpg\",\"width\":1000,\"height\":1000},{\"@type\":\"BreadcrumbList\",\"@id\":\"https:\/\/aoxuancnc.com\/ru\/product\/high-efficiency-cnc-power-saving-pure-electric-press-brake-6t400mm-with-eco-10es-system\/#breadcrumb\",\"itemListElement\":[{\"@type\":\"ListItem\",\"position\":1,\"name\":\"\u9996\u9875\",\"item\":\"http:\/\/aoxuancnc.com\/\"},{\"@type\":\"ListItem\",\"position\":2,\"name\":\"Product\",\"item\":\"https:\/\/aoxuancnc.com\/ru\/product\/\"},{\"@type\":\"ListItem\",\"position\":3,\"name\":\"High Efficiency CNC Power Saving Pure Electric Press Brake 6T400MM with SCS500 System\"}]},{\"@type\":\"WebSite\",\"@id\":\"http:\/\/aoxuancnc.com\/#website\",\"url\":\"http:\/\/aoxuancnc.com\/\",\"name\":\"AOXUANZG\",\"description\":\"Anhui Aoxuan Heavy Industry Machine Co., Ltd\",\"potentialAction\":[{\"@type\":\"SearchAction\",\"target\":{\"@type\":\"EntryPoint\",\"urlTemplate\":\"http:\/\/aoxuancnc.com\/?s={search_term_string}\"},\"query-input\":{\"@type\":\"PropertyValueSpecification\",\"valueRequired\":true,\"valueName\":\"search_term_string\"}}],\"inLanguage\":\"de\"}]}<\/script>\n<!-- \/ Yoast SEO plugin. -->","yoast_head_json":{"title":"High Efficiency CNC Power Saving Pure Electric Press Brake 6T400MM with SCS500 System - AOXUANZG","robots":{"index":"index","follow":"follow","max-snippet":"max-snippet:-1","max-image-preview":"max-image-preview:large","max-video-preview":"max-video-preview:-1"},"canonical":"https:\/\/aoxuancnc.com\/de\/produkt\/high-efficiency-cnc-power-saving-pure-electric-press-brake-6t400mm-with-eco-10es-system\/","og_locale":"de_DE","og_type":"article","og_title":"High Efficiency CNC Power Saving Pure Electric Press Brake 6T400MM with SCS500 System - AOXUANZG","og_description":"Product Details Place of Origin: China Brand Name: AOXUANZG Certification: CE Model Number: AX-6T400  Payment &amp; Shipping Terms Minimum Order Quantity: 1 Set Price: $7400-9000\/unit Packaging Details: Standard export packing Delivery time: 30 days Payment Terms: L\/C, T\/T, Western Union, MoneyGram Supply Ability: 50 sets\/Year","og_url":"https:\/\/aoxuancnc.com\/de\/produkt\/high-efficiency-cnc-power-saving-pure-electric-press-brake-6t400mm-with-eco-10es-system\/","og_site_name":"AOXUANZG","article_modified_time":"2025-10-28T09:43:00+00:00","og_image":[{"width":1000,"height":1000,"url":"https:\/\/aoxuancnc.com\/wp-content\/uploads\/2025\/10\/pure-electric-bending-machine.jpg","type":"image\/jpeg"}],"twitter_card":"summary_large_image","twitter_misc":{"Gesch\u00e4tzte Lesezeit":"3\u00a0Minuten"},"schema":{"@context":"https:\/\/schema.org","@graph":[{"@type":"WebPage","@id":"https:\/\/aoxuancnc.com\/ru\/product\/high-efficiency-cnc-power-saving-pure-electric-press-brake-6t400mm-with-eco-10es-system\/","url":"https:\/\/aoxuancnc.com\/ru\/product\/high-efficiency-cnc-power-saving-pure-electric-press-brake-6t400mm-with-eco-10es-system\/","name":"High Efficiency CNC Power Saving Pure Electric Press Brake 6T400MM with SCS500 System - AOXUANZG","isPartOf":{"@id":"http:\/\/aoxuancnc.com\/#website"},"primaryImageOfPage":{"@id":"https:\/\/aoxuancnc.com\/ru\/product\/high-efficiency-cnc-power-saving-pure-electric-press-brake-6t400mm-with-eco-10es-system\/#primaryimage"},"image":{"@id":"https:\/\/aoxuancnc.com\/ru\/product\/high-efficiency-cnc-power-saving-pure-electric-press-brake-6t400mm-with-eco-10es-system\/#primaryimage"},"thumbnailUrl":"https:\/\/aoxuancnc.com\/wp-content\/uploads\/2025\/10\/pure-electric-bending-machine.jpg","datePublished":"2025-10-28T08:02:19+00:00","dateModified":"2025-10-28T09:43:00+00:00","breadcrumb":{"@id":"https:\/\/aoxuancnc.com\/ru\/product\/high-efficiency-cnc-power-saving-pure-electric-press-brake-6t400mm-with-eco-10es-system\/#breadcrumb"},"inLanguage":"de","potentialAction":[{"@type":"ReadAction","target":["https:\/\/aoxuancnc.com\/ru\/product\/high-efficiency-cnc-power-saving-pure-electric-press-brake-6t400mm-with-eco-10es-system\/"]}]},{"@type":"ImageObject","inLanguage":"de","@id":"https:\/\/aoxuancnc.com\/ru\/product\/high-efficiency-cnc-power-saving-pure-electric-press-brake-6t400mm-with-eco-10es-system\/#primaryimage","url":"https:\/\/aoxuancnc.com\/wp-content\/uploads\/2025\/10\/pure-electric-bending-machine.jpg","contentUrl":"https:\/\/aoxuancnc.com\/wp-content\/uploads\/2025\/10\/pure-electric-bending-machine.jpg","width":1000,"height":1000},{"@type":"BreadcrumbList","@id":"https:\/\/aoxuancnc.com\/ru\/product\/high-efficiency-cnc-power-saving-pure-electric-press-brake-6t400mm-with-eco-10es-system\/#breadcrumb","itemListElement":[{"@type":"ListItem","position":1,"name":"\u9996\u9875","item":"http:\/\/aoxuancnc.com\/"},{"@type":"ListItem","position":2,"name":"Product","item":"https:\/\/aoxuancnc.com\/ru\/product\/"},{"@type":"ListItem","position":3,"name":"High Efficiency CNC Power Saving Pure Electric Press Brake 6T400MM with SCS500 System"}]},{"@type":"WebSite","@id":"http:\/\/aoxuancnc.com\/#website","url":"http:\/\/aoxuancnc.com\/","name":"AOXUANZG","description":"Anhui Aoxuan Heavy Industry Machine Co., Ltd","potentialAction":[{"@type":"SearchAction","target":{"@type":"EntryPoint","urlTemplate":"http:\/\/aoxuancnc.com\/?s={search_term_string}"},"query-input":{"@type":"PropertyValueSpecification","valueRequired":true,"valueName":"search_term_string"}}],"inLanguage":"de"}]}},"_links":{"self":[{"href":"https:\/\/aoxuancnc.com\/de\/wp-json\/wp\/v2\/product\/930","targetHints":{"allow":["GET"]}}],"collection":[{"href":"https:\/\/aoxuancnc.com\/de\/wp-json\/wp\/v2\/product"}],"about":[{"href":"https:\/\/aoxuancnc.com\/de\/wp-json\/wp\/v2\/types\/product"}],"wp:featuredmedia":[{"embeddable":true,"href":"https:\/\/aoxuancnc.com\/de\/wp-json\/wp\/v2\/media\/942"}],"wp:attachment":[{"href":"https:\/\/aoxuancnc.com\/de\/wp-json\/wp\/v2\/media?parent=930"}],"wp:term":[{"taxonomy":"product_brand","embeddable":true,"href":"https:\/\/aoxuancnc.com\/de\/wp-json\/wp\/v2\/product_brand?post=930"},{"taxonomy":"product_cat","embeddable":true,"href":"https:\/\/aoxuancnc.com\/de\/wp-json\/wp\/v2\/product_cat?post=930"},{"taxonomy":"product_tag","embeddable":true,"href":"https:\/\/aoxuancnc.com\/de\/wp-json\/wp\/v2\/product_tag?post=930"}],"curies":[{"name":"wp","href":"https:\/\/api.w.org\/{rel}","templated":true}]}}