{"id":177,"date":"2025-06-18T07:35:56","date_gmt":"2025-06-18T07:35:56","guid":{"rendered":"https:\/\/aoxuancnc.com\/?post_type=product&#038;p=177"},"modified":"2025-10-08T01:41:10","modified_gmt":"2025-10-08T01:41:10","slug":"45t-aluminum-foil-pressing-pneumatic-punching-machine-for-lunch-containers","status":"publish","type":"product","link":"https:\/\/aoxuancnc.com\/es\/producto\/45t-aluminum-foil-pressing-pneumatic-punching-machine-for-lunch-containers\/","title":{"rendered":"L\u00ednea de producci\u00f3n semiautom\u00e1tica de contenedores de almuerzo de aluminio de 45 toneladas con punzonadora neum\u00e1tica"},"content":{"rendered":"<p><strong>Introducci\u00f3n del producto:<\/strong><br \/>\nLa l\u00ednea de producci\u00f3n autom\u00e1tica de loncheras de aluminio se compone de un sistema de alimentaci\u00f3n autom\u00e1tico con tanque de aceite, una perforadora neum\u00e1tica de alta precisi\u00f3n para loncheras, un molde multicavidad de alta precisi\u00f3n (tama\u00f1o personalizado seg\u00fan los requisitos del cliente), un apilador autom\u00e1tico multipista y un sistema de recolecci\u00f3n de residuos. Esta l\u00ednea de producci\u00f3n ofrece alta precisi\u00f3n, alta eficiencia, baja tasa de fallos y baja tasa de desperdicios. Es la opci\u00f3n m\u00e1s popular para peque\u00f1as y medianas empresas. Puede producir diversos estilos de loncheras de aluminio: de una, dos y tres cavidades, entre otros, y tambi\u00e9n diversos envases de aluminio, como c\u00e1psulas de caf\u00e9.<\/p>\n<p><img loading=\"lazy\" decoding=\"async\" class=\"alignnone\" src=\"https:\/\/aoxuancnc.com\/wp-content\/uploads\/2025\/06\/\u5fae\u4fe1\u56fe\u7247_20220627141955-500x375.jpg\" alt=\"\" width=\"500\" height=\"375\" \/><\/p>\n<p><strong>Componentes semiautom\u00e1ticos:<\/strong><\/p>\n<p>1. Alimentador autom\u00e1tico.<br \/>\n2. Prensa neum\u00e1tica marca Aoxuanzg 45\/63\/80T.<br \/>\n3. Moldes de una cavidad \/ 2 cavidades \/ 3 cavidades.<\/p>\n<p>4, Compresor de aire.<\/p>\n<p><img loading=\"lazy\" decoding=\"async\" src=\"https:\/\/aoxuancnc.com\/wp-content\/uploads\/2025\/06\/\u5fae\u4fe1\u56fe\u7247_20220627134718-500x500.jpg\" alt=\"\" width=\"500\" height=\"500\" \/><\/p>\n<p><strong>Ventajas de esta l\u00ednea de producci\u00f3n:<\/strong><br \/>\n1. El alimentador utiliza un sistema servo con control autom\u00e1tico de tensi\u00f3n, lo que lo hace adecuado para materiales m\u00e1s delgados.<br \/>\n2. La posici\u00f3n del papel de aluminio se ajusta f\u00e1cilmente, lo que reduce el desperdicio de papel durante los ajustes.<br \/>\n3. El dise\u00f1o optimizado del tanque de aceite de estampaci\u00f3n reduce significativamente el consumo de combustible a solo 5 litros por tonelada de material (50 micras).<br \/>\n4. La programaci\u00f3n avanzada de par\u00e1metros del apilador permite un f\u00e1cil ajuste, permitiendo que una o media persona opere y empaquete toda la l\u00ednea de producci\u00f3n.<br \/>\n5. El PLC utiliza un sistema de modelado inteligente, que almacena 50 conjuntos de especificaciones de molde y datos de ajuste.<br \/>\n6. Las actualizaciones continuas en la tecnolog\u00eda de m\u00e1quinas y moldes han reducido significativamente el ruido de producci\u00f3n.<\/p>\n<p><img loading=\"lazy\" decoding=\"async\" src=\"https:\/\/aoxuancnc.com\/wp-content\/uploads\/2025\/06\/\u5fae\u4fe1\u56fe\u7247_20220627133851-375x500.jpg\" alt=\"\" width=\"375\" height=\"500\" \/><\/p>\n<p><strong>Par\u00e1metro:<\/strong><\/p>\n<p><img loading=\"lazy\" decoding=\"async\" class=\"alignnone size-medium wp-image-292\" src=\"https:\/\/aoxuancnc.com\/wp-content\/uploads\/2025\/06\/\u5fae\u4fe1\u622a\u56fe_20250829101955-427x500.jpg\" alt=\"\" width=\"427\" height=\"500\" srcset=\"https:\/\/aoxuancnc.com\/wp-content\/uploads\/2025\/06\/\u5fae\u4fe1\u622a\u56fe_20250829101955-427x500.jpg 427w, https:\/\/aoxuancnc.com\/wp-content\/uploads\/2025\/06\/\u5fae\u4fe1\u622a\u56fe_20250829101955-256x300.jpg 256w, https:\/\/aoxuancnc.com\/wp-content\/uploads\/2025\/06\/\u5fae\u4fe1\u622a\u56fe_20250829101955-10x12.jpg 10w, https:\/\/aoxuancnc.com\/wp-content\/uploads\/2025\/06\/\u5fae\u4fe1\u622a\u56fe_20250829101955-64x75.jpg 64w, https:\/\/aoxuancnc.com\/wp-content\/uploads\/2025\/06\/\u5fae\u4fe1\u622a\u56fe_20250829101955-480x562.jpg 480w, https:\/\/aoxuancnc.com\/wp-content\/uploads\/2025\/06\/\u5fae\u4fe1\u622a\u56fe_20250829101955.jpg 702w\" sizes=\"auto, (max-width:767px) 427px, 427px\" \/><\/p>\n<p><strong>Moldes:<\/strong><br \/>\n1. Los moldes que dise\u00f1amos y producimos son adecuados para todo tipo de m\u00e1quina o prensa.<br \/>\n2. Fabricamos moldes con acero de la mejor calidad en China. Algunas \u00e1reas principales del molde se someten a un tratamiento t\u00e9rmico de alta temperatura para lograr la dureza adecuada, lo que garantiza la m\u00e1xima calidad y una larga vida \u00fatil.<br \/>\n3. Para satisfacer los diferentes requisitos de los clientes, dise\u00f1amos y fabricamos el molde en varias llantas, como llanta G, llanta L, llanta H e IVC, etc.<br \/>\n4. Podemos dise\u00f1ar y producir el molde en cavidades m\u00faltiples, 1, 2, 3, 4 cavidades o m\u00e1s. No importa si se trata de un contenedor de un compartimento o de un contenedor de m\u00faltiples compartimentos.<br \/>\n5. Podemos imprimir sus logotipos preferidos a pedido.<br \/>\n6. El dise\u00f1o cient\u00edfico permite controlar adecuadamente la tasa de corte.<br \/>\n7. Formas de contenedores: cuadrados, rectangulares, circulares, ovalados, formas especiales, etc.<\/p>\n<p><img loading=\"lazy\" decoding=\"async\" src=\"https:\/\/aoxuancnc.com\/wp-content\/uploads\/2025\/06\/5040c4b45d7ca947bf0a1554d0fdb11-375x500.jpg\" alt=\"\" width=\"375\" height=\"500\" \/><\/p>\n<p><strong>Embalaje:<\/strong><br \/>\n1. Antes del embalaje, las m\u00e1quinas se probar\u00e1n estrictamente para garantizar la estabilidad y la alta precisi\u00f3n.<br \/>\n2. Despu\u00e9s de la prueba, las m\u00e1quinas se envolver\u00e1n con una l\u00e1mina de pl\u00e1stico.<br \/>\n3,a,Tama\u00f1o peque\u00f1o: cuidadosamente embalado en cajas de madera;<br \/>\nb, Tama\u00f1o grande: la m\u00e1quina se conectar\u00e1 de forma segura al contenedor mediante alambre de acero.<\/p>\n<p><img loading=\"lazy\" decoding=\"async\" src=\"https:\/\/aoxuancnc.com\/wp-content\/uploads\/2025\/06\/packing-500x354.jpg\" alt=\"\" width=\"500\" height=\"354\" \/><\/p>\n<p><strong>Para m\u00e1s informaci\u00f3n por favor cont\u00e1ctame ~*^-^*<\/strong><\/p>\n<p>&nbsp;<\/p>","protected":false},"excerpt":{"rendered":"<p><strong>Detalles del producto<\/strong><br \/>\nLugar de origen: China<br \/>\nMarca: AOXUANZG<br \/>\nCertificaci\u00f3n: CE<br \/>\nN\u00famero de modelo: JF21-45<\/p>\n<p><strong>Condiciones de pago y env\u00edo<\/strong><br \/>\nCantidad m\u00ednima de pedido: 1 juego<br \/>\nPrecio: $23000-$50000\/Set<br \/>\nDetalles del embalaje: embalaje de exportaci\u00f3n est\u00e1ndar<br \/>\nPlazo de entrega: 50-60 d\u00edas<br \/>\nCondiciones de pago: L\/C, T\/T, Western Union, MoneyGram<br \/>\nCapacidad de suministro: 50 juegos\/a\u00f1o<\/p>","protected":false},"featured_media":180,"template":"","meta":[],"product_brand":[21],"product_cat":[6],"product_tag":[22,23,24],"class_list":{"0":"post-177","1":"product","2":"type-product","3":"status-publish","4":"has-post-thumbnail","6":"product_brand-aoxuanzg","7":"product_cat-cnc-pneumatic-punching-machine","8":"product_tag-aluminum-foil-lunch-containers-full-automatic-production-line","9":"product_tag-aluminum-foil-lunch-containers-production-line","10":"product_tag-pneumatic-punching-machine","12":"first","13":"instock","14":"featured","15":"shipping-taxable","16":"product-type-external"},"yoast_head":"<!-- This site is optimized with the Yoast SEO plugin v24.9 - https:\/\/yoast.com\/wordpress\/plugins\/seo\/ -->\n<title>45T Aluminum Foil Lunch Containers Semi Automatic Production Line With Pneumatic Punching Machine - AOXUANZG<\/title>\n<meta name=\"robots\" content=\"index, follow, max-snippet:-1, max-image-preview:large, max-video-preview:-1\" \/>\n<link rel=\"canonical\" href=\"https:\/\/aoxuancnc.com\/es\/producto\/45t-aluminum-foil-pressing-pneumatic-punching-machine-for-lunch-containers\/\" \/>\n<meta property=\"og:locale\" content=\"es_ES\" \/>\n<meta property=\"og:type\" content=\"article\" \/>\n<meta property=\"og:title\" content=\"45T Aluminum Foil Lunch Containers Semi Automatic Production Line With Pneumatic Punching Machine - AOXUANZG\" \/>\n<meta property=\"og:description\" content=\"Product Details Place of Origin: China Brand Name: AOXUANZG Certification: CE Model Number: JF21-45  Payment &amp; Shipping Terms Minimum Order Quantity: 1 Set Price: $23000-$50000\/Set Packaging Details: Standard export packing Delivery time: 50-60 days Payment Terms: L\/C, T\/T, Western Union, MoneyGram Supply Ability: 50sets\/Year\" \/>\n<meta property=\"og:url\" content=\"https:\/\/aoxuancnc.com\/es\/producto\/45t-aluminum-foil-pressing-pneumatic-punching-machine-for-lunch-containers\/\" \/>\n<meta property=\"og:site_name\" content=\"AOXUANZG\" \/>\n<meta property=\"article:modified_time\" content=\"2025-10-08T01:41:10+00:00\" \/>\n<meta property=\"og:image\" content=\"https:\/\/aoxuancnc.com\/wp-content\/uploads\/2025\/06\/pl71366147-.webp\" \/>\n\t<meta property=\"og:image:width\" content=\"800\" \/>\n\t<meta property=\"og:image:height\" content=\"800\" \/>\n\t<meta property=\"og:image:type\" content=\"image\/webp\" \/>\n<meta name=\"twitter:card\" content=\"summary_large_image\" \/>\n<meta name=\"twitter:label1\" content=\"Tiempo de lectura\" \/>\n\t<meta name=\"twitter:data1\" content=\"4 minutos\" \/>\n<script type=\"application\/ld+json\" class=\"yoast-schema-graph\">{\"@context\":\"https:\/\/schema.org\",\"@graph\":[{\"@type\":\"WebPage\",\"@id\":\"https:\/\/aoxuancnc.com\/es\/producto\/45t-aluminum-foil-pressing-pneumatic-punching-machine-for-lunch-containers\/\",\"url\":\"https:\/\/aoxuancnc.com\/es\/producto\/45t-aluminum-foil-pressing-pneumatic-punching-machine-for-lunch-containers\/\",\"name\":\"45T Aluminum Foil Lunch Containers Semi Automatic Production Line With Pneumatic Punching Machine - AOXUANZG\",\"isPartOf\":{\"@id\":\"http:\/\/aoxuancnc.com\/#website\"},\"primaryImageOfPage\":{\"@id\":\"https:\/\/aoxuancnc.com\/es\/producto\/45t-aluminum-foil-pressing-pneumatic-punching-machine-for-lunch-containers\/#primaryimage\"},\"image\":{\"@id\":\"https:\/\/aoxuancnc.com\/es\/producto\/45t-aluminum-foil-pressing-pneumatic-punching-machine-for-lunch-containers\/#primaryimage\"},\"thumbnailUrl\":\"https:\/\/aoxuancnc.com\/wp-content\/uploads\/2025\/06\/pl71366147-.webp\",\"datePublished\":\"2025-06-18T07:35:56+00:00\",\"dateModified\":\"2025-10-08T01:41:10+00:00\",\"breadcrumb\":{\"@id\":\"https:\/\/aoxuancnc.com\/es\/producto\/45t-aluminum-foil-pressing-pneumatic-punching-machine-for-lunch-containers\/#breadcrumb\"},\"inLanguage\":\"es\",\"potentialAction\":[{\"@type\":\"ReadAction\",\"target\":[\"https:\/\/aoxuancnc.com\/es\/producto\/45t-aluminum-foil-pressing-pneumatic-punching-machine-for-lunch-containers\/\"]}]},{\"@type\":\"ImageObject\",\"inLanguage\":\"es\",\"@id\":\"https:\/\/aoxuancnc.com\/es\/producto\/45t-aluminum-foil-pressing-pneumatic-punching-machine-for-lunch-containers\/#primaryimage\",\"url\":\"https:\/\/aoxuancnc.com\/wp-content\/uploads\/2025\/06\/pl71366147-.webp\",\"contentUrl\":\"https:\/\/aoxuancnc.com\/wp-content\/uploads\/2025\/06\/pl71366147-.webp\",\"width\":800,\"height\":800},{\"@type\":\"BreadcrumbList\",\"@id\":\"https:\/\/aoxuancnc.com\/es\/producto\/45t-aluminum-foil-pressing-pneumatic-punching-machine-for-lunch-containers\/#breadcrumb\",\"itemListElement\":[{\"@type\":\"ListItem\",\"position\":1,\"name\":\"\u9996\u9875\",\"item\":\"http:\/\/aoxuancnc.com\/\"},{\"@type\":\"ListItem\",\"position\":2,\"name\":\"Product\",\"item\":\"https:\/\/aoxuancnc.com\/ru\/product\/\"},{\"@type\":\"ListItem\",\"position\":3,\"name\":\"45T Aluminum Foil Lunch Containers Semi Automatic Production Line With Pneumatic Punching Machine\"}]},{\"@type\":\"WebSite\",\"@id\":\"http:\/\/aoxuancnc.com\/#website\",\"url\":\"http:\/\/aoxuancnc.com\/\",\"name\":\"AOXUANZG\",\"description\":\"Anhui Aoxuan Heavy Industry Machine Co., Ltd\",\"potentialAction\":[{\"@type\":\"SearchAction\",\"target\":{\"@type\":\"EntryPoint\",\"urlTemplate\":\"http:\/\/aoxuancnc.com\/?s={search_term_string}\"},\"query-input\":{\"@type\":\"PropertyValueSpecification\",\"valueRequired\":true,\"valueName\":\"search_term_string\"}}],\"inLanguage\":\"es\"}]}<\/script>\n<!-- \/ Yoast SEO plugin. -->","yoast_head_json":{"title":"45T Aluminum Foil Lunch Containers Semi Automatic Production Line With Pneumatic Punching Machine - AOXUANZG","robots":{"index":"index","follow":"follow","max-snippet":"max-snippet:-1","max-image-preview":"max-image-preview:large","max-video-preview":"max-video-preview:-1"},"canonical":"https:\/\/aoxuancnc.com\/es\/producto\/45t-aluminum-foil-pressing-pneumatic-punching-machine-for-lunch-containers\/","og_locale":"es_ES","og_type":"article","og_title":"45T Aluminum Foil Lunch Containers Semi Automatic Production Line With Pneumatic Punching Machine - AOXUANZG","og_description":"Product Details Place of Origin: China Brand Name: AOXUANZG Certification: CE Model Number: JF21-45  Payment &amp; Shipping Terms Minimum Order Quantity: 1 Set Price: $23000-$50000\/Set Packaging Details: Standard export packing Delivery time: 50-60 days Payment Terms: L\/C, T\/T, Western Union, MoneyGram Supply Ability: 50sets\/Year","og_url":"https:\/\/aoxuancnc.com\/es\/producto\/45t-aluminum-foil-pressing-pneumatic-punching-machine-for-lunch-containers\/","og_site_name":"AOXUANZG","article_modified_time":"2025-10-08T01:41:10+00:00","og_image":[{"width":800,"height":800,"url":"https:\/\/aoxuancnc.com\/wp-content\/uploads\/2025\/06\/pl71366147-.webp","type":"image\/webp"}],"twitter_card":"summary_large_image","twitter_misc":{"Tiempo de lectura":"4 minutos"},"schema":{"@context":"https:\/\/schema.org","@graph":[{"@type":"WebPage","@id":"https:\/\/aoxuancnc.com\/es\/producto\/45t-aluminum-foil-pressing-pneumatic-punching-machine-for-lunch-containers\/","url":"https:\/\/aoxuancnc.com\/es\/producto\/45t-aluminum-foil-pressing-pneumatic-punching-machine-for-lunch-containers\/","name":"45T Aluminum Foil Lunch Containers Semi Automatic Production Line With Pneumatic Punching Machine - AOXUANZG","isPartOf":{"@id":"http:\/\/aoxuancnc.com\/#website"},"primaryImageOfPage":{"@id":"https:\/\/aoxuancnc.com\/es\/producto\/45t-aluminum-foil-pressing-pneumatic-punching-machine-for-lunch-containers\/#primaryimage"},"image":{"@id":"https:\/\/aoxuancnc.com\/es\/producto\/45t-aluminum-foil-pressing-pneumatic-punching-machine-for-lunch-containers\/#primaryimage"},"thumbnailUrl":"https:\/\/aoxuancnc.com\/wp-content\/uploads\/2025\/06\/pl71366147-.webp","datePublished":"2025-06-18T07:35:56+00:00","dateModified":"2025-10-08T01:41:10+00:00","breadcrumb":{"@id":"https:\/\/aoxuancnc.com\/es\/producto\/45t-aluminum-foil-pressing-pneumatic-punching-machine-for-lunch-containers\/#breadcrumb"},"inLanguage":"es","potentialAction":[{"@type":"ReadAction","target":["https:\/\/aoxuancnc.com\/es\/producto\/45t-aluminum-foil-pressing-pneumatic-punching-machine-for-lunch-containers\/"]}]},{"@type":"ImageObject","inLanguage":"es","@id":"https:\/\/aoxuancnc.com\/es\/producto\/45t-aluminum-foil-pressing-pneumatic-punching-machine-for-lunch-containers\/#primaryimage","url":"https:\/\/aoxuancnc.com\/wp-content\/uploads\/2025\/06\/pl71366147-.webp","contentUrl":"https:\/\/aoxuancnc.com\/wp-content\/uploads\/2025\/06\/pl71366147-.webp","width":800,"height":800},{"@type":"BreadcrumbList","@id":"https:\/\/aoxuancnc.com\/es\/producto\/45t-aluminum-foil-pressing-pneumatic-punching-machine-for-lunch-containers\/#breadcrumb","itemListElement":[{"@type":"ListItem","position":1,"name":"\u9996\u9875","item":"http:\/\/aoxuancnc.com\/"},{"@type":"ListItem","position":2,"name":"Product","item":"https:\/\/aoxuancnc.com\/ru\/product\/"},{"@type":"ListItem","position":3,"name":"45T Aluminum Foil Lunch Containers Semi Automatic Production Line With Pneumatic Punching Machine"}]},{"@type":"WebSite","@id":"http:\/\/aoxuancnc.com\/#website","url":"http:\/\/aoxuancnc.com\/","name":"AOXUANZG","description":"Anhui Aoxuan Heavy Industry Machine Co., Ltd","potentialAction":[{"@type":"SearchAction","target":{"@type":"EntryPoint","urlTemplate":"http:\/\/aoxuancnc.com\/?s={search_term_string}"},"query-input":{"@type":"PropertyValueSpecification","valueRequired":true,"valueName":"search_term_string"}}],"inLanguage":"es"}]}},"_links":{"self":[{"href":"https:\/\/aoxuancnc.com\/es\/wp-json\/wp\/v2\/product\/177","targetHints":{"allow":["GET"]}}],"collection":[{"href":"https:\/\/aoxuancnc.com\/es\/wp-json\/wp\/v2\/product"}],"about":[{"href":"https:\/\/aoxuancnc.com\/es\/wp-json\/wp\/v2\/types\/product"}],"wp:featuredmedia":[{"embeddable":true,"href":"https:\/\/aoxuancnc.com\/es\/wp-json\/wp\/v2\/media\/180"}],"wp:attachment":[{"href":"https:\/\/aoxuancnc.com\/es\/wp-json\/wp\/v2\/media?parent=177"}],"wp:term":[{"taxonomy":"product_brand","embeddable":true,"href":"https:\/\/aoxuancnc.com\/es\/wp-json\/wp\/v2\/product_brand?post=177"},{"taxonomy":"product_cat","embeddable":true,"href":"https:\/\/aoxuancnc.com\/es\/wp-json\/wp\/v2\/product_cat?post=177"},{"taxonomy":"product_tag","embeddable":true,"href":"https:\/\/aoxuancnc.com\/es\/wp-json\/wp\/v2\/product_tag?post=177"}],"curies":[{"name":"wp","href":"https:\/\/api.w.org\/{rel}","templated":true}]}}