{"id":231,"date":"2025-08-25T10:05:01","date_gmt":"2025-08-25T10:05:01","guid":{"rendered":"https:\/\/aoxuancnc.com\/?post_type=product&#038;p=231"},"modified":"2025-10-08T01:41:36","modified_gmt":"2025-10-08T01:41:36","slug":"170t2500mm-cnc-hydraulic-press-brake-41-axis-with-china-ax-68t-controller","status":"publish","type":"product","link":"https:\/\/aoxuancnc.com\/es\/producto\/170t2500mm-cnc-hydraulic-press-brake-41-axis-with-china-ax-68t-controller\/","title":{"rendered":"Prensa plegadora hidr\u00e1ulica CNC de 170T2500MM, 4+1 ejes, con controlador AX-68T de China"},"content":{"rendered":"<p>Esta prensa plegadora hidr\u00e1ulica CNC cuenta con tecnolog\u00eda avanzada y un rendimiento de plegado de chapa confiable. Se utiliza ampliamente en la industria aeron\u00e1utica, automotriz, de camiones, naval y diversas industrias de fabricaci\u00f3n, con alta eficiencia de producci\u00f3n.<\/p>\n<p>.<img loading=\"lazy\" decoding=\"async\" class=\"alignnone size-medium wp-image-233\" src=\"https:\/\/aoxuancnc.com\/wp-content\/uploads\/2025\/08\/160T2500-41-Axis-AX-68T-1-500x375.jpg\" alt=\"\" width=\"500\" height=\"375\" srcset=\"https:\/\/aoxuancnc.com\/wp-content\/uploads\/2025\/08\/160T2500-41-Axis-AX-68T-1-500x375.jpg 500w, https:\/\/aoxuancnc.com\/wp-content\/uploads\/2025\/08\/160T2500-41-Axis-AX-68T-1-1200x901.jpg 1200w, https:\/\/aoxuancnc.com\/wp-content\/uploads\/2025\/08\/160T2500-41-Axis-AX-68T-1-300x225.jpg 300w, https:\/\/aoxuancnc.com\/wp-content\/uploads\/2025\/08\/160T2500-41-Axis-AX-68T-1-768x577.jpg 768w, https:\/\/aoxuancnc.com\/wp-content\/uploads\/2025\/08\/160T2500-41-Axis-AX-68T-1-1536x1153.jpg 1536w, https:\/\/aoxuancnc.com\/wp-content\/uploads\/2025\/08\/160T2500-41-Axis-AX-68T-1-2048x1538.jpg 2048w, https:\/\/aoxuancnc.com\/wp-content\/uploads\/2025\/08\/160T2500-41-Axis-AX-68T-1-16x12.jpg 16w, https:\/\/aoxuancnc.com\/wp-content\/uploads\/2025\/08\/160T2500-41-Axis-AX-68T-1-100x75.jpg 100w, https:\/\/aoxuancnc.com\/wp-content\/uploads\/2025\/08\/160T2500-41-Axis-AX-68T-1-960x720.jpg 960w, https:\/\/aoxuancnc.com\/wp-content\/uploads\/2025\/08\/160T2500-41-Axis-AX-68T-1-480x360.jpg 480w, https:\/\/aoxuancnc.com\/wp-content\/uploads\/2025\/08\/160T2500-41-Axis-AX-68T-1-800x601.jpg 800w\" sizes=\"auto, (max-width:767px) 480px, 500px\" \/><img loading=\"lazy\" decoding=\"async\" class=\"alignnone size-medium wp-image-234\" src=\"https:\/\/aoxuancnc.com\/wp-content\/uploads\/2025\/08\/160T2500-41-Axis-AX-68T-2-500x375.jpg\" alt=\"\" width=\"500\" height=\"375\" srcset=\"https:\/\/aoxuancnc.com\/wp-content\/uploads\/2025\/08\/160T2500-41-Axis-AX-68T-2-500x375.jpg 500w, https:\/\/aoxuancnc.com\/wp-content\/uploads\/2025\/08\/160T2500-41-Axis-AX-68T-2-1200x901.jpg 1200w, https:\/\/aoxuancnc.com\/wp-content\/uploads\/2025\/08\/160T2500-41-Axis-AX-68T-2-300x225.jpg 300w, https:\/\/aoxuancnc.com\/wp-content\/uploads\/2025\/08\/160T2500-41-Axis-AX-68T-2-768x577.jpg 768w, https:\/\/aoxuancnc.com\/wp-content\/uploads\/2025\/08\/160T2500-41-Axis-AX-68T-2-1536x1153.jpg 1536w, https:\/\/aoxuancnc.com\/wp-content\/uploads\/2025\/08\/160T2500-41-Axis-AX-68T-2-2048x1538.jpg 2048w, https:\/\/aoxuancnc.com\/wp-content\/uploads\/2025\/08\/160T2500-41-Axis-AX-68T-2-16x12.jpg 16w, https:\/\/aoxuancnc.com\/wp-content\/uploads\/2025\/08\/160T2500-41-Axis-AX-68T-2-100x75.jpg 100w, https:\/\/aoxuancnc.com\/wp-content\/uploads\/2025\/08\/160T2500-41-Axis-AX-68T-2-960x720.jpg 960w, https:\/\/aoxuancnc.com\/wp-content\/uploads\/2025\/08\/160T2500-41-Axis-AX-68T-2-480x360.jpg 480w, https:\/\/aoxuancnc.com\/wp-content\/uploads\/2025\/08\/160T2500-41-Axis-AX-68T-2-800x601.jpg 800w\" sizes=\"auto, (max-width:767px) 480px, 500px\" \/><img loading=\"lazy\" decoding=\"async\" class=\"alignnone size-medium wp-image-235\" src=\"https:\/\/aoxuancnc.com\/wp-content\/uploads\/2025\/08\/160T2500-41-Axis-AX-68T-3-500x375.jpg\" alt=\"\" width=\"500\" height=\"375\" srcset=\"https:\/\/aoxuancnc.com\/wp-content\/uploads\/2025\/08\/160T2500-41-Axis-AX-68T-3-500x375.jpg 500w, https:\/\/aoxuancnc.com\/wp-content\/uploads\/2025\/08\/160T2500-41-Axis-AX-68T-3-1200x901.jpg 1200w, https:\/\/aoxuancnc.com\/wp-content\/uploads\/2025\/08\/160T2500-41-Axis-AX-68T-3-300x225.jpg 300w, https:\/\/aoxuancnc.com\/wp-content\/uploads\/2025\/08\/160T2500-41-Axis-AX-68T-3-768x577.jpg 768w, https:\/\/aoxuancnc.com\/wp-content\/uploads\/2025\/08\/160T2500-41-Axis-AX-68T-3-1536x1153.jpg 1536w, https:\/\/aoxuancnc.com\/wp-content\/uploads\/2025\/08\/160T2500-41-Axis-AX-68T-3-2048x1538.jpg 2048w, https:\/\/aoxuancnc.com\/wp-content\/uploads\/2025\/08\/160T2500-41-Axis-AX-68T-3-16x12.jpg 16w, https:\/\/aoxuancnc.com\/wp-content\/uploads\/2025\/08\/160T2500-41-Axis-AX-68T-3-100x75.jpg 100w, https:\/\/aoxuancnc.com\/wp-content\/uploads\/2025\/08\/160T2500-41-Axis-AX-68T-3-960x720.jpg 960w, https:\/\/aoxuancnc.com\/wp-content\/uploads\/2025\/08\/160T2500-41-Axis-AX-68T-3-480x360.jpg 480w, https:\/\/aoxuancnc.com\/wp-content\/uploads\/2025\/08\/160T2500-41-Axis-AX-68T-3-800x601.jpg 800w\" sizes=\"auto, (max-width:767px) 480px, 500px\" \/><img loading=\"lazy\" decoding=\"async\" class=\"alignnone size-medium wp-image-237\" src=\"https:\/\/aoxuancnc.com\/wp-content\/uploads\/2025\/08\/160T2500-41-Axis-AX-68T-5-500x375.jpg\" alt=\"\" width=\"500\" height=\"375\" srcset=\"https:\/\/aoxuancnc.com\/wp-content\/uploads\/2025\/08\/160T2500-41-Axis-AX-68T-5-500x375.jpg 500w, https:\/\/aoxuancnc.com\/wp-content\/uploads\/2025\/08\/160T2500-41-Axis-AX-68T-5-1200x901.jpg 1200w, https:\/\/aoxuancnc.com\/wp-content\/uploads\/2025\/08\/160T2500-41-Axis-AX-68T-5-300x225.jpg 300w, https:\/\/aoxuancnc.com\/wp-content\/uploads\/2025\/08\/160T2500-41-Axis-AX-68T-5-768x577.jpg 768w, https:\/\/aoxuancnc.com\/wp-content\/uploads\/2025\/08\/160T2500-41-Axis-AX-68T-5-1536x1153.jpg 1536w, https:\/\/aoxuancnc.com\/wp-content\/uploads\/2025\/08\/160T2500-41-Axis-AX-68T-5-2048x1538.jpg 2048w, https:\/\/aoxuancnc.com\/wp-content\/uploads\/2025\/08\/160T2500-41-Axis-AX-68T-5-16x12.jpg 16w, https:\/\/aoxuancnc.com\/wp-content\/uploads\/2025\/08\/160T2500-41-Axis-AX-68T-5-100x75.jpg 100w, https:\/\/aoxuancnc.com\/wp-content\/uploads\/2025\/08\/160T2500-41-Axis-AX-68T-5-960x720.jpg 960w, https:\/\/aoxuancnc.com\/wp-content\/uploads\/2025\/08\/160T2500-41-Axis-AX-68T-5-480x360.jpg 480w, https:\/\/aoxuancnc.com\/wp-content\/uploads\/2025\/08\/160T2500-41-Axis-AX-68T-5-800x601.jpg 800w\" sizes=\"auto, (max-width:767px) 480px, 500px\" \/><img loading=\"lazy\" decoding=\"async\" class=\"alignnone size-medium wp-image-239\" src=\"https:\/\/aoxuancnc.com\/wp-content\/uploads\/2025\/08\/160T2500-41-Axis-AX-68T-7-500x375.jpg\" alt=\"\" width=\"500\" height=\"375\" srcset=\"https:\/\/aoxuancnc.com\/wp-content\/uploads\/2025\/08\/160T2500-41-Axis-AX-68T-7-500x375.jpg 500w, https:\/\/aoxuancnc.com\/wp-content\/uploads\/2025\/08\/160T2500-41-Axis-AX-68T-7-1200x901.jpg 1200w, https:\/\/aoxuancnc.com\/wp-content\/uploads\/2025\/08\/160T2500-41-Axis-AX-68T-7-300x225.jpg 300w, https:\/\/aoxuancnc.com\/wp-content\/uploads\/2025\/08\/160T2500-41-Axis-AX-68T-7-768x577.jpg 768w, https:\/\/aoxuancnc.com\/wp-content\/uploads\/2025\/08\/160T2500-41-Axis-AX-68T-7-1536x1153.jpg 1536w, https:\/\/aoxuancnc.com\/wp-content\/uploads\/2025\/08\/160T2500-41-Axis-AX-68T-7-2048x1538.jpg 2048w, https:\/\/aoxuancnc.com\/wp-content\/uploads\/2025\/08\/160T2500-41-Axis-AX-68T-7-16x12.jpg 16w, https:\/\/aoxuancnc.com\/wp-content\/uploads\/2025\/08\/160T2500-41-Axis-AX-68T-7-100x75.jpg 100w, https:\/\/aoxuancnc.com\/wp-content\/uploads\/2025\/08\/160T2500-41-Axis-AX-68T-7-960x720.jpg 960w, https:\/\/aoxuancnc.com\/wp-content\/uploads\/2025\/08\/160T2500-41-Axis-AX-68T-7-480x360.jpg 480w, https:\/\/aoxuancnc.com\/wp-content\/uploads\/2025\/08\/160T2500-41-Axis-AX-68T-7-800x601.jpg 800w\" sizes=\"auto, (max-width:767px) 480px, 500px\" \/><img loading=\"lazy\" decoding=\"async\" class=\"alignnone size-medium wp-image-238\" src=\"https:\/\/aoxuancnc.com\/wp-content\/uploads\/2025\/08\/160T2500-41-Axis-AX-68T-6-500x375.jpg\" alt=\"\" width=\"500\" height=\"375\" srcset=\"https:\/\/aoxuancnc.com\/wp-content\/uploads\/2025\/08\/160T2500-41-Axis-AX-68T-6-500x375.jpg 500w, https:\/\/aoxuancnc.com\/wp-content\/uploads\/2025\/08\/160T2500-41-Axis-AX-68T-6-1200x901.jpg 1200w, https:\/\/aoxuancnc.com\/wp-content\/uploads\/2025\/08\/160T2500-41-Axis-AX-68T-6-300x225.jpg 300w, https:\/\/aoxuancnc.com\/wp-content\/uploads\/2025\/08\/160T2500-41-Axis-AX-68T-6-768x577.jpg 768w, https:\/\/aoxuancnc.com\/wp-content\/uploads\/2025\/08\/160T2500-41-Axis-AX-68T-6-1536x1153.jpg 1536w, https:\/\/aoxuancnc.com\/wp-content\/uploads\/2025\/08\/160T2500-41-Axis-AX-68T-6-2048x1538.jpg 2048w, https:\/\/aoxuancnc.com\/wp-content\/uploads\/2025\/08\/160T2500-41-Axis-AX-68T-6-16x12.jpg 16w, https:\/\/aoxuancnc.com\/wp-content\/uploads\/2025\/08\/160T2500-41-Axis-AX-68T-6-100x75.jpg 100w, https:\/\/aoxuancnc.com\/wp-content\/uploads\/2025\/08\/160T2500-41-Axis-AX-68T-6-960x720.jpg 960w, https:\/\/aoxuancnc.com\/wp-content\/uploads\/2025\/08\/160T2500-41-Axis-AX-68T-6-480x360.jpg 480w, https:\/\/aoxuancnc.com\/wp-content\/uploads\/2025\/08\/160T2500-41-Axis-AX-68T-6-800x601.jpg 800w\" sizes=\"auto, (max-width:767px) 480px, 500px\" \/><\/p>\n<h3><span style=\"color: #0000ff;\"><strong>Descripci\u00f3n de la prensa plegadora hidr\u00e1ulica CNC\u00a0<\/strong><\/span><\/h3>\n<p>1. Los cilindros principales de aceite en ambos lados est\u00e1n sincronizados con una servov\u00e1lvula electrohidr\u00e1ulica importada de Alemania y una regla de rejilla de una empresa espa\u00f1ola para formar un control de circuito cerrado. La retroalimentaci\u00f3n es precisa y el deslizador funciona con precisi\u00f3n, lo que garantiza una alta precisi\u00f3n de doblado y una repetibilidad del posicionamiento del deslizador.<\/p>\n<p>2. El eje V realiza una compensaci\u00f3n mec\u00e1nica. Esto evita que la deformaci\u00f3n del deslizador durante el plegado afecte la calidad de la pieza. El sistema CNC ajusta autom\u00e1ticamente la compensaci\u00f3n, lo cual resulta pr\u00e1ctico y preciso.<\/p>\n<p>3. El fuselaje adopta una estructura de soldadura de placa de acero dividida. Tras el tratamiento de temple y envejecimiento por vibraci\u00f3n, se elimina la distorsi\u00f3n causada por la tensi\u00f3n de soldadura y de procesamiento, manteniendo as\u00ed la precisi\u00f3n de la m\u00e1quina herramienta.<\/p>\n<p>4. El fuselaje adopta una estructura de ensamblaje dividido, que es conveniente para el transporte, conveniente para el procesamiento y puede garantizar la precisi\u00f3n de la m\u00e1quina herramienta.<\/p>\n<p>5. Los componentes importantes, como el cuerpo de la m\u00e1quina y el control deslizante, se analizan con el software de an\u00e1lisis de elementos finitos ANSYS para garantizar la confiabilidad de la m\u00e1quina herramienta.<\/p>\n<p>6. El sistema hidr\u00e1ulico adopta el sistema de control integrado importado de Alemania, que reduce la instalaci\u00f3n de tuber\u00edas, mejora la estabilidad de trabajo de la m\u00e1quina herramienta y tiene una apariencia hermosa y concisa.<\/p>\n<p>7. Se puede dividir en piezas y ensamblar en longitudes espec\u00edficas seg\u00fan los requisitos de la pieza para satisfacer las necesidades de procesamiento de piezas especiales. La matriz superior adopta una estructura de zanja de seguridad (norma europea), y la matriz inferior adopta una estructura modular para adaptarse a diferentes piezas.<\/p>\n<p>8.El sistema CNC utiliza el AX-68T<\/p>\n<p>9. Hay placas en forma de C en ambos lados del fuselaje, y la escala de rejilla de alta precisi\u00f3n est\u00e1 instalada en la placa en forma de C, para evitar el impacto de la deformaci\u00f3n del fuselaje en la precisi\u00f3n de flexi\u00f3n durante la flexi\u00f3n.<\/p>\n<p>10. Los cilindros son procesados por un fabricante profesional, conjuntos sellados importados de Alemania, importados de Alemania, para superar las fugas de aceite.<\/p>\n<p><img loading=\"lazy\" decoding=\"async\" class=\"alignnone size-medium wp-image-241\" src=\"https:\/\/aoxuancnc.com\/wp-content\/uploads\/2025\/08\/HTB1RyrAXdzvK1RkSnfoq6zMwVXaE-369x500.png\" alt=\"\" width=\"369\" height=\"500\" srcset=\"https:\/\/aoxuancnc.com\/wp-content\/uploads\/2025\/08\/HTB1RyrAXdzvK1RkSnfoq6zMwVXaE-369x500.png 369w, https:\/\/aoxuancnc.com\/wp-content\/uploads\/2025\/08\/HTB1RyrAXdzvK1RkSnfoq6zMwVXaE-886x1200.png 886w, https:\/\/aoxuancnc.com\/wp-content\/uploads\/2025\/08\/HTB1RyrAXdzvK1RkSnfoq6zMwVXaE-222x300.png 222w, https:\/\/aoxuancnc.com\/wp-content\/uploads\/2025\/08\/HTB1RyrAXdzvK1RkSnfoq6zMwVXaE-768x1040.png 768w, https:\/\/aoxuancnc.com\/wp-content\/uploads\/2025\/08\/HTB1RyrAXdzvK1RkSnfoq6zMwVXaE-9x12.png 9w, https:\/\/aoxuancnc.com\/wp-content\/uploads\/2025\/08\/HTB1RyrAXdzvK1RkSnfoq6zMwVXaE-55x75.png 55w, https:\/\/aoxuancnc.com\/wp-content\/uploads\/2025\/08\/HTB1RyrAXdzvK1RkSnfoq6zMwVXaE-480x650.png 480w, https:\/\/aoxuancnc.com\/wp-content\/uploads\/2025\/08\/HTB1RyrAXdzvK1RkSnfoq6zMwVXaE-800x1083.png 800w, https:\/\/aoxuancnc.com\/wp-content\/uploads\/2025\/08\/HTB1RyrAXdzvK1RkSnfoq6zMwVXaE.png 1000w\" sizes=\"auto, (max-width:767px) 369px, 369px\" \/><\/p>\n<p><strong style=\"color: #0000ff; font-size: 25px;\">\u00a0Configuraciones de la m\u00e1quina\u00a0<\/strong><\/p>\n<p><img loading=\"lazy\" decoding=\"async\" class=\"alignnone size-medium wp-image-242\" src=\"https:\/\/aoxuancnc.com\/wp-content\/uploads\/2025\/08\/Hydraulic-press-brake-configuations-500x300.png\" alt=\"\" width=\"500\" height=\"300\" srcset=\"https:\/\/aoxuancnc.com\/wp-content\/uploads\/2025\/08\/Hydraulic-press-brake-configuations-500x300.png 500w, https:\/\/aoxuancnc.com\/wp-content\/uploads\/2025\/08\/Hydraulic-press-brake-configuations-300x180.png 300w, https:\/\/aoxuancnc.com\/wp-content\/uploads\/2025\/08\/Hydraulic-press-brake-configuations-768x460.png 768w, https:\/\/aoxuancnc.com\/wp-content\/uploads\/2025\/08\/Hydraulic-press-brake-configuations-18x12.png 18w, https:\/\/aoxuancnc.com\/wp-content\/uploads\/2025\/08\/Hydraulic-press-brake-configuations-125x75.png 125w, https:\/\/aoxuancnc.com\/wp-content\/uploads\/2025\/08\/Hydraulic-press-brake-configuations-480x288.png 480w, https:\/\/aoxuancnc.com\/wp-content\/uploads\/2025\/08\/Hydraulic-press-brake-configuations-800x479.png 800w, https:\/\/aoxuancnc.com\/wp-content\/uploads\/2025\/08\/Hydraulic-press-brake-configuations.png 861w\" sizes=\"auto, (max-width:767px) 480px, 500px\" \/><\/p>\n<p>&nbsp;<\/p>\n<p>&nbsp;<\/p>\n<p>&nbsp;<\/p>\n<h4><\/h4>\n<p>&nbsp;<\/p>","protected":false},"excerpt":{"rendered":"<p>1. Precio FOB de Shangh\u00e1i, China<\/p>\n<p>2\u3001Precio v\u00e1lido: dentro de 30 d\u00edas;<\/p>\n<p>3\u3001M\u00e9todo de pago: Cuando se firman el contrato de venta del producto y el acuerdo t\u00e9cnico, se pagar\u00e1 30% del monto total del contrato y 70% del monto total del contrato se pagar\u00e1 en el momento de la entrega mediante T\/T o L\/C.<\/p>\n<p>4\u3001Per\u00edodo de entrega: 30 d\u00edas h\u00e1biles despu\u00e9s de recibir el dep\u00f3sito;<\/p>\n<p>5\u3001Embalaje: embalaje simple, no reciclable;<\/p>","protected":false},"featured_media":291,"template":"","meta":[],"product_brand":[],"product_cat":[3],"product_tag":[17,18,19],"class_list":{"0":"post-231","1":"product","2":"type-product","3":"status-publish","4":"has-post-thumbnail","6":"product_cat-cnc-electro-hydraulic-press-brake","7":"product_tag-cnchydraulicpressbrake","8":"product_tag-metalbendingmachine","9":"product_tag-pressbrakebender-hydraulicpressbrake","11":"first","12":"instock","13":"sale","14":"shipping-taxable","15":"purchasable","16":"product-type-simple"},"yoast_head":"<!-- This site is optimized with the Yoast SEO plugin v24.9 - https:\/\/yoast.com\/wordpress\/plugins\/seo\/ -->\n<title>170T2500MM CNC Hydraulic press brake 4+1 axis with China AX-68T controller - AOXUANZG<\/title>\n<meta name=\"robots\" content=\"index, follow, max-snippet:-1, max-image-preview:large, max-video-preview:-1\" \/>\n<link rel=\"canonical\" href=\"https:\/\/aoxuancnc.com\/es\/producto\/170t2500mm-cnc-hydraulic-press-brake-41-axis-with-china-ax-68t-controller\/\" \/>\n<meta property=\"og:locale\" content=\"es_ES\" \/>\n<meta property=\"og:type\" content=\"article\" \/>\n<meta property=\"og:title\" content=\"170T2500MM CNC Hydraulic press brake 4+1 axis with China AX-68T controller - AOXUANZG\" \/>\n<meta property=\"og:description\" content=\"1\u3001Price content FOB Shanghaiprice , China  2\u3001Valid\u00a0price:\u00a0within\u00a030\u00a0days;  3\u3001Payment\u00a0method:\u00a0When\u00a0the\u00a0product sales\u00a0contract\u00a0and technical\u00a0agreement\u00a0are signed,\u00a030%\u00a0of\u00a0the\u00a0total\u00a0amount\u00a0of\u00a0the\u00a0contract\u00a0will\u00a0be\u00a0paid,\u00a0and\u00a070%\u00a0of the\u00a0total\u00a0amount\u00a0of\u00a0the contract will\u00a0be\u00a0paid\u00a0at the\u00a0time\u00a0of\u00a0delivery\u00a0by\u00a0T\/T\u00a0or\u00a0L\/C.  4\u3001Delivery\u00a0period:\u00a030\u00a0working days\u00a0after\u00a0receipt\u00a0the\u00a0deposit;  5\u3001Packing: simple packaging, not recycling;\" \/>\n<meta property=\"og:url\" content=\"https:\/\/aoxuancnc.com\/es\/producto\/170t2500mm-cnc-hydraulic-press-brake-41-axis-with-china-ax-68t-controller\/\" \/>\n<meta property=\"og:site_name\" content=\"AOXUANZG\" \/>\n<meta property=\"article:modified_time\" content=\"2025-10-08T01:41:36+00:00\" \/>\n<meta property=\"og:image\" content=\"https:\/\/aoxuancnc.com\/wp-content\/uploads\/2025\/08\/DSC00280_\u526f\u672c.png\" \/>\n\t<meta property=\"og:image:width\" content=\"900\" \/>\n\t<meta property=\"og:image:height\" content=\"900\" \/>\n\t<meta property=\"og:image:type\" content=\"image\/png\" \/>\n<meta name=\"twitter:card\" content=\"summary_large_image\" \/>\n<meta name=\"twitter:label1\" content=\"Tiempo de lectura\" \/>\n\t<meta name=\"twitter:data1\" content=\"4 minutos\" \/>\n<script type=\"application\/ld+json\" class=\"yoast-schema-graph\">{\"@context\":\"https:\/\/schema.org\",\"@graph\":[{\"@type\":\"WebPage\",\"@id\":\"https:\/\/aoxuancnc.com\/product\/170t2500mm-cnc-hydraulic-press-brake-41-axis-with-china-ax-68t-controller\/\",\"url\":\"https:\/\/aoxuancnc.com\/product\/170t2500mm-cnc-hydraulic-press-brake-41-axis-with-china-ax-68t-controller\/\",\"name\":\"170T2500MM CNC Hydraulic press brake 4+1 axis with China AX-68T controller - AOXUANZG\",\"isPartOf\":{\"@id\":\"http:\/\/aoxuancnc.com\/#website\"},\"primaryImageOfPage\":{\"@id\":\"https:\/\/aoxuancnc.com\/product\/170t2500mm-cnc-hydraulic-press-brake-41-axis-with-china-ax-68t-controller\/#primaryimage\"},\"image\":{\"@id\":\"https:\/\/aoxuancnc.com\/product\/170t2500mm-cnc-hydraulic-press-brake-41-axis-with-china-ax-68t-controller\/#primaryimage\"},\"thumbnailUrl\":\"https:\/\/aoxuancnc.com\/wp-content\/uploads\/2025\/08\/DSC00280_\u526f\u672c.png\",\"datePublished\":\"2025-08-25T10:05:01+00:00\",\"dateModified\":\"2025-10-08T01:41:36+00:00\",\"breadcrumb\":{\"@id\":\"https:\/\/aoxuancnc.com\/product\/170t2500mm-cnc-hydraulic-press-brake-41-axis-with-china-ax-68t-controller\/#breadcrumb\"},\"inLanguage\":\"es\",\"potentialAction\":[{\"@type\":\"ReadAction\",\"target\":[\"https:\/\/aoxuancnc.com\/product\/170t2500mm-cnc-hydraulic-press-brake-41-axis-with-china-ax-68t-controller\/\"]}]},{\"@type\":\"ImageObject\",\"inLanguage\":\"es\",\"@id\":\"https:\/\/aoxuancnc.com\/product\/170t2500mm-cnc-hydraulic-press-brake-41-axis-with-china-ax-68t-controller\/#primaryimage\",\"url\":\"https:\/\/aoxuancnc.com\/wp-content\/uploads\/2025\/08\/DSC00280_\u526f\u672c.png\",\"contentUrl\":\"https:\/\/aoxuancnc.com\/wp-content\/uploads\/2025\/08\/DSC00280_\u526f\u672c.png\",\"width\":900,\"height\":900},{\"@type\":\"BreadcrumbList\",\"@id\":\"https:\/\/aoxuancnc.com\/product\/170t2500mm-cnc-hydraulic-press-brake-41-axis-with-china-ax-68t-controller\/#breadcrumb\",\"itemListElement\":[{\"@type\":\"ListItem\",\"position\":1,\"name\":\"\u9996\u9875\",\"item\":\"http:\/\/aoxuancnc.com\/\"},{\"@type\":\"ListItem\",\"position\":2,\"name\":\"Product\",\"item\":\"https:\/\/aoxuancnc.com\/ru\/product\/\"},{\"@type\":\"ListItem\",\"position\":3,\"name\":\"170T2500MM CNC Hydraulic press brake 4+1 axis with China AX-68T controller\"}]},{\"@type\":\"WebSite\",\"@id\":\"http:\/\/aoxuancnc.com\/#website\",\"url\":\"http:\/\/aoxuancnc.com\/\",\"name\":\"AOXUANZG\",\"description\":\"Anhui Aoxuan Heavy Industry Machine Co., Ltd\",\"potentialAction\":[{\"@type\":\"SearchAction\",\"target\":{\"@type\":\"EntryPoint\",\"urlTemplate\":\"http:\/\/aoxuancnc.com\/?s={search_term_string}\"},\"query-input\":{\"@type\":\"PropertyValueSpecification\",\"valueRequired\":true,\"valueName\":\"search_term_string\"}}],\"inLanguage\":\"es\"}]}<\/script>\n<!-- \/ Yoast SEO plugin. -->","yoast_head_json":{"title":"170T2500MM CNC Hydraulic press brake 4+1 axis with China AX-68T controller - AOXUANZG","robots":{"index":"index","follow":"follow","max-snippet":"max-snippet:-1","max-image-preview":"max-image-preview:large","max-video-preview":"max-video-preview:-1"},"canonical":"https:\/\/aoxuancnc.com\/es\/producto\/170t2500mm-cnc-hydraulic-press-brake-41-axis-with-china-ax-68t-controller\/","og_locale":"es_ES","og_type":"article","og_title":"170T2500MM CNC Hydraulic press brake 4+1 axis with China AX-68T controller - AOXUANZG","og_description":"1\u3001Price content FOB Shanghaiprice , China  2\u3001Valid\u00a0price:\u00a0within\u00a030\u00a0days;  3\u3001Payment\u00a0method:\u00a0When\u00a0the\u00a0product sales\u00a0contract\u00a0and technical\u00a0agreement\u00a0are signed,\u00a030%\u00a0of\u00a0the\u00a0total\u00a0amount\u00a0of\u00a0the\u00a0contract\u00a0will\u00a0be\u00a0paid,\u00a0and\u00a070%\u00a0of the\u00a0total\u00a0amount\u00a0of\u00a0the contract will\u00a0be\u00a0paid\u00a0at the\u00a0time\u00a0of\u00a0delivery\u00a0by\u00a0T\/T\u00a0or\u00a0L\/C.  4\u3001Delivery\u00a0period:\u00a030\u00a0working days\u00a0after\u00a0receipt\u00a0the\u00a0deposit;  5\u3001Packing: simple packaging, not recycling;","og_url":"https:\/\/aoxuancnc.com\/es\/producto\/170t2500mm-cnc-hydraulic-press-brake-41-axis-with-china-ax-68t-controller\/","og_site_name":"AOXUANZG","article_modified_time":"2025-10-08T01:41:36+00:00","og_image":[{"width":900,"height":900,"url":"https:\/\/aoxuancnc.com\/wp-content\/uploads\/2025\/08\/DSC00280_\u526f\u672c.png","type":"image\/png"}],"twitter_card":"summary_large_image","twitter_misc":{"Tiempo de lectura":"4 minutos"},"schema":{"@context":"https:\/\/schema.org","@graph":[{"@type":"WebPage","@id":"https:\/\/aoxuancnc.com\/product\/170t2500mm-cnc-hydraulic-press-brake-41-axis-with-china-ax-68t-controller\/","url":"https:\/\/aoxuancnc.com\/product\/170t2500mm-cnc-hydraulic-press-brake-41-axis-with-china-ax-68t-controller\/","name":"170T2500MM CNC Hydraulic press brake 4+1 axis with China AX-68T controller - AOXUANZG","isPartOf":{"@id":"http:\/\/aoxuancnc.com\/#website"},"primaryImageOfPage":{"@id":"https:\/\/aoxuancnc.com\/product\/170t2500mm-cnc-hydraulic-press-brake-41-axis-with-china-ax-68t-controller\/#primaryimage"},"image":{"@id":"https:\/\/aoxuancnc.com\/product\/170t2500mm-cnc-hydraulic-press-brake-41-axis-with-china-ax-68t-controller\/#primaryimage"},"thumbnailUrl":"https:\/\/aoxuancnc.com\/wp-content\/uploads\/2025\/08\/DSC00280_\u526f\u672c.png","datePublished":"2025-08-25T10:05:01+00:00","dateModified":"2025-10-08T01:41:36+00:00","breadcrumb":{"@id":"https:\/\/aoxuancnc.com\/product\/170t2500mm-cnc-hydraulic-press-brake-41-axis-with-china-ax-68t-controller\/#breadcrumb"},"inLanguage":"es","potentialAction":[{"@type":"ReadAction","target":["https:\/\/aoxuancnc.com\/product\/170t2500mm-cnc-hydraulic-press-brake-41-axis-with-china-ax-68t-controller\/"]}]},{"@type":"ImageObject","inLanguage":"es","@id":"https:\/\/aoxuancnc.com\/product\/170t2500mm-cnc-hydraulic-press-brake-41-axis-with-china-ax-68t-controller\/#primaryimage","url":"https:\/\/aoxuancnc.com\/wp-content\/uploads\/2025\/08\/DSC00280_\u526f\u672c.png","contentUrl":"https:\/\/aoxuancnc.com\/wp-content\/uploads\/2025\/08\/DSC00280_\u526f\u672c.png","width":900,"height":900},{"@type":"BreadcrumbList","@id":"https:\/\/aoxuancnc.com\/product\/170t2500mm-cnc-hydraulic-press-brake-41-axis-with-china-ax-68t-controller\/#breadcrumb","itemListElement":[{"@type":"ListItem","position":1,"name":"\u9996\u9875","item":"http:\/\/aoxuancnc.com\/"},{"@type":"ListItem","position":2,"name":"Product","item":"https:\/\/aoxuancnc.com\/ru\/product\/"},{"@type":"ListItem","position":3,"name":"170T2500MM CNC Hydraulic press brake 4+1 axis with China AX-68T controller"}]},{"@type":"WebSite","@id":"http:\/\/aoxuancnc.com\/#website","url":"http:\/\/aoxuancnc.com\/","name":"AOXUANZG","description":"Anhui Aoxuan Heavy Industry Machine Co., Ltd","potentialAction":[{"@type":"SearchAction","target":{"@type":"EntryPoint","urlTemplate":"http:\/\/aoxuancnc.com\/?s={search_term_string}"},"query-input":{"@type":"PropertyValueSpecification","valueRequired":true,"valueName":"search_term_string"}}],"inLanguage":"es"}]}},"_links":{"self":[{"href":"https:\/\/aoxuancnc.com\/es\/wp-json\/wp\/v2\/product\/231","targetHints":{"allow":["GET"]}}],"collection":[{"href":"https:\/\/aoxuancnc.com\/es\/wp-json\/wp\/v2\/product"}],"about":[{"href":"https:\/\/aoxuancnc.com\/es\/wp-json\/wp\/v2\/types\/product"}],"wp:featuredmedia":[{"embeddable":true,"href":"https:\/\/aoxuancnc.com\/es\/wp-json\/wp\/v2\/media\/291"}],"wp:attachment":[{"href":"https:\/\/aoxuancnc.com\/es\/wp-json\/wp\/v2\/media?parent=231"}],"wp:term":[{"taxonomy":"product_brand","embeddable":true,"href":"https:\/\/aoxuancnc.com\/es\/wp-json\/wp\/v2\/product_brand?post=231"},{"taxonomy":"product_cat","embeddable":true,"href":"https:\/\/aoxuancnc.com\/es\/wp-json\/wp\/v2\/product_cat?post=231"},{"taxonomy":"product_tag","embeddable":true,"href":"https:\/\/aoxuancnc.com\/es\/wp-json\/wp\/v2\/product_tag?post=231"}],"curies":[{"name":"wp","href":"https:\/\/api.w.org\/{rel}","templated":true}]}}