{"id":244,"date":"2025-08-28T01:24:31","date_gmt":"2025-08-28T01:24:31","guid":{"rendered":"https:\/\/aoxuancnc.com\/?post_type=product&#038;p=244"},"modified":"2025-10-08T01:42:05","modified_gmt":"2025-10-08T01:42:05","slug":"qc11y-41600mm-small-nc-hydraulic-guillotine-shearing-machine-with-estun-e21s","status":"publish","type":"product","link":"https:\/\/aoxuancnc.com\/es\/producto\/qc11y-41600mm-small-nc-hydraulic-guillotine-shearing-machine-with-estun-e21s\/","title":{"rendered":"Cizalla guillotina hidr\u00e1ulica peque\u00f1a NC QC11Y-4 de 1600 mm con Estun E21s"},"content":{"rendered":"<p>Cizalla hidr\u00e1ulica NC, es adecuada para cortar acero al carbono, acero inoxidable, chapa galvanizada, aluminio y muchos otros metales. Es ampliamente utilizada en la industria de procesamiento de metales, la industria de construcci\u00f3n de maquinaria, la construcci\u00f3n de edificios, la industria minera, la construcci\u00f3n ferroviaria y la industria aeroespacial.<\/p>\n<div id=\"attachment_249\" style=\"width: 510px\" class=\"wp-caption alignleft\"><img loading=\"lazy\" decoding=\"async\" aria-describedby=\"caption-attachment-249\" class=\"wp-image-249 size-medium\" src=\"https:\/\/aoxuancnc.com\/wp-content\/uploads\/2025\/08\/8-500x418.jpg\" alt=\"\" width=\"500\" height=\"418\" srcset=\"https:\/\/aoxuancnc.com\/wp-content\/uploads\/2025\/08\/8-500x418.jpg 500w, https:\/\/aoxuancnc.com\/wp-content\/uploads\/2025\/08\/8-300x251.jpg 300w, https:\/\/aoxuancnc.com\/wp-content\/uploads\/2025\/08\/8-768x641.jpg 768w, https:\/\/aoxuancnc.com\/wp-content\/uploads\/2025\/08\/8-14x12.jpg 14w, https:\/\/aoxuancnc.com\/wp-content\/uploads\/2025\/08\/8-90x75.jpg 90w, https:\/\/aoxuancnc.com\/wp-content\/uploads\/2025\/08\/8-480x401.jpg 480w, https:\/\/aoxuancnc.com\/wp-content\/uploads\/2025\/08\/8-800x668.jpg 800w, https:\/\/aoxuancnc.com\/wp-content\/uploads\/2025\/08\/8.jpg 958w\" sizes=\"auto, (max-width:767px) 480px, 500px\" \/><p id=\"caption-attachment-249\" class=\"wp-caption-text\">CIZALLADORA DE GUILLOTINA CNC<\/p><\/div>\n<p>&nbsp;<\/p>\n<p>&nbsp;<\/p>\n<p>&nbsp;<\/p>\n<p>&nbsp;<\/p>\n<p>&nbsp;<\/p>\n<p>&nbsp;<\/p>\n<p>&nbsp;<\/p>\n<p>&nbsp;<\/p>\n<p>&nbsp;<\/p>\n<p>&nbsp;<\/p>\n<p>&nbsp;<\/p>\n<p>&nbsp;<\/p>\n<p>La cizalla guillotina permite un corte de alta resistencia a un precio asequible. El bastidor y la viga de corte ofrecen m\u00e1xima rigidez y resistencia a la deflexi\u00f3n y la torsi\u00f3n para un corte preciso de acero dulce de hasta 30 mm. Esta cizalla guillotina cuenta con cuatro filos de corte que pueden girarse tres veces antes del rectificado para una mayor vida \u00fatil. Fabricaci\u00f3n rentable. Nuestra cizalla guillotina se adapta a sus necesidades y a su presupuesto.<\/p>\n<p><img loading=\"lazy\" decoding=\"async\" class=\"alignnone size-medium wp-image-246\" src=\"https:\/\/aoxuancnc.com\/wp-content\/uploads\/2025\/08\/2-500x463.jpg\" alt=\"\" width=\"500\" height=\"463\" srcset=\"https:\/\/aoxuancnc.com\/wp-content\/uploads\/2025\/08\/2-500x463.jpg 500w, https:\/\/aoxuancnc.com\/wp-content\/uploads\/2025\/08\/2-300x278.jpg 300w, https:\/\/aoxuancnc.com\/wp-content\/uploads\/2025\/08\/2-768x711.jpg 768w, https:\/\/aoxuancnc.com\/wp-content\/uploads\/2025\/08\/2-13x12.jpg 13w, https:\/\/aoxuancnc.com\/wp-content\/uploads\/2025\/08\/2-81x75.jpg 81w, https:\/\/aoxuancnc.com\/wp-content\/uploads\/2025\/08\/2-480x444.jpg 480w, https:\/\/aoxuancnc.com\/wp-content\/uploads\/2025\/08\/2-800x741.jpg 800w, https:\/\/aoxuancnc.com\/wp-content\/uploads\/2025\/08\/2.jpg 864w\" sizes=\"auto, (max-width:767px) 480px, 500px\" \/><\/p>\n<p><strong>Par\u00e1metro:<\/strong><\/p>\n<p><img loading=\"lazy\" decoding=\"async\" class=\"alignnone size-medium wp-image-274\" src=\"https:\/\/aoxuancnc.com\/wp-content\/uploads\/2025\/08\/A-Shearing-cutting-machine\u526a\u677f\u673a-487x500.png\" alt=\"\" width=\"487\" height=\"500\" srcset=\"https:\/\/aoxuancnc.com\/wp-content\/uploads\/2025\/08\/A-Shearing-cutting-machine\u526a\u677f\u673a-487x500.png 487w, https:\/\/aoxuancnc.com\/wp-content\/uploads\/2025\/08\/A-Shearing-cutting-machine\u526a\u677f\u673a-1168x1200.png 1168w, https:\/\/aoxuancnc.com\/wp-content\/uploads\/2025\/08\/A-Shearing-cutting-machine\u526a\u677f\u673a-292x300.png 292w, https:\/\/aoxuancnc.com\/wp-content\/uploads\/2025\/08\/A-Shearing-cutting-machine\u526a\u677f\u673a-768x789.png 768w, https:\/\/aoxuancnc.com\/wp-content\/uploads\/2025\/08\/A-Shearing-cutting-machine\u526a\u677f\u673a-1495x1536.png 1495w, https:\/\/aoxuancnc.com\/wp-content\/uploads\/2025\/08\/A-Shearing-cutting-machine\u526a\u677f\u673a-1993x2048.png 1993w, https:\/\/aoxuancnc.com\/wp-content\/uploads\/2025\/08\/A-Shearing-cutting-machine\u526a\u677f\u673a-12x12.png 12w, https:\/\/aoxuancnc.com\/wp-content\/uploads\/2025\/08\/A-Shearing-cutting-machine\u526a\u677f\u673a-73x75.png 73w, https:\/\/aoxuancnc.com\/wp-content\/uploads\/2025\/08\/A-Shearing-cutting-machine\u526a\u677f\u673a-480x493.png 480w, https:\/\/aoxuancnc.com\/wp-content\/uploads\/2025\/08\/A-Shearing-cutting-machine\u526a\u677f\u673a-800x822.png 800w\" sizes=\"auto, (max-width:767px) 480px, 487px\" \/><\/p>\n<p>\u25cf Sistema de control Estun E21sNC<br \/>\n\u25cf Eje X del tope trasero motorizado<br \/>\n\u25cf Tope trasero controlado por inversor<br \/>\n\u25cf Tornillos de bolas y varilla pulida HIWIN con precisi\u00f3n de 0,05 mm.<br \/>\n\u25cf Brazo de cuadratura y brazos de soporte delanteros<br \/>\n\u25cf Alemania Bosch-Rexroth Hidr\u00e1ulica<br \/>\n\u25cf Conector de tuber\u00eda<br \/>\n\u25cf Motor principal de Siemens de Alemania<br \/>\n\u25cf Francia Schneider Electrics<br \/>\n\u25cf Protecci\u00f3n contra sobrecarga hidr\u00e1ulica y el\u00e9ctrica<br \/>\n\u25cf Iluminaci\u00f3n de l\u00ednea de corte y cable para corte de l\u00ednea de sombra (opcional)<br \/>\n\u25cf Hoja superior con dos filos de corte y hoja inferior con cuatro filos de corte. (6CrW2Si)<\/p>\n<p><img loading=\"lazy\" decoding=\"async\" class=\"alignnone size-medium wp-image-247\" src=\"https:\/\/aoxuancnc.com\/wp-content\/uploads\/2025\/08\/3-500x500.jpg\" alt=\"\" width=\"500\" height=\"500\" srcset=\"https:\/\/aoxuancnc.com\/wp-content\/uploads\/2025\/08\/3-500x500.jpg 500w, https:\/\/aoxuancnc.com\/wp-content\/uploads\/2025\/08\/3-300x300.jpg 300w, https:\/\/aoxuancnc.com\/wp-content\/uploads\/2025\/08\/3-768x768.jpg 768w, https:\/\/aoxuancnc.com\/wp-content\/uploads\/2025\/08\/3-12x12.jpg 12w, https:\/\/aoxuancnc.com\/wp-content\/uploads\/2025\/08\/3-150x150.jpg 150w, https:\/\/aoxuancnc.com\/wp-content\/uploads\/2025\/08\/3-75x75.jpg 75w, https:\/\/aoxuancnc.com\/wp-content\/uploads\/2025\/08\/3-480x480.jpg 480w, https:\/\/aoxuancnc.com\/wp-content\/uploads\/2025\/08\/3.jpg 800w\" sizes=\"auto, (max-width:767px) 480px, 500px\" \/> <img loading=\"lazy\" decoding=\"async\" class=\"alignnone size-medium wp-image-248\" src=\"https:\/\/aoxuancnc.com\/wp-content\/uploads\/2025\/08\/4-500x500.jpg\" alt=\"\" width=\"500\" height=\"500\" srcset=\"https:\/\/aoxuancnc.com\/wp-content\/uploads\/2025\/08\/4-500x500.jpg 500w, https:\/\/aoxuancnc.com\/wp-content\/uploads\/2025\/08\/4-300x300.jpg 300w, https:\/\/aoxuancnc.com\/wp-content\/uploads\/2025\/08\/4-768x768.jpg 768w, https:\/\/aoxuancnc.com\/wp-content\/uploads\/2025\/08\/4-12x12.jpg 12w, https:\/\/aoxuancnc.com\/wp-content\/uploads\/2025\/08\/4-150x150.jpg 150w, https:\/\/aoxuancnc.com\/wp-content\/uploads\/2025\/08\/4-75x75.jpg 75w, https:\/\/aoxuancnc.com\/wp-content\/uploads\/2025\/08\/4-480x480.jpg 480w, https:\/\/aoxuancnc.com\/wp-content\/uploads\/2025\/08\/4.jpg 800w\" sizes=\"auto, (max-width:767px) 480px, 500px\" \/><\/p>\n<p><strong>Preventa.<\/strong><br \/>\n* Dise\u00f1o del proyecto, presentaci\u00f3n de la ejecuci\u00f3n, acuerdo t\u00e9cnico, firma del contrato, embalaje.<br \/>\n* Soporte de consultas y consultor\u00eda.<br \/>\n* Soporte para pruebas de muestra.<\/p>\n<p><strong>En venta.<\/strong><br \/>\n* Le proporcionaremos los \u00faltimos avances en el montaje, embalaje y transporte del producto.<\/p>\n<p><strong>Postventa.<\/strong><br \/>\n* Proporcionaremos accesorios gratuitos por da\u00f1os a partes no humanas.<br \/>\n* Capacitaci\u00f3n sobre c\u00f3mo instalar la m\u00e1quina, capacitaci\u00f3n sobre c\u00f3mo utilizar la m\u00e1quina con video, etc.<br \/>\n*Y nuestro personal t\u00e9cnico puede viajar al extranjero para brindar orientaci\u00f3n t\u00e9cnica.<\/p>\n<p><img loading=\"lazy\" decoding=\"async\" class=\"alignnone size-medium wp-image-267\" src=\"https:\/\/aoxuancnc.com\/wp-content\/uploads\/2025\/08\/guillotine-shearing-machine-1-500x375.jpg\" alt=\"\" width=\"500\" height=\"375\" srcset=\"https:\/\/aoxuancnc.com\/wp-content\/uploads\/2025\/08\/guillotine-shearing-machine-1-500x375.jpg 500w, https:\/\/aoxuancnc.com\/wp-content\/uploads\/2025\/08\/guillotine-shearing-machine-1-1200x900.jpg 1200w, https:\/\/aoxuancnc.com\/wp-content\/uploads\/2025\/08\/guillotine-shearing-machine-1-300x225.jpg 300w, https:\/\/aoxuancnc.com\/wp-content\/uploads\/2025\/08\/guillotine-shearing-machine-1-768x576.jpg 768w, https:\/\/aoxuancnc.com\/wp-content\/uploads\/2025\/08\/guillotine-shearing-machine-1-1536x1152.jpg 1536w, https:\/\/aoxuancnc.com\/wp-content\/uploads\/2025\/08\/guillotine-shearing-machine-1-16x12.jpg 16w, https:\/\/aoxuancnc.com\/wp-content\/uploads\/2025\/08\/guillotine-shearing-machine-1-100x75.jpg 100w, https:\/\/aoxuancnc.com\/wp-content\/uploads\/2025\/08\/guillotine-shearing-machine-1-960x720.jpg 960w, https:\/\/aoxuancnc.com\/wp-content\/uploads\/2025\/08\/guillotine-shearing-machine-1-480x360.jpg 480w, https:\/\/aoxuancnc.com\/wp-content\/uploads\/2025\/08\/guillotine-shearing-machine-1-800x600.jpg 800w, https:\/\/aoxuancnc.com\/wp-content\/uploads\/2025\/08\/guillotine-shearing-machine-1.jpg 1706w\" sizes=\"auto, (max-width:767px) 480px, 500px\" \/> <img loading=\"lazy\" decoding=\"async\" class=\"alignnone size-medium wp-image-268\" src=\"https:\/\/aoxuancnc.com\/wp-content\/uploads\/2025\/08\/guillotine-shearing-machine-2-500x375.jpg\" alt=\"\" width=\"500\" height=\"375\" srcset=\"https:\/\/aoxuancnc.com\/wp-content\/uploads\/2025\/08\/guillotine-shearing-machine-2-500x375.jpg 500w, https:\/\/aoxuancnc.com\/wp-content\/uploads\/2025\/08\/guillotine-shearing-machine-2-1200x900.jpg 1200w, https:\/\/aoxuancnc.com\/wp-content\/uploads\/2025\/08\/guillotine-shearing-machine-2-300x225.jpg 300w, https:\/\/aoxuancnc.com\/wp-content\/uploads\/2025\/08\/guillotine-shearing-machine-2-768x576.jpg 768w, https:\/\/aoxuancnc.com\/wp-content\/uploads\/2025\/08\/guillotine-shearing-machine-2-1536x1152.jpg 1536w, https:\/\/aoxuancnc.com\/wp-content\/uploads\/2025\/08\/guillotine-shearing-machine-2-16x12.jpg 16w, https:\/\/aoxuancnc.com\/wp-content\/uploads\/2025\/08\/guillotine-shearing-machine-2-100x75.jpg 100w, https:\/\/aoxuancnc.com\/wp-content\/uploads\/2025\/08\/guillotine-shearing-machine-2-960x720.jpg 960w, https:\/\/aoxuancnc.com\/wp-content\/uploads\/2025\/08\/guillotine-shearing-machine-2-480x360.jpg 480w, https:\/\/aoxuancnc.com\/wp-content\/uploads\/2025\/08\/guillotine-shearing-machine-2-800x600.jpg 800w, https:\/\/aoxuancnc.com\/wp-content\/uploads\/2025\/08\/guillotine-shearing-machine-2.jpg 1706w\" sizes=\"auto, (max-width:767px) 480px, 500px\" \/><\/p>\n<p><strong>Para m\u00e1s informaci\u00f3n por favor cont\u00e1ctame ~*^-^*<\/strong><\/p>\n<p>&nbsp;<\/p>\n<p>&nbsp;<\/p>","protected":false},"excerpt":{"rendered":"<p><strong>Detalles del producto<\/strong><br \/>\nLugar de origen: China<br \/>\nMarca: AOXUANZG<br \/>\nCertificaci\u00f3n: CE<br \/>\nN\u00famero de modelo: QC11Y-4*1600MM<\/p>\n<p><strong>Condiciones de pago y env\u00edo<\/strong><br \/>\nCantidad m\u00ednima de pedido: 1 juego<br \/>\nPrecio: $4700-5000\/unidad<br \/>\nDetalles del embalaje: embalaje de exportaci\u00f3n est\u00e1ndar<br \/>\nPlazo de entrega: 30 d\u00edas<br \/>\nCondiciones de pago: L\/C, T\/T, Western Union, MoneyGram<br \/>\nCapacidad de suministro: 50 juegos\/a\u00f1o<\/p>","protected":false},"featured_media":272,"template":"","meta":[],"product_brand":[21],"product_cat":[5],"product_tag":[28,25,27,26],"class_list":{"0":"post-244","1":"product","2":"type-product","3":"status-publish","4":"has-post-thumbnail","6":"product_brand-aoxuanzg","7":"product_cat-hydraulic-guillotine-shearing-machine","8":"product_tag-e21s-hydraulic-cutter","9":"product_tag-guillotine-shearing-machine","10":"product_tag-metal-steel-plate-cutting-machine","11":"product_tag-nc-shearing-machine","13":"first","14":"instock","15":"featured","16":"shipping-taxable","17":"product-type-external"},"yoast_head":"<!-- This site is optimized with the Yoast SEO plugin v24.9 - https:\/\/yoast.com\/wordpress\/plugins\/seo\/ -->\n<title>QC11Y-4*1600mm Small NC Hydraulic Guillotine Shearing Machine With Estun E21s - AOXUANZG<\/title>\n<meta name=\"robots\" content=\"index, follow, max-snippet:-1, max-image-preview:large, max-video-preview:-1\" \/>\n<link rel=\"canonical\" href=\"http:\/\/aoxuancnc.com\/es\/producto\/qc11y-41600mm-small-nc-hydraulic-guillotine-shearing-machine-with-estun-e21s\/\" \/>\n<meta property=\"og:locale\" content=\"es_ES\" \/>\n<meta property=\"og:type\" content=\"article\" \/>\n<meta property=\"og:title\" content=\"QC11Y-4*1600mm Small NC Hydraulic Guillotine Shearing Machine With Estun E21s - AOXUANZG\" \/>\n<meta property=\"og:description\" content=\"Product Details Place of Origin: China Brand Name: AOXUANZG Certification: CE Model Number: QC11Y-4*1600MM  Payment &amp; Shipping Terms Minimum Order Quantity: 1 Set Price: $4700-5000\/unit Packaging Details: Standard export packing Delivery time: 30 days Payment Terms: L\/C, T\/T, Western Union, MoneyGram Supply Ability: 50 sets\/Year\" \/>\n<meta property=\"og:url\" content=\"http:\/\/aoxuancnc.com\/es\/producto\/qc11y-41600mm-small-nc-hydraulic-guillotine-shearing-machine-with-estun-e21s\/\" \/>\n<meta property=\"og:site_name\" content=\"AOXUANZG\" \/>\n<meta property=\"article:modified_time\" content=\"2025-10-08T01:42:05+00:00\" \/>\n<meta property=\"og:image\" content=\"http:\/\/aoxuancnc.com\/wp-content\/uploads\/2025\/08\/1-1.jpg\" \/>\n\t<meta property=\"og:image:width\" content=\"800\" \/>\n\t<meta property=\"og:image:height\" content=\"800\" \/>\n\t<meta property=\"og:image:type\" content=\"image\/jpeg\" \/>\n<meta name=\"twitter:card\" content=\"summary_large_image\" \/>\n<meta name=\"twitter:label1\" content=\"Tiempo de lectura\" \/>\n\t<meta name=\"twitter:data1\" content=\"3 minutos\" \/>\n<script type=\"application\/ld+json\" class=\"yoast-schema-graph\">{\"@context\":\"https:\/\/schema.org\",\"@graph\":[{\"@type\":\"WebPage\",\"@id\":\"http:\/\/aoxuancnc.com\/ru\/product\/qc11y-41600mm-small-nc-hydraulic-guillotine-shearing-machine-with-estun-e21s\/\",\"url\":\"http:\/\/aoxuancnc.com\/ru\/product\/qc11y-41600mm-small-nc-hydraulic-guillotine-shearing-machine-with-estun-e21s\/\",\"name\":\"QC11Y-4*1600mm Small NC Hydraulic Guillotine Shearing Machine With Estun E21s - AOXUANZG\",\"isPartOf\":{\"@id\":\"http:\/\/aoxuancnc.com\/#website\"},\"primaryImageOfPage\":{\"@id\":\"http:\/\/aoxuancnc.com\/ru\/product\/qc11y-41600mm-small-nc-hydraulic-guillotine-shearing-machine-with-estun-e21s\/#primaryimage\"},\"image\":{\"@id\":\"http:\/\/aoxuancnc.com\/ru\/product\/qc11y-41600mm-small-nc-hydraulic-guillotine-shearing-machine-with-estun-e21s\/#primaryimage\"},\"thumbnailUrl\":\"https:\/\/aoxuancnc.com\/wp-content\/uploads\/2025\/08\/1-1.jpg\",\"datePublished\":\"2025-08-28T01:24:31+00:00\",\"dateModified\":\"2025-10-08T01:42:05+00:00\",\"breadcrumb\":{\"@id\":\"http:\/\/aoxuancnc.com\/ru\/product\/qc11y-41600mm-small-nc-hydraulic-guillotine-shearing-machine-with-estun-e21s\/#breadcrumb\"},\"inLanguage\":\"es\",\"potentialAction\":[{\"@type\":\"ReadAction\",\"target\":[\"http:\/\/aoxuancnc.com\/ru\/product\/qc11y-41600mm-small-nc-hydraulic-guillotine-shearing-machine-with-estun-e21s\/\"]}]},{\"@type\":\"ImageObject\",\"inLanguage\":\"es\",\"@id\":\"http:\/\/aoxuancnc.com\/ru\/product\/qc11y-41600mm-small-nc-hydraulic-guillotine-shearing-machine-with-estun-e21s\/#primaryimage\",\"url\":\"https:\/\/aoxuancnc.com\/wp-content\/uploads\/2025\/08\/1-1.jpg\",\"contentUrl\":\"https:\/\/aoxuancnc.com\/wp-content\/uploads\/2025\/08\/1-1.jpg\",\"width\":800,\"height\":800},{\"@type\":\"BreadcrumbList\",\"@id\":\"http:\/\/aoxuancnc.com\/ru\/product\/qc11y-41600mm-small-nc-hydraulic-guillotine-shearing-machine-with-estun-e21s\/#breadcrumb\",\"itemListElement\":[{\"@type\":\"ListItem\",\"position\":1,\"name\":\"\u9996\u9875\",\"item\":\"http:\/\/aoxuancnc.com\/\"},{\"@type\":\"ListItem\",\"position\":2,\"name\":\"Product\",\"item\":\"https:\/\/aoxuancnc.com\/ru\/product\/\"},{\"@type\":\"ListItem\",\"position\":3,\"name\":\"QC11Y-4*1600mm Small NC Hydraulic Guillotine Shearing Machine With Estun E21s\"}]},{\"@type\":\"WebSite\",\"@id\":\"http:\/\/aoxuancnc.com\/#website\",\"url\":\"http:\/\/aoxuancnc.com\/\",\"name\":\"AOXUANZG\",\"description\":\"Anhui Aoxuan Heavy Industry Machine Co., Ltd\",\"potentialAction\":[{\"@type\":\"SearchAction\",\"target\":{\"@type\":\"EntryPoint\",\"urlTemplate\":\"http:\/\/aoxuancnc.com\/?s={search_term_string}\"},\"query-input\":{\"@type\":\"PropertyValueSpecification\",\"valueRequired\":true,\"valueName\":\"search_term_string\"}}],\"inLanguage\":\"es\"}]}<\/script>\n<!-- \/ Yoast SEO plugin. -->","yoast_head_json":{"title":"QC11Y-4*1600mm Small NC Hydraulic Guillotine Shearing Machine With Estun E21s - AOXUANZG","robots":{"index":"index","follow":"follow","max-snippet":"max-snippet:-1","max-image-preview":"max-image-preview:large","max-video-preview":"max-video-preview:-1"},"canonical":"http:\/\/aoxuancnc.com\/es\/producto\/qc11y-41600mm-small-nc-hydraulic-guillotine-shearing-machine-with-estun-e21s\/","og_locale":"es_ES","og_type":"article","og_title":"QC11Y-4*1600mm Small NC Hydraulic Guillotine Shearing Machine With Estun E21s - AOXUANZG","og_description":"Product Details Place of Origin: China Brand Name: AOXUANZG Certification: CE Model Number: QC11Y-4*1600MM  Payment &amp; Shipping Terms Minimum Order Quantity: 1 Set Price: $4700-5000\/unit Packaging Details: Standard export packing Delivery time: 30 days Payment Terms: L\/C, T\/T, Western Union, MoneyGram Supply Ability: 50 sets\/Year","og_url":"http:\/\/aoxuancnc.com\/es\/producto\/qc11y-41600mm-small-nc-hydraulic-guillotine-shearing-machine-with-estun-e21s\/","og_site_name":"AOXUANZG","article_modified_time":"2025-10-08T01:42:05+00:00","og_image":[{"width":800,"height":800,"url":"http:\/\/aoxuancnc.com\/wp-content\/uploads\/2025\/08\/1-1.jpg","type":"image\/jpeg"}],"twitter_card":"summary_large_image","twitter_misc":{"Tiempo de lectura":"3 minutos"},"schema":{"@context":"https:\/\/schema.org","@graph":[{"@type":"WebPage","@id":"http:\/\/aoxuancnc.com\/ru\/product\/qc11y-41600mm-small-nc-hydraulic-guillotine-shearing-machine-with-estun-e21s\/","url":"http:\/\/aoxuancnc.com\/ru\/product\/qc11y-41600mm-small-nc-hydraulic-guillotine-shearing-machine-with-estun-e21s\/","name":"QC11Y-4*1600mm Small NC Hydraulic Guillotine Shearing Machine With Estun E21s - AOXUANZG","isPartOf":{"@id":"http:\/\/aoxuancnc.com\/#website"},"primaryImageOfPage":{"@id":"http:\/\/aoxuancnc.com\/ru\/product\/qc11y-41600mm-small-nc-hydraulic-guillotine-shearing-machine-with-estun-e21s\/#primaryimage"},"image":{"@id":"http:\/\/aoxuancnc.com\/ru\/product\/qc11y-41600mm-small-nc-hydraulic-guillotine-shearing-machine-with-estun-e21s\/#primaryimage"},"thumbnailUrl":"https:\/\/aoxuancnc.com\/wp-content\/uploads\/2025\/08\/1-1.jpg","datePublished":"2025-08-28T01:24:31+00:00","dateModified":"2025-10-08T01:42:05+00:00","breadcrumb":{"@id":"http:\/\/aoxuancnc.com\/ru\/product\/qc11y-41600mm-small-nc-hydraulic-guillotine-shearing-machine-with-estun-e21s\/#breadcrumb"},"inLanguage":"es","potentialAction":[{"@type":"ReadAction","target":["http:\/\/aoxuancnc.com\/ru\/product\/qc11y-41600mm-small-nc-hydraulic-guillotine-shearing-machine-with-estun-e21s\/"]}]},{"@type":"ImageObject","inLanguage":"es","@id":"http:\/\/aoxuancnc.com\/ru\/product\/qc11y-41600mm-small-nc-hydraulic-guillotine-shearing-machine-with-estun-e21s\/#primaryimage","url":"https:\/\/aoxuancnc.com\/wp-content\/uploads\/2025\/08\/1-1.jpg","contentUrl":"https:\/\/aoxuancnc.com\/wp-content\/uploads\/2025\/08\/1-1.jpg","width":800,"height":800},{"@type":"BreadcrumbList","@id":"http:\/\/aoxuancnc.com\/ru\/product\/qc11y-41600mm-small-nc-hydraulic-guillotine-shearing-machine-with-estun-e21s\/#breadcrumb","itemListElement":[{"@type":"ListItem","position":1,"name":"\u9996\u9875","item":"http:\/\/aoxuancnc.com\/"},{"@type":"ListItem","position":2,"name":"Product","item":"https:\/\/aoxuancnc.com\/ru\/product\/"},{"@type":"ListItem","position":3,"name":"QC11Y-4*1600mm Small NC Hydraulic Guillotine Shearing Machine With Estun E21s"}]},{"@type":"WebSite","@id":"http:\/\/aoxuancnc.com\/#website","url":"http:\/\/aoxuancnc.com\/","name":"AOXUANZG","description":"Anhui Aoxuan Heavy Industry Machine Co., Ltd","potentialAction":[{"@type":"SearchAction","target":{"@type":"EntryPoint","urlTemplate":"http:\/\/aoxuancnc.com\/?s={search_term_string}"},"query-input":{"@type":"PropertyValueSpecification","valueRequired":true,"valueName":"search_term_string"}}],"inLanguage":"es"}]}},"_links":{"self":[{"href":"https:\/\/aoxuancnc.com\/es\/wp-json\/wp\/v2\/product\/244","targetHints":{"allow":["GET"]}}],"collection":[{"href":"https:\/\/aoxuancnc.com\/es\/wp-json\/wp\/v2\/product"}],"about":[{"href":"https:\/\/aoxuancnc.com\/es\/wp-json\/wp\/v2\/types\/product"}],"wp:featuredmedia":[{"embeddable":true,"href":"https:\/\/aoxuancnc.com\/es\/wp-json\/wp\/v2\/media\/272"}],"wp:attachment":[{"href":"https:\/\/aoxuancnc.com\/es\/wp-json\/wp\/v2\/media?parent=244"}],"wp:term":[{"taxonomy":"product_brand","embeddable":true,"href":"https:\/\/aoxuancnc.com\/es\/wp-json\/wp\/v2\/product_brand?post=244"},{"taxonomy":"product_cat","embeddable":true,"href":"https:\/\/aoxuancnc.com\/es\/wp-json\/wp\/v2\/product_cat?post=244"},{"taxonomy":"product_tag","embeddable":true,"href":"https:\/\/aoxuancnc.com\/es\/wp-json\/wp\/v2\/product_tag?post=244"}],"curies":[{"name":"wp","href":"https:\/\/api.w.org\/{rel}","templated":true}]}}