{"id":273,"date":"2025-08-28T08:36:11","date_gmt":"2025-08-28T08:36:11","guid":{"rendered":"https:\/\/aoxuancnc.com\/?post_type=product&#038;p=273"},"modified":"2025-10-08T01:43:05","modified_gmt":"2025-10-08T01:43:05","slug":"qc11y-41600mm-small-nc-hydraulic-guillotine-shearing-machine-with-estun-e21s-%e5%a4%8d%e5%88%b6","status":"publish","type":"product","link":"https:\/\/aoxuancnc.com\/es\/producto\/qc11y-41600mm-small-nc-hydraulic-guillotine-shearing-machine-with-estun-e21s-%e5%a4%8d%e5%88%b6\/","title":{"rendered":"Prensa plegadora el\u00e9ctrica CNC de alta eficiencia y ahorro de energ\u00eda, 12T600MM, con sistema ECO-10ES"},"content":{"rendered":"<p><strong>Ventajas:<\/strong><br \/>\nLas prensas plegadoras servoel\u00e9ctricas ofrecen las ventajas de una alta aceleraci\u00f3n, desaceleraci\u00f3n y tiempos de respuesta r\u00e1pidos gracias a sus sistemas de accionamiento servoel\u00e9ctrico. En comparaci\u00f3n con las prensas plegadoras convencionales, pueden lograr mejoras sustanciales de productividad; reducir los tiempos de ciclo en hasta 301 TP3T o m\u00e1s es una posibilidad realista.<\/p>\n<p><img loading=\"lazy\" decoding=\"async\" class=\"alignnone wp-image-281 size-medium\" src=\"https:\/\/aoxuancnc.com\/wp-content\/uploads\/2025\/08\/pure-electric-press-brake-7-500x375.jpg\" alt=\"\" width=\"500\" height=\"375\" \/><\/p>\n<p><strong>Caracter\u00edsticas principales:<\/strong><br \/>\n\u2022 Mini prensa plegadora CNC, 6-18 toneladas<br \/>\n\u2022 La tecnolog\u00eda de accionamiento por servomotor dual proporciona resultados de doblado de alta precisi\u00f3n.<br \/>\n\u2022 Accionamiento el\u00e9ctrico 100%, no requiere lubricaci\u00f3n.<br \/>\n\u2022 Consumo energ\u00e9tico hasta 50% menor en comparaci\u00f3n con las prensas plegadoras hidr\u00e1ulicas.<br \/>\n\u2022 35% mayor velocidad en comparaci\u00f3n con las prensas plegadoras hidr\u00e1ulicas.<br \/>\n\u2022 Alta eficiencia y precisi\u00f3n.<br \/>\n\u2022 R\u00e1pida velocidad de doblado y bajo nivel de ruido.<br \/>\n\u2022 Consiga la longitud de curvatura completa entre los marcos laterales.<br \/>\n\u2022 Bajos costos de mantenimiento.<br \/>\n\u2022 Respetuoso con el medio ambiente.<br \/>\n\u2022 Interfaz f\u00e1cil de usar.<\/p>\n<p><img loading=\"lazy\" decoding=\"async\" class=\"alignnone size-medium wp-image-277\" src=\"https:\/\/aoxuancnc.com\/wp-content\/uploads\/2025\/08\/pure-electric-press-brake-3-500x375.jpg\" alt=\"\" width=\"500\" height=\"375\" srcset=\"https:\/\/aoxuancnc.com\/wp-content\/uploads\/2025\/08\/pure-electric-press-brake-3-500x375.jpg 500w, https:\/\/aoxuancnc.com\/wp-content\/uploads\/2025\/08\/pure-electric-press-brake-3-1200x900.jpg 1200w, https:\/\/aoxuancnc.com\/wp-content\/uploads\/2025\/08\/pure-electric-press-brake-3-300x225.jpg 300w, https:\/\/aoxuancnc.com\/wp-content\/uploads\/2025\/08\/pure-electric-press-brake-3-768x576.jpg 768w, https:\/\/aoxuancnc.com\/wp-content\/uploads\/2025\/08\/pure-electric-press-brake-3-1536x1152.jpg 1536w, https:\/\/aoxuancnc.com\/wp-content\/uploads\/2025\/08\/pure-electric-press-brake-3-2048x1536.jpg 2048w, https:\/\/aoxuancnc.com\/wp-content\/uploads\/2025\/08\/pure-electric-press-brake-3-16x12.jpg 16w, https:\/\/aoxuancnc.com\/wp-content\/uploads\/2025\/08\/pure-electric-press-brake-3-100x75.jpg 100w, https:\/\/aoxuancnc.com\/wp-content\/uploads\/2025\/08\/pure-electric-press-brake-3-960x720.jpg 960w, https:\/\/aoxuancnc.com\/wp-content\/uploads\/2025\/08\/pure-electric-press-brake-3-480x360.jpg 480w, https:\/\/aoxuancnc.com\/wp-content\/uploads\/2025\/08\/pure-electric-press-brake-3-800x600.jpg 800w\" sizes=\"auto, (max-width:767px) 480px, 500px\" \/><\/p>\n<p><strong>Par\u00e1metro:<\/strong><\/p>\n<p><img loading=\"lazy\" decoding=\"async\" class=\"alignnone size-medium wp-image-284\" src=\"https:\/\/aoxuancnc.com\/wp-content\/uploads\/2025\/08\/pure-500x197.jpg\" alt=\"\" width=\"500\" height=\"197\" srcset=\"https:\/\/aoxuancnc.com\/wp-content\/uploads\/2025\/08\/pure-500x197.jpg 500w, https:\/\/aoxuancnc.com\/wp-content\/uploads\/2025\/08\/pure-300x118.jpg 300w, https:\/\/aoxuancnc.com\/wp-content\/uploads\/2025\/08\/pure-18x7.jpg 18w, https:\/\/aoxuancnc.com\/wp-content\/uploads\/2025\/08\/pure-150x59.jpg 150w, https:\/\/aoxuancnc.com\/wp-content\/uploads\/2025\/08\/pure-480x190.jpg 480w, https:\/\/aoxuancnc.com\/wp-content\/uploads\/2025\/08\/pure.jpg 752w\" sizes=\"auto, (max-width:767px) 480px, 500px\" \/><\/p>\n<p><strong>Moldes<\/strong><br \/>\nPersonalizable para adaptarse a su producto<br \/>\n<strong>Abrazaderas r\u00e1pidas<\/strong><br \/>\nCambios r\u00e1pidos de molde<\/p>\n<p><img loading=\"lazy\" decoding=\"async\" class=\"alignnone size-medium wp-image-279\" src=\"https:\/\/aoxuancnc.com\/wp-content\/uploads\/2025\/08\/pure-electric-press-brake-5-500x375.jpg\" alt=\"\" width=\"500\" height=\"375\" srcset=\"https:\/\/aoxuancnc.com\/wp-content\/uploads\/2025\/08\/pure-electric-press-brake-5-500x375.jpg 500w, https:\/\/aoxuancnc.com\/wp-content\/uploads\/2025\/08\/pure-electric-press-brake-5-1200x900.jpg 1200w, https:\/\/aoxuancnc.com\/wp-content\/uploads\/2025\/08\/pure-electric-press-brake-5-300x225.jpg 300w, https:\/\/aoxuancnc.com\/wp-content\/uploads\/2025\/08\/pure-electric-press-brake-5-768x576.jpg 768w, https:\/\/aoxuancnc.com\/wp-content\/uploads\/2025\/08\/pure-electric-press-brake-5-1536x1152.jpg 1536w, https:\/\/aoxuancnc.com\/wp-content\/uploads\/2025\/08\/pure-electric-press-brake-5-2048x1536.jpg 2048w, https:\/\/aoxuancnc.com\/wp-content\/uploads\/2025\/08\/pure-electric-press-brake-5-16x12.jpg 16w, https:\/\/aoxuancnc.com\/wp-content\/uploads\/2025\/08\/pure-electric-press-brake-5-100x75.jpg 100w, https:\/\/aoxuancnc.com\/wp-content\/uploads\/2025\/08\/pure-electric-press-brake-5-960x720.jpg 960w, https:\/\/aoxuancnc.com\/wp-content\/uploads\/2025\/08\/pure-electric-press-brake-5-480x360.jpg 480w, https:\/\/aoxuancnc.com\/wp-content\/uploads\/2025\/08\/pure-electric-press-brake-5-800x600.jpg 800w\" sizes=\"auto, (max-width:767px) 480px, 500px\" \/><\/p>\n<p><img loading=\"lazy\" decoding=\"async\" class=\"alignnone size-medium wp-image-278\" src=\"https:\/\/aoxuancnc.com\/wp-content\/uploads\/2025\/08\/pure-electric-press-brake-4-500x375.jpg\" alt=\"\" width=\"500\" height=\"375\" srcset=\"https:\/\/aoxuancnc.com\/wp-content\/uploads\/2025\/08\/pure-electric-press-brake-4-500x375.jpg 500w, https:\/\/aoxuancnc.com\/wp-content\/uploads\/2025\/08\/pure-electric-press-brake-4-1200x900.jpg 1200w, https:\/\/aoxuancnc.com\/wp-content\/uploads\/2025\/08\/pure-electric-press-brake-4-300x225.jpg 300w, https:\/\/aoxuancnc.com\/wp-content\/uploads\/2025\/08\/pure-electric-press-brake-4-768x576.jpg 768w, https:\/\/aoxuancnc.com\/wp-content\/uploads\/2025\/08\/pure-electric-press-brake-4-1536x1152.jpg 1536w, https:\/\/aoxuancnc.com\/wp-content\/uploads\/2025\/08\/pure-electric-press-brake-4-2048x1536.jpg 2048w, https:\/\/aoxuancnc.com\/wp-content\/uploads\/2025\/08\/pure-electric-press-brake-4-16x12.jpg 16w, https:\/\/aoxuancnc.com\/wp-content\/uploads\/2025\/08\/pure-electric-press-brake-4-100x75.jpg 100w, https:\/\/aoxuancnc.com\/wp-content\/uploads\/2025\/08\/pure-electric-press-brake-4-960x720.jpg 960w, https:\/\/aoxuancnc.com\/wp-content\/uploads\/2025\/08\/pure-electric-press-brake-4-480x360.jpg 480w, https:\/\/aoxuancnc.com\/wp-content\/uploads\/2025\/08\/pure-electric-press-brake-4-800x600.jpg 800w\" sizes=\"auto, (max-width:767px) 480px, 500px\" \/><\/p>\n<p><strong>Para m\u00e1s informaci\u00f3n por favor cont\u00e1ctame ~*^-^*<\/strong><\/p>\n<p>&nbsp;<\/p>","protected":false},"excerpt":{"rendered":"<p><strong>Detalles del producto<\/strong><br \/>\nLugar de origen: China<br \/>\nMarca: AOXUANZG<br \/>\nCertificaci\u00f3n: CE<br \/>\nN\u00famero de modelo: EP-1206<\/p>\n<p><strong>Condiciones de pago y env\u00edo<\/strong><br \/>\nCantidad m\u00ednima de pedido: 1 juego<br \/>\nPrecio: $7400-9000\/unidad<br \/>\nDetalles del embalaje: embalaje de exportaci\u00f3n est\u00e1ndar<br \/>\nPlazo de entrega: 30 d\u00edas<br \/>\nCondiciones de pago: L\/C, T\/T, Western Union, MoneyGram<br \/>\nCapacidad de suministro: 50 juegos\/a\u00f1o<\/p>","protected":false},"featured_media":282,"template":"","meta":[],"product_brand":[21],"product_cat":[4],"product_tag":[31,30,29],"class_list":{"0":"post-273","1":"product","2":"type-product","3":"status-publish","4":"has-post-thumbnail","6":"product_brand-aoxuanzg","7":"product_cat-pure-electric-press-brake","8":"product_tag-electric-servo-motor-bending-machine","9":"product_tag-electric-servo-motor-press-brake","10":"product_tag-pure-electric-press-brake","12":"first","13":"instock","14":"featured","15":"shipping-taxable","16":"product-type-external"},"yoast_head":"<!-- This site is optimized with the Yoast SEO plugin v24.9 - https:\/\/yoast.com\/wordpress\/plugins\/seo\/ -->\n<title>High Efficiency CNC Energy Saving Pure Electric Press Brake 12T600MM with ECO-10ES System - AOXUANZG<\/title>\n<meta name=\"robots\" content=\"index, follow, max-snippet:-1, max-image-preview:large, max-video-preview:-1\" \/>\n<link rel=\"canonical\" href=\"https:\/\/aoxuancnc.com\/es\/producto\/qc11y-41600mm-small-nc-hydraulic-guillotine-shearing-machine-with-estun-e21s-\u590d\u5236\/\" \/>\n<meta property=\"og:locale\" content=\"es_ES\" \/>\n<meta property=\"og:type\" content=\"article\" \/>\n<meta property=\"og:title\" content=\"High Efficiency CNC Energy Saving Pure Electric Press Brake 12T600MM with ECO-10ES System - AOXUANZG\" \/>\n<meta property=\"og:description\" content=\"Product Details Place of Origin: China Brand Name: AOXUANZG Certification: CE Model Number: EP-1206  Payment &amp; Shipping Terms Minimum Order Quantity: 1 Set Price: $7400-9000\/unit Packaging Details: Standard export packing Delivery time: 30 days Payment Terms: L\/C, T\/T, Western Union, MoneyGram Supply Ability: 50 sets\/Year\" \/>\n<meta property=\"og:url\" content=\"https:\/\/aoxuancnc.com\/es\/producto\/qc11y-41600mm-small-nc-hydraulic-guillotine-shearing-machine-with-estun-e21s-\u590d\u5236\/\" \/>\n<meta property=\"og:site_name\" content=\"AOXUANZG\" \/>\n<meta property=\"article:modified_time\" content=\"2025-10-08T01:43:05+00:00\" \/>\n<meta property=\"og:image\" content=\"https:\/\/aoxuancnc.com\/wp-content\/uploads\/2025\/08\/pure-electric-press-brake-8.jpg\" \/>\n\t<meta property=\"og:image:width\" content=\"800\" \/>\n\t<meta property=\"og:image:height\" content=\"800\" \/>\n\t<meta property=\"og:image:type\" content=\"image\/jpeg\" \/>\n<meta name=\"twitter:card\" content=\"summary_large_image\" \/>\n<meta name=\"twitter:label1\" content=\"Tiempo de lectura\" \/>\n\t<meta name=\"twitter:data1\" content=\"2 minutos\" \/>\n<script type=\"application\/ld+json\" class=\"yoast-schema-graph\">{\"@context\":\"https:\/\/schema.org\",\"@graph\":[{\"@type\":\"WebPage\",\"@id\":\"https:\/\/aoxuancnc.com\/ar\/product\/qc11y-41600mm-small-nc-hydraulic-guillotine-shearing-machine-with-estun-e21s-%e5%a4%8d%e5%88%b6\/\",\"url\":\"https:\/\/aoxuancnc.com\/ar\/product\/qc11y-41600mm-small-nc-hydraulic-guillotine-shearing-machine-with-estun-e21s-%e5%a4%8d%e5%88%b6\/\",\"name\":\"High Efficiency CNC Energy Saving Pure Electric Press Brake 12T600MM with ECO-10ES System - AOXUANZG\",\"isPartOf\":{\"@id\":\"http:\/\/aoxuancnc.com\/#website\"},\"primaryImageOfPage\":{\"@id\":\"https:\/\/aoxuancnc.com\/ar\/product\/qc11y-41600mm-small-nc-hydraulic-guillotine-shearing-machine-with-estun-e21s-%e5%a4%8d%e5%88%b6\/#primaryimage\"},\"image\":{\"@id\":\"https:\/\/aoxuancnc.com\/ar\/product\/qc11y-41600mm-small-nc-hydraulic-guillotine-shearing-machine-with-estun-e21s-%e5%a4%8d%e5%88%b6\/#primaryimage\"},\"thumbnailUrl\":\"https:\/\/aoxuancnc.com\/wp-content\/uploads\/2025\/08\/pure-electric-press-brake-8.jpg\",\"datePublished\":\"2025-08-28T08:36:11+00:00\",\"dateModified\":\"2025-10-08T01:43:05+00:00\",\"breadcrumb\":{\"@id\":\"https:\/\/aoxuancnc.com\/ar\/product\/qc11y-41600mm-small-nc-hydraulic-guillotine-shearing-machine-with-estun-e21s-%e5%a4%8d%e5%88%b6\/#breadcrumb\"},\"inLanguage\":\"es\",\"potentialAction\":[{\"@type\":\"ReadAction\",\"target\":[\"https:\/\/aoxuancnc.com\/ar\/product\/qc11y-41600mm-small-nc-hydraulic-guillotine-shearing-machine-with-estun-e21s-%e5%a4%8d%e5%88%b6\/\"]}]},{\"@type\":\"ImageObject\",\"inLanguage\":\"es\",\"@id\":\"https:\/\/aoxuancnc.com\/ar\/product\/qc11y-41600mm-small-nc-hydraulic-guillotine-shearing-machine-with-estun-e21s-%e5%a4%8d%e5%88%b6\/#primaryimage\",\"url\":\"https:\/\/aoxuancnc.com\/wp-content\/uploads\/2025\/08\/pure-electric-press-brake-8.jpg\",\"contentUrl\":\"https:\/\/aoxuancnc.com\/wp-content\/uploads\/2025\/08\/pure-electric-press-brake-8.jpg\",\"width\":800,\"height\":800},{\"@type\":\"BreadcrumbList\",\"@id\":\"https:\/\/aoxuancnc.com\/ar\/product\/qc11y-41600mm-small-nc-hydraulic-guillotine-shearing-machine-with-estun-e21s-%e5%a4%8d%e5%88%b6\/#breadcrumb\",\"itemListElement\":[{\"@type\":\"ListItem\",\"position\":1,\"name\":\"\u9996\u9875\",\"item\":\"http:\/\/aoxuancnc.com\/\"},{\"@type\":\"ListItem\",\"position\":2,\"name\":\"Product\",\"item\":\"https:\/\/aoxuancnc.com\/ru\/product\/\"},{\"@type\":\"ListItem\",\"position\":3,\"name\":\"High Efficiency CNC Energy Saving Pure Electric Press Brake 12T600MM with ECO-10ES System\"}]},{\"@type\":\"WebSite\",\"@id\":\"http:\/\/aoxuancnc.com\/#website\",\"url\":\"http:\/\/aoxuancnc.com\/\",\"name\":\"AOXUANZG\",\"description\":\"Anhui Aoxuan Heavy Industry Machine Co., Ltd\",\"potentialAction\":[{\"@type\":\"SearchAction\",\"target\":{\"@type\":\"EntryPoint\",\"urlTemplate\":\"http:\/\/aoxuancnc.com\/?s={search_term_string}\"},\"query-input\":{\"@type\":\"PropertyValueSpecification\",\"valueRequired\":true,\"valueName\":\"search_term_string\"}}],\"inLanguage\":\"es\"}]}<\/script>\n<!-- \/ Yoast SEO plugin. -->","yoast_head_json":{"title":"High Efficiency CNC Energy Saving Pure Electric Press Brake 12T600MM with ECO-10ES System - AOXUANZG","robots":{"index":"index","follow":"follow","max-snippet":"max-snippet:-1","max-image-preview":"max-image-preview:large","max-video-preview":"max-video-preview:-1"},"canonical":"https:\/\/aoxuancnc.com\/es\/producto\/qc11y-41600mm-small-nc-hydraulic-guillotine-shearing-machine-with-estun-e21s-\u590d\u5236\/","og_locale":"es_ES","og_type":"article","og_title":"High Efficiency CNC Energy Saving Pure Electric Press Brake 12T600MM with ECO-10ES System - AOXUANZG","og_description":"Product Details Place of Origin: China Brand Name: AOXUANZG Certification: CE Model Number: EP-1206  Payment &amp; Shipping Terms Minimum Order Quantity: 1 Set Price: $7400-9000\/unit Packaging Details: Standard export packing Delivery time: 30 days Payment Terms: L\/C, T\/T, Western Union, MoneyGram Supply Ability: 50 sets\/Year","og_url":"https:\/\/aoxuancnc.com\/es\/producto\/qc11y-41600mm-small-nc-hydraulic-guillotine-shearing-machine-with-estun-e21s-\u590d\u5236\/","og_site_name":"AOXUANZG","article_modified_time":"2025-10-08T01:43:05+00:00","og_image":[{"width":800,"height":800,"url":"https:\/\/aoxuancnc.com\/wp-content\/uploads\/2025\/08\/pure-electric-press-brake-8.jpg","type":"image\/jpeg"}],"twitter_card":"summary_large_image","twitter_misc":{"Tiempo de lectura":"2 minutos"},"schema":{"@context":"https:\/\/schema.org","@graph":[{"@type":"WebPage","@id":"https:\/\/aoxuancnc.com\/ar\/product\/qc11y-41600mm-small-nc-hydraulic-guillotine-shearing-machine-with-estun-e21s-%e5%a4%8d%e5%88%b6\/","url":"https:\/\/aoxuancnc.com\/ar\/product\/qc11y-41600mm-small-nc-hydraulic-guillotine-shearing-machine-with-estun-e21s-%e5%a4%8d%e5%88%b6\/","name":"High Efficiency CNC Energy Saving Pure Electric Press Brake 12T600MM with ECO-10ES System - AOXUANZG","isPartOf":{"@id":"http:\/\/aoxuancnc.com\/#website"},"primaryImageOfPage":{"@id":"https:\/\/aoxuancnc.com\/ar\/product\/qc11y-41600mm-small-nc-hydraulic-guillotine-shearing-machine-with-estun-e21s-%e5%a4%8d%e5%88%b6\/#primaryimage"},"image":{"@id":"https:\/\/aoxuancnc.com\/ar\/product\/qc11y-41600mm-small-nc-hydraulic-guillotine-shearing-machine-with-estun-e21s-%e5%a4%8d%e5%88%b6\/#primaryimage"},"thumbnailUrl":"https:\/\/aoxuancnc.com\/wp-content\/uploads\/2025\/08\/pure-electric-press-brake-8.jpg","datePublished":"2025-08-28T08:36:11+00:00","dateModified":"2025-10-08T01:43:05+00:00","breadcrumb":{"@id":"https:\/\/aoxuancnc.com\/ar\/product\/qc11y-41600mm-small-nc-hydraulic-guillotine-shearing-machine-with-estun-e21s-%e5%a4%8d%e5%88%b6\/#breadcrumb"},"inLanguage":"es","potentialAction":[{"@type":"ReadAction","target":["https:\/\/aoxuancnc.com\/ar\/product\/qc11y-41600mm-small-nc-hydraulic-guillotine-shearing-machine-with-estun-e21s-%e5%a4%8d%e5%88%b6\/"]}]},{"@type":"ImageObject","inLanguage":"es","@id":"https:\/\/aoxuancnc.com\/ar\/product\/qc11y-41600mm-small-nc-hydraulic-guillotine-shearing-machine-with-estun-e21s-%e5%a4%8d%e5%88%b6\/#primaryimage","url":"https:\/\/aoxuancnc.com\/wp-content\/uploads\/2025\/08\/pure-electric-press-brake-8.jpg","contentUrl":"https:\/\/aoxuancnc.com\/wp-content\/uploads\/2025\/08\/pure-electric-press-brake-8.jpg","width":800,"height":800},{"@type":"BreadcrumbList","@id":"https:\/\/aoxuancnc.com\/ar\/product\/qc11y-41600mm-small-nc-hydraulic-guillotine-shearing-machine-with-estun-e21s-%e5%a4%8d%e5%88%b6\/#breadcrumb","itemListElement":[{"@type":"ListItem","position":1,"name":"\u9996\u9875","item":"http:\/\/aoxuancnc.com\/"},{"@type":"ListItem","position":2,"name":"Product","item":"https:\/\/aoxuancnc.com\/ru\/product\/"},{"@type":"ListItem","position":3,"name":"High Efficiency CNC Energy Saving Pure Electric Press Brake 12T600MM with ECO-10ES System"}]},{"@type":"WebSite","@id":"http:\/\/aoxuancnc.com\/#website","url":"http:\/\/aoxuancnc.com\/","name":"AOXUANZG","description":"Anhui Aoxuan Heavy Industry Machine Co., Ltd","potentialAction":[{"@type":"SearchAction","target":{"@type":"EntryPoint","urlTemplate":"http:\/\/aoxuancnc.com\/?s={search_term_string}"},"query-input":{"@type":"PropertyValueSpecification","valueRequired":true,"valueName":"search_term_string"}}],"inLanguage":"es"}]}},"_links":{"self":[{"href":"https:\/\/aoxuancnc.com\/es\/wp-json\/wp\/v2\/product\/273","targetHints":{"allow":["GET"]}}],"collection":[{"href":"https:\/\/aoxuancnc.com\/es\/wp-json\/wp\/v2\/product"}],"about":[{"href":"https:\/\/aoxuancnc.com\/es\/wp-json\/wp\/v2\/types\/product"}],"wp:featuredmedia":[{"embeddable":true,"href":"https:\/\/aoxuancnc.com\/es\/wp-json\/wp\/v2\/media\/282"}],"wp:attachment":[{"href":"https:\/\/aoxuancnc.com\/es\/wp-json\/wp\/v2\/media?parent=273"}],"wp:term":[{"taxonomy":"product_brand","embeddable":true,"href":"https:\/\/aoxuancnc.com\/es\/wp-json\/wp\/v2\/product_brand?post=273"},{"taxonomy":"product_cat","embeddable":true,"href":"https:\/\/aoxuancnc.com\/es\/wp-json\/wp\/v2\/product_cat?post=273"},{"taxonomy":"product_tag","embeddable":true,"href":"https:\/\/aoxuancnc.com\/es\/wp-json\/wp\/v2\/product_tag?post=273"}],"curies":[{"name":"wp","href":"https:\/\/api.w.org\/{rel}","templated":true}]}}