{"id":295,"date":"2025-08-29T06:21:28","date_gmt":"2025-08-29T06:21:28","guid":{"rendered":"https:\/\/aoxuancnc.com\/?post_type=product&#038;p=295"},"modified":"2025-09-17T07:05:03","modified_gmt":"2025-09-17T07:05:03","slug":"high-efficiency-energy-saving-servo-main-motor-160t4000mm-cnc-electro-hydraulic-press-brake-with-da69t-81-axis","status":"publish","type":"product","link":"https:\/\/aoxuancnc.com\/es\/producto\/high-efficiency-energy-saving-servo-main-motor-160t4000mm-cnc-electro-hydraulic-press-brake-with-da69t-81-axis\/","title":{"rendered":"Servomotor principal de alta eficiencia y ahorro de energ\u00eda 160T4000MM CNC prensa plegadora electrohidr\u00e1ulica con eje DA69T 8+1"},"content":{"rendered":"<p><strong>La prensa plegadora es una m\u00e1quina capaz de doblar placas, que tiene un amplio rango de aplicaciones y usos:<\/strong><br \/>\n1. En la industria de la energ\u00eda el\u00e9ctrica, la cizalladora puede cortar las placas en diferentes tama\u00f1os y luego procesarlas nuevamente a trav\u00e9s de la prensa plegadora, como carcasas de computadoras, gabinetes el\u00e9ctricos, carcasas de aire acondicionado de refrigerador, etc., todos se fabrican de esta manera;<br \/>\n2. En la industria de la decoraci\u00f3n, las cizallas CNC de alta velocidad se utilizan ampliamente, generalmente junto con la prensa plegadora CNC, para completar la producci\u00f3n de placas de acero inoxidable, puertas y ventanas, y la decoraci\u00f3n en algunos lugares especiales;<br \/>\n3. En la industria automotriz y de construcci\u00f3n naval, generalmente se utilizan cizallas hidr\u00e1ulicas CNC de gran escala, principalmente para completar el trabajo de cizallamiento de la placa y luego realizar el procesamiento secundario, como soldadura, doblado, etc.;<br \/>\n4. En la industria de la cocina y la restauraci\u00f3n, los utensilios de cocina de acero inoxidable de diversas variedades y especificaciones se someten a un procesamiento secundario, como soldadura, doblado, etc.;<br \/>\n5. En la industria aeroespacial, generalmente se requiere alta precisi\u00f3n y se pueden seleccionar cizallas CNC y prensas plegadoras de alta precisi\u00f3n, que son precisas y eficientes;<br \/>\n6. En la industria de comunicaciones de energ\u00eda e\u00f3lica, se doblan postes de generaci\u00f3n de energ\u00eda e\u00f3lica, postes de alumbrado p\u00fablico, postes de torres de comunicaci\u00f3n, postes de sem\u00e1foros, postes de se\u00f1ales de tr\u00e1fico, postes de monitoreo, etc.<\/p>\n<p><img loading=\"lazy\" decoding=\"async\" class=\"alignnone wp-image-297 size-full\" src=\"https:\/\/aoxuancnc.com\/wp-content\/uploads\/2025\/08\/CNC-Press-brake-with-DA69T-3.jpg\" alt=\"\" width=\"800\" height=\"637\" srcset=\"https:\/\/aoxuancnc.com\/wp-content\/uploads\/2025\/08\/CNC-Press-brake-with-DA69T-3.jpg 800w, https:\/\/aoxuancnc.com\/wp-content\/uploads\/2025\/08\/CNC-Press-brake-with-DA69T-3-500x398.jpg 500w, https:\/\/aoxuancnc.com\/wp-content\/uploads\/2025\/08\/CNC-Press-brake-with-DA69T-3-300x239.jpg 300w, https:\/\/aoxuancnc.com\/wp-content\/uploads\/2025\/08\/CNC-Press-brake-with-DA69T-3-768x612.jpg 768w, https:\/\/aoxuancnc.com\/wp-content\/uploads\/2025\/08\/CNC-Press-brake-with-DA69T-3-15x12.jpg 15w, https:\/\/aoxuancnc.com\/wp-content\/uploads\/2025\/08\/CNC-Press-brake-with-DA69T-3-94x75.jpg 94w, https:\/\/aoxuancnc.com\/wp-content\/uploads\/2025\/08\/CNC-Press-brake-with-DA69T-3-480x382.jpg 480w\" sizes=\"auto, (max-width:767px) 480px, (max-width:800px) 100vw, 800px\" \/><\/p>\n<p>Prensa plegadora: 160T 4000 mm<br \/>\nControlador: Delem DA69T<br \/>\nEje: 8+1 ejes (Y1, Y2, Z1, Z2, X1, X2, R1, R2, +compensaci\u00f3n)<br \/>\nAbrazadera: Abrazadera r\u00e1pida<br \/>\nTroquel: punz\u00f3n superior est\u00e1ndar, troquel inferior de matriz est\u00e1ndar y troquel personalizado (opcional)<br \/>\nHusillo de bolas y gu\u00eda lineal: HIWIN, Taiw\u00e1n<br \/>\nV\u00e1lvula hidr\u00e1ulica: Rexroth, Alemania<br \/>\nRegla de rejilla: GIVI Italia<br \/>\nConector de tuber\u00eda: EMB, Alemania<br \/>\nMotor principal:Servomotor (opcional)<br \/>\nElectricidad: Schneider, Francia<br \/>\nBomba hidr\u00e1ulica: SUNNY, EE. UU.<br \/>\nInterruptor de pie: Karcon, Corea del Sur<br \/>\nDedo de tope CNC con doble viga gu\u00eda lineal<br \/>\nBrazo de soporte de placa: m\u00f3vil<br \/>\nProtecci\u00f3n contra sobrecargas hidr\u00e1ulicas y el\u00e9ctricas<br \/>\nValla: Barandilla derecha e izquierda $ trasera (opcional)<\/p>\n<p><img loading=\"lazy\" decoding=\"async\" class=\"alignnone wp-image-302 size-full\" src=\"https:\/\/aoxuancnc.com\/wp-content\/uploads\/2025\/08\/CNC-Press-brake-with-DA69T-8.jpg\" alt=\"\" width=\"800\" height=\"600\" srcset=\"https:\/\/aoxuancnc.com\/wp-content\/uploads\/2025\/08\/CNC-Press-brake-with-DA69T-8.jpg 800w, https:\/\/aoxuancnc.com\/wp-content\/uploads\/2025\/08\/CNC-Press-brake-with-DA69T-8-500x375.jpg 500w, https:\/\/aoxuancnc.com\/wp-content\/uploads\/2025\/08\/CNC-Press-brake-with-DA69T-8-300x225.jpg 300w, https:\/\/aoxuancnc.com\/wp-content\/uploads\/2025\/08\/CNC-Press-brake-with-DA69T-8-768x576.jpg 768w, https:\/\/aoxuancnc.com\/wp-content\/uploads\/2025\/08\/CNC-Press-brake-with-DA69T-8-16x12.jpg 16w, https:\/\/aoxuancnc.com\/wp-content\/uploads\/2025\/08\/CNC-Press-brake-with-DA69T-8-100x75.jpg 100w, https:\/\/aoxuancnc.com\/wp-content\/uploads\/2025\/08\/CNC-Press-brake-with-DA69T-8-480x360.jpg 480w\" sizes=\"auto, (max-width:767px) 480px, (max-width:800px) 100vw, 800px\" \/><\/p>\n<p><strong>DA69T<\/strong><br \/>\n\u25cf Modo de programaci\u00f3n de pantalla t\u00e1ctil gr\u00e1fica 3D y 2D.<br \/>\n\u25cf Visualizaci\u00f3n 3D en simulaci\u00f3n y producci\u00f3n.<br \/>\n\u25cf TFT en color de alta resoluci\u00f3n de 17\u2033,<br \/>\n\u25cf Paquete completo de aplicaciones para Windows.<br \/>\n\u25cf Compatibilidad con Delem Modusys (escalabilidad y adaptabilidad del m\u00f3dulo).<br \/>\n\u25cf USB, interfaz perif\u00e9rica.<br \/>\n\u25cf Soporte de aplicaciones espec\u00edficas del usuario dentro del entorno multitarea de los controladores.<br \/>\n\u25cfInterfaz de correcci\u00f3n y flexi\u00f3n del sensor.<\/p>\n<p><strong>Par\u00e1metro:<\/strong><\/p>\n<p><img loading=\"lazy\" decoding=\"async\" class=\"alignnone wp-image-305 size-full\" src=\"https:\/\/aoxuancnc.com\/wp-content\/uploads\/2025\/08\/\u5fae\u4fe1\u622a\u56fe_20250829144633.jpg\" alt=\"\" width=\"827\" height=\"811\" srcset=\"https:\/\/aoxuancnc.com\/wp-content\/uploads\/2025\/08\/\u5fae\u4fe1\u622a\u56fe_20250829144633.jpg 827w, https:\/\/aoxuancnc.com\/wp-content\/uploads\/2025\/08\/\u5fae\u4fe1\u622a\u56fe_20250829144633-500x490.jpg 500w, https:\/\/aoxuancnc.com\/wp-content\/uploads\/2025\/08\/\u5fae\u4fe1\u622a\u56fe_20250829144633-300x294.jpg 300w, https:\/\/aoxuancnc.com\/wp-content\/uploads\/2025\/08\/\u5fae\u4fe1\u622a\u56fe_20250829144633-768x753.jpg 768w, https:\/\/aoxuancnc.com\/wp-content\/uploads\/2025\/08\/\u5fae\u4fe1\u622a\u56fe_20250829144633-12x12.jpg 12w, https:\/\/aoxuancnc.com\/wp-content\/uploads\/2025\/08\/\u5fae\u4fe1\u622a\u56fe_20250829144633-76x75.jpg 76w, https:\/\/aoxuancnc.com\/wp-content\/uploads\/2025\/08\/\u5fae\u4fe1\u622a\u56fe_20250829144633-480x471.jpg 480w, https:\/\/aoxuancnc.com\/wp-content\/uploads\/2025\/08\/\u5fae\u4fe1\u622a\u56fe_20250829144633-800x785.jpg 800w\" sizes=\"auto, (max-width:767px) 480px, (max-width:827px) 100vw, 827px\" \/><\/p>\n<p><strong>Moldes<\/strong><br \/>\nPersonalizable para adaptarse a su producto<br \/>\n<strong>Abrazaderas r\u00e1pidas<\/strong><br \/>\nCambios r\u00e1pidos de molde<\/p>\n<p><img loading=\"lazy\" decoding=\"async\" class=\"alignnone wp-image-301 size-full\" src=\"https:\/\/aoxuancnc.com\/wp-content\/uploads\/2025\/08\/CNC-Press-brake-with-DA69T-7.jpg\" alt=\"\" width=\"800\" height=\"600\" srcset=\"https:\/\/aoxuancnc.com\/wp-content\/uploads\/2025\/08\/CNC-Press-brake-with-DA69T-7.jpg 800w, https:\/\/aoxuancnc.com\/wp-content\/uploads\/2025\/08\/CNC-Press-brake-with-DA69T-7-500x375.jpg 500w, https:\/\/aoxuancnc.com\/wp-content\/uploads\/2025\/08\/CNC-Press-brake-with-DA69T-7-300x225.jpg 300w, https:\/\/aoxuancnc.com\/wp-content\/uploads\/2025\/08\/CNC-Press-brake-with-DA69T-7-768x576.jpg 768w, https:\/\/aoxuancnc.com\/wp-content\/uploads\/2025\/08\/CNC-Press-brake-with-DA69T-7-16x12.jpg 16w, https:\/\/aoxuancnc.com\/wp-content\/uploads\/2025\/08\/CNC-Press-brake-with-DA69T-7-100x75.jpg 100w, https:\/\/aoxuancnc.com\/wp-content\/uploads\/2025\/08\/CNC-Press-brake-with-DA69T-7-480x360.jpg 480w\" sizes=\"auto, (max-width:767px) 480px, (max-width:800px) 100vw, 800px\" \/><\/p>\n<p><strong>Tope trasero<\/strong><br \/>\n8 +1 Eje Y1, Y2, Z1, Z2, X1, X2, R1, R2, + coronamiento. Tope trasero CNC, incluidos R1 R2; X1 X2; Z1 Z2, puede moverse hacia arriba y hacia abajo; adelante y atr\u00e1s, izquierda y derecha, el ajuste fino con alta precisi\u00f3n de hasta \u00b1 0,02 mm.<\/p>\n<p><img loading=\"lazy\" decoding=\"async\" class=\"alignnone wp-image-296 size-full\" src=\"https:\/\/aoxuancnc.com\/wp-content\/uploads\/2025\/08\/CNC-Press-brake-with-DA69T-2.jpg\" alt=\"\" width=\"800\" height=\"600\" srcset=\"https:\/\/aoxuancnc.com\/wp-content\/uploads\/2025\/08\/CNC-Press-brake-with-DA69T-2.jpg 800w, https:\/\/aoxuancnc.com\/wp-content\/uploads\/2025\/08\/CNC-Press-brake-with-DA69T-2-500x375.jpg 500w, https:\/\/aoxuancnc.com\/wp-content\/uploads\/2025\/08\/CNC-Press-brake-with-DA69T-2-300x225.jpg 300w, https:\/\/aoxuancnc.com\/wp-content\/uploads\/2025\/08\/CNC-Press-brake-with-DA69T-2-768x576.jpg 768w, https:\/\/aoxuancnc.com\/wp-content\/uploads\/2025\/08\/CNC-Press-brake-with-DA69T-2-16x12.jpg 16w, https:\/\/aoxuancnc.com\/wp-content\/uploads\/2025\/08\/CNC-Press-brake-with-DA69T-2-100x75.jpg 100w, https:\/\/aoxuancnc.com\/wp-content\/uploads\/2025\/08\/CNC-Press-brake-with-DA69T-2-480x360.jpg 480w\" sizes=\"auto, (max-width:767px) 480px, (max-width:800px) 100vw, 800px\" \/><\/p>\n<p><strong>Dispositivo de protecci\u00f3n l\u00e1ser (opcional)<\/strong><br \/>\nPreviene eficazmente el atrapamiento al trabajar en modo r\u00e1pido. Ofrece un buen rendimiento de seguridad y una larga vida \u00fatil.<\/p>\n<p><img loading=\"lazy\" decoding=\"async\" class=\"alignnone wp-image-300 size-full\" src=\"https:\/\/aoxuancnc.com\/wp-content\/uploads\/2025\/08\/CNC-Press-brake-with-DA69T-6.jpg\" alt=\"\" width=\"800\" height=\"600\" srcset=\"https:\/\/aoxuancnc.com\/wp-content\/uploads\/2025\/08\/CNC-Press-brake-with-DA69T-6.jpg 800w, https:\/\/aoxuancnc.com\/wp-content\/uploads\/2025\/08\/CNC-Press-brake-with-DA69T-6-500x375.jpg 500w, https:\/\/aoxuancnc.com\/wp-content\/uploads\/2025\/08\/CNC-Press-brake-with-DA69T-6-300x225.jpg 300w, https:\/\/aoxuancnc.com\/wp-content\/uploads\/2025\/08\/CNC-Press-brake-with-DA69T-6-768x576.jpg 768w, https:\/\/aoxuancnc.com\/wp-content\/uploads\/2025\/08\/CNC-Press-brake-with-DA69T-6-16x12.jpg 16w, https:\/\/aoxuancnc.com\/wp-content\/uploads\/2025\/08\/CNC-Press-brake-with-DA69T-6-100x75.jpg 100w, https:\/\/aoxuancnc.com\/wp-content\/uploads\/2025\/08\/CNC-Press-brake-with-DA69T-6-480x360.jpg 480w\" sizes=\"auto, (max-width:767px) 480px, (max-width:800px) 100vw, 800px\" \/><\/p>\n<p><strong>Para m\u00e1s informaci\u00f3n por favor cont\u00e1ctame ~*^-^*<\/strong><\/p>\n<p>&nbsp;<\/p>","protected":false},"excerpt":{"rendered":"<p><strong>Detalles del producto<\/strong><br \/>\nLugar de origen: China<br \/>\nMarca: AOXUANZG<br \/>\nCertificaci\u00f3n: CE<br \/>\nN\u00famero de modelo: WE67K-160T4000<\/p>\n<p><strong>Condiciones de pago y env\u00edo<\/strong><br \/>\nCantidad m\u00ednima de pedido: 1 juego<br \/>\nPrecio: $48600-50000\/unidad<br \/>\nDetalles del embalaje: embalaje de exportaci\u00f3n est\u00e1ndar<br \/>\nPlazo de entrega: 30 d\u00edas<br \/>\nCondiciones de pago: L\/C, T\/T, Western Union, MoneyGram&amp;amp;amp;amp;amp;amp;amp;amp;amp;amp;amp;amp;amp;amp;amp;amp;amp;lt;br \/&gt;Capacidad de suministro: 50 juegos\/a\u00f1o<\/p>","protected":false},"featured_media":298,"template":"","meta":[],"product_brand":[21],"product_cat":[3],"product_tag":[34,35,33],"class_list":{"0":"post-295","1":"product","2":"type-product","3":"status-publish","4":"has-post-thumbnail","6":"product_brand-aoxuanzg","7":"product_cat-cnc-electro-hydraulic-press-brake","8":"product_tag-cnc-press-brake","9":"product_tag-electro-hydraulic-press-brake","10":"product_tag-servo-press-brake","12":"first","13":"instock","14":"featured","15":"shipping-taxable","16":"product-type-external"},"yoast_head":"<!-- This site is optimized with the Yoast SEO plugin v24.9 - https:\/\/yoast.com\/wordpress\/plugins\/seo\/ -->\n<title>High efficiency energy saving servo main motor 160T4000MM CNC electro-hydraulic press brake with DA69T 8+1 axis - AOXUANZG<\/title>\n<meta name=\"robots\" content=\"index, follow, max-snippet:-1, max-image-preview:large, max-video-preview:-1\" \/>\n<link rel=\"canonical\" href=\"https:\/\/aoxuancnc.com\/es\/producto\/high-efficiency-energy-saving-servo-main-motor-160t4000mm-cnc-electro-hydraulic-press-brake-with-da69t-81-axis\/\" \/>\n<meta property=\"og:locale\" content=\"es_ES\" \/>\n<meta property=\"og:type\" content=\"article\" \/>\n<meta property=\"og:title\" content=\"High efficiency energy saving servo main motor 160T4000MM CNC electro-hydraulic press brake with DA69T 8+1 axis - AOXUANZG\" \/>\n<meta property=\"og:description\" content=\"Product Details Place of Origin: China Brand Name: AOXUANZG Certification: CE Model Number: WE67K-160T4000  Payment &amp; Shipping Terms Minimum Order Quantity: 1 Set Price: $48600-50000\/unit Packaging Details: Standard export packing Delivery time: 30 days Payment Terms: L\/C, T\/T, Western Union, MoneyGram&amp;amp;amp;amp;amp;amp;amp;amp;amp;amp;amp;amp;amp;amp;amp;amp;amp;amp;amp;lt;br \/&gt;Supply Ability: 50 sets\/Year\" \/>\n<meta property=\"og:url\" content=\"https:\/\/aoxuancnc.com\/es\/producto\/high-efficiency-energy-saving-servo-main-motor-160t4000mm-cnc-electro-hydraulic-press-brake-with-da69t-81-axis\/\" \/>\n<meta property=\"og:site_name\" content=\"AOXUANZG\" \/>\n<meta property=\"article:modified_time\" content=\"2025-09-17T07:05:03+00:00\" \/>\n<meta property=\"og:image\" content=\"https:\/\/aoxuancnc.com\/wp-content\/uploads\/2025\/08\/CNC-Press-brake-with-DA69T-4.jpg\" \/>\n\t<meta property=\"og:image:width\" content=\"800\" \/>\n\t<meta property=\"og:image:height\" content=\"800\" \/>\n\t<meta property=\"og:image:type\" content=\"image\/jpeg\" \/>\n<meta name=\"twitter:card\" content=\"summary_large_image\" \/>\n<meta name=\"twitter:label1\" content=\"Tiempo de lectura\" \/>\n\t<meta name=\"twitter:data1\" content=\"4 minutos\" \/>\n<script type=\"application\/ld+json\" class=\"yoast-schema-graph\">{\"@context\":\"https:\/\/schema.org\",\"@graph\":[{\"@type\":\"WebPage\",\"@id\":\"https:\/\/aoxuancnc.com\/product\/high-efficiency-energy-saving-servo-main-motor-160t4000mm-cnc-electro-hydraulic-press-brake-with-da69t-81-axis\/\",\"url\":\"https:\/\/aoxuancnc.com\/product\/high-efficiency-energy-saving-servo-main-motor-160t4000mm-cnc-electro-hydraulic-press-brake-with-da69t-81-axis\/\",\"name\":\"High efficiency energy saving servo main motor 160T4000MM CNC electro-hydraulic press brake with DA69T 8+1 axis - AOXUANZG\",\"isPartOf\":{\"@id\":\"http:\/\/aoxuancnc.com\/#website\"},\"primaryImageOfPage\":{\"@id\":\"https:\/\/aoxuancnc.com\/product\/high-efficiency-energy-saving-servo-main-motor-160t4000mm-cnc-electro-hydraulic-press-brake-with-da69t-81-axis\/#primaryimage\"},\"image\":{\"@id\":\"https:\/\/aoxuancnc.com\/product\/high-efficiency-energy-saving-servo-main-motor-160t4000mm-cnc-electro-hydraulic-press-brake-with-da69t-81-axis\/#primaryimage\"},\"thumbnailUrl\":\"https:\/\/aoxuancnc.com\/wp-content\/uploads\/2025\/08\/CNC-Press-brake-with-DA69T-4.jpg\",\"datePublished\":\"2025-08-29T06:21:28+00:00\",\"dateModified\":\"2025-09-17T07:05:03+00:00\",\"breadcrumb\":{\"@id\":\"https:\/\/aoxuancnc.com\/product\/high-efficiency-energy-saving-servo-main-motor-160t4000mm-cnc-electro-hydraulic-press-brake-with-da69t-81-axis\/#breadcrumb\"},\"inLanguage\":\"es\",\"potentialAction\":[{\"@type\":\"ReadAction\",\"target\":[\"https:\/\/aoxuancnc.com\/product\/high-efficiency-energy-saving-servo-main-motor-160t4000mm-cnc-electro-hydraulic-press-brake-with-da69t-81-axis\/\"]}]},{\"@type\":\"ImageObject\",\"inLanguage\":\"es\",\"@id\":\"https:\/\/aoxuancnc.com\/product\/high-efficiency-energy-saving-servo-main-motor-160t4000mm-cnc-electro-hydraulic-press-brake-with-da69t-81-axis\/#primaryimage\",\"url\":\"https:\/\/aoxuancnc.com\/wp-content\/uploads\/2025\/08\/CNC-Press-brake-with-DA69T-4.jpg\",\"contentUrl\":\"https:\/\/aoxuancnc.com\/wp-content\/uploads\/2025\/08\/CNC-Press-brake-with-DA69T-4.jpg\",\"width\":800,\"height\":800},{\"@type\":\"BreadcrumbList\",\"@id\":\"https:\/\/aoxuancnc.com\/product\/high-efficiency-energy-saving-servo-main-motor-160t4000mm-cnc-electro-hydraulic-press-brake-with-da69t-81-axis\/#breadcrumb\",\"itemListElement\":[{\"@type\":\"ListItem\",\"position\":1,\"name\":\"\u9996\u9875\",\"item\":\"http:\/\/aoxuancnc.com\/\"},{\"@type\":\"ListItem\",\"position\":2,\"name\":\"Product\",\"item\":\"https:\/\/aoxuancnc.com\/ru\/product\/\"},{\"@type\":\"ListItem\",\"position\":3,\"name\":\"High efficiency energy saving servo main motor 160T4000MM CNC electro-hydraulic press brake with DA69T 8+1 axis\"}]},{\"@type\":\"WebSite\",\"@id\":\"http:\/\/aoxuancnc.com\/#website\",\"url\":\"http:\/\/aoxuancnc.com\/\",\"name\":\"AOXUANZG\",\"description\":\"Anhui Aoxuan Heavy Industry Machine Co., Ltd\",\"potentialAction\":[{\"@type\":\"SearchAction\",\"target\":{\"@type\":\"EntryPoint\",\"urlTemplate\":\"http:\/\/aoxuancnc.com\/?s={search_term_string}\"},\"query-input\":{\"@type\":\"PropertyValueSpecification\",\"valueRequired\":true,\"valueName\":\"search_term_string\"}}],\"inLanguage\":\"es\"}]}<\/script>\n<!-- \/ Yoast SEO plugin. -->","yoast_head_json":{"title":"High efficiency energy saving servo main motor 160T4000MM CNC electro-hydraulic press brake with DA69T 8+1 axis - AOXUANZG","robots":{"index":"index","follow":"follow","max-snippet":"max-snippet:-1","max-image-preview":"max-image-preview:large","max-video-preview":"max-video-preview:-1"},"canonical":"https:\/\/aoxuancnc.com\/es\/producto\/high-efficiency-energy-saving-servo-main-motor-160t4000mm-cnc-electro-hydraulic-press-brake-with-da69t-81-axis\/","og_locale":"es_ES","og_type":"article","og_title":"High efficiency energy saving servo main motor 160T4000MM CNC electro-hydraulic press brake with DA69T 8+1 axis - AOXUANZG","og_description":"Product Details Place of Origin: China Brand Name: AOXUANZG Certification: CE Model Number: WE67K-160T4000  Payment &amp; Shipping Terms Minimum Order Quantity: 1 Set Price: $48600-50000\/unit Packaging Details: Standard export packing Delivery time: 30 days Payment Terms: L\/C, T\/T, Western Union, MoneyGram&amp;amp;amp;amp;amp;amp;amp;amp;amp;amp;amp;amp;amp;amp;amp;amp;amp;amp;amp;lt;br \/&gt;Supply Ability: 50 sets\/Year","og_url":"https:\/\/aoxuancnc.com\/es\/producto\/high-efficiency-energy-saving-servo-main-motor-160t4000mm-cnc-electro-hydraulic-press-brake-with-da69t-81-axis\/","og_site_name":"AOXUANZG","article_modified_time":"2025-09-17T07:05:03+00:00","og_image":[{"width":800,"height":800,"url":"https:\/\/aoxuancnc.com\/wp-content\/uploads\/2025\/08\/CNC-Press-brake-with-DA69T-4.jpg","type":"image\/jpeg"}],"twitter_card":"summary_large_image","twitter_misc":{"Tiempo de lectura":"4 minutos"},"schema":{"@context":"https:\/\/schema.org","@graph":[{"@type":"WebPage","@id":"https:\/\/aoxuancnc.com\/product\/high-efficiency-energy-saving-servo-main-motor-160t4000mm-cnc-electro-hydraulic-press-brake-with-da69t-81-axis\/","url":"https:\/\/aoxuancnc.com\/product\/high-efficiency-energy-saving-servo-main-motor-160t4000mm-cnc-electro-hydraulic-press-brake-with-da69t-81-axis\/","name":"High efficiency energy saving servo main motor 160T4000MM CNC electro-hydraulic press brake with DA69T 8+1 axis - AOXUANZG","isPartOf":{"@id":"http:\/\/aoxuancnc.com\/#website"},"primaryImageOfPage":{"@id":"https:\/\/aoxuancnc.com\/product\/high-efficiency-energy-saving-servo-main-motor-160t4000mm-cnc-electro-hydraulic-press-brake-with-da69t-81-axis\/#primaryimage"},"image":{"@id":"https:\/\/aoxuancnc.com\/product\/high-efficiency-energy-saving-servo-main-motor-160t4000mm-cnc-electro-hydraulic-press-brake-with-da69t-81-axis\/#primaryimage"},"thumbnailUrl":"https:\/\/aoxuancnc.com\/wp-content\/uploads\/2025\/08\/CNC-Press-brake-with-DA69T-4.jpg","datePublished":"2025-08-29T06:21:28+00:00","dateModified":"2025-09-17T07:05:03+00:00","breadcrumb":{"@id":"https:\/\/aoxuancnc.com\/product\/high-efficiency-energy-saving-servo-main-motor-160t4000mm-cnc-electro-hydraulic-press-brake-with-da69t-81-axis\/#breadcrumb"},"inLanguage":"es","potentialAction":[{"@type":"ReadAction","target":["https:\/\/aoxuancnc.com\/product\/high-efficiency-energy-saving-servo-main-motor-160t4000mm-cnc-electro-hydraulic-press-brake-with-da69t-81-axis\/"]}]},{"@type":"ImageObject","inLanguage":"es","@id":"https:\/\/aoxuancnc.com\/product\/high-efficiency-energy-saving-servo-main-motor-160t4000mm-cnc-electro-hydraulic-press-brake-with-da69t-81-axis\/#primaryimage","url":"https:\/\/aoxuancnc.com\/wp-content\/uploads\/2025\/08\/CNC-Press-brake-with-DA69T-4.jpg","contentUrl":"https:\/\/aoxuancnc.com\/wp-content\/uploads\/2025\/08\/CNC-Press-brake-with-DA69T-4.jpg","width":800,"height":800},{"@type":"BreadcrumbList","@id":"https:\/\/aoxuancnc.com\/product\/high-efficiency-energy-saving-servo-main-motor-160t4000mm-cnc-electro-hydraulic-press-brake-with-da69t-81-axis\/#breadcrumb","itemListElement":[{"@type":"ListItem","position":1,"name":"\u9996\u9875","item":"http:\/\/aoxuancnc.com\/"},{"@type":"ListItem","position":2,"name":"Product","item":"https:\/\/aoxuancnc.com\/ru\/product\/"},{"@type":"ListItem","position":3,"name":"High efficiency energy saving servo main motor 160T4000MM CNC electro-hydraulic press brake with DA69T 8+1 axis"}]},{"@type":"WebSite","@id":"http:\/\/aoxuancnc.com\/#website","url":"http:\/\/aoxuancnc.com\/","name":"AOXUANZG","description":"Anhui Aoxuan Heavy Industry Machine Co., Ltd","potentialAction":[{"@type":"SearchAction","target":{"@type":"EntryPoint","urlTemplate":"http:\/\/aoxuancnc.com\/?s={search_term_string}"},"query-input":{"@type":"PropertyValueSpecification","valueRequired":true,"valueName":"search_term_string"}}],"inLanguage":"es"}]}},"_links":{"self":[{"href":"https:\/\/aoxuancnc.com\/es\/wp-json\/wp\/v2\/product\/295","targetHints":{"allow":["GET"]}}],"collection":[{"href":"https:\/\/aoxuancnc.com\/es\/wp-json\/wp\/v2\/product"}],"about":[{"href":"https:\/\/aoxuancnc.com\/es\/wp-json\/wp\/v2\/types\/product"}],"wp:featuredmedia":[{"embeddable":true,"href":"https:\/\/aoxuancnc.com\/es\/wp-json\/wp\/v2\/media\/298"}],"wp:attachment":[{"href":"https:\/\/aoxuancnc.com\/es\/wp-json\/wp\/v2\/media?parent=295"}],"wp:term":[{"taxonomy":"product_brand","embeddable":true,"href":"https:\/\/aoxuancnc.com\/es\/wp-json\/wp\/v2\/product_brand?post=295"},{"taxonomy":"product_cat","embeddable":true,"href":"https:\/\/aoxuancnc.com\/es\/wp-json\/wp\/v2\/product_cat?post=295"},{"taxonomy":"product_tag","embeddable":true,"href":"https:\/\/aoxuancnc.com\/es\/wp-json\/wp\/v2\/product_tag?post=295"}],"curies":[{"name":"wp","href":"https:\/\/api.w.org\/{rel}","templated":true}]}}