{"id":317,"date":"2025-08-29T10:08:37","date_gmt":"2025-08-29T10:08:37","guid":{"rendered":"https:\/\/aoxuancnc.com\/?post_type=product&#038;p=317"},"modified":"2025-08-29T10:11:48","modified_gmt":"2025-08-29T10:11:48","slug":"125t-high-cnc-high-precsion-pneumatic-punching-machine","status":"publish","type":"product","link":"https:\/\/aoxuancnc.com\/es\/producto\/125t-high-cnc-high-precsion-pneumatic-punching-machine\/","title":{"rendered":"Punzonadora neum\u00e1tica de alta precisi\u00f3n CNC de 125T"},"content":{"rendered":"<h2><span style=\"color: #333300;\">Prensa punzonadora neum\u00e1tica de alta precisi\u00f3n APA-125T<\/span><\/h2>\n<div id=\"attachment_320\" style=\"width: 1010px\" class=\"wp-caption alignnone\"><img loading=\"lazy\" decoding=\"async\" aria-describedby=\"caption-attachment-320\" class=\"wp-image-320 size-full\" src=\"https:\/\/aoxuancnc.com\/wp-content\/uploads\/2025\/08\/APA-125T-pneuamtic-punch-press-2.jpg\" alt=\"\" width=\"1000\" height=\"562\" srcset=\"https:\/\/aoxuancnc.com\/wp-content\/uploads\/2025\/08\/APA-125T-pneuamtic-punch-press-2.jpg 1000w, https:\/\/aoxuancnc.com\/wp-content\/uploads\/2025\/08\/APA-125T-pneuamtic-punch-press-2-500x281.jpg 500w, https:\/\/aoxuancnc.com\/wp-content\/uploads\/2025\/08\/APA-125T-pneuamtic-punch-press-2-300x169.jpg 300w, https:\/\/aoxuancnc.com\/wp-content\/uploads\/2025\/08\/APA-125T-pneuamtic-punch-press-2-768x432.jpg 768w, https:\/\/aoxuancnc.com\/wp-content\/uploads\/2025\/08\/APA-125T-pneuamtic-punch-press-2-18x10.jpg 18w, https:\/\/aoxuancnc.com\/wp-content\/uploads\/2025\/08\/APA-125T-pneuamtic-punch-press-2-133x75.jpg 133w, https:\/\/aoxuancnc.com\/wp-content\/uploads\/2025\/08\/APA-125T-pneuamtic-punch-press-2-480x270.jpg 480w, https:\/\/aoxuancnc.com\/wp-content\/uploads\/2025\/08\/APA-125T-pneuamtic-punch-press-2-800x450.jpg 800w\" sizes=\"auto, (max-width:767px) 480px, (max-width:1000px) 100vw, 1000px\" \/><p id=\"caption-attachment-320\" class=\"wp-caption-text\">prensa neum\u00e1tica<\/p><\/div>\n<h5><span style=\"color: #333300;\"><strong>La punzonadora neum\u00e1tica de la serie APA es una prensa de precisi\u00f3n vertical con las siguientes caracter\u00edsticas principales:<\/strong><\/span><\/h5>\n<p>Funciones principales<br \/>\n\u200cAccionamiento neum\u00e1tico\u200c: utilizando aire comprimido como fuente de energ\u00eda, el cilindro impulsa la corredera para lograr la acci\u00f3n de perforaci\u00f3n.<\/p>\n<p>\u200cControl CNC\/Manual\u200c: Algunos modelos admiten la operaci\u00f3n CNC con programas de punzonado preestablecidos; los modelos tradicionales utilizan el control manual del recorrido de la corredera.<\/p>\n<p>\u200cAlta precisi\u00f3n\u200c: La precisi\u00f3n de ajuste de la matriz alcanza los 0,1 mm, lo que lo hace adecuado para el procesamiento de piezas met\u00e1licas de precisi\u00f3n.<\/p>\n<p>Aplicaciones<br \/>\nProcesamiento de metales: Adecuado para estampar y formar materiales met\u00e1licos como perfiles de aluminio y acero pl\u00e1stico.<\/p>\n<p>Producci\u00f3n en masa: admite tama\u00f1os de lotes de una unidad, lo que lo hace adecuado para empresas de procesamiento peque\u00f1as y medianas.<\/p>\n<p>Especificaciones t\u00edpicas<br \/>\nTonelaje: Disponible en varios tama\u00f1os, incluidos 60, 80 y 110 toneladas.<\/p>\n<p>\u200cRecorrido\u200c: El recorrido de la corredera var\u00eda de 120 mm a 180 mm.<\/p>\n<p>Profundidad de garganta: Algunos modelos cuentan con un dise\u00f1o de garganta profunda de hasta 1500 mm.<\/p>\n<div id=\"attachment_324\" style=\"width: 1010px\" class=\"wp-caption aligncenter\"><img loading=\"lazy\" decoding=\"async\" aria-describedby=\"caption-attachment-324\" class=\"wp-image-324 size-full\" src=\"https:\/\/aoxuancnc.com\/wp-content\/uploads\/2025\/08\/APA-125T-pneuamtic-punch-press-6.jpg\" alt=\"\" width=\"1000\" height=\"750\" srcset=\"https:\/\/aoxuancnc.com\/wp-content\/uploads\/2025\/08\/APA-125T-pneuamtic-punch-press-6.jpg 1000w, https:\/\/aoxuancnc.com\/wp-content\/uploads\/2025\/08\/APA-125T-pneuamtic-punch-press-6-500x375.jpg 500w, https:\/\/aoxuancnc.com\/wp-content\/uploads\/2025\/08\/APA-125T-pneuamtic-punch-press-6-300x225.jpg 300w, https:\/\/aoxuancnc.com\/wp-content\/uploads\/2025\/08\/APA-125T-pneuamtic-punch-press-6-768x576.jpg 768w, https:\/\/aoxuancnc.com\/wp-content\/uploads\/2025\/08\/APA-125T-pneuamtic-punch-press-6-16x12.jpg 16w, https:\/\/aoxuancnc.com\/wp-content\/uploads\/2025\/08\/APA-125T-pneuamtic-punch-press-6-100x75.jpg 100w, https:\/\/aoxuancnc.com\/wp-content\/uploads\/2025\/08\/APA-125T-pneuamtic-punch-press-6-960x720.jpg 960w, https:\/\/aoxuancnc.com\/wp-content\/uploads\/2025\/08\/APA-125T-pneuamtic-punch-press-6-480x360.jpg 480w, https:\/\/aoxuancnc.com\/wp-content\/uploads\/2025\/08\/APA-125T-pneuamtic-punch-press-6-800x600.jpg 800w\" sizes=\"auto, (max-width:767px) 480px, (max-width:1000px) 100vw, 1000px\" \/><p id=\"caption-attachment-324\" class=\"wp-caption-text\">prensa punzonadora neum\u00e1tica<\/p><\/div>\n<p>&nbsp;<\/p>\n<p><strong>Caracter\u00edsticas principales de la m\u00e1quina herramienta:<\/strong><br \/>\n1) Cuerpo de la m\u00e1quina: Fabricado en acero Q235-B, soldado a partir de placas de acero amarillo met\u00e1lico;<br \/>\n2) Cig\u00fce\u00f1al forjado en acero 40Cr;<br \/>\nDeslizadores ajustados el\u00e9ctricamente por un motor de disco con pantalla digital para ajuste de altura de matriz (ajuste manual para m\u00e1quinas menores de 60T);<br \/>\n3) Los deslizadores utilizan rieles gu\u00eda extendidos hexa\u00e9dricos rectangulares con revestimientos de aleaci\u00f3n resistentes al desgaste para una alta precisi\u00f3n de guiado;<br \/>\n4) El movimiento vertical de los deslizadores es asistido por dos cilindros neum\u00e1ticos, y los manipuladores tambi\u00e9n son accionados por los cilindros;<br \/>\n5) Cojinetes principales (Cojinetes Harbin);<br \/>\n6) Sellos (SOG, NAK);<br \/>\n7) Cilindros (Ningbo Zhenhai Jingmao);<br \/>\n8) Componentes el\u00e9ctricos principales (Schneider);<br \/>\n9) Bomba de reabastecimiento de combustible autom\u00e1tica (Industria de bombas Nanfang de Zhejiang);<br \/>\n10) Embrague seco;<br \/>\n11) Motores de marcas nacionales de alta calidad;<br \/>\n12) PLC (Delta, Taiw\u00e1n);<br \/>\n13) Protecci\u00f3n optoelectr\u00f3nica est\u00e1ndar (Genghao, Guangdong);<br \/>\n14) Protecci\u00f3n de sobrecarga hidr\u00e1ulica est\u00e1ndar (Showa, Jap\u00f3n);<br \/>\n15) Convertidor de frecuencia sinusoidal est\u00e1ndar;<br \/>\n16) Sistema de control est\u00e1ndar (Delta);<br \/>\n17) V\u00e1lvulas duales (Toyoshi, Jap\u00f3n).<\/p>\n<p><img loading=\"lazy\" decoding=\"async\" class=\"alignnone wp-image-327 size-full\" src=\"https:\/\/aoxuancnc.com\/wp-content\/uploads\/2025\/08\/Pneumatic-punch-press-parameters.png\" alt=\"\" width=\"593\" height=\"792\" srcset=\"https:\/\/aoxuancnc.com\/wp-content\/uploads\/2025\/08\/Pneumatic-punch-press-parameters.png 593w, https:\/\/aoxuancnc.com\/wp-content\/uploads\/2025\/08\/Pneumatic-punch-press-parameters-374x500.png 374w, https:\/\/aoxuancnc.com\/wp-content\/uploads\/2025\/08\/Pneumatic-punch-press-parameters-225x300.png 225w, https:\/\/aoxuancnc.com\/wp-content\/uploads\/2025\/08\/Pneumatic-punch-press-parameters-9x12.png 9w, https:\/\/aoxuancnc.com\/wp-content\/uploads\/2025\/08\/Pneumatic-punch-press-parameters-56x75.png 56w, https:\/\/aoxuancnc.com\/wp-content\/uploads\/2025\/08\/Pneumatic-punch-press-parameters-480x641.png 480w\" sizes=\"auto, (max-width:767px) 480px, 593px\" \/><\/p>","protected":false},"excerpt":{"rendered":"<p>1. Precio FOB de Shangh\u00e1i, China<\/p>\n<p>2\u3001Precio v\u00e1lido: dentro de 30 d\u00edas;<\/p>\n<p>3\u3001M\u00e9todo de pago: Cuando se firman el contrato de venta del producto y el acuerdo t\u00e9cnico, se pagar\u00e1 30% del monto total del contrato y 70% del monto total del contrato se pagar\u00e1 en el momento de la entrega mediante T\/T o L\/C.<\/p>\n<p>4\u3001Per\u00edodo de entrega: 30 d\u00edas h\u00e1biles despu\u00e9s de recibir el dep\u00f3sito;<\/p>\n<p>5\u3001Embalaje: embalaje simple, no reciclable;<\/p>","protected":false},"featured_media":318,"template":"","meta":[],"product_brand":[],"product_cat":[6],"product_tag":[40,39,24],"class_list":{"0":"post-317","1":"product","2":"type-product","3":"status-publish","4":"has-post-thumbnail","6":"product_cat-cnc-pneumatic-punching-machine","7":"product_tag-cnc-punching-machine","8":"product_tag-pneumatic-punch-press","9":"product_tag-pneumatic-punching-machine","11":"first","12":"instock","13":"shipping-taxable","14":"product-type-simple"},"yoast_head":"<!-- This site is optimized with the Yoast SEO plugin v24.9 - https:\/\/yoast.com\/wordpress\/plugins\/seo\/ -->\n<title>125T high CNC high precsion pneumatic punching machine - AOXUANZG<\/title>\n<meta name=\"robots\" content=\"index, follow, max-snippet:-1, max-image-preview:large, max-video-preview:-1\" \/>\n<link rel=\"canonical\" href=\"http:\/\/aoxuancnc.com\/es\/producto\/125t-high-cnc-high-precsion-pneumatic-punching-machine\/\" \/>\n<meta property=\"og:locale\" content=\"es_ES\" \/>\n<meta property=\"og:type\" content=\"article\" \/>\n<meta property=\"og:title\" content=\"125T high CNC high precsion pneumatic punching machine - AOXUANZG\" \/>\n<meta property=\"og:description\" content=\"1\u3001Price content FOB Shanghaiprice , China  2\u3001Valid\u00a0price:\u00a0within\u00a030\u00a0days;  3\u3001Payment\u00a0method:\u00a0When\u00a0the\u00a0product sales\u00a0contract\u00a0and technical\u00a0agreement\u00a0are signed,\u00a030%\u00a0of\u00a0the\u00a0total\u00a0amount\u00a0of\u00a0the\u00a0contract\u00a0will\u00a0be\u00a0paid,\u00a0and\u00a070%\u00a0of the\u00a0total\u00a0amount\u00a0of\u00a0the contract will\u00a0be\u00a0paid\u00a0at the\u00a0time\u00a0of\u00a0delivery\u00a0by\u00a0T\/T\u00a0or\u00a0L\/C.  4\u3001Delivery\u00a0period:\u00a030\u00a0working days\u00a0after\u00a0receipt\u00a0the\u00a0deposit;  5\u3001Packing: simple packaging, not recycling;\" \/>\n<meta property=\"og:url\" content=\"http:\/\/aoxuancnc.com\/es\/producto\/125t-high-cnc-high-precsion-pneumatic-punching-machine\/\" \/>\n<meta property=\"og:site_name\" content=\"AOXUANZG\" \/>\n<meta property=\"article:modified_time\" content=\"2025-08-29T10:11:48+00:00\" \/>\n<meta property=\"og:image\" content=\"http:\/\/aoxuancnc.com\/wp-content\/uploads\/2025\/08\/APA-125T-pneuamtic-punch-press-1_\u526f\u672c.jpg\" \/>\n\t<meta property=\"og:image:width\" content=\"1200\" \/>\n\t<meta property=\"og:image:height\" content=\"1200\" \/>\n\t<meta property=\"og:image:type\" content=\"image\/jpeg\" \/>\n<meta name=\"twitter:card\" content=\"summary_large_image\" \/>\n<meta name=\"twitter:label1\" content=\"Tiempo de lectura\" \/>\n\t<meta name=\"twitter:data1\" content=\"3 minutos\" \/>\n<script type=\"application\/ld+json\" class=\"yoast-schema-graph\">{\"@context\":\"https:\/\/schema.org\",\"@graph\":[{\"@type\":\"WebPage\",\"@id\":\"http:\/\/aoxuancnc.com\/ru\/product\/125t-high-cnc-high-precsion-pneumatic-punching-machine\/\",\"url\":\"http:\/\/aoxuancnc.com\/ru\/product\/125t-high-cnc-high-precsion-pneumatic-punching-machine\/\",\"name\":\"125T high CNC high precsion pneumatic punching machine - AOXUANZG\",\"isPartOf\":{\"@id\":\"http:\/\/aoxuancnc.com\/#website\"},\"primaryImageOfPage\":{\"@id\":\"http:\/\/aoxuancnc.com\/ru\/product\/125t-high-cnc-high-precsion-pneumatic-punching-machine\/#primaryimage\"},\"image\":{\"@id\":\"http:\/\/aoxuancnc.com\/ru\/product\/125t-high-cnc-high-precsion-pneumatic-punching-machine\/#primaryimage\"},\"thumbnailUrl\":\"https:\/\/aoxuancnc.com\/wp-content\/uploads\/2025\/08\/APA-125T-pneuamtic-punch-press-1_\u526f\u672c.jpg\",\"datePublished\":\"2025-08-29T10:08:37+00:00\",\"dateModified\":\"2025-08-29T10:11:48+00:00\",\"breadcrumb\":{\"@id\":\"http:\/\/aoxuancnc.com\/ru\/product\/125t-high-cnc-high-precsion-pneumatic-punching-machine\/#breadcrumb\"},\"inLanguage\":\"es\",\"potentialAction\":[{\"@type\":\"ReadAction\",\"target\":[\"http:\/\/aoxuancnc.com\/ru\/product\/125t-high-cnc-high-precsion-pneumatic-punching-machine\/\"]}]},{\"@type\":\"ImageObject\",\"inLanguage\":\"es\",\"@id\":\"http:\/\/aoxuancnc.com\/ru\/product\/125t-high-cnc-high-precsion-pneumatic-punching-machine\/#primaryimage\",\"url\":\"https:\/\/aoxuancnc.com\/wp-content\/uploads\/2025\/08\/APA-125T-pneuamtic-punch-press-1_\u526f\u672c.jpg\",\"contentUrl\":\"https:\/\/aoxuancnc.com\/wp-content\/uploads\/2025\/08\/APA-125T-pneuamtic-punch-press-1_\u526f\u672c.jpg\",\"width\":1200,\"height\":1200},{\"@type\":\"BreadcrumbList\",\"@id\":\"http:\/\/aoxuancnc.com\/ru\/product\/125t-high-cnc-high-precsion-pneumatic-punching-machine\/#breadcrumb\",\"itemListElement\":[{\"@type\":\"ListItem\",\"position\":1,\"name\":\"\u9996\u9875\",\"item\":\"http:\/\/aoxuancnc.com\/\"},{\"@type\":\"ListItem\",\"position\":2,\"name\":\"Product\",\"item\":\"https:\/\/aoxuancnc.com\/ru\/product\/\"},{\"@type\":\"ListItem\",\"position\":3,\"name\":\"125T high CNC high precsion pneumatic punching machine\"}]},{\"@type\":\"WebSite\",\"@id\":\"http:\/\/aoxuancnc.com\/#website\",\"url\":\"http:\/\/aoxuancnc.com\/\",\"name\":\"AOXUANZG\",\"description\":\"Anhui Aoxuan Heavy Industry Machine Co., Ltd\",\"potentialAction\":[{\"@type\":\"SearchAction\",\"target\":{\"@type\":\"EntryPoint\",\"urlTemplate\":\"http:\/\/aoxuancnc.com\/?s={search_term_string}\"},\"query-input\":{\"@type\":\"PropertyValueSpecification\",\"valueRequired\":true,\"valueName\":\"search_term_string\"}}],\"inLanguage\":\"es\"}]}<\/script>\n<!-- \/ Yoast SEO plugin. -->","yoast_head_json":{"title":"125T high CNC high precsion pneumatic punching machine - AOXUANZG","robots":{"index":"index","follow":"follow","max-snippet":"max-snippet:-1","max-image-preview":"max-image-preview:large","max-video-preview":"max-video-preview:-1"},"canonical":"http:\/\/aoxuancnc.com\/es\/producto\/125t-high-cnc-high-precsion-pneumatic-punching-machine\/","og_locale":"es_ES","og_type":"article","og_title":"125T high CNC high precsion pneumatic punching machine - AOXUANZG","og_description":"1\u3001Price content FOB Shanghaiprice , China  2\u3001Valid\u00a0price:\u00a0within\u00a030\u00a0days;  3\u3001Payment\u00a0method:\u00a0When\u00a0the\u00a0product sales\u00a0contract\u00a0and technical\u00a0agreement\u00a0are signed,\u00a030%\u00a0of\u00a0the\u00a0total\u00a0amount\u00a0of\u00a0the\u00a0contract\u00a0will\u00a0be\u00a0paid,\u00a0and\u00a070%\u00a0of the\u00a0total\u00a0amount\u00a0of\u00a0the contract will\u00a0be\u00a0paid\u00a0at the\u00a0time\u00a0of\u00a0delivery\u00a0by\u00a0T\/T\u00a0or\u00a0L\/C.  4\u3001Delivery\u00a0period:\u00a030\u00a0working days\u00a0after\u00a0receipt\u00a0the\u00a0deposit;  5\u3001Packing: simple packaging, not recycling;","og_url":"http:\/\/aoxuancnc.com\/es\/producto\/125t-high-cnc-high-precsion-pneumatic-punching-machine\/","og_site_name":"AOXUANZG","article_modified_time":"2025-08-29T10:11:48+00:00","og_image":[{"width":1200,"height":1200,"url":"http:\/\/aoxuancnc.com\/wp-content\/uploads\/2025\/08\/APA-125T-pneuamtic-punch-press-1_\u526f\u672c.jpg","type":"image\/jpeg"}],"twitter_card":"summary_large_image","twitter_misc":{"Tiempo de lectura":"3 minutos"},"schema":{"@context":"https:\/\/schema.org","@graph":[{"@type":"WebPage","@id":"http:\/\/aoxuancnc.com\/ru\/product\/125t-high-cnc-high-precsion-pneumatic-punching-machine\/","url":"http:\/\/aoxuancnc.com\/ru\/product\/125t-high-cnc-high-precsion-pneumatic-punching-machine\/","name":"125T high CNC high precsion pneumatic punching machine - AOXUANZG","isPartOf":{"@id":"http:\/\/aoxuancnc.com\/#website"},"primaryImageOfPage":{"@id":"http:\/\/aoxuancnc.com\/ru\/product\/125t-high-cnc-high-precsion-pneumatic-punching-machine\/#primaryimage"},"image":{"@id":"http:\/\/aoxuancnc.com\/ru\/product\/125t-high-cnc-high-precsion-pneumatic-punching-machine\/#primaryimage"},"thumbnailUrl":"https:\/\/aoxuancnc.com\/wp-content\/uploads\/2025\/08\/APA-125T-pneuamtic-punch-press-1_\u526f\u672c.jpg","datePublished":"2025-08-29T10:08:37+00:00","dateModified":"2025-08-29T10:11:48+00:00","breadcrumb":{"@id":"http:\/\/aoxuancnc.com\/ru\/product\/125t-high-cnc-high-precsion-pneumatic-punching-machine\/#breadcrumb"},"inLanguage":"es","potentialAction":[{"@type":"ReadAction","target":["http:\/\/aoxuancnc.com\/ru\/product\/125t-high-cnc-high-precsion-pneumatic-punching-machine\/"]}]},{"@type":"ImageObject","inLanguage":"es","@id":"http:\/\/aoxuancnc.com\/ru\/product\/125t-high-cnc-high-precsion-pneumatic-punching-machine\/#primaryimage","url":"https:\/\/aoxuancnc.com\/wp-content\/uploads\/2025\/08\/APA-125T-pneuamtic-punch-press-1_\u526f\u672c.jpg","contentUrl":"https:\/\/aoxuancnc.com\/wp-content\/uploads\/2025\/08\/APA-125T-pneuamtic-punch-press-1_\u526f\u672c.jpg","width":1200,"height":1200},{"@type":"BreadcrumbList","@id":"http:\/\/aoxuancnc.com\/ru\/product\/125t-high-cnc-high-precsion-pneumatic-punching-machine\/#breadcrumb","itemListElement":[{"@type":"ListItem","position":1,"name":"\u9996\u9875","item":"http:\/\/aoxuancnc.com\/"},{"@type":"ListItem","position":2,"name":"Product","item":"https:\/\/aoxuancnc.com\/ru\/product\/"},{"@type":"ListItem","position":3,"name":"125T high CNC high precsion pneumatic punching machine"}]},{"@type":"WebSite","@id":"http:\/\/aoxuancnc.com\/#website","url":"http:\/\/aoxuancnc.com\/","name":"AOXUANZG","description":"Anhui Aoxuan Heavy Industry Machine Co., Ltd","potentialAction":[{"@type":"SearchAction","target":{"@type":"EntryPoint","urlTemplate":"http:\/\/aoxuancnc.com\/?s={search_term_string}"},"query-input":{"@type":"PropertyValueSpecification","valueRequired":true,"valueName":"search_term_string"}}],"inLanguage":"es"}]}},"_links":{"self":[{"href":"https:\/\/aoxuancnc.com\/es\/wp-json\/wp\/v2\/product\/317","targetHints":{"allow":["GET"]}}],"collection":[{"href":"https:\/\/aoxuancnc.com\/es\/wp-json\/wp\/v2\/product"}],"about":[{"href":"https:\/\/aoxuancnc.com\/es\/wp-json\/wp\/v2\/types\/product"}],"wp:featuredmedia":[{"embeddable":true,"href":"https:\/\/aoxuancnc.com\/es\/wp-json\/wp\/v2\/media\/318"}],"wp:attachment":[{"href":"https:\/\/aoxuancnc.com\/es\/wp-json\/wp\/v2\/media?parent=317"}],"wp:term":[{"taxonomy":"product_brand","embeddable":true,"href":"https:\/\/aoxuancnc.com\/es\/wp-json\/wp\/v2\/product_brand?post=317"},{"taxonomy":"product_cat","embeddable":true,"href":"https:\/\/aoxuancnc.com\/es\/wp-json\/wp\/v2\/product_cat?post=317"},{"taxonomy":"product_tag","embeddable":true,"href":"https:\/\/aoxuancnc.com\/es\/wp-json\/wp\/v2\/product_tag?post=317"}],"curies":[{"name":"wp","href":"https:\/\/api.w.org\/{rel}","templated":true}]}}