{"id":440,"date":"2025-09-19T03:06:35","date_gmt":"2025-09-19T03:06:35","guid":{"rendered":"https:\/\/aoxuancnc.com\/?post_type=product&#038;p=440"},"modified":"2025-09-23T05:50:27","modified_gmt":"2025-09-23T05:50:27","slug":"qc11y-6x4000-cnc-hydraulic-shearing-guillotine-machine-with-dac360t","status":"publish","type":"product","link":"https:\/\/aoxuancnc.com\/es\/producto\/qc11y-6x4000-cnc-hydraulic-shearing-guillotine-machine-with-dac360t\/","title":{"rendered":"Cizalla hidr\u00e1ulica CNC QC11Y-6X4000 con DAC360T"},"content":{"rendered":"<div style=\"width: 640px;\" class=\"wp-video\"><video class=\"wp-video-shortcode\" id=\"video-440-1\" width=\"640\" height=\"480\" preload=\"metadata\" controls=\"controls\"><source type=\"video\/mp4\" src=\"https:\/\/aoxuancnc.com\/wp-content\/uploads\/2025\/09\/6X4000-DAC360T.mp4?_=1\" \/><a href=\"https:\/\/aoxuancnc.com\/wp-content\/uploads\/2025\/09\/6X4000-DAC360T.mp4\">https:\/\/aoxuancnc.com\/wp-content\/uploads\/2025\/09\/6X4000-DAC360T.mp4<\/a><\/video><\/div>\n<h3 class=\"magic-9\"><strong><span class=\"magic-10\">Caracter\u00edsticas principales:<\/span><\/strong><\/h3>\n<div class=\"magic-2\">\n<div class=\"magic-3\">\n<div class=\"magic-4\">\n<div class=\"magic-11\"><span class=\"magic-10\">1-El bastidor principal de la m\u00e1quina dobladora est\u00e1 equipado con un sistema de control num\u00e9rico especial. <\/span><\/div>\n<div class=\"magic-11\" data-spm-anchor-id=\"a2700.details-description.0.i1.5a36ojJEojJEpn\"><span class=\"magic-10\">2-La funci\u00f3n de programaci\u00f3n de paradas m\u00faltiples es capaz de lograr un funcionamiento autom\u00e1tico y la colocaci\u00f3n continua de procedimientos de m\u00faltiples pasos, as\u00ed como un ajuste autom\u00e1tico de precisi\u00f3n para las posiciones del tope trasero y del bloque deslizante.<\/span><\/div>\n<div class=\"magic-11\"><span class=\"magic-10\">3-La m\u00e1quina est\u00e1 equipada con una funci\u00f3n de conteo de curvas, para una visualizaci\u00f3n en tiempo real de la cantidad de procesamiento y memoria de falla de energ\u00eda de las posiciones del tope y el bloque deslizante, as\u00ed como los procedimientos y par\u00e1metros.<\/span><\/div>\n<div class=\"magic-11\" data-spm-anchor-id=\"a2700.details-description.0.i0.5a36ojJEojJEpn\"><span class=\"magic-10\">4-Se utilizan un tornillo de avance con cojinete de bolas importado y un riel gu\u00eda lineal para el tope trasero, para garantizar la precisi\u00f3n de posicionamiento del tope trasero, para que la precisi\u00f3n de procesamiento de la m\u00e1quina sea mayor.<\/span><\/div>\n<\/div>\n<\/div>\n<\/div>\n<p><img loading=\"lazy\" decoding=\"async\" class=\"alignnone size-medium wp-image-434\" src=\"https:\/\/aoxuancnc.com\/wp-content\/uploads\/2025\/09\/6X4000-hydraulic-sheairng-machine-with-DAC360T-7-500x375.jpg\" alt=\"\" width=\"500\" height=\"375\" srcset=\"https:\/\/aoxuancnc.com\/wp-content\/uploads\/2025\/09\/6X4000-hydraulic-sheairng-machine-with-DAC360T-7-500x375.jpg 500w, https:\/\/aoxuancnc.com\/wp-content\/uploads\/2025\/09\/6X4000-hydraulic-sheairng-machine-with-DAC360T-7-300x225.jpg 300w, https:\/\/aoxuancnc.com\/wp-content\/uploads\/2025\/09\/6X4000-hydraulic-sheairng-machine-with-DAC360T-7-768x576.jpg 768w, https:\/\/aoxuancnc.com\/wp-content\/uploads\/2025\/09\/6X4000-hydraulic-sheairng-machine-with-DAC360T-7-16x12.jpg 16w, https:\/\/aoxuancnc.com\/wp-content\/uploads\/2025\/09\/6X4000-hydraulic-sheairng-machine-with-DAC360T-7-100x75.jpg 100w, https:\/\/aoxuancnc.com\/wp-content\/uploads\/2025\/09\/6X4000-hydraulic-sheairng-machine-with-DAC360T-7-480x360.jpg 480w, https:\/\/aoxuancnc.com\/wp-content\/uploads\/2025\/09\/6X4000-hydraulic-sheairng-machine-with-DAC360T-7.jpg 800w\" sizes=\"auto, (max-width:767px) 480px, 500px\" \/><\/p>\n<p>&nbsp;<\/p>\n<h3 class=\"magic-2\"><strong>La configuraci\u00f3n est\u00e1ndar:<\/strong><\/h3>\n<p><img loading=\"lazy\" decoding=\"async\" class=\"alignnone size-medium wp-image-441\" src=\"https:\/\/aoxuancnc.com\/wp-content\/uploads\/2025\/09\/6X4000-hydraulic-sheairng-machine-with-DAC360T-1_\u526f\u672c-444x500.jpg\" alt=\"\" width=\"444\" height=\"500\" srcset=\"https:\/\/aoxuancnc.com\/wp-content\/uploads\/2025\/09\/6X4000-hydraulic-sheairng-machine-with-DAC360T-1_\u526f\u672c-444x500.jpg 444w, https:\/\/aoxuancnc.com\/wp-content\/uploads\/2025\/09\/6X4000-hydraulic-sheairng-machine-with-DAC360T-1_\u526f\u672c-267x300.jpg 267w, https:\/\/aoxuancnc.com\/wp-content\/uploads\/2025\/09\/6X4000-hydraulic-sheairng-machine-with-DAC360T-1_\u526f\u672c-768x864.jpg 768w, https:\/\/aoxuancnc.com\/wp-content\/uploads\/2025\/09\/6X4000-hydraulic-sheairng-machine-with-DAC360T-1_\u526f\u672c-11x12.jpg 11w, https:\/\/aoxuancnc.com\/wp-content\/uploads\/2025\/09\/6X4000-hydraulic-sheairng-machine-with-DAC360T-1_\u526f\u672c-67x75.jpg 67w, https:\/\/aoxuancnc.com\/wp-content\/uploads\/2025\/09\/6X4000-hydraulic-sheairng-machine-with-DAC360T-1_\u526f\u672c-480x540.jpg 480w, https:\/\/aoxuancnc.com\/wp-content\/uploads\/2025\/09\/6X4000-hydraulic-sheairng-machine-with-DAC360T-1_\u526f\u672c.jpg 800w\" sizes=\"auto, (max-width:767px) 444px, 444px\" \/><\/p>\n<div class=\"magic-4\">\n<div class=\"magic-5\">\n<div class=\"magic-6\">\n<p>Equipo:<\/p>\n<div>1. Ajuste r\u00e1pido y preciso de la holgura de la cuchilla mediante una sola manija en el marco lateral.<\/div>\n<div>2. Cuchillas multifilo para cortar aluminio, acero dulce y acero inoxidable.<\/div>\n<div>3. Iluminaci\u00f3n de l\u00ednea de corte y cable para corte de l\u00ednea de sombra<\/div>\n<div>4. Contador de golpes, ajuste de la longitud de corte<\/div>\n<div>5. Protecci\u00f3n contra sobrecarga hidr\u00e1ulica y el\u00e9ctrica<\/div>\n<div>6. Brazo de cuadratura y brazos de soporte delanteros<\/div>\n<div>7. Sistema controlador DAC360T<\/div>\n<div>8.Alemania Bosch-Rexroth Hidr\u00e1ulica<\/div>\n<div>9. Telemecanique\/SchneiderElectrics<\/div>\n<div>10. Protecci\u00f3n contra sobrecarga hidr\u00e1ulica y el\u00e9ctrica<\/div>\n<div>11. Inversor delta con husillo de bolas y varilla pulida con precisi\u00f3n de 0,05 mm.<\/div>\n<div data-spm-anchor-id=\"a2700.details-description.0.i0.934dDnf7Dnf7WH\">12. La protecci\u00f3n lateral es est\u00e1ndar y cumple con las normativas CE.<\/div>\n<div data-spm-anchor-id=\"a2700.details-description.0.i0.934dDnf7Dnf7WH\"><\/div>\n<\/div>\n<\/div>\n<\/div>\n<p><img loading=\"lazy\" decoding=\"async\" class=\"alignnone size-medium wp-image-437\" src=\"https:\/\/aoxuancnc.com\/wp-content\/uploads\/2025\/09\/6X4000-hydraulic-sheairng-machine-with-DAC360T-2-500x375.jpg\" alt=\"\" width=\"500\" height=\"375\" srcset=\"https:\/\/aoxuancnc.com\/wp-content\/uploads\/2025\/09\/6X4000-hydraulic-sheairng-machine-with-DAC360T-2-500x375.jpg 500w, https:\/\/aoxuancnc.com\/wp-content\/uploads\/2025\/09\/6X4000-hydraulic-sheairng-machine-with-DAC360T-2-300x225.jpg 300w, https:\/\/aoxuancnc.com\/wp-content\/uploads\/2025\/09\/6X4000-hydraulic-sheairng-machine-with-DAC360T-2-768x576.jpg 768w, https:\/\/aoxuancnc.com\/wp-content\/uploads\/2025\/09\/6X4000-hydraulic-sheairng-machine-with-DAC360T-2-16x12.jpg 16w, https:\/\/aoxuancnc.com\/wp-content\/uploads\/2025\/09\/6X4000-hydraulic-sheairng-machine-with-DAC360T-2-100x75.jpg 100w, https:\/\/aoxuancnc.com\/wp-content\/uploads\/2025\/09\/6X4000-hydraulic-sheairng-machine-with-DAC360T-2-480x360.jpg 480w, https:\/\/aoxuancnc.com\/wp-content\/uploads\/2025\/09\/6X4000-hydraulic-sheairng-machine-with-DAC360T-2.jpg 800w\" sizes=\"auto, (max-width:767px) 480px, 500px\" \/><\/p>\n<p>La cizalla guillotina permite un corte de alta resistencia a un precio asequible. El bastidor y la viga de corte ofrecen m\u00e1xima rigidez y resistencia a la deflexi\u00f3n y la torsi\u00f3n para un corte preciso de acero dulce de hasta 30 mm. Esta cizalla guillotina cuenta con cuatro filos de corte que pueden girarse tres veces antes del rectificado para una mayor vida \u00fatil. Fabricaci\u00f3n rentable. Nuestra cizalla guillotina se adapta a sus necesidades y a su presupuesto.<\/p>\n<h3><strong>Imagen de la m\u00e1quina Tetail:<\/strong><\/h3>\n<p><img loading=\"lazy\" decoding=\"async\" class=\"alignnone size-medium wp-image-439\" src=\"https:\/\/aoxuancnc.com\/wp-content\/uploads\/2025\/09\/6X4000-hydraulic-sheairng-machine-with-DAC360T-4-500x375.jpg\" alt=\"\" width=\"500\" height=\"375\" srcset=\"https:\/\/aoxuancnc.com\/wp-content\/uploads\/2025\/09\/6X4000-hydraulic-sheairng-machine-with-DAC360T-4-500x375.jpg 500w, https:\/\/aoxuancnc.com\/wp-content\/uploads\/2025\/09\/6X4000-hydraulic-sheairng-machine-with-DAC360T-4-300x225.jpg 300w, https:\/\/aoxuancnc.com\/wp-content\/uploads\/2025\/09\/6X4000-hydraulic-sheairng-machine-with-DAC360T-4-768x576.jpg 768w, https:\/\/aoxuancnc.com\/wp-content\/uploads\/2025\/09\/6X4000-hydraulic-sheairng-machine-with-DAC360T-4-16x12.jpg 16w, https:\/\/aoxuancnc.com\/wp-content\/uploads\/2025\/09\/6X4000-hydraulic-sheairng-machine-with-DAC360T-4-100x75.jpg 100w, https:\/\/aoxuancnc.com\/wp-content\/uploads\/2025\/09\/6X4000-hydraulic-sheairng-machine-with-DAC360T-4-480x360.jpg 480w, https:\/\/aoxuancnc.com\/wp-content\/uploads\/2025\/09\/6X4000-hydraulic-sheairng-machine-with-DAC360T-4.jpg 800w\" sizes=\"auto, (max-width:767px) 480px, 500px\" \/><\/p>\n<p><img loading=\"lazy\" decoding=\"async\" class=\"alignnone size-medium wp-image-432\" src=\"https:\/\/aoxuancnc.com\/wp-content\/uploads\/2025\/09\/6X4000-hydraulic-sheairng-machine-with-DAC360T-5-500x375.jpg\" alt=\"\" width=\"500\" height=\"375\" srcset=\"https:\/\/aoxuancnc.com\/wp-content\/uploads\/2025\/09\/6X4000-hydraulic-sheairng-machine-with-DAC360T-5-500x375.jpg 500w, https:\/\/aoxuancnc.com\/wp-content\/uploads\/2025\/09\/6X4000-hydraulic-sheairng-machine-with-DAC360T-5-300x225.jpg 300w, https:\/\/aoxuancnc.com\/wp-content\/uploads\/2025\/09\/6X4000-hydraulic-sheairng-machine-with-DAC360T-5-768x576.jpg 768w, https:\/\/aoxuancnc.com\/wp-content\/uploads\/2025\/09\/6X4000-hydraulic-sheairng-machine-with-DAC360T-5-16x12.jpg 16w, https:\/\/aoxuancnc.com\/wp-content\/uploads\/2025\/09\/6X4000-hydraulic-sheairng-machine-with-DAC360T-5-100x75.jpg 100w, https:\/\/aoxuancnc.com\/wp-content\/uploads\/2025\/09\/6X4000-hydraulic-sheairng-machine-with-DAC360T-5-480x360.jpg 480w, https:\/\/aoxuancnc.com\/wp-content\/uploads\/2025\/09\/6X4000-hydraulic-sheairng-machine-with-DAC360T-5.jpg 800w\" sizes=\"auto, (max-width:767px) 480px, 500px\" \/><\/p>\n<p>&nbsp;<\/p>\n<h3>Par\u00e1metro:<\/h3>\n<p><img loading=\"lazy\" decoding=\"async\" class=\"alignnone size-medium wp-image-274\" src=\"https:\/\/aoxuancnc.com\/wp-content\/uploads\/2025\/08\/A-Shearing-cutting-machine\u526a\u677f\u673a-487x500.png\" alt=\"\" width=\"487\" height=\"500\" srcset=\"https:\/\/aoxuancnc.com\/wp-content\/uploads\/2025\/08\/A-Shearing-cutting-machine\u526a\u677f\u673a-487x500.png 487w, https:\/\/aoxuancnc.com\/wp-content\/uploads\/2025\/08\/A-Shearing-cutting-machine\u526a\u677f\u673a-1168x1200.png 1168w, https:\/\/aoxuancnc.com\/wp-content\/uploads\/2025\/08\/A-Shearing-cutting-machine\u526a\u677f\u673a-292x300.png 292w, https:\/\/aoxuancnc.com\/wp-content\/uploads\/2025\/08\/A-Shearing-cutting-machine\u526a\u677f\u673a-768x789.png 768w, https:\/\/aoxuancnc.com\/wp-content\/uploads\/2025\/08\/A-Shearing-cutting-machine\u526a\u677f\u673a-1495x1536.png 1495w, https:\/\/aoxuancnc.com\/wp-content\/uploads\/2025\/08\/A-Shearing-cutting-machine\u526a\u677f\u673a-1993x2048.png 1993w, https:\/\/aoxuancnc.com\/wp-content\/uploads\/2025\/08\/A-Shearing-cutting-machine\u526a\u677f\u673a-12x12.png 12w, https:\/\/aoxuancnc.com\/wp-content\/uploads\/2025\/08\/A-Shearing-cutting-machine\u526a\u677f\u673a-73x75.png 73w, https:\/\/aoxuancnc.com\/wp-content\/uploads\/2025\/08\/A-Shearing-cutting-machine\u526a\u677f\u673a-480x493.png 480w, https:\/\/aoxuancnc.com\/wp-content\/uploads\/2025\/08\/A-Shearing-cutting-machine\u526a\u677f\u673a-800x822.png 800w\" sizes=\"auto, (max-width:767px) 480px, 487px\" \/><\/p>\n<p><strong>Preventa.<\/strong><br \/>\n* Dise\u00f1o del proyecto, presentaci\u00f3n de la ejecuci\u00f3n, acuerdo t\u00e9cnico, firma del contrato, embalaje.<br \/>\n* Soporte de consultas y consultor\u00eda.<br \/>\n* Soporte para pruebas de muestra.<\/p>\n<p><strong>En venta.<\/strong><br \/>\n* Le proporcionaremos los \u00faltimos avances en el montaje, embalaje y transporte del producto.<\/p>\n<p><strong>Postventa.<\/strong><br \/>\n* Proporcionaremos accesorios gratuitos por da\u00f1os a partes no humanas.<br \/>\n* Capacitaci\u00f3n sobre c\u00f3mo instalar la m\u00e1quina, capacitaci\u00f3n sobre c\u00f3mo utilizar la m\u00e1quina con video, etc.<br \/>\n*Y nuestro personal t\u00e9cnico puede viajar al extranjero para brindar orientaci\u00f3n t\u00e9cnica.<\/p>\n<p><img loading=\"lazy\" decoding=\"async\" class=\"alignnone size-medium wp-image-267\" src=\"https:\/\/aoxuancnc.com\/wp-content\/uploads\/2025\/08\/guillotine-shearing-machine-1-500x375.jpg\" alt=\"\" width=\"500\" height=\"375\" srcset=\"https:\/\/aoxuancnc.com\/wp-content\/uploads\/2025\/08\/guillotine-shearing-machine-1-500x375.jpg 500w, https:\/\/aoxuancnc.com\/wp-content\/uploads\/2025\/08\/guillotine-shearing-machine-1-1200x900.jpg 1200w, https:\/\/aoxuancnc.com\/wp-content\/uploads\/2025\/08\/guillotine-shearing-machine-1-300x225.jpg 300w, https:\/\/aoxuancnc.com\/wp-content\/uploads\/2025\/08\/guillotine-shearing-machine-1-768x576.jpg 768w, https:\/\/aoxuancnc.com\/wp-content\/uploads\/2025\/08\/guillotine-shearing-machine-1-1536x1152.jpg 1536w, https:\/\/aoxuancnc.com\/wp-content\/uploads\/2025\/08\/guillotine-shearing-machine-1-16x12.jpg 16w, https:\/\/aoxuancnc.com\/wp-content\/uploads\/2025\/08\/guillotine-shearing-machine-1-100x75.jpg 100w, https:\/\/aoxuancnc.com\/wp-content\/uploads\/2025\/08\/guillotine-shearing-machine-1-960x720.jpg 960w, https:\/\/aoxuancnc.com\/wp-content\/uploads\/2025\/08\/guillotine-shearing-machine-1-480x360.jpg 480w, https:\/\/aoxuancnc.com\/wp-content\/uploads\/2025\/08\/guillotine-shearing-machine-1-800x600.jpg 800w, https:\/\/aoxuancnc.com\/wp-content\/uploads\/2025\/08\/guillotine-shearing-machine-1.jpg 1706w\" sizes=\"auto, (max-width:767px) 480px, 500px\" \/> <img loading=\"lazy\" decoding=\"async\" class=\"alignnone size-medium wp-image-268\" src=\"https:\/\/aoxuancnc.com\/wp-content\/uploads\/2025\/08\/guillotine-shearing-machine-2-500x375.jpg\" alt=\"\" width=\"500\" height=\"375\" srcset=\"https:\/\/aoxuancnc.com\/wp-content\/uploads\/2025\/08\/guillotine-shearing-machine-2-500x375.jpg 500w, https:\/\/aoxuancnc.com\/wp-content\/uploads\/2025\/08\/guillotine-shearing-machine-2-1200x900.jpg 1200w, https:\/\/aoxuancnc.com\/wp-content\/uploads\/2025\/08\/guillotine-shearing-machine-2-300x225.jpg 300w, https:\/\/aoxuancnc.com\/wp-content\/uploads\/2025\/08\/guillotine-shearing-machine-2-768x576.jpg 768w, https:\/\/aoxuancnc.com\/wp-content\/uploads\/2025\/08\/guillotine-shearing-machine-2-1536x1152.jpg 1536w, https:\/\/aoxuancnc.com\/wp-content\/uploads\/2025\/08\/guillotine-shearing-machine-2-16x12.jpg 16w, https:\/\/aoxuancnc.com\/wp-content\/uploads\/2025\/08\/guillotine-shearing-machine-2-100x75.jpg 100w, https:\/\/aoxuancnc.com\/wp-content\/uploads\/2025\/08\/guillotine-shearing-machine-2-960x720.jpg 960w, https:\/\/aoxuancnc.com\/wp-content\/uploads\/2025\/08\/guillotine-shearing-machine-2-480x360.jpg 480w, https:\/\/aoxuancnc.com\/wp-content\/uploads\/2025\/08\/guillotine-shearing-machine-2-800x600.jpg 800w, https:\/\/aoxuancnc.com\/wp-content\/uploads\/2025\/08\/guillotine-shearing-machine-2.jpg 1706w\" sizes=\"auto, (max-width:767px) 480px, 500px\" \/><\/p>\n<p>&nbsp;<\/p>\n<p>&nbsp;<\/p>\n<p>&nbsp;<\/p>","protected":false},"excerpt":{"rendered":"<p><strong>Detalles del producto<\/strong><br \/>\nLugar de origen: China<br \/>\nMarca: AOXUANZG<br \/>\nCertificaci\u00f3n: CE<br \/>\nN\u00famero de modelo: QC11Y-6X4000<\/p>\n<p><strong>Condiciones de pago y env\u00edo<\/strong><br \/>\nCantidad m\u00ednima de pedido: 1 juego<br \/>\nDetalles del embalaje: embalaje de exportaci\u00f3n est\u00e1ndar<br \/>\nPlazo de entrega: 30 d\u00edas<br \/>\nCondiciones de pago: L\/C, T\/T, Western Union, MoneyGram<br \/>\nCapacidad de suministro: 50 juegos\/a\u00f1o<\/p>","protected":false},"featured_media":569,"template":"","meta":[],"product_brand":[21],"product_cat":[5],"product_tag":[50,52,25,27],"class_list":{"0":"post-440","1":"product","2":"type-product","3":"status-publish","4":"has-post-thumbnail","6":"product_brand-aoxuanzg","7":"product_cat-hydraulic-guillotine-shearing-machine","8":"product_tag-cnc-hydraulic-cutting-machine","9":"product_tag-dac360t","10":"product_tag-guillotine-shearing-machine","11":"product_tag-metal-steel-plate-cutting-machine","13":"first","14":"instock","15":"shipping-taxable","16":"product-type-external"},"yoast_head":"<!-- This site is optimized with the Yoast SEO plugin v24.9 - https:\/\/yoast.com\/wordpress\/plugins\/seo\/ -->\n<title>QC11Y-6X4000 CNC Hydraulic Shearing Guillotine Machine With DAC360T - AOXUANZG<\/title>\n<meta name=\"robots\" content=\"index, follow, max-snippet:-1, max-image-preview:large, max-video-preview:-1\" \/>\n<link rel=\"canonical\" href=\"http:\/\/aoxuancnc.com\/es\/producto\/qc11y-6x4000-cnc-hydraulic-shearing-guillotine-machine-with-dac360t\/\" \/>\n<meta property=\"og:locale\" content=\"es_ES\" \/>\n<meta property=\"og:type\" content=\"article\" \/>\n<meta property=\"og:title\" content=\"QC11Y-6X4000 CNC Hydraulic Shearing Guillotine Machine With DAC360T - AOXUANZG\" \/>\n<meta property=\"og:description\" content=\"Product Details Place of Origin: China Brand Name: AOXUANZG Certification: CE Model Number: QC11Y-6X4000  Payment &amp; Shipping Terms Minimum Order Quantity: 1 Set Packaging Details: Standard export packing Delivery time: 30 days Payment Terms: L\/C, T\/T, Western Union, MoneyGram Supply Ability: 50 sets\/Year\" \/>\n<meta property=\"og:url\" content=\"http:\/\/aoxuancnc.com\/es\/producto\/qc11y-6x4000-cnc-hydraulic-shearing-guillotine-machine-with-dac360t\/\" \/>\n<meta property=\"og:site_name\" content=\"AOXUANZG\" \/>\n<meta property=\"article:modified_time\" content=\"2025-09-23T05:50:27+00:00\" \/>\n<meta property=\"og:image\" content=\"http:\/\/aoxuancnc.com\/wp-content\/uploads\/2025\/09\/6X4000-hydraulic-shearing-machine-with-DAC360T.png\" \/>\n\t<meta property=\"og:image:width\" content=\"800\" \/>\n\t<meta property=\"og:image:height\" content=\"800\" \/>\n\t<meta property=\"og:image:type\" content=\"image\/png\" \/>\n<meta name=\"twitter:card\" content=\"summary_large_image\" \/>\n<meta name=\"twitter:label1\" content=\"Tiempo de lectura\" \/>\n\t<meta name=\"twitter:data1\" content=\"4 minutos\" \/>\n<script type=\"application\/ld+json\" class=\"yoast-schema-graph\">{\"@context\":\"https:\/\/schema.org\",\"@graph\":[{\"@type\":\"WebPage\",\"@id\":\"http:\/\/aoxuancnc.com\/ru\/product\/qc11y-6x4000-cnc-hydraulic-shearing-guillotine-machine-with-dac360t\/\",\"url\":\"http:\/\/aoxuancnc.com\/ru\/product\/qc11y-6x4000-cnc-hydraulic-shearing-guillotine-machine-with-dac360t\/\",\"name\":\"QC11Y-6X4000 CNC Hydraulic Shearing Guillotine Machine With DAC360T - AOXUANZG\",\"isPartOf\":{\"@id\":\"http:\/\/aoxuancnc.com\/#website\"},\"primaryImageOfPage\":{\"@id\":\"http:\/\/aoxuancnc.com\/ru\/product\/qc11y-6x4000-cnc-hydraulic-shearing-guillotine-machine-with-dac360t\/#primaryimage\"},\"image\":{\"@id\":\"http:\/\/aoxuancnc.com\/ru\/product\/qc11y-6x4000-cnc-hydraulic-shearing-guillotine-machine-with-dac360t\/#primaryimage\"},\"thumbnailUrl\":\"https:\/\/aoxuancnc.com\/wp-content\/uploads\/2025\/09\/6X4000-hydraulic-shearing-machine-with-DAC360T.png\",\"datePublished\":\"2025-09-19T03:06:35+00:00\",\"dateModified\":\"2025-09-23T05:50:27+00:00\",\"breadcrumb\":{\"@id\":\"http:\/\/aoxuancnc.com\/ru\/product\/qc11y-6x4000-cnc-hydraulic-shearing-guillotine-machine-with-dac360t\/#breadcrumb\"},\"inLanguage\":\"es\",\"potentialAction\":[{\"@type\":\"ReadAction\",\"target\":[\"http:\/\/aoxuancnc.com\/ru\/product\/qc11y-6x4000-cnc-hydraulic-shearing-guillotine-machine-with-dac360t\/\"]}]},{\"@type\":\"ImageObject\",\"inLanguage\":\"es\",\"@id\":\"http:\/\/aoxuancnc.com\/ru\/product\/qc11y-6x4000-cnc-hydraulic-shearing-guillotine-machine-with-dac360t\/#primaryimage\",\"url\":\"https:\/\/aoxuancnc.com\/wp-content\/uploads\/2025\/09\/6X4000-hydraulic-shearing-machine-with-DAC360T.png\",\"contentUrl\":\"https:\/\/aoxuancnc.com\/wp-content\/uploads\/2025\/09\/6X4000-hydraulic-shearing-machine-with-DAC360T.png\",\"width\":800,\"height\":800},{\"@type\":\"BreadcrumbList\",\"@id\":\"http:\/\/aoxuancnc.com\/ru\/product\/qc11y-6x4000-cnc-hydraulic-shearing-guillotine-machine-with-dac360t\/#breadcrumb\",\"itemListElement\":[{\"@type\":\"ListItem\",\"position\":1,\"name\":\"\u9996\u9875\",\"item\":\"http:\/\/aoxuancnc.com\/\"},{\"@type\":\"ListItem\",\"position\":2,\"name\":\"Product\",\"item\":\"http:\/\/aoxuancnc.com\/de\/product\/\"},{\"@type\":\"ListItem\",\"position\":3,\"name\":\"QC11Y-6X4000 CNC Hydraulic Shearing Guillotine Machine With DAC360T\"}]},{\"@type\":\"WebSite\",\"@id\":\"http:\/\/aoxuancnc.com\/#website\",\"url\":\"http:\/\/aoxuancnc.com\/\",\"name\":\"AOXUANZG\",\"description\":\"Anhui Aoxuan Heavy Industry Machine Co., Ltd\",\"potentialAction\":[{\"@type\":\"SearchAction\",\"target\":{\"@type\":\"EntryPoint\",\"urlTemplate\":\"http:\/\/aoxuancnc.com\/?s={search_term_string}\"},\"query-input\":{\"@type\":\"PropertyValueSpecification\",\"valueRequired\":true,\"valueName\":\"search_term_string\"}}],\"inLanguage\":\"es\"}]}<\/script>\n<!-- \/ Yoast SEO plugin. -->","yoast_head_json":{"title":"QC11Y-6X4000 CNC Hydraulic Shearing Guillotine Machine With DAC360T - AOXUANZG","robots":{"index":"index","follow":"follow","max-snippet":"max-snippet:-1","max-image-preview":"max-image-preview:large","max-video-preview":"max-video-preview:-1"},"canonical":"http:\/\/aoxuancnc.com\/es\/producto\/qc11y-6x4000-cnc-hydraulic-shearing-guillotine-machine-with-dac360t\/","og_locale":"es_ES","og_type":"article","og_title":"QC11Y-6X4000 CNC Hydraulic Shearing Guillotine Machine With DAC360T - AOXUANZG","og_description":"Product Details Place of Origin: China Brand Name: AOXUANZG Certification: CE Model Number: QC11Y-6X4000  Payment &amp; Shipping Terms Minimum Order Quantity: 1 Set Packaging Details: Standard export packing Delivery time: 30 days Payment Terms: L\/C, T\/T, Western Union, MoneyGram Supply Ability: 50 sets\/Year","og_url":"http:\/\/aoxuancnc.com\/es\/producto\/qc11y-6x4000-cnc-hydraulic-shearing-guillotine-machine-with-dac360t\/","og_site_name":"AOXUANZG","article_modified_time":"2025-09-23T05:50:27+00:00","og_image":[{"width":800,"height":800,"url":"http:\/\/aoxuancnc.com\/wp-content\/uploads\/2025\/09\/6X4000-hydraulic-shearing-machine-with-DAC360T.png","type":"image\/png"}],"twitter_card":"summary_large_image","twitter_misc":{"Tiempo de lectura":"4 minutos"},"schema":{"@context":"https:\/\/schema.org","@graph":[{"@type":"WebPage","@id":"http:\/\/aoxuancnc.com\/ru\/product\/qc11y-6x4000-cnc-hydraulic-shearing-guillotine-machine-with-dac360t\/","url":"http:\/\/aoxuancnc.com\/ru\/product\/qc11y-6x4000-cnc-hydraulic-shearing-guillotine-machine-with-dac360t\/","name":"QC11Y-6X4000 CNC Hydraulic Shearing Guillotine Machine With DAC360T - AOXUANZG","isPartOf":{"@id":"http:\/\/aoxuancnc.com\/#website"},"primaryImageOfPage":{"@id":"http:\/\/aoxuancnc.com\/ru\/product\/qc11y-6x4000-cnc-hydraulic-shearing-guillotine-machine-with-dac360t\/#primaryimage"},"image":{"@id":"http:\/\/aoxuancnc.com\/ru\/product\/qc11y-6x4000-cnc-hydraulic-shearing-guillotine-machine-with-dac360t\/#primaryimage"},"thumbnailUrl":"https:\/\/aoxuancnc.com\/wp-content\/uploads\/2025\/09\/6X4000-hydraulic-shearing-machine-with-DAC360T.png","datePublished":"2025-09-19T03:06:35+00:00","dateModified":"2025-09-23T05:50:27+00:00","breadcrumb":{"@id":"http:\/\/aoxuancnc.com\/ru\/product\/qc11y-6x4000-cnc-hydraulic-shearing-guillotine-machine-with-dac360t\/#breadcrumb"},"inLanguage":"es","potentialAction":[{"@type":"ReadAction","target":["http:\/\/aoxuancnc.com\/ru\/product\/qc11y-6x4000-cnc-hydraulic-shearing-guillotine-machine-with-dac360t\/"]}]},{"@type":"ImageObject","inLanguage":"es","@id":"http:\/\/aoxuancnc.com\/ru\/product\/qc11y-6x4000-cnc-hydraulic-shearing-guillotine-machine-with-dac360t\/#primaryimage","url":"https:\/\/aoxuancnc.com\/wp-content\/uploads\/2025\/09\/6X4000-hydraulic-shearing-machine-with-DAC360T.png","contentUrl":"https:\/\/aoxuancnc.com\/wp-content\/uploads\/2025\/09\/6X4000-hydraulic-shearing-machine-with-DAC360T.png","width":800,"height":800},{"@type":"BreadcrumbList","@id":"http:\/\/aoxuancnc.com\/ru\/product\/qc11y-6x4000-cnc-hydraulic-shearing-guillotine-machine-with-dac360t\/#breadcrumb","itemListElement":[{"@type":"ListItem","position":1,"name":"\u9996\u9875","item":"http:\/\/aoxuancnc.com\/"},{"@type":"ListItem","position":2,"name":"Product","item":"http:\/\/aoxuancnc.com\/de\/product\/"},{"@type":"ListItem","position":3,"name":"QC11Y-6X4000 CNC Hydraulic Shearing Guillotine Machine With DAC360T"}]},{"@type":"WebSite","@id":"http:\/\/aoxuancnc.com\/#website","url":"http:\/\/aoxuancnc.com\/","name":"AOXUANZG","description":"Anhui Aoxuan Heavy Industry Machine Co., Ltd","potentialAction":[{"@type":"SearchAction","target":{"@type":"EntryPoint","urlTemplate":"http:\/\/aoxuancnc.com\/?s={search_term_string}"},"query-input":{"@type":"PropertyValueSpecification","valueRequired":true,"valueName":"search_term_string"}}],"inLanguage":"es"}]}},"_links":{"self":[{"href":"https:\/\/aoxuancnc.com\/es\/wp-json\/wp\/v2\/product\/440","targetHints":{"allow":["GET"]}}],"collection":[{"href":"https:\/\/aoxuancnc.com\/es\/wp-json\/wp\/v2\/product"}],"about":[{"href":"https:\/\/aoxuancnc.com\/es\/wp-json\/wp\/v2\/types\/product"}],"wp:featuredmedia":[{"embeddable":true,"href":"https:\/\/aoxuancnc.com\/es\/wp-json\/wp\/v2\/media\/569"}],"wp:attachment":[{"href":"https:\/\/aoxuancnc.com\/es\/wp-json\/wp\/v2\/media?parent=440"}],"wp:term":[{"taxonomy":"product_brand","embeddable":true,"href":"https:\/\/aoxuancnc.com\/es\/wp-json\/wp\/v2\/product_brand?post=440"},{"taxonomy":"product_cat","embeddable":true,"href":"https:\/\/aoxuancnc.com\/es\/wp-json\/wp\/v2\/product_cat?post=440"},{"taxonomy":"product_tag","embeddable":true,"href":"https:\/\/aoxuancnc.com\/es\/wp-json\/wp\/v2\/product_tag?post=440"}],"curies":[{"name":"wp","href":"https:\/\/api.w.org\/{rel}","templated":true}]}}