{"id":499,"date":"2025-09-22T03:12:02","date_gmt":"2025-09-22T03:12:02","guid":{"rendered":"https:\/\/aoxuancnc.com\/?post_type=product&#038;p=499"},"modified":"2025-09-22T06:58:54","modified_gmt":"2025-09-22T06:58:54","slug":"110t3200-ax68t-41-axis-stainless-steel-synchronized-hydraulic-servo-bending-cnc-electric-hydraulic-press-brake-machine","status":"publish","type":"product","link":"https:\/\/aoxuancnc.com\/es\/producto\/110t3200-ax68t-41-axis-stainless-steel-synchronized-hydraulic-servo-bending-cnc-electric-hydraulic-press-brake-machine\/","title":{"rendered":"Prensa plegadora hidr\u00e1ulica sincronizada CNC de acero inoxidable de 4+1 ejes 110T3200 AX68T"},"content":{"rendered":"<div style=\"width: 640px;\" class=\"wp-video\"><video class=\"wp-video-shortcode\" id=\"video-499-1\" width=\"640\" height=\"480\" preload=\"metadata\" controls=\"controls\"><source type=\"video\/mp4\" src=\"https:\/\/aoxuancnc.com\/wp-content\/uploads\/2025\/09\/110T3200-AX68T-41.mp4?_=1\" \/><a href=\"https:\/\/aoxuancnc.com\/wp-content\/uploads\/2025\/09\/110T3200-AX68T-41.mp4\">https:\/\/aoxuancnc.com\/wp-content\/uploads\/2025\/09\/110T3200-AX68T-41.mp4<\/a><\/video><\/div>\n<p><!--more--><\/p>\n<h3 class=\"magic-9\"><strong><span class=\"magic-10\">Caracter\u00edsticas principales:<\/span><\/strong><\/h3>\n<div class=\"magic-2\">\n<div class=\"magic-3\">\n<div class=\"magic-4\">\n<div class=\"magic-11\">\n<p class=\"ds-markdown-paragraph\" style=\"text-align: left;\">1. La m\u00e1quina cuenta con un cuerpo soldado y una estructura integrada, con componentes clave analizados mediante el software de elementos finitos ANSISTM para garantizar confiabilidad y precisi\u00f3n.<\/p>\n<p class=\"ds-markdown-paragraph\">2. Los cilindros principales de aceite duales utilizan un control de circuito cerrado con servov\u00e1lvulas electrohidr\u00e1ulicas alemanas y reglas de rejilla importadas, reemplazando los topes mec\u00e1nicos tradicionales para un doblado altamente preciso y repetible.<\/p>\n<p class=\"ds-markdown-paragraph\">3. Todos los componentes del tope trasero son importados para un posicionamiento preciso. Disponemos de bloqueo multieje para satisfacer las necesidades espec\u00edficas del cliente.<\/p>\n<p class=\"ds-markdown-paragraph\">4. El sistema hidr\u00e1ulico integrado en Alemania reduce las tuber\u00edas, mejora la estabilidad y proporciona una apariencia limpia y aerodin\u00e1mica.<\/p>\n<p class=\"ds-markdown-paragraph\">5. Adem\u00e1s, las placas laterales en forma de C albergan reglas de rejilla de alta precisi\u00f3n, lo que las a\u00edsla eficazmente de cualquier deformaci\u00f3n del cuerpo durante el proceso de doblado, lo que garantiza una precisi\u00f3n constante.<\/p>\n<p class=\"ds-markdown-paragraph\" style=\"text-align: left;\">6. El banco de trabajo inferior incluye compensaci\u00f3n de deflexi\u00f3n autom\u00e1tica hidr\u00e1ulica, eliminando puntos ciegos y garantizando un doblado uniforme y de alta precisi\u00f3n a largo plazo.<\/p>\n<\/div>\n<\/div>\n<\/div>\n<\/div>\n<p><img loading=\"lazy\" decoding=\"async\" class=\"alignnone wp-image-502 size-medium\" src=\"https:\/\/aoxuancnc.com\/wp-content\/uploads\/2025\/09\/02-500x375.jpg\" alt=\"\" width=\"500\" height=\"375\" srcset=\"https:\/\/aoxuancnc.com\/wp-content\/uploads\/2025\/09\/02-500x375.jpg 500w, https:\/\/aoxuancnc.com\/wp-content\/uploads\/2025\/09\/02-300x225.jpg 300w, https:\/\/aoxuancnc.com\/wp-content\/uploads\/2025\/09\/02-768x576.jpg 768w, https:\/\/aoxuancnc.com\/wp-content\/uploads\/2025\/09\/02-16x12.jpg 16w, https:\/\/aoxuancnc.com\/wp-content\/uploads\/2025\/09\/02-100x75.jpg 100w, https:\/\/aoxuancnc.com\/wp-content\/uploads\/2025\/09\/02-480x360.jpg 480w, https:\/\/aoxuancnc.com\/wp-content\/uploads\/2025\/09\/02.jpg 800w\" sizes=\"auto, (max-width:767px) 480px, 500px\" \/><\/p>\n<p>&nbsp;<\/p>\n<h3 class=\"magic-2\"><strong>La configuraci\u00f3n est\u00e1ndar:<\/strong><\/h3>\n<p><img loading=\"lazy\" decoding=\"async\" class=\"alignnone wp-image-503\" src=\"https:\/\/aoxuancnc.com\/wp-content\/uploads\/2025\/09\/d49be8a92db4bb8fee50548b44d358b-387x500.png\" alt=\"\" width=\"455\" height=\"588\" srcset=\"https:\/\/aoxuancnc.com\/wp-content\/uploads\/2025\/09\/d49be8a92db4bb8fee50548b44d358b-387x500.png 387w, https:\/\/aoxuancnc.com\/wp-content\/uploads\/2025\/09\/d49be8a92db4bb8fee50548b44d358b-232x300.png 232w, https:\/\/aoxuancnc.com\/wp-content\/uploads\/2025\/09\/d49be8a92db4bb8fee50548b44d358b-9x12.png 9w, https:\/\/aoxuancnc.com\/wp-content\/uploads\/2025\/09\/d49be8a92db4bb8fee50548b44d358b-58x75.png 58w, https:\/\/aoxuancnc.com\/wp-content\/uploads\/2025\/09\/d49be8a92db4bb8fee50548b44d358b-480x620.png 480w, https:\/\/aoxuancnc.com\/wp-content\/uploads\/2025\/09\/d49be8a92db4bb8fee50548b44d358b.png 617w\" sizes=\"auto, (max-width:767px) 455px, 455px\" \/><\/p>\n<div class=\"magic-4\">\n<div class=\"magic-5\">\n<div class=\"magic-6\">\n<h3>Introducci\u00f3n al controlador AX68T:<\/h3>\n<div><b>animaci\u00f3n 3D de flexi\u00f3n <\/b><\/div>\n<div><b>Clasificaci\u00f3n autom\u00e1tica de doblado <\/b><\/div>\n<div><b>Importaci\u00f3n de dibujos CAD <\/b><\/div>\n<div><b>Presi\u00f3n: 501 <\/b><\/div>\n<div><b>Pantalla t\u00e1ctil a todo color de 18,5 pulgadas Introducci\u00f3n de funciones <\/b><\/div>\n<div><b>01. Admite programaci\u00f3n de \u00e1ngulos y conmutaci\u00f3n de programaci\u00f3n de profundidad. <\/b><\/div>\n<div><b>02. Admite la configuraci\u00f3n de la biblioteca de productos de la biblioteca de moldes <\/b><\/div>\n<div><b>03. Cada paso puede configurar libremente la altura de apertura. <\/b><\/div>\n<div><b>04.La posici\u00f3n del punto de cambio de velocidad se puede controlar libremente. <\/b><\/div>\n<div><b>05. Est\u00e1ndar Y1, Y2, R y otras extensiones multieje <\/b><\/div>\n<div><b>06. Soporte de control de banco de trabajo de compensaci\u00f3n mec\u00e1nica <\/b><\/div>\n<div><b>07. Soporte Soporte para generaci\u00f3n autom\u00e1tica de programas de arco grande <\/b><\/div>\n<div><b>08. Admite m\u00faltiples opciones de cambio de paso, como punto muerto superior, punto muerto inferior, pie suelto, retraso, etc., lo que mejora eficazmente la eficiencia del procesamiento. <\/b><\/div>\n<div><b>09. Soporte de puente electromagn\u00e9tico simple <\/b><\/div>\n<div><b>10. Admite la funci\u00f3n de puente de arrastre neum\u00e1tico totalmente autom\u00e1tica.<\/b><\/div>\n<div><b> 11. Admite doblado autom\u00e1tico, realiza un control de doblado sin intervenci\u00f3n humana y admite hasta 25 pasos de doblado autom\u00e1tico. <\/b><\/div>\n<div><b>12. Admite funciones de configuraci\u00f3n del grupo de v\u00e1lvulas, como descenso r\u00e1pido, desaceleraci\u00f3n, retorno, acci\u00f3n de descarga y control del tiempo de acci\u00f3n de la v\u00e1lvula. <\/b><\/div>\n<div><b>13. 200 bibliotecas de productos, 25 pasos, cada nombre de biblioteca de productos est\u00e1 personalizado en chino e ingl\u00e9s, el arco grande admite 99 pasos<\/b><\/div>\n<div data-spm-anchor-id=\"a2700.details-description.0.i0.934dDnf7Dnf7WH\"><\/div>\n<\/div>\n<\/div>\n<\/div>\n<p><img loading=\"lazy\" decoding=\"async\" class=\"alignnone wp-image-504 size-medium\" src=\"https:\/\/aoxuancnc.com\/wp-content\/uploads\/2025\/09\/09-500x375.jpg\" alt=\"\" width=\"500\" height=\"375\" srcset=\"https:\/\/aoxuancnc.com\/wp-content\/uploads\/2025\/09\/09-500x375.jpg 500w, https:\/\/aoxuancnc.com\/wp-content\/uploads\/2025\/09\/09-300x225.jpg 300w, https:\/\/aoxuancnc.com\/wp-content\/uploads\/2025\/09\/09-768x576.jpg 768w, https:\/\/aoxuancnc.com\/wp-content\/uploads\/2025\/09\/09-16x12.jpg 16w, https:\/\/aoxuancnc.com\/wp-content\/uploads\/2025\/09\/09-100x75.jpg 100w, https:\/\/aoxuancnc.com\/wp-content\/uploads\/2025\/09\/09-480x360.jpg 480w, https:\/\/aoxuancnc.com\/wp-content\/uploads\/2025\/09\/09.jpg 800w\" sizes=\"auto, (max-width:767px) 480px, 500px\" \/><\/p>\n<h3><strong>Imagen de la m\u00e1quina Tetail:<\/strong><\/h3>\n<p><img loading=\"lazy\" decoding=\"async\" class=\"alignnone wp-image-505 size-medium\" src=\"https:\/\/aoxuancnc.com\/wp-content\/uploads\/2025\/09\/04-500x375.jpg\" alt=\"\" width=\"500\" height=\"375\" srcset=\"https:\/\/aoxuancnc.com\/wp-content\/uploads\/2025\/09\/04-500x375.jpg 500w, https:\/\/aoxuancnc.com\/wp-content\/uploads\/2025\/09\/04-300x225.jpg 300w, https:\/\/aoxuancnc.com\/wp-content\/uploads\/2025\/09\/04-768x576.jpg 768w, https:\/\/aoxuancnc.com\/wp-content\/uploads\/2025\/09\/04-16x12.jpg 16w, https:\/\/aoxuancnc.com\/wp-content\/uploads\/2025\/09\/04-100x75.jpg 100w, https:\/\/aoxuancnc.com\/wp-content\/uploads\/2025\/09\/04-480x360.jpg 480w, https:\/\/aoxuancnc.com\/wp-content\/uploads\/2025\/09\/04.jpg 800w\" sizes=\"auto, (max-width:767px) 480px, 500px\" \/><\/p>\n<p><img loading=\"lazy\" decoding=\"async\" class=\"alignnone wp-image-508 size-medium\" src=\"https:\/\/aoxuancnc.com\/wp-content\/uploads\/2025\/09\/08-500x375.jpg\" alt=\"\" width=\"500\" height=\"375\" srcset=\"https:\/\/aoxuancnc.com\/wp-content\/uploads\/2025\/09\/08-500x375.jpg 500w, https:\/\/aoxuancnc.com\/wp-content\/uploads\/2025\/09\/08-300x225.jpg 300w, https:\/\/aoxuancnc.com\/wp-content\/uploads\/2025\/09\/08-768x576.jpg 768w, https:\/\/aoxuancnc.com\/wp-content\/uploads\/2025\/09\/08-16x12.jpg 16w, https:\/\/aoxuancnc.com\/wp-content\/uploads\/2025\/09\/08-100x75.jpg 100w, https:\/\/aoxuancnc.com\/wp-content\/uploads\/2025\/09\/08-480x360.jpg 480w, https:\/\/aoxuancnc.com\/wp-content\/uploads\/2025\/09\/08.jpg 800w\" sizes=\"auto, (max-width:767px) 480px, 500px\" \/><\/p>\n<p><img loading=\"lazy\" decoding=\"async\" class=\"alignnone size-medium wp-image-509\" src=\"https:\/\/aoxuancnc.com\/wp-content\/uploads\/2025\/09\/10-500x375.jpg\" alt=\"\" width=\"500\" height=\"375\" srcset=\"https:\/\/aoxuancnc.com\/wp-content\/uploads\/2025\/09\/10-500x375.jpg 500w, https:\/\/aoxuancnc.com\/wp-content\/uploads\/2025\/09\/10-300x225.jpg 300w, https:\/\/aoxuancnc.com\/wp-content\/uploads\/2025\/09\/10-768x576.jpg 768w, https:\/\/aoxuancnc.com\/wp-content\/uploads\/2025\/09\/10-16x12.jpg 16w, https:\/\/aoxuancnc.com\/wp-content\/uploads\/2025\/09\/10-100x75.jpg 100w, https:\/\/aoxuancnc.com\/wp-content\/uploads\/2025\/09\/10-480x360.jpg 480w, https:\/\/aoxuancnc.com\/wp-content\/uploads\/2025\/09\/10.jpg 800w\" sizes=\"auto, (max-width:767px) 480px, 500px\" \/><\/p>\n<h3>Par\u00e1metro:<\/h3>\n<p><img loading=\"lazy\" decoding=\"async\" class=\"alignnone wp-image-510 size-large\" src=\"https:\/\/aoxuancnc.com\/wp-content\/uploads\/2025\/09\/\u578b\u53f7\u56fe-886x1200.png\" alt=\"\" width=\"886\" height=\"1200\" srcset=\"https:\/\/aoxuancnc.com\/wp-content\/uploads\/2025\/09\/\u578b\u53f7\u56fe-886x1200.png 886w, https:\/\/aoxuancnc.com\/wp-content\/uploads\/2025\/09\/\u578b\u53f7\u56fe-369x500.png 369w, https:\/\/aoxuancnc.com\/wp-content\/uploads\/2025\/09\/\u578b\u53f7\u56fe-222x300.png 222w, https:\/\/aoxuancnc.com\/wp-content\/uploads\/2025\/09\/\u578b\u53f7\u56fe-768x1040.png 768w, https:\/\/aoxuancnc.com\/wp-content\/uploads\/2025\/09\/\u578b\u53f7\u56fe-9x12.png 9w, https:\/\/aoxuancnc.com\/wp-content\/uploads\/2025\/09\/\u578b\u53f7\u56fe-55x75.png 55w, https:\/\/aoxuancnc.com\/wp-content\/uploads\/2025\/09\/\u578b\u53f7\u56fe-480x650.png 480w, https:\/\/aoxuancnc.com\/wp-content\/uploads\/2025\/09\/\u578b\u53f7\u56fe-800x1083.png 800w, https:\/\/aoxuancnc.com\/wp-content\/uploads\/2025\/09\/\u578b\u53f7\u56fe.png 1000w\" sizes=\"auto, (max-width:767px) 480px, (max-width:886px) 100vw, 886px\" \/><\/p>\n<h5><strong>Preventa.<\/strong><br \/>\n* Dise\u00f1o del proyecto, presentaci\u00f3n de la ejecuci\u00f3n, acuerdo t\u00e9cnico, firma del contrato, embalaje.<br \/>\n* Soporte de consultas y consultor\u00eda.<br \/>\n* Soporte para pruebas de muestra.<\/h5>\n<h5><strong>En venta.<\/strong><br \/>\n* Le proporcionaremos los \u00faltimos avances en el montaje, embalaje y transporte del producto.<\/h5>\n<h5><strong>Postventa.<\/strong><br \/>\n* Proporcionaremos accesorios gratuitos por da\u00f1os a partes no humanas.<\/h5>\n<h5>*El paquete de soporte incluye capacitaci\u00f3n como orientaci\u00f3n sobre la instalaci\u00f3n de la m\u00e1quina, as\u00ed como capacitaci\u00f3n operativa basada en video y otros servicios relacionados.<\/h5>\n<h5>*Y nuestro personal t\u00e9cnico puede viajar al extranjero para brindar orientaci\u00f3n t\u00e9cnica.<\/h5>\n<h3><strong>Embalaje y env\u00edo<\/strong><\/h3>\n<p><img loading=\"lazy\" decoding=\"async\" class=\"alignnone wp-image-511 size-medium\" src=\"https:\/\/aoxuancnc.com\/wp-content\/uploads\/2025\/09\/\u5305\u88c51-500x402.png\" alt=\"\" width=\"500\" height=\"402\" srcset=\"https:\/\/aoxuancnc.com\/wp-content\/uploads\/2025\/09\/\u5305\u88c51-500x402.png 500w, https:\/\/aoxuancnc.com\/wp-content\/uploads\/2025\/09\/\u5305\u88c51-300x241.png 300w, https:\/\/aoxuancnc.com\/wp-content\/uploads\/2025\/09\/\u5305\u88c51-15x12.png 15w, https:\/\/aoxuancnc.com\/wp-content\/uploads\/2025\/09\/\u5305\u88c51-93x75.png 93w, https:\/\/aoxuancnc.com\/wp-content\/uploads\/2025\/09\/\u5305\u88c51-480x386.png 480w, https:\/\/aoxuancnc.com\/wp-content\/uploads\/2025\/09\/\u5305\u88c51.png 750w\" sizes=\"auto, (max-width:767px) 480px, 500px\" \/><img loading=\"lazy\" decoding=\"async\" class=\"alignnone wp-image-512 size-medium\" src=\"https:\/\/aoxuancnc.com\/wp-content\/uploads\/2025\/09\/\u5305\u88c52-500x344.png\" alt=\"\" width=\"500\" height=\"344\" srcset=\"https:\/\/aoxuancnc.com\/wp-content\/uploads\/2025\/09\/\u5305\u88c52-500x344.png 500w, https:\/\/aoxuancnc.com\/wp-content\/uploads\/2025\/09\/\u5305\u88c52-300x206.png 300w, https:\/\/aoxuancnc.com\/wp-content\/uploads\/2025\/09\/\u5305\u88c52-768x528.png 768w, https:\/\/aoxuancnc.com\/wp-content\/uploads\/2025\/09\/\u5305\u88c52-18x12.png 18w, https:\/\/aoxuancnc.com\/wp-content\/uploads\/2025\/09\/\u5305\u88c52-109x75.png 109w, https:\/\/aoxuancnc.com\/wp-content\/uploads\/2025\/09\/\u5305\u88c52-480x330.png 480w, https:\/\/aoxuancnc.com\/wp-content\/uploads\/2025\/09\/\u5305\u88c52-800x550.png 800w, https:\/\/aoxuancnc.com\/wp-content\/uploads\/2025\/09\/\u5305\u88c52.png 1076w\" sizes=\"auto, (max-width:767px) 480px, 500px\" \/><\/p>\n<p>&nbsp;<\/p>\n<p>&nbsp;<\/p>","protected":false},"excerpt":{"rendered":"<p><strong>Detalles del producto<\/strong><br \/>\nLugar de origen: China<br \/>\nMarca: AOXUANZG<br \/>\nCertificaci\u00f3n: CE<br \/>\nN\u00famero de modelo: WE67K-110T3200<\/p>\n<p><strong>Condiciones de pago y env\u00edo<\/strong><br \/>\nCantidad m\u00ednima de pedido: 1 juego<br \/>\nDetalles del embalaje: embalaje de exportaci\u00f3n est\u00e1ndar<br \/>\nPlazo de entrega: 30 d\u00edas<br \/>\nCondiciones de pago: L\/C, T\/T, Western Union, MoneyGram<br \/>\nCapacidad de suministro: 120 juegos\/a\u00f1o<\/p>","protected":false},"featured_media":500,"template":"","meta":[],"product_brand":[21],"product_cat":[3],"product_tag":[56,53,54,55,19],"class_list":{"0":"post-499","1":"product","2":"type-product","3":"status-publish","4":"has-post-thumbnail","6":"product_brand-aoxuanzg","7":"product_cat-cnc-electro-hydraulic-press-brake","8":"product_tag-cnc-electro-hydraulic-press-brake","9":"product_tag-cnc-hydryaulic-press-brake-machine","10":"product_tag-hydraulic-bending-machine","11":"product_tag-press-brake-machine","12":"product_tag-pressbrakebender-hydraulicpressbrake","14":"first","15":"instock","16":"shipping-taxable","17":"product-type-external"},"yoast_head":"<!-- This site is optimized with the Yoast SEO plugin v24.9 - https:\/\/yoast.com\/wordpress\/plugins\/seo\/ -->\n<title>110T3200 AX68T 4+1 Axis Stainless Steel Synchronized Hydraulic Servo Bending Cnc Electric Hydraulic Press Brake Machine - AOXUANZG<\/title>\n<meta name=\"robots\" content=\"index, follow, max-snippet:-1, max-image-preview:large, max-video-preview:-1\" \/>\n<link rel=\"canonical\" href=\"https:\/\/aoxuancnc.com\/es\/producto\/110t3200-ax68t-41-axis-stainless-steel-synchronized-hydraulic-servo-bending-cnc-electric-hydraulic-press-brake-machine\/\" \/>\n<meta property=\"og:locale\" content=\"es_ES\" \/>\n<meta property=\"og:type\" content=\"article\" \/>\n<meta property=\"og:title\" content=\"110T3200 AX68T 4+1 Axis Stainless Steel Synchronized Hydraulic Servo Bending Cnc Electric Hydraulic Press Brake Machine - AOXUANZG\" \/>\n<meta property=\"og:description\" content=\"Product Details Place of Origin: China Brand Name: AOXUANZG Certification: CE Model Number: WE67K-110T3200  Payment &amp; Shipping Terms Minimum Order Quantity: 1 Set Packaging Details: Standard export packing Delivery time: 30 days Payment Terms: L\/C, T\/T, Western Union, MoneyGram Supply Ability:120 sets\/Year\" \/>\n<meta property=\"og:url\" content=\"https:\/\/aoxuancnc.com\/es\/producto\/110t3200-ax68t-41-axis-stainless-steel-synchronized-hydraulic-servo-bending-cnc-electric-hydraulic-press-brake-machine\/\" \/>\n<meta property=\"og:site_name\" content=\"AOXUANZG\" \/>\n<meta property=\"article:modified_time\" content=\"2025-09-22T06:58:54+00:00\" \/>\n<meta property=\"og:image\" content=\"https:\/\/aoxuancnc.com\/wp-content\/uploads\/2025\/09\/\u767d\u5e95\u56fe_\u526f\u672c.png\" \/>\n\t<meta property=\"og:image:width\" content=\"800\" \/>\n\t<meta property=\"og:image:height\" content=\"800\" \/>\n\t<meta property=\"og:image:type\" content=\"image\/png\" \/>\n<meta name=\"twitter:card\" content=\"summary_large_image\" \/>\n<meta name=\"twitter:label1\" content=\"Tiempo de lectura\" \/>\n\t<meta name=\"twitter:data1\" content=\"4 minutos\" \/>\n<script type=\"application\/ld+json\" class=\"yoast-schema-graph\">{\"@context\":\"https:\/\/schema.org\",\"@graph\":[{\"@type\":\"WebPage\",\"@id\":\"https:\/\/aoxuancnc.com\/product\/110t3200-ax68t-41-axis-stainless-steel-synchronized-hydraulic-servo-bending-cnc-electric-hydraulic-press-brake-machine\/\",\"url\":\"https:\/\/aoxuancnc.com\/product\/110t3200-ax68t-41-axis-stainless-steel-synchronized-hydraulic-servo-bending-cnc-electric-hydraulic-press-brake-machine\/\",\"name\":\"110T3200 AX68T 4+1 Axis Stainless Steel Synchronized Hydraulic Servo Bending Cnc Electric Hydraulic Press Brake Machine - AOXUANZG\",\"isPartOf\":{\"@id\":\"http:\/\/aoxuancnc.com\/#website\"},\"primaryImageOfPage\":{\"@id\":\"https:\/\/aoxuancnc.com\/product\/110t3200-ax68t-41-axis-stainless-steel-synchronized-hydraulic-servo-bending-cnc-electric-hydraulic-press-brake-machine\/#primaryimage\"},\"image\":{\"@id\":\"https:\/\/aoxuancnc.com\/product\/110t3200-ax68t-41-axis-stainless-steel-synchronized-hydraulic-servo-bending-cnc-electric-hydraulic-press-brake-machine\/#primaryimage\"},\"thumbnailUrl\":\"https:\/\/aoxuancnc.com\/wp-content\/uploads\/2025\/09\/\u767d\u5e95\u56fe_\u526f\u672c.png\",\"datePublished\":\"2025-09-22T03:12:02+00:00\",\"dateModified\":\"2025-09-22T06:58:54+00:00\",\"breadcrumb\":{\"@id\":\"https:\/\/aoxuancnc.com\/product\/110t3200-ax68t-41-axis-stainless-steel-synchronized-hydraulic-servo-bending-cnc-electric-hydraulic-press-brake-machine\/#breadcrumb\"},\"inLanguage\":\"es\",\"potentialAction\":[{\"@type\":\"ReadAction\",\"target\":[\"https:\/\/aoxuancnc.com\/product\/110t3200-ax68t-41-axis-stainless-steel-synchronized-hydraulic-servo-bending-cnc-electric-hydraulic-press-brake-machine\/\"]}]},{\"@type\":\"ImageObject\",\"inLanguage\":\"es\",\"@id\":\"https:\/\/aoxuancnc.com\/product\/110t3200-ax68t-41-axis-stainless-steel-synchronized-hydraulic-servo-bending-cnc-electric-hydraulic-press-brake-machine\/#primaryimage\",\"url\":\"https:\/\/aoxuancnc.com\/wp-content\/uploads\/2025\/09\/\u767d\u5e95\u56fe_\u526f\u672c.png\",\"contentUrl\":\"https:\/\/aoxuancnc.com\/wp-content\/uploads\/2025\/09\/\u767d\u5e95\u56fe_\u526f\u672c.png\",\"width\":800,\"height\":800},{\"@type\":\"BreadcrumbList\",\"@id\":\"https:\/\/aoxuancnc.com\/product\/110t3200-ax68t-41-axis-stainless-steel-synchronized-hydraulic-servo-bending-cnc-electric-hydraulic-press-brake-machine\/#breadcrumb\",\"itemListElement\":[{\"@type\":\"ListItem\",\"position\":1,\"name\":\"\u9996\u9875\",\"item\":\"http:\/\/aoxuancnc.com\/\"},{\"@type\":\"ListItem\",\"position\":2,\"name\":\"Product\",\"item\":\"https:\/\/aoxuancnc.com\/ru\/product\/\"},{\"@type\":\"ListItem\",\"position\":3,\"name\":\"110T3200 AX68T 4+1 Axis Stainless Steel Synchronized Hydraulic Servo Bending Cnc Electric Hydraulic Press Brake Machine\"}]},{\"@type\":\"WebSite\",\"@id\":\"http:\/\/aoxuancnc.com\/#website\",\"url\":\"http:\/\/aoxuancnc.com\/\",\"name\":\"AOXUANZG\",\"description\":\"Anhui Aoxuan Heavy Industry Machine Co., Ltd\",\"potentialAction\":[{\"@type\":\"SearchAction\",\"target\":{\"@type\":\"EntryPoint\",\"urlTemplate\":\"http:\/\/aoxuancnc.com\/?s={search_term_string}\"},\"query-input\":{\"@type\":\"PropertyValueSpecification\",\"valueRequired\":true,\"valueName\":\"search_term_string\"}}],\"inLanguage\":\"es\"}]}<\/script>\n<!-- \/ Yoast SEO plugin. -->","yoast_head_json":{"title":"110T3200 AX68T 4+1 Axis Stainless Steel Synchronized Hydraulic Servo Bending Cnc Electric Hydraulic Press Brake Machine - AOXUANZG","robots":{"index":"index","follow":"follow","max-snippet":"max-snippet:-1","max-image-preview":"max-image-preview:large","max-video-preview":"max-video-preview:-1"},"canonical":"https:\/\/aoxuancnc.com\/es\/producto\/110t3200-ax68t-41-axis-stainless-steel-synchronized-hydraulic-servo-bending-cnc-electric-hydraulic-press-brake-machine\/","og_locale":"es_ES","og_type":"article","og_title":"110T3200 AX68T 4+1 Axis Stainless Steel Synchronized Hydraulic Servo Bending Cnc Electric Hydraulic Press Brake Machine - AOXUANZG","og_description":"Product Details Place of Origin: China Brand Name: AOXUANZG Certification: CE Model Number: WE67K-110T3200  Payment &amp; Shipping Terms Minimum Order Quantity: 1 Set Packaging Details: Standard export packing Delivery time: 30 days Payment Terms: L\/C, T\/T, Western Union, MoneyGram Supply Ability:120 sets\/Year","og_url":"https:\/\/aoxuancnc.com\/es\/producto\/110t3200-ax68t-41-axis-stainless-steel-synchronized-hydraulic-servo-bending-cnc-electric-hydraulic-press-brake-machine\/","og_site_name":"AOXUANZG","article_modified_time":"2025-09-22T06:58:54+00:00","og_image":[{"width":800,"height":800,"url":"https:\/\/aoxuancnc.com\/wp-content\/uploads\/2025\/09\/\u767d\u5e95\u56fe_\u526f\u672c.png","type":"image\/png"}],"twitter_card":"summary_large_image","twitter_misc":{"Tiempo de lectura":"4 minutos"},"schema":{"@context":"https:\/\/schema.org","@graph":[{"@type":"WebPage","@id":"https:\/\/aoxuancnc.com\/product\/110t3200-ax68t-41-axis-stainless-steel-synchronized-hydraulic-servo-bending-cnc-electric-hydraulic-press-brake-machine\/","url":"https:\/\/aoxuancnc.com\/product\/110t3200-ax68t-41-axis-stainless-steel-synchronized-hydraulic-servo-bending-cnc-electric-hydraulic-press-brake-machine\/","name":"110T3200 AX68T 4+1 Axis Stainless Steel Synchronized Hydraulic Servo Bending Cnc Electric Hydraulic Press Brake Machine - AOXUANZG","isPartOf":{"@id":"http:\/\/aoxuancnc.com\/#website"},"primaryImageOfPage":{"@id":"https:\/\/aoxuancnc.com\/product\/110t3200-ax68t-41-axis-stainless-steel-synchronized-hydraulic-servo-bending-cnc-electric-hydraulic-press-brake-machine\/#primaryimage"},"image":{"@id":"https:\/\/aoxuancnc.com\/product\/110t3200-ax68t-41-axis-stainless-steel-synchronized-hydraulic-servo-bending-cnc-electric-hydraulic-press-brake-machine\/#primaryimage"},"thumbnailUrl":"https:\/\/aoxuancnc.com\/wp-content\/uploads\/2025\/09\/\u767d\u5e95\u56fe_\u526f\u672c.png","datePublished":"2025-09-22T03:12:02+00:00","dateModified":"2025-09-22T06:58:54+00:00","breadcrumb":{"@id":"https:\/\/aoxuancnc.com\/product\/110t3200-ax68t-41-axis-stainless-steel-synchronized-hydraulic-servo-bending-cnc-electric-hydraulic-press-brake-machine\/#breadcrumb"},"inLanguage":"es","potentialAction":[{"@type":"ReadAction","target":["https:\/\/aoxuancnc.com\/product\/110t3200-ax68t-41-axis-stainless-steel-synchronized-hydraulic-servo-bending-cnc-electric-hydraulic-press-brake-machine\/"]}]},{"@type":"ImageObject","inLanguage":"es","@id":"https:\/\/aoxuancnc.com\/product\/110t3200-ax68t-41-axis-stainless-steel-synchronized-hydraulic-servo-bending-cnc-electric-hydraulic-press-brake-machine\/#primaryimage","url":"https:\/\/aoxuancnc.com\/wp-content\/uploads\/2025\/09\/\u767d\u5e95\u56fe_\u526f\u672c.png","contentUrl":"https:\/\/aoxuancnc.com\/wp-content\/uploads\/2025\/09\/\u767d\u5e95\u56fe_\u526f\u672c.png","width":800,"height":800},{"@type":"BreadcrumbList","@id":"https:\/\/aoxuancnc.com\/product\/110t3200-ax68t-41-axis-stainless-steel-synchronized-hydraulic-servo-bending-cnc-electric-hydraulic-press-brake-machine\/#breadcrumb","itemListElement":[{"@type":"ListItem","position":1,"name":"\u9996\u9875","item":"http:\/\/aoxuancnc.com\/"},{"@type":"ListItem","position":2,"name":"Product","item":"https:\/\/aoxuancnc.com\/ru\/product\/"},{"@type":"ListItem","position":3,"name":"110T3200 AX68T 4+1 Axis Stainless Steel Synchronized Hydraulic Servo Bending Cnc Electric Hydraulic Press Brake Machine"}]},{"@type":"WebSite","@id":"http:\/\/aoxuancnc.com\/#website","url":"http:\/\/aoxuancnc.com\/","name":"AOXUANZG","description":"Anhui Aoxuan Heavy Industry Machine Co., Ltd","potentialAction":[{"@type":"SearchAction","target":{"@type":"EntryPoint","urlTemplate":"http:\/\/aoxuancnc.com\/?s={search_term_string}"},"query-input":{"@type":"PropertyValueSpecification","valueRequired":true,"valueName":"search_term_string"}}],"inLanguage":"es"}]}},"_links":{"self":[{"href":"https:\/\/aoxuancnc.com\/es\/wp-json\/wp\/v2\/product\/499","targetHints":{"allow":["GET"]}}],"collection":[{"href":"https:\/\/aoxuancnc.com\/es\/wp-json\/wp\/v2\/product"}],"about":[{"href":"https:\/\/aoxuancnc.com\/es\/wp-json\/wp\/v2\/types\/product"}],"wp:featuredmedia":[{"embeddable":true,"href":"https:\/\/aoxuancnc.com\/es\/wp-json\/wp\/v2\/media\/500"}],"wp:attachment":[{"href":"https:\/\/aoxuancnc.com\/es\/wp-json\/wp\/v2\/media?parent=499"}],"wp:term":[{"taxonomy":"product_brand","embeddable":true,"href":"https:\/\/aoxuancnc.com\/es\/wp-json\/wp\/v2\/product_brand?post=499"},{"taxonomy":"product_cat","embeddable":true,"href":"https:\/\/aoxuancnc.com\/es\/wp-json\/wp\/v2\/product_cat?post=499"},{"taxonomy":"product_tag","embeddable":true,"href":"https:\/\/aoxuancnc.com\/es\/wp-json\/wp\/v2\/product_tag?post=499"}],"curies":[{"name":"wp","href":"https:\/\/api.w.org\/{rel}","templated":true}]}}