{"id":597,"date":"2025-09-23T06:31:51","date_gmt":"2025-09-23T06:31:51","guid":{"rendered":"https:\/\/aoxuancnc.com\/?post_type=product&#038;p=597"},"modified":"2025-09-23T06:37:21","modified_gmt":"2025-09-23T06:37:21","slug":"63200mm-hydraulic-guillotine-metal-and-sheet-plate-shearing-machine-with-follow-up-rack","status":"publish","type":"product","link":"https:\/\/aoxuancnc.com\/es\/producto\/63200mm-hydraulic-guillotine-metal-and-sheet-plate-shearing-machine-with-follow-up-rack\/","title":{"rendered":"Guillotina hidr\u00e1ulica de 6 x 3200 mm para corte de chapa y metal con bastidor de seguimiento"},"content":{"rendered":"<div style=\"width: 1220px;\" class=\"wp-video\"><video class=\"wp-video-shortcode\" id=\"video-597-1\" width=\"1220\" height=\"686\" preload=\"metadata\" controls=\"controls\"><source type=\"video\/mp4\" src=\"https:\/\/aoxuancnc.com\/wp-content\/uploads\/2025\/09\/6X3200-hydraulic-shearing-machine-with-E21S.mp4?_=1\" \/><a href=\"https:\/\/aoxuancnc.com\/wp-content\/uploads\/2025\/09\/6X3200-hydraulic-shearing-machine-with-E21S.mp4\">https:\/\/aoxuancnc.com\/wp-content\/uploads\/2025\/09\/6X3200-hydraulic-shearing-machine-with-E21S.mp4<\/a><\/video><\/div>\n<h3 class=\"magic-9\"><strong>Introducir:<\/strong><\/h3>\n<h6 class=\"magic-9\">La cizalla hidr\u00e1ulica serie QC11Y es adecuada para cortar acero al carbono, acero inoxidable, chapa galvanizada, aluminio y muchos otros metales. Se utiliza ampliamente en la industria metal\u00fargica, la construcci\u00f3n de maquinaria, la construcci\u00f3n de edificios, la miner\u00eda, la construcci\u00f3n ferroviaria y la industria aeroespacial.<\/h6>\n<p><img loading=\"lazy\" decoding=\"async\" class=\"alignnone size-medium wp-image-592\" src=\"https:\/\/aoxuancnc.com\/wp-content\/uploads\/2025\/09\/6X3200-hydraulic-shearing-machine-with-E21S-2-500x375.jpg\" alt=\"\" width=\"500\" height=\"375\" srcset=\"https:\/\/aoxuancnc.com\/wp-content\/uploads\/2025\/09\/6X3200-hydraulic-shearing-machine-with-E21S-2-500x375.jpg 500w, https:\/\/aoxuancnc.com\/wp-content\/uploads\/2025\/09\/6X3200-hydraulic-shearing-machine-with-E21S-2-300x225.jpg 300w, https:\/\/aoxuancnc.com\/wp-content\/uploads\/2025\/09\/6X3200-hydraulic-shearing-machine-with-E21S-2-768x576.jpg 768w, https:\/\/aoxuancnc.com\/wp-content\/uploads\/2025\/09\/6X3200-hydraulic-shearing-machine-with-E21S-2-16x12.jpg 16w, https:\/\/aoxuancnc.com\/wp-content\/uploads\/2025\/09\/6X3200-hydraulic-shearing-machine-with-E21S-2-100x75.jpg 100w, https:\/\/aoxuancnc.com\/wp-content\/uploads\/2025\/09\/6X3200-hydraulic-shearing-machine-with-E21S-2-480x360.jpg 480w, https:\/\/aoxuancnc.com\/wp-content\/uploads\/2025\/09\/6X3200-hydraulic-shearing-machine-with-E21S-2.jpg 800w\" sizes=\"auto, (max-width:767px) 480px, 500px\" \/><\/p>\n<p>&nbsp;<\/p>\n<h3 class=\"magic-9\"><strong><span class=\"magic-10\">Caracter\u00edsticas principales:<\/span><\/strong><\/h3>\n<div class=\"magic-2\">\n<div class=\"magic-3\">\n<div class=\"magic-4\">\n<div class=\"magic-11\">1-El bastidor principal de la m\u00e1quina dobladora est\u00e1 equipado con un sistema de control num\u00e9rico especial.<br \/>\n2-La funci\u00f3n de programaci\u00f3n de paradas de trabajo m\u00faltiples es capaz de lograr un funcionamiento autom\u00e1tico y contin\u00faa la colocaci\u00f3n de procedimientos de m\u00faltiples pasos,<br \/>\nas\u00ed como un ajuste autom\u00e1tico de precisi\u00f3n para las posiciones del tope trasero y del bloque deslizante.<br \/>\n3-La m\u00e1quina est\u00e1 equipada con una funci\u00f3n de conteo de curvas, para una visualizaci\u00f3n en tiempo real de la cantidad de procesamiento y memoria de falla de energ\u00eda.<br \/>\nPosiciones del tope y bloque deslizante, as\u00ed como procedimientos y par\u00e1metros.<br \/>\n4-El tornillo de avance con cojinete de bolas importado y el riel gu\u00eda lineal se utilizan para el tope trasero, para garantizar la precisi\u00f3n de posicionamiento del eje trasero.<br \/>\ntap\u00f3n, para que la precisi\u00f3n de procesamiento de la m\u00e1quina sea mayor.<\/div>\n<\/div>\n<\/div>\n<\/div>\n<p><img loading=\"lazy\" decoding=\"async\" class=\"alignnone size-medium wp-image-593\" src=\"https:\/\/aoxuancnc.com\/wp-content\/uploads\/2025\/09\/6X3200-hydraulic-shearing-machine-with-E21S-3-500x375.jpg\" alt=\"\" width=\"500\" height=\"375\" srcset=\"https:\/\/aoxuancnc.com\/wp-content\/uploads\/2025\/09\/6X3200-hydraulic-shearing-machine-with-E21S-3-500x375.jpg 500w, https:\/\/aoxuancnc.com\/wp-content\/uploads\/2025\/09\/6X3200-hydraulic-shearing-machine-with-E21S-3-300x225.jpg 300w, https:\/\/aoxuancnc.com\/wp-content\/uploads\/2025\/09\/6X3200-hydraulic-shearing-machine-with-E21S-3-768x576.jpg 768w, https:\/\/aoxuancnc.com\/wp-content\/uploads\/2025\/09\/6X3200-hydraulic-shearing-machine-with-E21S-3-16x12.jpg 16w, https:\/\/aoxuancnc.com\/wp-content\/uploads\/2025\/09\/6X3200-hydraulic-shearing-machine-with-E21S-3-100x75.jpg 100w, https:\/\/aoxuancnc.com\/wp-content\/uploads\/2025\/09\/6X3200-hydraulic-shearing-machine-with-E21S-3-480x360.jpg 480w, https:\/\/aoxuancnc.com\/wp-content\/uploads\/2025\/09\/6X3200-hydraulic-shearing-machine-with-E21S-3.jpg 800w\" sizes=\"auto, (max-width:767px) 480px, 500px\" \/><\/p>\n<p>&nbsp;<\/p>\n<div class=\"magic-4\">\n<div class=\"magic-5\">\n<h3 class=\"magic-6\"><strong><span class=\"magic-20\" style=\"color: #4e4e4e;\"><b>Equipamiento est\u00e1ndar<\/b>:<\/span><\/strong><\/h3>\n<h6>Sistema de control CNC Estun E21S<br \/>\nCalibre trasero motorizado Eje X<br \/>\nTope trasero controlado por inversor DELTA<br \/>\nHusillos de bolas y varilla pulida HIWIN con precisi\u00f3n de 0,05 mm<br \/>\nBrazo de cuadratura y brazos de soporte delanteros<br \/>\nAlemania Bosch-Rexroth Hidr\u00e1ulica<br \/>\nConector de tuber\u00eda EMB de Alemania<br \/>\nMotor principal Siemens de Alemania<br \/>\nSchneider Electrics<br \/>\nProtecci\u00f3n contra sobrecarga hidr\u00e1ulica y el\u00e9ctrica<br \/>\nIluminaci\u00f3n de l\u00ednea de corte y alambre para corte de l\u00ednea de sombra<br \/>\nHoja superior con cuatro filos de corte y hoja inferior con cuatro filos de corte.(6CrW2Si)<\/h6>\n<div data-spm-anchor-id=\"a2700.details-description.0.i0.934dDnf7Dnf7WH\"><img loading=\"lazy\" decoding=\"async\" class=\"alignnone wp-image-452\" src=\"https:\/\/aoxuancnc.com\/wp-content\/uploads\/2025\/09\/Shearing-machine-configuration-281x500.jpg\" alt=\"\" width=\"500\" height=\"890\" srcset=\"https:\/\/aoxuancnc.com\/wp-content\/uploads\/2025\/09\/Shearing-machine-configuration-281x500.jpg 281w, https:\/\/aoxuancnc.com\/wp-content\/uploads\/2025\/09\/Shearing-machine-configuration-674x1200.jpg 674w, https:\/\/aoxuancnc.com\/wp-content\/uploads\/2025\/09\/Shearing-machine-configuration-169x300.jpg 169w, https:\/\/aoxuancnc.com\/wp-content\/uploads\/2025\/09\/Shearing-machine-configuration-768x1367.jpg 768w, https:\/\/aoxuancnc.com\/wp-content\/uploads\/2025\/09\/Shearing-machine-configuration-7x12.jpg 7w, https:\/\/aoxuancnc.com\/wp-content\/uploads\/2025\/09\/Shearing-machine-configuration-42x75.jpg 42w, https:\/\/aoxuancnc.com\/wp-content\/uploads\/2025\/09\/Shearing-machine-configuration-480x854.jpg 480w, https:\/\/aoxuancnc.com\/wp-content\/uploads\/2025\/09\/Shearing-machine-configuration.jpg 800w\" sizes=\"auto, (max-width:767px) 480px, 500px\" \/><\/div>\n<div data-spm-anchor-id=\"a2700.details-description.0.i0.934dDnf7Dnf7WH\">\n<h3 class=\"magic-19\"><strong>Sistema de control E21S:<\/strong><\/h3>\n<h6 class=\"magic-19\">Control de tope trasero y bloque<br \/>\n\u25ceControl para motores de CA generales, inversor de frecuencia<br \/>\n\u25ceposicionamiento inteligente<br \/>\n\u25ceAjuste del tiempo de retenci\u00f3n\/descompresi\u00f3n<br \/>\n\u25ceMemoria de programa de hasta 40 programas<br \/>\n\u25ceHasta 25 pasos por programa<br \/>\n\u25cePosicionamiento de un lado<br \/>\n\u25ceFunci\u00f3n de retracci\u00f3n<br \/>\n\u25ceCopia de seguridad\/restauraci\u00f3n de par\u00e1metros con una sola tecla (chino\/ingl\u00e9s)<\/h6>\n<p><img loading=\"lazy\" decoding=\"async\" class=\"alignnone size-medium wp-image-486\" src=\"https:\/\/aoxuancnc.com\/wp-content\/uploads\/2025\/09\/8X3200-hydraulic-shearing-machine-with-E21S-5-500x375.jpg\" alt=\"\" width=\"500\" height=\"375\" srcset=\"https:\/\/aoxuancnc.com\/wp-content\/uploads\/2025\/09\/8X3200-hydraulic-shearing-machine-with-E21S-5-500x375.jpg 500w, https:\/\/aoxuancnc.com\/wp-content\/uploads\/2025\/09\/8X3200-hydraulic-shearing-machine-with-E21S-5-300x225.jpg 300w, https:\/\/aoxuancnc.com\/wp-content\/uploads\/2025\/09\/8X3200-hydraulic-shearing-machine-with-E21S-5-768x576.jpg 768w, https:\/\/aoxuancnc.com\/wp-content\/uploads\/2025\/09\/8X3200-hydraulic-shearing-machine-with-E21S-5-16x12.jpg 16w, https:\/\/aoxuancnc.com\/wp-content\/uploads\/2025\/09\/8X3200-hydraulic-shearing-machine-with-E21S-5-100x75.jpg 100w, https:\/\/aoxuancnc.com\/wp-content\/uploads\/2025\/09\/8X3200-hydraulic-shearing-machine-with-E21S-5-480x360.jpg 480w, https:\/\/aoxuancnc.com\/wp-content\/uploads\/2025\/09\/8X3200-hydraulic-shearing-machine-with-E21S-5.jpg 800w\" sizes=\"auto, (max-width:767px) 480px, 500px\" \/><\/p>\n<h6 class=\"magic-19\" data-spm-anchor-id=\"a2700.details-description.0.i2.7c08qpqgqpqg23\"><strong><span style=\"font-size: 25px;\">Par\u00e1metro:<\/span><\/strong><\/h6>\n<\/div>\n<\/div>\n<\/div>\n<p><img loading=\"lazy\" decoding=\"async\" class=\"alignnone size-medium wp-image-467\" src=\"https:\/\/aoxuancnc.com\/wp-content\/uploads\/2025\/09\/shearing-machine-parameter-500x358.jpg\" alt=\"\" width=\"500\" height=\"358\" srcset=\"https:\/\/aoxuancnc.com\/wp-content\/uploads\/2025\/09\/shearing-machine-parameter-500x358.jpg 500w, https:\/\/aoxuancnc.com\/wp-content\/uploads\/2025\/09\/shearing-machine-parameter-300x215.jpg 300w, https:\/\/aoxuancnc.com\/wp-content\/uploads\/2025\/09\/shearing-machine-parameter-768x549.jpg 768w, https:\/\/aoxuancnc.com\/wp-content\/uploads\/2025\/09\/shearing-machine-parameter-18x12.jpg 18w, https:\/\/aoxuancnc.com\/wp-content\/uploads\/2025\/09\/shearing-machine-parameter-105x75.jpg 105w, https:\/\/aoxuancnc.com\/wp-content\/uploads\/2025\/09\/shearing-machine-parameter-480x343.jpg 480w, https:\/\/aoxuancnc.com\/wp-content\/uploads\/2025\/09\/shearing-machine-parameter.jpg 800w\" sizes=\"auto, (max-width:767px) 480px, 500px\" \/><\/p>\n<h3><strong>Elogios del cliente:<\/strong><\/h3>\n<p><img loading=\"lazy\" decoding=\"async\" class=\"alignnone size-medium wp-image-454\" src=\"https:\/\/aoxuancnc.com\/wp-content\/uploads\/2025\/09\/customer-feedback-500x323.png\" alt=\"\" width=\"500\" height=\"323\" srcset=\"https:\/\/aoxuancnc.com\/wp-content\/uploads\/2025\/09\/customer-feedback-500x323.png 500w, https:\/\/aoxuancnc.com\/wp-content\/uploads\/2025\/09\/customer-feedback-300x194.png 300w, https:\/\/aoxuancnc.com\/wp-content\/uploads\/2025\/09\/customer-feedback-768x495.png 768w, https:\/\/aoxuancnc.com\/wp-content\/uploads\/2025\/09\/customer-feedback-18x12.png 18w, https:\/\/aoxuancnc.com\/wp-content\/uploads\/2025\/09\/customer-feedback-116x75.png 116w, https:\/\/aoxuancnc.com\/wp-content\/uploads\/2025\/09\/customer-feedback-480x310.png 480w, https:\/\/aoxuancnc.com\/wp-content\/uploads\/2025\/09\/customer-feedback.png 800w\" sizes=\"auto, (max-width:767px) 480px, 500px\" \/><\/p>\n<h3><strong>Certificado CE de la m\u00e1quina:<\/strong><\/h3>\n<p><img loading=\"lazy\" decoding=\"async\" class=\"alignnone wp-image-455\" src=\"https:\/\/aoxuancnc.com\/wp-content\/uploads\/2025\/09\/shearing-machine-CE-352x500.jpg\" alt=\"\" width=\"500\" height=\"711\" srcset=\"https:\/\/aoxuancnc.com\/wp-content\/uploads\/2025\/09\/shearing-machine-CE-352x500.jpg 352w, https:\/\/aoxuancnc.com\/wp-content\/uploads\/2025\/09\/shearing-machine-CE-211x300.jpg 211w, https:\/\/aoxuancnc.com\/wp-content\/uploads\/2025\/09\/shearing-machine-CE-768x1092.jpg 768w, https:\/\/aoxuancnc.com\/wp-content\/uploads\/2025\/09\/shearing-machine-CE-8x12.jpg 8w, https:\/\/aoxuancnc.com\/wp-content\/uploads\/2025\/09\/shearing-machine-CE-53x75.jpg 53w, https:\/\/aoxuancnc.com\/wp-content\/uploads\/2025\/09\/shearing-machine-CE-480x682.jpg 480w, https:\/\/aoxuancnc.com\/wp-content\/uploads\/2025\/09\/shearing-machine-CE.jpg 800w\" sizes=\"auto, (max-width:767px) 480px, 500px\" \/><\/p>\n<h3><strong>Exhibici\u00f3n:<\/strong><\/h3>\n<p><img loading=\"lazy\" decoding=\"async\" class=\"alignnone size-medium wp-image-475\" src=\"https:\/\/aoxuancnc.com\/wp-content\/uploads\/2025\/09\/Exhibition-1-500x500.jpg\" alt=\"\" width=\"500\" height=\"500\" srcset=\"https:\/\/aoxuancnc.com\/wp-content\/uploads\/2025\/09\/Exhibition-1-500x500.jpg 500w, https:\/\/aoxuancnc.com\/wp-content\/uploads\/2025\/09\/Exhibition-1-300x300.jpg 300w, https:\/\/aoxuancnc.com\/wp-content\/uploads\/2025\/09\/Exhibition-1-768x768.jpg 768w, https:\/\/aoxuancnc.com\/wp-content\/uploads\/2025\/09\/Exhibition-1-12x12.jpg 12w, https:\/\/aoxuancnc.com\/wp-content\/uploads\/2025\/09\/Exhibition-1-150x150.jpg 150w, https:\/\/aoxuancnc.com\/wp-content\/uploads\/2025\/09\/Exhibition-1-75x75.jpg 75w, https:\/\/aoxuancnc.com\/wp-content\/uploads\/2025\/09\/Exhibition-1-480x480.jpg 480w, https:\/\/aoxuancnc.com\/wp-content\/uploads\/2025\/09\/Exhibition-1.jpg 800w\" sizes=\"auto, (max-width:767px) 480px, 500px\" \/><\/p>\n<h3><strong>Nuestra f\u00e1brica:<\/strong><\/h3>\n<p><img loading=\"lazy\" decoding=\"async\" class=\"alignnone size-medium wp-image-476\" src=\"https:\/\/aoxuancnc.com\/wp-content\/uploads\/2025\/09\/factory-1_\u526f\u672c-500x500.jpg\" alt=\"\" width=\"500\" height=\"500\" srcset=\"https:\/\/aoxuancnc.com\/wp-content\/uploads\/2025\/09\/factory-1_\u526f\u672c-500x500.jpg 500w, https:\/\/aoxuancnc.com\/wp-content\/uploads\/2025\/09\/factory-1_\u526f\u672c-300x300.jpg 300w, https:\/\/aoxuancnc.com\/wp-content\/uploads\/2025\/09\/factory-1_\u526f\u672c-768x768.jpg 768w, https:\/\/aoxuancnc.com\/wp-content\/uploads\/2025\/09\/factory-1_\u526f\u672c-12x12.jpg 12w, https:\/\/aoxuancnc.com\/wp-content\/uploads\/2025\/09\/factory-1_\u526f\u672c-150x150.jpg 150w, https:\/\/aoxuancnc.com\/wp-content\/uploads\/2025\/09\/factory-1_\u526f\u672c-75x75.jpg 75w, https:\/\/aoxuancnc.com\/wp-content\/uploads\/2025\/09\/factory-1_\u526f\u672c-480x480.jpg 480w, https:\/\/aoxuancnc.com\/wp-content\/uploads\/2025\/09\/factory-1_\u526f\u672c.jpg 800w\" sizes=\"auto, (max-width:767px) 480px, 500px\" \/><\/p>\n<h3><strong>Embalaje y entrega:<\/strong><\/h3>\n<p><img loading=\"lazy\" decoding=\"async\" class=\"alignnone wp-image-442\" src=\"https:\/\/aoxuancnc.com\/wp-content\/uploads\/2025\/09\/packing-444x500.jpg\" alt=\"\" width=\"500\" height=\"563\" srcset=\"https:\/\/aoxuancnc.com\/wp-content\/uploads\/2025\/09\/packing-444x500.jpg 444w, https:\/\/aoxuancnc.com\/wp-content\/uploads\/2025\/09\/packing-267x300.jpg 267w, https:\/\/aoxuancnc.com\/wp-content\/uploads\/2025\/09\/packing-768x864.jpg 768w, https:\/\/aoxuancnc.com\/wp-content\/uploads\/2025\/09\/packing-11x12.jpg 11w, https:\/\/aoxuancnc.com\/wp-content\/uploads\/2025\/09\/packing-67x75.jpg 67w, https:\/\/aoxuancnc.com\/wp-content\/uploads\/2025\/09\/packing-480x540.jpg 480w, https:\/\/aoxuancnc.com\/wp-content\/uploads\/2025\/09\/packing.jpg 800w\" sizes=\"auto, (max-width:767px) 480px, 500px\" \/><\/p>\n<h3><strong>Nuestro servicio:<\/strong><\/h3>\n<p>Preventa.<br \/>\n* Dise\u00f1o del proyecto, presentaci\u00f3n de la ejecuci\u00f3n, acuerdo t\u00e9cnico, firma del contrato, embalaje.<br \/>\n* Soporte de consultas y consultor\u00eda.<br \/>\n* Soporte para pruebas de muestra.<\/p>\n<p>En venta.<br \/>\n* Le proporcionaremos los \u00faltimos avances en el montaje, embalaje y transporte del producto.<\/p>\n<p>Postventa.<br \/>\n* Proporcionaremos accesorios gratuitos por da\u00f1os a partes no humanas.<br \/>\n* Capacitaci\u00f3n sobre c\u00f3mo instalar la m\u00e1quina, capacitaci\u00f3n sobre c\u00f3mo utilizar la m\u00e1quina con video, etc.<br \/>\n*Y nuestro personal t\u00e9cnico puede viajar al extranjero para brindar orientaci\u00f3n t\u00e9cnica.<\/p>\n<p>&nbsp;<\/p>\n<p>&nbsp;<\/p>\n<p>&nbsp;<\/p>\n<p>&nbsp;<\/p>\n<p>&nbsp;<\/p>","protected":false},"excerpt":{"rendered":"<p><strong>Detalles del producto<\/strong><br \/>\nLugar de origen: China<br \/>\nMarca: AOXUANZG<br \/>\nCertificaci\u00f3n: CE<br \/>\nN\u00famero de modelo: QC11Y-6X3200<\/p>\n<p><strong>Condiciones de pago y env\u00edo<\/strong><br \/>\nCantidad m\u00ednima de pedido: 1 juego<br \/>\nDetalles del embalaje: embalaje de exportaci\u00f3n est\u00e1ndar<br \/>\nPlazo de entrega: 30 d\u00edas<br \/>\nCondiciones de pago: L\/C, T\/T, Western Union, MoneyGram<br \/>\nCapacidad de suministro: 50 juegos\/a\u00f1o<\/p>","protected":false},"featured_media":590,"template":"","meta":[],"product_brand":[21],"product_cat":[5],"product_tag":[50,28,25,27],"class_list":{"0":"post-597","1":"product","2":"type-product","3":"status-publish","4":"has-post-thumbnail","6":"product_brand-aoxuanzg","7":"product_cat-hydraulic-guillotine-shearing-machine","8":"product_tag-cnc-hydraulic-cutting-machine","9":"product_tag-e21s-hydraulic-cutter","10":"product_tag-guillotine-shearing-machine","11":"product_tag-metal-steel-plate-cutting-machine","13":"first","14":"instock","15":"shipping-taxable","16":"product-type-external"},"yoast_head":"<!-- This site is optimized with the Yoast SEO plugin v24.9 - https:\/\/yoast.com\/wordpress\/plugins\/seo\/ -->\n<title>6*3200mm Hydraulic Guillotine Metal and Sheet Plate Shearing Machine with Follow-up Rack - AOXUANZG<\/title>\n<meta name=\"robots\" content=\"index, follow, max-snippet:-1, max-image-preview:large, max-video-preview:-1\" \/>\n<link rel=\"canonical\" href=\"https:\/\/aoxuancnc.com\/es\/producto\/63200mm-hydraulic-guillotine-metal-and-sheet-plate-shearing-machine-with-follow-up-rack\/\" \/>\n<meta property=\"og:locale\" content=\"es_ES\" \/>\n<meta property=\"og:type\" content=\"article\" \/>\n<meta property=\"og:title\" content=\"6*3200mm Hydraulic Guillotine Metal and Sheet Plate Shearing Machine with Follow-up Rack - AOXUANZG\" \/>\n<meta property=\"og:description\" content=\"Product Details Place of Origin: China Brand Name: AOXUANZG Certification: CE Model Number: QC11Y-6X3200  Payment &amp; Shipping Terms Minimum Order Quantity: 1 Set Packaging Details: Standard export packing Delivery time: 30 days Payment Terms: L\/C, T\/T, Western Union, MoneyGram Supply Ability: 50 sets\/Year\" \/>\n<meta property=\"og:url\" content=\"https:\/\/aoxuancnc.com\/es\/producto\/63200mm-hydraulic-guillotine-metal-and-sheet-plate-shearing-machine-with-follow-up-rack\/\" \/>\n<meta property=\"og:site_name\" content=\"AOXUANZG\" \/>\n<meta property=\"article:modified_time\" content=\"2025-09-23T06:37:21+00:00\" \/>\n<meta property=\"og:image\" content=\"https:\/\/aoxuancnc.com\/wp-content\/uploads\/2025\/09\/6X3200-hydraulic-shearing-machine-with-E21S-11.jpg\" \/>\n\t<meta property=\"og:image:width\" content=\"800\" \/>\n\t<meta property=\"og:image:height\" content=\"800\" \/>\n\t<meta property=\"og:image:type\" content=\"image\/jpeg\" \/>\n<meta name=\"twitter:card\" content=\"summary_large_image\" \/>\n<meta name=\"twitter:label1\" content=\"Tiempo de lectura\" \/>\n\t<meta name=\"twitter:data1\" content=\"4 minutos\" \/>\n<script type=\"application\/ld+json\" class=\"yoast-schema-graph\">{\"@context\":\"https:\/\/schema.org\",\"@graph\":[{\"@type\":\"WebPage\",\"@id\":\"https:\/\/aoxuancnc.com\/product\/63200mm-hydraulic-guillotine-metal-and-sheet-plate-shearing-machine-with-follow-up-rack\/\",\"url\":\"https:\/\/aoxuancnc.com\/product\/63200mm-hydraulic-guillotine-metal-and-sheet-plate-shearing-machine-with-follow-up-rack\/\",\"name\":\"6*3200mm Hydraulic Guillotine Metal and Sheet Plate Shearing Machine with Follow-up Rack - AOXUANZG\",\"isPartOf\":{\"@id\":\"http:\/\/aoxuancnc.com\/#website\"},\"primaryImageOfPage\":{\"@id\":\"https:\/\/aoxuancnc.com\/product\/63200mm-hydraulic-guillotine-metal-and-sheet-plate-shearing-machine-with-follow-up-rack\/#primaryimage\"},\"image\":{\"@id\":\"https:\/\/aoxuancnc.com\/product\/63200mm-hydraulic-guillotine-metal-and-sheet-plate-shearing-machine-with-follow-up-rack\/#primaryimage\"},\"thumbnailUrl\":\"https:\/\/aoxuancnc.com\/wp-content\/uploads\/2025\/09\/6X3200-hydraulic-shearing-machine-with-E21S-11.jpg\",\"datePublished\":\"2025-09-23T06:31:51+00:00\",\"dateModified\":\"2025-09-23T06:37:21+00:00\",\"breadcrumb\":{\"@id\":\"https:\/\/aoxuancnc.com\/product\/63200mm-hydraulic-guillotine-metal-and-sheet-plate-shearing-machine-with-follow-up-rack\/#breadcrumb\"},\"inLanguage\":\"es\",\"potentialAction\":[{\"@type\":\"ReadAction\",\"target\":[\"https:\/\/aoxuancnc.com\/product\/63200mm-hydraulic-guillotine-metal-and-sheet-plate-shearing-machine-with-follow-up-rack\/\"]}]},{\"@type\":\"ImageObject\",\"inLanguage\":\"es\",\"@id\":\"https:\/\/aoxuancnc.com\/product\/63200mm-hydraulic-guillotine-metal-and-sheet-plate-shearing-machine-with-follow-up-rack\/#primaryimage\",\"url\":\"https:\/\/aoxuancnc.com\/wp-content\/uploads\/2025\/09\/6X3200-hydraulic-shearing-machine-with-E21S-11.jpg\",\"contentUrl\":\"https:\/\/aoxuancnc.com\/wp-content\/uploads\/2025\/09\/6X3200-hydraulic-shearing-machine-with-E21S-11.jpg\",\"width\":800,\"height\":800},{\"@type\":\"BreadcrumbList\",\"@id\":\"https:\/\/aoxuancnc.com\/product\/63200mm-hydraulic-guillotine-metal-and-sheet-plate-shearing-machine-with-follow-up-rack\/#breadcrumb\",\"itemListElement\":[{\"@type\":\"ListItem\",\"position\":1,\"name\":\"\u9996\u9875\",\"item\":\"http:\/\/aoxuancnc.com\/\"},{\"@type\":\"ListItem\",\"position\":2,\"name\":\"Product\",\"item\":\"https:\/\/aoxuancnc.com\/ru\/product\/\"},{\"@type\":\"ListItem\",\"position\":3,\"name\":\"6*3200mm Hydraulic Guillotine Metal and Sheet Plate Shearing Machine with Follow-up Rack\"}]},{\"@type\":\"WebSite\",\"@id\":\"http:\/\/aoxuancnc.com\/#website\",\"url\":\"http:\/\/aoxuancnc.com\/\",\"name\":\"AOXUANZG\",\"description\":\"Anhui Aoxuan Heavy Industry Machine Co., Ltd\",\"potentialAction\":[{\"@type\":\"SearchAction\",\"target\":{\"@type\":\"EntryPoint\",\"urlTemplate\":\"http:\/\/aoxuancnc.com\/?s={search_term_string}\"},\"query-input\":{\"@type\":\"PropertyValueSpecification\",\"valueRequired\":true,\"valueName\":\"search_term_string\"}}],\"inLanguage\":\"es\"}]}<\/script>\n<!-- \/ Yoast SEO plugin. -->","yoast_head_json":{"title":"6*3200mm Hydraulic Guillotine Metal and Sheet Plate Shearing Machine with Follow-up Rack - AOXUANZG","robots":{"index":"index","follow":"follow","max-snippet":"max-snippet:-1","max-image-preview":"max-image-preview:large","max-video-preview":"max-video-preview:-1"},"canonical":"https:\/\/aoxuancnc.com\/es\/producto\/63200mm-hydraulic-guillotine-metal-and-sheet-plate-shearing-machine-with-follow-up-rack\/","og_locale":"es_ES","og_type":"article","og_title":"6*3200mm Hydraulic Guillotine Metal and Sheet Plate Shearing Machine with Follow-up Rack - AOXUANZG","og_description":"Product Details Place of Origin: China Brand Name: AOXUANZG Certification: CE Model Number: QC11Y-6X3200  Payment &amp; Shipping Terms Minimum Order Quantity: 1 Set Packaging Details: Standard export packing Delivery time: 30 days Payment Terms: L\/C, T\/T, Western Union, MoneyGram Supply Ability: 50 sets\/Year","og_url":"https:\/\/aoxuancnc.com\/es\/producto\/63200mm-hydraulic-guillotine-metal-and-sheet-plate-shearing-machine-with-follow-up-rack\/","og_site_name":"AOXUANZG","article_modified_time":"2025-09-23T06:37:21+00:00","og_image":[{"width":800,"height":800,"url":"https:\/\/aoxuancnc.com\/wp-content\/uploads\/2025\/09\/6X3200-hydraulic-shearing-machine-with-E21S-11.jpg","type":"image\/jpeg"}],"twitter_card":"summary_large_image","twitter_misc":{"Tiempo de lectura":"4 minutos"},"schema":{"@context":"https:\/\/schema.org","@graph":[{"@type":"WebPage","@id":"https:\/\/aoxuancnc.com\/product\/63200mm-hydraulic-guillotine-metal-and-sheet-plate-shearing-machine-with-follow-up-rack\/","url":"https:\/\/aoxuancnc.com\/product\/63200mm-hydraulic-guillotine-metal-and-sheet-plate-shearing-machine-with-follow-up-rack\/","name":"6*3200mm Hydraulic Guillotine Metal and Sheet Plate Shearing Machine with Follow-up Rack - AOXUANZG","isPartOf":{"@id":"http:\/\/aoxuancnc.com\/#website"},"primaryImageOfPage":{"@id":"https:\/\/aoxuancnc.com\/product\/63200mm-hydraulic-guillotine-metal-and-sheet-plate-shearing-machine-with-follow-up-rack\/#primaryimage"},"image":{"@id":"https:\/\/aoxuancnc.com\/product\/63200mm-hydraulic-guillotine-metal-and-sheet-plate-shearing-machine-with-follow-up-rack\/#primaryimage"},"thumbnailUrl":"https:\/\/aoxuancnc.com\/wp-content\/uploads\/2025\/09\/6X3200-hydraulic-shearing-machine-with-E21S-11.jpg","datePublished":"2025-09-23T06:31:51+00:00","dateModified":"2025-09-23T06:37:21+00:00","breadcrumb":{"@id":"https:\/\/aoxuancnc.com\/product\/63200mm-hydraulic-guillotine-metal-and-sheet-plate-shearing-machine-with-follow-up-rack\/#breadcrumb"},"inLanguage":"es","potentialAction":[{"@type":"ReadAction","target":["https:\/\/aoxuancnc.com\/product\/63200mm-hydraulic-guillotine-metal-and-sheet-plate-shearing-machine-with-follow-up-rack\/"]}]},{"@type":"ImageObject","inLanguage":"es","@id":"https:\/\/aoxuancnc.com\/product\/63200mm-hydraulic-guillotine-metal-and-sheet-plate-shearing-machine-with-follow-up-rack\/#primaryimage","url":"https:\/\/aoxuancnc.com\/wp-content\/uploads\/2025\/09\/6X3200-hydraulic-shearing-machine-with-E21S-11.jpg","contentUrl":"https:\/\/aoxuancnc.com\/wp-content\/uploads\/2025\/09\/6X3200-hydraulic-shearing-machine-with-E21S-11.jpg","width":800,"height":800},{"@type":"BreadcrumbList","@id":"https:\/\/aoxuancnc.com\/product\/63200mm-hydraulic-guillotine-metal-and-sheet-plate-shearing-machine-with-follow-up-rack\/#breadcrumb","itemListElement":[{"@type":"ListItem","position":1,"name":"\u9996\u9875","item":"http:\/\/aoxuancnc.com\/"},{"@type":"ListItem","position":2,"name":"Product","item":"https:\/\/aoxuancnc.com\/ru\/product\/"},{"@type":"ListItem","position":3,"name":"6*3200mm Hydraulic Guillotine Metal and Sheet Plate Shearing Machine with Follow-up Rack"}]},{"@type":"WebSite","@id":"http:\/\/aoxuancnc.com\/#website","url":"http:\/\/aoxuancnc.com\/","name":"AOXUANZG","description":"Anhui Aoxuan Heavy Industry Machine Co., Ltd","potentialAction":[{"@type":"SearchAction","target":{"@type":"EntryPoint","urlTemplate":"http:\/\/aoxuancnc.com\/?s={search_term_string}"},"query-input":{"@type":"PropertyValueSpecification","valueRequired":true,"valueName":"search_term_string"}}],"inLanguage":"es"}]}},"_links":{"self":[{"href":"https:\/\/aoxuancnc.com\/es\/wp-json\/wp\/v2\/product\/597","targetHints":{"allow":["GET"]}}],"collection":[{"href":"https:\/\/aoxuancnc.com\/es\/wp-json\/wp\/v2\/product"}],"about":[{"href":"https:\/\/aoxuancnc.com\/es\/wp-json\/wp\/v2\/types\/product"}],"wp:featuredmedia":[{"embeddable":true,"href":"https:\/\/aoxuancnc.com\/es\/wp-json\/wp\/v2\/media\/590"}],"wp:attachment":[{"href":"https:\/\/aoxuancnc.com\/es\/wp-json\/wp\/v2\/media?parent=597"}],"wp:term":[{"taxonomy":"product_brand","embeddable":true,"href":"https:\/\/aoxuancnc.com\/es\/wp-json\/wp\/v2\/product_brand?post=597"},{"taxonomy":"product_cat","embeddable":true,"href":"https:\/\/aoxuancnc.com\/es\/wp-json\/wp\/v2\/product_cat?post=597"},{"taxonomy":"product_tag","embeddable":true,"href":"https:\/\/aoxuancnc.com\/es\/wp-json\/wp\/v2\/product_tag?post=597"}],"curies":[{"name":"wp","href":"https:\/\/api.w.org\/{rel}","templated":true}]}}