{"id":805,"date":"2025-09-25T09:10:50","date_gmt":"2025-09-25T09:10:50","guid":{"rendered":"https:\/\/aoxuancnc.com\/?post_type=product&#038;p=805"},"modified":"2025-09-25T09:25:28","modified_gmt":"2025-09-25T09:25:28","slug":"cnc-fiber-laser-cutting-machine-for-stainless-steel-1500w-3015-size","status":"publish","type":"product","link":"https:\/\/aoxuancnc.com\/es\/producto\/cnc-fiber-laser-cutting-machine-for-stainless-steel-1500w-3015-size\/","title":{"rendered":"M\u00e1quina de corte l\u00e1ser de fibra CNC para acero inoxidable de 1500 W y tama\u00f1o 3015"},"content":{"rendered":"<h2 style=\"text-align: center;\"><span style=\"color: #333300;\"><strong>M\u00e1quina de corte l\u00e1ser de fibra CNC para acero inoxidable de 1500 W y tama\u00f1o 3015 <\/strong><\/span><\/h2>\n<p>&nbsp;<\/p>\n<p><img loading=\"lazy\" decoding=\"async\" class=\"alignnone wp-image-814 size-full\" src=\"https:\/\/aoxuancnc.com\/wp-content\/uploads\/2025\/09\/\u5fae\u4fe1\u56fe\u7247_20240122162251-1.jpg\" alt=\"\" width=\"1707\" height=\"1280\" srcset=\"https:\/\/aoxuancnc.com\/wp-content\/uploads\/2025\/09\/\u5fae\u4fe1\u56fe\u7247_20240122162251-1.jpg 1707w, https:\/\/aoxuancnc.com\/wp-content\/uploads\/2025\/09\/\u5fae\u4fe1\u56fe\u7247_20240122162251-1-500x375.jpg 500w, https:\/\/aoxuancnc.com\/wp-content\/uploads\/2025\/09\/\u5fae\u4fe1\u56fe\u7247_20240122162251-1-1200x900.jpg 1200w, https:\/\/aoxuancnc.com\/wp-content\/uploads\/2025\/09\/\u5fae\u4fe1\u56fe\u7247_20240122162251-1-300x225.jpg 300w, https:\/\/aoxuancnc.com\/wp-content\/uploads\/2025\/09\/\u5fae\u4fe1\u56fe\u7247_20240122162251-1-768x576.jpg 768w, https:\/\/aoxuancnc.com\/wp-content\/uploads\/2025\/09\/\u5fae\u4fe1\u56fe\u7247_20240122162251-1-1536x1152.jpg 1536w, https:\/\/aoxuancnc.com\/wp-content\/uploads\/2025\/09\/\u5fae\u4fe1\u56fe\u7247_20240122162251-1-16x12.jpg 16w, https:\/\/aoxuancnc.com\/wp-content\/uploads\/2025\/09\/\u5fae\u4fe1\u56fe\u7247_20240122162251-1-100x75.jpg 100w, https:\/\/aoxuancnc.com\/wp-content\/uploads\/2025\/09\/\u5fae\u4fe1\u56fe\u7247_20240122162251-1-960x720.jpg 960w, https:\/\/aoxuancnc.com\/wp-content\/uploads\/2025\/09\/\u5fae\u4fe1\u56fe\u7247_20240122162251-1-480x360.jpg 480w, https:\/\/aoxuancnc.com\/wp-content\/uploads\/2025\/09\/\u5fae\u4fe1\u56fe\u7247_20240122162251-1-800x600.jpg 800w\" sizes=\"auto, (max-width:767px) 480px, (max-width:1707px) 100vw, 1707px\" \/><\/p>\n<p><img loading=\"lazy\" decoding=\"async\" class=\"alignnone wp-image-393 size-full\" src=\"https:\/\/aoxuancnc.com\/wp-content\/uploads\/2025\/09\/laser-cutting-machine-sample.jpeg\" alt=\"\" width=\"1000\" height=\"449\" srcset=\"https:\/\/aoxuancnc.com\/wp-content\/uploads\/2025\/09\/laser-cutting-machine-sample.jpeg 1000w, https:\/\/aoxuancnc.com\/wp-content\/uploads\/2025\/09\/laser-cutting-machine-sample-500x225.jpeg 500w, https:\/\/aoxuancnc.com\/wp-content\/uploads\/2025\/09\/laser-cutting-machine-sample-300x135.jpeg 300w, https:\/\/aoxuancnc.com\/wp-content\/uploads\/2025\/09\/laser-cutting-machine-sample-768x345.jpeg 768w, https:\/\/aoxuancnc.com\/wp-content\/uploads\/2025\/09\/laser-cutting-machine-sample-18x8.jpeg 18w, https:\/\/aoxuancnc.com\/wp-content\/uploads\/2025\/09\/laser-cutting-machine-sample-150x67.jpeg 150w, https:\/\/aoxuancnc.com\/wp-content\/uploads\/2025\/09\/laser-cutting-machine-sample-480x216.jpeg 480w, https:\/\/aoxuancnc.com\/wp-content\/uploads\/2025\/09\/laser-cutting-machine-sample-800x359.jpeg 800w\" sizes=\"auto, (max-width:767px) 480px, (max-width:1000px) 100vw, 1000px\" \/><\/p>\n<ul>\n<li class=\"magic-19\" data-spm-anchor-id=\"a2700.details-description.0.i3.6c6b8a6p8a6p87\">La m\u00e1quina herramienta utiliza una estructura de p\u00f3rtico de doble accionamiento. La bancada de alta amortiguaci\u00f3n ofrece buena rigidez y soporta altas velocidades y aceleraciones.<\/li>\n<li class=\"magic-19\" data-spm-anchor-id=\"a2700.details-description.0.i3.6c6b8a6p8a6p87\">Esta m\u00e1quina utiliza un sistema de servoaccionamiento de CA y una transmisi\u00f3n importados. Su estructura cinem\u00e1tica utiliza una transmisi\u00f3n de pi\u00f1\u00f3n y cremallera y gu\u00edas lineales importadas. Esto garantiza alta velocidad, alta precisi\u00f3n y alta fiabilidad.<\/li>\n<li class=\"magic-19\" data-spm-anchor-id=\"a2700.details-description.0.i3.6c6b8a6p8a6p87\">La cremallera y los rieles gu\u00eda cuentan con dispositivos de protecci\u00f3n completamente cerrados para evitar la fricci\u00f3n sin aceite y la contaminaci\u00f3n por polvo. Esto prolonga la vida \u00fatil de los componentes de la transmisi\u00f3n y garantiza la precisi\u00f3n de la m\u00e1quina herramienta.<\/li>\n<li class=\"magic-19\" data-spm-anchor-id=\"a2700.details-description.0.i3.6c6b8a6p8a6p87\"><span class=\"magic-11\" style=\"font-family: Arial;\"><span class=\"magic-17\"><span class=\"magic-21\">M\u00e1quina de corte l\u00e1ser profesional, sistema de control CNC, operaci\u00f3n por computadora, puede garantizar la calidad del corte y es m\u00e1s conveniente para el trabajo de corte.<\/span><\/span><\/span><\/li>\n<\/ul>\n<h4><strong>Caracter\u00edsticas principales<\/strong><\/h4>\n<ul>\n<li><span class=\"magic-11\" style=\"font-family: Arial;\"><span class=\"magic-17\"><span class=\"magic-21\" data-spm-anchor-id=\"a2700.details-description.0.i2.6c6b8a6p8a6p87\">Excelente calidad del haz de luz: f\u00e1cula de enfoque m\u00e1s peque\u00f1a, l\u00ednea de corte m\u00e1s fina, mayor eficiencia de trabajo, mejor calidad de procesamiento.<\/span><\/span><\/span><\/li>\n<li><span class=\"magic-11\" style=\"font-family: Arial;\"><span class=\"magic-17\"><span class=\"magic-21\">Alta velocidad de corte: 2 veces por m\u00e1quina de corte l\u00e1ser de CO2 con la misma potencia.<\/span><\/span><\/span><\/li>\n<li><span class=\"magic-11\" style=\"font-family: Arial;\"><span class=\"magic-17\"><span class=\"magic-21\">Alta estabilidad: adopta la mejor fuente de l\u00e1ser de fibra importada del mundo, rendimiento estable, la vida \u00fatil de las piezas clave puede alcanzar hasta 100 mil horas.<\/span><\/span><\/span><\/li>\n<li><span class=\"magic-11\" style=\"font-family: Arial;\"><span class=\"magic-17\"><span class=\"magic-21\">Alta eficiencia de conversi\u00f3n fotoel\u00e9ctrica: la m\u00e1quina de corte por l\u00e1ser de fibra es 3 veces mayor que la m\u00e1quina de corte por l\u00e1ser de CO2, ahorrando energ\u00eda y protegiendo el medio ambiente.<\/span><\/span><\/span><\/li>\n<li><span class=\"magic-11\" style=\"font-family: Arial;\"><span class=\"magic-17\"><span class=\"magic-21\" data-spm-anchor-id=\"a2700.details-description.0.i1.6c6b8a6p8a6p87\">Bajo costo de uso: el consumo de energ\u00eda de toda la m\u00e1quina es solo 20-30% de la m\u00e1quina de corte por l\u00e1ser de CO2 con la misma potencia.<\/span><\/span><\/span><\/li>\n<li><span class=\"magic-11\" style=\"font-family: Arial;\"><span class=\"magic-17\"><span class=\"magic-21\">Bajo costo de mantenimiento: no necesita gas de trabajo para la fuente l\u00e1ser; transmisi\u00f3n de fibra, no necesita lente reflectante; puede ahorrar grandes costos de mantenimiento.<\/span><\/span><\/span><\/li>\n<li><span class=\"magic-11\" style=\"font-family: Arial;\"><span class=\"magic-17\"><span class=\"magic-21\">Operaci\u00f3n y mantenimiento conveniente del producto: transmisi\u00f3n de fibra, sin necesidad de ajustar la trayectoria \u00f3ptica.<\/span><\/span><\/span><\/li>\n<li><span class=\"magic-11\" style=\"font-family: Arial;\"><span class=\"magic-17\"><span class=\"magic-21\">Fuertes efectos \u00f3pticos suaves: volumen y estructura compactos, lo que facilita los requisitos de procesamiento suave.<\/span><\/span><\/span><\/li>\n<\/ul>\n<p><img loading=\"lazy\" decoding=\"async\" class=\"alignnone wp-image-807 size-full\" src=\"https:\/\/aoxuancnc.com\/wp-content\/uploads\/2025\/09\/\u5fae\u4fe1\u56fe\u7247_20240122162231.jpg\" alt=\"\" width=\"1707\" height=\"1280\" srcset=\"https:\/\/aoxuancnc.com\/wp-content\/uploads\/2025\/09\/\u5fae\u4fe1\u56fe\u7247_20240122162231.jpg 1707w, https:\/\/aoxuancnc.com\/wp-content\/uploads\/2025\/09\/\u5fae\u4fe1\u56fe\u7247_20240122162231-500x375.jpg 500w, https:\/\/aoxuancnc.com\/wp-content\/uploads\/2025\/09\/\u5fae\u4fe1\u56fe\u7247_20240122162231-1200x900.jpg 1200w, https:\/\/aoxuancnc.com\/wp-content\/uploads\/2025\/09\/\u5fae\u4fe1\u56fe\u7247_20240122162231-300x225.jpg 300w, https:\/\/aoxuancnc.com\/wp-content\/uploads\/2025\/09\/\u5fae\u4fe1\u56fe\u7247_20240122162231-768x576.jpg 768w, https:\/\/aoxuancnc.com\/wp-content\/uploads\/2025\/09\/\u5fae\u4fe1\u56fe\u7247_20240122162231-1536x1152.jpg 1536w, https:\/\/aoxuancnc.com\/wp-content\/uploads\/2025\/09\/\u5fae\u4fe1\u56fe\u7247_20240122162231-16x12.jpg 16w, https:\/\/aoxuancnc.com\/wp-content\/uploads\/2025\/09\/\u5fae\u4fe1\u56fe\u7247_20240122162231-100x75.jpg 100w, https:\/\/aoxuancnc.com\/wp-content\/uploads\/2025\/09\/\u5fae\u4fe1\u56fe\u7247_20240122162231-960x720.jpg 960w, https:\/\/aoxuancnc.com\/wp-content\/uploads\/2025\/09\/\u5fae\u4fe1\u56fe\u7247_20240122162231-480x360.jpg 480w, https:\/\/aoxuancnc.com\/wp-content\/uploads\/2025\/09\/\u5fae\u4fe1\u56fe\u7247_20240122162231-800x600.jpg 800w\" sizes=\"auto, (max-width:767px) 480px, (max-width:1707px) 100vw, 1707px\" \/><\/p>\n<p>&nbsp;<\/p>\n<h3><strong>Especificaci\u00f3n:\u00a0<\/strong><\/h3>\n<p><img loading=\"lazy\" decoding=\"async\" class=\"alignnone wp-image-788 size-full\" src=\"https:\/\/aoxuancnc.com\/wp-content\/uploads\/2025\/09\/2000W\u914d\u7f6e.png\" alt=\"\" width=\"701\" height=\"744\" srcset=\"https:\/\/aoxuancnc.com\/wp-content\/uploads\/2025\/09\/2000W\u914d\u7f6e.png 701w, https:\/\/aoxuancnc.com\/wp-content\/uploads\/2025\/09\/2000W\u914d\u7f6e-471x500.png 471w, https:\/\/aoxuancnc.com\/wp-content\/uploads\/2025\/09\/2000W\u914d\u7f6e-283x300.png 283w, https:\/\/aoxuancnc.com\/wp-content\/uploads\/2025\/09\/2000W\u914d\u7f6e-11x12.png 11w, https:\/\/aoxuancnc.com\/wp-content\/uploads\/2025\/09\/2000W\u914d\u7f6e-71x75.png 71w, https:\/\/aoxuancnc.com\/wp-content\/uploads\/2025\/09\/2000W\u914d\u7f6e-480x509.png 480w\" sizes=\"auto, (max-width:767px) 480px, 701px\" \/><\/p>\n<p><img loading=\"lazy\" decoding=\"async\" class=\"alignnone wp-image-812\" src=\"https:\/\/aoxuancnc.com\/wp-content\/uploads\/2025\/09\/1500W\u914d\u7f6e.png\" alt=\"\" width=\"701\" height=\"843\" srcset=\"https:\/\/aoxuancnc.com\/wp-content\/uploads\/2025\/09\/1500W\u914d\u7f6e.png 635w, https:\/\/aoxuancnc.com\/wp-content\/uploads\/2025\/09\/1500W\u914d\u7f6e-416x500.png 416w, https:\/\/aoxuancnc.com\/wp-content\/uploads\/2025\/09\/1500W\u914d\u7f6e-249x300.png 249w, https:\/\/aoxuancnc.com\/wp-content\/uploads\/2025\/09\/1500W\u914d\u7f6e-10x12.png 10w, https:\/\/aoxuancnc.com\/wp-content\/uploads\/2025\/09\/1500W\u914d\u7f6e-62x75.png 62w, https:\/\/aoxuancnc.com\/wp-content\/uploads\/2025\/09\/1500W\u914d\u7f6e-480x578.png 480w\" sizes=\"auto, (max-width:767px) 480px, 701px\" \/><\/p>\n<h3><strong>\u00a0Configuraci\u00f3n de la m\u00e1quina \u00a0\u00a0<\/strong><\/h3>\n<p><img loading=\"lazy\" decoding=\"async\" class=\"alignnone wp-image-789\" src=\"https:\/\/aoxuancnc.com\/wp-content\/uploads\/2025\/09\/2000W\u914d\u7f6e1.png\" alt=\"\" width=\"701\" height=\"522\" srcset=\"https:\/\/aoxuancnc.com\/wp-content\/uploads\/2025\/09\/2000W\u914d\u7f6e1.png 860w, https:\/\/aoxuancnc.com\/wp-content\/uploads\/2025\/09\/2000W\u914d\u7f6e1-500x372.png 500w, https:\/\/aoxuancnc.com\/wp-content\/uploads\/2025\/09\/2000W\u914d\u7f6e1-300x223.png 300w, https:\/\/aoxuancnc.com\/wp-content\/uploads\/2025\/09\/2000W\u914d\u7f6e1-768x572.png 768w, https:\/\/aoxuancnc.com\/wp-content\/uploads\/2025\/09\/2000W\u914d\u7f6e1-16x12.png 16w, https:\/\/aoxuancnc.com\/wp-content\/uploads\/2025\/09\/2000W\u914d\u7f6e1-101x75.png 101w, https:\/\/aoxuancnc.com\/wp-content\/uploads\/2025\/09\/2000W\u914d\u7f6e1-480x357.png 480w, https:\/\/aoxuancnc.com\/wp-content\/uploads\/2025\/09\/2000W\u914d\u7f6e1-800x595.png 800w\" sizes=\"auto, (max-width:767px) 480px, 701px\" \/><\/p>\n<h4><strong>Cabezal l\u00e1ser Raytools<\/strong><\/h4>\n<p><img loading=\"lazy\" decoding=\"async\" class=\"alignnone wp-image-791\" src=\"https:\/\/aoxuancnc.com\/wp-content\/uploads\/2025\/09\/\u5609\u5f3a\u5207\u5272\u5934.png\" alt=\"\" width=\"701\" height=\"917\" srcset=\"https:\/\/aoxuancnc.com\/wp-content\/uploads\/2025\/09\/\u5609\u5f3a\u5207\u5272\u5934.png 584w, https:\/\/aoxuancnc.com\/wp-content\/uploads\/2025\/09\/\u5609\u5f3a\u5207\u5272\u5934-382x500.png 382w, https:\/\/aoxuancnc.com\/wp-content\/uploads\/2025\/09\/\u5609\u5f3a\u5207\u5272\u5934-229x300.png 229w, https:\/\/aoxuancnc.com\/wp-content\/uploads\/2025\/09\/\u5609\u5f3a\u5207\u5272\u5934-9x12.png 9w, https:\/\/aoxuancnc.com\/wp-content\/uploads\/2025\/09\/\u5609\u5f3a\u5207\u5272\u5934-57x75.png 57w, https:\/\/aoxuancnc.com\/wp-content\/uploads\/2025\/09\/\u5609\u5f3a\u5207\u5272\u5934-480x628.png 480w\" sizes=\"auto, (max-width:767px) 480px, 701px\" \/><\/p>\n<h4><strong>Sistema de control CNC<\/strong><\/h4>\n<p><img loading=\"lazy\" decoding=\"async\" class=\"alignnone wp-image-792\" src=\"https:\/\/aoxuancnc.com\/wp-content\/uploads\/2025\/09\/\u5609\u5f3a\u7cfb\u7edf.png\" alt=\"\" width=\"701\" height=\"880\" srcset=\"https:\/\/aoxuancnc.com\/wp-content\/uploads\/2025\/09\/\u5609\u5f3a\u7cfb\u7edf.png 585w, https:\/\/aoxuancnc.com\/wp-content\/uploads\/2025\/09\/\u5609\u5f3a\u7cfb\u7edf-399x500.png 399w, https:\/\/aoxuancnc.com\/wp-content\/uploads\/2025\/09\/\u5609\u5f3a\u7cfb\u7edf-239x300.png 239w, https:\/\/aoxuancnc.com\/wp-content\/uploads\/2025\/09\/\u5609\u5f3a\u7cfb\u7edf-10x12.png 10w, https:\/\/aoxuancnc.com\/wp-content\/uploads\/2025\/09\/\u5609\u5f3a\u7cfb\u7edf-60x75.png 60w, https:\/\/aoxuancnc.com\/wp-content\/uploads\/2025\/09\/\u5609\u5f3a\u7cfb\u7edf-480x602.png 480w\" sizes=\"auto, (max-width:767px) 480px, 701px\" \/><\/p>\n<p>&nbsp;<\/p>\n<p>&nbsp;<\/p>\n<p>&nbsp;<\/p>\n<p><img loading=\"lazy\" decoding=\"async\" class=\"alignnone wp-image-794\" src=\"https:\/\/aoxuancnc.com\/wp-content\/uploads\/2025\/09\/\u9002\u7528\u884c\u4e1a.png\" alt=\"\" width=\"701\" height=\"834\" srcset=\"https:\/\/aoxuancnc.com\/wp-content\/uploads\/2025\/09\/\u9002\u7528\u884c\u4e1a.png 625w, https:\/\/aoxuancnc.com\/wp-content\/uploads\/2025\/09\/\u9002\u7528\u884c\u4e1a-420x500.png 420w, https:\/\/aoxuancnc.com\/wp-content\/uploads\/2025\/09\/\u9002\u7528\u884c\u4e1a-252x300.png 252w, https:\/\/aoxuancnc.com\/wp-content\/uploads\/2025\/09\/\u9002\u7528\u884c\u4e1a-10x12.png 10w, https:\/\/aoxuancnc.com\/wp-content\/uploads\/2025\/09\/\u9002\u7528\u884c\u4e1a-63x75.png 63w, https:\/\/aoxuancnc.com\/wp-content\/uploads\/2025\/09\/\u9002\u7528\u884c\u4e1a-480x571.png 480w\" sizes=\"auto, (max-width:767px) 480px, 701px\" \/><\/p>\n<p>&nbsp;<\/p>","protected":false},"excerpt":{"rendered":"<p>1. Precio FOB de Shangh\u00e1i, China<\/p>\n<p>2\u3001Precio v\u00e1lido: dentro de 30 d\u00edas;<\/p>\n<p>3\u3001M\u00e9todo de pago: Cuando se firman el contrato de venta del producto y el acuerdo t\u00e9cnico, se pagar\u00e1 30% del monto total del contrato y 70% del monto total del contrato se pagar\u00e1 en el momento de la entrega mediante T\/T o L\/C.<\/p>\n<p>4\u3001Per\u00edodo de entrega: 30 d\u00edas h\u00e1biles despu\u00e9s de recibir el dep\u00f3sito;<\/p>\n<p>5\u3001Embalaje: embalaje simple, no reciclable;<\/p>","protected":false},"featured_media":811,"template":"","meta":[],"product_brand":[32,21],"product_cat":[41],"product_tag":[60,44,45,46],"class_list":{"0":"post-805","1":"product","2":"type-product","3":"status-publish","4":"has-post-thumbnail","6":"product_brand-aoxuan","7":"product_brand-aoxuanzg","8":"product_cat-laser-cutting-machine","9":"product_tag-cnc-laser-cutting-machine","10":"product_tag-fiber-laser-cutting-machine","11":"product_tag-laser-metal-cutting-machine","12":"product_tag-metal-cutting-machine","14":"first","15":"instock","16":"shipping-taxable","17":"product-type-simple"},"yoast_head":"<!-- This site is optimized with the Yoast SEO plugin v24.9 - https:\/\/yoast.com\/wordpress\/plugins\/seo\/ -->\n<title>CNC Fiber Laser Cutting Machine for Stainless Steel 1500W 3015 Size AOXUANZG<\/title>\n<meta name=\"description\" content=\"Cnc fiber laser cutting machine: Support groove cutting , double chuck clamping, suitable for all kinds of irregular pipe fitts\" \/>\n<meta name=\"robots\" content=\"index, follow, max-snippet:-1, max-image-preview:large, max-video-preview:-1\" \/>\n<link rel=\"canonical\" href=\"https:\/\/aoxuancnc.com\/es\/producto\/cnc-fiber-laser-cutting-machine-for-stainless-steel-1500w-3015-size\/\" \/>\n<meta property=\"og:locale\" content=\"es_ES\" \/>\n<meta property=\"og:type\" content=\"article\" \/>\n<meta property=\"og:title\" content=\"CNC Fiber Laser Cutting Machine for Stainless Steel 1500W 3015 Size AOXUANZG\" \/>\n<meta property=\"og:description\" content=\"Cnc fiber laser cutting machine: Support groove cutting , double chuck clamping, suitable for all kinds of irregular pipe fitts\" \/>\n<meta property=\"og:url\" content=\"https:\/\/aoxuancnc.com\/es\/producto\/cnc-fiber-laser-cutting-machine-for-stainless-steel-1500w-3015-size\/\" \/>\n<meta property=\"og:site_name\" content=\"AOXUANZG\" \/>\n<meta property=\"article:modified_time\" content=\"2025-09-25T09:25:28+00:00\" \/>\n<meta property=\"og:image\" content=\"https:\/\/aoxuancnc.com\/wp-content\/uploads\/2025\/09\/\u4e3b\u56fe-2.jpg\" \/>\n\t<meta property=\"og:image:width\" content=\"801\" \/>\n\t<meta property=\"og:image:height\" content=\"801\" \/>\n\t<meta property=\"og:image:type\" content=\"image\/jpeg\" \/>\n<meta name=\"twitter:card\" content=\"summary_large_image\" \/>\n<meta name=\"twitter:label1\" content=\"Tiempo de lectura\" \/>\n\t<meta name=\"twitter:data1\" content=\"4 minutos\" \/>\n<script type=\"application\/ld+json\" class=\"yoast-schema-graph\">{\"@context\":\"https:\/\/schema.org\",\"@graph\":[{\"@type\":\"WebPage\",\"@id\":\"https:\/\/aoxuancnc.com\/product\/cnc-fiber-laser-cutting-machine-for-stainless-steel-1500w-3015-size\/\",\"url\":\"https:\/\/aoxuancnc.com\/product\/cnc-fiber-laser-cutting-machine-for-stainless-steel-1500w-3015-size\/\",\"name\":\"CNC Fiber Laser Cutting Machine for Stainless Steel 1500W 3015 Size AOXUANZG\",\"isPartOf\":{\"@id\":\"http:\/\/aoxuancnc.com\/#website\"},\"primaryImageOfPage\":{\"@id\":\"https:\/\/aoxuancnc.com\/product\/cnc-fiber-laser-cutting-machine-for-stainless-steel-1500w-3015-size\/#primaryimage\"},\"image\":{\"@id\":\"https:\/\/aoxuancnc.com\/product\/cnc-fiber-laser-cutting-machine-for-stainless-steel-1500w-3015-size\/#primaryimage\"},\"thumbnailUrl\":\"https:\/\/aoxuancnc.com\/wp-content\/uploads\/2025\/09\/\u4e3b\u56fe-2.jpg\",\"datePublished\":\"2025-09-25T09:10:50+00:00\",\"dateModified\":\"2025-09-25T09:25:28+00:00\",\"description\":\"Cnc fiber laser cutting machine: Support groove cutting , double chuck clamping, suitable for all kinds of irregular pipe fitts\",\"breadcrumb\":{\"@id\":\"https:\/\/aoxuancnc.com\/product\/cnc-fiber-laser-cutting-machine-for-stainless-steel-1500w-3015-size\/#breadcrumb\"},\"inLanguage\":\"es\",\"potentialAction\":[{\"@type\":\"ReadAction\",\"target\":[\"https:\/\/aoxuancnc.com\/product\/cnc-fiber-laser-cutting-machine-for-stainless-steel-1500w-3015-size\/\"]}]},{\"@type\":\"ImageObject\",\"inLanguage\":\"es\",\"@id\":\"https:\/\/aoxuancnc.com\/product\/cnc-fiber-laser-cutting-machine-for-stainless-steel-1500w-3015-size\/#primaryimage\",\"url\":\"https:\/\/aoxuancnc.com\/wp-content\/uploads\/2025\/09\/\u4e3b\u56fe-2.jpg\",\"contentUrl\":\"https:\/\/aoxuancnc.com\/wp-content\/uploads\/2025\/09\/\u4e3b\u56fe-2.jpg\",\"width\":801,\"height\":801},{\"@type\":\"BreadcrumbList\",\"@id\":\"https:\/\/aoxuancnc.com\/product\/cnc-fiber-laser-cutting-machine-for-stainless-steel-1500w-3015-size\/#breadcrumb\",\"itemListElement\":[{\"@type\":\"ListItem\",\"position\":1,\"name\":\"\u9996\u9875\",\"item\":\"http:\/\/aoxuancnc.com\/\"},{\"@type\":\"ListItem\",\"position\":2,\"name\":\"Product\",\"item\":\"https:\/\/aoxuancnc.com\/ru\/product\/\"},{\"@type\":\"ListItem\",\"position\":3,\"name\":\"CNC Fiber Laser Cutting Machine for Stainless Steel 1500W 3015 Size\"}]},{\"@type\":\"WebSite\",\"@id\":\"http:\/\/aoxuancnc.com\/#website\",\"url\":\"http:\/\/aoxuancnc.com\/\",\"name\":\"AOXUANZG\",\"description\":\"Anhui Aoxuan Heavy Industry Machine Co., Ltd\",\"potentialAction\":[{\"@type\":\"SearchAction\",\"target\":{\"@type\":\"EntryPoint\",\"urlTemplate\":\"http:\/\/aoxuancnc.com\/?s={search_term_string}\"},\"query-input\":{\"@type\":\"PropertyValueSpecification\",\"valueRequired\":true,\"valueName\":\"search_term_string\"}}],\"inLanguage\":\"es\"}]}<\/script>\n<!-- \/ Yoast SEO plugin. -->","yoast_head_json":{"title":"CNC Fiber Laser Cutting Machine for Stainless Steel 1500W 3015 Size AOXUANZG","description":"Cnc fiber laser cutting machine: Support groove cutting , double chuck clamping, suitable for all kinds of irregular pipe fitts","robots":{"index":"index","follow":"follow","max-snippet":"max-snippet:-1","max-image-preview":"max-image-preview:large","max-video-preview":"max-video-preview:-1"},"canonical":"https:\/\/aoxuancnc.com\/es\/producto\/cnc-fiber-laser-cutting-machine-for-stainless-steel-1500w-3015-size\/","og_locale":"es_ES","og_type":"article","og_title":"CNC Fiber Laser Cutting Machine for Stainless Steel 1500W 3015 Size AOXUANZG","og_description":"Cnc fiber laser cutting machine: Support groove cutting , double chuck clamping, suitable for all kinds of irregular pipe fitts","og_url":"https:\/\/aoxuancnc.com\/es\/producto\/cnc-fiber-laser-cutting-machine-for-stainless-steel-1500w-3015-size\/","og_site_name":"AOXUANZG","article_modified_time":"2025-09-25T09:25:28+00:00","og_image":[{"width":801,"height":801,"url":"https:\/\/aoxuancnc.com\/wp-content\/uploads\/2025\/09\/\u4e3b\u56fe-2.jpg","type":"image\/jpeg"}],"twitter_card":"summary_large_image","twitter_misc":{"Tiempo de lectura":"4 minutos"},"schema":{"@context":"https:\/\/schema.org","@graph":[{"@type":"WebPage","@id":"https:\/\/aoxuancnc.com\/product\/cnc-fiber-laser-cutting-machine-for-stainless-steel-1500w-3015-size\/","url":"https:\/\/aoxuancnc.com\/product\/cnc-fiber-laser-cutting-machine-for-stainless-steel-1500w-3015-size\/","name":"CNC Fiber Laser Cutting Machine for Stainless Steel 1500W 3015 Size AOXUANZG","isPartOf":{"@id":"http:\/\/aoxuancnc.com\/#website"},"primaryImageOfPage":{"@id":"https:\/\/aoxuancnc.com\/product\/cnc-fiber-laser-cutting-machine-for-stainless-steel-1500w-3015-size\/#primaryimage"},"image":{"@id":"https:\/\/aoxuancnc.com\/product\/cnc-fiber-laser-cutting-machine-for-stainless-steel-1500w-3015-size\/#primaryimage"},"thumbnailUrl":"https:\/\/aoxuancnc.com\/wp-content\/uploads\/2025\/09\/\u4e3b\u56fe-2.jpg","datePublished":"2025-09-25T09:10:50+00:00","dateModified":"2025-09-25T09:25:28+00:00","description":"Cnc fiber laser cutting machine: Support groove cutting , double chuck clamping, suitable for all kinds of irregular pipe fitts","breadcrumb":{"@id":"https:\/\/aoxuancnc.com\/product\/cnc-fiber-laser-cutting-machine-for-stainless-steel-1500w-3015-size\/#breadcrumb"},"inLanguage":"es","potentialAction":[{"@type":"ReadAction","target":["https:\/\/aoxuancnc.com\/product\/cnc-fiber-laser-cutting-machine-for-stainless-steel-1500w-3015-size\/"]}]},{"@type":"ImageObject","inLanguage":"es","@id":"https:\/\/aoxuancnc.com\/product\/cnc-fiber-laser-cutting-machine-for-stainless-steel-1500w-3015-size\/#primaryimage","url":"https:\/\/aoxuancnc.com\/wp-content\/uploads\/2025\/09\/\u4e3b\u56fe-2.jpg","contentUrl":"https:\/\/aoxuancnc.com\/wp-content\/uploads\/2025\/09\/\u4e3b\u56fe-2.jpg","width":801,"height":801},{"@type":"BreadcrumbList","@id":"https:\/\/aoxuancnc.com\/product\/cnc-fiber-laser-cutting-machine-for-stainless-steel-1500w-3015-size\/#breadcrumb","itemListElement":[{"@type":"ListItem","position":1,"name":"\u9996\u9875","item":"http:\/\/aoxuancnc.com\/"},{"@type":"ListItem","position":2,"name":"Product","item":"https:\/\/aoxuancnc.com\/ru\/product\/"},{"@type":"ListItem","position":3,"name":"CNC Fiber Laser Cutting Machine for Stainless Steel 1500W 3015 Size"}]},{"@type":"WebSite","@id":"http:\/\/aoxuancnc.com\/#website","url":"http:\/\/aoxuancnc.com\/","name":"AOXUANZG","description":"Anhui Aoxuan Heavy Industry Machine Co., Ltd","potentialAction":[{"@type":"SearchAction","target":{"@type":"EntryPoint","urlTemplate":"http:\/\/aoxuancnc.com\/?s={search_term_string}"},"query-input":{"@type":"PropertyValueSpecification","valueRequired":true,"valueName":"search_term_string"}}],"inLanguage":"es"}]}},"_links":{"self":[{"href":"https:\/\/aoxuancnc.com\/es\/wp-json\/wp\/v2\/product\/805","targetHints":{"allow":["GET"]}}],"collection":[{"href":"https:\/\/aoxuancnc.com\/es\/wp-json\/wp\/v2\/product"}],"about":[{"href":"https:\/\/aoxuancnc.com\/es\/wp-json\/wp\/v2\/types\/product"}],"wp:featuredmedia":[{"embeddable":true,"href":"https:\/\/aoxuancnc.com\/es\/wp-json\/wp\/v2\/media\/811"}],"wp:attachment":[{"href":"https:\/\/aoxuancnc.com\/es\/wp-json\/wp\/v2\/media?parent=805"}],"wp:term":[{"taxonomy":"product_brand","embeddable":true,"href":"https:\/\/aoxuancnc.com\/es\/wp-json\/wp\/v2\/product_brand?post=805"},{"taxonomy":"product_cat","embeddable":true,"href":"https:\/\/aoxuancnc.com\/es\/wp-json\/wp\/v2\/product_cat?post=805"},{"taxonomy":"product_tag","embeddable":true,"href":"https:\/\/aoxuancnc.com\/es\/wp-json\/wp\/v2\/product_tag?post=805"}],"curies":[{"name":"wp","href":"https:\/\/api.w.org\/{rel}","templated":true}]}}