{"id":850,"date":"2025-09-30T02:26:32","date_gmt":"2025-09-30T02:26:32","guid":{"rendered":"https:\/\/aoxuancnc.com\/?post_type=product&#038;p=850"},"modified":"2025-09-30T02:34:07","modified_gmt":"2025-09-30T02:34:07","slug":"cnc-fiber-laser-cutting-machine-automatic-metal-cutter-30001500mm","status":"publish","type":"product","link":"https:\/\/aoxuancnc.com\/es\/producto\/cnc-fiber-laser-cutting-machine-automatic-metal-cutter-30001500mm\/","title":{"rendered":"M\u00e1quina de corte l\u00e1ser de fibra CNC, cortadora autom\u00e1tica de metal, 3000 x 1500 mm"},"content":{"rendered":"<h2 style=\"text-align: center;\"><strong>M\u00e1quina de corte l\u00e1ser de fibra CNC, cortadora autom\u00e1tica de metal, 3000 x 1500 mm <\/strong><\/h2>\n<p>&nbsp;<\/p>\n<p><img loading=\"lazy\" decoding=\"async\" class=\"alignnone wp-image-851 size-full\" src=\"https:\/\/aoxuancnc.com\/wp-content\/uploads\/2025\/09\/1-scaled.png\" alt=\"\" width=\"2560\" height=\"1447\" srcset=\"https:\/\/aoxuancnc.com\/wp-content\/uploads\/2025\/09\/1-scaled.png 2560w, https:\/\/aoxuancnc.com\/wp-content\/uploads\/2025\/09\/1-500x283.png 500w, https:\/\/aoxuancnc.com\/wp-content\/uploads\/2025\/09\/1-1200x678.png 1200w, https:\/\/aoxuancnc.com\/wp-content\/uploads\/2025\/09\/1-300x170.png 300w, https:\/\/aoxuancnc.com\/wp-content\/uploads\/2025\/09\/1-768x434.png 768w, https:\/\/aoxuancnc.com\/wp-content\/uploads\/2025\/09\/1-1536x868.png 1536w, https:\/\/aoxuancnc.com\/wp-content\/uploads\/2025\/09\/1-2048x1157.png 2048w, https:\/\/aoxuancnc.com\/wp-content\/uploads\/2025\/09\/1-18x10.png 18w, https:\/\/aoxuancnc.com\/wp-content\/uploads\/2025\/09\/1-133x75.png 133w, https:\/\/aoxuancnc.com\/wp-content\/uploads\/2025\/09\/1-480x271.png 480w, https:\/\/aoxuancnc.com\/wp-content\/uploads\/2025\/09\/1-800x452.png 800w\" sizes=\"auto, (max-width:767px) 480px, (max-width:2560px) 100vw, 2560px\" \/><\/p>\n<p>&nbsp;<\/p>\n<ul>\n<li class=\"magic-19\" data-spm-anchor-id=\"a2700.details-description.0.i3.6c6b8a6p8a6p87\">La m\u00e1quina de corte por l\u00e1ser de fibra es un dispositivo de corte avanzado que utiliza un l\u00e1ser de fibra de alta potencia como fuente de luz. Se utiliza ampliamente en el procesamiento de metales.<\/li>\n<li class=\"magic-19\" data-spm-anchor-id=\"a2700.details-description.0.i3.6c6b8a6p8a6p87\">F\u00e1cil mantenimiento: la transmisi\u00f3n de fibra \u00f3ptica elimina la necesidad de reflectores, lo que da como resultado un dise\u00f1o compacto y una alta estabilidad.<\/li>\n<li class=\"magic-19\" data-spm-anchor-id=\"a2700.details-description.0.i3.6c6b8a6p8a6p87\">Compatibilidad de materiales: optimiza el rendimiento de corte para metales altamente reflectantes como cobre, aluminio, acero al carbono y acero inoxidable.<\/li>\n<\/ul>\n<h4><img loading=\"lazy\" decoding=\"async\" class=\"alignnone wp-image-855\" src=\"https:\/\/aoxuancnc.com\/wp-content\/uploads\/2025\/09\/\u7279\u70b9.png\" alt=\"\" width=\"701\" height=\"598\" srcset=\"https:\/\/aoxuancnc.com\/wp-content\/uploads\/2025\/09\/\u7279\u70b9.png 615w, https:\/\/aoxuancnc.com\/wp-content\/uploads\/2025\/09\/\u7279\u70b9-500x427.png 500w, https:\/\/aoxuancnc.com\/wp-content\/uploads\/2025\/09\/\u7279\u70b9-300x256.png 300w, https:\/\/aoxuancnc.com\/wp-content\/uploads\/2025\/09\/\u7279\u70b9-14x12.png 14w, https:\/\/aoxuancnc.com\/wp-content\/uploads\/2025\/09\/\u7279\u70b9-88x75.png 88w, https:\/\/aoxuancnc.com\/wp-content\/uploads\/2025\/09\/\u7279\u70b9-480x410.png 480w\" sizes=\"auto, (max-width:767px) 480px, 701px\" \/><\/h4>\n<p><img loading=\"lazy\" decoding=\"async\" class=\"alignnone wp-image-852 size-full\" src=\"https:\/\/aoxuancnc.com\/wp-content\/uploads\/2025\/09\/2-scaled.png\" alt=\"\" width=\"2560\" height=\"1519\" srcset=\"https:\/\/aoxuancnc.com\/wp-content\/uploads\/2025\/09\/2-scaled.png 2560w, https:\/\/aoxuancnc.com\/wp-content\/uploads\/2025\/09\/2-500x297.png 500w, https:\/\/aoxuancnc.com\/wp-content\/uploads\/2025\/09\/2-1200x712.png 1200w, https:\/\/aoxuancnc.com\/wp-content\/uploads\/2025\/09\/2-300x178.png 300w, https:\/\/aoxuancnc.com\/wp-content\/uploads\/2025\/09\/2-768x456.png 768w, https:\/\/aoxuancnc.com\/wp-content\/uploads\/2025\/09\/2-1536x912.png 1536w, https:\/\/aoxuancnc.com\/wp-content\/uploads\/2025\/09\/2-2048x1215.png 2048w, https:\/\/aoxuancnc.com\/wp-content\/uploads\/2025\/09\/2-18x12.png 18w, https:\/\/aoxuancnc.com\/wp-content\/uploads\/2025\/09\/2-126x75.png 126w, https:\/\/aoxuancnc.com\/wp-content\/uploads\/2025\/09\/2-480x285.png 480w, https:\/\/aoxuancnc.com\/wp-content\/uploads\/2025\/09\/2-800x475.png 800w\" sizes=\"auto, (max-width:767px) 480px, (max-width:2560px) 100vw, 2560px\" \/><\/p>\n<p>&nbsp;<\/p>\n<h3><strong>Especificaci\u00f3n:\u00a0<\/strong><\/h3>\n<p><img loading=\"lazy\" decoding=\"async\" class=\"alignnone wp-image-788 size-full\" src=\"https:\/\/aoxuancnc.com\/wp-content\/uploads\/2025\/09\/2000W\u914d\u7f6e.png\" alt=\"\" width=\"701\" height=\"744\" srcset=\"https:\/\/aoxuancnc.com\/wp-content\/uploads\/2025\/09\/2000W\u914d\u7f6e.png 701w, https:\/\/aoxuancnc.com\/wp-content\/uploads\/2025\/09\/2000W\u914d\u7f6e-471x500.png 471w, https:\/\/aoxuancnc.com\/wp-content\/uploads\/2025\/09\/2000W\u914d\u7f6e-283x300.png 283w, https:\/\/aoxuancnc.com\/wp-content\/uploads\/2025\/09\/2000W\u914d\u7f6e-11x12.png 11w, https:\/\/aoxuancnc.com\/wp-content\/uploads\/2025\/09\/2000W\u914d\u7f6e-71x75.png 71w, https:\/\/aoxuancnc.com\/wp-content\/uploads\/2025\/09\/2000W\u914d\u7f6e-480x509.png 480w\" sizes=\"auto, (max-width:767px) 480px, 701px\" \/><\/p>\n<p><img loading=\"lazy\" decoding=\"async\" class=\"alignnone wp-image-849\" src=\"https:\/\/aoxuancnc.com\/wp-content\/uploads\/2025\/09\/6000W\u914d\u7f6e.png\" alt=\"\" width=\"701\" height=\"806\" srcset=\"https:\/\/aoxuancnc.com\/wp-content\/uploads\/2025\/09\/6000W\u914d\u7f6e.png 635w, https:\/\/aoxuancnc.com\/wp-content\/uploads\/2025\/09\/6000W\u914d\u7f6e-435x500.png 435w, https:\/\/aoxuancnc.com\/wp-content\/uploads\/2025\/09\/6000W\u914d\u7f6e-261x300.png 261w, https:\/\/aoxuancnc.com\/wp-content\/uploads\/2025\/09\/6000W\u914d\u7f6e-10x12.png 10w, https:\/\/aoxuancnc.com\/wp-content\/uploads\/2025\/09\/6000W\u914d\u7f6e-65x75.png 65w, https:\/\/aoxuancnc.com\/wp-content\/uploads\/2025\/09\/6000W\u914d\u7f6e-480x552.png 480w\" sizes=\"auto, (max-width:767px) 480px, 701px\" \/><\/p>\n<h3><strong>\u00a0Configuraci\u00f3n de la m\u00e1quina \u00a0\u00a0<\/strong><\/h3>\n<p><img loading=\"lazy\" decoding=\"async\" class=\"alignnone wp-image-789\" src=\"https:\/\/aoxuancnc.com\/wp-content\/uploads\/2025\/09\/2000W\u914d\u7f6e1.png\" alt=\"\" width=\"701\" height=\"522\" srcset=\"https:\/\/aoxuancnc.com\/wp-content\/uploads\/2025\/09\/2000W\u914d\u7f6e1.png 860w, https:\/\/aoxuancnc.com\/wp-content\/uploads\/2025\/09\/2000W\u914d\u7f6e1-500x372.png 500w, https:\/\/aoxuancnc.com\/wp-content\/uploads\/2025\/09\/2000W\u914d\u7f6e1-300x223.png 300w, https:\/\/aoxuancnc.com\/wp-content\/uploads\/2025\/09\/2000W\u914d\u7f6e1-768x572.png 768w, https:\/\/aoxuancnc.com\/wp-content\/uploads\/2025\/09\/2000W\u914d\u7f6e1-16x12.png 16w, https:\/\/aoxuancnc.com\/wp-content\/uploads\/2025\/09\/2000W\u914d\u7f6e1-101x75.png 101w, https:\/\/aoxuancnc.com\/wp-content\/uploads\/2025\/09\/2000W\u914d\u7f6e1-480x357.png 480w, https:\/\/aoxuancnc.com\/wp-content\/uploads\/2025\/09\/2000W\u914d\u7f6e1-800x595.png 800w\" sizes=\"auto, (max-width:767px) 480px, 701px\" \/><\/p>\n<h4><strong>Cabezal l\u00e1ser Raytools<\/strong><\/h4>\n<p><img loading=\"lazy\" decoding=\"async\" class=\"alignnone wp-image-791\" src=\"https:\/\/aoxuancnc.com\/wp-content\/uploads\/2025\/09\/\u5609\u5f3a\u5207\u5272\u5934.png\" alt=\"\" width=\"701\" height=\"917\" srcset=\"https:\/\/aoxuancnc.com\/wp-content\/uploads\/2025\/09\/\u5609\u5f3a\u5207\u5272\u5934.png 584w, https:\/\/aoxuancnc.com\/wp-content\/uploads\/2025\/09\/\u5609\u5f3a\u5207\u5272\u5934-382x500.png 382w, https:\/\/aoxuancnc.com\/wp-content\/uploads\/2025\/09\/\u5609\u5f3a\u5207\u5272\u5934-229x300.png 229w, https:\/\/aoxuancnc.com\/wp-content\/uploads\/2025\/09\/\u5609\u5f3a\u5207\u5272\u5934-9x12.png 9w, https:\/\/aoxuancnc.com\/wp-content\/uploads\/2025\/09\/\u5609\u5f3a\u5207\u5272\u5934-57x75.png 57w, https:\/\/aoxuancnc.com\/wp-content\/uploads\/2025\/09\/\u5609\u5f3a\u5207\u5272\u5934-480x628.png 480w\" sizes=\"auto, (max-width:767px) 480px, 701px\" \/><\/p>\n<h4><strong>Sistema de control CNC<\/strong><\/h4>\n<p><img loading=\"lazy\" decoding=\"async\" class=\"alignnone wp-image-792\" src=\"https:\/\/aoxuancnc.com\/wp-content\/uploads\/2025\/09\/\u5609\u5f3a\u7cfb\u7edf.png\" alt=\"\" width=\"701\" height=\"880\" srcset=\"https:\/\/aoxuancnc.com\/wp-content\/uploads\/2025\/09\/\u5609\u5f3a\u7cfb\u7edf.png 585w, https:\/\/aoxuancnc.com\/wp-content\/uploads\/2025\/09\/\u5609\u5f3a\u7cfb\u7edf-399x500.png 399w, https:\/\/aoxuancnc.com\/wp-content\/uploads\/2025\/09\/\u5609\u5f3a\u7cfb\u7edf-239x300.png 239w, https:\/\/aoxuancnc.com\/wp-content\/uploads\/2025\/09\/\u5609\u5f3a\u7cfb\u7edf-10x12.png 10w, https:\/\/aoxuancnc.com\/wp-content\/uploads\/2025\/09\/\u5609\u5f3a\u7cfb\u7edf-60x75.png 60w, https:\/\/aoxuancnc.com\/wp-content\/uploads\/2025\/09\/\u5609\u5f3a\u7cfb\u7edf-480x602.png 480w\" sizes=\"auto, (max-width:767px) 480px, 701px\" \/><\/p>\n<p>&nbsp;<\/p>\n<p>&nbsp;<\/p>\n<p>&nbsp;<\/p>\n<p><img loading=\"lazy\" decoding=\"async\" class=\"alignnone wp-image-794\" src=\"https:\/\/aoxuancnc.com\/wp-content\/uploads\/2025\/09\/\u9002\u7528\u884c\u4e1a.png\" alt=\"\" width=\"701\" height=\"834\" srcset=\"https:\/\/aoxuancnc.com\/wp-content\/uploads\/2025\/09\/\u9002\u7528\u884c\u4e1a.png 625w, https:\/\/aoxuancnc.com\/wp-content\/uploads\/2025\/09\/\u9002\u7528\u884c\u4e1a-420x500.png 420w, https:\/\/aoxuancnc.com\/wp-content\/uploads\/2025\/09\/\u9002\u7528\u884c\u4e1a-252x300.png 252w, https:\/\/aoxuancnc.com\/wp-content\/uploads\/2025\/09\/\u9002\u7528\u884c\u4e1a-10x12.png 10w, https:\/\/aoxuancnc.com\/wp-content\/uploads\/2025\/09\/\u9002\u7528\u884c\u4e1a-63x75.png 63w, https:\/\/aoxuancnc.com\/wp-content\/uploads\/2025\/09\/\u9002\u7528\u884c\u4e1a-480x571.png 480w\" sizes=\"auto, (max-width:767px) 480px, 701px\" \/><\/p>\n<p>&nbsp;<\/p>","protected":false},"excerpt":{"rendered":"<p>1. Precio FOB de Shangh\u00e1i, China<\/p>\n<p>2\u3001Precio v\u00e1lido: dentro de 30 d\u00edas;<\/p>\n<p>3\u3001M\u00e9todo de pago: Cuando se firman el contrato de venta del producto y el acuerdo t\u00e9cnico, se pagar\u00e1 30% del monto total del contrato y 70% del monto total del contrato se pagar\u00e1 en el momento de la entrega mediante T\/T o L\/C.<\/p>\n<p>4\u3001Per\u00edodo de entrega: 30 d\u00edas h\u00e1biles despu\u00e9s de recibir el dep\u00f3sito;<\/p>\n<p>5\u3001Embalaje: embalaje simple, no reciclable;<\/p>","protected":false},"featured_media":854,"template":"","meta":[],"product_brand":[32,21],"product_cat":[41],"product_tag":[60,44,45,46],"class_list":{"0":"post-850","1":"product","2":"type-product","3":"status-publish","4":"has-post-thumbnail","6":"product_brand-aoxuan","7":"product_brand-aoxuanzg","8":"product_cat-laser-cutting-machine","9":"product_tag-cnc-laser-cutting-machine","10":"product_tag-fiber-laser-cutting-machine","11":"product_tag-laser-metal-cutting-machine","12":"product_tag-metal-cutting-machine","14":"first","15":"instock","16":"shipping-taxable","17":"product-type-simple"},"yoast_head":"<!-- This site is optimized with the Yoast SEO plugin v24.9 - https:\/\/yoast.com\/wordpress\/plugins\/seo\/ -->\n<title>CNC Fiber Laser Cutting Machine Automatic Cutter 3000*1500mm<\/title>\n<meta name=\"description\" content=\"Cnc fiber laser cutting machine: Fiber laser cutting machine has high preci-sion and is suitable forcutting precision accessories.\" \/>\n<meta name=\"robots\" content=\"index, follow, max-snippet:-1, max-image-preview:large, max-video-preview:-1\" \/>\n<link rel=\"canonical\" href=\"https:\/\/aoxuancnc.com\/es\/producto\/cnc-fiber-laser-cutting-machine-automatic-metal-cutter-30001500mm\/\" \/>\n<meta property=\"og:locale\" content=\"es_ES\" \/>\n<meta property=\"og:type\" content=\"article\" \/>\n<meta property=\"og:title\" content=\"CNC Fiber Laser Cutting Machine Automatic Cutter 3000*1500mm\" \/>\n<meta property=\"og:description\" content=\"Cnc fiber laser cutting machine: Fiber laser cutting machine has high preci-sion and is suitable forcutting precision accessories.\" \/>\n<meta property=\"og:url\" content=\"https:\/\/aoxuancnc.com\/es\/producto\/cnc-fiber-laser-cutting-machine-automatic-metal-cutter-30001500mm\/\" \/>\n<meta property=\"og:site_name\" content=\"AOXUANZG\" \/>\n<meta property=\"article:modified_time\" content=\"2025-09-30T02:34:07+00:00\" \/>\n<meta property=\"og:image\" content=\"https:\/\/aoxuancnc.com\/wp-content\/uploads\/2025\/09\/\u4e3b\u56fe-4.jpg\" \/>\n\t<meta property=\"og:image:width\" content=\"800\" \/>\n\t<meta property=\"og:image:height\" content=\"800\" \/>\n\t<meta property=\"og:image:type\" content=\"image\/jpeg\" \/>\n<meta name=\"twitter:card\" content=\"summary_large_image\" \/>\n<meta name=\"twitter:label1\" content=\"Tiempo de lectura\" \/>\n\t<meta name=\"twitter:data1\" content=\"3 minutos\" \/>\n<script type=\"application\/ld+json\" class=\"yoast-schema-graph\">{\"@context\":\"https:\/\/schema.org\",\"@graph\":[{\"@type\":\"WebPage\",\"@id\":\"https:\/\/aoxuancnc.com\/product\/cnc-fiber-laser-cutting-machine-automatic-metal-cutter-30001500mm\/\",\"url\":\"https:\/\/aoxuancnc.com\/product\/cnc-fiber-laser-cutting-machine-automatic-metal-cutter-30001500mm\/\",\"name\":\"CNC Fiber Laser Cutting Machine Automatic Cutter 3000*1500mm\",\"isPartOf\":{\"@id\":\"http:\/\/aoxuancnc.com\/#website\"},\"primaryImageOfPage\":{\"@id\":\"https:\/\/aoxuancnc.com\/product\/cnc-fiber-laser-cutting-machine-automatic-metal-cutter-30001500mm\/#primaryimage\"},\"image\":{\"@id\":\"https:\/\/aoxuancnc.com\/product\/cnc-fiber-laser-cutting-machine-automatic-metal-cutter-30001500mm\/#primaryimage\"},\"thumbnailUrl\":\"https:\/\/aoxuancnc.com\/wp-content\/uploads\/2025\/09\/\u4e3b\u56fe-4.jpg\",\"datePublished\":\"2025-09-30T02:26:32+00:00\",\"dateModified\":\"2025-09-30T02:34:07+00:00\",\"description\":\"Cnc fiber laser cutting machine: Fiber laser cutting machine has high preci-sion and is suitable forcutting precision accessories.\",\"breadcrumb\":{\"@id\":\"https:\/\/aoxuancnc.com\/product\/cnc-fiber-laser-cutting-machine-automatic-metal-cutter-30001500mm\/#breadcrumb\"},\"inLanguage\":\"es\",\"potentialAction\":[{\"@type\":\"ReadAction\",\"target\":[\"https:\/\/aoxuancnc.com\/product\/cnc-fiber-laser-cutting-machine-automatic-metal-cutter-30001500mm\/\"]}]},{\"@type\":\"ImageObject\",\"inLanguage\":\"es\",\"@id\":\"https:\/\/aoxuancnc.com\/product\/cnc-fiber-laser-cutting-machine-automatic-metal-cutter-30001500mm\/#primaryimage\",\"url\":\"https:\/\/aoxuancnc.com\/wp-content\/uploads\/2025\/09\/\u4e3b\u56fe-4.jpg\",\"contentUrl\":\"https:\/\/aoxuancnc.com\/wp-content\/uploads\/2025\/09\/\u4e3b\u56fe-4.jpg\",\"width\":800,\"height\":800},{\"@type\":\"BreadcrumbList\",\"@id\":\"https:\/\/aoxuancnc.com\/product\/cnc-fiber-laser-cutting-machine-automatic-metal-cutter-30001500mm\/#breadcrumb\",\"itemListElement\":[{\"@type\":\"ListItem\",\"position\":1,\"name\":\"\u9996\u9875\",\"item\":\"http:\/\/aoxuancnc.com\/\"},{\"@type\":\"ListItem\",\"position\":2,\"name\":\"Product\",\"item\":\"https:\/\/aoxuancnc.com\/ru\/product\/\"},{\"@type\":\"ListItem\",\"position\":3,\"name\":\"CNC Fiber Laser Cutting Machine Automatic Metal Cutter 3000*1500mm\"}]},{\"@type\":\"WebSite\",\"@id\":\"http:\/\/aoxuancnc.com\/#website\",\"url\":\"http:\/\/aoxuancnc.com\/\",\"name\":\"AOXUANZG\",\"description\":\"Anhui Aoxuan Heavy Industry Machine Co., Ltd\",\"potentialAction\":[{\"@type\":\"SearchAction\",\"target\":{\"@type\":\"EntryPoint\",\"urlTemplate\":\"http:\/\/aoxuancnc.com\/?s={search_term_string}\"},\"query-input\":{\"@type\":\"PropertyValueSpecification\",\"valueRequired\":true,\"valueName\":\"search_term_string\"}}],\"inLanguage\":\"es\"}]}<\/script>\n<!-- \/ Yoast SEO plugin. -->","yoast_head_json":{"title":"CNC Fiber Laser Cutting Machine Automatic Cutter 3000*1500mm","description":"Cnc fiber laser cutting machine: Fiber laser cutting machine has high preci-sion and is suitable forcutting precision accessories.","robots":{"index":"index","follow":"follow","max-snippet":"max-snippet:-1","max-image-preview":"max-image-preview:large","max-video-preview":"max-video-preview:-1"},"canonical":"https:\/\/aoxuancnc.com\/es\/producto\/cnc-fiber-laser-cutting-machine-automatic-metal-cutter-30001500mm\/","og_locale":"es_ES","og_type":"article","og_title":"CNC Fiber Laser Cutting Machine Automatic Cutter 3000*1500mm","og_description":"Cnc fiber laser cutting machine: Fiber laser cutting machine has high preci-sion and is suitable forcutting precision accessories.","og_url":"https:\/\/aoxuancnc.com\/es\/producto\/cnc-fiber-laser-cutting-machine-automatic-metal-cutter-30001500mm\/","og_site_name":"AOXUANZG","article_modified_time":"2025-09-30T02:34:07+00:00","og_image":[{"width":800,"height":800,"url":"https:\/\/aoxuancnc.com\/wp-content\/uploads\/2025\/09\/\u4e3b\u56fe-4.jpg","type":"image\/jpeg"}],"twitter_card":"summary_large_image","twitter_misc":{"Tiempo de lectura":"3 minutos"},"schema":{"@context":"https:\/\/schema.org","@graph":[{"@type":"WebPage","@id":"https:\/\/aoxuancnc.com\/product\/cnc-fiber-laser-cutting-machine-automatic-metal-cutter-30001500mm\/","url":"https:\/\/aoxuancnc.com\/product\/cnc-fiber-laser-cutting-machine-automatic-metal-cutter-30001500mm\/","name":"CNC Fiber Laser Cutting Machine Automatic Cutter 3000*1500mm","isPartOf":{"@id":"http:\/\/aoxuancnc.com\/#website"},"primaryImageOfPage":{"@id":"https:\/\/aoxuancnc.com\/product\/cnc-fiber-laser-cutting-machine-automatic-metal-cutter-30001500mm\/#primaryimage"},"image":{"@id":"https:\/\/aoxuancnc.com\/product\/cnc-fiber-laser-cutting-machine-automatic-metal-cutter-30001500mm\/#primaryimage"},"thumbnailUrl":"https:\/\/aoxuancnc.com\/wp-content\/uploads\/2025\/09\/\u4e3b\u56fe-4.jpg","datePublished":"2025-09-30T02:26:32+00:00","dateModified":"2025-09-30T02:34:07+00:00","description":"Cnc fiber laser cutting machine: Fiber laser cutting machine has high preci-sion and is suitable forcutting precision accessories.","breadcrumb":{"@id":"https:\/\/aoxuancnc.com\/product\/cnc-fiber-laser-cutting-machine-automatic-metal-cutter-30001500mm\/#breadcrumb"},"inLanguage":"es","potentialAction":[{"@type":"ReadAction","target":["https:\/\/aoxuancnc.com\/product\/cnc-fiber-laser-cutting-machine-automatic-metal-cutter-30001500mm\/"]}]},{"@type":"ImageObject","inLanguage":"es","@id":"https:\/\/aoxuancnc.com\/product\/cnc-fiber-laser-cutting-machine-automatic-metal-cutter-30001500mm\/#primaryimage","url":"https:\/\/aoxuancnc.com\/wp-content\/uploads\/2025\/09\/\u4e3b\u56fe-4.jpg","contentUrl":"https:\/\/aoxuancnc.com\/wp-content\/uploads\/2025\/09\/\u4e3b\u56fe-4.jpg","width":800,"height":800},{"@type":"BreadcrumbList","@id":"https:\/\/aoxuancnc.com\/product\/cnc-fiber-laser-cutting-machine-automatic-metal-cutter-30001500mm\/#breadcrumb","itemListElement":[{"@type":"ListItem","position":1,"name":"\u9996\u9875","item":"http:\/\/aoxuancnc.com\/"},{"@type":"ListItem","position":2,"name":"Product","item":"https:\/\/aoxuancnc.com\/ru\/product\/"},{"@type":"ListItem","position":3,"name":"CNC Fiber Laser Cutting Machine Automatic Metal Cutter 3000*1500mm"}]},{"@type":"WebSite","@id":"http:\/\/aoxuancnc.com\/#website","url":"http:\/\/aoxuancnc.com\/","name":"AOXUANZG","description":"Anhui Aoxuan Heavy Industry Machine Co., Ltd","potentialAction":[{"@type":"SearchAction","target":{"@type":"EntryPoint","urlTemplate":"http:\/\/aoxuancnc.com\/?s={search_term_string}"},"query-input":{"@type":"PropertyValueSpecification","valueRequired":true,"valueName":"search_term_string"}}],"inLanguage":"es"}]}},"_links":{"self":[{"href":"https:\/\/aoxuancnc.com\/es\/wp-json\/wp\/v2\/product\/850","targetHints":{"allow":["GET"]}}],"collection":[{"href":"https:\/\/aoxuancnc.com\/es\/wp-json\/wp\/v2\/product"}],"about":[{"href":"https:\/\/aoxuancnc.com\/es\/wp-json\/wp\/v2\/types\/product"}],"wp:featuredmedia":[{"embeddable":true,"href":"https:\/\/aoxuancnc.com\/es\/wp-json\/wp\/v2\/media\/854"}],"wp:attachment":[{"href":"https:\/\/aoxuancnc.com\/es\/wp-json\/wp\/v2\/media?parent=850"}],"wp:term":[{"taxonomy":"product_brand","embeddable":true,"href":"https:\/\/aoxuancnc.com\/es\/wp-json\/wp\/v2\/product_brand?post=850"},{"taxonomy":"product_cat","embeddable":true,"href":"https:\/\/aoxuancnc.com\/es\/wp-json\/wp\/v2\/product_cat?post=850"},{"taxonomy":"product_tag","embeddable":true,"href":"https:\/\/aoxuancnc.com\/es\/wp-json\/wp\/v2\/product_tag?post=850"}],"curies":[{"name":"wp","href":"https:\/\/api.w.org\/{rel}","templated":true}]}}