{"id":874,"date":"2025-09-30T06:19:19","date_gmt":"2025-09-30T06:19:19","guid":{"rendered":"https:\/\/aoxuancnc.com\/?post_type=product&#038;p=874"},"modified":"2025-09-30T06:30:48","modified_gmt":"2025-09-30T06:30:48","slug":"3015-cnc-fiber-laser-cutting-machine-precision-processing","status":"publish","type":"product","link":"https:\/\/aoxuancnc.com\/es\/producto\/3015-cnc-fiber-laser-cutting-machine-precision-processing\/","title":{"rendered":"M\u00e1quina de corte por l\u00e1ser de fibra CNC 3015 Procesamiento de precisi\u00f3n"},"content":{"rendered":"<h2 style=\"text-align: center;\"><strong>M\u00e1quina de corte por l\u00e1ser de fibra CNC 3015 Procesamiento de precisi\u00f3n<\/strong><\/h2>\n<p>&nbsp;<\/p>\n<p><img loading=\"lazy\" decoding=\"async\" class=\"alignnone wp-image-882 size-full\" src=\"https:\/\/aoxuancnc.com\/wp-content\/uploads\/2025\/09\/\u5fae\u4fe1\u56fe\u7247_20240509172135-2.jpg\" alt=\"\" width=\"2000\" height=\"1499\" srcset=\"https:\/\/aoxuancnc.com\/wp-content\/uploads\/2025\/09\/\u5fae\u4fe1\u56fe\u7247_20240509172135-2.jpg 2000w, https:\/\/aoxuancnc.com\/wp-content\/uploads\/2025\/09\/\u5fae\u4fe1\u56fe\u7247_20240509172135-2-500x375.jpg 500w, https:\/\/aoxuancnc.com\/wp-content\/uploads\/2025\/09\/\u5fae\u4fe1\u56fe\u7247_20240509172135-2-1200x899.jpg 1200w, https:\/\/aoxuancnc.com\/wp-content\/uploads\/2025\/09\/\u5fae\u4fe1\u56fe\u7247_20240509172135-2-300x225.jpg 300w, https:\/\/aoxuancnc.com\/wp-content\/uploads\/2025\/09\/\u5fae\u4fe1\u56fe\u7247_20240509172135-2-768x576.jpg 768w, https:\/\/aoxuancnc.com\/wp-content\/uploads\/2025\/09\/\u5fae\u4fe1\u56fe\u7247_20240509172135-2-1536x1151.jpg 1536w, https:\/\/aoxuancnc.com\/wp-content\/uploads\/2025\/09\/\u5fae\u4fe1\u56fe\u7247_20240509172135-2-16x12.jpg 16w, https:\/\/aoxuancnc.com\/wp-content\/uploads\/2025\/09\/\u5fae\u4fe1\u56fe\u7247_20240509172135-2-100x75.jpg 100w, https:\/\/aoxuancnc.com\/wp-content\/uploads\/2025\/09\/\u5fae\u4fe1\u56fe\u7247_20240509172135-2-960x720.jpg 960w, https:\/\/aoxuancnc.com\/wp-content\/uploads\/2025\/09\/\u5fae\u4fe1\u56fe\u7247_20240509172135-2-480x360.jpg 480w, https:\/\/aoxuancnc.com\/wp-content\/uploads\/2025\/09\/\u5fae\u4fe1\u56fe\u7247_20240509172135-2-800x600.jpg 800w\" sizes=\"auto, (max-width:767px) 480px, (max-width:2000px) 100vw, 2000px\" \/><\/p>\n<h3><strong>Caracter\u00edsticas:<\/strong><\/h3>\n<ul>\n<li class=\"magic-19\" data-spm-anchor-id=\"a2700.details-description.0.i3.6c6b8a6p8a6p87\">La velocidad de corte es r\u00e1pida, m\u00e1s de 100 veces la del corte con alambre.<\/li>\n<li class=\"magic-19\" data-spm-anchor-id=\"a2700.details-description.0.i3.6c6b8a6p8a6p87\">La m\u00e1quina de corte por l\u00e1ser de fibra tiene alta precisi\u00f3n y es adecuada para cortar accesorios de precisi\u00f3n.<\/li>\n<li class=\"magic-19\" data-spm-anchor-id=\"a2700.details-description.0.i3.6c6b8a6p8a6p87\">Peque\u00f1a \u00e1rea afectada por el calor, rendimiento estable, garantiza una producci\u00f3n continua, no se deforma f\u00e1cilmente, corte suave, hermoso, sin posprocesamiento y otras ventajas.<\/li>\n<\/ul>\n<p><img loading=\"lazy\" decoding=\"async\" class=\"alignnone wp-image-883 size-full\" src=\"https:\/\/aoxuancnc.com\/wp-content\/uploads\/2025\/09\/\u5fae\u4fe1\u56fe\u7247_20240509172139-2.jpg\" alt=\"\" width=\"2000\" height=\"1499\" srcset=\"https:\/\/aoxuancnc.com\/wp-content\/uploads\/2025\/09\/\u5fae\u4fe1\u56fe\u7247_20240509172139-2.jpg 2000w, https:\/\/aoxuancnc.com\/wp-content\/uploads\/2025\/09\/\u5fae\u4fe1\u56fe\u7247_20240509172139-2-500x375.jpg 500w, https:\/\/aoxuancnc.com\/wp-content\/uploads\/2025\/09\/\u5fae\u4fe1\u56fe\u7247_20240509172139-2-1200x899.jpg 1200w, https:\/\/aoxuancnc.com\/wp-content\/uploads\/2025\/09\/\u5fae\u4fe1\u56fe\u7247_20240509172139-2-300x225.jpg 300w, https:\/\/aoxuancnc.com\/wp-content\/uploads\/2025\/09\/\u5fae\u4fe1\u56fe\u7247_20240509172139-2-768x576.jpg 768w, https:\/\/aoxuancnc.com\/wp-content\/uploads\/2025\/09\/\u5fae\u4fe1\u56fe\u7247_20240509172139-2-1536x1151.jpg 1536w, https:\/\/aoxuancnc.com\/wp-content\/uploads\/2025\/09\/\u5fae\u4fe1\u56fe\u7247_20240509172139-2-16x12.jpg 16w, https:\/\/aoxuancnc.com\/wp-content\/uploads\/2025\/09\/\u5fae\u4fe1\u56fe\u7247_20240509172139-2-100x75.jpg 100w, https:\/\/aoxuancnc.com\/wp-content\/uploads\/2025\/09\/\u5fae\u4fe1\u56fe\u7247_20240509172139-2-960x720.jpg 960w, https:\/\/aoxuancnc.com\/wp-content\/uploads\/2025\/09\/\u5fae\u4fe1\u56fe\u7247_20240509172139-2-480x360.jpg 480w, https:\/\/aoxuancnc.com\/wp-content\/uploads\/2025\/09\/\u5fae\u4fe1\u56fe\u7247_20240509172139-2-800x600.jpg 800w\" sizes=\"auto, (max-width:767px) 480px, (max-width:2000px) 100vw, 2000px\" \/><\/p>\n<p>&nbsp;<\/p>\n<h3><strong>Especificaci\u00f3n:\u00a0<\/strong><\/h3>\n<p><img loading=\"lazy\" decoding=\"async\" class=\"alignnone wp-image-884\" src=\"https:\/\/aoxuancnc.com\/wp-content\/uploads\/2025\/09\/\u673a\u8eab\u7ed3\u6784.png\" alt=\"\" width=\"701\" height=\"835\" srcset=\"https:\/\/aoxuancnc.com\/wp-content\/uploads\/2025\/09\/\u673a\u8eab\u7ed3\u6784.png 621w, https:\/\/aoxuancnc.com\/wp-content\/uploads\/2025\/09\/\u673a\u8eab\u7ed3\u6784-420x500.png 420w, https:\/\/aoxuancnc.com\/wp-content\/uploads\/2025\/09\/\u673a\u8eab\u7ed3\u6784-252x300.png 252w, https:\/\/aoxuancnc.com\/wp-content\/uploads\/2025\/09\/\u673a\u8eab\u7ed3\u6784-10x12.png 10w, https:\/\/aoxuancnc.com\/wp-content\/uploads\/2025\/09\/\u673a\u8eab\u7ed3\u6784-63x75.png 63w, https:\/\/aoxuancnc.com\/wp-content\/uploads\/2025\/09\/\u673a\u8eab\u7ed3\u6784-480x572.png 480w\" sizes=\"auto, (max-width:767px) 480px, 701px\" \/><\/p>\n<p><img loading=\"lazy\" decoding=\"async\" class=\"alignnone wp-image-788 size-full\" src=\"https:\/\/aoxuancnc.com\/wp-content\/uploads\/2025\/09\/2000W\u914d\u7f6e.png\" alt=\"\" width=\"701\" height=\"744\" srcset=\"https:\/\/aoxuancnc.com\/wp-content\/uploads\/2025\/09\/2000W\u914d\u7f6e.png 701w, https:\/\/aoxuancnc.com\/wp-content\/uploads\/2025\/09\/2000W\u914d\u7f6e-471x500.png 471w, https:\/\/aoxuancnc.com\/wp-content\/uploads\/2025\/09\/2000W\u914d\u7f6e-283x300.png 283w, https:\/\/aoxuancnc.com\/wp-content\/uploads\/2025\/09\/2000W\u914d\u7f6e-11x12.png 11w, https:\/\/aoxuancnc.com\/wp-content\/uploads\/2025\/09\/2000W\u914d\u7f6e-71x75.png 71w, https:\/\/aoxuancnc.com\/wp-content\/uploads\/2025\/09\/2000W\u914d\u7f6e-480x509.png 480w\" sizes=\"auto, (max-width:767px) 480px, 701px\" \/><\/p>\n<p><img loading=\"lazy\" decoding=\"async\" class=\"alignnone wp-image-804\" src=\"https:\/\/aoxuancnc.com\/wp-content\/uploads\/2025\/09\/3000W\u914d\u7f6e.png\" alt=\"\" width=\"701\" height=\"832\" srcset=\"https:\/\/aoxuancnc.com\/wp-content\/uploads\/2025\/09\/3000W\u914d\u7f6e.png 636w, https:\/\/aoxuancnc.com\/wp-content\/uploads\/2025\/09\/3000W\u914d\u7f6e-421x500.png 421w, https:\/\/aoxuancnc.com\/wp-content\/uploads\/2025\/09\/3000W\u914d\u7f6e-253x300.png 253w, https:\/\/aoxuancnc.com\/wp-content\/uploads\/2025\/09\/3000W\u914d\u7f6e-10x12.png 10w, https:\/\/aoxuancnc.com\/wp-content\/uploads\/2025\/09\/3000W\u914d\u7f6e-63x75.png 63w, https:\/\/aoxuancnc.com\/wp-content\/uploads\/2025\/09\/3000W\u914d\u7f6e-480x570.png 480w\" sizes=\"auto, (max-width:767px) 480px, 701px\" \/><\/p>\n<h3><strong>\u00a0Configuraci\u00f3n de la m\u00e1quina \u00a0\u00a0<\/strong><\/h3>\n<p><img loading=\"lazy\" decoding=\"async\" class=\"alignnone wp-image-789\" src=\"https:\/\/aoxuancnc.com\/wp-content\/uploads\/2025\/09\/2000W\u914d\u7f6e1.png\" alt=\"\" width=\"701\" height=\"522\" srcset=\"https:\/\/aoxuancnc.com\/wp-content\/uploads\/2025\/09\/2000W\u914d\u7f6e1.png 860w, https:\/\/aoxuancnc.com\/wp-content\/uploads\/2025\/09\/2000W\u914d\u7f6e1-500x372.png 500w, https:\/\/aoxuancnc.com\/wp-content\/uploads\/2025\/09\/2000W\u914d\u7f6e1-300x223.png 300w, https:\/\/aoxuancnc.com\/wp-content\/uploads\/2025\/09\/2000W\u914d\u7f6e1-768x572.png 768w, https:\/\/aoxuancnc.com\/wp-content\/uploads\/2025\/09\/2000W\u914d\u7f6e1-16x12.png 16w, https:\/\/aoxuancnc.com\/wp-content\/uploads\/2025\/09\/2000W\u914d\u7f6e1-101x75.png 101w, https:\/\/aoxuancnc.com\/wp-content\/uploads\/2025\/09\/2000W\u914d\u7f6e1-480x357.png 480w, https:\/\/aoxuancnc.com\/wp-content\/uploads\/2025\/09\/2000W\u914d\u7f6e1-800x595.png 800w\" sizes=\"auto, (max-width:767px) 480px, 701px\" \/><\/p>\n<h4><strong>Cabezal l\u00e1ser Raytools<\/strong><\/h4>\n<p><img loading=\"lazy\" decoding=\"async\" class=\"alignnone wp-image-791\" src=\"https:\/\/aoxuancnc.com\/wp-content\/uploads\/2025\/09\/\u5609\u5f3a\u5207\u5272\u5934.png\" alt=\"\" width=\"701\" height=\"917\" srcset=\"https:\/\/aoxuancnc.com\/wp-content\/uploads\/2025\/09\/\u5609\u5f3a\u5207\u5272\u5934.png 584w, https:\/\/aoxuancnc.com\/wp-content\/uploads\/2025\/09\/\u5609\u5f3a\u5207\u5272\u5934-382x500.png 382w, https:\/\/aoxuancnc.com\/wp-content\/uploads\/2025\/09\/\u5609\u5f3a\u5207\u5272\u5934-229x300.png 229w, https:\/\/aoxuancnc.com\/wp-content\/uploads\/2025\/09\/\u5609\u5f3a\u5207\u5272\u5934-9x12.png 9w, https:\/\/aoxuancnc.com\/wp-content\/uploads\/2025\/09\/\u5609\u5f3a\u5207\u5272\u5934-57x75.png 57w, https:\/\/aoxuancnc.com\/wp-content\/uploads\/2025\/09\/\u5609\u5f3a\u5207\u5272\u5934-480x628.png 480w\" sizes=\"auto, (max-width:767px) 480px, 701px\" \/><\/p>\n<h4><strong>Sistema de control CNC<\/strong><\/h4>\n<p><img loading=\"lazy\" decoding=\"async\" class=\"alignnone wp-image-792\" src=\"https:\/\/aoxuancnc.com\/wp-content\/uploads\/2025\/09\/\u5609\u5f3a\u7cfb\u7edf.png\" alt=\"\" width=\"701\" height=\"880\" srcset=\"https:\/\/aoxuancnc.com\/wp-content\/uploads\/2025\/09\/\u5609\u5f3a\u7cfb\u7edf.png 585w, https:\/\/aoxuancnc.com\/wp-content\/uploads\/2025\/09\/\u5609\u5f3a\u7cfb\u7edf-399x500.png 399w, https:\/\/aoxuancnc.com\/wp-content\/uploads\/2025\/09\/\u5609\u5f3a\u7cfb\u7edf-239x300.png 239w, https:\/\/aoxuancnc.com\/wp-content\/uploads\/2025\/09\/\u5609\u5f3a\u7cfb\u7edf-10x12.png 10w, https:\/\/aoxuancnc.com\/wp-content\/uploads\/2025\/09\/\u5609\u5f3a\u7cfb\u7edf-60x75.png 60w, https:\/\/aoxuancnc.com\/wp-content\/uploads\/2025\/09\/\u5609\u5f3a\u7cfb\u7edf-480x602.png 480w\" sizes=\"auto, (max-width:767px) 480px, 701px\" \/><\/p>\n<p>&nbsp;<\/p>\n<p>&nbsp;<\/p>\n<p>&nbsp;<\/p>\n<p><img loading=\"lazy\" decoding=\"async\" class=\"alignnone wp-image-794\" src=\"https:\/\/aoxuancnc.com\/wp-content\/uploads\/2025\/09\/\u9002\u7528\u884c\u4e1a.png\" alt=\"\" width=\"701\" height=\"834\" srcset=\"https:\/\/aoxuancnc.com\/wp-content\/uploads\/2025\/09\/\u9002\u7528\u884c\u4e1a.png 625w, https:\/\/aoxuancnc.com\/wp-content\/uploads\/2025\/09\/\u9002\u7528\u884c\u4e1a-420x500.png 420w, https:\/\/aoxuancnc.com\/wp-content\/uploads\/2025\/09\/\u9002\u7528\u884c\u4e1a-252x300.png 252w, https:\/\/aoxuancnc.com\/wp-content\/uploads\/2025\/09\/\u9002\u7528\u884c\u4e1a-10x12.png 10w, https:\/\/aoxuancnc.com\/wp-content\/uploads\/2025\/09\/\u9002\u7528\u884c\u4e1a-63x75.png 63w, https:\/\/aoxuancnc.com\/wp-content\/uploads\/2025\/09\/\u9002\u7528\u884c\u4e1a-480x571.png 480w\" sizes=\"auto, (max-width:767px) 480px, 701px\" \/><\/p>\n<p>&nbsp;<\/p>","protected":false},"excerpt":{"rendered":"<p>1. Precio FOB de Shangh\u00e1i, China<\/p>\n<p>2\u3001Precio v\u00e1lido: dentro de 30 d\u00edas;<\/p>\n<p>3\u3001M\u00e9todo de pago: Cuando se firman el contrato de venta del producto y el acuerdo t\u00e9cnico, se pagar\u00e1 30% del monto total del contrato y 70% del monto total del contrato se pagar\u00e1 en el momento de la entrega mediante T\/T o L\/C.<\/p>\n<p>4\u3001Per\u00edodo de entrega: 30 d\u00edas h\u00e1biles despu\u00e9s de recibir el dep\u00f3sito;<\/p>\n<p>5\u3001Embalaje: embalaje simple, no reciclable;<\/p>","protected":false},"featured_media":881,"template":"","meta":[],"product_brand":[32,21],"product_cat":[41],"product_tag":[60,44,45,46],"class_list":{"0":"post-874","1":"product","2":"type-product","3":"status-publish","4":"has-post-thumbnail","6":"product_brand-aoxuan","7":"product_brand-aoxuanzg","8":"product_cat-laser-cutting-machine","9":"product_tag-cnc-laser-cutting-machine","10":"product_tag-fiber-laser-cutting-machine","11":"product_tag-laser-metal-cutting-machine","12":"product_tag-metal-cutting-machine","14":"first","15":"instock","16":"shipping-taxable","17":"product-type-simple"},"yoast_head":"<!-- This site is optimized with the Yoast SEO plugin v24.9 - https:\/\/yoast.com\/wordpress\/plugins\/seo\/ -->\n<title>3015 CNC Fiber Laser Cutting Machine Precision Processing<\/title>\n<meta name=\"description\" content=\"Cnc fiber laser cutting machine: Fiber laser cutting machine has high preci-sion and is suitable forcutting precision accessories.\" \/>\n<meta name=\"robots\" content=\"index, follow, max-snippet:-1, max-image-preview:large, max-video-preview:-1\" \/>\n<link rel=\"canonical\" href=\"https:\/\/aoxuancnc.com\/es\/producto\/3015-cnc-fiber-laser-cutting-machine-precision-processing\/\" \/>\n<meta property=\"og:locale\" content=\"es_ES\" \/>\n<meta property=\"og:type\" content=\"article\" \/>\n<meta property=\"og:title\" content=\"3015 CNC Fiber Laser Cutting Machine Precision Processing\" \/>\n<meta property=\"og:description\" content=\"Cnc fiber laser cutting machine: Fiber laser cutting machine has high preci-sion and is suitable forcutting precision accessories.\" \/>\n<meta property=\"og:url\" content=\"https:\/\/aoxuancnc.com\/es\/producto\/3015-cnc-fiber-laser-cutting-machine-precision-processing\/\" \/>\n<meta property=\"og:site_name\" content=\"AOXUANZG\" \/>\n<meta property=\"article:modified_time\" content=\"2025-09-30T06:30:48+00:00\" \/>\n<meta property=\"og:image\" content=\"https:\/\/aoxuancnc.com\/wp-content\/uploads\/2025\/09\/\u767d\u5e951-1.jpg\" \/>\n\t<meta property=\"og:image:width\" content=\"2000\" \/>\n\t<meta property=\"og:image:height\" content=\"2000\" \/>\n\t<meta property=\"og:image:type\" content=\"image\/jpeg\" \/>\n<meta name=\"twitter:card\" content=\"summary_large_image\" \/>\n<meta name=\"twitter:label1\" content=\"Tiempo de lectura\" \/>\n\t<meta name=\"twitter:data1\" content=\"3 minutos\" \/>\n<script type=\"application\/ld+json\" class=\"yoast-schema-graph\">{\"@context\":\"https:\/\/schema.org\",\"@graph\":[{\"@type\":\"WebPage\",\"@id\":\"https:\/\/aoxuancnc.com\/product\/3015-cnc-fiber-laser-cutting-machine-precision-processing\/\",\"url\":\"https:\/\/aoxuancnc.com\/product\/3015-cnc-fiber-laser-cutting-machine-precision-processing\/\",\"name\":\"3015 CNC Fiber Laser Cutting Machine Precision Processing\",\"isPartOf\":{\"@id\":\"http:\/\/aoxuancnc.com\/#website\"},\"primaryImageOfPage\":{\"@id\":\"https:\/\/aoxuancnc.com\/product\/3015-cnc-fiber-laser-cutting-machine-precision-processing\/#primaryimage\"},\"image\":{\"@id\":\"https:\/\/aoxuancnc.com\/product\/3015-cnc-fiber-laser-cutting-machine-precision-processing\/#primaryimage\"},\"thumbnailUrl\":\"https:\/\/aoxuancnc.com\/wp-content\/uploads\/2025\/09\/\u767d\u5e951-1.jpg\",\"datePublished\":\"2025-09-30T06:19:19+00:00\",\"dateModified\":\"2025-09-30T06:30:48+00:00\",\"description\":\"Cnc fiber laser cutting machine: Fiber laser cutting machine has high preci-sion and is suitable forcutting precision accessories.\",\"breadcrumb\":{\"@id\":\"https:\/\/aoxuancnc.com\/product\/3015-cnc-fiber-laser-cutting-machine-precision-processing\/#breadcrumb\"},\"inLanguage\":\"es\",\"potentialAction\":[{\"@type\":\"ReadAction\",\"target\":[\"https:\/\/aoxuancnc.com\/product\/3015-cnc-fiber-laser-cutting-machine-precision-processing\/\"]}]},{\"@type\":\"ImageObject\",\"inLanguage\":\"es\",\"@id\":\"https:\/\/aoxuancnc.com\/product\/3015-cnc-fiber-laser-cutting-machine-precision-processing\/#primaryimage\",\"url\":\"https:\/\/aoxuancnc.com\/wp-content\/uploads\/2025\/09\/\u767d\u5e951-1.jpg\",\"contentUrl\":\"https:\/\/aoxuancnc.com\/wp-content\/uploads\/2025\/09\/\u767d\u5e951-1.jpg\",\"width\":2000,\"height\":2000},{\"@type\":\"BreadcrumbList\",\"@id\":\"https:\/\/aoxuancnc.com\/product\/3015-cnc-fiber-laser-cutting-machine-precision-processing\/#breadcrumb\",\"itemListElement\":[{\"@type\":\"ListItem\",\"position\":1,\"name\":\"\u9996\u9875\",\"item\":\"http:\/\/aoxuancnc.com\/\"},{\"@type\":\"ListItem\",\"position\":2,\"name\":\"Product\",\"item\":\"https:\/\/aoxuancnc.com\/ru\/product\/\"},{\"@type\":\"ListItem\",\"position\":3,\"name\":\"3015 CNC Fiber Laser Cutting Machine Precision Processing\"}]},{\"@type\":\"WebSite\",\"@id\":\"http:\/\/aoxuancnc.com\/#website\",\"url\":\"http:\/\/aoxuancnc.com\/\",\"name\":\"AOXUANZG\",\"description\":\"Anhui Aoxuan Heavy Industry Machine Co., Ltd\",\"potentialAction\":[{\"@type\":\"SearchAction\",\"target\":{\"@type\":\"EntryPoint\",\"urlTemplate\":\"http:\/\/aoxuancnc.com\/?s={search_term_string}\"},\"query-input\":{\"@type\":\"PropertyValueSpecification\",\"valueRequired\":true,\"valueName\":\"search_term_string\"}}],\"inLanguage\":\"es\"}]}<\/script>\n<!-- \/ Yoast SEO plugin. -->","yoast_head_json":{"title":"3015 CNC Fiber Laser Cutting Machine Precision Processing","description":"Cnc fiber laser cutting machine: Fiber laser cutting machine has high preci-sion and is suitable forcutting precision accessories.","robots":{"index":"index","follow":"follow","max-snippet":"max-snippet:-1","max-image-preview":"max-image-preview:large","max-video-preview":"max-video-preview:-1"},"canonical":"https:\/\/aoxuancnc.com\/es\/producto\/3015-cnc-fiber-laser-cutting-machine-precision-processing\/","og_locale":"es_ES","og_type":"article","og_title":"3015 CNC Fiber Laser Cutting Machine Precision Processing","og_description":"Cnc fiber laser cutting machine: Fiber laser cutting machine has high preci-sion and is suitable forcutting precision accessories.","og_url":"https:\/\/aoxuancnc.com\/es\/producto\/3015-cnc-fiber-laser-cutting-machine-precision-processing\/","og_site_name":"AOXUANZG","article_modified_time":"2025-09-30T06:30:48+00:00","og_image":[{"width":2000,"height":2000,"url":"https:\/\/aoxuancnc.com\/wp-content\/uploads\/2025\/09\/\u767d\u5e951-1.jpg","type":"image\/jpeg"}],"twitter_card":"summary_large_image","twitter_misc":{"Tiempo de lectura":"3 minutos"},"schema":{"@context":"https:\/\/schema.org","@graph":[{"@type":"WebPage","@id":"https:\/\/aoxuancnc.com\/product\/3015-cnc-fiber-laser-cutting-machine-precision-processing\/","url":"https:\/\/aoxuancnc.com\/product\/3015-cnc-fiber-laser-cutting-machine-precision-processing\/","name":"3015 CNC Fiber Laser Cutting Machine Precision Processing","isPartOf":{"@id":"http:\/\/aoxuancnc.com\/#website"},"primaryImageOfPage":{"@id":"https:\/\/aoxuancnc.com\/product\/3015-cnc-fiber-laser-cutting-machine-precision-processing\/#primaryimage"},"image":{"@id":"https:\/\/aoxuancnc.com\/product\/3015-cnc-fiber-laser-cutting-machine-precision-processing\/#primaryimage"},"thumbnailUrl":"https:\/\/aoxuancnc.com\/wp-content\/uploads\/2025\/09\/\u767d\u5e951-1.jpg","datePublished":"2025-09-30T06:19:19+00:00","dateModified":"2025-09-30T06:30:48+00:00","description":"Cnc fiber laser cutting machine: Fiber laser cutting machine has high preci-sion and is suitable forcutting precision accessories.","breadcrumb":{"@id":"https:\/\/aoxuancnc.com\/product\/3015-cnc-fiber-laser-cutting-machine-precision-processing\/#breadcrumb"},"inLanguage":"es","potentialAction":[{"@type":"ReadAction","target":["https:\/\/aoxuancnc.com\/product\/3015-cnc-fiber-laser-cutting-machine-precision-processing\/"]}]},{"@type":"ImageObject","inLanguage":"es","@id":"https:\/\/aoxuancnc.com\/product\/3015-cnc-fiber-laser-cutting-machine-precision-processing\/#primaryimage","url":"https:\/\/aoxuancnc.com\/wp-content\/uploads\/2025\/09\/\u767d\u5e951-1.jpg","contentUrl":"https:\/\/aoxuancnc.com\/wp-content\/uploads\/2025\/09\/\u767d\u5e951-1.jpg","width":2000,"height":2000},{"@type":"BreadcrumbList","@id":"https:\/\/aoxuancnc.com\/product\/3015-cnc-fiber-laser-cutting-machine-precision-processing\/#breadcrumb","itemListElement":[{"@type":"ListItem","position":1,"name":"\u9996\u9875","item":"http:\/\/aoxuancnc.com\/"},{"@type":"ListItem","position":2,"name":"Product","item":"https:\/\/aoxuancnc.com\/ru\/product\/"},{"@type":"ListItem","position":3,"name":"3015 CNC Fiber Laser Cutting Machine Precision Processing"}]},{"@type":"WebSite","@id":"http:\/\/aoxuancnc.com\/#website","url":"http:\/\/aoxuancnc.com\/","name":"AOXUANZG","description":"Anhui Aoxuan Heavy Industry Machine Co., Ltd","potentialAction":[{"@type":"SearchAction","target":{"@type":"EntryPoint","urlTemplate":"http:\/\/aoxuancnc.com\/?s={search_term_string}"},"query-input":{"@type":"PropertyValueSpecification","valueRequired":true,"valueName":"search_term_string"}}],"inLanguage":"es"}]}},"_links":{"self":[{"href":"https:\/\/aoxuancnc.com\/es\/wp-json\/wp\/v2\/product\/874","targetHints":{"allow":["GET"]}}],"collection":[{"href":"https:\/\/aoxuancnc.com\/es\/wp-json\/wp\/v2\/product"}],"about":[{"href":"https:\/\/aoxuancnc.com\/es\/wp-json\/wp\/v2\/types\/product"}],"wp:featuredmedia":[{"embeddable":true,"href":"https:\/\/aoxuancnc.com\/es\/wp-json\/wp\/v2\/media\/881"}],"wp:attachment":[{"href":"https:\/\/aoxuancnc.com\/es\/wp-json\/wp\/v2\/media?parent=874"}],"wp:term":[{"taxonomy":"product_brand","embeddable":true,"href":"https:\/\/aoxuancnc.com\/es\/wp-json\/wp\/v2\/product_brand?post=874"},{"taxonomy":"product_cat","embeddable":true,"href":"https:\/\/aoxuancnc.com\/es\/wp-json\/wp\/v2\/product_cat?post=874"},{"taxonomy":"product_tag","embeddable":true,"href":"https:\/\/aoxuancnc.com\/es\/wp-json\/wp\/v2\/product_tag?post=874"}],"curies":[{"name":"wp","href":"https:\/\/api.w.org\/{rel}","templated":true}]}}