{"id":886,"date":"2025-09-30T06:35:41","date_gmt":"2025-09-30T06:35:41","guid":{"rendered":"https:\/\/aoxuancnc.com\/?post_type=product&#038;p=886"},"modified":"2025-09-30T06:39:47","modified_gmt":"2025-09-30T06:39:47","slug":"fiber-laser-3015-china-laser-cutting-machine-metal-cutting-machinery","status":"publish","type":"product","link":"https:\/\/aoxuancnc.com\/es\/producto\/fiber-laser-3015-china-laser-cutting-machine-metal-cutting-machinery\/","title":{"rendered":"M\u00e1quina de corte por l\u00e1ser de fibra 3015 de China, maquinaria de corte de metales"},"content":{"rendered":"<h2 style=\"text-align: center;\"><span style=\"color: #333300;\"><strong> M\u00e1quina de corte por l\u00e1ser de fibra 3015 de China, maquinaria de corte de metales\u00a0<\/strong><\/span><\/h2>\n<p>&nbsp;<\/p>\n<p><img loading=\"lazy\" decoding=\"async\" class=\"alignnone wp-image-876 size-full\" src=\"https:\/\/aoxuancnc.com\/wp-content\/uploads\/2025\/09\/\u5fae\u4fe1\u56fe\u7247_202505301437507-scaled.jpg\" alt=\"\" width=\"2560\" height=\"1920\" srcset=\"https:\/\/aoxuancnc.com\/wp-content\/uploads\/2025\/09\/\u5fae\u4fe1\u56fe\u7247_202505301437507-scaled.jpg 2560w, https:\/\/aoxuancnc.com\/wp-content\/uploads\/2025\/09\/\u5fae\u4fe1\u56fe\u7247_202505301437507-500x375.jpg 500w, https:\/\/aoxuancnc.com\/wp-content\/uploads\/2025\/09\/\u5fae\u4fe1\u56fe\u7247_202505301437507-1200x900.jpg 1200w, https:\/\/aoxuancnc.com\/wp-content\/uploads\/2025\/09\/\u5fae\u4fe1\u56fe\u7247_202505301437507-300x225.jpg 300w, https:\/\/aoxuancnc.com\/wp-content\/uploads\/2025\/09\/\u5fae\u4fe1\u56fe\u7247_202505301437507-768x576.jpg 768w, https:\/\/aoxuancnc.com\/wp-content\/uploads\/2025\/09\/\u5fae\u4fe1\u56fe\u7247_202505301437507-1536x1152.jpg 1536w, https:\/\/aoxuancnc.com\/wp-content\/uploads\/2025\/09\/\u5fae\u4fe1\u56fe\u7247_202505301437507-2048x1536.jpg 2048w, https:\/\/aoxuancnc.com\/wp-content\/uploads\/2025\/09\/\u5fae\u4fe1\u56fe\u7247_202505301437507-16x12.jpg 16w, https:\/\/aoxuancnc.com\/wp-content\/uploads\/2025\/09\/\u5fae\u4fe1\u56fe\u7247_202505301437507-100x75.jpg 100w, https:\/\/aoxuancnc.com\/wp-content\/uploads\/2025\/09\/\u5fae\u4fe1\u56fe\u7247_202505301437507-960x720.jpg 960w, https:\/\/aoxuancnc.com\/wp-content\/uploads\/2025\/09\/\u5fae\u4fe1\u56fe\u7247_202505301437507-480x360.jpg 480w, https:\/\/aoxuancnc.com\/wp-content\/uploads\/2025\/09\/\u5fae\u4fe1\u56fe\u7247_202505301437507-800x600.jpg 800w\" sizes=\"auto, (max-width:767px) 480px, (max-width:2560px) 100vw, 2560px\" \/><\/p>\n<p><img loading=\"lazy\" decoding=\"async\" class=\"alignnone wp-image-393 size-full\" src=\"https:\/\/aoxuancnc.com\/wp-content\/uploads\/2025\/09\/laser-cutting-machine-sample.jpeg\" alt=\"\" width=\"1000\" height=\"449\" srcset=\"https:\/\/aoxuancnc.com\/wp-content\/uploads\/2025\/09\/laser-cutting-machine-sample.jpeg 1000w, https:\/\/aoxuancnc.com\/wp-content\/uploads\/2025\/09\/laser-cutting-machine-sample-500x225.jpeg 500w, https:\/\/aoxuancnc.com\/wp-content\/uploads\/2025\/09\/laser-cutting-machine-sample-300x135.jpeg 300w, https:\/\/aoxuancnc.com\/wp-content\/uploads\/2025\/09\/laser-cutting-machine-sample-768x345.jpeg 768w, https:\/\/aoxuancnc.com\/wp-content\/uploads\/2025\/09\/laser-cutting-machine-sample-18x8.jpeg 18w, https:\/\/aoxuancnc.com\/wp-content\/uploads\/2025\/09\/laser-cutting-machine-sample-150x67.jpeg 150w, https:\/\/aoxuancnc.com\/wp-content\/uploads\/2025\/09\/laser-cutting-machine-sample-480x216.jpeg 480w, https:\/\/aoxuancnc.com\/wp-content\/uploads\/2025\/09\/laser-cutting-machine-sample-800x359.jpeg 800w\" sizes=\"auto, (max-width:767px) 480px, (max-width:1000px) 100vw, 1000px\" \/><\/p>\n<h5><strong>Ideal para una amplia gama de industrias<\/strong>:<\/h5>\n<h5>1. Aviaci\u00f3n, aeroespacial, armas, construcci\u00f3n naval, automotriz, petroqu\u00edmica y medicina.<br \/>\n2. Piezas mec\u00e1nicas, componentes de instrumentos el\u00e9ctricos, hojas de sierra, resortes, herrajes, afiladores de cuchillos y estructuras de chapa met\u00e1lica.<br \/>\n3. Producci\u00f3n de gabinetes el\u00e9ctricos de alta y baja tensi\u00f3n, se\u00f1alizaci\u00f3n publicitaria, artesan\u00eda en metal, art\u00edculos de cocina y dise\u00f1o de interiores.<\/h5>\n<p>Caracter\u00edsticas principales<\/p>\n<p><strong>Corte de alta precisi\u00f3n:<\/strong><br \/>\nEl ancho de corte es de solo 0,1-0,3 mm, lo que da como resultado bordes suaves y sin rebabas y no requiere procesamiento secundario.<\/p>\n<p>La programaci\u00f3n y repetibilidad CNC logran una precisi\u00f3n de posicionamiento de \u00b10,05 mm, lo que los hace adecuados para procesar geometr\u00edas complejas.<\/p>\n<p><strong>Procesamiento sin contacto:<\/strong><br \/>\nNuestra tecnolog\u00eda l\u00e1ser elimina el contacto f\u00edsico, evitando da\u00f1os en la superficie y haci\u00e9ndola ideal para piezas delicadas y de precisi\u00f3n.<\/p>\n<p><strong>Amplia compatibilidad de materiales:<\/strong><br \/>\nLos materiales met\u00e1licos incluyen acero al carbono (espesor m\u00e1ximo de corte 12 mm), acero inoxidable (10 mm) y aleaci\u00f3n de aluminio.<\/p>\n<p>Desde madera, acr\u00edlico y vidrio hasta diversos pl\u00e1sticos, nuestra tecnolog\u00eda l\u00e1ser maneja diversos no metales con facilidad, satisfaciendo las demandas espec\u00edficas de las industrias de publicidad, indumentaria y se\u00f1alizaci\u00f3n.<\/p>\n<p>\u200c<strong>Alta eficiencia y automatizaci\u00f3n:<\/strong><br \/>\nVelocidades de corte de hasta 40 m\/min, compatibilidad con corte multieje 3D y sistemas integrados de alimentaci\u00f3n autom\u00e1tica y extracci\u00f3n de humos.<strong>Aplicaciones t\u00edpicas<\/strong><br \/>\nFabricaci\u00f3n industrial: corte de componentes de carrocer\u00eda de autom\u00f3viles, piezas met\u00e1licas aeroespaciales y tuber\u00edas con formas especiales para maquinaria de ingenier\u00eda.<br \/>\nElectr\u00f3nica y medicina: procesamiento a nivel microm\u00e9trico de placas de circuitos de precisi\u00f3n, stents microporosos y otras aplicaciones.<br \/>\nIndustria de bienes de consumo: Grabado de cuero, corte artesanal de acr\u00edlico y producci\u00f3n de se\u00f1alizaci\u00f3n publicitaria.<br \/>\n<strong>Par\u00e1metros t\u00e9cnicos clave<\/strong><br \/>\nRango de potencia: 500 W a 20 kW (el l\u00e1ser de fibra es la configuraci\u00f3n principal).<br \/>\nFormato de procesamiento: Tama\u00f1os de hoja est\u00e1ndar de 1500 mm x 3000 mm, con soporte para procesamiento personalizado de piezas de trabajo m\u00e1s grandes.<br \/>\nNuestros sistemas aumentan la eficiencia y la precisi\u00f3n con funciones como ajuste autom\u00e1tico del enfoque, control optimizado del flujo de gas y seguimiento asistido por visi\u00f3n.<\/p>\n<p><img loading=\"lazy\" decoding=\"async\" class=\"alignnone wp-image-875 size-full\" src=\"https:\/\/aoxuancnc.com\/wp-content\/uploads\/2025\/09\/3015-1.5KW-scaled.jpg\" alt=\"\" width=\"2560\" height=\"1920\" srcset=\"https:\/\/aoxuancnc.com\/wp-content\/uploads\/2025\/09\/3015-1.5KW-scaled.jpg 2560w, https:\/\/aoxuancnc.com\/wp-content\/uploads\/2025\/09\/3015-1.5KW-500x375.jpg 500w, https:\/\/aoxuancnc.com\/wp-content\/uploads\/2025\/09\/3015-1.5KW-1200x900.jpg 1200w, https:\/\/aoxuancnc.com\/wp-content\/uploads\/2025\/09\/3015-1.5KW-300x225.jpg 300w, https:\/\/aoxuancnc.com\/wp-content\/uploads\/2025\/09\/3015-1.5KW-768x576.jpg 768w, https:\/\/aoxuancnc.com\/wp-content\/uploads\/2025\/09\/3015-1.5KW-1536x1152.jpg 1536w, https:\/\/aoxuancnc.com\/wp-content\/uploads\/2025\/09\/3015-1.5KW-2048x1536.jpg 2048w, https:\/\/aoxuancnc.com\/wp-content\/uploads\/2025\/09\/3015-1.5KW-16x12.jpg 16w, https:\/\/aoxuancnc.com\/wp-content\/uploads\/2025\/09\/3015-1.5KW-100x75.jpg 100w, https:\/\/aoxuancnc.com\/wp-content\/uploads\/2025\/09\/3015-1.5KW-960x720.jpg 960w, https:\/\/aoxuancnc.com\/wp-content\/uploads\/2025\/09\/3015-1.5KW-480x360.jpg 480w, https:\/\/aoxuancnc.com\/wp-content\/uploads\/2025\/09\/3015-1.5KW-800x600.jpg 800w\" sizes=\"auto, (max-width:767px) 480px, (max-width:2560px) 100vw, 2560px\" \/><\/p>\n<p>&nbsp;<\/p>\n<h3><strong>1. Especificaci\u00f3n:\u00a0<\/strong><\/h3>\n<p><img loading=\"lazy\" decoding=\"async\" class=\"alignnone wp-image-788 size-full\" src=\"https:\/\/aoxuancnc.com\/wp-content\/uploads\/2025\/09\/2000W\u914d\u7f6e.png\" alt=\"\" width=\"701\" height=\"744\" srcset=\"https:\/\/aoxuancnc.com\/wp-content\/uploads\/2025\/09\/2000W\u914d\u7f6e.png 701w, https:\/\/aoxuancnc.com\/wp-content\/uploads\/2025\/09\/2000W\u914d\u7f6e-471x500.png 471w, https:\/\/aoxuancnc.com\/wp-content\/uploads\/2025\/09\/2000W\u914d\u7f6e-283x300.png 283w, https:\/\/aoxuancnc.com\/wp-content\/uploads\/2025\/09\/2000W\u914d\u7f6e-11x12.png 11w, https:\/\/aoxuancnc.com\/wp-content\/uploads\/2025\/09\/2000W\u914d\u7f6e-71x75.png 71w, https:\/\/aoxuancnc.com\/wp-content\/uploads\/2025\/09\/2000W\u914d\u7f6e-480x509.png 480w\" sizes=\"auto, (max-width:767px) 480px, 701px\" \/><\/p>\n<p><img loading=\"lazy\" decoding=\"async\" class=\"alignnone wp-image-790\" src=\"https:\/\/aoxuancnc.com\/wp-content\/uploads\/2025\/09\/2000W\u914d\u7f6e2.png\" alt=\"\" width=\"701\" height=\"832\" srcset=\"https:\/\/aoxuancnc.com\/wp-content\/uploads\/2025\/09\/2000W\u914d\u7f6e2.png 636w, https:\/\/aoxuancnc.com\/wp-content\/uploads\/2025\/09\/2000W\u914d\u7f6e2-421x500.png 421w, https:\/\/aoxuancnc.com\/wp-content\/uploads\/2025\/09\/2000W\u914d\u7f6e2-253x300.png 253w, https:\/\/aoxuancnc.com\/wp-content\/uploads\/2025\/09\/2000W\u914d\u7f6e2-10x12.png 10w, https:\/\/aoxuancnc.com\/wp-content\/uploads\/2025\/09\/2000W\u914d\u7f6e2-63x75.png 63w, https:\/\/aoxuancnc.com\/wp-content\/uploads\/2025\/09\/2000W\u914d\u7f6e2-480x570.png 480w\" sizes=\"auto, (max-width:767px) 480px, 701px\" \/><\/p>\n<h3><strong>\u00a02. Configuraci\u00f3n de la m\u00e1quina \u00a0\u00a0<\/strong><\/h3>\n<p><img loading=\"lazy\" decoding=\"async\" class=\"alignnone wp-image-789\" src=\"https:\/\/aoxuancnc.com\/wp-content\/uploads\/2025\/09\/2000W\u914d\u7f6e1.png\" alt=\"\" width=\"701\" height=\"522\" srcset=\"https:\/\/aoxuancnc.com\/wp-content\/uploads\/2025\/09\/2000W\u914d\u7f6e1.png 860w, https:\/\/aoxuancnc.com\/wp-content\/uploads\/2025\/09\/2000W\u914d\u7f6e1-500x372.png 500w, https:\/\/aoxuancnc.com\/wp-content\/uploads\/2025\/09\/2000W\u914d\u7f6e1-300x223.png 300w, https:\/\/aoxuancnc.com\/wp-content\/uploads\/2025\/09\/2000W\u914d\u7f6e1-768x572.png 768w, https:\/\/aoxuancnc.com\/wp-content\/uploads\/2025\/09\/2000W\u914d\u7f6e1-16x12.png 16w, https:\/\/aoxuancnc.com\/wp-content\/uploads\/2025\/09\/2000W\u914d\u7f6e1-101x75.png 101w, https:\/\/aoxuancnc.com\/wp-content\/uploads\/2025\/09\/2000W\u914d\u7f6e1-480x357.png 480w, https:\/\/aoxuancnc.com\/wp-content\/uploads\/2025\/09\/2000W\u914d\u7f6e1-800x595.png 800w\" sizes=\"auto, (max-width:767px) 480px, 701px\" \/><\/p>\n<h4><strong>Cabezal l\u00e1ser Raytools<\/strong><\/h4>\n<p><img loading=\"lazy\" decoding=\"async\" class=\"alignnone wp-image-791\" src=\"https:\/\/aoxuancnc.com\/wp-content\/uploads\/2025\/09\/\u5609\u5f3a\u5207\u5272\u5934.png\" alt=\"\" width=\"701\" height=\"917\" srcset=\"https:\/\/aoxuancnc.com\/wp-content\/uploads\/2025\/09\/\u5609\u5f3a\u5207\u5272\u5934.png 584w, https:\/\/aoxuancnc.com\/wp-content\/uploads\/2025\/09\/\u5609\u5f3a\u5207\u5272\u5934-382x500.png 382w, https:\/\/aoxuancnc.com\/wp-content\/uploads\/2025\/09\/\u5609\u5f3a\u5207\u5272\u5934-229x300.png 229w, https:\/\/aoxuancnc.com\/wp-content\/uploads\/2025\/09\/\u5609\u5f3a\u5207\u5272\u5934-9x12.png 9w, https:\/\/aoxuancnc.com\/wp-content\/uploads\/2025\/09\/\u5609\u5f3a\u5207\u5272\u5934-57x75.png 57w, https:\/\/aoxuancnc.com\/wp-content\/uploads\/2025\/09\/\u5609\u5f3a\u5207\u5272\u5934-480x628.png 480w\" sizes=\"auto, (max-width:767px) 480px, 701px\" \/><\/p>\n<h4><strong>Sistema de control CNC<\/strong><\/h4>\n<p><img loading=\"lazy\" decoding=\"async\" class=\"alignnone wp-image-792\" src=\"https:\/\/aoxuancnc.com\/wp-content\/uploads\/2025\/09\/\u5609\u5f3a\u7cfb\u7edf.png\" alt=\"\" width=\"701\" height=\"880\" srcset=\"https:\/\/aoxuancnc.com\/wp-content\/uploads\/2025\/09\/\u5609\u5f3a\u7cfb\u7edf.png 585w, https:\/\/aoxuancnc.com\/wp-content\/uploads\/2025\/09\/\u5609\u5f3a\u7cfb\u7edf-399x500.png 399w, https:\/\/aoxuancnc.com\/wp-content\/uploads\/2025\/09\/\u5609\u5f3a\u7cfb\u7edf-239x300.png 239w, https:\/\/aoxuancnc.com\/wp-content\/uploads\/2025\/09\/\u5609\u5f3a\u7cfb\u7edf-10x12.png 10w, https:\/\/aoxuancnc.com\/wp-content\/uploads\/2025\/09\/\u5609\u5f3a\u7cfb\u7edf-60x75.png 60w, https:\/\/aoxuancnc.com\/wp-content\/uploads\/2025\/09\/\u5609\u5f3a\u7cfb\u7edf-480x602.png 480w\" sizes=\"auto, (max-width:767px) 480px, 701px\" \/><\/p>\n<p>&nbsp;<\/p>\n<p>&nbsp;<\/p>\n<p>&nbsp;<\/p>\n<p><img loading=\"lazy\" decoding=\"async\" class=\"alignnone wp-image-794\" src=\"https:\/\/aoxuancnc.com\/wp-content\/uploads\/2025\/09\/\u9002\u7528\u884c\u4e1a.png\" alt=\"\" width=\"701\" height=\"834\" srcset=\"https:\/\/aoxuancnc.com\/wp-content\/uploads\/2025\/09\/\u9002\u7528\u884c\u4e1a.png 625w, https:\/\/aoxuancnc.com\/wp-content\/uploads\/2025\/09\/\u9002\u7528\u884c\u4e1a-420x500.png 420w, https:\/\/aoxuancnc.com\/wp-content\/uploads\/2025\/09\/\u9002\u7528\u884c\u4e1a-252x300.png 252w, https:\/\/aoxuancnc.com\/wp-content\/uploads\/2025\/09\/\u9002\u7528\u884c\u4e1a-10x12.png 10w, https:\/\/aoxuancnc.com\/wp-content\/uploads\/2025\/09\/\u9002\u7528\u884c\u4e1a-63x75.png 63w, https:\/\/aoxuancnc.com\/wp-content\/uploads\/2025\/09\/\u9002\u7528\u884c\u4e1a-480x571.png 480w\" sizes=\"auto, (max-width:767px) 480px, 701px\" \/><\/p>\n<p><img loading=\"lazy\" decoding=\"async\" class=\"alignnone wp-image-793\" src=\"https:\/\/aoxuancnc.com\/wp-content\/uploads\/2025\/09\/\u4f18\u52bf\u529f\u80fd.png\" alt=\"\" width=\"701\" height=\"835\" srcset=\"https:\/\/aoxuancnc.com\/wp-content\/uploads\/2025\/09\/\u4f18\u52bf\u529f\u80fd.png 639w, https:\/\/aoxuancnc.com\/wp-content\/uploads\/2025\/09\/\u4f18\u52bf\u529f\u80fd-420x500.png 420w, https:\/\/aoxuancnc.com\/wp-content\/uploads\/2025\/09\/\u4f18\u52bf\u529f\u80fd-252x300.png 252w, https:\/\/aoxuancnc.com\/wp-content\/uploads\/2025\/09\/\u4f18\u52bf\u529f\u80fd-10x12.png 10w, https:\/\/aoxuancnc.com\/wp-content\/uploads\/2025\/09\/\u4f18\u52bf\u529f\u80fd-63x75.png 63w, https:\/\/aoxuancnc.com\/wp-content\/uploads\/2025\/09\/\u4f18\u52bf\u529f\u80fd-480x572.png 480w\" sizes=\"auto, (max-width:767px) 480px, 701px\" \/><\/p>","protected":false},"excerpt":{"rendered":"<p>1. Precio FOB de Shangh\u00e1i, China<\/p>\n<p>2\u3001Precio v\u00e1lido: dentro de 30 d\u00edas;<\/p>\n<p>3\u3001M\u00e9todo de pago: Cuando se firman el contrato de venta del producto y el acuerdo t\u00e9cnico, se pagar\u00e1 30% del monto total del contrato y 70% del monto total del contrato se pagar\u00e1 en el momento de la entrega mediante T\/T o L\/C.<\/p>\n<p>4\u3001Per\u00edodo de entrega: 30 d\u00edas h\u00e1biles despu\u00e9s de recibir el dep\u00f3sito;<\/p>\n<p>5\u3001Embalaje: embalaje simple, no reciclable;<\/p>","protected":false},"featured_media":877,"template":"","meta":[],"product_brand":[],"product_cat":[41],"product_tag":[44,45,46],"class_list":{"0":"post-886","1":"product","2":"type-product","3":"status-publish","4":"has-post-thumbnail","6":"product_cat-laser-cutting-machine","7":"product_tag-fiber-laser-cutting-machine","8":"product_tag-laser-metal-cutting-machine","9":"product_tag-metal-cutting-machine","11":"first","12":"instock","13":"shipping-taxable","14":"product-type-simple"},"yoast_head":"<!-- This site is optimized with the Yoast SEO plugin v24.9 - https:\/\/yoast.com\/wordpress\/plugins\/seo\/ -->\n<title>Fiber Laser 3015 Laser Cutting Machine Metal Cutting Machinery<\/title>\n<meta name=\"description\" content=\"Cnc fiber laser cutting machine: Support groove cutting , double chuck clamping, suitable for all kinds of irregular pipe fitts\" \/>\n<meta name=\"robots\" content=\"index, follow, max-snippet:-1, max-image-preview:large, max-video-preview:-1\" \/>\n<link rel=\"canonical\" href=\"https:\/\/aoxuancnc.com\/es\/producto\/fiber-laser-3015-china-laser-cutting-machine-metal-cutting-machinery\/\" \/>\n<meta property=\"og:locale\" content=\"es_ES\" \/>\n<meta property=\"og:type\" content=\"article\" \/>\n<meta property=\"og:title\" content=\"Fiber Laser 3015 Laser Cutting Machine Metal Cutting Machinery\" \/>\n<meta property=\"og:description\" content=\"Cnc fiber laser cutting machine: Support groove cutting , double chuck clamping, suitable for all kinds of irregular pipe fitts\" \/>\n<meta property=\"og:url\" content=\"https:\/\/aoxuancnc.com\/es\/producto\/fiber-laser-3015-china-laser-cutting-machine-metal-cutting-machinery\/\" \/>\n<meta property=\"og:site_name\" content=\"AOXUANZG\" \/>\n<meta property=\"article:modified_time\" content=\"2025-09-30T06:39:47+00:00\" \/>\n<meta property=\"og:image\" content=\"https:\/\/aoxuancnc.com\/wp-content\/uploads\/2025\/09\/\u4e3b\u56fe-6.jpg\" \/>\n\t<meta property=\"og:image:width\" content=\"800\" \/>\n\t<meta property=\"og:image:height\" content=\"800\" \/>\n\t<meta property=\"og:image:type\" content=\"image\/jpeg\" \/>\n<meta name=\"twitter:card\" content=\"summary_large_image\" \/>\n<meta name=\"twitter:label1\" content=\"Tiempo de lectura\" \/>\n\t<meta name=\"twitter:data1\" content=\"4 minutos\" \/>\n<script type=\"application\/ld+json\" class=\"yoast-schema-graph\">{\"@context\":\"https:\/\/schema.org\",\"@graph\":[{\"@type\":\"WebPage\",\"@id\":\"https:\/\/aoxuancnc.com\/product\/fiber-laser-3015-china-laser-cutting-machine-metal-cutting-machinery\/\",\"url\":\"https:\/\/aoxuancnc.com\/product\/fiber-laser-3015-china-laser-cutting-machine-metal-cutting-machinery\/\",\"name\":\"Fiber Laser 3015 Laser Cutting Machine Metal Cutting Machinery\",\"isPartOf\":{\"@id\":\"http:\/\/aoxuancnc.com\/#website\"},\"primaryImageOfPage\":{\"@id\":\"https:\/\/aoxuancnc.com\/product\/fiber-laser-3015-china-laser-cutting-machine-metal-cutting-machinery\/#primaryimage\"},\"image\":{\"@id\":\"https:\/\/aoxuancnc.com\/product\/fiber-laser-3015-china-laser-cutting-machine-metal-cutting-machinery\/#primaryimage\"},\"thumbnailUrl\":\"https:\/\/aoxuancnc.com\/wp-content\/uploads\/2025\/09\/\u4e3b\u56fe-6.jpg\",\"datePublished\":\"2025-09-30T06:35:41+00:00\",\"dateModified\":\"2025-09-30T06:39:47+00:00\",\"description\":\"Cnc fiber laser cutting machine: Support groove cutting , double chuck clamping, suitable for all kinds of irregular pipe fitts\",\"breadcrumb\":{\"@id\":\"https:\/\/aoxuancnc.com\/product\/fiber-laser-3015-china-laser-cutting-machine-metal-cutting-machinery\/#breadcrumb\"},\"inLanguage\":\"es\",\"potentialAction\":[{\"@type\":\"ReadAction\",\"target\":[\"https:\/\/aoxuancnc.com\/product\/fiber-laser-3015-china-laser-cutting-machine-metal-cutting-machinery\/\"]}]},{\"@type\":\"ImageObject\",\"inLanguage\":\"es\",\"@id\":\"https:\/\/aoxuancnc.com\/product\/fiber-laser-3015-china-laser-cutting-machine-metal-cutting-machinery\/#primaryimage\",\"url\":\"https:\/\/aoxuancnc.com\/wp-content\/uploads\/2025\/09\/\u4e3b\u56fe-6.jpg\",\"contentUrl\":\"https:\/\/aoxuancnc.com\/wp-content\/uploads\/2025\/09\/\u4e3b\u56fe-6.jpg\",\"width\":800,\"height\":800},{\"@type\":\"BreadcrumbList\",\"@id\":\"https:\/\/aoxuancnc.com\/product\/fiber-laser-3015-china-laser-cutting-machine-metal-cutting-machinery\/#breadcrumb\",\"itemListElement\":[{\"@type\":\"ListItem\",\"position\":1,\"name\":\"\u9996\u9875\",\"item\":\"http:\/\/aoxuancnc.com\/\"},{\"@type\":\"ListItem\",\"position\":2,\"name\":\"Product\",\"item\":\"https:\/\/aoxuancnc.com\/ru\/product\/\"},{\"@type\":\"ListItem\",\"position\":3,\"name\":\"Fiber Laser 3015 China Laser Cutting Machine Metal Cutting Machinery\"}]},{\"@type\":\"WebSite\",\"@id\":\"http:\/\/aoxuancnc.com\/#website\",\"url\":\"http:\/\/aoxuancnc.com\/\",\"name\":\"AOXUANZG\",\"description\":\"Anhui Aoxuan Heavy Industry Machine Co., Ltd\",\"potentialAction\":[{\"@type\":\"SearchAction\",\"target\":{\"@type\":\"EntryPoint\",\"urlTemplate\":\"http:\/\/aoxuancnc.com\/?s={search_term_string}\"},\"query-input\":{\"@type\":\"PropertyValueSpecification\",\"valueRequired\":true,\"valueName\":\"search_term_string\"}}],\"inLanguage\":\"es\"}]}<\/script>\n<!-- \/ Yoast SEO plugin. -->","yoast_head_json":{"title":"Fiber Laser 3015 Laser Cutting Machine Metal Cutting Machinery","description":"Cnc fiber laser cutting machine: Support groove cutting , double chuck clamping, suitable for all kinds of irregular pipe fitts","robots":{"index":"index","follow":"follow","max-snippet":"max-snippet:-1","max-image-preview":"max-image-preview:large","max-video-preview":"max-video-preview:-1"},"canonical":"https:\/\/aoxuancnc.com\/es\/producto\/fiber-laser-3015-china-laser-cutting-machine-metal-cutting-machinery\/","og_locale":"es_ES","og_type":"article","og_title":"Fiber Laser 3015 Laser Cutting Machine Metal Cutting Machinery","og_description":"Cnc fiber laser cutting machine: Support groove cutting , double chuck clamping, suitable for all kinds of irregular pipe fitts","og_url":"https:\/\/aoxuancnc.com\/es\/producto\/fiber-laser-3015-china-laser-cutting-machine-metal-cutting-machinery\/","og_site_name":"AOXUANZG","article_modified_time":"2025-09-30T06:39:47+00:00","og_image":[{"width":800,"height":800,"url":"https:\/\/aoxuancnc.com\/wp-content\/uploads\/2025\/09\/\u4e3b\u56fe-6.jpg","type":"image\/jpeg"}],"twitter_card":"summary_large_image","twitter_misc":{"Tiempo de lectura":"4 minutos"},"schema":{"@context":"https:\/\/schema.org","@graph":[{"@type":"WebPage","@id":"https:\/\/aoxuancnc.com\/product\/fiber-laser-3015-china-laser-cutting-machine-metal-cutting-machinery\/","url":"https:\/\/aoxuancnc.com\/product\/fiber-laser-3015-china-laser-cutting-machine-metal-cutting-machinery\/","name":"Fiber Laser 3015 Laser Cutting Machine Metal Cutting Machinery","isPartOf":{"@id":"http:\/\/aoxuancnc.com\/#website"},"primaryImageOfPage":{"@id":"https:\/\/aoxuancnc.com\/product\/fiber-laser-3015-china-laser-cutting-machine-metal-cutting-machinery\/#primaryimage"},"image":{"@id":"https:\/\/aoxuancnc.com\/product\/fiber-laser-3015-china-laser-cutting-machine-metal-cutting-machinery\/#primaryimage"},"thumbnailUrl":"https:\/\/aoxuancnc.com\/wp-content\/uploads\/2025\/09\/\u4e3b\u56fe-6.jpg","datePublished":"2025-09-30T06:35:41+00:00","dateModified":"2025-09-30T06:39:47+00:00","description":"Cnc fiber laser cutting machine: Support groove cutting , double chuck clamping, suitable for all kinds of irregular pipe fitts","breadcrumb":{"@id":"https:\/\/aoxuancnc.com\/product\/fiber-laser-3015-china-laser-cutting-machine-metal-cutting-machinery\/#breadcrumb"},"inLanguage":"es","potentialAction":[{"@type":"ReadAction","target":["https:\/\/aoxuancnc.com\/product\/fiber-laser-3015-china-laser-cutting-machine-metal-cutting-machinery\/"]}]},{"@type":"ImageObject","inLanguage":"es","@id":"https:\/\/aoxuancnc.com\/product\/fiber-laser-3015-china-laser-cutting-machine-metal-cutting-machinery\/#primaryimage","url":"https:\/\/aoxuancnc.com\/wp-content\/uploads\/2025\/09\/\u4e3b\u56fe-6.jpg","contentUrl":"https:\/\/aoxuancnc.com\/wp-content\/uploads\/2025\/09\/\u4e3b\u56fe-6.jpg","width":800,"height":800},{"@type":"BreadcrumbList","@id":"https:\/\/aoxuancnc.com\/product\/fiber-laser-3015-china-laser-cutting-machine-metal-cutting-machinery\/#breadcrumb","itemListElement":[{"@type":"ListItem","position":1,"name":"\u9996\u9875","item":"http:\/\/aoxuancnc.com\/"},{"@type":"ListItem","position":2,"name":"Product","item":"https:\/\/aoxuancnc.com\/ru\/product\/"},{"@type":"ListItem","position":3,"name":"Fiber Laser 3015 China Laser Cutting Machine Metal Cutting Machinery"}]},{"@type":"WebSite","@id":"http:\/\/aoxuancnc.com\/#website","url":"http:\/\/aoxuancnc.com\/","name":"AOXUANZG","description":"Anhui Aoxuan Heavy Industry Machine Co., Ltd","potentialAction":[{"@type":"SearchAction","target":{"@type":"EntryPoint","urlTemplate":"http:\/\/aoxuancnc.com\/?s={search_term_string}"},"query-input":{"@type":"PropertyValueSpecification","valueRequired":true,"valueName":"search_term_string"}}],"inLanguage":"es"}]}},"_links":{"self":[{"href":"https:\/\/aoxuancnc.com\/es\/wp-json\/wp\/v2\/product\/886","targetHints":{"allow":["GET"]}}],"collection":[{"href":"https:\/\/aoxuancnc.com\/es\/wp-json\/wp\/v2\/product"}],"about":[{"href":"https:\/\/aoxuancnc.com\/es\/wp-json\/wp\/v2\/types\/product"}],"wp:featuredmedia":[{"embeddable":true,"href":"https:\/\/aoxuancnc.com\/es\/wp-json\/wp\/v2\/media\/877"}],"wp:attachment":[{"href":"https:\/\/aoxuancnc.com\/es\/wp-json\/wp\/v2\/media?parent=886"}],"wp:term":[{"taxonomy":"product_brand","embeddable":true,"href":"https:\/\/aoxuancnc.com\/es\/wp-json\/wp\/v2\/product_brand?post=886"},{"taxonomy":"product_cat","embeddable":true,"href":"https:\/\/aoxuancnc.com\/es\/wp-json\/wp\/v2\/product_cat?post=886"},{"taxonomy":"product_tag","embeddable":true,"href":"https:\/\/aoxuancnc.com\/es\/wp-json\/wp\/v2\/product_tag?post=886"}],"curies":[{"name":"wp","href":"https:\/\/api.w.org\/{rel}","templated":true}]}}