{"id":919,"date":"2025-10-08T09:27:54","date_gmt":"2025-10-08T09:27:54","guid":{"rendered":"https:\/\/aoxuancnc.com\/?post_type=product&#038;p=919"},"modified":"2025-10-08T10:23:30","modified_gmt":"2025-10-08T10:23:30","slug":"two-cavities-aluminum-foil-lunch-containers-semi-automatic-production-line","status":"publish","type":"product","link":"https:\/\/aoxuancnc.com\/es\/producto\/two-cavities-aluminum-foil-lunch-containers-semi-automatic-production-line\/","title":{"rendered":"L\u00ednea de producci\u00f3n semiautom\u00e1tica de contenedores de almuerzo de aluminio de dos cavidades"},"content":{"rendered":"<p><iframe loading=\"lazy\" title=\"L\u00ednea de producci\u00f3n de contenedores de papel de aluminio cuadrados con moldes de dos cavidades\" width=\"1220\" height=\"686\" src=\"https:\/\/www.youtube.com\/embed\/b7ABVuCCwSU?feature=oembed\" frameborder=\"0\" allow=\"accelerometer; autoplay; clipboard-write; encrypted-media; gyroscope; picture-in-picture; web-share\" referrerpolicy=\"strict-origin-when-cross-origin\" allowfullscreen><\/iframe><\/p>\n<p>&nbsp;<\/p>\n<p><strong>Introducci\u00f3n del producto:<\/strong><\/p>\n<p>&nbsp;<\/p>\n<h3><strong>Descripci\u00f3n general de la l\u00ednea de producci\u00f3n autom\u00e1tica de loncheras de papel de aluminio<\/strong><\/h3>\n<p class=\"ds-markdown-paragraph\">Este sistema integrado combina ingenier\u00eda de precisi\u00f3n con eficiencia automatizada para satisfacer diversas necesidades de fabricaci\u00f3n.<\/p>\n<h4><strong>1. Componentes principales del sistema<\/strong><\/h4>\n<p class=\"ds-markdown-paragraph\">La l\u00ednea de producci\u00f3n integra m\u00faltiples subsistemas coordinados, comenzando con un sistema de alimentaci\u00f3n autom\u00e1tica equipado con un tanque de aceite. El material se traslada a una punzonadora neum\u00e1tica de alta precisi\u00f3n y a un molde multicavidad personalizado para su conformado. Posteriormente, un apilador multipista organiza los productos terminados, mientras que un sistema de desechos sincronizado gestiona el material sobrante.<\/p>\n<h4><strong>2. Ventajas operativas clave<\/strong><\/h4>\n<p class=\"ds-markdown-paragraph\"><b>\u00a0<\/b><br \/>\nSu dise\u00f1o integrado garantiza alta precisi\u00f3n, eficiencia y m\u00ednimo desperdicio. Por ello, se ha convertido en la opci\u00f3n preferida de las pymes que buscan una soluci\u00f3n de producci\u00f3n fiable y rentable.<\/p>\n<h4><strong>3. Versatilidad y capacidades de producci\u00f3n<\/strong><\/h4>\n<p class=\"ds-markdown-paragraph\">La l\u00ednea es capaz de fabricar una gama de productos de papel de aluminio, desde loncheras con m\u00faltiples cavidades hasta c\u00e1psulas de caf\u00e9.<\/p>\n<p><img loading=\"lazy\" decoding=\"async\" class=\"alignnone size-full wp-image-921\" src=\"https:\/\/aoxuancnc.com\/wp-content\/uploads\/2025\/10\/Aluminum-foil-lunch-box-production-line-scaled-e1759916787625.jpg\" alt=\"\" width=\"900\" height=\"900\" \/><\/p>\n<p><strong>Componentes semiautom\u00e1ticos:<\/strong><\/p>\n<p>1. Alimentador autom\u00e1tico.<br \/>\n2. Prensa neum\u00e1tica marca Aoxuanzg 45\/63\/80T.<br \/>\n3. Moldes de una cavidad \/ 2 cavidades \/ 3 cavidades.<\/p>\n<p>4, Compresor de aire.<\/p>\n<p><img loading=\"lazy\" decoding=\"async\" class=\"alignnone wp-image-922 size-full\" src=\"https:\/\/aoxuancnc.com\/wp-content\/uploads\/2025\/10\/Aluminum-foil-lunch-box-production-line-2-scaled-e1759916907503.jpg\" alt=\"\" width=\"800\" height=\"800\" \/><\/p>\n<p><b>\u00a0<\/b><\/p>\n<p class=\"ds-markdown-paragraph\"><strong>Caracter\u00edsticas t\u00e9cnicas y ventajas<\/strong><\/p>\n<ol start=\"1\">\n<li>\n<p class=\"ds-markdown-paragraph\">Nuestro alimentador servocontrolado mantiene autom\u00e1ticamente la tensi\u00f3n adecuada para garantizar un manejo confiable de materiales delicados.<\/p>\n<\/li>\n<li>\n<p class=\"ds-markdown-paragraph\">Los operadores pueden ajustar f\u00e1cilmente la posici\u00f3n de la l\u00e1mina y minimizar el desperdicio de material durante la configuraci\u00f3n.<\/p>\n<\/li>\n<li>\n<p class=\"ds-markdown-paragraph\">El dise\u00f1o optimizado del tanque de aceite reduce el consumo de combustible a 5 litros por tonelada y reduce significativamente los costos operativos.<\/p>\n<\/li>\n<li>\n<p class=\"ds-markdown-paragraph\">Una programaci\u00f3n sencilla permite realizar ajustes r\u00e1pidos en el apilador, lo que requiere un m\u00ednimo de personal para el funcionamiento de toda la l\u00ednea.<\/p>\n<\/li>\n<li>\n<p class=\"ds-markdown-paragraph\">El sistema PLC inteligente almacena 50 perfiles de molde para cambios r\u00e1pidos.<\/p>\n<\/li>\n<li>\n<p class=\"ds-markdown-paragraph\">Actualizamos continuamente nuestras m\u00e1quinas y moldes, logrando entornos de producci\u00f3n m\u00e1s silenciosos.<\/p>\n<\/li>\n<\/ol>\n<p>&nbsp;<\/p>\n<p><img loading=\"lazy\" decoding=\"async\" class=\"alignnone size-full wp-image-923\" src=\"https:\/\/aoxuancnc.com\/wp-content\/uploads\/2025\/10\/16500041811.png\" alt=\"\" width=\"800\" height=\"374\" srcset=\"https:\/\/aoxuancnc.com\/wp-content\/uploads\/2025\/10\/16500041811.png 800w, https:\/\/aoxuancnc.com\/wp-content\/uploads\/2025\/10\/16500041811-500x234.png 500w, https:\/\/aoxuancnc.com\/wp-content\/uploads\/2025\/10\/16500041811-300x140.png 300w, https:\/\/aoxuancnc.com\/wp-content\/uploads\/2025\/10\/16500041811-768x359.png 768w, https:\/\/aoxuancnc.com\/wp-content\/uploads\/2025\/10\/16500041811-18x8.png 18w, https:\/\/aoxuancnc.com\/wp-content\/uploads\/2025\/10\/16500041811-150x70.png 150w, https:\/\/aoxuancnc.com\/wp-content\/uploads\/2025\/10\/16500041811-480x224.png 480w\" sizes=\"auto, (max-width:767px) 480px, (max-width:800px) 100vw, 800px\" \/><\/p>\n<p><strong>Par\u00e1metro:<\/strong><\/p>\n<p><img loading=\"lazy\" decoding=\"async\" class=\"alignnone wp-image-292 size-full\" src=\"https:\/\/aoxuancnc.com\/wp-content\/uploads\/2025\/06\/\u5fae\u4fe1\u622a\u56fe_20250829101955.jpg\" alt=\"\" width=\"702\" height=\"822\" srcset=\"https:\/\/aoxuancnc.com\/wp-content\/uploads\/2025\/06\/\u5fae\u4fe1\u622a\u56fe_20250829101955.jpg 702w, https:\/\/aoxuancnc.com\/wp-content\/uploads\/2025\/06\/\u5fae\u4fe1\u622a\u56fe_20250829101955-427x500.jpg 427w, https:\/\/aoxuancnc.com\/wp-content\/uploads\/2025\/06\/\u5fae\u4fe1\u622a\u56fe_20250829101955-256x300.jpg 256w, https:\/\/aoxuancnc.com\/wp-content\/uploads\/2025\/06\/\u5fae\u4fe1\u622a\u56fe_20250829101955-10x12.jpg 10w, https:\/\/aoxuancnc.com\/wp-content\/uploads\/2025\/06\/\u5fae\u4fe1\u622a\u56fe_20250829101955-64x75.jpg 64w, https:\/\/aoxuancnc.com\/wp-content\/uploads\/2025\/06\/\u5fae\u4fe1\u622a\u56fe_20250829101955-480x562.jpg 480w\" sizes=\"auto, (max-width:767px) 480px, 702px\" \/><\/p>\n<p><strong>Moldes:<\/strong><br \/>\n1. Los moldes que dise\u00f1amos y producimos son adecuados para todo tipo de m\u00e1quina o prensa.<br \/>\n2. Fabricamos moldes con acero de la mejor calidad en China. Algunas \u00e1reas principales del molde se someten a un tratamiento t\u00e9rmico de alta temperatura para lograr la dureza adecuada, lo que garantiza la m\u00e1xima calidad y una larga vida \u00fatil.<br \/>\n3. Para satisfacer los diversos requisitos de los clientes, dise\u00f1amos y fabricamos moldes en diversas especificaciones de llantas.<br \/>\n4. Podemos dise\u00f1ar y producir el molde en cavidades m\u00faltiples, 1, 2, 3, 4 cavidades o m\u00e1s. No importa si se trata de un contenedor de un compartimento o de un contenedor de m\u00faltiples compartimentos.<br \/>\n5. Podemos imprimir sus logotipos preferidos a pedido.<br \/>\n6. El dise\u00f1o cient\u00edfico permite controlar adecuadamente la tasa de corte.<br \/>\n7. Formas de contenedores: cuadrados, rectangulares, circulares, ovalados, formas especiales, etc.<\/p>\n<p><img loading=\"lazy\" decoding=\"async\" class=\"alignnone size-full wp-image-924\" src=\"https:\/\/aoxuancnc.com\/wp-content\/uploads\/2025\/10\/foil-container-production-line-packing-scaled-e1759917732718.jpg\" alt=\"\" width=\"900\" height=\"675\" \/><\/p>\n<p><strong>Embalaje:<\/strong><br \/>\n1. Todas las m\u00e1quinas se someten a rigurosas pruebas previas al env\u00edo para garantizar una estabilidad y precisi\u00f3n constantes. Este exhaustivo proceso de verificaci\u00f3n garantiza un rendimiento fiable en todos los entornos de producci\u00f3n.<br \/>\n2. Despu\u00e9s de la prueba, las m\u00e1quinas se envolver\u00e1n con una l\u00e1mina de pl\u00e1stico.<br \/>\n3,a,Tama\u00f1o peque\u00f1o: cuidadosamente embalado en cajas de madera;<br \/>\nb, Tama\u00f1o grande: la m\u00e1quina se conectar\u00e1 de forma segura al contenedor mediante alambre de acero.<\/p>\n<p>&nbsp;<\/p>\n<p><strong>Para m\u00e1s informaci\u00f3n por favor cont\u00e1ctame ~*^-^*<\/strong><\/p>\n<p>&nbsp;<\/p>","protected":false},"excerpt":{"rendered":"<p><strong>Detalles del producto<\/strong><br \/>\nLugar de origen: China<br \/>\nMarca: AOXUANZG<br \/>\nCertificaci\u00f3n: CE<br \/>\nN\u00famero de modelo: JF21-45<\/p>\n<p><strong>Condiciones de pago y env\u00edo<\/strong><br \/>\nCantidad m\u00ednima de pedido: 1 juego<br \/>\nPrecio: $23000-$50000\/Set<br \/>\nDetalles del embalaje: embalaje de exportaci\u00f3n est\u00e1ndar<br \/>\nPlazo de entrega: 50-60 d\u00edas<br \/>\nCondiciones de pago: L\/C, T\/T, Western Union, MoneyGram<br \/>\nCapacidad de suministro: 50 juegos\/a\u00f1o<\/p>","protected":false},"featured_media":180,"template":"","meta":[],"product_brand":[21],"product_cat":[6],"product_tag":[22,23,24],"class_list":{"0":"post-919","1":"product","2":"type-product","3":"status-publish","4":"has-post-thumbnail","6":"product_brand-aoxuanzg","7":"product_cat-cnc-pneumatic-punching-machine","8":"product_tag-aluminum-foil-lunch-containers-full-automatic-production-line","9":"product_tag-aluminum-foil-lunch-containers-production-line","10":"product_tag-pneumatic-punching-machine","12":"first","13":"instock","14":"featured","15":"shipping-taxable","16":"product-type-external"},"yoast_head":"<!-- This site is optimized with the Yoast SEO plugin v24.9 - https:\/\/yoast.com\/wordpress\/plugins\/seo\/ -->\n<title>Two Cavities Aluminum Foil Lunch Containers Semi Automatic Production Line - AOXUANZG<\/title>\n<meta name=\"robots\" content=\"index, follow, max-snippet:-1, max-image-preview:large, max-video-preview:-1\" \/>\n<link rel=\"canonical\" href=\"https:\/\/aoxuancnc.com\/es\/producto\/two-cavities-aluminum-foil-lunch-containers-semi-automatic-production-line\/\" \/>\n<meta property=\"og:locale\" content=\"es_ES\" \/>\n<meta property=\"og:type\" content=\"article\" \/>\n<meta property=\"og:title\" content=\"Two Cavities Aluminum Foil Lunch Containers Semi Automatic Production Line - AOXUANZG\" \/>\n<meta property=\"og:description\" content=\"Product Details Place of Origin: China Brand Name: AOXUANZG Certification: CE Model Number: JF21-45  Payment &amp; Shipping Terms Minimum Order Quantity: 1 Set Price: $23000-$50000\/Set Packaging Details: Standard export packing Delivery time: 50-60 days Payment Terms: L\/C, T\/T, Western Union, MoneyGram Supply Ability: 50sets\/Year\" \/>\n<meta property=\"og:url\" content=\"https:\/\/aoxuancnc.com\/es\/producto\/two-cavities-aluminum-foil-lunch-containers-semi-automatic-production-line\/\" \/>\n<meta property=\"og:site_name\" content=\"AOXUANZG\" \/>\n<meta property=\"article:modified_time\" content=\"2025-10-08T10:23:30+00:00\" \/>\n<meta property=\"og:image\" content=\"https:\/\/aoxuancnc.com\/wp-content\/uploads\/2025\/06\/pl71366147-.webp\" \/>\n\t<meta property=\"og:image:width\" content=\"800\" \/>\n\t<meta property=\"og:image:height\" content=\"800\" \/>\n\t<meta property=\"og:image:type\" content=\"image\/webp\" \/>\n<meta name=\"twitter:card\" content=\"summary_large_image\" \/>\n<meta name=\"twitter:label1\" content=\"Tiempo de lectura\" \/>\n\t<meta name=\"twitter:data1\" content=\"4 minutos\" \/>\n<script type=\"application\/ld+json\" class=\"yoast-schema-graph\">{\"@context\":\"https:\/\/schema.org\",\"@graph\":[{\"@type\":\"WebPage\",\"@id\":\"https:\/\/aoxuancnc.com\/product\/two-cavities-aluminum-foil-lunch-containers-semi-automatic-production-line\/\",\"url\":\"https:\/\/aoxuancnc.com\/product\/two-cavities-aluminum-foil-lunch-containers-semi-automatic-production-line\/\",\"name\":\"Two Cavities Aluminum Foil Lunch Containers Semi Automatic Production Line - AOXUANZG\",\"isPartOf\":{\"@id\":\"http:\/\/aoxuancnc.com\/#website\"},\"primaryImageOfPage\":{\"@id\":\"https:\/\/aoxuancnc.com\/product\/two-cavities-aluminum-foil-lunch-containers-semi-automatic-production-line\/#primaryimage\"},\"image\":{\"@id\":\"https:\/\/aoxuancnc.com\/product\/two-cavities-aluminum-foil-lunch-containers-semi-automatic-production-line\/#primaryimage\"},\"thumbnailUrl\":\"https:\/\/aoxuancnc.com\/wp-content\/uploads\/2025\/06\/pl71366147-.webp\",\"datePublished\":\"2025-10-08T09:27:54+00:00\",\"dateModified\":\"2025-10-08T10:23:30+00:00\",\"breadcrumb\":{\"@id\":\"https:\/\/aoxuancnc.com\/product\/two-cavities-aluminum-foil-lunch-containers-semi-automatic-production-line\/#breadcrumb\"},\"inLanguage\":\"es\",\"potentialAction\":[{\"@type\":\"ReadAction\",\"target\":[\"https:\/\/aoxuancnc.com\/product\/two-cavities-aluminum-foil-lunch-containers-semi-automatic-production-line\/\"]}]},{\"@type\":\"ImageObject\",\"inLanguage\":\"es\",\"@id\":\"https:\/\/aoxuancnc.com\/product\/two-cavities-aluminum-foil-lunch-containers-semi-automatic-production-line\/#primaryimage\",\"url\":\"https:\/\/aoxuancnc.com\/wp-content\/uploads\/2025\/06\/pl71366147-.webp\",\"contentUrl\":\"https:\/\/aoxuancnc.com\/wp-content\/uploads\/2025\/06\/pl71366147-.webp\",\"width\":800,\"height\":800},{\"@type\":\"BreadcrumbList\",\"@id\":\"https:\/\/aoxuancnc.com\/product\/two-cavities-aluminum-foil-lunch-containers-semi-automatic-production-line\/#breadcrumb\",\"itemListElement\":[{\"@type\":\"ListItem\",\"position\":1,\"name\":\"\u9996\u9875\",\"item\":\"http:\/\/aoxuancnc.com\/\"},{\"@type\":\"ListItem\",\"position\":2,\"name\":\"Product\",\"item\":\"https:\/\/aoxuancnc.com\/ru\/product\/\"},{\"@type\":\"ListItem\",\"position\":3,\"name\":\"Two Cavities Aluminum Foil Lunch Containers Semi Automatic Production Line\"}]},{\"@type\":\"WebSite\",\"@id\":\"http:\/\/aoxuancnc.com\/#website\",\"url\":\"http:\/\/aoxuancnc.com\/\",\"name\":\"AOXUANZG\",\"description\":\"Anhui Aoxuan Heavy Industry Machine Co., Ltd\",\"potentialAction\":[{\"@type\":\"SearchAction\",\"target\":{\"@type\":\"EntryPoint\",\"urlTemplate\":\"http:\/\/aoxuancnc.com\/?s={search_term_string}\"},\"query-input\":{\"@type\":\"PropertyValueSpecification\",\"valueRequired\":true,\"valueName\":\"search_term_string\"}}],\"inLanguage\":\"es\"}]}<\/script>\n<!-- \/ Yoast SEO plugin. -->","yoast_head_json":{"title":"Two Cavities Aluminum Foil Lunch Containers Semi Automatic Production Line - AOXUANZG","robots":{"index":"index","follow":"follow","max-snippet":"max-snippet:-1","max-image-preview":"max-image-preview:large","max-video-preview":"max-video-preview:-1"},"canonical":"https:\/\/aoxuancnc.com\/es\/producto\/two-cavities-aluminum-foil-lunch-containers-semi-automatic-production-line\/","og_locale":"es_ES","og_type":"article","og_title":"Two Cavities Aluminum Foil Lunch Containers Semi Automatic Production Line - AOXUANZG","og_description":"Product Details Place of Origin: China Brand Name: AOXUANZG Certification: CE Model Number: JF21-45  Payment &amp; Shipping Terms Minimum Order Quantity: 1 Set Price: $23000-$50000\/Set Packaging Details: Standard export packing Delivery time: 50-60 days Payment Terms: L\/C, T\/T, Western Union, MoneyGram Supply Ability: 50sets\/Year","og_url":"https:\/\/aoxuancnc.com\/es\/producto\/two-cavities-aluminum-foil-lunch-containers-semi-automatic-production-line\/","og_site_name":"AOXUANZG","article_modified_time":"2025-10-08T10:23:30+00:00","og_image":[{"width":800,"height":800,"url":"https:\/\/aoxuancnc.com\/wp-content\/uploads\/2025\/06\/pl71366147-.webp","type":"image\/webp"}],"twitter_card":"summary_large_image","twitter_misc":{"Tiempo de lectura":"4 minutos"},"schema":{"@context":"https:\/\/schema.org","@graph":[{"@type":"WebPage","@id":"https:\/\/aoxuancnc.com\/product\/two-cavities-aluminum-foil-lunch-containers-semi-automatic-production-line\/","url":"https:\/\/aoxuancnc.com\/product\/two-cavities-aluminum-foil-lunch-containers-semi-automatic-production-line\/","name":"Two Cavities Aluminum Foil Lunch Containers Semi Automatic Production Line - AOXUANZG","isPartOf":{"@id":"http:\/\/aoxuancnc.com\/#website"},"primaryImageOfPage":{"@id":"https:\/\/aoxuancnc.com\/product\/two-cavities-aluminum-foil-lunch-containers-semi-automatic-production-line\/#primaryimage"},"image":{"@id":"https:\/\/aoxuancnc.com\/product\/two-cavities-aluminum-foil-lunch-containers-semi-automatic-production-line\/#primaryimage"},"thumbnailUrl":"https:\/\/aoxuancnc.com\/wp-content\/uploads\/2025\/06\/pl71366147-.webp","datePublished":"2025-10-08T09:27:54+00:00","dateModified":"2025-10-08T10:23:30+00:00","breadcrumb":{"@id":"https:\/\/aoxuancnc.com\/product\/two-cavities-aluminum-foil-lunch-containers-semi-automatic-production-line\/#breadcrumb"},"inLanguage":"es","potentialAction":[{"@type":"ReadAction","target":["https:\/\/aoxuancnc.com\/product\/two-cavities-aluminum-foil-lunch-containers-semi-automatic-production-line\/"]}]},{"@type":"ImageObject","inLanguage":"es","@id":"https:\/\/aoxuancnc.com\/product\/two-cavities-aluminum-foil-lunch-containers-semi-automatic-production-line\/#primaryimage","url":"https:\/\/aoxuancnc.com\/wp-content\/uploads\/2025\/06\/pl71366147-.webp","contentUrl":"https:\/\/aoxuancnc.com\/wp-content\/uploads\/2025\/06\/pl71366147-.webp","width":800,"height":800},{"@type":"BreadcrumbList","@id":"https:\/\/aoxuancnc.com\/product\/two-cavities-aluminum-foil-lunch-containers-semi-automatic-production-line\/#breadcrumb","itemListElement":[{"@type":"ListItem","position":1,"name":"\u9996\u9875","item":"http:\/\/aoxuancnc.com\/"},{"@type":"ListItem","position":2,"name":"Product","item":"https:\/\/aoxuancnc.com\/ru\/product\/"},{"@type":"ListItem","position":3,"name":"Two Cavities Aluminum Foil Lunch Containers Semi Automatic Production Line"}]},{"@type":"WebSite","@id":"http:\/\/aoxuancnc.com\/#website","url":"http:\/\/aoxuancnc.com\/","name":"AOXUANZG","description":"Anhui Aoxuan Heavy Industry Machine Co., Ltd","potentialAction":[{"@type":"SearchAction","target":{"@type":"EntryPoint","urlTemplate":"http:\/\/aoxuancnc.com\/?s={search_term_string}"},"query-input":{"@type":"PropertyValueSpecification","valueRequired":true,"valueName":"search_term_string"}}],"inLanguage":"es"}]}},"_links":{"self":[{"href":"https:\/\/aoxuancnc.com\/es\/wp-json\/wp\/v2\/product\/919","targetHints":{"allow":["GET"]}}],"collection":[{"href":"https:\/\/aoxuancnc.com\/es\/wp-json\/wp\/v2\/product"}],"about":[{"href":"https:\/\/aoxuancnc.com\/es\/wp-json\/wp\/v2\/types\/product"}],"wp:featuredmedia":[{"embeddable":true,"href":"https:\/\/aoxuancnc.com\/es\/wp-json\/wp\/v2\/media\/180"}],"wp:attachment":[{"href":"https:\/\/aoxuancnc.com\/es\/wp-json\/wp\/v2\/media?parent=919"}],"wp:term":[{"taxonomy":"product_brand","embeddable":true,"href":"https:\/\/aoxuancnc.com\/es\/wp-json\/wp\/v2\/product_brand?post=919"},{"taxonomy":"product_cat","embeddable":true,"href":"https:\/\/aoxuancnc.com\/es\/wp-json\/wp\/v2\/product_cat?post=919"},{"taxonomy":"product_tag","embeddable":true,"href":"https:\/\/aoxuancnc.com\/es\/wp-json\/wp\/v2\/product_tag?post=919"}],"curies":[{"name":"wp","href":"https:\/\/api.w.org\/{rel}","templated":true}]}}